{"id":1863,"date":"2017-11-20T08:39:56","date_gmt":"2017-11-20T08:39:56","guid":{"rendered":"https:\/\/masterchem.es\/startseite\/"},"modified":"2023-01-03T14:15:44","modified_gmt":"2023-01-03T14:15:44","slug":"home-2","status":"publish","type":"page","link":"https:\/\/masterchem.es\/de\/","title":{"rendered":"Startseite"},"content":{"rendered":"<section class=\"wpb-content-wrapper\"><p>[vc_row][vc_column offset=&#8220;vc_col-lg-2 vc_col-md-12&#8243;][vc_empty_space height=&#8220;20px&#8220;][\/vc_column][vc_column offset=&#8220;vc_col-lg-10 vc_col-md-12&#8243;][vc_empty_space height=&#8220;20px&#8220;][apus_products_tabs number=&#8220;20&#8243; layout_type=&#8220;carousel&#8220; columns=&#8220;5&#8243; rows=&#8220;1&#8243; show_pagination=&#8220;yes&#8220; tabs=&#8220;%5B%7B%22title%22%3A%22New%20Arrivals%22%2C%22type%22%3A%22recent_product%22%7D%2C%7B%22title%22%3A%22On%20Sale%22%2C%22type%22%3A%22on_sale%22%7D%2C%7B%22title%22%3A%22Top%20Rate%22%2C%22type%22%3A%22top_rate%22%7D%5D&#8220;][apus_products number=&#8220;10&#8243; layout_type=&#8220;carousel&#8220; columns=&#8220;4&#8243; rows=&#8220;2&#8243; product_style=&#8220;inner-list-small&#8220; show_nav=&#8220;yes&#8220; title=&#8220;Recently Viewed Products&#8220;][\/vc_column][\/vc_row]<\/p>\n<\/section>","protected":false},"excerpt":{"rendered":"<p>[vc_row][vc_column offset=&#8220;vc_col-lg-2 vc_col-md-12&#8243;][vc_empty_space height=&#8220;20px&#8220;][\/vc_column][vc_column offset=&#8220;vc_col-lg-10 vc_col-md-12&#8243;][vc_empty_space height=&#8220;20px&#8220;][apus_products_tabs number=&#8220;20&#8243; layout_type=&#8220;carousel&#8220; columns=&#8220;5&#8243; rows=&#8220;1&#8243; show_pagination=&#8220;yes&#8220; tabs=&#8220;%5B%7B%22title%22%3A%22New%20Arrivals%22%2C%22type%22%3A%22recent_product%22%7D%2C%7B%22title%22%3A%22On%20Sale%22%2C%22type%22%3A%22on_sale%22%7D%2C%7B%22title%22%3A%22Top%20Rate%22%2C%22type%22%3A%22top_rate%22%7D%5D&#8220;][apus_products number=&#8220;10&#8243; layout_type=&#8220;carousel&#8220; columns=&#8220;4&#8243; rows=&#8220;2&#8243; product_style=&#8220;inner-list-small&#8220; show_nav=&#8220;yes&#8220; title=&#8220;Recently Viewed Products&#8220;][\/vc_column][\/vc_row]<\/p>\n","protected":false},"author":2,"featured_media":0,"parent":0,"menu_order":0,"comment_status":"closed","ping_status":"closed","template":"","meta":{"footnotes":""},"class_list":["post-1863","page","type-page","status-publish","hentry"],"yoast_head":"<!-- This site is optimized with the Yoast SEO plugin v27.4 - https:\/\/yoast.com\/product\/yoast-seo-wordpress\/ -->\n<title>Startseite - MasterChem<\/title>\n<meta name=\"description\" content=\"Masterchem es un fabricante y proveedor de productos qu\u00edmicos. Buenos precios de las materias primas. Reembalaje, transporte, almacenamiento. Entrega de productos qu\u00edmicos a Escandinavia, los pa\u00edses b\u00e1lticos, Europa y Rusia. Una amplia selecci\u00f3n de productos qu\u00edmicos.\" \/>\n<meta name=\"robots\" content=\"index, follow, max-snippet:-1, max-image-preview:large, max-video-preview:-1\" \/>\n<link rel=\"canonical\" href=\"https:\/\/masterchem.es\/de\/\" \/>\n<meta property=\"og:locale\" content=\"de_DE\" \/>\n<meta property=\"og:type\" content=\"article\" \/>\n<meta property=\"og:title\" content=\"Startseite - MasterChem\" \/>\n<meta property=\"og:description\" content=\"Masterchem es un fabricante y proveedor de productos qu\u00edmicos. Buenos precios de las materias primas. Reembalaje, transporte, almacenamiento. Entrega de productos qu\u00edmicos a Escandinavia, los pa\u00edses b\u00e1lticos, Europa y Rusia. Una amplia selecci\u00f3n de productos qu\u00edmicos.\" \/>\n<meta property=\"og:url\" content=\"https:\/\/masterchem.es\/de\/\" \/>\n<meta property=\"og:site_name\" content=\"MasterChem\" \/>\n<meta property=\"article:modified_time\" content=\"2023-01-03T14:15:44+00:00\" \/>\n<meta name=\"twitter:card\" content=\"summary_large_image\" \/>\n<meta name=\"twitter:label1\" content=\"Gesch\u00e4tzte Lesezeit\" \/>\n\t<meta name=\"twitter:data1\" content=\"1 Minute\" \/>\n<script type=\"application\/ld+json\" class=\"yoast-schema-graph\">{\"@context\":\"https:\\\/\\\/schema.org\",\"@graph\":[{\"@type\":\"WebPage\",\"@id\":\"https:\\\/\\\/masterchem.es\\\/de\\\/\",\"url\":\"https:\\\/\\\/masterchem.es\\\/de\\\/\",\"name\":\"Startseite - MasterChem\",\"isPartOf\":{\"@id\":\"https:\\\/\\\/masterchem.es\\\/de\\\/#website\"},\"datePublished\":\"2017-11-20T08:39:56+00:00\",\"dateModified\":\"2023-01-03T14:15:44+00:00\",\"description\":\"Masterchem es un fabricante y proveedor de productos qu\u00edmicos. Buenos precios de las materias primas. Reembalaje, transporte, almacenamiento. Entrega de productos qu\u00edmicos a Escandinavia, los pa\u00edses b\u00e1lticos, Europa y Rusia. Una amplia selecci\u00f3n de productos qu\u00edmicos.\",\"breadcrumb\":{\"@id\":\"https:\\\/\\\/masterchem.es\\\/de\\\/#breadcrumb\"},\"inLanguage\":\"de-DE\",\"potentialAction\":[{\"@type\":\"ReadAction\",\"target\":[\"https:\\\/\\\/masterchem.es\\\/de\\\/\"]}]},{\"@type\":\"BreadcrumbList\",\"@id\":\"https:\\\/\\\/masterchem.es\\\/de\\\/#breadcrumb\",\"itemListElement\":[{\"@type\":\"ListItem\",\"position\":1,\"name\":\"Home\",\"item\":\"https:\\\/\\\/masterchem.es\\\/de\\\/\"},{\"@type\":\"ListItem\",\"position\":2,\"name\":\"Startseite\"}]},{\"@type\":\"WebSite\",\"@id\":\"https:\\\/\\\/masterchem.es\\\/de\\\/#website\",\"url\":\"https:\\\/\\\/masterchem.es\\\/de\\\/\",\"name\":\"MasterChem\",\"description\":\"proveedor de productos qu&iacute;micos\",\"potentialAction\":[{\"@type\":\"SearchAction\",\"target\":{\"@type\":\"EntryPoint\",\"urlTemplate\":\"https:\\\/\\\/masterchem.es\\\/de\\\/?s={search_term_string}\"},\"query-input\":{\"@type\":\"PropertyValueSpecification\",\"valueRequired\":true,\"valueName\":\"search_term_string\"}}],\"inLanguage\":\"de-DE\"}]}<\/script>\n<!-- \/ Yoast SEO plugin. -->","yoast_head_json":{"title":"Startseite - MasterChem","description":"Masterchem es un fabricante y proveedor de productos qu\u00edmicos. Buenos precios de las materias primas. Reembalaje, transporte, almacenamiento. Entrega de productos qu\u00edmicos a Escandinavia, los pa\u00edses b\u00e1lticos, Europa y Rusia. Una amplia selecci\u00f3n de productos qu\u00edmicos.","robots":{"index":"index","follow":"follow","max-snippet":"max-snippet:-1","max-image-preview":"max-image-preview:large","max-video-preview":"max-video-preview:-1"},"canonical":"https:\/\/masterchem.es\/de\/","og_locale":"de_DE","og_type":"article","og_title":"Startseite - MasterChem","og_description":"Masterchem es un fabricante y proveedor de productos qu\u00edmicos. Buenos precios de las materias primas. Reembalaje, transporte, almacenamiento. Entrega de productos qu\u00edmicos a Escandinavia, los pa\u00edses b\u00e1lticos, Europa y Rusia. Una amplia selecci\u00f3n de productos qu\u00edmicos.","og_url":"https:\/\/masterchem.es\/de\/","og_site_name":"MasterChem","article_modified_time":"2023-01-03T14:15:44+00:00","twitter_card":"summary_large_image","twitter_misc":{"Gesch\u00e4tzte Lesezeit":"1 Minute"},"schema":{"@context":"https:\/\/schema.org","@graph":[{"@type":"WebPage","@id":"https:\/\/masterchem.es\/de\/","url":"https:\/\/masterchem.es\/de\/","name":"Startseite - MasterChem","isPartOf":{"@id":"https:\/\/masterchem.es\/de\/#website"},"datePublished":"2017-11-20T08:39:56+00:00","dateModified":"2023-01-03T14:15:44+00:00","description":"Masterchem es un fabricante y proveedor de productos qu\u00edmicos. Buenos precios de las materias primas. Reembalaje, transporte, almacenamiento. Entrega de productos qu\u00edmicos a Escandinavia, los pa\u00edses b\u00e1lticos, Europa y Rusia. Una amplia selecci\u00f3n de productos qu\u00edmicos.","breadcrumb":{"@id":"https:\/\/masterchem.es\/de\/#breadcrumb"},"inLanguage":"de-DE","potentialAction":[{"@type":"ReadAction","target":["https:\/\/masterchem.es\/de\/"]}]},{"@type":"BreadcrumbList","@id":"https:\/\/masterchem.es\/de\/#breadcrumb","itemListElement":[{"@type":"ListItem","position":1,"name":"Home","item":"https:\/\/masterchem.es\/de\/"},{"@type":"ListItem","position":2,"name":"Startseite"}]},{"@type":"WebSite","@id":"https:\/\/masterchem.es\/de\/#website","url":"https:\/\/masterchem.es\/de\/","name":"MasterChem","description":"proveedor de productos qu&iacute;micos","potentialAction":[{"@type":"SearchAction","target":{"@type":"EntryPoint","urlTemplate":"https:\/\/masterchem.es\/de\/?s={search_term_string}"},"query-input":{"@type":"PropertyValueSpecification","valueRequired":true,"valueName":"search_term_string"}}],"inLanguage":"de-DE"}]}},"_links":{"self":[{"href":"https:\/\/masterchem.es\/de\/wp-json\/wp\/v2\/pages\/1863","targetHints":{"allow":["GET"]}}],"collection":[{"href":"https:\/\/masterchem.es\/de\/wp-json\/wp\/v2\/pages"}],"about":[{"href":"https:\/\/masterchem.es\/de\/wp-json\/wp\/v2\/types\/page"}],"author":[{"embeddable":true,"href":"https:\/\/masterchem.es\/de\/wp-json\/wp\/v2\/users\/2"}],"replies":[{"embeddable":true,"href":"https:\/\/masterchem.es\/de\/wp-json\/wp\/v2\/comments?post=1863"}],"version-history":[{"count":6,"href":"https:\/\/masterchem.es\/de\/wp-json\/wp\/v2\/pages\/1863\/revisions"}],"predecessor-version":[{"id":1899,"href":"https:\/\/masterchem.es\/de\/wp-json\/wp\/v2\/pages\/1863\/revisions\/1899"}],"wp:attachment":[{"href":"https:\/\/masterchem.es\/de\/wp-json\/wp\/v2\/media?parent=1863"}],"curies":[{"name":"wp","href":"https:\/\/api.w.org\/{rel}","templated":true}]}}