{"id":1918,"date":"2017-11-20T15:32:03","date_gmt":"2017-11-20T15:32:03","guid":{"rendered":"https:\/\/masterchem.es\/ueber-uns\/"},"modified":"2023-01-09T12:17:27","modified_gmt":"2023-01-09T12:17:27","slug":"ueber-uns","status":"publish","type":"page","link":"https:\/\/masterchem.es\/de\/ueber-uns\/","title":{"rendered":"\u00dcber uns"},"content":{"rendered":"<section class=\"wpb-content-wrapper\"><p>[vc_row full_width=&#8220;stretch_row&#8220;][vc_column][vc_empty_space height=&#8220;60px&#8220;][apus_title_heading title=&#8220;Willkommen bei MasterChem&#8220;]Willkommen auf unserer Website, sagt Masterchem, der f\u00fchrende estnische Anbieter von Industriechemikalien. Warum \u201efreundliche Chemie\u201c? Zuallererst k\u00fcmmern wir uns um die Umwelt und unsere Produkte haben gute Eigenschaften in Bezug auf Umweltfreundlichkeit. Zweitens legen wir wirklich freundliche Preise f\u00fcr unsere Produkte fest![\/apus_title_heading][vc_empty_space height=&#8220;50px&#8220;][\/vc_column][\/vc_row][vc_row][vc_column][vc_column_text]<\/p>\n<h2>Masterchem ist ein sehr aktives und erfahrenes Unternehmen<\/h2>\n<p>Jeden Tag versenden wir Tonnen von Chemikalien aus unseren Lagern, wir organisieren die Lieferung von Rohstoffen an unsere Kunden in verschiedenen L\u00e4ndern und k\u00fcmmern uns regelm\u00e4\u00dfig um die Auswahl und den Einkauf hochwertiger Produkte aus aller Welt. Wir arbeiten sorgf\u00e4ltig, um sicherzustellen, dass jedes Produkt in strikter \u00dcbereinstimmung mit den erforderlichen Bedingungen gelagert wird.[\/vc_column_text][vc_column_text]<\/p>\n<h2>Am 11. Juli 2011 wurde Masterchem Vollmitglied der Estnischen Handelskammer.<\/h2>\n<p>Das zeigt eine ernsthafte und stabile Entwicklung unseres Unternehmens. Unsere B\u00fcros und Lager (Gesamtfl\u00e4che 1500 m2) befinden sich im Industrielogistikzentrum in der N\u00e4he des Hafens von Muuga. Dies verschafft uns mehrere Vorteile bei der Lieferung unserer Produkte, die streng nach den geltenden Vorschriften und zu flexiblen Bedingungen erfolgt.[\/vc_column_text][vc_empty_space height=&#8220;25px&#8220;][\/vc_column][\/vc_row]<\/p>\n<\/section>","protected":false},"excerpt":{"rendered":"<p>[vc_row full_width=&#8220;stretch_row&#8220;][vc_column][vc_empty_space height=&#8220;60px&#8220;][apus_title_heading title=&#8220;Willkommen bei MasterChem&#8220;]Willkommen auf unserer Website, sagt Masterchem, der f\u00fchrende estnische Anbieter von Industriechemikalien. Warum \u201efreundliche Chemie\u201c? Zuallererst k\u00fcmmern wir uns um die Umwelt und unsere Produkte haben gute Eigenschaften in Bezug auf Umweltfreundlichkeit. Zweitens legen wir wirklich freundliche Preise f\u00fcr unsere Produkte fest![\/apus_title_heading][vc_empty_space height=&#8220;50px&#8220;][\/vc_column][\/vc_row][vc_row][vc_column][vc_column_text] Masterchem ist ein sehr aktives und erfahrenes &hellip; <br \/><a href=\"https:\/\/masterchem.es\/de\/ueber-uns\/\" class=\"more-link\">Continue reading <span class=\"screen-reader-text\">\u00dcber uns<\/span><\/a><\/p>\n","protected":false},"author":2,"featured_media":0,"parent":0,"menu_order":0,"comment_status":"closed","ping_status":"closed","template":"","meta":{"footnotes":""},"class_list":["post-1918","page","type-page","status-publish","hentry"],"yoast_head":"<!-- This site is optimized with the Yoast SEO plugin v27.5 - https:\/\/yoast.com\/product\/yoast-seo-wordpress\/ -->\n<title>\u00dcber uns - MasterChem<\/title>\n<meta name=\"robots\" content=\"index, follow, max-snippet:-1, max-image-preview:large, max-video-preview:-1\" \/>\n<link rel=\"canonical\" href=\"https:\/\/masterchem.es\/de\/ueber-uns\/\" \/>\n<meta property=\"og:locale\" content=\"de_DE\" \/>\n<meta property=\"og:type\" content=\"article\" \/>\n<meta property=\"og:title\" content=\"\u00dcber uns - MasterChem\" \/>\n<meta property=\"og:description\" content=\"[vc_row full_width=&#8220;stretch_row&#8220;][vc_column][vc_empty_space height=&#8220;60px&#8220;][apus_title_heading title=&#8220;Willkommen bei MasterChem&#8220;]Willkommen auf unserer Website, sagt Masterchem, der f\u00fchrende estnische Anbieter von Industriechemikalien. Warum \u201efreundliche Chemie\u201c? Zuallererst k\u00fcmmern wir uns um die Umwelt und unsere Produkte haben gute Eigenschaften in Bezug auf Umweltfreundlichkeit. Zweitens legen wir wirklich freundliche Preise f\u00fcr unsere Produkte fest![\/apus_title_heading][vc_empty_space height=&#8220;50px&#8220;][\/vc_column][\/vc_row][vc_row][vc_column][vc_column_text] Masterchem ist ein sehr aktives und erfahrenes &hellip; Continue reading \u00dcber uns\" \/>\n<meta property=\"og:url\" content=\"https:\/\/masterchem.es\/de\/ueber-uns\/\" \/>\n<meta property=\"og:site_name\" content=\"MasterChem\" \/>\n<meta property=\"article:modified_time\" content=\"2023-01-09T12:17:27+00:00\" \/>\n<meta name=\"twitter:card\" content=\"summary_large_image\" \/>\n<meta name=\"twitter:label1\" content=\"Gesch\u00e4tzte Lesezeit\" \/>\n\t<meta name=\"twitter:data1\" content=\"1 Minute\" \/>\n<script type=\"application\/ld+json\" class=\"yoast-schema-graph\">{\"@context\":\"https:\\\/\\\/schema.org\",\"@graph\":[{\"@type\":\"WebPage\",\"@id\":\"https:\\\/\\\/masterchem.es\\\/de\\\/ueber-uns\\\/\",\"url\":\"https:\\\/\\\/masterchem.es\\\/de\\\/ueber-uns\\\/\",\"name\":\"\u00dcber uns - MasterChem\",\"isPartOf\":{\"@id\":\"https:\\\/\\\/masterchem.es\\\/de\\\/#website\"},\"datePublished\":\"2017-11-20T15:32:03+00:00\",\"dateModified\":\"2023-01-09T12:17:27+00:00\",\"breadcrumb\":{\"@id\":\"https:\\\/\\\/masterchem.es\\\/de\\\/ueber-uns\\\/#breadcrumb\"},\"inLanguage\":\"de-DE\",\"potentialAction\":[{\"@type\":\"ReadAction\",\"target\":[\"https:\\\/\\\/masterchem.es\\\/de\\\/ueber-uns\\\/\"]}]},{\"@type\":\"BreadcrumbList\",\"@id\":\"https:\\\/\\\/masterchem.es\\\/de\\\/ueber-uns\\\/#breadcrumb\",\"itemListElement\":[{\"@type\":\"ListItem\",\"position\":1,\"name\":\"Home\",\"item\":\"https:\\\/\\\/masterchem.es\\\/de\\\/\"},{\"@type\":\"ListItem\",\"position\":2,\"name\":\"\u00dcber uns\"}]},{\"@type\":\"WebSite\",\"@id\":\"https:\\\/\\\/masterchem.es\\\/de\\\/#website\",\"url\":\"https:\\\/\\\/masterchem.es\\\/de\\\/\",\"name\":\"MasterChem\",\"description\":\"proveedor de productos qu&iacute;micos\",\"potentialAction\":[{\"@type\":\"SearchAction\",\"target\":{\"@type\":\"EntryPoint\",\"urlTemplate\":\"https:\\\/\\\/masterchem.es\\\/de\\\/?s={search_term_string}\"},\"query-input\":{\"@type\":\"PropertyValueSpecification\",\"valueRequired\":true,\"valueName\":\"search_term_string\"}}],\"inLanguage\":\"de-DE\"}]}<\/script>\n<!-- \/ Yoast SEO plugin. -->","yoast_head_json":{"title":"\u00dcber uns - MasterChem","robots":{"index":"index","follow":"follow","max-snippet":"max-snippet:-1","max-image-preview":"max-image-preview:large","max-video-preview":"max-video-preview:-1"},"canonical":"https:\/\/masterchem.es\/de\/ueber-uns\/","og_locale":"de_DE","og_type":"article","og_title":"\u00dcber uns - MasterChem","og_description":"[vc_row full_width=&#8220;stretch_row&#8220;][vc_column][vc_empty_space height=&#8220;60px&#8220;][apus_title_heading title=&#8220;Willkommen bei MasterChem&#8220;]Willkommen auf unserer Website, sagt Masterchem, der f\u00fchrende estnische Anbieter von Industriechemikalien. Warum \u201efreundliche Chemie\u201c? Zuallererst k\u00fcmmern wir uns um die Umwelt und unsere Produkte haben gute Eigenschaften in Bezug auf Umweltfreundlichkeit. Zweitens legen wir wirklich freundliche Preise f\u00fcr unsere Produkte fest![\/apus_title_heading][vc_empty_space height=&#8220;50px&#8220;][\/vc_column][\/vc_row][vc_row][vc_column][vc_column_text] Masterchem ist ein sehr aktives und erfahrenes &hellip; Continue reading \u00dcber uns","og_url":"https:\/\/masterchem.es\/de\/ueber-uns\/","og_site_name":"MasterChem","article_modified_time":"2023-01-09T12:17:27+00:00","twitter_card":"summary_large_image","twitter_misc":{"Gesch\u00e4tzte Lesezeit":"1 Minute"},"schema":{"@context":"https:\/\/schema.org","@graph":[{"@type":"WebPage","@id":"https:\/\/masterchem.es\/de\/ueber-uns\/","url":"https:\/\/masterchem.es\/de\/ueber-uns\/","name":"\u00dcber uns - MasterChem","isPartOf":{"@id":"https:\/\/masterchem.es\/de\/#website"},"datePublished":"2017-11-20T15:32:03+00:00","dateModified":"2023-01-09T12:17:27+00:00","breadcrumb":{"@id":"https:\/\/masterchem.es\/de\/ueber-uns\/#breadcrumb"},"inLanguage":"de-DE","potentialAction":[{"@type":"ReadAction","target":["https:\/\/masterchem.es\/de\/ueber-uns\/"]}]},{"@type":"BreadcrumbList","@id":"https:\/\/masterchem.es\/de\/ueber-uns\/#breadcrumb","itemListElement":[{"@type":"ListItem","position":1,"name":"Home","item":"https:\/\/masterchem.es\/de\/"},{"@type":"ListItem","position":2,"name":"\u00dcber uns"}]},{"@type":"WebSite","@id":"https:\/\/masterchem.es\/de\/#website","url":"https:\/\/masterchem.es\/de\/","name":"MasterChem","description":"proveedor de productos qu&iacute;micos","potentialAction":[{"@type":"SearchAction","target":{"@type":"EntryPoint","urlTemplate":"https:\/\/masterchem.es\/de\/?s={search_term_string}"},"query-input":{"@type":"PropertyValueSpecification","valueRequired":true,"valueName":"search_term_string"}}],"inLanguage":"de-DE"}]}},"_links":{"self":[{"href":"https:\/\/masterchem.es\/de\/wp-json\/wp\/v2\/pages\/1918","targetHints":{"allow":["GET"]}}],"collection":[{"href":"https:\/\/masterchem.es\/de\/wp-json\/wp\/v2\/pages"}],"about":[{"href":"https:\/\/masterchem.es\/de\/wp-json\/wp\/v2\/types\/page"}],"author":[{"embeddable":true,"href":"https:\/\/masterchem.es\/de\/wp-json\/wp\/v2\/users\/2"}],"replies":[{"embeddable":true,"href":"https:\/\/masterchem.es\/de\/wp-json\/wp\/v2\/comments?post=1918"}],"version-history":[{"count":6,"href":"https:\/\/masterchem.es\/de\/wp-json\/wp\/v2\/pages\/1918\/revisions"}],"predecessor-version":[{"id":1966,"href":"https:\/\/masterchem.es\/de\/wp-json\/wp\/v2\/pages\/1918\/revisions\/1966"}],"wp:attachment":[{"href":"https:\/\/masterchem.es\/de\/wp-json\/wp\/v2\/media?parent=1918"}],"curies":[{"name":"wp","href":"https:\/\/api.w.org\/{rel}","templated":true}]}}