{"id":1663,"date":"2017-12-12T07:10:25","date_gmt":"2017-12-12T07:10:25","guid":{"rendered":"https:\/\/masterchem.es\/product\/glycerin-cas-56-81-5\/"},"modified":"2017-12-12T07:10:25","modified_gmt":"2017-12-12T07:10:25","slug":"glycerin-cas-56-81-5","status":"publish","type":"product","link":"https:\/\/masterchem.es\/de\/produkt\/glycerin-cas-56-81-5\/","title":{"rendered":"Glycerin (CAS 56-81-5)"},"content":{"rendered":"<p><strong>Anwendungen:<\/strong><br \/>\n<em>Nahrungsmittelindustrie<\/em><br \/>\nIn Lebensmitteln und Getr\u00e4nken dient Glycerin als Feuchthaltemittel, L\u00f6sungsmittel und S\u00fc\u00dfstoff und kann zur Konservierung von Lebensmitteln beitragen.<\/p>\n<p><em>Medizinische, pharmazeutische und K\u00f6rperpflegeanwendungen<\/em><br \/>\nGlycerin ist leicht antimikrobiell und antiviral und ist eine von der FDA zugelassene Wundbehandlung. Das Rote Kreuz berichtet, dass eine 85%ige Glycerinl\u00f6sung bakterizide und antivirale Wirkungen zeigt und mit Glycerin behandelte Wunden nach etwa 2 Stunden eine reduzierte Entz\u00fcndung zeigen. Aus diesem Grund wird es h\u00e4ufig in Wundpflegeprodukten verwendet, einschlie\u00dflich Hydrogelfolien auf Glycerinbasis f\u00fcr Verbrennungen und andere Wundpflege. Es ist f\u00fcr alle Arten der Wundversorgung au\u00dfer Verbrennungen dritten Grades zugelassen und wird zum Verpacken von Spenderhaut f\u00fcr Hauttransplantationen verwendet.<\/p>\n<p><em>Frostschutzmittel<\/em><br \/>\nWie Ethylenglykol und Propylenglykol ist Glycerin ein nichtionisches Kosmotrop, das starke Wasserstoffbr\u00fcckenbindungen mit Wassermolek\u00fclen bildet und mit Wasser-Wasser-Wasserstoffbr\u00fcckenbindungen konkurriert. Diese Wechselwirkung st\u00f6rt die Eisbildung. Die minimale Gefrierpunkttemperatur betr\u00e4gt etwa -36 \u00b0F (-38 \u00b0C), was 70 % Glycerin in Wasser entspricht.<\/p>\n<p><em>Zwischenchemikalie<\/em><br \/>\nGlycerin wird zur Herstellung von Nitroglycerin verwendet, das ein wesentlicher Bestandteil verschiedener Sprengstoffe wie Dynamit, Gelignit und Treibmittel wie Cordit ist. Die Abh\u00e4ngigkeit von der Seifenherstellung, um Glycerin als Nebenprodukt zu liefern, machte es schwierig, die Produktion zu steigern, um die Nachfrage w\u00e4hrend des Krieges zu decken.<\/p>\n","protected":false},"excerpt":{"rendered":"<p><strong>Andere Namen: Glycerin, Glycerin, Propantriol, 1,2,3-Trihydroxypropan, 1,2,3-Propantriol<\/strong><\/p>\n<p>Glycerin, auch Glycerin genannt, ist eine einfache Polyolverbindung. Es ist eine viskose, farb- und geruchlose Fl\u00fcssigkeit mit s\u00fc\u00dfem Geschmack und ungiftig. Das Glycerinr\u00fcckgrat befindet sich in Lipiden, die als Glyceride bekannt sind. Da es antimikrobielle und antivirale Eigenschaften hat, wird es h\u00e4ufig in von der FDA zugelassenen Wund- und Verbrennungsbehandlungen eingesetzt. Im Gegenteil, es wird auch als Bakterienkulturmedium verwendet. Es kann als effektiver Marker zur Messung von Lebererkrankungen verwendet werden. Es wird auch h\u00e4ufig als S\u00fc\u00dfstoff in der Lebensmittelindustrie und als Feuchthaltemittel in pharmazeutischen Formulierungen verwendet. Aufgrund des Vorhandenseins von drei Hydroxylgruppen ist Glycerin mit Wasser mischbar und von Natur aus hygroskopisch.<\/p>\n<p>CAS: 56-81-5<\/p>\n<p><a target=\"_blank\" href=\"https:\/\/masterchem.ee\/wp-content\/uploads\/2018\/02\/Glycerol-TDS-MasterChem.pdf\" class=\"pdf\" alt=\"Product Specification (TDS)\" title=\"Product Specification (TDS)\" rel=\"noopener\">Produktspezifikation (TDS)<\/a><\/p>\n","protected":false},"featured_media":1647,"template":"","meta":[],"product_brand":[],"product_cat":[78,132,104,119,126,101,113,123,89],"product_tag":[],"class_list":{"0":"post-1663","1":"product","2":"type-product","3":"status-publish","4":"has-post-thumbnail","6":"product_cat-automobilchemie","7":"product_cat-dungemittel","8":"product_cat-frostschutzmittel","9":"product_cat-futtermittelindustrie","10":"product_cat-industrielle-chemikalien","11":"product_cat-kosmetikindustrie","12":"product_cat-kunststoff-polyurethane","13":"product_cat-nahrungsmittelindustrie","14":"product_cat-pharmazeutische-produkte","16":"first","17":"instock","18":"taxable","19":"shipping-taxable","20":"purchasable","21":"product-type-variable","22":"has-default-attributes"},"yoast_head":"<!-- This site is optimized with the Yoast SEO plugin v27.5 - https:\/\/yoast.com\/product\/yoast-seo-wordpress\/ -->\n<title>Glycerin (CAS 56-81-5) - MasterChem<\/title>\n<meta name=\"description\" content=\"Glycerin, auch Glycerin genannt, ist eine einfache Polyolverbindung. Es ist eine viskose, farb- und geruchlose Fl\u00fcssigkeit mit s\u00fc\u00dfem Geschmack und ungiftig.\" \/>\n<meta name=\"robots\" content=\"index, follow, max-snippet:-1, max-image-preview:large, max-video-preview:-1\" \/>\n<link rel=\"canonical\" href=\"https:\/\/masterchem.es\/de\/produkt\/glycerin-cas-56-81-5\/\" \/>\n<meta property=\"og:locale\" content=\"de_DE\" \/>\n<meta property=\"og:type\" content=\"article\" \/>\n<meta property=\"og:title\" content=\"Glycerin (CAS 56-81-5) - MasterChem\" \/>\n<meta property=\"og:description\" content=\"Glycerin, auch Glycerin genannt, ist eine einfache Polyolverbindung. Es ist eine viskose, farb- und geruchlose Fl\u00fcssigkeit mit s\u00fc\u00dfem Geschmack und ungiftig.\" \/>\n<meta property=\"og:url\" content=\"https:\/\/masterchem.es\/de\/produkt\/glycerin-cas-56-81-5\/\" \/>\n<meta property=\"og:site_name\" content=\"MasterChem\" \/>\n<meta property=\"og:image\" content=\"https:\/\/masterchem.es\/wp-content\/uploads\/2017\/12\/Glycerin-1000l-MasterChem.jpg\" \/>\n\t<meta property=\"og:image:width\" content=\"1000\" \/>\n\t<meta property=\"og:image:height\" content=\"1000\" \/>\n\t<meta property=\"og:image:type\" content=\"image\/jpeg\" \/>\n<meta name=\"twitter:card\" content=\"summary_large_image\" \/>\n<meta name=\"twitter:label1\" content=\"Gesch\u00e4tzte Lesezeit\" \/>\n\t<meta name=\"twitter:data1\" content=\"1 Minute\" \/>\n<script type=\"application\/ld+json\" class=\"yoast-schema-graph\">{\"@context\":\"https:\\\/\\\/schema.org\",\"@graph\":[{\"@type\":\"WebPage\",\"@id\":\"https:\\\/\\\/masterchem.es\\\/de\\\/produkt\\\/glycerin-cas-56-81-5\\\/\",\"url\":\"https:\\\/\\\/masterchem.es\\\/de\\\/produkt\\\/glycerin-cas-56-81-5\\\/\",\"name\":\"Glycerin (CAS 56-81-5) - MasterChem\",\"isPartOf\":{\"@id\":\"https:\\\/\\\/masterchem.es\\\/de\\\/#website\"},\"primaryImageOfPage\":{\"@id\":\"https:\\\/\\\/masterchem.es\\\/de\\\/produkt\\\/glycerin-cas-56-81-5\\\/#primaryimage\"},\"image\":{\"@id\":\"https:\\\/\\\/masterchem.es\\\/de\\\/produkt\\\/glycerin-cas-56-81-5\\\/#primaryimage\"},\"thumbnailUrl\":\"https:\\\/\\\/masterchem.es\\\/wp-content\\\/uploads\\\/2017\\\/12\\\/Glycerin-1000l-MasterChem.jpg\",\"datePublished\":\"2017-12-12T07:10:25+00:00\",\"description\":\"Glycerin, auch Glycerin genannt, ist eine einfache Polyolverbindung. Es ist eine viskose, farb- und geruchlose Fl\u00fcssigkeit mit s\u00fc\u00dfem Geschmack und ungiftig.\",\"breadcrumb\":{\"@id\":\"https:\\\/\\\/masterchem.es\\\/de\\\/produkt\\\/glycerin-cas-56-81-5\\\/#breadcrumb\"},\"inLanguage\":\"de-DE\",\"potentialAction\":[{\"@type\":\"ReadAction\",\"target\":[\"https:\\\/\\\/masterchem.es\\\/de\\\/produkt\\\/glycerin-cas-56-81-5\\\/\"]}]},{\"@type\":\"ImageObject\",\"inLanguage\":\"de-DE\",\"@id\":\"https:\\\/\\\/masterchem.es\\\/de\\\/produkt\\\/glycerin-cas-56-81-5\\\/#primaryimage\",\"url\":\"https:\\\/\\\/masterchem.es\\\/wp-content\\\/uploads\\\/2017\\\/12\\\/Glycerin-1000l-MasterChem.jpg\",\"contentUrl\":\"https:\\\/\\\/masterchem.es\\\/wp-content\\\/uploads\\\/2017\\\/12\\\/Glycerin-1000l-MasterChem.jpg\",\"width\":1000,\"height\":1000},{\"@type\":\"BreadcrumbList\",\"@id\":\"https:\\\/\\\/masterchem.es\\\/de\\\/produkt\\\/glycerin-cas-56-81-5\\\/#breadcrumb\",\"itemListElement\":[{\"@type\":\"ListItem\",\"position\":1,\"name\":\"Home\",\"item\":\"https:\\\/\\\/masterchem.es\\\/de\\\/\"},{\"@type\":\"ListItem\",\"position\":2,\"name\":\"Tienda\",\"item\":\"https:\\\/\\\/masterchem.es\\\/tienda\\\/\"},{\"@type\":\"ListItem\",\"position\":3,\"name\":\"Glycerin (CAS 56-81-5)\"}]},{\"@type\":\"WebSite\",\"@id\":\"https:\\\/\\\/masterchem.es\\\/de\\\/#website\",\"url\":\"https:\\\/\\\/masterchem.es\\\/de\\\/\",\"name\":\"MasterChem\",\"description\":\"proveedor de productos qu&iacute;micos\",\"potentialAction\":[{\"@type\":\"SearchAction\",\"target\":{\"@type\":\"EntryPoint\",\"urlTemplate\":\"https:\\\/\\\/masterchem.es\\\/de\\\/?s={search_term_string}\"},\"query-input\":{\"@type\":\"PropertyValueSpecification\",\"valueRequired\":true,\"valueName\":\"search_term_string\"}}],\"inLanguage\":\"de-DE\"}]}<\/script>\n<!-- \/ Yoast SEO plugin. -->","yoast_head_json":{"title":"Glycerin (CAS 56-81-5) - MasterChem","description":"Glycerin, auch Glycerin genannt, ist eine einfache Polyolverbindung. Es ist eine viskose, farb- und geruchlose Fl\u00fcssigkeit mit s\u00fc\u00dfem Geschmack und ungiftig.","robots":{"index":"index","follow":"follow","max-snippet":"max-snippet:-1","max-image-preview":"max-image-preview:large","max-video-preview":"max-video-preview:-1"},"canonical":"https:\/\/masterchem.es\/de\/produkt\/glycerin-cas-56-81-5\/","og_locale":"de_DE","og_type":"article","og_title":"Glycerin (CAS 56-81-5) - MasterChem","og_description":"Glycerin, auch Glycerin genannt, ist eine einfache Polyolverbindung. Es ist eine viskose, farb- und geruchlose Fl\u00fcssigkeit mit s\u00fc\u00dfem Geschmack und ungiftig.","og_url":"https:\/\/masterchem.es\/de\/produkt\/glycerin-cas-56-81-5\/","og_site_name":"MasterChem","og_image":[{"width":1000,"height":1000,"url":"https:\/\/masterchem.es\/wp-content\/uploads\/2017\/12\/Glycerin-1000l-MasterChem.jpg","type":"image\/jpeg"}],"twitter_card":"summary_large_image","twitter_misc":{"Gesch\u00e4tzte Lesezeit":"1 Minute"},"schema":{"@context":"https:\/\/schema.org","@graph":[{"@type":"WebPage","@id":"https:\/\/masterchem.es\/de\/produkt\/glycerin-cas-56-81-5\/","url":"https:\/\/masterchem.es\/de\/produkt\/glycerin-cas-56-81-5\/","name":"Glycerin (CAS 56-81-5) - MasterChem","isPartOf":{"@id":"https:\/\/masterchem.es\/de\/#website"},"primaryImageOfPage":{"@id":"https:\/\/masterchem.es\/de\/produkt\/glycerin-cas-56-81-5\/#primaryimage"},"image":{"@id":"https:\/\/masterchem.es\/de\/produkt\/glycerin-cas-56-81-5\/#primaryimage"},"thumbnailUrl":"https:\/\/masterchem.es\/wp-content\/uploads\/2017\/12\/Glycerin-1000l-MasterChem.jpg","datePublished":"2017-12-12T07:10:25+00:00","description":"Glycerin, auch Glycerin genannt, ist eine einfache Polyolverbindung. Es ist eine viskose, farb- und geruchlose Fl\u00fcssigkeit mit s\u00fc\u00dfem Geschmack und ungiftig.","breadcrumb":{"@id":"https:\/\/masterchem.es\/de\/produkt\/glycerin-cas-56-81-5\/#breadcrumb"},"inLanguage":"de-DE","potentialAction":[{"@type":"ReadAction","target":["https:\/\/masterchem.es\/de\/produkt\/glycerin-cas-56-81-5\/"]}]},{"@type":"ImageObject","inLanguage":"de-DE","@id":"https:\/\/masterchem.es\/de\/produkt\/glycerin-cas-56-81-5\/#primaryimage","url":"https:\/\/masterchem.es\/wp-content\/uploads\/2017\/12\/Glycerin-1000l-MasterChem.jpg","contentUrl":"https:\/\/masterchem.es\/wp-content\/uploads\/2017\/12\/Glycerin-1000l-MasterChem.jpg","width":1000,"height":1000},{"@type":"BreadcrumbList","@id":"https:\/\/masterchem.es\/de\/produkt\/glycerin-cas-56-81-5\/#breadcrumb","itemListElement":[{"@type":"ListItem","position":1,"name":"Home","item":"https:\/\/masterchem.es\/de\/"},{"@type":"ListItem","position":2,"name":"Tienda","item":"https:\/\/masterchem.es\/tienda\/"},{"@type":"ListItem","position":3,"name":"Glycerin (CAS 56-81-5)"}]},{"@type":"WebSite","@id":"https:\/\/masterchem.es\/de\/#website","url":"https:\/\/masterchem.es\/de\/","name":"MasterChem","description":"proveedor de productos qu&iacute;micos","potentialAction":[{"@type":"SearchAction","target":{"@type":"EntryPoint","urlTemplate":"https:\/\/masterchem.es\/de\/?s={search_term_string}"},"query-input":{"@type":"PropertyValueSpecification","valueRequired":true,"valueName":"search_term_string"}}],"inLanguage":"de-DE"}]}},"_links":{"self":[{"href":"https:\/\/masterchem.es\/de\/wp-json\/wp\/v2\/product\/1663","targetHints":{"allow":["GET"]}}],"collection":[{"href":"https:\/\/masterchem.es\/de\/wp-json\/wp\/v2\/product"}],"about":[{"href":"https:\/\/masterchem.es\/de\/wp-json\/wp\/v2\/types\/product"}],"wp:featuredmedia":[{"embeddable":true,"href":"https:\/\/masterchem.es\/de\/wp-json\/wp\/v2\/media\/1647"}],"wp:attachment":[{"href":"https:\/\/masterchem.es\/de\/wp-json\/wp\/v2\/media?parent=1663"}],"wp:term":[{"taxonomy":"product_brand","embeddable":true,"href":"https:\/\/masterchem.es\/de\/wp-json\/wp\/v2\/product_brand?post=1663"},{"taxonomy":"product_cat","embeddable":true,"href":"https:\/\/masterchem.es\/de\/wp-json\/wp\/v2\/product_cat?post=1663"},{"taxonomy":"product_tag","embeddable":true,"href":"https:\/\/masterchem.es\/de\/wp-json\/wp\/v2\/product_tag?post=1663"}],"curies":[{"name":"wp","href":"https:\/\/api.w.org\/{rel}","templated":true}]}}