{"id":1708,"date":"2017-12-12T07:10:24","date_gmt":"2017-12-12T07:10:24","guid":{"rendered":"https:\/\/masterchem.es\/product\/isopropylalkohol-cas-67-63-0\/"},"modified":"2017-12-12T07:10:24","modified_gmt":"2017-12-12T07:10:24","slug":"isopropylalkohol-cas-67-63-0","status":"publish","type":"product","link":"https:\/\/masterchem.es\/de\/produkt\/isopropylalkohol-cas-67-63-0\/","title":{"rendered":"Isopropylalkohol (CAS 67-63-0)"},"content":{"rendered":"<p><a href=\"https:\/\/masterchem.ee\/wp-content\/uploads\/2018\/02\/Isopropanool_Ohutuskaart_IPA_MSDS_MasterChem_2020.pdf\" target=\"_blank\" rel=\"noopener noreferrer\">Materialsicherheitsdatenbl\u00e4tter (MSDS)<\/a><\/p>\n<p>Isopropylalkohol, gleichbedeutend mit 2-Propanol, sec-Propylalkohol, IPA, Isopropanol oder Reinigungsalkohol, findet sich in Wasser, Ethanol, Ether und Chloroform. L\u00f6st Ethylcellulose, Polyvinylbutyral, viele \u00d6le, Alkaloide, Gummen und Naturharze. Im Gegensatz zu Methanol-Ethanol ist Isopropylalkohol nicht mit Salzl\u00f6sungen mischbar und kann durch Zugabe eines Salzes wie Natriumchlorid von w\u00e4ssrigen L\u00f6sungen getrennt werden. Der Prozess wird umgangssprachlich als <i>Salzen<\/i> bezeichnet und bewirkt, dass sich der konzentrierte Isopropylalkohol in einer separaten Schicht trennt.<\/p>\n<p>Isopropylalkohol bildet mit Wasser ein Azeotrop, das einen Siedepunkt von 80,37\u00b0C (176,67\u00b0F) und eine Zusammensetzung von 87,7 Gew.-% (91 Vol.-%) Isopropylalkohol ergibt. Mischungen aus Wasser und Isopropylalkohol haben niedrige Schmelzpunkte. Es hat einen leicht bitteren Geschmack und ist nicht trinkbar.<\/p>\n<p>Isopropylalkohol wird mit sinkender Temperatur immer z\u00e4hfl\u00fcssiger und gefriert bei -89\u00b0C (-128\u00b0F).<br \/>\nIsopropylalkohol hat ein Absorptionsmaximum bei 205 nm im UV-sichtbaren Spektrum.<\/p>\n","protected":false},"excerpt":{"rendered":"<p>CAS: 67-63-0<\/p>\n<p><a target=\"_blank\" href=\"https:\/\/masterchem.ee\/wp-content\/uploads\/2018\/02\/Isopropyl-Alcohol.pdf\" class=\"pdf\" alt=\"Product Specification (TDS)\" title=\"Product Specification (TDS)\" rel=\"noopener\">Product Specification (TDS)<\/a><\/p>\n","protected":false},"featured_media":1692,"template":"","meta":[],"product_brand":[],"product_cat":[78,84,110,104,126,101,113,86,89],"product_tag":[],"class_list":{"0":"post-1708","1":"product","2":"type-product","3":"status-publish","4":"has-post-thumbnail","6":"product_cat-automobilchemie","7":"product_cat-bausektor","8":"product_cat-chemie-der-metallbearbeitung","9":"product_cat-frostschutzmittel","10":"product_cat-industrielle-chemikalien","11":"product_cat-kosmetikindustrie","12":"product_cat-kunststoff-polyurethane","13":"product_cat-nicht-kategorisiert","14":"product_cat-pharmazeutische-produkte","16":"first","17":"instock","18":"taxable","19":"shipping-taxable","20":"purchasable","21":"product-type-variable","22":"has-default-attributes"},"yoast_head":"<!-- This site is optimized with the Yoast SEO plugin v27.5 - https:\/\/yoast.com\/product\/yoast-seo-wordpress\/ -->\n<title>Isopropylalkohol (CAS 67-63-0) - MasterChem<\/title>\n<meta name=\"description\" content=\"Isopropylalkohol, gleichbedeutend mit 2-Propanol, sec-Propylalkohol, IPA, Isopropanol oder Reinigungsalkohol, findet sich in Wasser, Ethanol, Ether und Chloroform.\" \/>\n<meta name=\"robots\" content=\"index, follow, max-snippet:-1, max-image-preview:large, max-video-preview:-1\" \/>\n<link rel=\"canonical\" href=\"https:\/\/masterchem.es\/de\/produkt\/isopropylalkohol-cas-67-63-0\/\" \/>\n<meta property=\"og:locale\" content=\"de_DE\" \/>\n<meta property=\"og:type\" content=\"article\" \/>\n<meta property=\"og:title\" content=\"Isopropylalkohol (CAS 67-63-0) - MasterChem\" \/>\n<meta property=\"og:description\" content=\"Isopropylalkohol, gleichbedeutend mit 2-Propanol, sec-Propylalkohol, IPA, Isopropanol oder Reinigungsalkohol, findet sich in Wasser, Ethanol, Ether und Chloroform.\" \/>\n<meta property=\"og:url\" content=\"https:\/\/masterchem.es\/de\/produkt\/isopropylalkohol-cas-67-63-0\/\" \/>\n<meta property=\"og:site_name\" content=\"MasterChem\" \/>\n<meta property=\"og:image\" content=\"https:\/\/masterchem.es\/wp-content\/uploads\/2017\/12\/Isopropyl-Alcohol-1000l-MaterChem-1.jpg\" \/>\n\t<meta property=\"og:image:width\" content=\"1000\" \/>\n\t<meta property=\"og:image:height\" content=\"1000\" \/>\n\t<meta property=\"og:image:type\" content=\"image\/jpeg\" \/>\n<meta name=\"twitter:card\" content=\"summary_large_image\" \/>\n<meta name=\"twitter:label1\" content=\"Gesch\u00e4tzte Lesezeit\" \/>\n\t<meta name=\"twitter:data1\" content=\"1 Minute\" \/>\n<script type=\"application\/ld+json\" class=\"yoast-schema-graph\">{\"@context\":\"https:\\\/\\\/schema.org\",\"@graph\":[{\"@type\":\"WebPage\",\"@id\":\"https:\\\/\\\/masterchem.es\\\/de\\\/produkt\\\/isopropylalkohol-cas-67-63-0\\\/\",\"url\":\"https:\\\/\\\/masterchem.es\\\/de\\\/produkt\\\/isopropylalkohol-cas-67-63-0\\\/\",\"name\":\"Isopropylalkohol (CAS 67-63-0) - MasterChem\",\"isPartOf\":{\"@id\":\"https:\\\/\\\/masterchem.es\\\/de\\\/#website\"},\"primaryImageOfPage\":{\"@id\":\"https:\\\/\\\/masterchem.es\\\/de\\\/produkt\\\/isopropylalkohol-cas-67-63-0\\\/#primaryimage\"},\"image\":{\"@id\":\"https:\\\/\\\/masterchem.es\\\/de\\\/produkt\\\/isopropylalkohol-cas-67-63-0\\\/#primaryimage\"},\"thumbnailUrl\":\"https:\\\/\\\/masterchem.es\\\/wp-content\\\/uploads\\\/2017\\\/12\\\/Isopropyl-Alcohol-1000l-MaterChem-1.jpg\",\"datePublished\":\"2017-12-12T07:10:24+00:00\",\"description\":\"Isopropylalkohol, gleichbedeutend mit 2-Propanol, sec-Propylalkohol, IPA, Isopropanol oder Reinigungsalkohol, findet sich in Wasser, Ethanol, Ether und Chloroform.\",\"breadcrumb\":{\"@id\":\"https:\\\/\\\/masterchem.es\\\/de\\\/produkt\\\/isopropylalkohol-cas-67-63-0\\\/#breadcrumb\"},\"inLanguage\":\"de-DE\",\"potentialAction\":[{\"@type\":\"ReadAction\",\"target\":[\"https:\\\/\\\/masterchem.es\\\/de\\\/produkt\\\/isopropylalkohol-cas-67-63-0\\\/\"]}]},{\"@type\":\"ImageObject\",\"inLanguage\":\"de-DE\",\"@id\":\"https:\\\/\\\/masterchem.es\\\/de\\\/produkt\\\/isopropylalkohol-cas-67-63-0\\\/#primaryimage\",\"url\":\"https:\\\/\\\/masterchem.es\\\/wp-content\\\/uploads\\\/2017\\\/12\\\/Isopropyl-Alcohol-1000l-MaterChem-1.jpg\",\"contentUrl\":\"https:\\\/\\\/masterchem.es\\\/wp-content\\\/uploads\\\/2017\\\/12\\\/Isopropyl-Alcohol-1000l-MaterChem-1.jpg\",\"width\":1000,\"height\":1000},{\"@type\":\"BreadcrumbList\",\"@id\":\"https:\\\/\\\/masterchem.es\\\/de\\\/produkt\\\/isopropylalkohol-cas-67-63-0\\\/#breadcrumb\",\"itemListElement\":[{\"@type\":\"ListItem\",\"position\":1,\"name\":\"Home\",\"item\":\"https:\\\/\\\/masterchem.es\\\/de\\\/\"},{\"@type\":\"ListItem\",\"position\":2,\"name\":\"Tienda\",\"item\":\"https:\\\/\\\/masterchem.es\\\/tienda\\\/\"},{\"@type\":\"ListItem\",\"position\":3,\"name\":\"Isopropylalkohol (CAS 67-63-0)\"}]},{\"@type\":\"WebSite\",\"@id\":\"https:\\\/\\\/masterchem.es\\\/de\\\/#website\",\"url\":\"https:\\\/\\\/masterchem.es\\\/de\\\/\",\"name\":\"MasterChem\",\"description\":\"proveedor de productos qu&iacute;micos\",\"potentialAction\":[{\"@type\":\"SearchAction\",\"target\":{\"@type\":\"EntryPoint\",\"urlTemplate\":\"https:\\\/\\\/masterchem.es\\\/de\\\/?s={search_term_string}\"},\"query-input\":{\"@type\":\"PropertyValueSpecification\",\"valueRequired\":true,\"valueName\":\"search_term_string\"}}],\"inLanguage\":\"de-DE\"}]}<\/script>\n<!-- \/ Yoast SEO plugin. -->","yoast_head_json":{"title":"Isopropylalkohol (CAS 67-63-0) - MasterChem","description":"Isopropylalkohol, gleichbedeutend mit 2-Propanol, sec-Propylalkohol, IPA, Isopropanol oder Reinigungsalkohol, findet sich in Wasser, Ethanol, Ether und Chloroform.","robots":{"index":"index","follow":"follow","max-snippet":"max-snippet:-1","max-image-preview":"max-image-preview:large","max-video-preview":"max-video-preview:-1"},"canonical":"https:\/\/masterchem.es\/de\/produkt\/isopropylalkohol-cas-67-63-0\/","og_locale":"de_DE","og_type":"article","og_title":"Isopropylalkohol (CAS 67-63-0) - MasterChem","og_description":"Isopropylalkohol, gleichbedeutend mit 2-Propanol, sec-Propylalkohol, IPA, Isopropanol oder Reinigungsalkohol, findet sich in Wasser, Ethanol, Ether und Chloroform.","og_url":"https:\/\/masterchem.es\/de\/produkt\/isopropylalkohol-cas-67-63-0\/","og_site_name":"MasterChem","og_image":[{"width":1000,"height":1000,"url":"https:\/\/masterchem.es\/wp-content\/uploads\/2017\/12\/Isopropyl-Alcohol-1000l-MaterChem-1.jpg","type":"image\/jpeg"}],"twitter_card":"summary_large_image","twitter_misc":{"Gesch\u00e4tzte Lesezeit":"1 Minute"},"schema":{"@context":"https:\/\/schema.org","@graph":[{"@type":"WebPage","@id":"https:\/\/masterchem.es\/de\/produkt\/isopropylalkohol-cas-67-63-0\/","url":"https:\/\/masterchem.es\/de\/produkt\/isopropylalkohol-cas-67-63-0\/","name":"Isopropylalkohol (CAS 67-63-0) - MasterChem","isPartOf":{"@id":"https:\/\/masterchem.es\/de\/#website"},"primaryImageOfPage":{"@id":"https:\/\/masterchem.es\/de\/produkt\/isopropylalkohol-cas-67-63-0\/#primaryimage"},"image":{"@id":"https:\/\/masterchem.es\/de\/produkt\/isopropylalkohol-cas-67-63-0\/#primaryimage"},"thumbnailUrl":"https:\/\/masterchem.es\/wp-content\/uploads\/2017\/12\/Isopropyl-Alcohol-1000l-MaterChem-1.jpg","datePublished":"2017-12-12T07:10:24+00:00","description":"Isopropylalkohol, gleichbedeutend mit 2-Propanol, sec-Propylalkohol, IPA, Isopropanol oder Reinigungsalkohol, findet sich in Wasser, Ethanol, Ether und Chloroform.","breadcrumb":{"@id":"https:\/\/masterchem.es\/de\/produkt\/isopropylalkohol-cas-67-63-0\/#breadcrumb"},"inLanguage":"de-DE","potentialAction":[{"@type":"ReadAction","target":["https:\/\/masterchem.es\/de\/produkt\/isopropylalkohol-cas-67-63-0\/"]}]},{"@type":"ImageObject","inLanguage":"de-DE","@id":"https:\/\/masterchem.es\/de\/produkt\/isopropylalkohol-cas-67-63-0\/#primaryimage","url":"https:\/\/masterchem.es\/wp-content\/uploads\/2017\/12\/Isopropyl-Alcohol-1000l-MaterChem-1.jpg","contentUrl":"https:\/\/masterchem.es\/wp-content\/uploads\/2017\/12\/Isopropyl-Alcohol-1000l-MaterChem-1.jpg","width":1000,"height":1000},{"@type":"BreadcrumbList","@id":"https:\/\/masterchem.es\/de\/produkt\/isopropylalkohol-cas-67-63-0\/#breadcrumb","itemListElement":[{"@type":"ListItem","position":1,"name":"Home","item":"https:\/\/masterchem.es\/de\/"},{"@type":"ListItem","position":2,"name":"Tienda","item":"https:\/\/masterchem.es\/tienda\/"},{"@type":"ListItem","position":3,"name":"Isopropylalkohol (CAS 67-63-0)"}]},{"@type":"WebSite","@id":"https:\/\/masterchem.es\/de\/#website","url":"https:\/\/masterchem.es\/de\/","name":"MasterChem","description":"proveedor de productos qu&iacute;micos","potentialAction":[{"@type":"SearchAction","target":{"@type":"EntryPoint","urlTemplate":"https:\/\/masterchem.es\/de\/?s={search_term_string}"},"query-input":{"@type":"PropertyValueSpecification","valueRequired":true,"valueName":"search_term_string"}}],"inLanguage":"de-DE"}]}},"_links":{"self":[{"href":"https:\/\/masterchem.es\/de\/wp-json\/wp\/v2\/product\/1708","targetHints":{"allow":["GET"]}}],"collection":[{"href":"https:\/\/masterchem.es\/de\/wp-json\/wp\/v2\/product"}],"about":[{"href":"https:\/\/masterchem.es\/de\/wp-json\/wp\/v2\/types\/product"}],"wp:featuredmedia":[{"embeddable":true,"href":"https:\/\/masterchem.es\/de\/wp-json\/wp\/v2\/media\/1692"}],"wp:attachment":[{"href":"https:\/\/masterchem.es\/de\/wp-json\/wp\/v2\/media?parent=1708"}],"wp:term":[{"taxonomy":"product_brand","embeddable":true,"href":"https:\/\/masterchem.es\/de\/wp-json\/wp\/v2\/product_brand?post=1708"},{"taxonomy":"product_cat","embeddable":true,"href":"https:\/\/masterchem.es\/de\/wp-json\/wp\/v2\/product_cat?post=1708"},{"taxonomy":"product_tag","embeddable":true,"href":"https:\/\/masterchem.es\/de\/wp-json\/wp\/v2\/product_tag?post=1708"}],"curies":[{"name":"wp","href":"https:\/\/api.w.org\/{rel}","templated":true}]}}