{"id":1753,"date":"2017-12-12T07:10:23","date_gmt":"2017-12-12T07:10:23","guid":{"rendered":"https:\/\/masterchem.es\/product\/aceton-cas-67-64-1\/"},"modified":"2017-12-12T07:10:23","modified_gmt":"2017-12-12T07:10:23","slug":"aceton-cas-67-64-1","status":"publish","type":"product","link":"https:\/\/masterchem.es\/de\/produkt\/aceton-cas-67-64-1\/","title":{"rendered":"Aceton (CAS 67-64-1)"},"content":{"rendered":"<p>Aceton wird im menschlichen K\u00f6rper durch normale Stoffwechselprozesse produziert und ausgeschieden. Es ist normalerweise in Blut und Urin vorhanden. Menschen mit Diabetes produzieren es in gr\u00f6\u00dferen Mengen. Reproduktionstoxizit\u00e4tstests zeigen, dass es ein geringes Potenzial hat, Reproduktionsprobleme zu verursachen. Schwangere Frauen, stillende M\u00fctter und Kinder haben h\u00f6here Acetonwerte. Ketogene Di\u00e4ten, die Ketone (Aceton, \u03b2-Hydroxybutters\u00e4ure und Acetessigs\u00e4ure) im Blut erh\u00f6hen, werden verwendet, um epileptischen Anf\u00e4llen bei S\u00e4uglingen und Kindern entgegenzuwirken, die an widerspenstiger refrakt\u00e4rer Epilepsie leiden.<\/p>\n<p>CAS: 67-64-1<\/p>\n<p><a target=\"_blank\" href=\"https:\/\/masterchem.ee\/wp-content\/uploads\/2018\/02\/acetone-MasterChem-TDS.pdf\" class=\"pdf\" alt=\"Aceton-Spezifikation (TDS)\" title=\"Aceton-Spezifikation (TDS)\" rel=\"noopener\">Aceton-Spezifikation (TDS)<\/a><\/p>\n","protected":false},"excerpt":{"rendered":"<p><strong>Andere Namen: Aceton, Dimethylketon, Dimethylcarbonyl, \u03b2-Ketopropan, Propanon, 2-Propanon, Dimethylformaldehyd, Pyroessigspiritus (archaisch), Ketonpropan.<\/strong><\/p>\n<p>Aceton ist mit Wasser mischbar und dient selbst als wichtiges L\u00f6sungsmittel, typischerweise f\u00fcr Reinigungszwecke in Labors. Im Jahr 2010 wurden weltweit etwa 6,7 \u200b\u200bMillionen Tonnen produziert, haupts\u00e4chlich zur Verwendung als L\u00f6sungsmittel und zur Herstellung von Methylmethacrylat und Bisphenol A. Es ist ein g\u00e4ngiger Baustein in der organischen Chemie. Bekannte Haushaltsanwendungen von Aceton sind der Wirkstoff in Nagellackentferner und als Farbverd\u00fcnner.<\/p>\n<p>CAS: 67-64-1<\/p>\n","protected":false},"featured_media":1741,"template":"","meta":[],"product_brand":[],"product_cat":[84,110,98,101,113,86,89],"product_tag":[],"class_list":{"0":"post-1753","1":"product","2":"type-product","3":"status-publish","4":"has-post-thumbnail","6":"product_cat-bausektor","7":"product_cat-chemie-der-metallbearbeitung","8":"product_cat-chemie-zu-hause","9":"product_cat-kosmetikindustrie","10":"product_cat-kunststoff-polyurethane","11":"product_cat-nicht-kategorisiert","12":"product_cat-pharmazeutische-produkte","14":"first","15":"instock","16":"taxable","17":"shipping-taxable","18":"purchasable","19":"product-type-variable","20":"has-default-attributes"},"yoast_head":"<!-- This site is optimized with the Yoast SEO plugin v27.5 - https:\/\/yoast.com\/product\/yoast-seo-wordpress\/ -->\n<title>Aceton (CAS 67-64-1) - MasterChem<\/title>\n<meta name=\"description\" content=\"Aceton wird im menschlichen K\u00f6rper durch normale Stoffwechselprozesse produziert und ausgeschieden. Es ist normalerweise in Blut und Urin vorhanden. Menschen mit Diabetes produzieren es in gr\u00f6\u00dferen Mengen. CAS: 67-64-1\" \/>\n<meta name=\"robots\" content=\"index, follow, max-snippet:-1, max-image-preview:large, max-video-preview:-1\" \/>\n<link rel=\"canonical\" href=\"https:\/\/masterchem.es\/de\/produkt\/aceton-cas-67-64-1\/\" \/>\n<meta property=\"og:locale\" content=\"de_DE\" \/>\n<meta property=\"og:type\" content=\"article\" \/>\n<meta property=\"og:title\" content=\"Aceton (CAS 67-64-1) - MasterChem\" \/>\n<meta property=\"og:description\" content=\"Aceton wird im menschlichen K\u00f6rper durch normale Stoffwechselprozesse produziert und ausgeschieden. Es ist normalerweise in Blut und Urin vorhanden. Menschen mit Diabetes produzieren es in gr\u00f6\u00dferen Mengen. CAS: 67-64-1\" \/>\n<meta property=\"og:url\" content=\"https:\/\/masterchem.es\/de\/produkt\/aceton-cas-67-64-1\/\" \/>\n<meta property=\"og:site_name\" content=\"MasterChem\" \/>\n<meta property=\"og:image\" content=\"https:\/\/masterchem.es\/wp-content\/uploads\/2017\/12\/Atsetoon_790kg_MaterChem-2.jpg\" \/>\n\t<meta property=\"og:image:width\" content=\"1000\" \/>\n\t<meta property=\"og:image:height\" content=\"1000\" \/>\n\t<meta property=\"og:image:type\" content=\"image\/jpeg\" \/>\n<meta name=\"twitter:card\" content=\"summary_large_image\" \/>\n<script type=\"application\/ld+json\" class=\"yoast-schema-graph\">{\"@context\":\"https:\\\/\\\/schema.org\",\"@graph\":[{\"@type\":\"WebPage\",\"@id\":\"https:\\\/\\\/masterchem.es\\\/de\\\/produkt\\\/aceton-cas-67-64-1\\\/\",\"url\":\"https:\\\/\\\/masterchem.es\\\/de\\\/produkt\\\/aceton-cas-67-64-1\\\/\",\"name\":\"Aceton (CAS 67-64-1) - MasterChem\",\"isPartOf\":{\"@id\":\"https:\\\/\\\/masterchem.es\\\/de\\\/#website\"},\"primaryImageOfPage\":{\"@id\":\"https:\\\/\\\/masterchem.es\\\/de\\\/produkt\\\/aceton-cas-67-64-1\\\/#primaryimage\"},\"image\":{\"@id\":\"https:\\\/\\\/masterchem.es\\\/de\\\/produkt\\\/aceton-cas-67-64-1\\\/#primaryimage\"},\"thumbnailUrl\":\"https:\\\/\\\/masterchem.es\\\/wp-content\\\/uploads\\\/2017\\\/12\\\/Atsetoon_790kg_MaterChem-2.jpg\",\"datePublished\":\"2017-12-12T07:10:23+00:00\",\"description\":\"Aceton wird im menschlichen K\u00f6rper durch normale Stoffwechselprozesse produziert und ausgeschieden. Es ist normalerweise in Blut und Urin vorhanden. Menschen mit Diabetes produzieren es in gr\u00f6\u00dferen Mengen. CAS: 67-64-1\",\"breadcrumb\":{\"@id\":\"https:\\\/\\\/masterchem.es\\\/de\\\/produkt\\\/aceton-cas-67-64-1\\\/#breadcrumb\"},\"inLanguage\":\"de-DE\",\"potentialAction\":[{\"@type\":\"ReadAction\",\"target\":[\"https:\\\/\\\/masterchem.es\\\/de\\\/produkt\\\/aceton-cas-67-64-1\\\/\"]}]},{\"@type\":\"ImageObject\",\"inLanguage\":\"de-DE\",\"@id\":\"https:\\\/\\\/masterchem.es\\\/de\\\/produkt\\\/aceton-cas-67-64-1\\\/#primaryimage\",\"url\":\"https:\\\/\\\/masterchem.es\\\/wp-content\\\/uploads\\\/2017\\\/12\\\/Atsetoon_790kg_MaterChem-2.jpg\",\"contentUrl\":\"https:\\\/\\\/masterchem.es\\\/wp-content\\\/uploads\\\/2017\\\/12\\\/Atsetoon_790kg_MaterChem-2.jpg\",\"width\":1000,\"height\":1000},{\"@type\":\"BreadcrumbList\",\"@id\":\"https:\\\/\\\/masterchem.es\\\/de\\\/produkt\\\/aceton-cas-67-64-1\\\/#breadcrumb\",\"itemListElement\":[{\"@type\":\"ListItem\",\"position\":1,\"name\":\"Home\",\"item\":\"https:\\\/\\\/masterchem.es\\\/de\\\/\"},{\"@type\":\"ListItem\",\"position\":2,\"name\":\"Tienda\",\"item\":\"https:\\\/\\\/masterchem.es\\\/tienda\\\/\"},{\"@type\":\"ListItem\",\"position\":3,\"name\":\"Aceton (CAS 67-64-1)\"}]},{\"@type\":\"WebSite\",\"@id\":\"https:\\\/\\\/masterchem.es\\\/de\\\/#website\",\"url\":\"https:\\\/\\\/masterchem.es\\\/de\\\/\",\"name\":\"MasterChem\",\"description\":\"proveedor de productos qu&iacute;micos\",\"potentialAction\":[{\"@type\":\"SearchAction\",\"target\":{\"@type\":\"EntryPoint\",\"urlTemplate\":\"https:\\\/\\\/masterchem.es\\\/de\\\/?s={search_term_string}\"},\"query-input\":{\"@type\":\"PropertyValueSpecification\",\"valueRequired\":true,\"valueName\":\"search_term_string\"}}],\"inLanguage\":\"de-DE\"}]}<\/script>\n<!-- \/ Yoast SEO plugin. -->","yoast_head_json":{"title":"Aceton (CAS 67-64-1) - MasterChem","description":"Aceton wird im menschlichen K\u00f6rper durch normale Stoffwechselprozesse produziert und ausgeschieden. Es ist normalerweise in Blut und Urin vorhanden. Menschen mit Diabetes produzieren es in gr\u00f6\u00dferen Mengen. CAS: 67-64-1","robots":{"index":"index","follow":"follow","max-snippet":"max-snippet:-1","max-image-preview":"max-image-preview:large","max-video-preview":"max-video-preview:-1"},"canonical":"https:\/\/masterchem.es\/de\/produkt\/aceton-cas-67-64-1\/","og_locale":"de_DE","og_type":"article","og_title":"Aceton (CAS 67-64-1) - MasterChem","og_description":"Aceton wird im menschlichen K\u00f6rper durch normale Stoffwechselprozesse produziert und ausgeschieden. Es ist normalerweise in Blut und Urin vorhanden. Menschen mit Diabetes produzieren es in gr\u00f6\u00dferen Mengen. CAS: 67-64-1","og_url":"https:\/\/masterchem.es\/de\/produkt\/aceton-cas-67-64-1\/","og_site_name":"MasterChem","og_image":[{"width":1000,"height":1000,"url":"https:\/\/masterchem.es\/wp-content\/uploads\/2017\/12\/Atsetoon_790kg_MaterChem-2.jpg","type":"image\/jpeg"}],"twitter_card":"summary_large_image","schema":{"@context":"https:\/\/schema.org","@graph":[{"@type":"WebPage","@id":"https:\/\/masterchem.es\/de\/produkt\/aceton-cas-67-64-1\/","url":"https:\/\/masterchem.es\/de\/produkt\/aceton-cas-67-64-1\/","name":"Aceton (CAS 67-64-1) - MasterChem","isPartOf":{"@id":"https:\/\/masterchem.es\/de\/#website"},"primaryImageOfPage":{"@id":"https:\/\/masterchem.es\/de\/produkt\/aceton-cas-67-64-1\/#primaryimage"},"image":{"@id":"https:\/\/masterchem.es\/de\/produkt\/aceton-cas-67-64-1\/#primaryimage"},"thumbnailUrl":"https:\/\/masterchem.es\/wp-content\/uploads\/2017\/12\/Atsetoon_790kg_MaterChem-2.jpg","datePublished":"2017-12-12T07:10:23+00:00","description":"Aceton wird im menschlichen K\u00f6rper durch normale Stoffwechselprozesse produziert und ausgeschieden. Es ist normalerweise in Blut und Urin vorhanden. Menschen mit Diabetes produzieren es in gr\u00f6\u00dferen Mengen. CAS: 67-64-1","breadcrumb":{"@id":"https:\/\/masterchem.es\/de\/produkt\/aceton-cas-67-64-1\/#breadcrumb"},"inLanguage":"de-DE","potentialAction":[{"@type":"ReadAction","target":["https:\/\/masterchem.es\/de\/produkt\/aceton-cas-67-64-1\/"]}]},{"@type":"ImageObject","inLanguage":"de-DE","@id":"https:\/\/masterchem.es\/de\/produkt\/aceton-cas-67-64-1\/#primaryimage","url":"https:\/\/masterchem.es\/wp-content\/uploads\/2017\/12\/Atsetoon_790kg_MaterChem-2.jpg","contentUrl":"https:\/\/masterchem.es\/wp-content\/uploads\/2017\/12\/Atsetoon_790kg_MaterChem-2.jpg","width":1000,"height":1000},{"@type":"BreadcrumbList","@id":"https:\/\/masterchem.es\/de\/produkt\/aceton-cas-67-64-1\/#breadcrumb","itemListElement":[{"@type":"ListItem","position":1,"name":"Home","item":"https:\/\/masterchem.es\/de\/"},{"@type":"ListItem","position":2,"name":"Tienda","item":"https:\/\/masterchem.es\/tienda\/"},{"@type":"ListItem","position":3,"name":"Aceton (CAS 67-64-1)"}]},{"@type":"WebSite","@id":"https:\/\/masterchem.es\/de\/#website","url":"https:\/\/masterchem.es\/de\/","name":"MasterChem","description":"proveedor de productos qu&iacute;micos","potentialAction":[{"@type":"SearchAction","target":{"@type":"EntryPoint","urlTemplate":"https:\/\/masterchem.es\/de\/?s={search_term_string}"},"query-input":{"@type":"PropertyValueSpecification","valueRequired":true,"valueName":"search_term_string"}}],"inLanguage":"de-DE"}]}},"_links":{"self":[{"href":"https:\/\/masterchem.es\/de\/wp-json\/wp\/v2\/product\/1753","targetHints":{"allow":["GET"]}}],"collection":[{"href":"https:\/\/masterchem.es\/de\/wp-json\/wp\/v2\/product"}],"about":[{"href":"https:\/\/masterchem.es\/de\/wp-json\/wp\/v2\/types\/product"}],"wp:featuredmedia":[{"embeddable":true,"href":"https:\/\/masterchem.es\/de\/wp-json\/wp\/v2\/media\/1741"}],"wp:attachment":[{"href":"https:\/\/masterchem.es\/de\/wp-json\/wp\/v2\/media?parent=1753"}],"wp:term":[{"taxonomy":"product_brand","embeddable":true,"href":"https:\/\/masterchem.es\/de\/wp-json\/wp\/v2\/product_brand?post=1753"},{"taxonomy":"product_cat","embeddable":true,"href":"https:\/\/masterchem.es\/de\/wp-json\/wp\/v2\/product_cat?post=1753"},{"taxonomy":"product_tag","embeddable":true,"href":"https:\/\/masterchem.es\/de\/wp-json\/wp\/v2\/product_tag?post=1753"}],"curies":[{"name":"wp","href":"https:\/\/api.w.org\/{rel}","templated":true}]}}