{"id":1788,"date":"2017-12-12T07:10:22","date_gmt":"2017-12-12T07:10:22","guid":{"rendered":"https:\/\/masterchem.es\/product\/natriumhypochlorit-12-15-cas-7681-52-9\/"},"modified":"2017-12-12T07:10:22","modified_gmt":"2017-12-12T07:10:22","slug":"natriumhypochlorit-12-15-cas-7681-52-9","status":"publish","type":"product","link":"https:\/\/masterchem.es\/de\/produkt\/natriumhypochlorit-12-15-cas-7681-52-9\/","title":{"rendered":"Natriumhypochlorit 12-15 % (CAS 7681-52-9)"},"content":{"rendered":"<p><strong>EINECS 231-668-3<\/strong><\/p>\n<p>Die Desinfektion der COVID-19-Quelle sollte mit einer 0,1-0,5%igen Natriumhypochloritl\u00f6sung erfolgen (Empfehlung der WHO und des Gesundheitsamtes).<\/p>\n<p><strong>Beschreibung:<\/strong><\/p>\n<p>Natriumhypochlorit (Natriumhypochlorit, Natriumhypochlorit) ist eine anorganische Verbindung, das Natriumsalz der unterchlorigen S\u00e4ure. Ein trivialer (historischer) Name f\u00fcr eine w\u00e4ssrige Salzl\u00f6sung ist \u201eagua de labarraca\u201c oder \u201eagua de boar\u201c.<\/p>\n<p>Die Verbindung im freien Zustand ist sehr instabil, sie wird im Allgemeinen in Form von NaOCl 5H2O-Pentahydrat oder einer relativ stabilen w\u00e4ssrigen L\u00f6sung verwendet, die einen charakteristischen starken Chlorgeruch und hohe korrosive Eigenschaften hat.<\/p>\n<p>Es wirkt antiseptisch und desinfizierend. Es wird als Bleich- und Desinfektionsmittel im Haushalt und in der Industrie, als Wasserreinigungs- und Desinfektionsmittel und als Oxidationsmittel in einigen industriellen chemischen Produktionsprozessen verwendet. Als bakterizides und sterilisierendes Mittel wird es in der Medizin, Lebensmittelindustrie und Landwirtschaft eingesetzt.<\/p>\n<p><strong>Anwendung in der Medizin.<\/strong><\/p>\n<p>In der modernen medizinischen Praxis werden antiseptische Natriumhypochloritl\u00f6sungen haupts\u00e4chlich zur \u00e4u\u00dferlichen und lokalen Anwendung als antivirales, antimykotisches und bakterizides Mittel bei der Behandlung von Haut, Schleimh\u00e4uten und Wunden verwendet. Hypochlorit ist gegen viele grampositive und gramnegative Bakterien, die meisten pathogenen Pilze, Viren und Protozoen wirksam, obwohl seine Wirksamkeit in Gegenwart von Blut oder seinen Bestandteilen verringert wird.<\/p>\n<p>In der Zahnheilkunde wird Natriumhypochlorit am h\u00e4ufigsten in der Endodontie als antiseptische Sp\u00fcll\u00f6sung (0,5-5,25 % NaOCl-Konzentration) verwendet. Die Popularit\u00e4t von NaOCl wird durch die allgemeine Verf\u00fcgbarkeit und die niedrigen Kosten der L\u00f6sung sowie die bakterizide und antivirale Wirkung gegen so gef\u00e4hrliche Viren wie HIV, Rotavirus, Herpesvirus, Hepatitis A und B bestimmt. Es gibt Hinweise auf die Verwendung von Natrium Hypochlorit bei der Behandlung von Virushepatitis: Es hat eine breite Palette von antiviralen, entgiftenden und antioxidativen Wirkungen. NaOCl-L\u00f6sungen k\u00f6nnen verwendet werden, um bestimmte medizinische Ger\u00e4te, Patientenpflegeprodukte, Geschirr, Bettzeug, Spielzeug, R\u00e4ume, Hartm\u00f6bel und Sanit\u00e4rbedarf zu sterilisieren. Aufgrund seiner hohen Korrosivit\u00e4t wird Hypochlorit nicht f\u00fcr Metallwerkzeuge und -ger\u00e4te verwendet. Wir weisen auch auf die Verwendung von Natriumhypochloritl\u00f6sungen in der Veterin\u00e4rmedizin hin: Sie werden zur Desinfektion von Stallgeb\u00e4uden verwendet.<\/p>\n<p><strong>industrielle Anwendung.<\/strong><\/p>\n<p>Verwendung als industrielles Bleichmittel.<\/p>\n<p>Der Einsatz von Natriumhypochlorit als Bleichmittel geh\u00f6rt neben der Desinfektion und Reinigung von Trinkwasser zu den vorrangigen Bereichen der industriellen Anwendung.<\/p>\n<p>W\u00e4ssrige NaOCl-L\u00f6sungen, die 10-12 % des Wirkstoffs enthalten, werden im Allgemeinen als Bleichmittel f\u00fcr industrielle Zwecke verwendet.<\/p>\n<p>Natriumhypochlorit wird h\u00e4ufig als Bleichmittel und Fleckentferner in der Textilindustrie und in industriellen W\u00e4schereien und chemischen Reinigungen verwendet. Es kann sicher auf vielen Arten von Stoffen verwendet werden, einschlie\u00dflich Baumwolle, Polyester, Nylon, Acetat, Leinen, Viskose und mehr. Es ist sehr effektiv bei der Entfernung von Schmutzspuren und verschiedenen Flecken wie Blut, Kaffee, Kr\u00e4utern, Senf, Rotwein usw.<\/p>\n<p>Natriumhypochlorit wird auch in der Zellstoff- und Papierindustrie zum Bleichen von Zellstoff verwendet. Die NaOCl-Bleiche folgt im Allgemeinen dem Chlorierungsschritt und ist einer der chemischen Holzbehandlungsschritte, die verwendet werden, um einen hohen Zellstoffwei\u00dfgrad zu erreichen. Faserige Halbprodukte werden in speziellen Hypochlorit-Bleicht\u00fcrmen in einer alkalischen Umgebung (pH 8-9) bei einer Temperatur von 35-40 \u00b0C f\u00fcr 2-3 Stunden verarbeitet. Dabei wird das Lignin oxidiert und chloriert, sowie die chromophoren Gruppen der organischen Molek\u00fcle zerst\u00f6rt.<\/p>\n<p><strong>Verwendung als industrielles Desinfektionsmittel.<\/strong><\/p>\n<p><em><strong>Es kann in Schlachth\u00f6fen, Fleischzerlegungsbetrieben, Fischindustrie, Gefl\u00fcgelindustrie, Lebensmittelindustrie, Molkereien, Brauereien, Getr\u00e4nkeindustrie und Gem\u00fcseindustrie verwendet werden. Zum Entfernen von Schmutz von Huhn, Schwein, Rind, Fisch und Gem\u00fcse. F\u00fcr Arbeitsfl\u00e4chen, B\u00f6den, W\u00e4nde, Maschinen und F\u00f6rderb\u00e4nder.<\/strong><\/em><\/p>\n<p><em><strong>pH 14<\/strong><\/em><\/p>\n<p>Die weit verbreitete Verwendung von Natriumhypochlorit als industrielles Desinfektionsmittel ist haupts\u00e4chlich mit folgenden Bereichen verbunden:<\/p>\n<p>Desinfektion des Trinkwassers vor seiner Einspeisung in das Wasserversorgungsnetz der Stadt;<\/p>\n<p>Wasserdesinfektion und Algizidbehandlung in Schwimmb\u00e4dern und Teichen;<\/p>\n<p>Reinigung von h\u00e4uslichem und industriellem Abwasser, Reinigung von organischen und anorganischen Verunreinigungen;<\/p>\n<p>in der Brau-, Wein- und Milchindustrie &#8211; Desinfektion von Anlagen, Rohrleitungen, Tanks;<\/p>\n<p>fungizide und bakterizide Behandlung von Getreide;<\/p>\n<p>Desinfektion von Wasser in Fischteichen;<\/p>\n<p>Desinfektion von technischen R\u00e4umen.<\/p>\n<p>Hypochlorit als Desinfektionsmittel ist Bestandteil einiger Geschirrsp\u00fclmaschinen und anderer fl\u00fcssiger synthetischer Reinigungsmittel.<\/p>\n<p><strong>Verpackung:<\/strong><\/p>\n<p>5 L Plastikdosen<\/p>\n<p>25 L Plastikdosen<\/p>\n<p>200 UN beleuchtete Kunststofff\u00e4sser<\/p>\n<p>500 Liter UN-Knochen<\/p>\n","protected":false},"excerpt":{"rendered":"<p>Die Desinfektion der COVID-19-Quelle sollte mit einer 0,1-0,5%igen Natriumhypochloritl\u00f6sung erfolgen (Empfehlung der WHO und des Gesundheitsamtes).<\/p>\n","protected":false},"featured_media":1776,"template":"","meta":[],"product_brand":[],"product_cat":[81,104,101,86,89],"product_tag":[],"class_list":{"0":"post-1788","1":"product","2":"type-product","3":"status-publish","4":"has-post-thumbnail","6":"product_cat-desinfektionsmittel-fur-hande","7":"product_cat-frostschutzmittel","8":"product_cat-kosmetikindustrie","9":"product_cat-nicht-kategorisiert","10":"product_cat-pharmazeutische-produkte","12":"first","13":"instock","14":"taxable","15":"shipping-taxable","16":"purchasable","17":"product-type-variable","18":"has-default-attributes"},"yoast_head":"<!-- This site is optimized with the Yoast SEO plugin v27.5 - https:\/\/yoast.com\/product\/yoast-seo-wordpress\/ -->\n<title>Natriumhypochlorit 12-15 % (CAS 7681-52-9) - MasterChem<\/title>\n<meta name=\"description\" content=\"Die Desinfektion der COVID-19-Quelle sollte mit einer 0,1-0,5%igen Natriumhypochloritl\u00f6sung erfolgen (Empfehlung der WHO und des Gesundheitsamtes).\" \/>\n<meta name=\"robots\" content=\"index, follow, max-snippet:-1, max-image-preview:large, max-video-preview:-1\" \/>\n<link rel=\"canonical\" href=\"https:\/\/masterchem.es\/de\/produkt\/natriumhypochlorit-12-15-cas-7681-52-9\/\" \/>\n<meta property=\"og:locale\" content=\"de_DE\" \/>\n<meta property=\"og:type\" content=\"article\" \/>\n<meta property=\"og:title\" content=\"Natriumhypochlorit 12-15 % (CAS 7681-52-9) - MasterChem\" \/>\n<meta property=\"og:description\" content=\"Die Desinfektion der COVID-19-Quelle sollte mit einer 0,1-0,5%igen Natriumhypochloritl\u00f6sung erfolgen (Empfehlung der WHO und des Gesundheitsamtes).\" \/>\n<meta property=\"og:url\" content=\"https:\/\/masterchem.es\/de\/produkt\/natriumhypochlorit-12-15-cas-7681-52-9\/\" \/>\n<meta property=\"og:site_name\" content=\"MasterChem\" \/>\n<meta property=\"og:image\" content=\"https:\/\/masterchem.es\/wp-content\/uploads\/2017\/12\/Sodium-hypochlorite-1000l-MasterChem.jpg\" \/>\n\t<meta property=\"og:image:width\" content=\"1000\" \/>\n\t<meta property=\"og:image:height\" content=\"1000\" \/>\n\t<meta property=\"og:image:type\" content=\"image\/jpeg\" \/>\n<meta name=\"twitter:card\" content=\"summary_large_image\" \/>\n<meta name=\"twitter:label1\" content=\"Gesch\u00e4tzte Lesezeit\" \/>\n\t<meta name=\"twitter:data1\" content=\"3 Minuten\" \/>\n<script type=\"application\/ld+json\" class=\"yoast-schema-graph\">{\"@context\":\"https:\\\/\\\/schema.org\",\"@graph\":[{\"@type\":\"WebPage\",\"@id\":\"https:\\\/\\\/masterchem.es\\\/de\\\/produkt\\\/natriumhypochlorit-12-15-cas-7681-52-9\\\/\",\"url\":\"https:\\\/\\\/masterchem.es\\\/de\\\/produkt\\\/natriumhypochlorit-12-15-cas-7681-52-9\\\/\",\"name\":\"Natriumhypochlorit 12-15 % (CAS 7681-52-9) - MasterChem\",\"isPartOf\":{\"@id\":\"https:\\\/\\\/masterchem.es\\\/de\\\/#website\"},\"primaryImageOfPage\":{\"@id\":\"https:\\\/\\\/masterchem.es\\\/de\\\/produkt\\\/natriumhypochlorit-12-15-cas-7681-52-9\\\/#primaryimage\"},\"image\":{\"@id\":\"https:\\\/\\\/masterchem.es\\\/de\\\/produkt\\\/natriumhypochlorit-12-15-cas-7681-52-9\\\/#primaryimage\"},\"thumbnailUrl\":\"https:\\\/\\\/masterchem.es\\\/wp-content\\\/uploads\\\/2017\\\/12\\\/Sodium-hypochlorite-1000l-MasterChem.jpg\",\"datePublished\":\"2017-12-12T07:10:22+00:00\",\"description\":\"Die Desinfektion der COVID-19-Quelle sollte mit einer 0,1-0,5%igen Natriumhypochloritl\u00f6sung erfolgen (Empfehlung der WHO und des Gesundheitsamtes).\",\"breadcrumb\":{\"@id\":\"https:\\\/\\\/masterchem.es\\\/de\\\/produkt\\\/natriumhypochlorit-12-15-cas-7681-52-9\\\/#breadcrumb\"},\"inLanguage\":\"de-DE\",\"potentialAction\":[{\"@type\":\"ReadAction\",\"target\":[\"https:\\\/\\\/masterchem.es\\\/de\\\/produkt\\\/natriumhypochlorit-12-15-cas-7681-52-9\\\/\"]}]},{\"@type\":\"ImageObject\",\"inLanguage\":\"de-DE\",\"@id\":\"https:\\\/\\\/masterchem.es\\\/de\\\/produkt\\\/natriumhypochlorit-12-15-cas-7681-52-9\\\/#primaryimage\",\"url\":\"https:\\\/\\\/masterchem.es\\\/wp-content\\\/uploads\\\/2017\\\/12\\\/Sodium-hypochlorite-1000l-MasterChem.jpg\",\"contentUrl\":\"https:\\\/\\\/masterchem.es\\\/wp-content\\\/uploads\\\/2017\\\/12\\\/Sodium-hypochlorite-1000l-MasterChem.jpg\",\"width\":1000,\"height\":1000},{\"@type\":\"BreadcrumbList\",\"@id\":\"https:\\\/\\\/masterchem.es\\\/de\\\/produkt\\\/natriumhypochlorit-12-15-cas-7681-52-9\\\/#breadcrumb\",\"itemListElement\":[{\"@type\":\"ListItem\",\"position\":1,\"name\":\"Home\",\"item\":\"https:\\\/\\\/masterchem.es\\\/de\\\/\"},{\"@type\":\"ListItem\",\"position\":2,\"name\":\"Tienda\",\"item\":\"https:\\\/\\\/masterchem.es\\\/tienda\\\/\"},{\"@type\":\"ListItem\",\"position\":3,\"name\":\"Natriumhypochlorit 12-15 % (CAS 7681-52-9)\"}]},{\"@type\":\"WebSite\",\"@id\":\"https:\\\/\\\/masterchem.es\\\/de\\\/#website\",\"url\":\"https:\\\/\\\/masterchem.es\\\/de\\\/\",\"name\":\"MasterChem\",\"description\":\"proveedor de productos qu&iacute;micos\",\"potentialAction\":[{\"@type\":\"SearchAction\",\"target\":{\"@type\":\"EntryPoint\",\"urlTemplate\":\"https:\\\/\\\/masterchem.es\\\/de\\\/?s={search_term_string}\"},\"query-input\":{\"@type\":\"PropertyValueSpecification\",\"valueRequired\":true,\"valueName\":\"search_term_string\"}}],\"inLanguage\":\"de-DE\"}]}<\/script>\n<!-- \/ Yoast SEO plugin. -->","yoast_head_json":{"title":"Natriumhypochlorit 12-15 % (CAS 7681-52-9) - MasterChem","description":"Die Desinfektion der COVID-19-Quelle sollte mit einer 0,1-0,5%igen Natriumhypochloritl\u00f6sung erfolgen (Empfehlung der WHO und des Gesundheitsamtes).","robots":{"index":"index","follow":"follow","max-snippet":"max-snippet:-1","max-image-preview":"max-image-preview:large","max-video-preview":"max-video-preview:-1"},"canonical":"https:\/\/masterchem.es\/de\/produkt\/natriumhypochlorit-12-15-cas-7681-52-9\/","og_locale":"de_DE","og_type":"article","og_title":"Natriumhypochlorit 12-15 % (CAS 7681-52-9) - MasterChem","og_description":"Die Desinfektion der COVID-19-Quelle sollte mit einer 0,1-0,5%igen Natriumhypochloritl\u00f6sung erfolgen (Empfehlung der WHO und des Gesundheitsamtes).","og_url":"https:\/\/masterchem.es\/de\/produkt\/natriumhypochlorit-12-15-cas-7681-52-9\/","og_site_name":"MasterChem","og_image":[{"width":1000,"height":1000,"url":"https:\/\/masterchem.es\/wp-content\/uploads\/2017\/12\/Sodium-hypochlorite-1000l-MasterChem.jpg","type":"image\/jpeg"}],"twitter_card":"summary_large_image","twitter_misc":{"Gesch\u00e4tzte Lesezeit":"3 Minuten"},"schema":{"@context":"https:\/\/schema.org","@graph":[{"@type":"WebPage","@id":"https:\/\/masterchem.es\/de\/produkt\/natriumhypochlorit-12-15-cas-7681-52-9\/","url":"https:\/\/masterchem.es\/de\/produkt\/natriumhypochlorit-12-15-cas-7681-52-9\/","name":"Natriumhypochlorit 12-15 % (CAS 7681-52-9) - MasterChem","isPartOf":{"@id":"https:\/\/masterchem.es\/de\/#website"},"primaryImageOfPage":{"@id":"https:\/\/masterchem.es\/de\/produkt\/natriumhypochlorit-12-15-cas-7681-52-9\/#primaryimage"},"image":{"@id":"https:\/\/masterchem.es\/de\/produkt\/natriumhypochlorit-12-15-cas-7681-52-9\/#primaryimage"},"thumbnailUrl":"https:\/\/masterchem.es\/wp-content\/uploads\/2017\/12\/Sodium-hypochlorite-1000l-MasterChem.jpg","datePublished":"2017-12-12T07:10:22+00:00","description":"Die Desinfektion der COVID-19-Quelle sollte mit einer 0,1-0,5%igen Natriumhypochloritl\u00f6sung erfolgen (Empfehlung der WHO und des Gesundheitsamtes).","breadcrumb":{"@id":"https:\/\/masterchem.es\/de\/produkt\/natriumhypochlorit-12-15-cas-7681-52-9\/#breadcrumb"},"inLanguage":"de-DE","potentialAction":[{"@type":"ReadAction","target":["https:\/\/masterchem.es\/de\/produkt\/natriumhypochlorit-12-15-cas-7681-52-9\/"]}]},{"@type":"ImageObject","inLanguage":"de-DE","@id":"https:\/\/masterchem.es\/de\/produkt\/natriumhypochlorit-12-15-cas-7681-52-9\/#primaryimage","url":"https:\/\/masterchem.es\/wp-content\/uploads\/2017\/12\/Sodium-hypochlorite-1000l-MasterChem.jpg","contentUrl":"https:\/\/masterchem.es\/wp-content\/uploads\/2017\/12\/Sodium-hypochlorite-1000l-MasterChem.jpg","width":1000,"height":1000},{"@type":"BreadcrumbList","@id":"https:\/\/masterchem.es\/de\/produkt\/natriumhypochlorit-12-15-cas-7681-52-9\/#breadcrumb","itemListElement":[{"@type":"ListItem","position":1,"name":"Home","item":"https:\/\/masterchem.es\/de\/"},{"@type":"ListItem","position":2,"name":"Tienda","item":"https:\/\/masterchem.es\/tienda\/"},{"@type":"ListItem","position":3,"name":"Natriumhypochlorit 12-15 % (CAS 7681-52-9)"}]},{"@type":"WebSite","@id":"https:\/\/masterchem.es\/de\/#website","url":"https:\/\/masterchem.es\/de\/","name":"MasterChem","description":"proveedor de productos qu&iacute;micos","potentialAction":[{"@type":"SearchAction","target":{"@type":"EntryPoint","urlTemplate":"https:\/\/masterchem.es\/de\/?s={search_term_string}"},"query-input":{"@type":"PropertyValueSpecification","valueRequired":true,"valueName":"search_term_string"}}],"inLanguage":"de-DE"}]}},"_links":{"self":[{"href":"https:\/\/masterchem.es\/de\/wp-json\/wp\/v2\/product\/1788","targetHints":{"allow":["GET"]}}],"collection":[{"href":"https:\/\/masterchem.es\/de\/wp-json\/wp\/v2\/product"}],"about":[{"href":"https:\/\/masterchem.es\/de\/wp-json\/wp\/v2\/types\/product"}],"wp:featuredmedia":[{"embeddable":true,"href":"https:\/\/masterchem.es\/de\/wp-json\/wp\/v2\/media\/1776"}],"wp:attachment":[{"href":"https:\/\/masterchem.es\/de\/wp-json\/wp\/v2\/media?parent=1788"}],"wp:term":[{"taxonomy":"product_brand","embeddable":true,"href":"https:\/\/masterchem.es\/de\/wp-json\/wp\/v2\/product_brand?post=1788"},{"taxonomy":"product_cat","embeddable":true,"href":"https:\/\/masterchem.es\/de\/wp-json\/wp\/v2\/product_cat?post=1788"},{"taxonomy":"product_tag","embeddable":true,"href":"https:\/\/masterchem.es\/de\/wp-json\/wp\/v2\/product_tag?post=1788"}],"curies":[{"name":"wp","href":"https:\/\/api.w.org\/{rel}","templated":true}]}}