{"id":1828,"date":"2017-12-12T04:38:13","date_gmt":"2017-12-12T04:38:13","guid":{"rendered":"https:\/\/masterchem.es\/product\/denaturiertes-ethanol-cas-64-17-5\/"},"modified":"2017-12-12T04:38:13","modified_gmt":"2017-12-12T04:38:13","slug":"ethanol-denaturiertes-cas-64-17-5","status":"publish","type":"product","link":"https:\/\/masterchem.es\/de\/produkt\/ethanol-denaturiertes-cas-64-17-5\/","title":{"rendered":"Denaturiertes Ethanol (CAS 64-17-5)"},"content":{"rendered":"<p><a href=\"https:\/\/masterchem.ee\/wp-content\/uploads\/2019\/09\/Denatureeritud-etanool-MasterChem-ohutuskaart-MSDS-EST-03-2020-sv.pdf\" target=\"_blank\" rel=\"noopener noreferrer\">Materialsicherheitsdatenbl\u00e4tter (MSDS)<\/a><\/p>\n<p>Ethanol (auch Ethylalkohol, Getreidealkohol oder einfach Alkohol genannt, Un 1170, Un1170) ist eine chemische Verbindung, ein einfacher Alkohol mit der chemischen Formel C<sub>2<\/sub>H<sub>6<\/sub>O . Seine Formel kann auch geschrieben werden als CH<sub>3<\/sub>\u2212CH<sub>2<\/sub>\u2212OH o C<sub>2<\/sub>H<sub>5<\/sub>OH (eine an eine Hydroxylgruppe gebundene Ethylgruppe) und wird oft als abgek\u00fcrzt <strong>EtOH<\/strong>. Ethanol ist eine farblose, fl\u00fcchtige und brennbare Fl\u00fcssigkeit mit leicht charakteristischem Geruch.<\/p>\n<p>Wir bieten nur denaturiertes Ethanol an.<\/p>\n<p>Anzahl CAS 64-17-5<\/p>\n<p>Anzahl CE 200-578-6<\/p>\n<p><strong>Anwendung und Verwendung: <\/strong><\/p>\n<p>Ethylalkohol wird verwendet in:<\/p>\n<p>&#8211; Apotheke als externes Antiseptikum zur Desinfektion von H\u00e4nden und chirurgischen Instrumenten<\/p>\n<p>&#8211; Duftstoffe f\u00fcr die Herstellung von Kosmetika, als Hauptbestandteil von Aerosolen, Parfums, Colognes und ist auch Bestandteil von Kosmetika wie Shampoos, Duschgels, Zahnpasten<\/p>\n<p>&#8211; In Autowerkst\u00e4tten wird diese Fl\u00fcssigkeit zum Entfetten einer Metalloberfl\u00e4che, zum Lackieren einer Karosserie, zum Reinigen von Aggregaten (EA8099 Ethylalkohol) verwendet.<\/p>\n<p>&#8211; F\u00fcr Haushaltszwecke ist es Heizung, Kochen, Reinigungsmittel und Handdesinfektionsmittel (z. B. EA8099 Ethylalkohol), um die Oberfl\u00e4che von Fett und \u00d6len zu reinigen<\/p>\n<p>&#8211; c, Frostschutzfl\u00fcssigkeit in Heizsystemen von Erdschleifen, wir haben Produkte mit unterschiedlichen Gefriertemperaturen und unterschiedlichen Verpackungen vorgestellt<\/p>\n<p>&#8211; Die chemische Industrie ist ein L\u00f6sungsmittel, sie wird als Rohstoff f\u00fcr die Herstellung bestimmter Chemikalien verwendet, ein Bestandteil bei der Herstellung von Autoscheiben-Reinigungsfl\u00fcssigkeiten (wir haben Produkte mit unterschiedlichen Gefriertemperaturen und unterschiedlichen Verpackungen).<\/p>\n<p>&#8211; in der Druckindustrie als L\u00f6sungsmittel f\u00fcr Waschanlagen. Wir bieten sowohl ein reines Produkt (EA8099 Ethylalkohol) als auch eine Mischung aus 90 % Ethanol und 10 % Ethylacetat als EE-9010-L\u00f6sungsmittelprodukt an.<\/p>\n<p>&#8211; In der Farben- und Lackindustrie wird es zur Herstellung von Farbstoffen, Farbstoffen und L\u00f6sungsmitteln f\u00fcr Waschanlagen verwendet.<\/p>\n<p>&#8211; in der Glasindustrie zum Entfetten von Oberfl\u00e4chen<\/p>\n<p>&#8211; in der Lederindustrie ein wesentlicher Bestandteil der Ledergerbung<\/p>\n<p>&#8211; In der Elektronik: bei der Herstellung von Mikroschaltkreisen als Substanz, die f\u00fcr die Wartung der Ausr\u00fcstung (z. B. f\u00fcr ihre Reinigung) erforderlich ist.<\/p>\n<p>Tipp: Lagern Sie das Produkt bei einer Temperatur zwischen 0\u00b0C und 35\u00b0C und setzen Sie es keiner direkten Sonneneinstrahlung aus.<\/p>\n<p><strong>Eigenschaften: <\/strong><\/p>\n<p>Dichte: bei 20 Grad C \u2013 0,78 g\/cm3 +-0,01<\/p>\n<p>Farbe &#8211; farblose Fl\u00fcssigkeit<\/p>\n","protected":false},"excerpt":{"rendered":"<p>Ethanol (auch Ethylalkohol, Getreidealkohol oder einfach nur Alkohol genannt) ist eine chemische Verbindung, ein einfacher Alkohol mit der chemischen Formel C<sub>2<\/sub>H<sub>6<\/sub>O. Seine Formel kann auch geschrieben werden als CH<sub>3<\/sub>\u2212CH<sub>2<\/sub>\u2212OH o C<sub>2<\/sub>H<sub>5<\/sub>OH (eine Ethylgruppe, die an eine Hydroxylgruppe gebunden ist), und wird oft als abgek\u00fcrzt <strong>EtOH<\/strong>. Ethanol ist eine farblose, fl\u00fcchtige und brennbare Fl\u00fcssigkeit mit leicht ausgepr\u00e4gtem Geruch.<\/p>\n<p><a target=\"_blank\" href=\"https:\/\/masterchem.ee\/wp-content\/uploads\/2019\/09\/Denaturated-Ethyl-Alcohol-Masterchem.pdf\" class=\"pdf\" alt=\"Spezifikation f\u00fcr denaturierten Ethanol (TDS).\" title=\"Spezifikation f\u00fcr denaturierten Ethanol (TDS).\" rel=\"noopener\">Spezifikation f\u00fcr denaturierten Ethanol (TDS).<\/a><\/p>\n","protected":false},"featured_media":1812,"template":"","meta":[],"product_brand":[],"product_cat":[78,84,110,104,86,89],"product_tag":[],"class_list":{"0":"post-1828","1":"product","2":"type-product","3":"status-publish","4":"has-post-thumbnail","6":"product_cat-automobilchemie","7":"product_cat-bausektor","8":"product_cat-chemie-der-metallbearbeitung","9":"product_cat-frostschutzmittel","10":"product_cat-nicht-kategorisiert","11":"product_cat-pharmazeutische-produkte","13":"first","14":"instock","15":"taxable","16":"shipping-taxable","17":"purchasable","18":"product-type-variable","19":"has-default-attributes"},"yoast_head":"<!-- This site is optimized with the Yoast SEO plugin v27.5 - https:\/\/yoast.com\/product\/yoast-seo-wordpress\/ -->\n<title>Denaturiertes Ethanol (CAS 64-17-5) - MasterChem<\/title>\n<meta name=\"description\" content=\"Ethanol (auch Ethylalkohol, Getreidealkohol oder einfach nur Alkohol genannt) ist eine chemische Verbindung, ein einfacher Alkohol mit der chemischen Formel C2H6O. Wir bieten nur denaturiertes Ethanol an. CAS 64-17-5\" \/>\n<meta name=\"robots\" content=\"index, follow, max-snippet:-1, max-image-preview:large, max-video-preview:-1\" \/>\n<link rel=\"canonical\" href=\"https:\/\/masterchem.es\/de\/produkt\/ethanol-denaturiertes-cas-64-17-5\/\" \/>\n<meta property=\"og:locale\" content=\"de_DE\" \/>\n<meta property=\"og:type\" content=\"article\" \/>\n<meta property=\"og:title\" content=\"Denaturiertes Ethanol (CAS 64-17-5) - MasterChem\" \/>\n<meta property=\"og:description\" content=\"Ethanol (auch Ethylalkohol, Getreidealkohol oder einfach nur Alkohol genannt) ist eine chemische Verbindung, ein einfacher Alkohol mit der chemischen Formel C2H6O. Wir bieten nur denaturiertes Ethanol an. CAS 64-17-5\" \/>\n<meta property=\"og:url\" content=\"https:\/\/masterchem.es\/de\/produkt\/ethanol-denaturiertes-cas-64-17-5\/\" \/>\n<meta property=\"og:site_name\" content=\"MasterChem\" \/>\n<meta property=\"og:image\" content=\"https:\/\/masterchem.es\/wp-content\/uploads\/2017\/12\/Etanool_Denatureeritud_1000l_MaterChem-2.jpg\" \/>\n\t<meta property=\"og:image:width\" content=\"1000\" \/>\n\t<meta property=\"og:image:height\" content=\"1000\" \/>\n\t<meta property=\"og:image:type\" content=\"image\/jpeg\" \/>\n<meta name=\"twitter:card\" content=\"summary_large_image\" \/>\n<meta name=\"twitter:label1\" content=\"Gesch\u00e4tzte Lesezeit\" \/>\n\t<meta name=\"twitter:data1\" content=\"2 Minuten\" \/>\n<script type=\"application\/ld+json\" class=\"yoast-schema-graph\">{\"@context\":\"https:\\\/\\\/schema.org\",\"@graph\":[{\"@type\":\"WebPage\",\"@id\":\"https:\\\/\\\/masterchem.es\\\/de\\\/produkt\\\/ethanol-denaturiertes-cas-64-17-5\\\/\",\"url\":\"https:\\\/\\\/masterchem.es\\\/de\\\/produkt\\\/ethanol-denaturiertes-cas-64-17-5\\\/\",\"name\":\"Denaturiertes Ethanol (CAS 64-17-5) - MasterChem\",\"isPartOf\":{\"@id\":\"https:\\\/\\\/masterchem.es\\\/de\\\/#website\"},\"primaryImageOfPage\":{\"@id\":\"https:\\\/\\\/masterchem.es\\\/de\\\/produkt\\\/ethanol-denaturiertes-cas-64-17-5\\\/#primaryimage\"},\"image\":{\"@id\":\"https:\\\/\\\/masterchem.es\\\/de\\\/produkt\\\/ethanol-denaturiertes-cas-64-17-5\\\/#primaryimage\"},\"thumbnailUrl\":\"https:\\\/\\\/masterchem.es\\\/wp-content\\\/uploads\\\/2017\\\/12\\\/Etanool_Denatureeritud_1000l_MaterChem-2.jpg\",\"datePublished\":\"2017-12-12T04:38:13+00:00\",\"description\":\"Ethanol (auch Ethylalkohol, Getreidealkohol oder einfach nur Alkohol genannt) ist eine chemische Verbindung, ein einfacher Alkohol mit der chemischen Formel C2H6O. Wir bieten nur denaturiertes Ethanol an. CAS 64-17-5\",\"breadcrumb\":{\"@id\":\"https:\\\/\\\/masterchem.es\\\/de\\\/produkt\\\/ethanol-denaturiertes-cas-64-17-5\\\/#breadcrumb\"},\"inLanguage\":\"de-DE\",\"potentialAction\":[{\"@type\":\"ReadAction\",\"target\":[\"https:\\\/\\\/masterchem.es\\\/de\\\/produkt\\\/ethanol-denaturiertes-cas-64-17-5\\\/\"]}]},{\"@type\":\"ImageObject\",\"inLanguage\":\"de-DE\",\"@id\":\"https:\\\/\\\/masterchem.es\\\/de\\\/produkt\\\/ethanol-denaturiertes-cas-64-17-5\\\/#primaryimage\",\"url\":\"https:\\\/\\\/masterchem.es\\\/wp-content\\\/uploads\\\/2017\\\/12\\\/Etanool_Denatureeritud_1000l_MaterChem-2.jpg\",\"contentUrl\":\"https:\\\/\\\/masterchem.es\\\/wp-content\\\/uploads\\\/2017\\\/12\\\/Etanool_Denatureeritud_1000l_MaterChem-2.jpg\",\"width\":1000,\"height\":1000},{\"@type\":\"BreadcrumbList\",\"@id\":\"https:\\\/\\\/masterchem.es\\\/de\\\/produkt\\\/ethanol-denaturiertes-cas-64-17-5\\\/#breadcrumb\",\"itemListElement\":[{\"@type\":\"ListItem\",\"position\":1,\"name\":\"Home\",\"item\":\"https:\\\/\\\/masterchem.es\\\/de\\\/\"},{\"@type\":\"ListItem\",\"position\":2,\"name\":\"Tienda\",\"item\":\"https:\\\/\\\/masterchem.es\\\/tienda\\\/\"},{\"@type\":\"ListItem\",\"position\":3,\"name\":\"Denaturiertes Ethanol (CAS 64-17-5)\"}]},{\"@type\":\"WebSite\",\"@id\":\"https:\\\/\\\/masterchem.es\\\/de\\\/#website\",\"url\":\"https:\\\/\\\/masterchem.es\\\/de\\\/\",\"name\":\"MasterChem\",\"description\":\"proveedor de productos qu&iacute;micos\",\"potentialAction\":[{\"@type\":\"SearchAction\",\"target\":{\"@type\":\"EntryPoint\",\"urlTemplate\":\"https:\\\/\\\/masterchem.es\\\/de\\\/?s={search_term_string}\"},\"query-input\":{\"@type\":\"PropertyValueSpecification\",\"valueRequired\":true,\"valueName\":\"search_term_string\"}}],\"inLanguage\":\"de-DE\"}]}<\/script>\n<!-- \/ Yoast SEO plugin. -->","yoast_head_json":{"title":"Denaturiertes Ethanol (CAS 64-17-5) - MasterChem","description":"Ethanol (auch Ethylalkohol, Getreidealkohol oder einfach nur Alkohol genannt) ist eine chemische Verbindung, ein einfacher Alkohol mit der chemischen Formel C2H6O. Wir bieten nur denaturiertes Ethanol an. CAS 64-17-5","robots":{"index":"index","follow":"follow","max-snippet":"max-snippet:-1","max-image-preview":"max-image-preview:large","max-video-preview":"max-video-preview:-1"},"canonical":"https:\/\/masterchem.es\/de\/produkt\/ethanol-denaturiertes-cas-64-17-5\/","og_locale":"de_DE","og_type":"article","og_title":"Denaturiertes Ethanol (CAS 64-17-5) - MasterChem","og_description":"Ethanol (auch Ethylalkohol, Getreidealkohol oder einfach nur Alkohol genannt) ist eine chemische Verbindung, ein einfacher Alkohol mit der chemischen Formel C2H6O. Wir bieten nur denaturiertes Ethanol an. CAS 64-17-5","og_url":"https:\/\/masterchem.es\/de\/produkt\/ethanol-denaturiertes-cas-64-17-5\/","og_site_name":"MasterChem","og_image":[{"width":1000,"height":1000,"url":"https:\/\/masterchem.es\/wp-content\/uploads\/2017\/12\/Etanool_Denatureeritud_1000l_MaterChem-2.jpg","type":"image\/jpeg"}],"twitter_card":"summary_large_image","twitter_misc":{"Gesch\u00e4tzte Lesezeit":"2 Minuten"},"schema":{"@context":"https:\/\/schema.org","@graph":[{"@type":"WebPage","@id":"https:\/\/masterchem.es\/de\/produkt\/ethanol-denaturiertes-cas-64-17-5\/","url":"https:\/\/masterchem.es\/de\/produkt\/ethanol-denaturiertes-cas-64-17-5\/","name":"Denaturiertes Ethanol (CAS 64-17-5) - MasterChem","isPartOf":{"@id":"https:\/\/masterchem.es\/de\/#website"},"primaryImageOfPage":{"@id":"https:\/\/masterchem.es\/de\/produkt\/ethanol-denaturiertes-cas-64-17-5\/#primaryimage"},"image":{"@id":"https:\/\/masterchem.es\/de\/produkt\/ethanol-denaturiertes-cas-64-17-5\/#primaryimage"},"thumbnailUrl":"https:\/\/masterchem.es\/wp-content\/uploads\/2017\/12\/Etanool_Denatureeritud_1000l_MaterChem-2.jpg","datePublished":"2017-12-12T04:38:13+00:00","description":"Ethanol (auch Ethylalkohol, Getreidealkohol oder einfach nur Alkohol genannt) ist eine chemische Verbindung, ein einfacher Alkohol mit der chemischen Formel C2H6O. Wir bieten nur denaturiertes Ethanol an. CAS 64-17-5","breadcrumb":{"@id":"https:\/\/masterchem.es\/de\/produkt\/ethanol-denaturiertes-cas-64-17-5\/#breadcrumb"},"inLanguage":"de-DE","potentialAction":[{"@type":"ReadAction","target":["https:\/\/masterchem.es\/de\/produkt\/ethanol-denaturiertes-cas-64-17-5\/"]}]},{"@type":"ImageObject","inLanguage":"de-DE","@id":"https:\/\/masterchem.es\/de\/produkt\/ethanol-denaturiertes-cas-64-17-5\/#primaryimage","url":"https:\/\/masterchem.es\/wp-content\/uploads\/2017\/12\/Etanool_Denatureeritud_1000l_MaterChem-2.jpg","contentUrl":"https:\/\/masterchem.es\/wp-content\/uploads\/2017\/12\/Etanool_Denatureeritud_1000l_MaterChem-2.jpg","width":1000,"height":1000},{"@type":"BreadcrumbList","@id":"https:\/\/masterchem.es\/de\/produkt\/ethanol-denaturiertes-cas-64-17-5\/#breadcrumb","itemListElement":[{"@type":"ListItem","position":1,"name":"Home","item":"https:\/\/masterchem.es\/de\/"},{"@type":"ListItem","position":2,"name":"Tienda","item":"https:\/\/masterchem.es\/tienda\/"},{"@type":"ListItem","position":3,"name":"Denaturiertes Ethanol (CAS 64-17-5)"}]},{"@type":"WebSite","@id":"https:\/\/masterchem.es\/de\/#website","url":"https:\/\/masterchem.es\/de\/","name":"MasterChem","description":"proveedor de productos qu&iacute;micos","potentialAction":[{"@type":"SearchAction","target":{"@type":"EntryPoint","urlTemplate":"https:\/\/masterchem.es\/de\/?s={search_term_string}"},"query-input":{"@type":"PropertyValueSpecification","valueRequired":true,"valueName":"search_term_string"}}],"inLanguage":"de-DE"}]}},"_links":{"self":[{"href":"https:\/\/masterchem.es\/de\/wp-json\/wp\/v2\/product\/1828","targetHints":{"allow":["GET"]}}],"collection":[{"href":"https:\/\/masterchem.es\/de\/wp-json\/wp\/v2\/product"}],"about":[{"href":"https:\/\/masterchem.es\/de\/wp-json\/wp\/v2\/types\/product"}],"wp:featuredmedia":[{"embeddable":true,"href":"https:\/\/masterchem.es\/de\/wp-json\/wp\/v2\/media\/1812"}],"wp:attachment":[{"href":"https:\/\/masterchem.es\/de\/wp-json\/wp\/v2\/media?parent=1828"}],"wp:term":[{"taxonomy":"product_brand","embeddable":true,"href":"https:\/\/masterchem.es\/de\/wp-json\/wp\/v2\/product_brand?post=1828"},{"taxonomy":"product_cat","embeddable":true,"href":"https:\/\/masterchem.es\/de\/wp-json\/wp\/v2\/product_cat?post=1828"},{"taxonomy":"product_tag","embeddable":true,"href":"https:\/\/masterchem.es\/de\/wp-json\/wp\/v2\/product_tag?post=1828"}],"curies":[{"name":"wp","href":"https:\/\/api.w.org\/{rel}","templated":true}]}}