{"id":4367,"date":"2023-02-28T10:00:44","date_gmt":"2023-02-28T10:00:44","guid":{"rendered":"https:\/\/masterchem.es\/?post_type=product&#038;p=4367"},"modified":"2023-02-28T10:09:25","modified_gmt":"2023-02-28T10:09:25","slug":"butanol-cas-71-36-3","status":"publish","type":"product","link":"https:\/\/masterchem.es\/de\/produkt\/butanol-cas-71-36-3\/","title":{"rendered":"Butanol (CAS 71-36-3)"},"content":{"rendered":"<p><strong>Physikalische Eigenschaften<\/strong><br \/>\nMolekulargewicht \u2013 74,12 g \/ mol,<br \/>\nDichte \u2013 0,81 g \/ cm3.<br \/>\nThermische Eigenschaften:<br \/>\nSchmelzpunkt -90,2 \u00b0C,<br \/>\nSiedepunkt 117,4 \u00b0C,<br \/>\nFlammpunkt 34 \u00b0C<br \/>\nSelbstentz\u00fcndungstemperatur 345 \u00b0C,<br \/>\nGefrierpunkt -115,67 \u00b0C.<br \/>\nChemische Formel: C4H9OH<\/p>\n","protected":false},"excerpt":{"rendered":"<p>Andere Namen: Butanol, Butylalkohol<br \/>\n<strong>Beschreibung:<\/strong><br \/>\nButanol (Butylalkohol) ist eine leicht \u00f6lige Fl\u00fcssigkeit. Ohne Farbe und mit einem hellen, gut ausgepr\u00e4gten Geruch nach Fusel\u00f6l. Es wird mit anderen organischen L\u00f6sungsmitteln gemischt. Im Gegensatz zu anderen Alkoholen ist es leicht wasserl\u00f6slich (7,6 g\/100 g)<br \/>\n<strong>Anwendung und Verwendung:<\/strong><br \/>\nDie einzigartige Molekularformel, die physikalischen Eigenschaften und die chemischen Eigenschaften dieser Verbindung bestimmen die Breite ihrer Verwendung in einer Vielzahl von Aufgaben in der pharmazeutischen, leichten, chemischen und anderen Industrie. In verschiedene Richtungen sind verschiedene Isomere des Butanols beteiligt (prim\u00e4re, sekund\u00e4re und terti\u00e4re Butylalkohole, normales Isobutanol). Prim\u00e4res Butanol wird zum Aufl\u00f6sen von Anstrichprodukten (Lacke, Farben, Trocken\u00f6le), Alkaloide, Harze, Weichmacher, Kautschuke und Pflanzen\u00f6le verwendet. Mit seiner Beteiligung entstehen Dibutylbenzol-1,2-dicarbonat, Tributylether der Phosphors\u00e4ure, Butylacetat und Butylether der Acryls\u00e4ure. Au\u00dferdem ist seine Verwendung bei der Herstellung von Kunstleder, Textilien, haltbarem Glas, sto\u00dffest, fotografischen Filmen und Parf\u00fcms ratsam.<\/p>\n<p>CAS: 71-36-3<\/p>\n","protected":false},"featured_media":4397,"template":"","meta":[],"product_brand":[],"product_cat":[126,86,89],"product_tag":[],"class_list":{"0":"post-4367","1":"product","2":"type-product","3":"status-publish","4":"has-post-thumbnail","6":"product_cat-industrielle-chemikalien","7":"product_cat-nicht-kategorisiert","8":"product_cat-pharmazeutische-produkte","10":"first","11":"instock","12":"taxable","13":"shipping-taxable","14":"purchasable","15":"product-type-variable","16":"has-default-attributes"},"yoast_head":"<!-- This site is optimized with the Yoast SEO plugin v27.4 - https:\/\/yoast.com\/product\/yoast-seo-wordpress\/ -->\n<title>Butanol (CAS 71-36-3) - MasterChem<\/title>\n<meta name=\"description\" content=\"Butanol (Butylalkohol) ist eine leicht \u00f6lige Fl\u00fcssigkeit. Ohne Farbe und mit einem hellen, gut ausgepr\u00e4gten Geruch nach Fusel\u00f6l. Es wird mit anderen organischen L\u00f6sungsmitteln gemischt.\" \/>\n<meta name=\"robots\" content=\"index, follow, max-snippet:-1, max-image-preview:large, max-video-preview:-1\" \/>\n<link rel=\"canonical\" href=\"https:\/\/masterchem.es\/de\/produkt\/butanol-cas-71-36-3\/\" \/>\n<meta property=\"og:locale\" content=\"de_DE\" \/>\n<meta property=\"og:type\" content=\"article\" \/>\n<meta property=\"og:title\" content=\"Butanol (CAS 71-36-3) - MasterChem\" \/>\n<meta property=\"og:description\" content=\"Butanol (Butylalkohol) ist eine leicht \u00f6lige Fl\u00fcssigkeit. Ohne Farbe und mit einem hellen, gut ausgepr\u00e4gten Geruch nach Fusel\u00f6l. Es wird mit anderen organischen L\u00f6sungsmitteln gemischt.\" \/>\n<meta property=\"og:url\" content=\"https:\/\/masterchem.es\/de\/produkt\/butanol-cas-71-36-3\/\" \/>\n<meta property=\"og:site_name\" content=\"MasterChem\" \/>\n<meta property=\"article:modified_time\" content=\"2023-02-28T10:09:25+00:00\" \/>\n<meta property=\"og:image\" content=\"https:\/\/masterchem.es\/wp-content\/uploads\/2023\/02\/Butanol-CAS-71-36-3-1000l-MaterChem.jpg\" \/>\n\t<meta property=\"og:image:width\" content=\"1000\" \/>\n\t<meta property=\"og:image:height\" content=\"1000\" \/>\n\t<meta property=\"og:image:type\" content=\"image\/jpeg\" \/>\n<meta name=\"twitter:card\" content=\"summary_large_image\" \/>\n<script type=\"application\/ld+json\" class=\"yoast-schema-graph\">{\"@context\":\"https:\\\/\\\/schema.org\",\"@graph\":[{\"@type\":\"WebPage\",\"@id\":\"https:\\\/\\\/masterchem.es\\\/de\\\/produkt\\\/butanol-cas-71-36-3\\\/\",\"url\":\"https:\\\/\\\/masterchem.es\\\/de\\\/produkt\\\/butanol-cas-71-36-3\\\/\",\"name\":\"Butanol (CAS 71-36-3) - MasterChem\",\"isPartOf\":{\"@id\":\"https:\\\/\\\/masterchem.es\\\/de\\\/#website\"},\"primaryImageOfPage\":{\"@id\":\"https:\\\/\\\/masterchem.es\\\/de\\\/produkt\\\/butanol-cas-71-36-3\\\/#primaryimage\"},\"image\":{\"@id\":\"https:\\\/\\\/masterchem.es\\\/de\\\/produkt\\\/butanol-cas-71-36-3\\\/#primaryimage\"},\"thumbnailUrl\":\"https:\\\/\\\/masterchem.es\\\/wp-content\\\/uploads\\\/2023\\\/02\\\/Butanol-CAS-71-36-3-1000l-MaterChem.jpg\",\"datePublished\":\"2023-02-28T10:00:44+00:00\",\"dateModified\":\"2023-02-28T10:09:25+00:00\",\"description\":\"Butanol (Butylalkohol) ist eine leicht \u00f6lige Fl\u00fcssigkeit. Ohne Farbe und mit einem hellen, gut ausgepr\u00e4gten Geruch nach Fusel\u00f6l. Es wird mit anderen organischen L\u00f6sungsmitteln gemischt.\",\"breadcrumb\":{\"@id\":\"https:\\\/\\\/masterchem.es\\\/de\\\/produkt\\\/butanol-cas-71-36-3\\\/#breadcrumb\"},\"inLanguage\":\"de-DE\",\"potentialAction\":[{\"@type\":\"ReadAction\",\"target\":[\"https:\\\/\\\/masterchem.es\\\/de\\\/produkt\\\/butanol-cas-71-36-3\\\/\"]}]},{\"@type\":\"ImageObject\",\"inLanguage\":\"de-DE\",\"@id\":\"https:\\\/\\\/masterchem.es\\\/de\\\/produkt\\\/butanol-cas-71-36-3\\\/#primaryimage\",\"url\":\"https:\\\/\\\/masterchem.es\\\/wp-content\\\/uploads\\\/2023\\\/02\\\/Butanol-CAS-71-36-3-1000l-MaterChem.jpg\",\"contentUrl\":\"https:\\\/\\\/masterchem.es\\\/wp-content\\\/uploads\\\/2023\\\/02\\\/Butanol-CAS-71-36-3-1000l-MaterChem.jpg\",\"width\":1000,\"height\":1000},{\"@type\":\"BreadcrumbList\",\"@id\":\"https:\\\/\\\/masterchem.es\\\/de\\\/produkt\\\/butanol-cas-71-36-3\\\/#breadcrumb\",\"itemListElement\":[{\"@type\":\"ListItem\",\"position\":1,\"name\":\"Home\",\"item\":\"https:\\\/\\\/masterchem.es\\\/de\\\/\"},{\"@type\":\"ListItem\",\"position\":2,\"name\":\"Tienda\",\"item\":\"https:\\\/\\\/masterchem.es\\\/tienda\\\/\"},{\"@type\":\"ListItem\",\"position\":3,\"name\":\"Butanol (CAS 71-36-3)\"}]},{\"@type\":\"WebSite\",\"@id\":\"https:\\\/\\\/masterchem.es\\\/de\\\/#website\",\"url\":\"https:\\\/\\\/masterchem.es\\\/de\\\/\",\"name\":\"MasterChem\",\"description\":\"proveedor de productos qu&iacute;micos\",\"potentialAction\":[{\"@type\":\"SearchAction\",\"target\":{\"@type\":\"EntryPoint\",\"urlTemplate\":\"https:\\\/\\\/masterchem.es\\\/de\\\/?s={search_term_string}\"},\"query-input\":{\"@type\":\"PropertyValueSpecification\",\"valueRequired\":true,\"valueName\":\"search_term_string\"}}],\"inLanguage\":\"de-DE\"}]}<\/script>\n<!-- \/ Yoast SEO plugin. -->","yoast_head_json":{"title":"Butanol (CAS 71-36-3) - MasterChem","description":"Butanol (Butylalkohol) ist eine leicht \u00f6lige Fl\u00fcssigkeit. Ohne Farbe und mit einem hellen, gut ausgepr\u00e4gten Geruch nach Fusel\u00f6l. Es wird mit anderen organischen L\u00f6sungsmitteln gemischt.","robots":{"index":"index","follow":"follow","max-snippet":"max-snippet:-1","max-image-preview":"max-image-preview:large","max-video-preview":"max-video-preview:-1"},"canonical":"https:\/\/masterchem.es\/de\/produkt\/butanol-cas-71-36-3\/","og_locale":"de_DE","og_type":"article","og_title":"Butanol (CAS 71-36-3) - MasterChem","og_description":"Butanol (Butylalkohol) ist eine leicht \u00f6lige Fl\u00fcssigkeit. Ohne Farbe und mit einem hellen, gut ausgepr\u00e4gten Geruch nach Fusel\u00f6l. Es wird mit anderen organischen L\u00f6sungsmitteln gemischt.","og_url":"https:\/\/masterchem.es\/de\/produkt\/butanol-cas-71-36-3\/","og_site_name":"MasterChem","article_modified_time":"2023-02-28T10:09:25+00:00","og_image":[{"width":1000,"height":1000,"url":"https:\/\/masterchem.es\/wp-content\/uploads\/2023\/02\/Butanol-CAS-71-36-3-1000l-MaterChem.jpg","type":"image\/jpeg"}],"twitter_card":"summary_large_image","schema":{"@context":"https:\/\/schema.org","@graph":[{"@type":"WebPage","@id":"https:\/\/masterchem.es\/de\/produkt\/butanol-cas-71-36-3\/","url":"https:\/\/masterchem.es\/de\/produkt\/butanol-cas-71-36-3\/","name":"Butanol (CAS 71-36-3) - MasterChem","isPartOf":{"@id":"https:\/\/masterchem.es\/de\/#website"},"primaryImageOfPage":{"@id":"https:\/\/masterchem.es\/de\/produkt\/butanol-cas-71-36-3\/#primaryimage"},"image":{"@id":"https:\/\/masterchem.es\/de\/produkt\/butanol-cas-71-36-3\/#primaryimage"},"thumbnailUrl":"https:\/\/masterchem.es\/wp-content\/uploads\/2023\/02\/Butanol-CAS-71-36-3-1000l-MaterChem.jpg","datePublished":"2023-02-28T10:00:44+00:00","dateModified":"2023-02-28T10:09:25+00:00","description":"Butanol (Butylalkohol) ist eine leicht \u00f6lige Fl\u00fcssigkeit. Ohne Farbe und mit einem hellen, gut ausgepr\u00e4gten Geruch nach Fusel\u00f6l. Es wird mit anderen organischen L\u00f6sungsmitteln gemischt.","breadcrumb":{"@id":"https:\/\/masterchem.es\/de\/produkt\/butanol-cas-71-36-3\/#breadcrumb"},"inLanguage":"de-DE","potentialAction":[{"@type":"ReadAction","target":["https:\/\/masterchem.es\/de\/produkt\/butanol-cas-71-36-3\/"]}]},{"@type":"ImageObject","inLanguage":"de-DE","@id":"https:\/\/masterchem.es\/de\/produkt\/butanol-cas-71-36-3\/#primaryimage","url":"https:\/\/masterchem.es\/wp-content\/uploads\/2023\/02\/Butanol-CAS-71-36-3-1000l-MaterChem.jpg","contentUrl":"https:\/\/masterchem.es\/wp-content\/uploads\/2023\/02\/Butanol-CAS-71-36-3-1000l-MaterChem.jpg","width":1000,"height":1000},{"@type":"BreadcrumbList","@id":"https:\/\/masterchem.es\/de\/produkt\/butanol-cas-71-36-3\/#breadcrumb","itemListElement":[{"@type":"ListItem","position":1,"name":"Home","item":"https:\/\/masterchem.es\/de\/"},{"@type":"ListItem","position":2,"name":"Tienda","item":"https:\/\/masterchem.es\/tienda\/"},{"@type":"ListItem","position":3,"name":"Butanol (CAS 71-36-3)"}]},{"@type":"WebSite","@id":"https:\/\/masterchem.es\/de\/#website","url":"https:\/\/masterchem.es\/de\/","name":"MasterChem","description":"proveedor de productos qu&iacute;micos","potentialAction":[{"@type":"SearchAction","target":{"@type":"EntryPoint","urlTemplate":"https:\/\/masterchem.es\/de\/?s={search_term_string}"},"query-input":{"@type":"PropertyValueSpecification","valueRequired":true,"valueName":"search_term_string"}}],"inLanguage":"de-DE"}]}},"_links":{"self":[{"href":"https:\/\/masterchem.es\/de\/wp-json\/wp\/v2\/product\/4367","targetHints":{"allow":["GET"]}}],"collection":[{"href":"https:\/\/masterchem.es\/de\/wp-json\/wp\/v2\/product"}],"about":[{"href":"https:\/\/masterchem.es\/de\/wp-json\/wp\/v2\/types\/product"}],"wp:featuredmedia":[{"embeddable":true,"href":"https:\/\/masterchem.es\/de\/wp-json\/wp\/v2\/media\/4397"}],"wp:attachment":[{"href":"https:\/\/masterchem.es\/de\/wp-json\/wp\/v2\/media?parent=4367"}],"wp:term":[{"taxonomy":"product_brand","embeddable":true,"href":"https:\/\/masterchem.es\/de\/wp-json\/wp\/v2\/product_brand?post=4367"},{"taxonomy":"product_cat","embeddable":true,"href":"https:\/\/masterchem.es\/de\/wp-json\/wp\/v2\/product_cat?post=4367"},{"taxonomy":"product_tag","embeddable":true,"href":"https:\/\/masterchem.es\/de\/wp-json\/wp\/v2\/product_tag?post=4367"}],"curies":[{"name":"wp","href":"https:\/\/api.w.org\/{rel}","templated":true}]}}