{"id":4426,"date":"2023-02-28T10:24:54","date_gmt":"2023-02-28T10:24:54","guid":{"rendered":"https:\/\/masterchem.es\/?post_type=product&#038;p=4426"},"modified":"2023-02-28T10:35:03","modified_gmt":"2023-02-28T10:35:03","slug":"terpentin-cas-9005-90-7","status":"publish","type":"product","link":"https:\/\/masterchem.es\/de\/produkt\/terpentin-cas-9005-90-7\/","title":{"rendered":"Terpentin (CAS 9005-90-7)"},"content":{"rendered":"<p><strong>L\u00f6sungsmittel<\/strong><br \/>\nDie beiden Hauptverwendungen von Terpentin in der Industrie sind als L\u00f6sungsmittel und als Materialquelle f\u00fcr die organische Synthese. Als L\u00f6sungsmittel wird Terpentin zum Verd\u00fcnnen von \u00d6lfarben, zur Herstellung von Lacken und als Rohstoff f\u00fcr die chemische Industrie verwendet. Seine industrielle Verwendung als L\u00f6sungsmittel in den Industrienationen wurde weitgehend durch die viel billigeren Terpentin-Ersatzstoffe ersetzt, die aus Roh\u00f6l destilliert wurden. Terpentin wird seit langem als L\u00f6sungsmittel verwendet, gemischt mit Bienenwachs oder mit Carnaubawachs, um feines M\u00f6belwachs herzustellen, das als Schutzbeschichtung f\u00fcr ge\u00f6lte Holzanstriche (z. B. Tung\u00f6l) verwendet wird.<\/p>\n<p><strong>Quelle organischer Verbindungen<\/strong><br \/>\nTerpentin wird auch als Rohstoffquelle bei der Synthese duftender chemischer Verbindungen verwendet. Kommerziell verwendeter Kampfer, Linalool, Alpha-Terpineol und Geraniol werden normalerweise alle aus Alpha-Pinen und Beta-Pinen hergestellt, die zwei der wichtigsten chemischen Bestandteile von Terpentin sind. Diese Pinene werden durch Destillation abgetrennt und gereinigt. Das Gemisch aus Diterpenen und Triterpenen, das nach der Terpentindestillation als R\u00fcckstand zur\u00fcckbleibt, wird als Kolophonium verkauft.<\/p>\n<p><strong>Medizinisches Elixier<\/strong><br \/>\nTerpentin und Erd\u00f6ldestillate wie Kohle\u00f6l und Kerosin werden seit der Antike medizinisch als topische und manchmal interne Hausmittel verwendet. \u00c4u\u00dferlich wurde es bei Absch\u00fcrfungen und Wunden, zur Behandlung von L\u00e4usen und in Mischung mit tierischem Fett als Brustmassage oder Inhalator f\u00fcr Nasen- und Rachenbeschwerden verwendet. Viele moderne Brusteinreibungen, wie die von Vicks, enthalten immer noch Terpentin in ihren Formulierungen.<\/p>\n<p>Terpentin, das heute als gef\u00e4hrlich f\u00fcr den Verzehr gilt, war im Zeitalter der Entdeckungen eine g\u00e4ngige Medizin unter Seeleuten. Es ist eines von mehreren Produkten, die an Bord der Flotte von Ferdinand Magellan bei seiner ersten Weltumrundung transportiert wurden. Innerlich eingenommen wurde es zur Behandlung von Darmparasiten verwendet. Dies ist aufgrund der Toxizit\u00e4t der Chemikalie gef\u00e4hrlich.<\/p>\n","protected":false},"excerpt":{"rendered":"<p>Terpentin (das auch als Terpentingeist, Terpentin\u00f6l, Holzterpentin, Terebenthen, Terebinthin und (umgangssprachlich) Turps bezeichnet wird) ist eine Fl\u00fcssigkeit, die durch Destillation von Harz gewonnen wird, das von lebenden B\u00e4umen, haupts\u00e4chlich Kiefern, geerntet wird. Es wird haupts\u00e4chlich als L\u00f6sungsmittel und als Stoffquelle f\u00fcr organische Synthesen verwendet.<\/p>\n<p>Terpentin besteht aus Terpenen, haupts\u00e4chlich den Monoterpenen Alpha- und Beta-Pinen, mit geringeren Mengen an Caren, Camphen, Dipenten und Terpinolen.<\/p>\n<p>CAS: 9005-90-7<\/p>\n","protected":false},"featured_media":4462,"template":"","meta":[],"product_brand":[],"product_cat":[126,86,89],"product_tag":[],"class_list":{"0":"post-4426","1":"product","2":"type-product","3":"status-publish","4":"has-post-thumbnail","6":"product_cat-industrielle-chemikalien","7":"product_cat-nicht-kategorisiert","8":"product_cat-pharmazeutische-produkte","10":"first","11":"instock","12":"taxable","13":"shipping-taxable","14":"purchasable","15":"product-type-variable","16":"has-default-attributes"},"yoast_head":"<!-- This site is optimized with the Yoast SEO plugin v27.5 - https:\/\/yoast.com\/product\/yoast-seo-wordpress\/ -->\n<title>Terpentin (CAS 9005-90-7) - MasterChem<\/title>\n<meta name=\"description\" content=\"Die beiden Hauptverwendungen von Terpentin in der Industrie sind als L\u00f6sungsmittel und als Materialquelle f\u00fcr die organische Synthese. Als L\u00f6sungsmittel wird Terpentin zum Verd\u00fcnnen von \u00d6lfarben, zur Herstellung von Lacken und als Rohstoff f\u00fcr die chemische Industrie verwendet.\" \/>\n<meta name=\"robots\" content=\"index, follow, max-snippet:-1, max-image-preview:large, max-video-preview:-1\" \/>\n<link rel=\"canonical\" href=\"https:\/\/masterchem.es\/de\/produkt\/terpentin-cas-9005-90-7\/\" \/>\n<meta property=\"og:locale\" content=\"de_DE\" \/>\n<meta property=\"og:type\" content=\"article\" \/>\n<meta property=\"og:title\" content=\"Terpentin (CAS 9005-90-7) - MasterChem\" \/>\n<meta property=\"og:description\" content=\"Die beiden Hauptverwendungen von Terpentin in der Industrie sind als L\u00f6sungsmittel und als Materialquelle f\u00fcr die organische Synthese. Als L\u00f6sungsmittel wird Terpentin zum Verd\u00fcnnen von \u00d6lfarben, zur Herstellung von Lacken und als Rohstoff f\u00fcr die chemische Industrie verwendet.\" \/>\n<meta property=\"og:url\" content=\"https:\/\/masterchem.es\/de\/produkt\/terpentin-cas-9005-90-7\/\" \/>\n<meta property=\"og:site_name\" content=\"MasterChem\" \/>\n<meta property=\"article:modified_time\" content=\"2023-02-28T10:35:03+00:00\" \/>\n<meta property=\"og:image\" content=\"https:\/\/masterchem.es\/wp-content\/uploads\/2023\/02\/Trementina-CAS-9005-90-7-1000l-MasterChem.jpg\" \/>\n\t<meta property=\"og:image:width\" content=\"1000\" \/>\n\t<meta property=\"og:image:height\" content=\"1000\" \/>\n\t<meta property=\"og:image:type\" content=\"image\/jpeg\" \/>\n<meta name=\"twitter:card\" content=\"summary_large_image\" \/>\n<meta name=\"twitter:label1\" content=\"Gesch\u00e4tzte Lesezeit\" \/>\n\t<meta name=\"twitter:data1\" content=\"1 Minute\" \/>\n<script type=\"application\/ld+json\" class=\"yoast-schema-graph\">{\"@context\":\"https:\\\/\\\/schema.org\",\"@graph\":[{\"@type\":\"WebPage\",\"@id\":\"https:\\\/\\\/masterchem.es\\\/de\\\/produkt\\\/terpentin-cas-9005-90-7\\\/\",\"url\":\"https:\\\/\\\/masterchem.es\\\/de\\\/produkt\\\/terpentin-cas-9005-90-7\\\/\",\"name\":\"Terpentin (CAS 9005-90-7) - MasterChem\",\"isPartOf\":{\"@id\":\"https:\\\/\\\/masterchem.es\\\/de\\\/#website\"},\"primaryImageOfPage\":{\"@id\":\"https:\\\/\\\/masterchem.es\\\/de\\\/produkt\\\/terpentin-cas-9005-90-7\\\/#primaryimage\"},\"image\":{\"@id\":\"https:\\\/\\\/masterchem.es\\\/de\\\/produkt\\\/terpentin-cas-9005-90-7\\\/#primaryimage\"},\"thumbnailUrl\":\"https:\\\/\\\/masterchem.es\\\/wp-content\\\/uploads\\\/2023\\\/02\\\/Trementina-CAS-9005-90-7-1000l-MasterChem.jpg\",\"datePublished\":\"2023-02-28T10:24:54+00:00\",\"dateModified\":\"2023-02-28T10:35:03+00:00\",\"description\":\"Die beiden Hauptverwendungen von Terpentin in der Industrie sind als L\u00f6sungsmittel und als Materialquelle f\u00fcr die organische Synthese. Als L\u00f6sungsmittel wird Terpentin zum Verd\u00fcnnen von \u00d6lfarben, zur Herstellung von Lacken und als Rohstoff f\u00fcr die chemische Industrie verwendet.\",\"breadcrumb\":{\"@id\":\"https:\\\/\\\/masterchem.es\\\/de\\\/produkt\\\/terpentin-cas-9005-90-7\\\/#breadcrumb\"},\"inLanguage\":\"de-DE\",\"potentialAction\":[{\"@type\":\"ReadAction\",\"target\":[\"https:\\\/\\\/masterchem.es\\\/de\\\/produkt\\\/terpentin-cas-9005-90-7\\\/\"]}]},{\"@type\":\"ImageObject\",\"inLanguage\":\"de-DE\",\"@id\":\"https:\\\/\\\/masterchem.es\\\/de\\\/produkt\\\/terpentin-cas-9005-90-7\\\/#primaryimage\",\"url\":\"https:\\\/\\\/masterchem.es\\\/wp-content\\\/uploads\\\/2023\\\/02\\\/Trementina-CAS-9005-90-7-1000l-MasterChem.jpg\",\"contentUrl\":\"https:\\\/\\\/masterchem.es\\\/wp-content\\\/uploads\\\/2023\\\/02\\\/Trementina-CAS-9005-90-7-1000l-MasterChem.jpg\",\"width\":1000,\"height\":1000},{\"@type\":\"BreadcrumbList\",\"@id\":\"https:\\\/\\\/masterchem.es\\\/de\\\/produkt\\\/terpentin-cas-9005-90-7\\\/#breadcrumb\",\"itemListElement\":[{\"@type\":\"ListItem\",\"position\":1,\"name\":\"Home\",\"item\":\"https:\\\/\\\/masterchem.es\\\/de\\\/\"},{\"@type\":\"ListItem\",\"position\":2,\"name\":\"Tienda\",\"item\":\"https:\\\/\\\/masterchem.es\\\/tienda\\\/\"},{\"@type\":\"ListItem\",\"position\":3,\"name\":\"Terpentin (CAS 9005-90-7)\"}]},{\"@type\":\"WebSite\",\"@id\":\"https:\\\/\\\/masterchem.es\\\/de\\\/#website\",\"url\":\"https:\\\/\\\/masterchem.es\\\/de\\\/\",\"name\":\"MasterChem\",\"description\":\"proveedor de productos qu&iacute;micos\",\"potentialAction\":[{\"@type\":\"SearchAction\",\"target\":{\"@type\":\"EntryPoint\",\"urlTemplate\":\"https:\\\/\\\/masterchem.es\\\/de\\\/?s={search_term_string}\"},\"query-input\":{\"@type\":\"PropertyValueSpecification\",\"valueRequired\":true,\"valueName\":\"search_term_string\"}}],\"inLanguage\":\"de-DE\"}]}<\/script>\n<!-- \/ Yoast SEO plugin. -->","yoast_head_json":{"title":"Terpentin (CAS 9005-90-7) - MasterChem","description":"Die beiden Hauptverwendungen von Terpentin in der Industrie sind als L\u00f6sungsmittel und als Materialquelle f\u00fcr die organische Synthese. Als L\u00f6sungsmittel wird Terpentin zum Verd\u00fcnnen von \u00d6lfarben, zur Herstellung von Lacken und als Rohstoff f\u00fcr die chemische Industrie verwendet.","robots":{"index":"index","follow":"follow","max-snippet":"max-snippet:-1","max-image-preview":"max-image-preview:large","max-video-preview":"max-video-preview:-1"},"canonical":"https:\/\/masterchem.es\/de\/produkt\/terpentin-cas-9005-90-7\/","og_locale":"de_DE","og_type":"article","og_title":"Terpentin (CAS 9005-90-7) - MasterChem","og_description":"Die beiden Hauptverwendungen von Terpentin in der Industrie sind als L\u00f6sungsmittel und als Materialquelle f\u00fcr die organische Synthese. Als L\u00f6sungsmittel wird Terpentin zum Verd\u00fcnnen von \u00d6lfarben, zur Herstellung von Lacken und als Rohstoff f\u00fcr die chemische Industrie verwendet.","og_url":"https:\/\/masterchem.es\/de\/produkt\/terpentin-cas-9005-90-7\/","og_site_name":"MasterChem","article_modified_time":"2023-02-28T10:35:03+00:00","og_image":[{"width":1000,"height":1000,"url":"https:\/\/masterchem.es\/wp-content\/uploads\/2023\/02\/Trementina-CAS-9005-90-7-1000l-MasterChem.jpg","type":"image\/jpeg"}],"twitter_card":"summary_large_image","twitter_misc":{"Gesch\u00e4tzte Lesezeit":"1 Minute"},"schema":{"@context":"https:\/\/schema.org","@graph":[{"@type":"WebPage","@id":"https:\/\/masterchem.es\/de\/produkt\/terpentin-cas-9005-90-7\/","url":"https:\/\/masterchem.es\/de\/produkt\/terpentin-cas-9005-90-7\/","name":"Terpentin (CAS 9005-90-7) - MasterChem","isPartOf":{"@id":"https:\/\/masterchem.es\/de\/#website"},"primaryImageOfPage":{"@id":"https:\/\/masterchem.es\/de\/produkt\/terpentin-cas-9005-90-7\/#primaryimage"},"image":{"@id":"https:\/\/masterchem.es\/de\/produkt\/terpentin-cas-9005-90-7\/#primaryimage"},"thumbnailUrl":"https:\/\/masterchem.es\/wp-content\/uploads\/2023\/02\/Trementina-CAS-9005-90-7-1000l-MasterChem.jpg","datePublished":"2023-02-28T10:24:54+00:00","dateModified":"2023-02-28T10:35:03+00:00","description":"Die beiden Hauptverwendungen von Terpentin in der Industrie sind als L\u00f6sungsmittel und als Materialquelle f\u00fcr die organische Synthese. Als L\u00f6sungsmittel wird Terpentin zum Verd\u00fcnnen von \u00d6lfarben, zur Herstellung von Lacken und als Rohstoff f\u00fcr die chemische Industrie verwendet.","breadcrumb":{"@id":"https:\/\/masterchem.es\/de\/produkt\/terpentin-cas-9005-90-7\/#breadcrumb"},"inLanguage":"de-DE","potentialAction":[{"@type":"ReadAction","target":["https:\/\/masterchem.es\/de\/produkt\/terpentin-cas-9005-90-7\/"]}]},{"@type":"ImageObject","inLanguage":"de-DE","@id":"https:\/\/masterchem.es\/de\/produkt\/terpentin-cas-9005-90-7\/#primaryimage","url":"https:\/\/masterchem.es\/wp-content\/uploads\/2023\/02\/Trementina-CAS-9005-90-7-1000l-MasterChem.jpg","contentUrl":"https:\/\/masterchem.es\/wp-content\/uploads\/2023\/02\/Trementina-CAS-9005-90-7-1000l-MasterChem.jpg","width":1000,"height":1000},{"@type":"BreadcrumbList","@id":"https:\/\/masterchem.es\/de\/produkt\/terpentin-cas-9005-90-7\/#breadcrumb","itemListElement":[{"@type":"ListItem","position":1,"name":"Home","item":"https:\/\/masterchem.es\/de\/"},{"@type":"ListItem","position":2,"name":"Tienda","item":"https:\/\/masterchem.es\/tienda\/"},{"@type":"ListItem","position":3,"name":"Terpentin (CAS 9005-90-7)"}]},{"@type":"WebSite","@id":"https:\/\/masterchem.es\/de\/#website","url":"https:\/\/masterchem.es\/de\/","name":"MasterChem","description":"proveedor de productos qu&iacute;micos","potentialAction":[{"@type":"SearchAction","target":{"@type":"EntryPoint","urlTemplate":"https:\/\/masterchem.es\/de\/?s={search_term_string}"},"query-input":{"@type":"PropertyValueSpecification","valueRequired":true,"valueName":"search_term_string"}}],"inLanguage":"de-DE"}]}},"_links":{"self":[{"href":"https:\/\/masterchem.es\/de\/wp-json\/wp\/v2\/product\/4426","targetHints":{"allow":["GET"]}}],"collection":[{"href":"https:\/\/masterchem.es\/de\/wp-json\/wp\/v2\/product"}],"about":[{"href":"https:\/\/masterchem.es\/de\/wp-json\/wp\/v2\/types\/product"}],"wp:featuredmedia":[{"embeddable":true,"href":"https:\/\/masterchem.es\/de\/wp-json\/wp\/v2\/media\/4462"}],"wp:attachment":[{"href":"https:\/\/masterchem.es\/de\/wp-json\/wp\/v2\/media?parent=4426"}],"wp:term":[{"taxonomy":"product_brand","embeddable":true,"href":"https:\/\/masterchem.es\/de\/wp-json\/wp\/v2\/product_brand?post=4426"},{"taxonomy":"product_cat","embeddable":true,"href":"https:\/\/masterchem.es\/de\/wp-json\/wp\/v2\/product_cat?post=4426"},{"taxonomy":"product_tag","embeddable":true,"href":"https:\/\/masterchem.es\/de\/wp-json\/wp\/v2\/product_tag?post=4426"}],"curies":[{"name":"wp","href":"https:\/\/api.w.org\/{rel}","templated":true}]}}