{"id":4544,"date":"2023-02-28T11:00:28","date_gmt":"2023-02-28T11:00:28","guid":{"rendered":"https:\/\/masterchem.es\/?post_type=product&#038;p=4544"},"modified":"2023-02-28T11:09:07","modified_gmt":"2023-02-28T11:09:07","slug":"ammoniakwasser-25-cas-7664-41-7","status":"publish","type":"product","link":"https:\/\/masterchem.es\/de\/produkt\/ammoniakwasser-25-cas-7664-41-7\/","title":{"rendered":"Ammoniakwasser 25 % (CAS 7664-41-7)"},"content":{"rendered":"","protected":false},"excerpt":{"rendered":"<p>Ammoniakwasser Anwendung: Mehrzweck-Industriechemikalie (inkl. Hydrometallurgie, W\u00e4rmeenergie usw.)<\/p>\n<p>Lagerung von Ammoniakwasser: In einem k\u00fchlen, trockenen, gut bel\u00fcfteten Raum oder im Freien in geschlossenen Edelstahl- oder Kohlenstoffstahl-, Polyethylen- oder Polypropylenbeh\u00e4ltern fern von Wohnungen und Arbeitspl\u00e4tzen und fern von unbefugten Personen lagern. Lagerr\u00e4ume m\u00fcssen den Anforderungen an Lagerr\u00e4ume f\u00fcr brennbare Fl\u00fcssigkeiten entsprechen. Beh\u00e4lter m\u00fcssen mit einer Entl\u00fcftung versehen sein. Flaschen d\u00fcrfen nicht bis zum Rand gef\u00fcllt werden, die konzentrierte L\u00f6sung kann Druck erzeugen. Getrennt von unvertr\u00e4glichen Materialien lagern (S\u00e4uren, organische Substanzen, einige Metalle und ihre Salze)<\/p>\n<p>CAS: 7664-41-7<\/p>\n","protected":false},"featured_media":4580,"template":"","meta":[],"product_brand":[],"product_cat":[126,86],"product_tag":[],"class_list":{"0":"post-4544","1":"product","2":"type-product","3":"status-publish","4":"has-post-thumbnail","6":"product_cat-industrielle-chemikalien","7":"product_cat-nicht-kategorisiert","9":"first","10":"instock","11":"taxable","12":"shipping-taxable","13":"purchasable","14":"product-type-variable","15":"has-default-attributes"},"yoast_head":"<!-- This site is optimized with the Yoast SEO plugin v27.5 - https:\/\/yoast.com\/product\/yoast-seo-wordpress\/ -->\n<title>Ammoniakwasser 25 % (CAS 7664-41-7) - MasterChem<\/title>\n<meta name=\"description\" content=\"Ammoniakwasser Anwendung: Mehrzweck-Industriechemikalie (inkl. Hydrometallurgie, W\u00e4rmeenergie usw.)\" \/>\n<meta name=\"robots\" content=\"index, follow, max-snippet:-1, max-image-preview:large, max-video-preview:-1\" \/>\n<link rel=\"canonical\" href=\"https:\/\/masterchem.es\/de\/produkt\/ammoniakwasser-25-cas-7664-41-7\/\" \/>\n<meta property=\"og:locale\" content=\"de_DE\" \/>\n<meta property=\"og:type\" content=\"article\" \/>\n<meta property=\"og:title\" content=\"Ammoniakwasser 25 % (CAS 7664-41-7) - MasterChem\" \/>\n<meta property=\"og:description\" content=\"Ammoniakwasser Anwendung: Mehrzweck-Industriechemikalie (inkl. Hydrometallurgie, W\u00e4rmeenergie usw.)\" \/>\n<meta property=\"og:url\" content=\"https:\/\/masterchem.es\/de\/produkt\/ammoniakwasser-25-cas-7664-41-7\/\" \/>\n<meta property=\"og:site_name\" content=\"MasterChem\" \/>\n<meta property=\"article:modified_time\" content=\"2023-02-28T11:09:07+00:00\" \/>\n<meta property=\"og:image\" content=\"https:\/\/masterchem.es\/wp-content\/uploads\/2023\/02\/Agua-amoniacal-25-CAS-7664-41-7-1000l-MasterChem.jpg\" \/>\n\t<meta property=\"og:image:width\" content=\"1000\" \/>\n\t<meta property=\"og:image:height\" content=\"1000\" \/>\n\t<meta property=\"og:image:type\" content=\"image\/jpeg\" \/>\n<meta name=\"twitter:card\" content=\"summary_large_image\" \/>\n<script type=\"application\/ld+json\" class=\"yoast-schema-graph\">{\"@context\":\"https:\\\/\\\/schema.org\",\"@graph\":[{\"@type\":\"WebPage\",\"@id\":\"https:\\\/\\\/masterchem.es\\\/de\\\/produkt\\\/ammoniakwasser-25-cas-7664-41-7\\\/\",\"url\":\"https:\\\/\\\/masterchem.es\\\/de\\\/produkt\\\/ammoniakwasser-25-cas-7664-41-7\\\/\",\"name\":\"Ammoniakwasser 25 % (CAS 7664-41-7) - MasterChem\",\"isPartOf\":{\"@id\":\"https:\\\/\\\/masterchem.es\\\/de\\\/#website\"},\"primaryImageOfPage\":{\"@id\":\"https:\\\/\\\/masterchem.es\\\/de\\\/produkt\\\/ammoniakwasser-25-cas-7664-41-7\\\/#primaryimage\"},\"image\":{\"@id\":\"https:\\\/\\\/masterchem.es\\\/de\\\/produkt\\\/ammoniakwasser-25-cas-7664-41-7\\\/#primaryimage\"},\"thumbnailUrl\":\"https:\\\/\\\/masterchem.es\\\/wp-content\\\/uploads\\\/2023\\\/02\\\/Agua-amoniacal-25-CAS-7664-41-7-1000l-MasterChem.jpg\",\"datePublished\":\"2023-02-28T11:00:28+00:00\",\"dateModified\":\"2023-02-28T11:09:07+00:00\",\"description\":\"Ammoniakwasser Anwendung: Mehrzweck-Industriechemikalie (inkl. Hydrometallurgie, W\u00e4rmeenergie usw.)\",\"breadcrumb\":{\"@id\":\"https:\\\/\\\/masterchem.es\\\/de\\\/produkt\\\/ammoniakwasser-25-cas-7664-41-7\\\/#breadcrumb\"},\"inLanguage\":\"de-DE\",\"potentialAction\":[{\"@type\":\"ReadAction\",\"target\":[\"https:\\\/\\\/masterchem.es\\\/de\\\/produkt\\\/ammoniakwasser-25-cas-7664-41-7\\\/\"]}]},{\"@type\":\"ImageObject\",\"inLanguage\":\"de-DE\",\"@id\":\"https:\\\/\\\/masterchem.es\\\/de\\\/produkt\\\/ammoniakwasser-25-cas-7664-41-7\\\/#primaryimage\",\"url\":\"https:\\\/\\\/masterchem.es\\\/wp-content\\\/uploads\\\/2023\\\/02\\\/Agua-amoniacal-25-CAS-7664-41-7-1000l-MasterChem.jpg\",\"contentUrl\":\"https:\\\/\\\/masterchem.es\\\/wp-content\\\/uploads\\\/2023\\\/02\\\/Agua-amoniacal-25-CAS-7664-41-7-1000l-MasterChem.jpg\",\"width\":1000,\"height\":1000},{\"@type\":\"BreadcrumbList\",\"@id\":\"https:\\\/\\\/masterchem.es\\\/de\\\/produkt\\\/ammoniakwasser-25-cas-7664-41-7\\\/#breadcrumb\",\"itemListElement\":[{\"@type\":\"ListItem\",\"position\":1,\"name\":\"Home\",\"item\":\"https:\\\/\\\/masterchem.es\\\/de\\\/\"},{\"@type\":\"ListItem\",\"position\":2,\"name\":\"Tienda\",\"item\":\"https:\\\/\\\/masterchem.es\\\/tienda\\\/\"},{\"@type\":\"ListItem\",\"position\":3,\"name\":\"Ammoniakwasser 25 % (CAS 7664-41-7)\"}]},{\"@type\":\"WebSite\",\"@id\":\"https:\\\/\\\/masterchem.es\\\/de\\\/#website\",\"url\":\"https:\\\/\\\/masterchem.es\\\/de\\\/\",\"name\":\"MasterChem\",\"description\":\"proveedor de productos qu&iacute;micos\",\"potentialAction\":[{\"@type\":\"SearchAction\",\"target\":{\"@type\":\"EntryPoint\",\"urlTemplate\":\"https:\\\/\\\/masterchem.es\\\/de\\\/?s={search_term_string}\"},\"query-input\":{\"@type\":\"PropertyValueSpecification\",\"valueRequired\":true,\"valueName\":\"search_term_string\"}}],\"inLanguage\":\"de-DE\"}]}<\/script>\n<!-- \/ Yoast SEO plugin. -->","yoast_head_json":{"title":"Ammoniakwasser 25 % (CAS 7664-41-7) - MasterChem","description":"Ammoniakwasser Anwendung: Mehrzweck-Industriechemikalie (inkl. Hydrometallurgie, W\u00e4rmeenergie usw.)","robots":{"index":"index","follow":"follow","max-snippet":"max-snippet:-1","max-image-preview":"max-image-preview:large","max-video-preview":"max-video-preview:-1"},"canonical":"https:\/\/masterchem.es\/de\/produkt\/ammoniakwasser-25-cas-7664-41-7\/","og_locale":"de_DE","og_type":"article","og_title":"Ammoniakwasser 25 % (CAS 7664-41-7) - MasterChem","og_description":"Ammoniakwasser Anwendung: Mehrzweck-Industriechemikalie (inkl. Hydrometallurgie, W\u00e4rmeenergie usw.)","og_url":"https:\/\/masterchem.es\/de\/produkt\/ammoniakwasser-25-cas-7664-41-7\/","og_site_name":"MasterChem","article_modified_time":"2023-02-28T11:09:07+00:00","og_image":[{"width":1000,"height":1000,"url":"https:\/\/masterchem.es\/wp-content\/uploads\/2023\/02\/Agua-amoniacal-25-CAS-7664-41-7-1000l-MasterChem.jpg","type":"image\/jpeg"}],"twitter_card":"summary_large_image","schema":{"@context":"https:\/\/schema.org","@graph":[{"@type":"WebPage","@id":"https:\/\/masterchem.es\/de\/produkt\/ammoniakwasser-25-cas-7664-41-7\/","url":"https:\/\/masterchem.es\/de\/produkt\/ammoniakwasser-25-cas-7664-41-7\/","name":"Ammoniakwasser 25 % (CAS 7664-41-7) - MasterChem","isPartOf":{"@id":"https:\/\/masterchem.es\/de\/#website"},"primaryImageOfPage":{"@id":"https:\/\/masterchem.es\/de\/produkt\/ammoniakwasser-25-cas-7664-41-7\/#primaryimage"},"image":{"@id":"https:\/\/masterchem.es\/de\/produkt\/ammoniakwasser-25-cas-7664-41-7\/#primaryimage"},"thumbnailUrl":"https:\/\/masterchem.es\/wp-content\/uploads\/2023\/02\/Agua-amoniacal-25-CAS-7664-41-7-1000l-MasterChem.jpg","datePublished":"2023-02-28T11:00:28+00:00","dateModified":"2023-02-28T11:09:07+00:00","description":"Ammoniakwasser Anwendung: Mehrzweck-Industriechemikalie (inkl. Hydrometallurgie, W\u00e4rmeenergie usw.)","breadcrumb":{"@id":"https:\/\/masterchem.es\/de\/produkt\/ammoniakwasser-25-cas-7664-41-7\/#breadcrumb"},"inLanguage":"de-DE","potentialAction":[{"@type":"ReadAction","target":["https:\/\/masterchem.es\/de\/produkt\/ammoniakwasser-25-cas-7664-41-7\/"]}]},{"@type":"ImageObject","inLanguage":"de-DE","@id":"https:\/\/masterchem.es\/de\/produkt\/ammoniakwasser-25-cas-7664-41-7\/#primaryimage","url":"https:\/\/masterchem.es\/wp-content\/uploads\/2023\/02\/Agua-amoniacal-25-CAS-7664-41-7-1000l-MasterChem.jpg","contentUrl":"https:\/\/masterchem.es\/wp-content\/uploads\/2023\/02\/Agua-amoniacal-25-CAS-7664-41-7-1000l-MasterChem.jpg","width":1000,"height":1000},{"@type":"BreadcrumbList","@id":"https:\/\/masterchem.es\/de\/produkt\/ammoniakwasser-25-cas-7664-41-7\/#breadcrumb","itemListElement":[{"@type":"ListItem","position":1,"name":"Home","item":"https:\/\/masterchem.es\/de\/"},{"@type":"ListItem","position":2,"name":"Tienda","item":"https:\/\/masterchem.es\/tienda\/"},{"@type":"ListItem","position":3,"name":"Ammoniakwasser 25 % (CAS 7664-41-7)"}]},{"@type":"WebSite","@id":"https:\/\/masterchem.es\/de\/#website","url":"https:\/\/masterchem.es\/de\/","name":"MasterChem","description":"proveedor de productos qu&iacute;micos","potentialAction":[{"@type":"SearchAction","target":{"@type":"EntryPoint","urlTemplate":"https:\/\/masterchem.es\/de\/?s={search_term_string}"},"query-input":{"@type":"PropertyValueSpecification","valueRequired":true,"valueName":"search_term_string"}}],"inLanguage":"de-DE"}]}},"_links":{"self":[{"href":"https:\/\/masterchem.es\/de\/wp-json\/wp\/v2\/product\/4544","targetHints":{"allow":["GET"]}}],"collection":[{"href":"https:\/\/masterchem.es\/de\/wp-json\/wp\/v2\/product"}],"about":[{"href":"https:\/\/masterchem.es\/de\/wp-json\/wp\/v2\/types\/product"}],"wp:featuredmedia":[{"embeddable":true,"href":"https:\/\/masterchem.es\/de\/wp-json\/wp\/v2\/media\/4580"}],"wp:attachment":[{"href":"https:\/\/masterchem.es\/de\/wp-json\/wp\/v2\/media?parent=4544"}],"wp:term":[{"taxonomy":"product_brand","embeddable":true,"href":"https:\/\/masterchem.es\/de\/wp-json\/wp\/v2\/product_brand?post=4544"},{"taxonomy":"product_cat","embeddable":true,"href":"https:\/\/masterchem.es\/de\/wp-json\/wp\/v2\/product_cat?post=4544"},{"taxonomy":"product_tag","embeddable":true,"href":"https:\/\/masterchem.es\/de\/wp-json\/wp\/v2\/product_tag?post=4544"}],"curies":[{"name":"wp","href":"https:\/\/api.w.org\/{rel}","templated":true}]}}