{"id":4603,"date":"2023-02-28T13:21:16","date_gmt":"2023-02-28T13:21:16","guid":{"rendered":"https:\/\/masterchem.es\/?post_type=product&#038;p=4603"},"modified":"2023-02-28T13:31:07","modified_gmt":"2023-02-28T13:31:07","slug":"kaliumhydroxid-flocken-granulat-cas-1310-58-3","status":"publish","type":"product","link":"https:\/\/masterchem.es\/de\/produkt\/kaliumhydroxid-flocken-granulat-cas-1310-58-3\/","title":{"rendered":"Kaliumhydroxid (Flocken\/Granulat) (CAS 1310-58-3)"},"content":{"rendered":"<p><strong>Vorl\u00e4ufer anderer Kaliumverbindungen<\/strong><br \/>\nViele Kaliumsalze werden durch Neutralisationsreaktionen mit KOH hergestellt. Die Kaliumsalze von Carbonat, Cyanid, Permanganat, Phosphat und verschiedenen Silicaten werden hergestellt, indem entweder die Oxide oder die S\u00e4uren mit KOH behandelt werden. Die hohe L\u00f6slichkeit von Kaliumphosphat ist in D\u00fcngemitteln w\u00fcnschenswert.<\/p>\n<p><strong>Herstellung von Schmierseifen<\/strong><br \/>\nDurch die Verseifung von Fetten mit KOH werden die entsprechenden \u201eKaliumseifen\u201c hergestellt, die weicher sind als die gebr\u00e4uchlicheren Seifen aus Natronlauge. Aufgrund ihrer Weichheit und besseren L\u00f6slichkeit ben\u00f6tigen Kaliseifen weniger Wasser zum Verfl\u00fcssigen und k\u00f6nnen daher mehr Reinigungsmittel enthalten als verfl\u00fcssigte Natriumseifen.<\/p>\n<p><strong>Nahrungsmittelindustrie<\/strong><br \/>\nIn Lebensmittelprodukten wirkt Kaliumhydroxid als Lebensmittelverdickungsmittel, pH-Kontrollmittel und Lebensmittelstabilisator. Die FDA betrachtet es (als direkten Lebensmittelbestandteil f\u00fcr den Menschen) als im Allgemeinen sicher, wenn es mit \u201eguten\u201c Anwendungsbedingungen f\u00fcr die Herstellungspraxis kombiniert wird. Es ist im E-Nummernsystem als E525 bekannt.<\/p>\n<p><strong>Nischenanwendungen<\/strong><br \/>\nWie Natriumhydroxid zieht Kaliumhydroxid zahlreiche spezialisierte Anwendungen an, die praktisch alle auf seinen Eigenschaften als starke chemische Base mit der daraus resultierenden F\u00e4higkeit zum Abbau vieler Materialien beruhen. Beispielsweise beschleunigt Kaliumhydroxid in einem Prozess, der allgemein als \u201echemische Ein\u00e4scherung\u201c oder \u201eResomation\u201c bezeichnet wird, die Zersetzung von Weichgeweben, sowohl von Tieren als auch von Menschen, sodass nur die Knochen und andere harte Gewebe zur\u00fcckbleiben. Entomologen, die die Feinstruktur der Insektenanatomie untersuchen m\u00f6chten, k\u00f6nnen eine 10%ige w\u00e4ssrige L\u00f6sung von KOH verwenden, um dieses Verfahren anzuwenden.<\/p>\n<p>Bei der chemischen Synthese richtet sich die Wahl zwischen der Verwendung von KOH und der Verwendung von NaOH nach der L\u00f6slichkeit oder der Beibehaltung der Qualit\u00e4t des resultierenden Salzes.<\/p>\n<p>Die korrosiven Eigenschaften von Kaliumhydroxid machen es zu einem n\u00fctzlichen Inhaltsstoff in Mitteln und Pr\u00e4paraten, die Oberfl\u00e4chen und Materialien reinigen und desinfizieren, die selbst der Korrosion durch KOH widerstehen k\u00f6nnen.<\/p>\n<p>KOH wird auch f\u00fcr die Herstellung von Halbleiterchips verwendet. Siehe auch: anisotropes Nass\u00e4tzen.<\/p>\n<p>Kaliumhydroxid ist oft der Hauptwirkstoff in chemischen \u201eNagelhautentfernern\u201c, die bei Manik\u00fcrebehandlungen verwendet werden.<\/p>\n<p>Da aggressive Basen wie KOH die Kutikula des Haarschafts sch\u00e4digen, wird Kaliumhydroxid verwendet, um die Entfernung von Haaren aus Tierh\u00e4uten chemisch zu unterst\u00fctzen. Die H\u00e4ute werden mehrere Stunden in einer L\u00f6sung aus KOH und Wasser eingeweicht, um sie f\u00fcr die Enthaarungsstufe des Gerbprozesses vorzubereiten. Derselbe Effekt wird auch verwendet, um menschliches Haar in Vorbereitung auf die Rasur zu schw\u00e4chen. Preshave-Produkte und einige Rasiercremes enthalten Kaliumhydroxid, um die Haarkutikula aufzubrechen und als hygroskopisches Mittel zu wirken, um Wasser anzuziehen und in den Haarschaft zu dr\u00fccken, wodurch das Haar weiter gesch\u00e4digt wird. In diesem geschw\u00e4chten Zustand l\u00e4sst sich das Haar leichter mit einer Rasierklinge schneiden.<\/p>\n<p>Kaliumhydroxid wird verwendet, um einige Pilzarten zu identifizieren. Eine 3- bis 5-prozentige w\u00e4ssrige L\u00f6sung von KOH wird auf das Fruchtfleisch eines Pilzes aufgetragen und der Forscher stellt fest, ob sich die Farbe des Fruchtfleischs \u00e4ndert oder nicht. Bestimmte Arten von Kiemenpilzen, Steinpilzen, Polyporen und Flechten sind anhand dieser Farb\u00e4nderungsreaktion identifizierbar.<\/p>\n","protected":false},"excerpt":{"rendered":"<p>Kaliumhydroxid ist eine anorganische Verbindung mit der Formel KOH und wird allgemein als \u00c4tzkali bezeichnet.<\/p>\n<p>Zusammen mit Natriumhydroxid (NaOH) ist dieser farblose Feststoff eine prototypische starke Base. Es hat viele Industrie- und Nischenanwendungen, von denen die meisten seine \u00e4tzende Natur und seine Reaktivit\u00e4t gegen\u00fcber S\u00e4uren ausnutzen. Im Jahr 2005 wurden sch\u00e4tzungsweise 700.000 bis 800.000 Tonnen produziert. KOH ist bemerkenswert als Vorl\u00e4ufer der meisten Weich- und Fl\u00fcssigseifen sowie zahlreicher kaliumhaltiger Chemikalien. Es ist ein wei\u00dfer Feststoff, der gef\u00e4hrlich \u00e4tzend ist. Die meisten kommerziellen Proben sind ca. 90 % rein, der Rest sind Wasser und Karbonate.<\/p>\n<p>CAS: 1310-58-3<\/p>\n","protected":false},"featured_media":4630,"template":"","meta":[],"product_brand":[],"product_cat":[132,126,101,113,86],"product_tag":[],"class_list":{"0":"post-4603","1":"product","2":"type-product","3":"status-publish","4":"has-post-thumbnail","6":"product_cat-dungemittel","7":"product_cat-industrielle-chemikalien","8":"product_cat-kosmetikindustrie","9":"product_cat-kunststoff-polyurethane","10":"product_cat-nicht-kategorisiert","12":"first","13":"instock","14":"taxable","15":"shipping-taxable","16":"purchasable","17":"product-type-variable","18":"has-default-attributes"},"yoast_head":"<!-- This site is optimized with the Yoast SEO plugin v27.5 - https:\/\/yoast.com\/product\/yoast-seo-wordpress\/ -->\n<title>Kaliumhydroxid (Flocken\/Granulat) (CAS 1310-58-3) - MasterChem<\/title>\n<meta name=\"description\" content=\"Kaliumhydroxid ist eine anorganische Verbindung mit der Formel KOH und wird allgemein als \u00c4tzkali bezeichnet.\" \/>\n<meta name=\"robots\" content=\"index, follow, max-snippet:-1, max-image-preview:large, max-video-preview:-1\" \/>\n<link rel=\"canonical\" href=\"https:\/\/masterchem.es\/de\/produkt\/kaliumhydroxid-flocken-granulat-cas-1310-58-3\/\" \/>\n<meta property=\"og:locale\" content=\"de_DE\" \/>\n<meta property=\"og:type\" content=\"article\" \/>\n<meta property=\"og:title\" content=\"Kaliumhydroxid (Flocken\/Granulat) (CAS 1310-58-3) - MasterChem\" \/>\n<meta property=\"og:description\" content=\"Kaliumhydroxid ist eine anorganische Verbindung mit der Formel KOH und wird allgemein als \u00c4tzkali bezeichnet.\" \/>\n<meta property=\"og:url\" content=\"https:\/\/masterchem.es\/de\/produkt\/kaliumhydroxid-flocken-granulat-cas-1310-58-3\/\" \/>\n<meta property=\"og:site_name\" content=\"MasterChem\" \/>\n<meta property=\"article:modified_time\" content=\"2023-02-28T13:31:07+00:00\" \/>\n<meta property=\"og:image\" content=\"https:\/\/masterchem.es\/wp-content\/uploads\/2023\/02\/Hidroxido-de-potasio-CAS-1310-58-3-25kg-MasterChem.jpg\" \/>\n\t<meta property=\"og:image:width\" content=\"1000\" \/>\n\t<meta property=\"og:image:height\" content=\"1000\" \/>\n\t<meta property=\"og:image:type\" content=\"image\/jpeg\" \/>\n<meta name=\"twitter:card\" content=\"summary_large_image\" \/>\n<meta name=\"twitter:label1\" content=\"Gesch\u00e4tzte Lesezeit\" \/>\n\t<meta name=\"twitter:data1\" content=\"2 Minuten\" \/>\n<script type=\"application\/ld+json\" class=\"yoast-schema-graph\">{\"@context\":\"https:\\\/\\\/schema.org\",\"@graph\":[{\"@type\":\"WebPage\",\"@id\":\"https:\\\/\\\/masterchem.es\\\/de\\\/produkt\\\/kaliumhydroxid-flocken-granulat-cas-1310-58-3\\\/\",\"url\":\"https:\\\/\\\/masterchem.es\\\/de\\\/produkt\\\/kaliumhydroxid-flocken-granulat-cas-1310-58-3\\\/\",\"name\":\"Kaliumhydroxid (Flocken\\\/Granulat) (CAS 1310-58-3) - MasterChem\",\"isPartOf\":{\"@id\":\"https:\\\/\\\/masterchem.es\\\/de\\\/#website\"},\"primaryImageOfPage\":{\"@id\":\"https:\\\/\\\/masterchem.es\\\/de\\\/produkt\\\/kaliumhydroxid-flocken-granulat-cas-1310-58-3\\\/#primaryimage\"},\"image\":{\"@id\":\"https:\\\/\\\/masterchem.es\\\/de\\\/produkt\\\/kaliumhydroxid-flocken-granulat-cas-1310-58-3\\\/#primaryimage\"},\"thumbnailUrl\":\"https:\\\/\\\/masterchem.es\\\/wp-content\\\/uploads\\\/2023\\\/02\\\/Hidroxido-de-potasio-CAS-1310-58-3-25kg-MasterChem.jpg\",\"datePublished\":\"2023-02-28T13:21:16+00:00\",\"dateModified\":\"2023-02-28T13:31:07+00:00\",\"description\":\"Kaliumhydroxid ist eine anorganische Verbindung mit der Formel KOH und wird allgemein als \u00c4tzkali bezeichnet.\",\"breadcrumb\":{\"@id\":\"https:\\\/\\\/masterchem.es\\\/de\\\/produkt\\\/kaliumhydroxid-flocken-granulat-cas-1310-58-3\\\/#breadcrumb\"},\"inLanguage\":\"de-DE\",\"potentialAction\":[{\"@type\":\"ReadAction\",\"target\":[\"https:\\\/\\\/masterchem.es\\\/de\\\/produkt\\\/kaliumhydroxid-flocken-granulat-cas-1310-58-3\\\/\"]}]},{\"@type\":\"ImageObject\",\"inLanguage\":\"de-DE\",\"@id\":\"https:\\\/\\\/masterchem.es\\\/de\\\/produkt\\\/kaliumhydroxid-flocken-granulat-cas-1310-58-3\\\/#primaryimage\",\"url\":\"https:\\\/\\\/masterchem.es\\\/wp-content\\\/uploads\\\/2023\\\/02\\\/Hidroxido-de-potasio-CAS-1310-58-3-25kg-MasterChem.jpg\",\"contentUrl\":\"https:\\\/\\\/masterchem.es\\\/wp-content\\\/uploads\\\/2023\\\/02\\\/Hidroxido-de-potasio-CAS-1310-58-3-25kg-MasterChem.jpg\",\"width\":1000,\"height\":1000},{\"@type\":\"BreadcrumbList\",\"@id\":\"https:\\\/\\\/masterchem.es\\\/de\\\/produkt\\\/kaliumhydroxid-flocken-granulat-cas-1310-58-3\\\/#breadcrumb\",\"itemListElement\":[{\"@type\":\"ListItem\",\"position\":1,\"name\":\"Home\",\"item\":\"https:\\\/\\\/masterchem.es\\\/de\\\/\"},{\"@type\":\"ListItem\",\"position\":2,\"name\":\"Tienda\",\"item\":\"https:\\\/\\\/masterchem.es\\\/tienda\\\/\"},{\"@type\":\"ListItem\",\"position\":3,\"name\":\"Kaliumhydroxid (Flocken\\\/Granulat) (CAS 1310-58-3)\"}]},{\"@type\":\"WebSite\",\"@id\":\"https:\\\/\\\/masterchem.es\\\/de\\\/#website\",\"url\":\"https:\\\/\\\/masterchem.es\\\/de\\\/\",\"name\":\"MasterChem\",\"description\":\"proveedor de productos qu&iacute;micos\",\"potentialAction\":[{\"@type\":\"SearchAction\",\"target\":{\"@type\":\"EntryPoint\",\"urlTemplate\":\"https:\\\/\\\/masterchem.es\\\/de\\\/?s={search_term_string}\"},\"query-input\":{\"@type\":\"PropertyValueSpecification\",\"valueRequired\":true,\"valueName\":\"search_term_string\"}}],\"inLanguage\":\"de-DE\"}]}<\/script>\n<!-- \/ Yoast SEO plugin. -->","yoast_head_json":{"title":"Kaliumhydroxid (Flocken\/Granulat) (CAS 1310-58-3) - MasterChem","description":"Kaliumhydroxid ist eine anorganische Verbindung mit der Formel KOH und wird allgemein als \u00c4tzkali bezeichnet.","robots":{"index":"index","follow":"follow","max-snippet":"max-snippet:-1","max-image-preview":"max-image-preview:large","max-video-preview":"max-video-preview:-1"},"canonical":"https:\/\/masterchem.es\/de\/produkt\/kaliumhydroxid-flocken-granulat-cas-1310-58-3\/","og_locale":"de_DE","og_type":"article","og_title":"Kaliumhydroxid (Flocken\/Granulat) (CAS 1310-58-3) - MasterChem","og_description":"Kaliumhydroxid ist eine anorganische Verbindung mit der Formel KOH und wird allgemein als \u00c4tzkali bezeichnet.","og_url":"https:\/\/masterchem.es\/de\/produkt\/kaliumhydroxid-flocken-granulat-cas-1310-58-3\/","og_site_name":"MasterChem","article_modified_time":"2023-02-28T13:31:07+00:00","og_image":[{"width":1000,"height":1000,"url":"https:\/\/masterchem.es\/wp-content\/uploads\/2023\/02\/Hidroxido-de-potasio-CAS-1310-58-3-25kg-MasterChem.jpg","type":"image\/jpeg"}],"twitter_card":"summary_large_image","twitter_misc":{"Gesch\u00e4tzte Lesezeit":"2 Minuten"},"schema":{"@context":"https:\/\/schema.org","@graph":[{"@type":"WebPage","@id":"https:\/\/masterchem.es\/de\/produkt\/kaliumhydroxid-flocken-granulat-cas-1310-58-3\/","url":"https:\/\/masterchem.es\/de\/produkt\/kaliumhydroxid-flocken-granulat-cas-1310-58-3\/","name":"Kaliumhydroxid (Flocken\/Granulat) (CAS 1310-58-3) - MasterChem","isPartOf":{"@id":"https:\/\/masterchem.es\/de\/#website"},"primaryImageOfPage":{"@id":"https:\/\/masterchem.es\/de\/produkt\/kaliumhydroxid-flocken-granulat-cas-1310-58-3\/#primaryimage"},"image":{"@id":"https:\/\/masterchem.es\/de\/produkt\/kaliumhydroxid-flocken-granulat-cas-1310-58-3\/#primaryimage"},"thumbnailUrl":"https:\/\/masterchem.es\/wp-content\/uploads\/2023\/02\/Hidroxido-de-potasio-CAS-1310-58-3-25kg-MasterChem.jpg","datePublished":"2023-02-28T13:21:16+00:00","dateModified":"2023-02-28T13:31:07+00:00","description":"Kaliumhydroxid ist eine anorganische Verbindung mit der Formel KOH und wird allgemein als \u00c4tzkali bezeichnet.","breadcrumb":{"@id":"https:\/\/masterchem.es\/de\/produkt\/kaliumhydroxid-flocken-granulat-cas-1310-58-3\/#breadcrumb"},"inLanguage":"de-DE","potentialAction":[{"@type":"ReadAction","target":["https:\/\/masterchem.es\/de\/produkt\/kaliumhydroxid-flocken-granulat-cas-1310-58-3\/"]}]},{"@type":"ImageObject","inLanguage":"de-DE","@id":"https:\/\/masterchem.es\/de\/produkt\/kaliumhydroxid-flocken-granulat-cas-1310-58-3\/#primaryimage","url":"https:\/\/masterchem.es\/wp-content\/uploads\/2023\/02\/Hidroxido-de-potasio-CAS-1310-58-3-25kg-MasterChem.jpg","contentUrl":"https:\/\/masterchem.es\/wp-content\/uploads\/2023\/02\/Hidroxido-de-potasio-CAS-1310-58-3-25kg-MasterChem.jpg","width":1000,"height":1000},{"@type":"BreadcrumbList","@id":"https:\/\/masterchem.es\/de\/produkt\/kaliumhydroxid-flocken-granulat-cas-1310-58-3\/#breadcrumb","itemListElement":[{"@type":"ListItem","position":1,"name":"Home","item":"https:\/\/masterchem.es\/de\/"},{"@type":"ListItem","position":2,"name":"Tienda","item":"https:\/\/masterchem.es\/tienda\/"},{"@type":"ListItem","position":3,"name":"Kaliumhydroxid (Flocken\/Granulat) (CAS 1310-58-3)"}]},{"@type":"WebSite","@id":"https:\/\/masterchem.es\/de\/#website","url":"https:\/\/masterchem.es\/de\/","name":"MasterChem","description":"proveedor de productos qu&iacute;micos","potentialAction":[{"@type":"SearchAction","target":{"@type":"EntryPoint","urlTemplate":"https:\/\/masterchem.es\/de\/?s={search_term_string}"},"query-input":{"@type":"PropertyValueSpecification","valueRequired":true,"valueName":"search_term_string"}}],"inLanguage":"de-DE"}]}},"_links":{"self":[{"href":"https:\/\/masterchem.es\/de\/wp-json\/wp\/v2\/product\/4603","targetHints":{"allow":["GET"]}}],"collection":[{"href":"https:\/\/masterchem.es\/de\/wp-json\/wp\/v2\/product"}],"about":[{"href":"https:\/\/masterchem.es\/de\/wp-json\/wp\/v2\/types\/product"}],"wp:featuredmedia":[{"embeddable":true,"href":"https:\/\/masterchem.es\/de\/wp-json\/wp\/v2\/media\/4630"}],"wp:attachment":[{"href":"https:\/\/masterchem.es\/de\/wp-json\/wp\/v2\/media?parent=4603"}],"wp:term":[{"taxonomy":"product_brand","embeddable":true,"href":"https:\/\/masterchem.es\/de\/wp-json\/wp\/v2\/product_brand?post=4603"},{"taxonomy":"product_cat","embeddable":true,"href":"https:\/\/masterchem.es\/de\/wp-json\/wp\/v2\/product_cat?post=4603"},{"taxonomy":"product_tag","embeddable":true,"href":"https:\/\/masterchem.es\/de\/wp-json\/wp\/v2\/product_tag?post=4603"}],"curies":[{"name":"wp","href":"https:\/\/api.w.org\/{rel}","templated":true}]}}