{"id":4647,"date":"2023-03-01T06:52:40","date_gmt":"2023-03-01T06:52:40","guid":{"rendered":"https:\/\/masterchem.es\/?post_type=product&#038;p=4647"},"modified":"2023-03-01T07:00:36","modified_gmt":"2023-03-01T07:00:36","slug":"magnesiumhydroxid-cas-1309-42-8","status":"publish","type":"product","link":"https:\/\/masterchem.es\/de\/produkt\/magnesiumhydroxid-cas-1309-42-8\/","title":{"rendered":"Magnesiumhydroxid (CAS 1309-42-8)"},"content":{"rendered":"<p><strong>Andere Nischennutzungen<\/strong><br \/>\nMagnesiumhydroxid ist auch ein Bestandteil von Antitranspirantien. Magnesiumhydroxid ist bei topischer Anwendung gegen Mundgeschw\u00fcre (Aphthen) n\u00fctzlich.<\/p>\n<p><strong>Abwasserbehandlung<\/strong><br \/>\nMagnesiumhydroxid-Pulver wird industriell zur Neutralisierung von sauren Abw\u00e4ssern eingesetzt. Es ist auch ein Bestandteil der Biorock-Methode zum Bau k\u00fcnstlicher Riffe.<\/p>\n<p><strong>Feuerd\u00e4mmend<\/strong><br \/>\nNat\u00fcrliches Magnesiumhydroxid (Brucit) wird kommerziell als Flammschutzmittel verwendet. Das meiste industriell genutzte Magnesiumhydroxid wird synthetisch hergestellt. Wie Aluminiumhydroxid hat festes Magnesiumhydroxid rauchunterdr\u00fcckende und flammhemmende Eigenschaften. Diese Eigenschaft ist auf die endotherme Zersetzung bei 332 \u00b0 C (630 \u00b0 F) zur\u00fcckzuf\u00fchren:<\/p>\n<p>Mg(OH)2 \u2192 MgO + H2O<br \/>\nDie durch die Reaktion absorbierte W\u00e4rme verz\u00f6gert das Feuer, indem sie die Entz\u00fcndung der assoziierten Substanz verz\u00f6gert. Das freigesetzte Wasser verd\u00fcnnt brennbare Gase. \u00dcbliche Anwendungen von Magnesiumhydroxid als Flammschutzmittel umfassen Zus\u00e4tze zur Kabelisolierung (z. B. Kabel f\u00fcr hochwertige Autos, U-Boote, den Airbus A380, Bugatti Veyron und die PlayStation 4, PlayStation 2 usw.), Isolierkunststoffe, Bedachungen (z. B. London Olympic Stadion) und verschiedene flammhemmende Beschichtungen. Andere Mineralmischungen, die in \u00e4hnlichen feuerhemmenden Anwendungen verwendet werden, sind nat\u00fcrliche Mischungen aus Huntit und Hydromagnesit.<\/p>\n","protected":false},"excerpt":{"rendered":"<p>Magnesiumhydroxid ist die anorganische Verbindung mit der chemischen Formel Mg(OH)2. Es kommt in der Natur als Mineral Brucit vor. Es ist ein wei\u00dfer Feststoff mit geringer Wasserl\u00f6slichkeit (Ksp = 5,61\u00d710\u221212). Magnesiumhydroxid ist ein h\u00e4ufiger Bestandteil von Antazida wie Magnesiamilch sowie von Abf\u00fchrmitteln.<\/p>\n<p>CAS: 1309-42-8<\/p>\n","protected":false},"featured_media":4653,"template":"","meta":[],"product_brand":[],"product_cat":[126,86],"product_tag":[],"class_list":{"0":"post-4647","1":"product","2":"type-product","3":"status-publish","4":"has-post-thumbnail","6":"product_cat-industrielle-chemikalien","7":"product_cat-nicht-kategorisiert","9":"first","10":"instock","11":"taxable","12":"shipping-taxable","13":"purchasable","14":"product-type-variable","15":"has-default-attributes"},"yoast_head":"<!-- This site is optimized with the Yoast SEO plugin v27.5 - https:\/\/yoast.com\/product\/yoast-seo-wordpress\/ -->\n<title>Magnesiumhydroxid (CAS 1309-42-8) - MasterChem<\/title>\n<meta name=\"description\" content=\"Magnesiumhydroxid ist die anorganische Verbindung mit der chemischen Formel Mg(OH)2. Es kommt in der Natur als Mineral Brucit vor.\" \/>\n<meta name=\"robots\" content=\"index, follow, max-snippet:-1, max-image-preview:large, max-video-preview:-1\" \/>\n<link rel=\"canonical\" href=\"https:\/\/masterchem.es\/de\/produkt\/magnesiumhydroxid-cas-1309-42-8\/\" \/>\n<meta property=\"og:locale\" content=\"de_DE\" \/>\n<meta property=\"og:type\" content=\"article\" \/>\n<meta property=\"og:title\" content=\"Magnesiumhydroxid (CAS 1309-42-8) - MasterChem\" \/>\n<meta property=\"og:description\" content=\"Magnesiumhydroxid ist die anorganische Verbindung mit der chemischen Formel Mg(OH)2. Es kommt in der Natur als Mineral Brucit vor.\" \/>\n<meta property=\"og:url\" content=\"https:\/\/masterchem.es\/de\/produkt\/magnesiumhydroxid-cas-1309-42-8\/\" \/>\n<meta property=\"og:site_name\" content=\"MasterChem\" \/>\n<meta property=\"article:modified_time\" content=\"2023-03-01T07:00:36+00:00\" \/>\n<meta property=\"og:image\" content=\"https:\/\/masterchem.es\/wp-content\/uploads\/2023\/03\/Hidroxido-de-magnesio-CAS-1309-42-8-25kg-MasterChem.jpg\" \/>\n\t<meta property=\"og:image:width\" content=\"1000\" \/>\n\t<meta property=\"og:image:height\" content=\"1000\" \/>\n\t<meta property=\"og:image:type\" content=\"image\/jpeg\" \/>\n<meta name=\"twitter:card\" content=\"summary_large_image\" \/>\n<meta name=\"twitter:label1\" content=\"Gesch\u00e4tzte Lesezeit\" \/>\n\t<meta name=\"twitter:data1\" content=\"1 Minute\" \/>\n<script type=\"application\/ld+json\" class=\"yoast-schema-graph\">{\"@context\":\"https:\\\/\\\/schema.org\",\"@graph\":[{\"@type\":\"WebPage\",\"@id\":\"https:\\\/\\\/masterchem.es\\\/de\\\/produkt\\\/magnesiumhydroxid-cas-1309-42-8\\\/\",\"url\":\"https:\\\/\\\/masterchem.es\\\/de\\\/produkt\\\/magnesiumhydroxid-cas-1309-42-8\\\/\",\"name\":\"Magnesiumhydroxid (CAS 1309-42-8) - MasterChem\",\"isPartOf\":{\"@id\":\"https:\\\/\\\/masterchem.es\\\/de\\\/#website\"},\"primaryImageOfPage\":{\"@id\":\"https:\\\/\\\/masterchem.es\\\/de\\\/produkt\\\/magnesiumhydroxid-cas-1309-42-8\\\/#primaryimage\"},\"image\":{\"@id\":\"https:\\\/\\\/masterchem.es\\\/de\\\/produkt\\\/magnesiumhydroxid-cas-1309-42-8\\\/#primaryimage\"},\"thumbnailUrl\":\"https:\\\/\\\/masterchem.es\\\/wp-content\\\/uploads\\\/2023\\\/03\\\/Hidroxido-de-magnesio-CAS-1309-42-8-25kg-MasterChem.jpg\",\"datePublished\":\"2023-03-01T06:52:40+00:00\",\"dateModified\":\"2023-03-01T07:00:36+00:00\",\"description\":\"Magnesiumhydroxid ist die anorganische Verbindung mit der chemischen Formel Mg(OH)2. Es kommt in der Natur als Mineral Brucit vor.\",\"breadcrumb\":{\"@id\":\"https:\\\/\\\/masterchem.es\\\/de\\\/produkt\\\/magnesiumhydroxid-cas-1309-42-8\\\/#breadcrumb\"},\"inLanguage\":\"de-DE\",\"potentialAction\":[{\"@type\":\"ReadAction\",\"target\":[\"https:\\\/\\\/masterchem.es\\\/de\\\/produkt\\\/magnesiumhydroxid-cas-1309-42-8\\\/\"]}]},{\"@type\":\"ImageObject\",\"inLanguage\":\"de-DE\",\"@id\":\"https:\\\/\\\/masterchem.es\\\/de\\\/produkt\\\/magnesiumhydroxid-cas-1309-42-8\\\/#primaryimage\",\"url\":\"https:\\\/\\\/masterchem.es\\\/wp-content\\\/uploads\\\/2023\\\/03\\\/Hidroxido-de-magnesio-CAS-1309-42-8-25kg-MasterChem.jpg\",\"contentUrl\":\"https:\\\/\\\/masterchem.es\\\/wp-content\\\/uploads\\\/2023\\\/03\\\/Hidroxido-de-magnesio-CAS-1309-42-8-25kg-MasterChem.jpg\",\"width\":1000,\"height\":1000},{\"@type\":\"BreadcrumbList\",\"@id\":\"https:\\\/\\\/masterchem.es\\\/de\\\/produkt\\\/magnesiumhydroxid-cas-1309-42-8\\\/#breadcrumb\",\"itemListElement\":[{\"@type\":\"ListItem\",\"position\":1,\"name\":\"Home\",\"item\":\"https:\\\/\\\/masterchem.es\\\/de\\\/\"},{\"@type\":\"ListItem\",\"position\":2,\"name\":\"Tienda\",\"item\":\"https:\\\/\\\/masterchem.es\\\/tienda\\\/\"},{\"@type\":\"ListItem\",\"position\":3,\"name\":\"Magnesiumhydroxid (CAS 1309-42-8)\"}]},{\"@type\":\"WebSite\",\"@id\":\"https:\\\/\\\/masterchem.es\\\/de\\\/#website\",\"url\":\"https:\\\/\\\/masterchem.es\\\/de\\\/\",\"name\":\"MasterChem\",\"description\":\"proveedor de productos qu&iacute;micos\",\"potentialAction\":[{\"@type\":\"SearchAction\",\"target\":{\"@type\":\"EntryPoint\",\"urlTemplate\":\"https:\\\/\\\/masterchem.es\\\/de\\\/?s={search_term_string}\"},\"query-input\":{\"@type\":\"PropertyValueSpecification\",\"valueRequired\":true,\"valueName\":\"search_term_string\"}}],\"inLanguage\":\"de-DE\"}]}<\/script>\n<!-- \/ Yoast SEO plugin. -->","yoast_head_json":{"title":"Magnesiumhydroxid (CAS 1309-42-8) - MasterChem","description":"Magnesiumhydroxid ist die anorganische Verbindung mit der chemischen Formel Mg(OH)2. Es kommt in der Natur als Mineral Brucit vor.","robots":{"index":"index","follow":"follow","max-snippet":"max-snippet:-1","max-image-preview":"max-image-preview:large","max-video-preview":"max-video-preview:-1"},"canonical":"https:\/\/masterchem.es\/de\/produkt\/magnesiumhydroxid-cas-1309-42-8\/","og_locale":"de_DE","og_type":"article","og_title":"Magnesiumhydroxid (CAS 1309-42-8) - MasterChem","og_description":"Magnesiumhydroxid ist die anorganische Verbindung mit der chemischen Formel Mg(OH)2. Es kommt in der Natur als Mineral Brucit vor.","og_url":"https:\/\/masterchem.es\/de\/produkt\/magnesiumhydroxid-cas-1309-42-8\/","og_site_name":"MasterChem","article_modified_time":"2023-03-01T07:00:36+00:00","og_image":[{"width":1000,"height":1000,"url":"https:\/\/masterchem.es\/wp-content\/uploads\/2023\/03\/Hidroxido-de-magnesio-CAS-1309-42-8-25kg-MasterChem.jpg","type":"image\/jpeg"}],"twitter_card":"summary_large_image","twitter_misc":{"Gesch\u00e4tzte Lesezeit":"1 Minute"},"schema":{"@context":"https:\/\/schema.org","@graph":[{"@type":"WebPage","@id":"https:\/\/masterchem.es\/de\/produkt\/magnesiumhydroxid-cas-1309-42-8\/","url":"https:\/\/masterchem.es\/de\/produkt\/magnesiumhydroxid-cas-1309-42-8\/","name":"Magnesiumhydroxid (CAS 1309-42-8) - MasterChem","isPartOf":{"@id":"https:\/\/masterchem.es\/de\/#website"},"primaryImageOfPage":{"@id":"https:\/\/masterchem.es\/de\/produkt\/magnesiumhydroxid-cas-1309-42-8\/#primaryimage"},"image":{"@id":"https:\/\/masterchem.es\/de\/produkt\/magnesiumhydroxid-cas-1309-42-8\/#primaryimage"},"thumbnailUrl":"https:\/\/masterchem.es\/wp-content\/uploads\/2023\/03\/Hidroxido-de-magnesio-CAS-1309-42-8-25kg-MasterChem.jpg","datePublished":"2023-03-01T06:52:40+00:00","dateModified":"2023-03-01T07:00:36+00:00","description":"Magnesiumhydroxid ist die anorganische Verbindung mit der chemischen Formel Mg(OH)2. Es kommt in der Natur als Mineral Brucit vor.","breadcrumb":{"@id":"https:\/\/masterchem.es\/de\/produkt\/magnesiumhydroxid-cas-1309-42-8\/#breadcrumb"},"inLanguage":"de-DE","potentialAction":[{"@type":"ReadAction","target":["https:\/\/masterchem.es\/de\/produkt\/magnesiumhydroxid-cas-1309-42-8\/"]}]},{"@type":"ImageObject","inLanguage":"de-DE","@id":"https:\/\/masterchem.es\/de\/produkt\/magnesiumhydroxid-cas-1309-42-8\/#primaryimage","url":"https:\/\/masterchem.es\/wp-content\/uploads\/2023\/03\/Hidroxido-de-magnesio-CAS-1309-42-8-25kg-MasterChem.jpg","contentUrl":"https:\/\/masterchem.es\/wp-content\/uploads\/2023\/03\/Hidroxido-de-magnesio-CAS-1309-42-8-25kg-MasterChem.jpg","width":1000,"height":1000},{"@type":"BreadcrumbList","@id":"https:\/\/masterchem.es\/de\/produkt\/magnesiumhydroxid-cas-1309-42-8\/#breadcrumb","itemListElement":[{"@type":"ListItem","position":1,"name":"Home","item":"https:\/\/masterchem.es\/de\/"},{"@type":"ListItem","position":2,"name":"Tienda","item":"https:\/\/masterchem.es\/tienda\/"},{"@type":"ListItem","position":3,"name":"Magnesiumhydroxid (CAS 1309-42-8)"}]},{"@type":"WebSite","@id":"https:\/\/masterchem.es\/de\/#website","url":"https:\/\/masterchem.es\/de\/","name":"MasterChem","description":"proveedor de productos qu&iacute;micos","potentialAction":[{"@type":"SearchAction","target":{"@type":"EntryPoint","urlTemplate":"https:\/\/masterchem.es\/de\/?s={search_term_string}"},"query-input":{"@type":"PropertyValueSpecification","valueRequired":true,"valueName":"search_term_string"}}],"inLanguage":"de-DE"}]}},"_links":{"self":[{"href":"https:\/\/masterchem.es\/de\/wp-json\/wp\/v2\/product\/4647","targetHints":{"allow":["GET"]}}],"collection":[{"href":"https:\/\/masterchem.es\/de\/wp-json\/wp\/v2\/product"}],"about":[{"href":"https:\/\/masterchem.es\/de\/wp-json\/wp\/v2\/types\/product"}],"wp:featuredmedia":[{"embeddable":true,"href":"https:\/\/masterchem.es\/de\/wp-json\/wp\/v2\/media\/4653"}],"wp:attachment":[{"href":"https:\/\/masterchem.es\/de\/wp-json\/wp\/v2\/media?parent=4647"}],"wp:term":[{"taxonomy":"product_brand","embeddable":true,"href":"https:\/\/masterchem.es\/de\/wp-json\/wp\/v2\/product_brand?post=4647"},{"taxonomy":"product_cat","embeddable":true,"href":"https:\/\/masterchem.es\/de\/wp-json\/wp\/v2\/product_cat?post=4647"},{"taxonomy":"product_tag","embeddable":true,"href":"https:\/\/masterchem.es\/de\/wp-json\/wp\/v2\/product_tag?post=4647"}],"curies":[{"name":"wp","href":"https:\/\/api.w.org\/{rel}","templated":true}]}}