{"id":4658,"date":"2023-03-01T07:06:52","date_gmt":"2023-03-01T07:06:52","guid":{"rendered":"https:\/\/masterchem.es\/?post_type=product&#038;p=4658"},"modified":"2023-03-01T07:20:03","modified_gmt":"2023-03-01T07:20:03","slug":"natriumhydroxid-granulat-cas-1310-73-2","status":"publish","type":"product","link":"https:\/\/masterchem.es\/de\/produkt\/natriumhydroxid-granulat-cas-1310-73-2\/","title":{"rendered":"Natriumhydroxid-Granulat (CAS 1310-73-2)"},"content":{"rendered":"<p>Natriumhydroxid 100 % Physikalische \/ chemische Gefahren: Nicht brennbar. Der Kontakt mit Feuchtigkeit oder Wasser kann gen\u00fcgend Hitze erzeugen, um brennbare Substanzen zu entz\u00fcnden. Reagiert mit bestimmten Metallen (z. B. Aluminium) unter Bildung von brennbarem Wasserstoffgas.<\/p>\n<p>Lagerung: Feuchtigkeitsabsorbierend. K\u00fchl und trocken lagern. Sch\u00fctzen Sie die Verpackung vor physischem Bruch. Befolgen Sie alle Warnhinweise und Vorsichtsma\u00dfnahmen f\u00fcr diese Substanz. Auf einem s\u00e4urefesten Betonboden lagern. Unvertr\u00e4gliche Materialien: starke S\u00e4uren, insbesondere Salpeter-, Salz-, Schwefels\u00e4ure usw., starke Oxidationsmittel, starke Reduktionsmittel, einige Metalle (Zink, Aluminium, Zinn, Blei), brennbare Fl\u00fcssigkeiten. Anforderungen an die Verpackung: Dicht verschlossene Plastikt\u00fcten aus mit Polyethylen behandeltem Papier mit Innenbeuteln aus Polyethylen oder Polypropylen. Keine Metallbeh\u00e4lter verwenden.<\/p>\n","protected":false},"excerpt":{"rendered":"<p>Natriumhydroxid 100 % Anwendung: Chemie, Lebensmittel, Textilien, Zellstoff und Papier und verschiedene andere Anwendungen.<\/p>\n<p>CAS: 1310-73-2<\/p>\n","protected":false},"featured_media":4664,"template":"","meta":[],"product_brand":[],"product_cat":[132,126,101,113,86],"product_tag":[],"class_list":{"0":"post-4658","1":"product","2":"type-product","3":"status-publish","4":"has-post-thumbnail","6":"product_cat-dungemittel","7":"product_cat-industrielle-chemikalien","8":"product_cat-kosmetikindustrie","9":"product_cat-kunststoff-polyurethane","10":"product_cat-nicht-kategorisiert","12":"first","13":"instock","14":"taxable","15":"shipping-taxable","16":"purchasable","17":"product-type-variable","18":"has-default-attributes"},"yoast_head":"<!-- This site is optimized with the Yoast SEO plugin v27.5 - https:\/\/yoast.com\/product\/yoast-seo-wordpress\/ -->\n<title>Natriumhydroxid-Granulat (CAS 1310-73-2) - MasterChem<\/title>\n<meta name=\"description\" content=\"Natriumhydroxid 100 % Anwendung: Chemie, Lebensmittel, Textilien, Zellstoff und Papier und verschiedene andere Anwendungen.\" \/>\n<meta name=\"robots\" content=\"index, follow, max-snippet:-1, max-image-preview:large, max-video-preview:-1\" \/>\n<link rel=\"canonical\" href=\"https:\/\/masterchem.es\/de\/produkt\/natriumhydroxid-granulat-cas-1310-73-2\/\" \/>\n<meta property=\"og:locale\" content=\"de_DE\" \/>\n<meta property=\"og:type\" content=\"article\" \/>\n<meta property=\"og:title\" content=\"Natriumhydroxid-Granulat (CAS 1310-73-2) - MasterChem\" \/>\n<meta property=\"og:description\" content=\"Natriumhydroxid 100 % Anwendung: Chemie, Lebensmittel, Textilien, Zellstoff und Papier und verschiedene andere Anwendungen.\" \/>\n<meta property=\"og:url\" content=\"https:\/\/masterchem.es\/de\/produkt\/natriumhydroxid-granulat-cas-1310-73-2\/\" \/>\n<meta property=\"og:site_name\" content=\"MasterChem\" \/>\n<meta property=\"article:modified_time\" content=\"2023-03-01T07:20:03+00:00\" \/>\n<meta property=\"og:image\" content=\"https:\/\/masterchem.es\/wp-content\/uploads\/2023\/03\/Granulos-de-hidroxido-de-sodio-CAS-1310-73-2-25kg-MasterChem.png\" \/>\n\t<meta property=\"og:image:width\" content=\"1000\" \/>\n\t<meta property=\"og:image:height\" content=\"1000\" \/>\n\t<meta property=\"og:image:type\" content=\"image\/png\" \/>\n<meta name=\"twitter:card\" content=\"summary_large_image\" \/>\n<meta name=\"twitter:label1\" content=\"Gesch\u00e4tzte Lesezeit\" \/>\n\t<meta name=\"twitter:data1\" content=\"1 Minute\" \/>\n<script type=\"application\/ld+json\" class=\"yoast-schema-graph\">{\"@context\":\"https:\\\/\\\/schema.org\",\"@graph\":[{\"@type\":\"WebPage\",\"@id\":\"https:\\\/\\\/masterchem.es\\\/de\\\/produkt\\\/natriumhydroxid-granulat-cas-1310-73-2\\\/\",\"url\":\"https:\\\/\\\/masterchem.es\\\/de\\\/produkt\\\/natriumhydroxid-granulat-cas-1310-73-2\\\/\",\"name\":\"Natriumhydroxid-Granulat (CAS 1310-73-2) - MasterChem\",\"isPartOf\":{\"@id\":\"https:\\\/\\\/masterchem.es\\\/de\\\/#website\"},\"primaryImageOfPage\":{\"@id\":\"https:\\\/\\\/masterchem.es\\\/de\\\/produkt\\\/natriumhydroxid-granulat-cas-1310-73-2\\\/#primaryimage\"},\"image\":{\"@id\":\"https:\\\/\\\/masterchem.es\\\/de\\\/produkt\\\/natriumhydroxid-granulat-cas-1310-73-2\\\/#primaryimage\"},\"thumbnailUrl\":\"https:\\\/\\\/masterchem.es\\\/wp-content\\\/uploads\\\/2023\\\/03\\\/Granulos-de-hidroxido-de-sodio-CAS-1310-73-2-25kg-MasterChem.png\",\"datePublished\":\"2023-03-01T07:06:52+00:00\",\"dateModified\":\"2023-03-01T07:20:03+00:00\",\"description\":\"Natriumhydroxid 100 % Anwendung: Chemie, Lebensmittel, Textilien, Zellstoff und Papier und verschiedene andere Anwendungen.\",\"breadcrumb\":{\"@id\":\"https:\\\/\\\/masterchem.es\\\/de\\\/produkt\\\/natriumhydroxid-granulat-cas-1310-73-2\\\/#breadcrumb\"},\"inLanguage\":\"de-DE\",\"potentialAction\":[{\"@type\":\"ReadAction\",\"target\":[\"https:\\\/\\\/masterchem.es\\\/de\\\/produkt\\\/natriumhydroxid-granulat-cas-1310-73-2\\\/\"]}]},{\"@type\":\"ImageObject\",\"inLanguage\":\"de-DE\",\"@id\":\"https:\\\/\\\/masterchem.es\\\/de\\\/produkt\\\/natriumhydroxid-granulat-cas-1310-73-2\\\/#primaryimage\",\"url\":\"https:\\\/\\\/masterchem.es\\\/wp-content\\\/uploads\\\/2023\\\/03\\\/Granulos-de-hidroxido-de-sodio-CAS-1310-73-2-25kg-MasterChem.png\",\"contentUrl\":\"https:\\\/\\\/masterchem.es\\\/wp-content\\\/uploads\\\/2023\\\/03\\\/Granulos-de-hidroxido-de-sodio-CAS-1310-73-2-25kg-MasterChem.png\",\"width\":1000,\"height\":1000},{\"@type\":\"BreadcrumbList\",\"@id\":\"https:\\\/\\\/masterchem.es\\\/de\\\/produkt\\\/natriumhydroxid-granulat-cas-1310-73-2\\\/#breadcrumb\",\"itemListElement\":[{\"@type\":\"ListItem\",\"position\":1,\"name\":\"Home\",\"item\":\"https:\\\/\\\/masterchem.es\\\/de\\\/\"},{\"@type\":\"ListItem\",\"position\":2,\"name\":\"Tienda\",\"item\":\"https:\\\/\\\/masterchem.es\\\/tienda\\\/\"},{\"@type\":\"ListItem\",\"position\":3,\"name\":\"Natriumhydroxid-Granulat (CAS 1310-73-2)\"}]},{\"@type\":\"WebSite\",\"@id\":\"https:\\\/\\\/masterchem.es\\\/de\\\/#website\",\"url\":\"https:\\\/\\\/masterchem.es\\\/de\\\/\",\"name\":\"MasterChem\",\"description\":\"proveedor de productos qu&iacute;micos\",\"potentialAction\":[{\"@type\":\"SearchAction\",\"target\":{\"@type\":\"EntryPoint\",\"urlTemplate\":\"https:\\\/\\\/masterchem.es\\\/de\\\/?s={search_term_string}\"},\"query-input\":{\"@type\":\"PropertyValueSpecification\",\"valueRequired\":true,\"valueName\":\"search_term_string\"}}],\"inLanguage\":\"de-DE\"}]}<\/script>\n<!-- \/ Yoast SEO plugin. -->","yoast_head_json":{"title":"Natriumhydroxid-Granulat (CAS 1310-73-2) - MasterChem","description":"Natriumhydroxid 100 % Anwendung: Chemie, Lebensmittel, Textilien, Zellstoff und Papier und verschiedene andere Anwendungen.","robots":{"index":"index","follow":"follow","max-snippet":"max-snippet:-1","max-image-preview":"max-image-preview:large","max-video-preview":"max-video-preview:-1"},"canonical":"https:\/\/masterchem.es\/de\/produkt\/natriumhydroxid-granulat-cas-1310-73-2\/","og_locale":"de_DE","og_type":"article","og_title":"Natriumhydroxid-Granulat (CAS 1310-73-2) - MasterChem","og_description":"Natriumhydroxid 100 % Anwendung: Chemie, Lebensmittel, Textilien, Zellstoff und Papier und verschiedene andere Anwendungen.","og_url":"https:\/\/masterchem.es\/de\/produkt\/natriumhydroxid-granulat-cas-1310-73-2\/","og_site_name":"MasterChem","article_modified_time":"2023-03-01T07:20:03+00:00","og_image":[{"width":1000,"height":1000,"url":"https:\/\/masterchem.es\/wp-content\/uploads\/2023\/03\/Granulos-de-hidroxido-de-sodio-CAS-1310-73-2-25kg-MasterChem.png","type":"image\/png"}],"twitter_card":"summary_large_image","twitter_misc":{"Gesch\u00e4tzte Lesezeit":"1 Minute"},"schema":{"@context":"https:\/\/schema.org","@graph":[{"@type":"WebPage","@id":"https:\/\/masterchem.es\/de\/produkt\/natriumhydroxid-granulat-cas-1310-73-2\/","url":"https:\/\/masterchem.es\/de\/produkt\/natriumhydroxid-granulat-cas-1310-73-2\/","name":"Natriumhydroxid-Granulat (CAS 1310-73-2) - MasterChem","isPartOf":{"@id":"https:\/\/masterchem.es\/de\/#website"},"primaryImageOfPage":{"@id":"https:\/\/masterchem.es\/de\/produkt\/natriumhydroxid-granulat-cas-1310-73-2\/#primaryimage"},"image":{"@id":"https:\/\/masterchem.es\/de\/produkt\/natriumhydroxid-granulat-cas-1310-73-2\/#primaryimage"},"thumbnailUrl":"https:\/\/masterchem.es\/wp-content\/uploads\/2023\/03\/Granulos-de-hidroxido-de-sodio-CAS-1310-73-2-25kg-MasterChem.png","datePublished":"2023-03-01T07:06:52+00:00","dateModified":"2023-03-01T07:20:03+00:00","description":"Natriumhydroxid 100 % Anwendung: Chemie, Lebensmittel, Textilien, Zellstoff und Papier und verschiedene andere Anwendungen.","breadcrumb":{"@id":"https:\/\/masterchem.es\/de\/produkt\/natriumhydroxid-granulat-cas-1310-73-2\/#breadcrumb"},"inLanguage":"de-DE","potentialAction":[{"@type":"ReadAction","target":["https:\/\/masterchem.es\/de\/produkt\/natriumhydroxid-granulat-cas-1310-73-2\/"]}]},{"@type":"ImageObject","inLanguage":"de-DE","@id":"https:\/\/masterchem.es\/de\/produkt\/natriumhydroxid-granulat-cas-1310-73-2\/#primaryimage","url":"https:\/\/masterchem.es\/wp-content\/uploads\/2023\/03\/Granulos-de-hidroxido-de-sodio-CAS-1310-73-2-25kg-MasterChem.png","contentUrl":"https:\/\/masterchem.es\/wp-content\/uploads\/2023\/03\/Granulos-de-hidroxido-de-sodio-CAS-1310-73-2-25kg-MasterChem.png","width":1000,"height":1000},{"@type":"BreadcrumbList","@id":"https:\/\/masterchem.es\/de\/produkt\/natriumhydroxid-granulat-cas-1310-73-2\/#breadcrumb","itemListElement":[{"@type":"ListItem","position":1,"name":"Home","item":"https:\/\/masterchem.es\/de\/"},{"@type":"ListItem","position":2,"name":"Tienda","item":"https:\/\/masterchem.es\/tienda\/"},{"@type":"ListItem","position":3,"name":"Natriumhydroxid-Granulat (CAS 1310-73-2)"}]},{"@type":"WebSite","@id":"https:\/\/masterchem.es\/de\/#website","url":"https:\/\/masterchem.es\/de\/","name":"MasterChem","description":"proveedor de productos qu&iacute;micos","potentialAction":[{"@type":"SearchAction","target":{"@type":"EntryPoint","urlTemplate":"https:\/\/masterchem.es\/de\/?s={search_term_string}"},"query-input":{"@type":"PropertyValueSpecification","valueRequired":true,"valueName":"search_term_string"}}],"inLanguage":"de-DE"}]}},"_links":{"self":[{"href":"https:\/\/masterchem.es\/de\/wp-json\/wp\/v2\/product\/4658","targetHints":{"allow":["GET"]}}],"collection":[{"href":"https:\/\/masterchem.es\/de\/wp-json\/wp\/v2\/product"}],"about":[{"href":"https:\/\/masterchem.es\/de\/wp-json\/wp\/v2\/types\/product"}],"wp:featuredmedia":[{"embeddable":true,"href":"https:\/\/masterchem.es\/de\/wp-json\/wp\/v2\/media\/4664"}],"wp:attachment":[{"href":"https:\/\/masterchem.es\/de\/wp-json\/wp\/v2\/media?parent=4658"}],"wp:term":[{"taxonomy":"product_brand","embeddable":true,"href":"https:\/\/masterchem.es\/de\/wp-json\/wp\/v2\/product_brand?post=4658"},{"taxonomy":"product_cat","embeddable":true,"href":"https:\/\/masterchem.es\/de\/wp-json\/wp\/v2\/product_cat?post=4658"},{"taxonomy":"product_tag","embeddable":true,"href":"https:\/\/masterchem.es\/de\/wp-json\/wp\/v2\/product_tag?post=4658"}],"curies":[{"name":"wp","href":"https:\/\/api.w.org\/{rel}","templated":true}]}}