{"id":4678,"date":"2023-03-01T08:32:47","date_gmt":"2023-03-01T08:32:47","guid":{"rendered":"https:\/\/masterchem.es\/?post_type=product&#038;p=4678"},"modified":"2023-03-01T09:03:03","modified_gmt":"2023-03-01T09:03:03","slug":"natriumhydroxid-50-flussig-cas-1310-73-2","status":"publish","type":"product","link":"https:\/\/masterchem.es\/de\/produkt\/natriumhydroxid-50-flussig-cas-1310-73-2\/","title":{"rendered":"Natriumhydroxid (50 % fl\u00fcssig) (CAS 1310-73-2)"},"content":{"rendered":"<p>Herstellung von Chemikalien und synthetischen Fasern. Herstellung von Wasch-, Kosmetik- und Reinigungsmitteln. Reinigung von Anlagen zur Herstellung von Lebensmitteln, Milch und Milchprodukten. Wasserreinigung und Desinfektion.<\/p>\n<p>Natriumhydroxid 50 % besondere Gefahren verbunden mit<\/p>\n<p>Beim Verd\u00fcnnen der Natronlauge kann so viel W\u00e4rme frei werden, dass die L\u00f6sung zu sieden beginnt. Verwenden Sie keinen festen Wasserstrahl, da er Natronlauge verspritzen und verspritzen kann. Der Kontakt mit bestimmten Metallen (z. B. Aluminium, Zink) kann in der Luft ein explosionsf\u00e4higes Gasgemisch bilden.<\/p>\n<p>Natriumhydroxid 50 % Lagerung: Dicht verschlossen an einem trockenen, k\u00fchlen und gut bel\u00fcfteten Ort lagern. Baumaterialien, Beleuchtungsanlagen und L\u00fcftungsanlagen m\u00fcssen aus korrosionsbest\u00e4ndigen Materialien bestehen. Zu vermeidende Stoffe: S\u00e4uren, organische Halogenverbindungen, brennbare Stoffe, Aluminium, Magnesium, Zink, Zinn, Blei, Kupfer und Messing<\/p>\n","protected":false},"excerpt":{"rendered":"<p>Verwendung von Natriumhydroxid 50 %: Herstellung von Zellstoff, Papier und Papierprodukten.<\/p>\n<p>CAS: 1310-73-2<\/p>\n","protected":false},"featured_media":4696,"template":"","meta":[],"product_brand":[],"product_cat":[132,126,113,86],"product_tag":[],"class_list":{"0":"post-4678","1":"product","2":"type-product","3":"status-publish","4":"has-post-thumbnail","6":"product_cat-dungemittel","7":"product_cat-industrielle-chemikalien","8":"product_cat-kunststoff-polyurethane","9":"product_cat-nicht-kategorisiert","11":"first","12":"instock","13":"taxable","14":"shipping-taxable","15":"purchasable","16":"product-type-variable","17":"has-default-attributes"},"yoast_head":"<!-- This site is optimized with the Yoast SEO plugin v27.4 - https:\/\/yoast.com\/product\/yoast-seo-wordpress\/ -->\n<title>Natriumhydroxid (50 % fl\u00fcssig) (CAS 1310-73-2) - MasterChem<\/title>\n<meta name=\"description\" content=\"Verwendung von Natriumhydroxid 50 %: Herstellung von Zellstoff, Papier und Papierprodukten.\" \/>\n<meta name=\"robots\" content=\"index, follow, max-snippet:-1, max-image-preview:large, max-video-preview:-1\" \/>\n<link rel=\"canonical\" href=\"https:\/\/masterchem.es\/de\/produkt\/natriumhydroxid-50-flussig-cas-1310-73-2\/\" \/>\n<meta property=\"og:locale\" content=\"de_DE\" \/>\n<meta property=\"og:type\" content=\"article\" \/>\n<meta property=\"og:title\" content=\"Natriumhydroxid (50 % fl\u00fcssig) (CAS 1310-73-2) - MasterChem\" \/>\n<meta property=\"og:description\" content=\"Verwendung von Natriumhydroxid 50 %: Herstellung von Zellstoff, Papier und Papierprodukten.\" \/>\n<meta property=\"og:url\" content=\"https:\/\/masterchem.es\/de\/produkt\/natriumhydroxid-50-flussig-cas-1310-73-2\/\" \/>\n<meta property=\"og:site_name\" content=\"MasterChem\" \/>\n<meta property=\"article:modified_time\" content=\"2023-03-01T09:03:03+00:00\" \/>\n<meta property=\"og:image\" content=\"https:\/\/masterchem.es\/wp-content\/uploads\/2023\/03\/Hidroxido-de-sodio-50-CAS-1310-73-2-1000l-MasterChem.jpg\" \/>\n\t<meta property=\"og:image:width\" content=\"1000\" \/>\n\t<meta property=\"og:image:height\" content=\"1000\" \/>\n\t<meta property=\"og:image:type\" content=\"image\/jpeg\" \/>\n<meta name=\"twitter:card\" content=\"summary_large_image\" \/>\n<meta name=\"twitter:label1\" content=\"Gesch\u00e4tzte Lesezeit\" \/>\n\t<meta name=\"twitter:data1\" content=\"1 Minute\" \/>\n<script type=\"application\/ld+json\" class=\"yoast-schema-graph\">{\"@context\":\"https:\\\/\\\/schema.org\",\"@graph\":[{\"@type\":\"WebPage\",\"@id\":\"https:\\\/\\\/masterchem.es\\\/de\\\/produkt\\\/natriumhydroxid-50-flussig-cas-1310-73-2\\\/\",\"url\":\"https:\\\/\\\/masterchem.es\\\/de\\\/produkt\\\/natriumhydroxid-50-flussig-cas-1310-73-2\\\/\",\"name\":\"Natriumhydroxid (50 % fl\u00fcssig) (CAS 1310-73-2) - MasterChem\",\"isPartOf\":{\"@id\":\"https:\\\/\\\/masterchem.es\\\/de\\\/#website\"},\"primaryImageOfPage\":{\"@id\":\"https:\\\/\\\/masterchem.es\\\/de\\\/produkt\\\/natriumhydroxid-50-flussig-cas-1310-73-2\\\/#primaryimage\"},\"image\":{\"@id\":\"https:\\\/\\\/masterchem.es\\\/de\\\/produkt\\\/natriumhydroxid-50-flussig-cas-1310-73-2\\\/#primaryimage\"},\"thumbnailUrl\":\"https:\\\/\\\/masterchem.es\\\/wp-content\\\/uploads\\\/2023\\\/03\\\/Hidroxido-de-sodio-50-CAS-1310-73-2-1000l-MasterChem.jpg\",\"datePublished\":\"2023-03-01T08:32:47+00:00\",\"dateModified\":\"2023-03-01T09:03:03+00:00\",\"description\":\"Verwendung von Natriumhydroxid 50 %: Herstellung von Zellstoff, Papier und Papierprodukten.\",\"breadcrumb\":{\"@id\":\"https:\\\/\\\/masterchem.es\\\/de\\\/produkt\\\/natriumhydroxid-50-flussig-cas-1310-73-2\\\/#breadcrumb\"},\"inLanguage\":\"de-DE\",\"potentialAction\":[{\"@type\":\"ReadAction\",\"target\":[\"https:\\\/\\\/masterchem.es\\\/de\\\/produkt\\\/natriumhydroxid-50-flussig-cas-1310-73-2\\\/\"]}]},{\"@type\":\"ImageObject\",\"inLanguage\":\"de-DE\",\"@id\":\"https:\\\/\\\/masterchem.es\\\/de\\\/produkt\\\/natriumhydroxid-50-flussig-cas-1310-73-2\\\/#primaryimage\",\"url\":\"https:\\\/\\\/masterchem.es\\\/wp-content\\\/uploads\\\/2023\\\/03\\\/Hidroxido-de-sodio-50-CAS-1310-73-2-1000l-MasterChem.jpg\",\"contentUrl\":\"https:\\\/\\\/masterchem.es\\\/wp-content\\\/uploads\\\/2023\\\/03\\\/Hidroxido-de-sodio-50-CAS-1310-73-2-1000l-MasterChem.jpg\",\"width\":1000,\"height\":1000},{\"@type\":\"BreadcrumbList\",\"@id\":\"https:\\\/\\\/masterchem.es\\\/de\\\/produkt\\\/natriumhydroxid-50-flussig-cas-1310-73-2\\\/#breadcrumb\",\"itemListElement\":[{\"@type\":\"ListItem\",\"position\":1,\"name\":\"Home\",\"item\":\"https:\\\/\\\/masterchem.es\\\/de\\\/\"},{\"@type\":\"ListItem\",\"position\":2,\"name\":\"Tienda\",\"item\":\"https:\\\/\\\/masterchem.es\\\/tienda\\\/\"},{\"@type\":\"ListItem\",\"position\":3,\"name\":\"Natriumhydroxid (50 % fl\u00fcssig) (CAS 1310-73-2)\"}]},{\"@type\":\"WebSite\",\"@id\":\"https:\\\/\\\/masterchem.es\\\/de\\\/#website\",\"url\":\"https:\\\/\\\/masterchem.es\\\/de\\\/\",\"name\":\"MasterChem\",\"description\":\"proveedor de productos qu&iacute;micos\",\"potentialAction\":[{\"@type\":\"SearchAction\",\"target\":{\"@type\":\"EntryPoint\",\"urlTemplate\":\"https:\\\/\\\/masterchem.es\\\/de\\\/?s={search_term_string}\"},\"query-input\":{\"@type\":\"PropertyValueSpecification\",\"valueRequired\":true,\"valueName\":\"search_term_string\"}}],\"inLanguage\":\"de-DE\"}]}<\/script>\n<!-- \/ Yoast SEO plugin. -->","yoast_head_json":{"title":"Natriumhydroxid (50 % fl\u00fcssig) (CAS 1310-73-2) - MasterChem","description":"Verwendung von Natriumhydroxid 50 %: Herstellung von Zellstoff, Papier und Papierprodukten.","robots":{"index":"index","follow":"follow","max-snippet":"max-snippet:-1","max-image-preview":"max-image-preview:large","max-video-preview":"max-video-preview:-1"},"canonical":"https:\/\/masterchem.es\/de\/produkt\/natriumhydroxid-50-flussig-cas-1310-73-2\/","og_locale":"de_DE","og_type":"article","og_title":"Natriumhydroxid (50 % fl\u00fcssig) (CAS 1310-73-2) - MasterChem","og_description":"Verwendung von Natriumhydroxid 50 %: Herstellung von Zellstoff, Papier und Papierprodukten.","og_url":"https:\/\/masterchem.es\/de\/produkt\/natriumhydroxid-50-flussig-cas-1310-73-2\/","og_site_name":"MasterChem","article_modified_time":"2023-03-01T09:03:03+00:00","og_image":[{"width":1000,"height":1000,"url":"https:\/\/masterchem.es\/wp-content\/uploads\/2023\/03\/Hidroxido-de-sodio-50-CAS-1310-73-2-1000l-MasterChem.jpg","type":"image\/jpeg"}],"twitter_card":"summary_large_image","twitter_misc":{"Gesch\u00e4tzte Lesezeit":"1 Minute"},"schema":{"@context":"https:\/\/schema.org","@graph":[{"@type":"WebPage","@id":"https:\/\/masterchem.es\/de\/produkt\/natriumhydroxid-50-flussig-cas-1310-73-2\/","url":"https:\/\/masterchem.es\/de\/produkt\/natriumhydroxid-50-flussig-cas-1310-73-2\/","name":"Natriumhydroxid (50 % fl\u00fcssig) (CAS 1310-73-2) - MasterChem","isPartOf":{"@id":"https:\/\/masterchem.es\/de\/#website"},"primaryImageOfPage":{"@id":"https:\/\/masterchem.es\/de\/produkt\/natriumhydroxid-50-flussig-cas-1310-73-2\/#primaryimage"},"image":{"@id":"https:\/\/masterchem.es\/de\/produkt\/natriumhydroxid-50-flussig-cas-1310-73-2\/#primaryimage"},"thumbnailUrl":"https:\/\/masterchem.es\/wp-content\/uploads\/2023\/03\/Hidroxido-de-sodio-50-CAS-1310-73-2-1000l-MasterChem.jpg","datePublished":"2023-03-01T08:32:47+00:00","dateModified":"2023-03-01T09:03:03+00:00","description":"Verwendung von Natriumhydroxid 50 %: Herstellung von Zellstoff, Papier und Papierprodukten.","breadcrumb":{"@id":"https:\/\/masterchem.es\/de\/produkt\/natriumhydroxid-50-flussig-cas-1310-73-2\/#breadcrumb"},"inLanguage":"de-DE","potentialAction":[{"@type":"ReadAction","target":["https:\/\/masterchem.es\/de\/produkt\/natriumhydroxid-50-flussig-cas-1310-73-2\/"]}]},{"@type":"ImageObject","inLanguage":"de-DE","@id":"https:\/\/masterchem.es\/de\/produkt\/natriumhydroxid-50-flussig-cas-1310-73-2\/#primaryimage","url":"https:\/\/masterchem.es\/wp-content\/uploads\/2023\/03\/Hidroxido-de-sodio-50-CAS-1310-73-2-1000l-MasterChem.jpg","contentUrl":"https:\/\/masterchem.es\/wp-content\/uploads\/2023\/03\/Hidroxido-de-sodio-50-CAS-1310-73-2-1000l-MasterChem.jpg","width":1000,"height":1000},{"@type":"BreadcrumbList","@id":"https:\/\/masterchem.es\/de\/produkt\/natriumhydroxid-50-flussig-cas-1310-73-2\/#breadcrumb","itemListElement":[{"@type":"ListItem","position":1,"name":"Home","item":"https:\/\/masterchem.es\/de\/"},{"@type":"ListItem","position":2,"name":"Tienda","item":"https:\/\/masterchem.es\/tienda\/"},{"@type":"ListItem","position":3,"name":"Natriumhydroxid (50 % fl\u00fcssig) (CAS 1310-73-2)"}]},{"@type":"WebSite","@id":"https:\/\/masterchem.es\/de\/#website","url":"https:\/\/masterchem.es\/de\/","name":"MasterChem","description":"proveedor de productos qu&iacute;micos","potentialAction":[{"@type":"SearchAction","target":{"@type":"EntryPoint","urlTemplate":"https:\/\/masterchem.es\/de\/?s={search_term_string}"},"query-input":{"@type":"PropertyValueSpecification","valueRequired":true,"valueName":"search_term_string"}}],"inLanguage":"de-DE"}]}},"_links":{"self":[{"href":"https:\/\/masterchem.es\/de\/wp-json\/wp\/v2\/product\/4678","targetHints":{"allow":["GET"]}}],"collection":[{"href":"https:\/\/masterchem.es\/de\/wp-json\/wp\/v2\/product"}],"about":[{"href":"https:\/\/masterchem.es\/de\/wp-json\/wp\/v2\/types\/product"}],"wp:featuredmedia":[{"embeddable":true,"href":"https:\/\/masterchem.es\/de\/wp-json\/wp\/v2\/media\/4696"}],"wp:attachment":[{"href":"https:\/\/masterchem.es\/de\/wp-json\/wp\/v2\/media?parent=4678"}],"wp:term":[{"taxonomy":"product_brand","embeddable":true,"href":"https:\/\/masterchem.es\/de\/wp-json\/wp\/v2\/product_brand?post=4678"},{"taxonomy":"product_cat","embeddable":true,"href":"https:\/\/masterchem.es\/de\/wp-json\/wp\/v2\/product_cat?post=4678"},{"taxonomy":"product_tag","embeddable":true,"href":"https:\/\/masterchem.es\/de\/wp-json\/wp\/v2\/product_tag?post=4678"}],"curies":[{"name":"wp","href":"https:\/\/api.w.org\/{rel}","templated":true}]}}