{"id":4737,"date":"2023-03-01T09:09:25","date_gmt":"2023-03-01T09:09:25","guid":{"rendered":"https:\/\/masterchem.es\/?post_type=product&#038;p=4737"},"modified":"2023-04-06T10:33:04","modified_gmt":"2023-04-06T10:33:04","slug":"bremsenreiniger-mastercleaner-top","status":"publish","type":"product","link":"https:\/\/masterchem.es\/de\/produkt\/bremsenreiniger-mastercleaner-top\/","title":{"rendered":"Bremsenreiniger MasterCleaner Top"},"content":{"rendered":"<p>Technische Information:<br \/>\nBasis: aliphatische Kohlenwasserstoffe.<br \/>\nFarbe: transparent.<br \/>\nGeruch: spezifisch.<br \/>\nDichte (ASTM D4052) 0,705 g\/ml<br \/>\nPhysikalische und chemische Eigenschaften:<br \/>\nFarbe: Transparent, farblos.<br \/>\nGeruch: Schwacher spezifischer Geruch.<\/p>\n","protected":false},"excerpt":{"rendered":"<p>MasterCleaner Top ist ein Bremsenreiniger, der effektiv Schmutz, Silikon, \u00d6l, Fett, Kleber, Bremsstaub und Ru\u00df entfernt.<br \/>\nMasterCleaner Top ist ein sehr schnell verdunstender Reiniger, der selbst kleinste \u00d6lpartikel von der Oberfl\u00e4che entfernt.<br \/>\nBremsenreiniger MasterCleaner Top ist einzigartig, da er vollst\u00e4ndig fl\u00fcchtig ist und keine R\u00fcckst\u00e4nde hinterl\u00e4sst. Enth\u00e4lt kein Aceton oder Acetate. Verursacht keine Korrosion. Kann mit verschiedenen Arten von Kunststoffen verwendet werden. Kann Gummiprodukte besch\u00e4digen.<br \/>\nMasterCleaner Top \u2013 Bremsenreiniger: Zum Entfernen von Fett, \u00d6l, Ru\u00df, Bremsstaub und Bremsfl\u00fcssigkeit. Dank seiner schnellen Trocknungszeit ist es m\u00f6glich, die gereinigten Teile fast sofort zu verwenden und weiterzuarbeiten.<br \/>\nBremsenreiniger MasterCleaner Top Auch als universeller technischer Reiniger zur Reinigung aller mechanischen Teile von \u00d6l und anderen Verschmutzungen geeignet.<br \/>\nMasterCleaner Top \u2013 Der Bremsenreiniger kann auch zum Reinigen von elektrischen Kontakten und Verbindungen verwendet werden.<\/p>\n","protected":false},"featured_media":4764,"template":"","meta":[],"product_brand":[],"product_cat":[78,86],"product_tag":[],"class_list":{"0":"post-4737","1":"product","2":"type-product","3":"status-publish","4":"has-post-thumbnail","6":"product_cat-automobilchemie","7":"product_cat-nicht-kategorisiert","9":"first","10":"instock","11":"taxable","12":"shipping-taxable","13":"purchasable","14":"product-type-variable","15":"has-default-attributes"},"yoast_head":"<!-- This site is optimized with the Yoast SEO plugin v27.4 - https:\/\/yoast.com\/product\/yoast-seo-wordpress\/ -->\n<title>Bremsenreiniger MasterCleaner Top - MasterChem<\/title>\n<meta name=\"description\" content=\"MasterCleaner Top ist ein Bremsenreiniger, der effektiv Schmutz, Silikon, \u00d6l, Fett, Kleber, Bremsstaub und Ru\u00df entfernt.\" \/>\n<meta name=\"robots\" content=\"index, follow, max-snippet:-1, max-image-preview:large, max-video-preview:-1\" \/>\n<link rel=\"canonical\" href=\"https:\/\/masterchem.es\/de\/produkt\/bremsenreiniger-mastercleaner-top\/\" \/>\n<meta property=\"og:locale\" content=\"de_DE\" \/>\n<meta property=\"og:type\" content=\"article\" \/>\n<meta property=\"og:title\" content=\"Bremsenreiniger MasterCleaner Top - MasterChem\" \/>\n<meta property=\"og:description\" content=\"MasterCleaner Top ist ein Bremsenreiniger, der effektiv Schmutz, Silikon, \u00d6l, Fett, Kleber, Bremsstaub und Ru\u00df entfernt.\" \/>\n<meta property=\"og:url\" content=\"https:\/\/masterchem.es\/de\/produkt\/bremsenreiniger-mastercleaner-top\/\" \/>\n<meta property=\"og:site_name\" content=\"MasterChem\" \/>\n<meta property=\"article:modified_time\" content=\"2023-04-06T10:33:04+00:00\" \/>\n<meta property=\"og:image\" content=\"https:\/\/masterchem.es\/wp-content\/uploads\/2023\/03\/Limpiador-de-frenos-MasterCleaner-Top-1000l-MaterChem.jpg\" \/>\n\t<meta property=\"og:image:width\" content=\"1000\" \/>\n\t<meta property=\"og:image:height\" content=\"1000\" \/>\n\t<meta property=\"og:image:type\" content=\"image\/jpeg\" \/>\n<meta name=\"twitter:card\" content=\"summary_large_image\" \/>\n<script type=\"application\/ld+json\" class=\"yoast-schema-graph\">{\"@context\":\"https:\\\/\\\/schema.org\",\"@graph\":[{\"@type\":\"WebPage\",\"@id\":\"https:\\\/\\\/masterchem.es\\\/de\\\/produkt\\\/bremsenreiniger-mastercleaner-top\\\/\",\"url\":\"https:\\\/\\\/masterchem.es\\\/de\\\/produkt\\\/bremsenreiniger-mastercleaner-top\\\/\",\"name\":\"Bremsenreiniger MasterCleaner Top - MasterChem\",\"isPartOf\":{\"@id\":\"https:\\\/\\\/masterchem.es\\\/de\\\/#website\"},\"primaryImageOfPage\":{\"@id\":\"https:\\\/\\\/masterchem.es\\\/de\\\/produkt\\\/bremsenreiniger-mastercleaner-top\\\/#primaryimage\"},\"image\":{\"@id\":\"https:\\\/\\\/masterchem.es\\\/de\\\/produkt\\\/bremsenreiniger-mastercleaner-top\\\/#primaryimage\"},\"thumbnailUrl\":\"https:\\\/\\\/masterchem.es\\\/wp-content\\\/uploads\\\/2023\\\/03\\\/Limpiador-de-frenos-MasterCleaner-Top-1000l-MaterChem.jpg\",\"datePublished\":\"2023-03-01T09:09:25+00:00\",\"dateModified\":\"2023-04-06T10:33:04+00:00\",\"description\":\"MasterCleaner Top ist ein Bremsenreiniger, der effektiv Schmutz, Silikon, \u00d6l, Fett, Kleber, Bremsstaub und Ru\u00df entfernt.\",\"breadcrumb\":{\"@id\":\"https:\\\/\\\/masterchem.es\\\/de\\\/produkt\\\/bremsenreiniger-mastercleaner-top\\\/#breadcrumb\"},\"inLanguage\":\"de-DE\",\"potentialAction\":[{\"@type\":\"ReadAction\",\"target\":[\"https:\\\/\\\/masterchem.es\\\/de\\\/produkt\\\/bremsenreiniger-mastercleaner-top\\\/\"]}]},{\"@type\":\"ImageObject\",\"inLanguage\":\"de-DE\",\"@id\":\"https:\\\/\\\/masterchem.es\\\/de\\\/produkt\\\/bremsenreiniger-mastercleaner-top\\\/#primaryimage\",\"url\":\"https:\\\/\\\/masterchem.es\\\/wp-content\\\/uploads\\\/2023\\\/03\\\/Limpiador-de-frenos-MasterCleaner-Top-1000l-MaterChem.jpg\",\"contentUrl\":\"https:\\\/\\\/masterchem.es\\\/wp-content\\\/uploads\\\/2023\\\/03\\\/Limpiador-de-frenos-MasterCleaner-Top-1000l-MaterChem.jpg\",\"width\":1000,\"height\":1000},{\"@type\":\"BreadcrumbList\",\"@id\":\"https:\\\/\\\/masterchem.es\\\/de\\\/produkt\\\/bremsenreiniger-mastercleaner-top\\\/#breadcrumb\",\"itemListElement\":[{\"@type\":\"ListItem\",\"position\":1,\"name\":\"Home\",\"item\":\"https:\\\/\\\/masterchem.es\\\/de\\\/\"},{\"@type\":\"ListItem\",\"position\":2,\"name\":\"Tienda\",\"item\":\"https:\\\/\\\/masterchem.es\\\/tienda\\\/\"},{\"@type\":\"ListItem\",\"position\":3,\"name\":\"Bremsenreiniger MasterCleaner Top\"}]},{\"@type\":\"WebSite\",\"@id\":\"https:\\\/\\\/masterchem.es\\\/de\\\/#website\",\"url\":\"https:\\\/\\\/masterchem.es\\\/de\\\/\",\"name\":\"MasterChem\",\"description\":\"proveedor de productos qu&iacute;micos\",\"potentialAction\":[{\"@type\":\"SearchAction\",\"target\":{\"@type\":\"EntryPoint\",\"urlTemplate\":\"https:\\\/\\\/masterchem.es\\\/de\\\/?s={search_term_string}\"},\"query-input\":{\"@type\":\"PropertyValueSpecification\",\"valueRequired\":true,\"valueName\":\"search_term_string\"}}],\"inLanguage\":\"de-DE\"}]}<\/script>\n<!-- \/ Yoast SEO plugin. -->","yoast_head_json":{"title":"Bremsenreiniger MasterCleaner Top - MasterChem","description":"MasterCleaner Top ist ein Bremsenreiniger, der effektiv Schmutz, Silikon, \u00d6l, Fett, Kleber, Bremsstaub und Ru\u00df entfernt.","robots":{"index":"index","follow":"follow","max-snippet":"max-snippet:-1","max-image-preview":"max-image-preview:large","max-video-preview":"max-video-preview:-1"},"canonical":"https:\/\/masterchem.es\/de\/produkt\/bremsenreiniger-mastercleaner-top\/","og_locale":"de_DE","og_type":"article","og_title":"Bremsenreiniger MasterCleaner Top - MasterChem","og_description":"MasterCleaner Top ist ein Bremsenreiniger, der effektiv Schmutz, Silikon, \u00d6l, Fett, Kleber, Bremsstaub und Ru\u00df entfernt.","og_url":"https:\/\/masterchem.es\/de\/produkt\/bremsenreiniger-mastercleaner-top\/","og_site_name":"MasterChem","article_modified_time":"2023-04-06T10:33:04+00:00","og_image":[{"width":1000,"height":1000,"url":"https:\/\/masterchem.es\/wp-content\/uploads\/2023\/03\/Limpiador-de-frenos-MasterCleaner-Top-1000l-MaterChem.jpg","type":"image\/jpeg"}],"twitter_card":"summary_large_image","schema":{"@context":"https:\/\/schema.org","@graph":[{"@type":"WebPage","@id":"https:\/\/masterchem.es\/de\/produkt\/bremsenreiniger-mastercleaner-top\/","url":"https:\/\/masterchem.es\/de\/produkt\/bremsenreiniger-mastercleaner-top\/","name":"Bremsenreiniger MasterCleaner Top - MasterChem","isPartOf":{"@id":"https:\/\/masterchem.es\/de\/#website"},"primaryImageOfPage":{"@id":"https:\/\/masterchem.es\/de\/produkt\/bremsenreiniger-mastercleaner-top\/#primaryimage"},"image":{"@id":"https:\/\/masterchem.es\/de\/produkt\/bremsenreiniger-mastercleaner-top\/#primaryimage"},"thumbnailUrl":"https:\/\/masterchem.es\/wp-content\/uploads\/2023\/03\/Limpiador-de-frenos-MasterCleaner-Top-1000l-MaterChem.jpg","datePublished":"2023-03-01T09:09:25+00:00","dateModified":"2023-04-06T10:33:04+00:00","description":"MasterCleaner Top ist ein Bremsenreiniger, der effektiv Schmutz, Silikon, \u00d6l, Fett, Kleber, Bremsstaub und Ru\u00df entfernt.","breadcrumb":{"@id":"https:\/\/masterchem.es\/de\/produkt\/bremsenreiniger-mastercleaner-top\/#breadcrumb"},"inLanguage":"de-DE","potentialAction":[{"@type":"ReadAction","target":["https:\/\/masterchem.es\/de\/produkt\/bremsenreiniger-mastercleaner-top\/"]}]},{"@type":"ImageObject","inLanguage":"de-DE","@id":"https:\/\/masterchem.es\/de\/produkt\/bremsenreiniger-mastercleaner-top\/#primaryimage","url":"https:\/\/masterchem.es\/wp-content\/uploads\/2023\/03\/Limpiador-de-frenos-MasterCleaner-Top-1000l-MaterChem.jpg","contentUrl":"https:\/\/masterchem.es\/wp-content\/uploads\/2023\/03\/Limpiador-de-frenos-MasterCleaner-Top-1000l-MaterChem.jpg","width":1000,"height":1000},{"@type":"BreadcrumbList","@id":"https:\/\/masterchem.es\/de\/produkt\/bremsenreiniger-mastercleaner-top\/#breadcrumb","itemListElement":[{"@type":"ListItem","position":1,"name":"Home","item":"https:\/\/masterchem.es\/de\/"},{"@type":"ListItem","position":2,"name":"Tienda","item":"https:\/\/masterchem.es\/tienda\/"},{"@type":"ListItem","position":3,"name":"Bremsenreiniger MasterCleaner Top"}]},{"@type":"WebSite","@id":"https:\/\/masterchem.es\/de\/#website","url":"https:\/\/masterchem.es\/de\/","name":"MasterChem","description":"proveedor de productos qu&iacute;micos","potentialAction":[{"@type":"SearchAction","target":{"@type":"EntryPoint","urlTemplate":"https:\/\/masterchem.es\/de\/?s={search_term_string}"},"query-input":{"@type":"PropertyValueSpecification","valueRequired":true,"valueName":"search_term_string"}}],"inLanguage":"de-DE"}]}},"_links":{"self":[{"href":"https:\/\/masterchem.es\/de\/wp-json\/wp\/v2\/product\/4737","targetHints":{"allow":["GET"]}}],"collection":[{"href":"https:\/\/masterchem.es\/de\/wp-json\/wp\/v2\/product"}],"about":[{"href":"https:\/\/masterchem.es\/de\/wp-json\/wp\/v2\/types\/product"}],"wp:featuredmedia":[{"embeddable":true,"href":"https:\/\/masterchem.es\/de\/wp-json\/wp\/v2\/media\/4764"}],"wp:attachment":[{"href":"https:\/\/masterchem.es\/de\/wp-json\/wp\/v2\/media?parent=4737"}],"wp:term":[{"taxonomy":"product_brand","embeddable":true,"href":"https:\/\/masterchem.es\/de\/wp-json\/wp\/v2\/product_brand?post=4737"},{"taxonomy":"product_cat","embeddable":true,"href":"https:\/\/masterchem.es\/de\/wp-json\/wp\/v2\/product_cat?post=4737"},{"taxonomy":"product_tag","embeddable":true,"href":"https:\/\/masterchem.es\/de\/wp-json\/wp\/v2\/product_tag?post=4737"}],"curies":[{"name":"wp","href":"https:\/\/api.w.org\/{rel}","templated":true}]}}