{"id":4796,"date":"2023-03-01T11:09:04","date_gmt":"2023-03-01T11:09:04","guid":{"rendered":"https:\/\/masterchem.es\/?post_type=product&#038;p=4796"},"modified":"2023-03-01T11:20:29","modified_gmt":"2023-03-01T11:20:29","slug":"gel-desinfektionsgel-antiseptisch-fur-die-hande-mastergel-e80","status":"publish","type":"product","link":"https:\/\/masterchem.es\/de\/produkt\/gel-desinfektionsgel-antiseptisch-fur-die-hande-mastergel-e80\/","title":{"rendered":"Gel-Desinfektionsgel antiseptisch f\u00fcr die H\u00e4nde MasterGel E80"},"content":{"rendered":"<p>Registrierungsbescheinigung des Biozidprodukts Nr. 2121\/20<br \/>\nVorsicht<br \/>\nH225 \u2013 Fl\u00fcssigkeit und Dampf leicht entz\u00fcndbar.<br \/>\nH319 \u2013 Verursacht schwere Augenreizung.<br \/>\nP102 Au\u00dferhalb der Reichweite von Kindern aufbewahren.<br \/>\nP210 Von Hitze, hei\u00dfen Oberfl\u00e4chen, Funken, offenen Flammen sowie anderen Z\u00fcndquellen fernhalten. Nicht rauchen.<br \/>\nP233 Beh\u00e4lter dicht geschlossen halten.<br \/>\nP242: Keine Ger\u00e4te verwenden, die Funken erzeugen k\u00f6nnen.<br \/>\nP243: Ma\u00dfnahmen gegen elektrostatische Aufladung treffen.<br \/>\nP403 + P235 An einem gut bel\u00fcfteten Ort aufbewahren. Bleib ruhig.<br \/>\nP305 + P351 + P338 BEI KONTAKT MIT DEN AUGEN: Einige Minuten lang behutsam mit Wasser sp\u00fclen.<br \/>\nP337 + P313 Bei anhaltender Augenreizung: \u00c4rztlichen Rat einholen\/\u00e4rztliche Hilfe hinzuziehen<br \/>\nEntfernen Sie Kontaktlinsen, falls vorhanden und einfach zu tun. Nochmals sp\u00fclen.<br \/>\nP501 Inhalt\/Beh\u00e4lter einer Sammelstelle f\u00fcr gef\u00e4hrlichen Abfall oder Sonderabfall zuf\u00fchren.<\/p>\n","protected":false},"excerpt":{"rendered":"<p>MasterGel E80 ist ein universelles H\u00e4ndedesinfektionsmittel. Enth\u00e4lt Glycerin, um trockener Haut vorzubeugen. Es ist eine Mischung aus Ethanol, Glycerin und Propylenglykol.<br \/>\nDesinfiziert, desodoriert und reinigt aktiv und muss nicht ausgesp\u00fclt werden.<br \/>\nAufgrund seiner Eigenschaften ist MasterGel E80 besonders geeignet f\u00fcr Krankenh\u00e4user, \u00f6ffentliche R\u00e4ume, Fitnessstudios und gesellschaftliche Zusammenk\u00fcnfte. Sowohl f\u00fcr den Haushalt als auch f\u00fcr den professionellen Gebrauch geeignet.<\/p>\n<p>Verwendung:<\/p>\n<p>\u2022 Hygienisches H\u00e4ndedesinfektionsmittel:<br \/>\n3 ml MasterChem E80 auf die H\u00e4nde auftragen und 30 Sekunden lang einmassieren.<br \/>\n\u2022 Chirurgisches H\u00e4ndedesinfektionsmittel:<br \/>\nMasterChem E80 2 mal mit je 3-6 ml in die H\u00e4nde einreiben. (Es ist darauf zu achten, dass die gesamte zu behandelnde Oberfl\u00e4che mit der L\u00f6sung bedeckt ist). Das Reiben dauert 1,5 Minuten. Arbeiten Sie mit beiden H\u00e4nden und Unterarmen.<br \/>\nBiozid sicher verwenden! Lesen Sie vor der Verwendung unbedingt die beigef\u00fcgten Informationen!<\/p>\n","protected":false},"featured_media":4814,"template":"","meta":[],"product_brand":[],"product_cat":[81,101,86,89],"product_tag":[],"class_list":{"0":"post-4796","1":"product","2":"type-product","3":"status-publish","4":"has-post-thumbnail","6":"product_cat-desinfektionsmittel-fur-hande","7":"product_cat-kosmetikindustrie","8":"product_cat-nicht-kategorisiert","9":"product_cat-pharmazeutische-produkte","11":"first","12":"instock","13":"taxable","14":"shipping-taxable","15":"purchasable","16":"product-type-variable","17":"has-default-attributes"},"yoast_head":"<!-- This site is optimized with the Yoast SEO plugin v27.5 - https:\/\/yoast.com\/product\/yoast-seo-wordpress\/ -->\n<title>Gel-Desinfektionsgel antiseptisch f\u00fcr die H\u00e4nde MasterGel E80 - MasterChem<\/title>\n<meta name=\"description\" content=\"MasterGel E80 ist ein universelles H\u00e4ndedesinfektionsmittel. Enth\u00e4lt Glycerin, um trockener Haut vorzubeugen. Es ist eine Mischung aus Ethanol, Glycerin und Propylenglykol.\" \/>\n<meta name=\"robots\" content=\"index, follow, max-snippet:-1, max-image-preview:large, max-video-preview:-1\" \/>\n<link rel=\"canonical\" href=\"https:\/\/masterchem.es\/de\/produkt\/gel-desinfektionsgel-antiseptisch-fur-die-hande-mastergel-e80\/\" \/>\n<meta property=\"og:locale\" content=\"de_DE\" \/>\n<meta property=\"og:type\" content=\"article\" \/>\n<meta property=\"og:title\" content=\"Gel-Desinfektionsgel antiseptisch f\u00fcr die H\u00e4nde MasterGel E80 - MasterChem\" \/>\n<meta property=\"og:description\" content=\"MasterGel E80 ist ein universelles H\u00e4ndedesinfektionsmittel. Enth\u00e4lt Glycerin, um trockener Haut vorzubeugen. Es ist eine Mischung aus Ethanol, Glycerin und Propylenglykol.\" \/>\n<meta property=\"og:url\" content=\"https:\/\/masterchem.es\/de\/produkt\/gel-desinfektionsgel-antiseptisch-fur-die-hande-mastergel-e80\/\" \/>\n<meta property=\"og:site_name\" content=\"MasterChem\" \/>\n<meta property=\"article:modified_time\" content=\"2023-03-01T11:20:29+00:00\" \/>\n<meta property=\"og:image\" content=\"https:\/\/masterchem.es\/wp-content\/uploads\/2023\/03\/Gel-desinfectante-gel-antiseptico-para-manos-MasterGel-E80-1000l-MasterChem.jpg\" \/>\n\t<meta property=\"og:image:width\" content=\"1000\" \/>\n\t<meta property=\"og:image:height\" content=\"1000\" \/>\n\t<meta property=\"og:image:type\" content=\"image\/jpeg\" \/>\n<meta name=\"twitter:card\" content=\"summary_large_image\" \/>\n<meta name=\"twitter:label1\" content=\"Gesch\u00e4tzte Lesezeit\" \/>\n\t<meta name=\"twitter:data1\" content=\"1 Minute\" \/>\n<script type=\"application\/ld+json\" class=\"yoast-schema-graph\">{\"@context\":\"https:\\\/\\\/schema.org\",\"@graph\":[{\"@type\":\"WebPage\",\"@id\":\"https:\\\/\\\/masterchem.es\\\/de\\\/produkt\\\/gel-desinfektionsgel-antiseptisch-fur-die-hande-mastergel-e80\\\/\",\"url\":\"https:\\\/\\\/masterchem.es\\\/de\\\/produkt\\\/gel-desinfektionsgel-antiseptisch-fur-die-hande-mastergel-e80\\\/\",\"name\":\"Gel-Desinfektionsgel antiseptisch f\u00fcr die H\u00e4nde MasterGel E80 - MasterChem\",\"isPartOf\":{\"@id\":\"https:\\\/\\\/masterchem.es\\\/de\\\/#website\"},\"primaryImageOfPage\":{\"@id\":\"https:\\\/\\\/masterchem.es\\\/de\\\/produkt\\\/gel-desinfektionsgel-antiseptisch-fur-die-hande-mastergel-e80\\\/#primaryimage\"},\"image\":{\"@id\":\"https:\\\/\\\/masterchem.es\\\/de\\\/produkt\\\/gel-desinfektionsgel-antiseptisch-fur-die-hande-mastergel-e80\\\/#primaryimage\"},\"thumbnailUrl\":\"https:\\\/\\\/masterchem.es\\\/wp-content\\\/uploads\\\/2023\\\/03\\\/Gel-desinfectante-gel-antiseptico-para-manos-MasterGel-E80-1000l-MasterChem.jpg\",\"datePublished\":\"2023-03-01T11:09:04+00:00\",\"dateModified\":\"2023-03-01T11:20:29+00:00\",\"description\":\"MasterGel E80 ist ein universelles H\u00e4ndedesinfektionsmittel. Enth\u00e4lt Glycerin, um trockener Haut vorzubeugen. Es ist eine Mischung aus Ethanol, Glycerin und Propylenglykol.\",\"breadcrumb\":{\"@id\":\"https:\\\/\\\/masterchem.es\\\/de\\\/produkt\\\/gel-desinfektionsgel-antiseptisch-fur-die-hande-mastergel-e80\\\/#breadcrumb\"},\"inLanguage\":\"de-DE\",\"potentialAction\":[{\"@type\":\"ReadAction\",\"target\":[\"https:\\\/\\\/masterchem.es\\\/de\\\/produkt\\\/gel-desinfektionsgel-antiseptisch-fur-die-hande-mastergel-e80\\\/\"]}]},{\"@type\":\"ImageObject\",\"inLanguage\":\"de-DE\",\"@id\":\"https:\\\/\\\/masterchem.es\\\/de\\\/produkt\\\/gel-desinfektionsgel-antiseptisch-fur-die-hande-mastergel-e80\\\/#primaryimage\",\"url\":\"https:\\\/\\\/masterchem.es\\\/wp-content\\\/uploads\\\/2023\\\/03\\\/Gel-desinfectante-gel-antiseptico-para-manos-MasterGel-E80-1000l-MasterChem.jpg\",\"contentUrl\":\"https:\\\/\\\/masterchem.es\\\/wp-content\\\/uploads\\\/2023\\\/03\\\/Gel-desinfectante-gel-antiseptico-para-manos-MasterGel-E80-1000l-MasterChem.jpg\",\"width\":1000,\"height\":1000},{\"@type\":\"BreadcrumbList\",\"@id\":\"https:\\\/\\\/masterchem.es\\\/de\\\/produkt\\\/gel-desinfektionsgel-antiseptisch-fur-die-hande-mastergel-e80\\\/#breadcrumb\",\"itemListElement\":[{\"@type\":\"ListItem\",\"position\":1,\"name\":\"Home\",\"item\":\"https:\\\/\\\/masterchem.es\\\/de\\\/\"},{\"@type\":\"ListItem\",\"position\":2,\"name\":\"Tienda\",\"item\":\"https:\\\/\\\/masterchem.es\\\/tienda\\\/\"},{\"@type\":\"ListItem\",\"position\":3,\"name\":\"Gel-Desinfektionsgel antiseptisch f\u00fcr die H\u00e4nde MasterGel E80\"}]},{\"@type\":\"WebSite\",\"@id\":\"https:\\\/\\\/masterchem.es\\\/de\\\/#website\",\"url\":\"https:\\\/\\\/masterchem.es\\\/de\\\/\",\"name\":\"MasterChem\",\"description\":\"proveedor de productos qu&iacute;micos\",\"potentialAction\":[{\"@type\":\"SearchAction\",\"target\":{\"@type\":\"EntryPoint\",\"urlTemplate\":\"https:\\\/\\\/masterchem.es\\\/de\\\/?s={search_term_string}\"},\"query-input\":{\"@type\":\"PropertyValueSpecification\",\"valueRequired\":true,\"valueName\":\"search_term_string\"}}],\"inLanguage\":\"de-DE\"}]}<\/script>\n<!-- \/ Yoast SEO plugin. -->","yoast_head_json":{"title":"Gel-Desinfektionsgel antiseptisch f\u00fcr die H\u00e4nde MasterGel E80 - MasterChem","description":"MasterGel E80 ist ein universelles H\u00e4ndedesinfektionsmittel. Enth\u00e4lt Glycerin, um trockener Haut vorzubeugen. Es ist eine Mischung aus Ethanol, Glycerin und Propylenglykol.","robots":{"index":"index","follow":"follow","max-snippet":"max-snippet:-1","max-image-preview":"max-image-preview:large","max-video-preview":"max-video-preview:-1"},"canonical":"https:\/\/masterchem.es\/de\/produkt\/gel-desinfektionsgel-antiseptisch-fur-die-hande-mastergel-e80\/","og_locale":"de_DE","og_type":"article","og_title":"Gel-Desinfektionsgel antiseptisch f\u00fcr die H\u00e4nde MasterGel E80 - MasterChem","og_description":"MasterGel E80 ist ein universelles H\u00e4ndedesinfektionsmittel. Enth\u00e4lt Glycerin, um trockener Haut vorzubeugen. Es ist eine Mischung aus Ethanol, Glycerin und Propylenglykol.","og_url":"https:\/\/masterchem.es\/de\/produkt\/gel-desinfektionsgel-antiseptisch-fur-die-hande-mastergel-e80\/","og_site_name":"MasterChem","article_modified_time":"2023-03-01T11:20:29+00:00","og_image":[{"width":1000,"height":1000,"url":"https:\/\/masterchem.es\/wp-content\/uploads\/2023\/03\/Gel-desinfectante-gel-antiseptico-para-manos-MasterGel-E80-1000l-MasterChem.jpg","type":"image\/jpeg"}],"twitter_card":"summary_large_image","twitter_misc":{"Gesch\u00e4tzte Lesezeit":"1 Minute"},"schema":{"@context":"https:\/\/schema.org","@graph":[{"@type":"WebPage","@id":"https:\/\/masterchem.es\/de\/produkt\/gel-desinfektionsgel-antiseptisch-fur-die-hande-mastergel-e80\/","url":"https:\/\/masterchem.es\/de\/produkt\/gel-desinfektionsgel-antiseptisch-fur-die-hande-mastergel-e80\/","name":"Gel-Desinfektionsgel antiseptisch f\u00fcr die H\u00e4nde MasterGel E80 - MasterChem","isPartOf":{"@id":"https:\/\/masterchem.es\/de\/#website"},"primaryImageOfPage":{"@id":"https:\/\/masterchem.es\/de\/produkt\/gel-desinfektionsgel-antiseptisch-fur-die-hande-mastergel-e80\/#primaryimage"},"image":{"@id":"https:\/\/masterchem.es\/de\/produkt\/gel-desinfektionsgel-antiseptisch-fur-die-hande-mastergel-e80\/#primaryimage"},"thumbnailUrl":"https:\/\/masterchem.es\/wp-content\/uploads\/2023\/03\/Gel-desinfectante-gel-antiseptico-para-manos-MasterGel-E80-1000l-MasterChem.jpg","datePublished":"2023-03-01T11:09:04+00:00","dateModified":"2023-03-01T11:20:29+00:00","description":"MasterGel E80 ist ein universelles H\u00e4ndedesinfektionsmittel. Enth\u00e4lt Glycerin, um trockener Haut vorzubeugen. Es ist eine Mischung aus Ethanol, Glycerin und Propylenglykol.","breadcrumb":{"@id":"https:\/\/masterchem.es\/de\/produkt\/gel-desinfektionsgel-antiseptisch-fur-die-hande-mastergel-e80\/#breadcrumb"},"inLanguage":"de-DE","potentialAction":[{"@type":"ReadAction","target":["https:\/\/masterchem.es\/de\/produkt\/gel-desinfektionsgel-antiseptisch-fur-die-hande-mastergel-e80\/"]}]},{"@type":"ImageObject","inLanguage":"de-DE","@id":"https:\/\/masterchem.es\/de\/produkt\/gel-desinfektionsgel-antiseptisch-fur-die-hande-mastergel-e80\/#primaryimage","url":"https:\/\/masterchem.es\/wp-content\/uploads\/2023\/03\/Gel-desinfectante-gel-antiseptico-para-manos-MasterGel-E80-1000l-MasterChem.jpg","contentUrl":"https:\/\/masterchem.es\/wp-content\/uploads\/2023\/03\/Gel-desinfectante-gel-antiseptico-para-manos-MasterGel-E80-1000l-MasterChem.jpg","width":1000,"height":1000},{"@type":"BreadcrumbList","@id":"https:\/\/masterchem.es\/de\/produkt\/gel-desinfektionsgel-antiseptisch-fur-die-hande-mastergel-e80\/#breadcrumb","itemListElement":[{"@type":"ListItem","position":1,"name":"Home","item":"https:\/\/masterchem.es\/de\/"},{"@type":"ListItem","position":2,"name":"Tienda","item":"https:\/\/masterchem.es\/tienda\/"},{"@type":"ListItem","position":3,"name":"Gel-Desinfektionsgel antiseptisch f\u00fcr die H\u00e4nde MasterGel E80"}]},{"@type":"WebSite","@id":"https:\/\/masterchem.es\/de\/#website","url":"https:\/\/masterchem.es\/de\/","name":"MasterChem","description":"proveedor de productos qu&iacute;micos","potentialAction":[{"@type":"SearchAction","target":{"@type":"EntryPoint","urlTemplate":"https:\/\/masterchem.es\/de\/?s={search_term_string}"},"query-input":{"@type":"PropertyValueSpecification","valueRequired":true,"valueName":"search_term_string"}}],"inLanguage":"de-DE"}]}},"_links":{"self":[{"href":"https:\/\/masterchem.es\/de\/wp-json\/wp\/v2\/product\/4796","targetHints":{"allow":["GET"]}}],"collection":[{"href":"https:\/\/masterchem.es\/de\/wp-json\/wp\/v2\/product"}],"about":[{"href":"https:\/\/masterchem.es\/de\/wp-json\/wp\/v2\/types\/product"}],"wp:featuredmedia":[{"embeddable":true,"href":"https:\/\/masterchem.es\/de\/wp-json\/wp\/v2\/media\/4814"}],"wp:attachment":[{"href":"https:\/\/masterchem.es\/de\/wp-json\/wp\/v2\/media?parent=4796"}],"wp:term":[{"taxonomy":"product_brand","embeddable":true,"href":"https:\/\/masterchem.es\/de\/wp-json\/wp\/v2\/product_brand?post=4796"},{"taxonomy":"product_cat","embeddable":true,"href":"https:\/\/masterchem.es\/de\/wp-json\/wp\/v2\/product_cat?post=4796"},{"taxonomy":"product_tag","embeddable":true,"href":"https:\/\/masterchem.es\/de\/wp-json\/wp\/v2\/product_tag?post=4796"}],"curies":[{"name":"wp","href":"https:\/\/api.w.org\/{rel}","templated":true}]}}