{"id":4855,"date":"2023-03-01T11:28:59","date_gmt":"2023-03-01T11:28:59","guid":{"rendered":"https:\/\/masterchem.es\/?post_type=product&#038;p=4855"},"modified":"2023-03-01T11:40:44","modified_gmt":"2023-03-01T11:40:44","slug":"1-metoksu-2-propanol-cas-107-98-2","status":"publish","type":"product","link":"https:\/\/masterchem.es\/de\/produkt\/1-metoksu-2-propanol-cas-107-98-2\/","title":{"rendered":"1-Metoks\u00fc-2-Propanol (CAS 107-98-2)"},"content":{"rendered":"<p>Anwendung und Verwendung:<br \/>\nEs ist eine leicht fl\u00fcchtige Substanz und verbessert als L\u00f6sungsmittelbestandteil von Lacken und Druckfarben die Benetzbarkeit einiger Pigmente und Farbstoffe. Es hat eine gute L\u00f6slichkeit gegen\u00fcber Nitrocellulose, Chlorkautschuk, Polyvinylacetat, Polyvinylbutyral, Keton- und Keton-Formaldehyd-Harzen, Schellack, Kolophonium, Phenol-, Melamin- und Carbamid-Formaldehyd-Harzen, Alkydharzen, Polyacrylaten, Polymethacrylaten, Rizinus- und Lein\u00f6len , Copolymere von Vinylchlorid. Sowie Aceton als L\u00f6sungsmittel l\u00f6st es Kopalharz, Gummi, Celluloseacetat, Polystyrol, Polyvinylalkohol und Polyvinylchlorid nicht.<br \/>\nAufgrund seines schwachen angenehmen Geruchs eignet sich Methoxypropanol hervorragend f\u00fcr den Einsatz in Nitrolacken zur Beschichtung von Holz, Papier und Metall. Als m\u00e4\u00dfig fl\u00fcchtiges L\u00f6sungsmittel verbessert es die Durchl\u00e4ssigkeit des Lacks, die Verlaufseigenschaften und den Glanz der Lackschicht; es verhindert auch Tr\u00fcbungen und die Bildung von Oberfl\u00e4chendefekten wie Blasen und den \u201eFischaugen\u201c-Effekt. Daher ist das Material bei seiner Verwendung neben dem L\u00f6sungsmittel P 646 ein sehr wichtiger Bestandteil erfolgreicher Arbeit. Die Zugabe von Methoxypropanol verl\u00e4ngert die Trocknungszeit von Lacksystemen nicht. Es erh\u00f6ht die Verd\u00fcnnung mit preiswerten L\u00f6sungsmitteln, reduziert und stabilisiert die Viskosit\u00e4t der Farbe und verbessert die Deckkraft der Farbe.<br \/>\nMethoxypropanol bewirkt eine sehr schwache Quellung der Lackbeschichtung, f\u00f6rdert also das Auftragen einer Lackschicht auf die vorherigen Lackschichten. Es wird als L\u00f6sungsmittel in Druckfarben (Flexodruck, Tiefdruck auf Verpackungen) zur Verbesserung von Glanz und Flie\u00dff\u00e4higkeit verwendet. Aufgrund seiner guten L\u00f6seeigenschaften gegen\u00fcber Farbstoffen und der F\u00e4higkeit, Pigmente zu benetzen, verst\u00e4rkt es die Farbigkeit von Druckfarben.<\/p>\n<p>Physikalische Eigenschaften<\/p>\n<p>Siedepunkt +1170 C<\/p>\n","protected":false},"excerpt":{"rendered":"<p>Andere Namen: 1-Methoxy-2-propanol, Methoxypropanol, Propylenglycolmonomethylether<br \/>\nBeschreibung:<br \/>\nMethoxypropanol ist eine farblose, mit Wasser mischbare Fl\u00fcssigkeit mit leichtem Alkoholgeruch und mittlerer Fl\u00fcchtigkeit. Methoxypropanol mischt sich gut mit Wasser und anderen organischen L\u00f6sungsmitteln, l\u00f6st viele organische Substanzen gut, Methoxypropanol kann viele Glykole ersetzen (E-Reihe).<br \/>\nMethoxypropanol wird als L\u00f6sungsmittel f\u00fcr Druckfarben verwendet: Es bietet eine gute L\u00f6slichkeit f\u00fcr eine Vielzahl von Harzen, darunter Acryl, Epoxid, Alkyd, Polyester, Nitrocellulose und Polyurethan.<\/p>\n<p>CAS: 107-98-2<\/p>\n","protected":false},"featured_media":4873,"template":"","meta":[],"product_brand":[],"product_cat":[126,86,89],"product_tag":[],"class_list":{"0":"post-4855","1":"product","2":"type-product","3":"status-publish","4":"has-post-thumbnail","6":"product_cat-industrielle-chemikalien","7":"product_cat-nicht-kategorisiert","8":"product_cat-pharmazeutische-produkte","10":"first","11":"instock","12":"taxable","13":"shipping-taxable","14":"purchasable","15":"product-type-variable","16":"has-default-attributes"},"yoast_head":"<!-- This site is optimized with the Yoast SEO plugin v27.4 - https:\/\/yoast.com\/product\/yoast-seo-wordpress\/ -->\n<title>1-Metoks\u00fc-2-Propanol (CAS 107-98-2) - MasterChem<\/title>\n<meta name=\"description\" content=\"Methoxypropanol ist eine farblose, mit Wasser mischbare Fl\u00fcssigkeit mit leichtem Alkoholgeruch und mittlerer Fl\u00fcchtigkeit. Methoxypropanol mischt sich gut mit Wasser und anderen organischen L\u00f6sungsmitteln, l\u00f6st viele organische Substanzen gut, Methoxypropanol kann viele Glykole ersetzen (E-Reihe).\" \/>\n<meta name=\"robots\" content=\"index, follow, max-snippet:-1, max-image-preview:large, max-video-preview:-1\" \/>\n<link rel=\"canonical\" href=\"https:\/\/masterchem.es\/de\/produkt\/1-metoksu-2-propanol-cas-107-98-2\/\" \/>\n<meta property=\"og:locale\" content=\"de_DE\" \/>\n<meta property=\"og:type\" content=\"article\" \/>\n<meta property=\"og:title\" content=\"1-Metoks\u00fc-2-Propanol (CAS 107-98-2) - MasterChem\" \/>\n<meta property=\"og:description\" content=\"Methoxypropanol ist eine farblose, mit Wasser mischbare Fl\u00fcssigkeit mit leichtem Alkoholgeruch und mittlerer Fl\u00fcchtigkeit. Methoxypropanol mischt sich gut mit Wasser und anderen organischen L\u00f6sungsmitteln, l\u00f6st viele organische Substanzen gut, Methoxypropanol kann viele Glykole ersetzen (E-Reihe).\" \/>\n<meta property=\"og:url\" content=\"https:\/\/masterchem.es\/de\/produkt\/1-metoksu-2-propanol-cas-107-98-2\/\" \/>\n<meta property=\"og:site_name\" content=\"MasterChem\" \/>\n<meta property=\"article:modified_time\" content=\"2023-03-01T11:40:44+00:00\" \/>\n<meta property=\"og:image\" content=\"https:\/\/masterchem.es\/wp-content\/uploads\/2023\/03\/1-metoxi-2-propanol-CAS-107-98-2-1000l-MasterChem.jpg\" \/>\n\t<meta property=\"og:image:width\" content=\"1000\" \/>\n\t<meta property=\"og:image:height\" content=\"1000\" \/>\n\t<meta property=\"og:image:type\" content=\"image\/jpeg\" \/>\n<meta name=\"twitter:card\" content=\"summary_large_image\" \/>\n<meta name=\"twitter:label1\" content=\"Gesch\u00e4tzte Lesezeit\" \/>\n\t<meta name=\"twitter:data1\" content=\"1 Minute\" \/>\n<script type=\"application\/ld+json\" class=\"yoast-schema-graph\">{\"@context\":\"https:\\\/\\\/schema.org\",\"@graph\":[{\"@type\":\"WebPage\",\"@id\":\"https:\\\/\\\/masterchem.es\\\/de\\\/produkt\\\/1-metoksu-2-propanol-cas-107-98-2\\\/\",\"url\":\"https:\\\/\\\/masterchem.es\\\/de\\\/produkt\\\/1-metoksu-2-propanol-cas-107-98-2\\\/\",\"name\":\"1-Metoks\u00fc-2-Propanol (CAS 107-98-2) - MasterChem\",\"isPartOf\":{\"@id\":\"https:\\\/\\\/masterchem.es\\\/de\\\/#website\"},\"primaryImageOfPage\":{\"@id\":\"https:\\\/\\\/masterchem.es\\\/de\\\/produkt\\\/1-metoksu-2-propanol-cas-107-98-2\\\/#primaryimage\"},\"image\":{\"@id\":\"https:\\\/\\\/masterchem.es\\\/de\\\/produkt\\\/1-metoksu-2-propanol-cas-107-98-2\\\/#primaryimage\"},\"thumbnailUrl\":\"https:\\\/\\\/masterchem.es\\\/wp-content\\\/uploads\\\/2023\\\/03\\\/1-metoxi-2-propanol-CAS-107-98-2-1000l-MasterChem.jpg\",\"datePublished\":\"2023-03-01T11:28:59+00:00\",\"dateModified\":\"2023-03-01T11:40:44+00:00\",\"description\":\"Methoxypropanol ist eine farblose, mit Wasser mischbare Fl\u00fcssigkeit mit leichtem Alkoholgeruch und mittlerer Fl\u00fcchtigkeit. Methoxypropanol mischt sich gut mit Wasser und anderen organischen L\u00f6sungsmitteln, l\u00f6st viele organische Substanzen gut, Methoxypropanol kann viele Glykole ersetzen (E-Reihe).\",\"breadcrumb\":{\"@id\":\"https:\\\/\\\/masterchem.es\\\/de\\\/produkt\\\/1-metoksu-2-propanol-cas-107-98-2\\\/#breadcrumb\"},\"inLanguage\":\"de-DE\",\"potentialAction\":[{\"@type\":\"ReadAction\",\"target\":[\"https:\\\/\\\/masterchem.es\\\/de\\\/produkt\\\/1-metoksu-2-propanol-cas-107-98-2\\\/\"]}]},{\"@type\":\"ImageObject\",\"inLanguage\":\"de-DE\",\"@id\":\"https:\\\/\\\/masterchem.es\\\/de\\\/produkt\\\/1-metoksu-2-propanol-cas-107-98-2\\\/#primaryimage\",\"url\":\"https:\\\/\\\/masterchem.es\\\/wp-content\\\/uploads\\\/2023\\\/03\\\/1-metoxi-2-propanol-CAS-107-98-2-1000l-MasterChem.jpg\",\"contentUrl\":\"https:\\\/\\\/masterchem.es\\\/wp-content\\\/uploads\\\/2023\\\/03\\\/1-metoxi-2-propanol-CAS-107-98-2-1000l-MasterChem.jpg\",\"width\":1000,\"height\":1000},{\"@type\":\"BreadcrumbList\",\"@id\":\"https:\\\/\\\/masterchem.es\\\/de\\\/produkt\\\/1-metoksu-2-propanol-cas-107-98-2\\\/#breadcrumb\",\"itemListElement\":[{\"@type\":\"ListItem\",\"position\":1,\"name\":\"Home\",\"item\":\"https:\\\/\\\/masterchem.es\\\/de\\\/\"},{\"@type\":\"ListItem\",\"position\":2,\"name\":\"Tienda\",\"item\":\"https:\\\/\\\/masterchem.es\\\/tienda\\\/\"},{\"@type\":\"ListItem\",\"position\":3,\"name\":\"1-Metoks\u00fc-2-Propanol (CAS 107-98-2)\"}]},{\"@type\":\"WebSite\",\"@id\":\"https:\\\/\\\/masterchem.es\\\/de\\\/#website\",\"url\":\"https:\\\/\\\/masterchem.es\\\/de\\\/\",\"name\":\"MasterChem\",\"description\":\"proveedor de productos qu&iacute;micos\",\"potentialAction\":[{\"@type\":\"SearchAction\",\"target\":{\"@type\":\"EntryPoint\",\"urlTemplate\":\"https:\\\/\\\/masterchem.es\\\/de\\\/?s={search_term_string}\"},\"query-input\":{\"@type\":\"PropertyValueSpecification\",\"valueRequired\":true,\"valueName\":\"search_term_string\"}}],\"inLanguage\":\"de-DE\"}]}<\/script>\n<!-- \/ Yoast SEO plugin. -->","yoast_head_json":{"title":"1-Metoks\u00fc-2-Propanol (CAS 107-98-2) - MasterChem","description":"Methoxypropanol ist eine farblose, mit Wasser mischbare Fl\u00fcssigkeit mit leichtem Alkoholgeruch und mittlerer Fl\u00fcchtigkeit. Methoxypropanol mischt sich gut mit Wasser und anderen organischen L\u00f6sungsmitteln, l\u00f6st viele organische Substanzen gut, Methoxypropanol kann viele Glykole ersetzen (E-Reihe).","robots":{"index":"index","follow":"follow","max-snippet":"max-snippet:-1","max-image-preview":"max-image-preview:large","max-video-preview":"max-video-preview:-1"},"canonical":"https:\/\/masterchem.es\/de\/produkt\/1-metoksu-2-propanol-cas-107-98-2\/","og_locale":"de_DE","og_type":"article","og_title":"1-Metoks\u00fc-2-Propanol (CAS 107-98-2) - MasterChem","og_description":"Methoxypropanol ist eine farblose, mit Wasser mischbare Fl\u00fcssigkeit mit leichtem Alkoholgeruch und mittlerer Fl\u00fcchtigkeit. Methoxypropanol mischt sich gut mit Wasser und anderen organischen L\u00f6sungsmitteln, l\u00f6st viele organische Substanzen gut, Methoxypropanol kann viele Glykole ersetzen (E-Reihe).","og_url":"https:\/\/masterchem.es\/de\/produkt\/1-metoksu-2-propanol-cas-107-98-2\/","og_site_name":"MasterChem","article_modified_time":"2023-03-01T11:40:44+00:00","og_image":[{"width":1000,"height":1000,"url":"https:\/\/masterchem.es\/wp-content\/uploads\/2023\/03\/1-metoxi-2-propanol-CAS-107-98-2-1000l-MasterChem.jpg","type":"image\/jpeg"}],"twitter_card":"summary_large_image","twitter_misc":{"Gesch\u00e4tzte Lesezeit":"1 Minute"},"schema":{"@context":"https:\/\/schema.org","@graph":[{"@type":"WebPage","@id":"https:\/\/masterchem.es\/de\/produkt\/1-metoksu-2-propanol-cas-107-98-2\/","url":"https:\/\/masterchem.es\/de\/produkt\/1-metoksu-2-propanol-cas-107-98-2\/","name":"1-Metoks\u00fc-2-Propanol (CAS 107-98-2) - MasterChem","isPartOf":{"@id":"https:\/\/masterchem.es\/de\/#website"},"primaryImageOfPage":{"@id":"https:\/\/masterchem.es\/de\/produkt\/1-metoksu-2-propanol-cas-107-98-2\/#primaryimage"},"image":{"@id":"https:\/\/masterchem.es\/de\/produkt\/1-metoksu-2-propanol-cas-107-98-2\/#primaryimage"},"thumbnailUrl":"https:\/\/masterchem.es\/wp-content\/uploads\/2023\/03\/1-metoxi-2-propanol-CAS-107-98-2-1000l-MasterChem.jpg","datePublished":"2023-03-01T11:28:59+00:00","dateModified":"2023-03-01T11:40:44+00:00","description":"Methoxypropanol ist eine farblose, mit Wasser mischbare Fl\u00fcssigkeit mit leichtem Alkoholgeruch und mittlerer Fl\u00fcchtigkeit. Methoxypropanol mischt sich gut mit Wasser und anderen organischen L\u00f6sungsmitteln, l\u00f6st viele organische Substanzen gut, Methoxypropanol kann viele Glykole ersetzen (E-Reihe).","breadcrumb":{"@id":"https:\/\/masterchem.es\/de\/produkt\/1-metoksu-2-propanol-cas-107-98-2\/#breadcrumb"},"inLanguage":"de-DE","potentialAction":[{"@type":"ReadAction","target":["https:\/\/masterchem.es\/de\/produkt\/1-metoksu-2-propanol-cas-107-98-2\/"]}]},{"@type":"ImageObject","inLanguage":"de-DE","@id":"https:\/\/masterchem.es\/de\/produkt\/1-metoksu-2-propanol-cas-107-98-2\/#primaryimage","url":"https:\/\/masterchem.es\/wp-content\/uploads\/2023\/03\/1-metoxi-2-propanol-CAS-107-98-2-1000l-MasterChem.jpg","contentUrl":"https:\/\/masterchem.es\/wp-content\/uploads\/2023\/03\/1-metoxi-2-propanol-CAS-107-98-2-1000l-MasterChem.jpg","width":1000,"height":1000},{"@type":"BreadcrumbList","@id":"https:\/\/masterchem.es\/de\/produkt\/1-metoksu-2-propanol-cas-107-98-2\/#breadcrumb","itemListElement":[{"@type":"ListItem","position":1,"name":"Home","item":"https:\/\/masterchem.es\/de\/"},{"@type":"ListItem","position":2,"name":"Tienda","item":"https:\/\/masterchem.es\/tienda\/"},{"@type":"ListItem","position":3,"name":"1-Metoks\u00fc-2-Propanol (CAS 107-98-2)"}]},{"@type":"WebSite","@id":"https:\/\/masterchem.es\/de\/#website","url":"https:\/\/masterchem.es\/de\/","name":"MasterChem","description":"proveedor de productos qu&iacute;micos","potentialAction":[{"@type":"SearchAction","target":{"@type":"EntryPoint","urlTemplate":"https:\/\/masterchem.es\/de\/?s={search_term_string}"},"query-input":{"@type":"PropertyValueSpecification","valueRequired":true,"valueName":"search_term_string"}}],"inLanguage":"de-DE"}]}},"_links":{"self":[{"href":"https:\/\/masterchem.es\/de\/wp-json\/wp\/v2\/product\/4855","targetHints":{"allow":["GET"]}}],"collection":[{"href":"https:\/\/masterchem.es\/de\/wp-json\/wp\/v2\/product"}],"about":[{"href":"https:\/\/masterchem.es\/de\/wp-json\/wp\/v2\/types\/product"}],"wp:featuredmedia":[{"embeddable":true,"href":"https:\/\/masterchem.es\/de\/wp-json\/wp\/v2\/media\/4873"}],"wp:attachment":[{"href":"https:\/\/masterchem.es\/de\/wp-json\/wp\/v2\/media?parent=4855"}],"wp:term":[{"taxonomy":"product_brand","embeddable":true,"href":"https:\/\/masterchem.es\/de\/wp-json\/wp\/v2\/product_brand?post=4855"},{"taxonomy":"product_cat","embeddable":true,"href":"https:\/\/masterchem.es\/de\/wp-json\/wp\/v2\/product_cat?post=4855"},{"taxonomy":"product_tag","embeddable":true,"href":"https:\/\/masterchem.es\/de\/wp-json\/wp\/v2\/product_tag?post=4855"}],"curies":[{"name":"wp","href":"https:\/\/api.w.org\/{rel}","templated":true}]}}