{"id":4914,"date":"2023-03-02T07:04:27","date_gmt":"2023-03-02T07:04:27","guid":{"rendered":"https:\/\/masterchem.es\/?post_type=product&#038;p=4914"},"modified":"2023-03-02T07:54:06","modified_gmt":"2023-03-02T07:54:06","slug":"butylglykol-bg-cas-111-76-2","status":"publish","type":"product","link":"https:\/\/masterchem.es\/de\/produkt\/butylglykol-bg-cas-111-76-2\/","title":{"rendered":"Butylglykol BG (CAS 111-76-2)"},"content":{"rendered":"<p><strong>Anwendung und Verwendung:<\/strong><br \/>\n\u25cf Weit verbreitet als L\u00f6sungsmittel f\u00fcr Farbbeschichtungen, Zellulose und Harze. Die Zugabe von Butylglykol in LCM verringert ihre Viskosit\u00e4t und verbessert die Flie\u00dff\u00e4higkeit.<br \/>\n\u25cf Tinte zum Drucken.<br \/>\n\u25cf Bestandteil von Oberfl\u00e4chenreinigern, z. zum Entfetten von Metalloberfl\u00e4chen<br \/>\n\u25cf Bestandteil von Schmier- und K\u00fchlfl\u00fcssigkeiten<br \/>\n\u25cf In der organischen Synthese.<br \/>\n\u25cf In der Petrochemie.<\/p>\n<p><strong>Thermische Eigenschaften:<\/strong><br \/>\nSchmelzpunkt: -75 \u00b0C<br \/>\nSiedepunkt: 171 \u00b0C<br \/>\nFlammpunkt: 143 \u00b0C<br \/>\nINDEX:<br \/>\nCAS: 111-76-2<br \/>\nEG: 203-905-0<\/p>\n","protected":false},"excerpt":{"rendered":"<p>2-Butoxyethan-1-ol, 2-Butoxyethanol, Butylcellosolve, Butylglykol, Butylmonoetherglykol, EGBE (Ethylenglykolmonobutylether), Dowanol EB, Bane-Clene, Eastman EB-L\u00f6sungsmittel, BH-33, Industriereiniger, Solvaset, 2-BE, EGMBE, Butyloxitol, Ektasolve, Jeffersol EB<br \/>\n<strong>Beschreibung:<\/strong><br \/>\nButylglykol ist eine chemische Verbindung mit der Formel C6H14O2, ist ein Glykolether. Als L\u00f6sungsmittel und Syntheserohstoff wird eine schwerfl\u00fcchtige, hochsiedende, geruchsarme Fl\u00fcssigkeit verwendet. Hervorragendes Hilfsl\u00f6semittel in w\u00e4ssrigen LCM (Wasserlacken). L\u00f6slich in Wasser, Alkoholen, Glykolen, Diethylether, Aceton, Chloroform und anderen organischen L\u00f6sungsmitteln.<\/p>\n","protected":false},"featured_media":4950,"template":"","meta":[],"product_brand":[],"product_cat":[78,84,104,126,113,86,89],"product_tag":[],"class_list":{"0":"post-4914","1":"product","2":"type-product","3":"status-publish","4":"has-post-thumbnail","6":"product_cat-automobilchemie","7":"product_cat-bausektor","8":"product_cat-frostschutzmittel","9":"product_cat-industrielle-chemikalien","10":"product_cat-kunststoff-polyurethane","11":"product_cat-nicht-kategorisiert","12":"product_cat-pharmazeutische-produkte","14":"first","15":"instock","16":"taxable","17":"shipping-taxable","18":"purchasable","19":"product-type-variable","20":"has-default-attributes"},"yoast_head":"<!-- This site is optimized with the Yoast SEO plugin v27.5 - https:\/\/yoast.com\/product\/yoast-seo-wordpress\/ -->\n<title>Butylglykol BG (CAS 111-76-2) - MasterChem<\/title>\n<meta name=\"description\" content=\"Butylglykol ist eine chemische Verbindung mit der Formel C6H14O2, ist ein Glykolether. Als L\u00f6sungsmittel und Syntheserohstoff wird eine schwerfl\u00fcchtige, hochsiedende, geruchsarme Fl\u00fcssigkeit verwendet.\" \/>\n<meta name=\"robots\" content=\"index, follow, max-snippet:-1, max-image-preview:large, max-video-preview:-1\" \/>\n<link rel=\"canonical\" href=\"https:\/\/masterchem.es\/de\/produkt\/butylglykol-bg-cas-111-76-2\/\" \/>\n<meta property=\"og:locale\" content=\"de_DE\" \/>\n<meta property=\"og:type\" content=\"article\" \/>\n<meta property=\"og:title\" content=\"Butylglykol BG (CAS 111-76-2) - MasterChem\" \/>\n<meta property=\"og:description\" content=\"Butylglykol ist eine chemische Verbindung mit der Formel C6H14O2, ist ein Glykolether. Als L\u00f6sungsmittel und Syntheserohstoff wird eine schwerfl\u00fcchtige, hochsiedende, geruchsarme Fl\u00fcssigkeit verwendet.\" \/>\n<meta property=\"og:url\" content=\"https:\/\/masterchem.es\/de\/produkt\/butylglykol-bg-cas-111-76-2\/\" \/>\n<meta property=\"og:site_name\" content=\"MasterChem\" \/>\n<meta property=\"article:modified_time\" content=\"2023-03-02T07:54:06+00:00\" \/>\n<meta property=\"og:image\" content=\"https:\/\/masterchem.es\/wp-content\/uploads\/2023\/03\/Butilglicol-BG-CAS-111-76-2-1000l-MasterChem.jpg\" \/>\n\t<meta property=\"og:image:width\" content=\"1000\" \/>\n\t<meta property=\"og:image:height\" content=\"1000\" \/>\n\t<meta property=\"og:image:type\" content=\"image\/jpeg\" \/>\n<meta name=\"twitter:card\" content=\"summary_large_image\" \/>\n<script type=\"application\/ld+json\" class=\"yoast-schema-graph\">{\"@context\":\"https:\\\/\\\/schema.org\",\"@graph\":[{\"@type\":\"WebPage\",\"@id\":\"https:\\\/\\\/masterchem.es\\\/de\\\/produkt\\\/butylglykol-bg-cas-111-76-2\\\/\",\"url\":\"https:\\\/\\\/masterchem.es\\\/de\\\/produkt\\\/butylglykol-bg-cas-111-76-2\\\/\",\"name\":\"Butylglykol BG (CAS 111-76-2) - MasterChem\",\"isPartOf\":{\"@id\":\"https:\\\/\\\/masterchem.es\\\/de\\\/#website\"},\"primaryImageOfPage\":{\"@id\":\"https:\\\/\\\/masterchem.es\\\/de\\\/produkt\\\/butylglykol-bg-cas-111-76-2\\\/#primaryimage\"},\"image\":{\"@id\":\"https:\\\/\\\/masterchem.es\\\/de\\\/produkt\\\/butylglykol-bg-cas-111-76-2\\\/#primaryimage\"},\"thumbnailUrl\":\"https:\\\/\\\/masterchem.es\\\/wp-content\\\/uploads\\\/2023\\\/03\\\/Butilglicol-BG-CAS-111-76-2-1000l-MasterChem.jpg\",\"datePublished\":\"2023-03-02T07:04:27+00:00\",\"dateModified\":\"2023-03-02T07:54:06+00:00\",\"description\":\"Butylglykol ist eine chemische Verbindung mit der Formel C6H14O2, ist ein Glykolether. Als L\u00f6sungsmittel und Syntheserohstoff wird eine schwerfl\u00fcchtige, hochsiedende, geruchsarme Fl\u00fcssigkeit verwendet.\",\"breadcrumb\":{\"@id\":\"https:\\\/\\\/masterchem.es\\\/de\\\/produkt\\\/butylglykol-bg-cas-111-76-2\\\/#breadcrumb\"},\"inLanguage\":\"de-DE\",\"potentialAction\":[{\"@type\":\"ReadAction\",\"target\":[\"https:\\\/\\\/masterchem.es\\\/de\\\/produkt\\\/butylglykol-bg-cas-111-76-2\\\/\"]}]},{\"@type\":\"ImageObject\",\"inLanguage\":\"de-DE\",\"@id\":\"https:\\\/\\\/masterchem.es\\\/de\\\/produkt\\\/butylglykol-bg-cas-111-76-2\\\/#primaryimage\",\"url\":\"https:\\\/\\\/masterchem.es\\\/wp-content\\\/uploads\\\/2023\\\/03\\\/Butilglicol-BG-CAS-111-76-2-1000l-MasterChem.jpg\",\"contentUrl\":\"https:\\\/\\\/masterchem.es\\\/wp-content\\\/uploads\\\/2023\\\/03\\\/Butilglicol-BG-CAS-111-76-2-1000l-MasterChem.jpg\",\"width\":1000,\"height\":1000},{\"@type\":\"BreadcrumbList\",\"@id\":\"https:\\\/\\\/masterchem.es\\\/de\\\/produkt\\\/butylglykol-bg-cas-111-76-2\\\/#breadcrumb\",\"itemListElement\":[{\"@type\":\"ListItem\",\"position\":1,\"name\":\"Home\",\"item\":\"https:\\\/\\\/masterchem.es\\\/de\\\/\"},{\"@type\":\"ListItem\",\"position\":2,\"name\":\"Tienda\",\"item\":\"https:\\\/\\\/masterchem.es\\\/tienda\\\/\"},{\"@type\":\"ListItem\",\"position\":3,\"name\":\"Butylglykol BG (CAS 111-76-2)\"}]},{\"@type\":\"WebSite\",\"@id\":\"https:\\\/\\\/masterchem.es\\\/de\\\/#website\",\"url\":\"https:\\\/\\\/masterchem.es\\\/de\\\/\",\"name\":\"MasterChem\",\"description\":\"proveedor de productos qu&iacute;micos\",\"potentialAction\":[{\"@type\":\"SearchAction\",\"target\":{\"@type\":\"EntryPoint\",\"urlTemplate\":\"https:\\\/\\\/masterchem.es\\\/de\\\/?s={search_term_string}\"},\"query-input\":{\"@type\":\"PropertyValueSpecification\",\"valueRequired\":true,\"valueName\":\"search_term_string\"}}],\"inLanguage\":\"de-DE\"}]}<\/script>\n<!-- \/ Yoast SEO plugin. -->","yoast_head_json":{"title":"Butylglykol BG (CAS 111-76-2) - MasterChem","description":"Butylglykol ist eine chemische Verbindung mit der Formel C6H14O2, ist ein Glykolether. Als L\u00f6sungsmittel und Syntheserohstoff wird eine schwerfl\u00fcchtige, hochsiedende, geruchsarme Fl\u00fcssigkeit verwendet.","robots":{"index":"index","follow":"follow","max-snippet":"max-snippet:-1","max-image-preview":"max-image-preview:large","max-video-preview":"max-video-preview:-1"},"canonical":"https:\/\/masterchem.es\/de\/produkt\/butylglykol-bg-cas-111-76-2\/","og_locale":"de_DE","og_type":"article","og_title":"Butylglykol BG (CAS 111-76-2) - MasterChem","og_description":"Butylglykol ist eine chemische Verbindung mit der Formel C6H14O2, ist ein Glykolether. Als L\u00f6sungsmittel und Syntheserohstoff wird eine schwerfl\u00fcchtige, hochsiedende, geruchsarme Fl\u00fcssigkeit verwendet.","og_url":"https:\/\/masterchem.es\/de\/produkt\/butylglykol-bg-cas-111-76-2\/","og_site_name":"MasterChem","article_modified_time":"2023-03-02T07:54:06+00:00","og_image":[{"width":1000,"height":1000,"url":"https:\/\/masterchem.es\/wp-content\/uploads\/2023\/03\/Butilglicol-BG-CAS-111-76-2-1000l-MasterChem.jpg","type":"image\/jpeg"}],"twitter_card":"summary_large_image","schema":{"@context":"https:\/\/schema.org","@graph":[{"@type":"WebPage","@id":"https:\/\/masterchem.es\/de\/produkt\/butylglykol-bg-cas-111-76-2\/","url":"https:\/\/masterchem.es\/de\/produkt\/butylglykol-bg-cas-111-76-2\/","name":"Butylglykol BG (CAS 111-76-2) - MasterChem","isPartOf":{"@id":"https:\/\/masterchem.es\/de\/#website"},"primaryImageOfPage":{"@id":"https:\/\/masterchem.es\/de\/produkt\/butylglykol-bg-cas-111-76-2\/#primaryimage"},"image":{"@id":"https:\/\/masterchem.es\/de\/produkt\/butylglykol-bg-cas-111-76-2\/#primaryimage"},"thumbnailUrl":"https:\/\/masterchem.es\/wp-content\/uploads\/2023\/03\/Butilglicol-BG-CAS-111-76-2-1000l-MasterChem.jpg","datePublished":"2023-03-02T07:04:27+00:00","dateModified":"2023-03-02T07:54:06+00:00","description":"Butylglykol ist eine chemische Verbindung mit der Formel C6H14O2, ist ein Glykolether. Als L\u00f6sungsmittel und Syntheserohstoff wird eine schwerfl\u00fcchtige, hochsiedende, geruchsarme Fl\u00fcssigkeit verwendet.","breadcrumb":{"@id":"https:\/\/masterchem.es\/de\/produkt\/butylglykol-bg-cas-111-76-2\/#breadcrumb"},"inLanguage":"de-DE","potentialAction":[{"@type":"ReadAction","target":["https:\/\/masterchem.es\/de\/produkt\/butylglykol-bg-cas-111-76-2\/"]}]},{"@type":"ImageObject","inLanguage":"de-DE","@id":"https:\/\/masterchem.es\/de\/produkt\/butylglykol-bg-cas-111-76-2\/#primaryimage","url":"https:\/\/masterchem.es\/wp-content\/uploads\/2023\/03\/Butilglicol-BG-CAS-111-76-2-1000l-MasterChem.jpg","contentUrl":"https:\/\/masterchem.es\/wp-content\/uploads\/2023\/03\/Butilglicol-BG-CAS-111-76-2-1000l-MasterChem.jpg","width":1000,"height":1000},{"@type":"BreadcrumbList","@id":"https:\/\/masterchem.es\/de\/produkt\/butylglykol-bg-cas-111-76-2\/#breadcrumb","itemListElement":[{"@type":"ListItem","position":1,"name":"Home","item":"https:\/\/masterchem.es\/de\/"},{"@type":"ListItem","position":2,"name":"Tienda","item":"https:\/\/masterchem.es\/tienda\/"},{"@type":"ListItem","position":3,"name":"Butylglykol BG (CAS 111-76-2)"}]},{"@type":"WebSite","@id":"https:\/\/masterchem.es\/de\/#website","url":"https:\/\/masterchem.es\/de\/","name":"MasterChem","description":"proveedor de productos qu&iacute;micos","potentialAction":[{"@type":"SearchAction","target":{"@type":"EntryPoint","urlTemplate":"https:\/\/masterchem.es\/de\/?s={search_term_string}"},"query-input":{"@type":"PropertyValueSpecification","valueRequired":true,"valueName":"search_term_string"}}],"inLanguage":"de-DE"}]}},"_links":{"self":[{"href":"https:\/\/masterchem.es\/de\/wp-json\/wp\/v2\/product\/4914","targetHints":{"allow":["GET"]}}],"collection":[{"href":"https:\/\/masterchem.es\/de\/wp-json\/wp\/v2\/product"}],"about":[{"href":"https:\/\/masterchem.es\/de\/wp-json\/wp\/v2\/types\/product"}],"wp:featuredmedia":[{"embeddable":true,"href":"https:\/\/masterchem.es\/de\/wp-json\/wp\/v2\/media\/4950"}],"wp:attachment":[{"href":"https:\/\/masterchem.es\/de\/wp-json\/wp\/v2\/media?parent=4914"}],"wp:term":[{"taxonomy":"product_brand","embeddable":true,"href":"https:\/\/masterchem.es\/de\/wp-json\/wp\/v2\/product_brand?post=4914"},{"taxonomy":"product_cat","embeddable":true,"href":"https:\/\/masterchem.es\/de\/wp-json\/wp\/v2\/product_cat?post=4914"},{"taxonomy":"product_tag","embeddable":true,"href":"https:\/\/masterchem.es\/de\/wp-json\/wp\/v2\/product_tag?post=4914"}],"curies":[{"name":"wp","href":"https:\/\/api.w.org\/{rel}","templated":true}]}}