{"id":4968,"date":"2023-03-02T08:00:08","date_gmt":"2023-03-02T08:00:08","guid":{"rendered":"https:\/\/masterchem.es\/?post_type=product&#038;p=4968"},"modified":"2023-03-02T08:07:18","modified_gmt":"2023-03-02T08:07:18","slug":"oksaliinhappe-etaandioehape-cas-144-62-7","status":"publish","type":"product","link":"https:\/\/masterchem.es\/de\/produkt\/oksaliinhappe-etaandioehape-cas-144-62-7\/","title":{"rendered":"Oksaliinhappe (etaandioehape) (CAS 144-62-7)"},"content":{"rendered":"<p><strong>Vorsichtsma\u00dfnahmen<\/strong><br \/>\nOxals\u00e4ure geh\u00f6rt zu den brennbaren, hochgiftigen und giftigen chemischen Reagenzien, daher d\u00fcrfen nur Labormitarbeiter damit arbeiten, die sich einer besonderen Unterweisung zur Einhaltung der Sicherheitsma\u00dfnahmen unterzogen haben:<\/p>\n<p>\u2013 Arbeiten in speziellem Laborglas durchf\u00fchren. Besteht das Laborglas aus einem anderen Material, kann die S\u00e4ure damit reagieren; \u2013 Um das Eindringen von Oxals\u00e4ure auf Haut, Atemwege, Schleimh\u00e4ute zu vermeiden, sollten alle Untersuchungen durchgef\u00fchrt werden: in Gummiprodukten (Stiefel, gummierte Sch\u00fcrzen, Untersuchungshandschuhe, Nitrilhandschuhe), Schutzausr\u00fcstung (Gasmaske oder Atemschutzger\u00e4t). , Schutzbrillen), Overalls;<\/p>\n<p>\u2013 w\u00e4hrend der Verwendung von Oxals\u00e4ure ist es verboten zu essen, zu trinken, zu rauchen; \u2013 Nach Beendigung der Arbeit ist es notwendig, Gesicht und H\u00e4nde gr\u00fcndlich mit warmem Wasser und Seife oder einem Neutralisationsmittel (Backpulverl\u00f6sung) zu waschen; \u2013 der Transport und die Lagerung von Oxals\u00e4ure zusammen mit Lebensmitteln ist verboten; \u2013 Brandschutzma\u00dfnahmen beachten, wenn Heizger\u00e4te verwendet werden m\u00fcssen.<\/p>\n","protected":false},"excerpt":{"rendered":"<p>Oxals\u00e4ure (Ethandis\u00e4ure) ist eine zweibasige ges\u00e4ttigte Carbons\u00e4ure, eine chemische Substanz in Form farbloser Kristalle, l\u00f6slich in Wasser, unvollst\u00e4ndig in Diethyl- und Ethylalkohol, unl\u00f6slich in Benzol, Chloroform, Petrolether.<br \/>\n<strong>Anwendung<\/strong><br \/>\nOxals\u00e4ure und Oxalate werden in der Textil- und Lederindustrie verwendet.<br \/>\nmetallurgisch (zum Reinigen von Metallen von Zunder, Korrosion, Rost, Oxiden);<br \/>\nchemisch (bei der Herstellung von Farbstoffen, Kunststoffen, Tinte, Pyrotechnik);<br \/>\nTextil (als Beizmittel beim F\u00e4rben von Wolle und Seide);<br \/>\nMikroskopie (zum Bleichen der Schnitte);<br \/>\nLandwirtschaft (als Insektizid);<br \/>\nPharmakologie;<br \/>\nHolzbearbeitung;<br \/>\nKosmetologie (als Teil von Whitening-Cremes, Masken und Seren);<br \/>\nAnalytische Chemie (zur Ausf\u00e4llung von Seltenerdelementen);<br \/>\nHaushaltschemikalien (als bleichende und desinfizierende Komponente von Reinigungsmitteln).<br \/>\nDar\u00fcber hinaus wird die Substanz zur Herstellung von Lebensmittelzusatzstoffen und biologisch aktiven Komplexen (als Konservierungsmittel) verwendet.<\/p>\n<p>CAS: 144-62-7<\/p>\n","protected":false},"featured_media":4976,"template":"","meta":[],"product_brand":[],"product_cat":[126,86,89],"product_tag":[],"class_list":{"0":"post-4968","1":"product","2":"type-product","3":"status-publish","4":"has-post-thumbnail","6":"product_cat-industrielle-chemikalien","7":"product_cat-nicht-kategorisiert","8":"product_cat-pharmazeutische-produkte","10":"first","11":"instock","12":"taxable","13":"shipping-taxable","14":"purchasable","15":"product-type-variable","16":"has-default-attributes"},"yoast_head":"<!-- This site is optimized with the Yoast SEO plugin v27.5 - https:\/\/yoast.com\/product\/yoast-seo-wordpress\/ -->\n<title>Oksaliinhappe (etaandioehape) (CAS 144-62-7) - MasterChem<\/title>\n<meta name=\"description\" content=\"Oxals\u00e4ure (Ethandis\u00e4ure) ist eine zweibasige ges\u00e4ttigte Carbons\u00e4ure, eine chemische Substanz in Form farbloser Kristalle, l\u00f6slich in Wasser, unvollst\u00e4ndig in Diethyl- und Ethylalkohol, unl\u00f6slich in Benzol, Chloroform, Petrolether.\" \/>\n<meta name=\"robots\" content=\"index, follow, max-snippet:-1, max-image-preview:large, max-video-preview:-1\" \/>\n<link rel=\"canonical\" href=\"https:\/\/masterchem.es\/de\/produkt\/oksaliinhappe-etaandioehape-cas-144-62-7\/\" \/>\n<meta property=\"og:locale\" content=\"de_DE\" \/>\n<meta property=\"og:type\" content=\"article\" \/>\n<meta property=\"og:title\" content=\"Oksaliinhappe (etaandioehape) (CAS 144-62-7) - MasterChem\" \/>\n<meta property=\"og:description\" content=\"Oxals\u00e4ure (Ethandis\u00e4ure) ist eine zweibasige ges\u00e4ttigte Carbons\u00e4ure, eine chemische Substanz in Form farbloser Kristalle, l\u00f6slich in Wasser, unvollst\u00e4ndig in Diethyl- und Ethylalkohol, unl\u00f6slich in Benzol, Chloroform, Petrolether.\" \/>\n<meta property=\"og:url\" content=\"https:\/\/masterchem.es\/de\/produkt\/oksaliinhappe-etaandioehape-cas-144-62-7\/\" \/>\n<meta property=\"og:site_name\" content=\"MasterChem\" \/>\n<meta property=\"article:modified_time\" content=\"2023-03-02T08:07:18+00:00\" \/>\n<meta property=\"og:image\" content=\"https:\/\/masterchem.es\/wp-content\/uploads\/2023\/03\/Acido-oxalico-acido-etanodioico-CAS-144-62-7-25kg-MasterChem.png\" \/>\n\t<meta property=\"og:image:width\" content=\"1000\" \/>\n\t<meta property=\"og:image:height\" content=\"1000\" \/>\n\t<meta property=\"og:image:type\" content=\"image\/png\" \/>\n<meta name=\"twitter:card\" content=\"summary_large_image\" \/>\n<meta name=\"twitter:label1\" content=\"Gesch\u00e4tzte Lesezeit\" \/>\n\t<meta name=\"twitter:data1\" content=\"1 Minute\" \/>\n<script type=\"application\/ld+json\" class=\"yoast-schema-graph\">{\"@context\":\"https:\\\/\\\/schema.org\",\"@graph\":[{\"@type\":\"WebPage\",\"@id\":\"https:\\\/\\\/masterchem.es\\\/de\\\/produkt\\\/oksaliinhappe-etaandioehape-cas-144-62-7\\\/\",\"url\":\"https:\\\/\\\/masterchem.es\\\/de\\\/produkt\\\/oksaliinhappe-etaandioehape-cas-144-62-7\\\/\",\"name\":\"Oksaliinhappe (etaandioehape) (CAS 144-62-7) - MasterChem\",\"isPartOf\":{\"@id\":\"https:\\\/\\\/masterchem.es\\\/de\\\/#website\"},\"primaryImageOfPage\":{\"@id\":\"https:\\\/\\\/masterchem.es\\\/de\\\/produkt\\\/oksaliinhappe-etaandioehape-cas-144-62-7\\\/#primaryimage\"},\"image\":{\"@id\":\"https:\\\/\\\/masterchem.es\\\/de\\\/produkt\\\/oksaliinhappe-etaandioehape-cas-144-62-7\\\/#primaryimage\"},\"thumbnailUrl\":\"https:\\\/\\\/masterchem.es\\\/wp-content\\\/uploads\\\/2023\\\/03\\\/Acido-oxalico-acido-etanodioico-CAS-144-62-7-25kg-MasterChem.png\",\"datePublished\":\"2023-03-02T08:00:08+00:00\",\"dateModified\":\"2023-03-02T08:07:18+00:00\",\"description\":\"Oxals\u00e4ure (Ethandis\u00e4ure) ist eine zweibasige ges\u00e4ttigte Carbons\u00e4ure, eine chemische Substanz in Form farbloser Kristalle, l\u00f6slich in Wasser, unvollst\u00e4ndig in Diethyl- und Ethylalkohol, unl\u00f6slich in Benzol, Chloroform, Petrolether.\",\"breadcrumb\":{\"@id\":\"https:\\\/\\\/masterchem.es\\\/de\\\/produkt\\\/oksaliinhappe-etaandioehape-cas-144-62-7\\\/#breadcrumb\"},\"inLanguage\":\"de-DE\",\"potentialAction\":[{\"@type\":\"ReadAction\",\"target\":[\"https:\\\/\\\/masterchem.es\\\/de\\\/produkt\\\/oksaliinhappe-etaandioehape-cas-144-62-7\\\/\"]}]},{\"@type\":\"ImageObject\",\"inLanguage\":\"de-DE\",\"@id\":\"https:\\\/\\\/masterchem.es\\\/de\\\/produkt\\\/oksaliinhappe-etaandioehape-cas-144-62-7\\\/#primaryimage\",\"url\":\"https:\\\/\\\/masterchem.es\\\/wp-content\\\/uploads\\\/2023\\\/03\\\/Acido-oxalico-acido-etanodioico-CAS-144-62-7-25kg-MasterChem.png\",\"contentUrl\":\"https:\\\/\\\/masterchem.es\\\/wp-content\\\/uploads\\\/2023\\\/03\\\/Acido-oxalico-acido-etanodioico-CAS-144-62-7-25kg-MasterChem.png\",\"width\":1000,\"height\":1000},{\"@type\":\"BreadcrumbList\",\"@id\":\"https:\\\/\\\/masterchem.es\\\/de\\\/produkt\\\/oksaliinhappe-etaandioehape-cas-144-62-7\\\/#breadcrumb\",\"itemListElement\":[{\"@type\":\"ListItem\",\"position\":1,\"name\":\"Home\",\"item\":\"https:\\\/\\\/masterchem.es\\\/de\\\/\"},{\"@type\":\"ListItem\",\"position\":2,\"name\":\"Tienda\",\"item\":\"https:\\\/\\\/masterchem.es\\\/tienda\\\/\"},{\"@type\":\"ListItem\",\"position\":3,\"name\":\"Oksaliinhappe (etaandioehape) (CAS 144-62-7)\"}]},{\"@type\":\"WebSite\",\"@id\":\"https:\\\/\\\/masterchem.es\\\/de\\\/#website\",\"url\":\"https:\\\/\\\/masterchem.es\\\/de\\\/\",\"name\":\"MasterChem\",\"description\":\"proveedor de productos qu&iacute;micos\",\"potentialAction\":[{\"@type\":\"SearchAction\",\"target\":{\"@type\":\"EntryPoint\",\"urlTemplate\":\"https:\\\/\\\/masterchem.es\\\/de\\\/?s={search_term_string}\"},\"query-input\":{\"@type\":\"PropertyValueSpecification\",\"valueRequired\":true,\"valueName\":\"search_term_string\"}}],\"inLanguage\":\"de-DE\"}]}<\/script>\n<!-- \/ Yoast SEO plugin. -->","yoast_head_json":{"title":"Oksaliinhappe (etaandioehape) (CAS 144-62-7) - MasterChem","description":"Oxals\u00e4ure (Ethandis\u00e4ure) ist eine zweibasige ges\u00e4ttigte Carbons\u00e4ure, eine chemische Substanz in Form farbloser Kristalle, l\u00f6slich in Wasser, unvollst\u00e4ndig in Diethyl- und Ethylalkohol, unl\u00f6slich in Benzol, Chloroform, Petrolether.","robots":{"index":"index","follow":"follow","max-snippet":"max-snippet:-1","max-image-preview":"max-image-preview:large","max-video-preview":"max-video-preview:-1"},"canonical":"https:\/\/masterchem.es\/de\/produkt\/oksaliinhappe-etaandioehape-cas-144-62-7\/","og_locale":"de_DE","og_type":"article","og_title":"Oksaliinhappe (etaandioehape) (CAS 144-62-7) - MasterChem","og_description":"Oxals\u00e4ure (Ethandis\u00e4ure) ist eine zweibasige ges\u00e4ttigte Carbons\u00e4ure, eine chemische Substanz in Form farbloser Kristalle, l\u00f6slich in Wasser, unvollst\u00e4ndig in Diethyl- und Ethylalkohol, unl\u00f6slich in Benzol, Chloroform, Petrolether.","og_url":"https:\/\/masterchem.es\/de\/produkt\/oksaliinhappe-etaandioehape-cas-144-62-7\/","og_site_name":"MasterChem","article_modified_time":"2023-03-02T08:07:18+00:00","og_image":[{"width":1000,"height":1000,"url":"https:\/\/masterchem.es\/wp-content\/uploads\/2023\/03\/Acido-oxalico-acido-etanodioico-CAS-144-62-7-25kg-MasterChem.png","type":"image\/png"}],"twitter_card":"summary_large_image","twitter_misc":{"Gesch\u00e4tzte Lesezeit":"1 Minute"},"schema":{"@context":"https:\/\/schema.org","@graph":[{"@type":"WebPage","@id":"https:\/\/masterchem.es\/de\/produkt\/oksaliinhappe-etaandioehape-cas-144-62-7\/","url":"https:\/\/masterchem.es\/de\/produkt\/oksaliinhappe-etaandioehape-cas-144-62-7\/","name":"Oksaliinhappe (etaandioehape) (CAS 144-62-7) - MasterChem","isPartOf":{"@id":"https:\/\/masterchem.es\/de\/#website"},"primaryImageOfPage":{"@id":"https:\/\/masterchem.es\/de\/produkt\/oksaliinhappe-etaandioehape-cas-144-62-7\/#primaryimage"},"image":{"@id":"https:\/\/masterchem.es\/de\/produkt\/oksaliinhappe-etaandioehape-cas-144-62-7\/#primaryimage"},"thumbnailUrl":"https:\/\/masterchem.es\/wp-content\/uploads\/2023\/03\/Acido-oxalico-acido-etanodioico-CAS-144-62-7-25kg-MasterChem.png","datePublished":"2023-03-02T08:00:08+00:00","dateModified":"2023-03-02T08:07:18+00:00","description":"Oxals\u00e4ure (Ethandis\u00e4ure) ist eine zweibasige ges\u00e4ttigte Carbons\u00e4ure, eine chemische Substanz in Form farbloser Kristalle, l\u00f6slich in Wasser, unvollst\u00e4ndig in Diethyl- und Ethylalkohol, unl\u00f6slich in Benzol, Chloroform, Petrolether.","breadcrumb":{"@id":"https:\/\/masterchem.es\/de\/produkt\/oksaliinhappe-etaandioehape-cas-144-62-7\/#breadcrumb"},"inLanguage":"de-DE","potentialAction":[{"@type":"ReadAction","target":["https:\/\/masterchem.es\/de\/produkt\/oksaliinhappe-etaandioehape-cas-144-62-7\/"]}]},{"@type":"ImageObject","inLanguage":"de-DE","@id":"https:\/\/masterchem.es\/de\/produkt\/oksaliinhappe-etaandioehape-cas-144-62-7\/#primaryimage","url":"https:\/\/masterchem.es\/wp-content\/uploads\/2023\/03\/Acido-oxalico-acido-etanodioico-CAS-144-62-7-25kg-MasterChem.png","contentUrl":"https:\/\/masterchem.es\/wp-content\/uploads\/2023\/03\/Acido-oxalico-acido-etanodioico-CAS-144-62-7-25kg-MasterChem.png","width":1000,"height":1000},{"@type":"BreadcrumbList","@id":"https:\/\/masterchem.es\/de\/produkt\/oksaliinhappe-etaandioehape-cas-144-62-7\/#breadcrumb","itemListElement":[{"@type":"ListItem","position":1,"name":"Home","item":"https:\/\/masterchem.es\/de\/"},{"@type":"ListItem","position":2,"name":"Tienda","item":"https:\/\/masterchem.es\/tienda\/"},{"@type":"ListItem","position":3,"name":"Oksaliinhappe (etaandioehape) (CAS 144-62-7)"}]},{"@type":"WebSite","@id":"https:\/\/masterchem.es\/de\/#website","url":"https:\/\/masterchem.es\/de\/","name":"MasterChem","description":"proveedor de productos qu&iacute;micos","potentialAction":[{"@type":"SearchAction","target":{"@type":"EntryPoint","urlTemplate":"https:\/\/masterchem.es\/de\/?s={search_term_string}"},"query-input":{"@type":"PropertyValueSpecification","valueRequired":true,"valueName":"search_term_string"}}],"inLanguage":"de-DE"}]}},"_links":{"self":[{"href":"https:\/\/masterchem.es\/de\/wp-json\/wp\/v2\/product\/4968","targetHints":{"allow":["GET"]}}],"collection":[{"href":"https:\/\/masterchem.es\/de\/wp-json\/wp\/v2\/product"}],"about":[{"href":"https:\/\/masterchem.es\/de\/wp-json\/wp\/v2\/types\/product"}],"wp:featuredmedia":[{"embeddable":true,"href":"https:\/\/masterchem.es\/de\/wp-json\/wp\/v2\/media\/4976"}],"wp:attachment":[{"href":"https:\/\/masterchem.es\/de\/wp-json\/wp\/v2\/media?parent=4968"}],"wp:term":[{"taxonomy":"product_brand","embeddable":true,"href":"https:\/\/masterchem.es\/de\/wp-json\/wp\/v2\/product_brand?post=4968"},{"taxonomy":"product_cat","embeddable":true,"href":"https:\/\/masterchem.es\/de\/wp-json\/wp\/v2\/product_cat?post=4968"},{"taxonomy":"product_tag","embeddable":true,"href":"https:\/\/masterchem.es\/de\/wp-json\/wp\/v2\/product_tag?post=4968"}],"curies":[{"name":"wp","href":"https:\/\/api.w.org\/{rel}","templated":true}]}}