{"id":4989,"date":"2023-03-02T09:45:12","date_gmt":"2023-03-02T09:45:12","guid":{"rendered":"https:\/\/masterchem.es\/?post_type=product&#038;p=4989"},"modified":"2024-11-20T19:38:59","modified_gmt":"2024-11-20T19:38:59","slug":"wasserstoffperoxid-50-cas-7722-84-1","status":"publish","type":"product","link":"https:\/\/masterchem.es\/de\/produkt\/wasserstoffperoxid-50-cas-7722-84-1\/","title":{"rendered":"Wasserstoffperoxid 50 % (CAS 7722-84-1)"},"content":{"rendered":"<p>Wasserstoffperoxid 50 %<br \/>\n\u2013 farblose Fl\u00fcssigkeit mit metallischem Geschmack, leicht l\u00f6slich in Wasser, Alkohol und \u00c4ther<\/p>\n<p><strong>Anwendung<\/strong><\/p>\n<p>-Wasserstoffperoxid wird zu einem hervorragenden Mittel zur Desinfektion von Wasser in Schwimmb\u00e4dern, um Algen und Wasserbl\u00fcten zu bek\u00e4mpfen<br \/>\n-wird als wirksames Bleichmittel f\u00fcr Baumwolle, Wolle, Textilien, Pelze, Papier, k\u00fcnstliche und synthetische Fasern in der Textil-, Zellstoff- und Papier- und Leichtindustrie eingesetzt<br \/>\n-F\u00e4hig zur spontanen Zersetzung in Wasser und Sauerstoff, mischt sich in jedem Verh\u00e4ltnis mit Wasser. \u2013 Eigenschaften als Antiseptikum, Blutstillungsmittel und Desinfektionsmittel erm\u00f6glichen den Einsatz in der Kosmetik-, Elektronik-, Lebensmittel-, Pharma-, Medizin- und anderen Industrien. In der Medizin werden sie haupts\u00e4chlich zur Heilung von Wunden und Kratzern eingesetzt. \u2013 Die Lebensmittelindustrie wird zur Desinfektion von Ger\u00e4ten verwendet.<\/p>\n<p><strong>Physikalische Eigenschaften<\/strong><br \/>\nFl\u00fcssig<br \/>\nMolmasse 34,01 g \/ mol<br \/>\nDichte 1,4 g \/ cm3<br \/>\nSchmelzpunkt -0,432 \u0421<br \/>\nSiedepunkt 150,2 C<\/p>\n<p><strong>Lagerung<\/strong><br \/>\nBei der Arbeit mit Wasserstoffperoxid m\u00fcssen Sicherheitsma\u00dfnahmen beachtet werden, unbedingt Schutzausr\u00fcstung tragen \u2013 Maske, Gummihandschuhe und Schutzbrille. Es sollte daran erinnert werden, dass Wasserstoffperoxid brandgef\u00e4hrlich und ein starkes Oxidationsmittel ist. Wasserstoffperoxid 50 % sollte in einem geschlossenen Lager gelagert werden, das vor Feuchtigkeit und Sonnenlicht gesch\u00fctzt ist.<\/p>\n","protected":false},"excerpt":{"rendered":"<p><a class=\"download-doc-button-danger\" href=\"https:\/\/masterchem.ee\/wp-content\/uploads\/2024\/11\/Nouded-kliendiandmetele-lohkeainete-ostmisel-ee.docx\"><img decoding=\"async\" src=\"https:\/\/masterchem.ee\/wp-content\/uploads\/2024\/11\/doc-icon.png\">N\u00f5uded kliendiandmetele l\u00f5hkeainete ostmisel (doc)<\/a><br \/>\n<label class=\"buy-buttton-guard-label\"><input type=\"checkbox\" class=\"buy-buttton-guard\" data-default=\"In den Warenkorb\" data-notificaion=\"Das Formular muss ausgef\u00fcllt werden\"> &#8211; Ich habe das Formular ausgef\u00fcllt und an <\/label> <a href=\"mailto:info@masterchem.ee\">info@masterchem.ee<\/a><\/p>\n","protected":false},"featured_media":5022,"template":"","meta":[],"product_brand":[],"product_cat":[132,123,86,89],"product_tag":[],"class_list":{"0":"post-4989","1":"product","2":"type-product","3":"status-publish","4":"has-post-thumbnail","6":"product_cat-dungemittel","7":"product_cat-nahrungsmittelindustrie","8":"product_cat-nicht-kategorisiert","9":"product_cat-pharmazeutische-produkte","11":"first","12":"instock","13":"taxable","14":"shipping-taxable","15":"purchasable","16":"product-type-variable","17":"has-default-attributes"},"yoast_head":"<!-- This site is optimized with the Yoast SEO plugin v27.5 - https:\/\/yoast.com\/product\/yoast-seo-wordpress\/ -->\n<title>Wasserstoffperoxid 50 % (CAS 7722-84-1) - MasterChem<\/title>\n<meta name=\"description\" content=\"Wasserstoffperoxid wird zu einem hervorragenden Mittel zur Desinfektion von Wasser in Schwimmb\u00e4dern, um Algen und Wasserbl\u00fcten zu bek\u00e4mpfen\" \/>\n<meta name=\"robots\" content=\"index, follow, max-snippet:-1, max-image-preview:large, max-video-preview:-1\" \/>\n<link rel=\"canonical\" href=\"https:\/\/masterchem.es\/de\/produkt\/wasserstoffperoxid-50-cas-7722-84-1\/\" \/>\n<meta property=\"og:locale\" content=\"de_DE\" \/>\n<meta property=\"og:type\" content=\"article\" \/>\n<meta property=\"og:title\" content=\"Wasserstoffperoxid 50 % (CAS 7722-84-1) - MasterChem\" \/>\n<meta property=\"og:description\" content=\"Wasserstoffperoxid wird zu einem hervorragenden Mittel zur Desinfektion von Wasser in Schwimmb\u00e4dern, um Algen und Wasserbl\u00fcten zu bek\u00e4mpfen\" \/>\n<meta property=\"og:url\" content=\"https:\/\/masterchem.es\/de\/produkt\/wasserstoffperoxid-50-cas-7722-84-1\/\" \/>\n<meta property=\"og:site_name\" content=\"MasterChem\" \/>\n<meta property=\"article:modified_time\" content=\"2024-11-20T19:38:59+00:00\" \/>\n<meta property=\"og:image\" content=\"https:\/\/masterchem.es\/wp-content\/uploads\/2023\/03\/Peroxido-de-hidrogeno-al-50-CAS-7722-84-1-1000l-MasterChem.jpg\" \/>\n\t<meta property=\"og:image:width\" content=\"1000\" \/>\n\t<meta property=\"og:image:height\" content=\"1000\" \/>\n\t<meta property=\"og:image:type\" content=\"image\/jpeg\" \/>\n<meta name=\"twitter:card\" content=\"summary_large_image\" \/>\n<meta name=\"twitter:label1\" content=\"Gesch\u00e4tzte Lesezeit\" \/>\n\t<meta name=\"twitter:data1\" content=\"1 Minute\" \/>\n<script type=\"application\/ld+json\" class=\"yoast-schema-graph\">{\"@context\":\"https:\\\/\\\/schema.org\",\"@graph\":[{\"@type\":\"WebPage\",\"@id\":\"https:\\\/\\\/masterchem.es\\\/de\\\/produkt\\\/wasserstoffperoxid-50-cas-7722-84-1\\\/\",\"url\":\"https:\\\/\\\/masterchem.es\\\/de\\\/produkt\\\/wasserstoffperoxid-50-cas-7722-84-1\\\/\",\"name\":\"Wasserstoffperoxid 50 % (CAS 7722-84-1) - MasterChem\",\"isPartOf\":{\"@id\":\"https:\\\/\\\/masterchem.es\\\/de\\\/#website\"},\"primaryImageOfPage\":{\"@id\":\"https:\\\/\\\/masterchem.es\\\/de\\\/produkt\\\/wasserstoffperoxid-50-cas-7722-84-1\\\/#primaryimage\"},\"image\":{\"@id\":\"https:\\\/\\\/masterchem.es\\\/de\\\/produkt\\\/wasserstoffperoxid-50-cas-7722-84-1\\\/#primaryimage\"},\"thumbnailUrl\":\"https:\\\/\\\/masterchem.es\\\/wp-content\\\/uploads\\\/2023\\\/03\\\/Peroxido-de-hidrogeno-al-50-CAS-7722-84-1-1000l-MasterChem.jpg\",\"datePublished\":\"2023-03-02T09:45:12+00:00\",\"dateModified\":\"2024-11-20T19:38:59+00:00\",\"description\":\"Wasserstoffperoxid wird zu einem hervorragenden Mittel zur Desinfektion von Wasser in Schwimmb\u00e4dern, um Algen und Wasserbl\u00fcten zu bek\u00e4mpfen\",\"breadcrumb\":{\"@id\":\"https:\\\/\\\/masterchem.es\\\/de\\\/produkt\\\/wasserstoffperoxid-50-cas-7722-84-1\\\/#breadcrumb\"},\"inLanguage\":\"de-DE\",\"potentialAction\":[{\"@type\":\"ReadAction\",\"target\":[\"https:\\\/\\\/masterchem.es\\\/de\\\/produkt\\\/wasserstoffperoxid-50-cas-7722-84-1\\\/\"]}]},{\"@type\":\"ImageObject\",\"inLanguage\":\"de-DE\",\"@id\":\"https:\\\/\\\/masterchem.es\\\/de\\\/produkt\\\/wasserstoffperoxid-50-cas-7722-84-1\\\/#primaryimage\",\"url\":\"https:\\\/\\\/masterchem.es\\\/wp-content\\\/uploads\\\/2023\\\/03\\\/Peroxido-de-hidrogeno-al-50-CAS-7722-84-1-1000l-MasterChem.jpg\",\"contentUrl\":\"https:\\\/\\\/masterchem.es\\\/wp-content\\\/uploads\\\/2023\\\/03\\\/Peroxido-de-hidrogeno-al-50-CAS-7722-84-1-1000l-MasterChem.jpg\",\"width\":1000,\"height\":1000},{\"@type\":\"BreadcrumbList\",\"@id\":\"https:\\\/\\\/masterchem.es\\\/de\\\/produkt\\\/wasserstoffperoxid-50-cas-7722-84-1\\\/#breadcrumb\",\"itemListElement\":[{\"@type\":\"ListItem\",\"position\":1,\"name\":\"Home\",\"item\":\"https:\\\/\\\/masterchem.es\\\/de\\\/\"},{\"@type\":\"ListItem\",\"position\":2,\"name\":\"Tienda\",\"item\":\"https:\\\/\\\/masterchem.es\\\/tienda\\\/\"},{\"@type\":\"ListItem\",\"position\":3,\"name\":\"Wasserstoffperoxid 50 % (CAS 7722-84-1)\"}]},{\"@type\":\"WebSite\",\"@id\":\"https:\\\/\\\/masterchem.es\\\/de\\\/#website\",\"url\":\"https:\\\/\\\/masterchem.es\\\/de\\\/\",\"name\":\"MasterChem\",\"description\":\"proveedor de productos qu&iacute;micos\",\"potentialAction\":[{\"@type\":\"SearchAction\",\"target\":{\"@type\":\"EntryPoint\",\"urlTemplate\":\"https:\\\/\\\/masterchem.es\\\/de\\\/?s={search_term_string}\"},\"query-input\":{\"@type\":\"PropertyValueSpecification\",\"valueRequired\":true,\"valueName\":\"search_term_string\"}}],\"inLanguage\":\"de-DE\"}]}<\/script>\n<!-- \/ Yoast SEO plugin. -->","yoast_head_json":{"title":"Wasserstoffperoxid 50 % (CAS 7722-84-1) - MasterChem","description":"Wasserstoffperoxid wird zu einem hervorragenden Mittel zur Desinfektion von Wasser in Schwimmb\u00e4dern, um Algen und Wasserbl\u00fcten zu bek\u00e4mpfen","robots":{"index":"index","follow":"follow","max-snippet":"max-snippet:-1","max-image-preview":"max-image-preview:large","max-video-preview":"max-video-preview:-1"},"canonical":"https:\/\/masterchem.es\/de\/produkt\/wasserstoffperoxid-50-cas-7722-84-1\/","og_locale":"de_DE","og_type":"article","og_title":"Wasserstoffperoxid 50 % (CAS 7722-84-1) - MasterChem","og_description":"Wasserstoffperoxid wird zu einem hervorragenden Mittel zur Desinfektion von Wasser in Schwimmb\u00e4dern, um Algen und Wasserbl\u00fcten zu bek\u00e4mpfen","og_url":"https:\/\/masterchem.es\/de\/produkt\/wasserstoffperoxid-50-cas-7722-84-1\/","og_site_name":"MasterChem","article_modified_time":"2024-11-20T19:38:59+00:00","og_image":[{"width":1000,"height":1000,"url":"https:\/\/masterchem.es\/wp-content\/uploads\/2023\/03\/Peroxido-de-hidrogeno-al-50-CAS-7722-84-1-1000l-MasterChem.jpg","type":"image\/jpeg"}],"twitter_card":"summary_large_image","twitter_misc":{"Gesch\u00e4tzte Lesezeit":"1 Minute"},"schema":{"@context":"https:\/\/schema.org","@graph":[{"@type":"WebPage","@id":"https:\/\/masterchem.es\/de\/produkt\/wasserstoffperoxid-50-cas-7722-84-1\/","url":"https:\/\/masterchem.es\/de\/produkt\/wasserstoffperoxid-50-cas-7722-84-1\/","name":"Wasserstoffperoxid 50 % (CAS 7722-84-1) - MasterChem","isPartOf":{"@id":"https:\/\/masterchem.es\/de\/#website"},"primaryImageOfPage":{"@id":"https:\/\/masterchem.es\/de\/produkt\/wasserstoffperoxid-50-cas-7722-84-1\/#primaryimage"},"image":{"@id":"https:\/\/masterchem.es\/de\/produkt\/wasserstoffperoxid-50-cas-7722-84-1\/#primaryimage"},"thumbnailUrl":"https:\/\/masterchem.es\/wp-content\/uploads\/2023\/03\/Peroxido-de-hidrogeno-al-50-CAS-7722-84-1-1000l-MasterChem.jpg","datePublished":"2023-03-02T09:45:12+00:00","dateModified":"2024-11-20T19:38:59+00:00","description":"Wasserstoffperoxid wird zu einem hervorragenden Mittel zur Desinfektion von Wasser in Schwimmb\u00e4dern, um Algen und Wasserbl\u00fcten zu bek\u00e4mpfen","breadcrumb":{"@id":"https:\/\/masterchem.es\/de\/produkt\/wasserstoffperoxid-50-cas-7722-84-1\/#breadcrumb"},"inLanguage":"de-DE","potentialAction":[{"@type":"ReadAction","target":["https:\/\/masterchem.es\/de\/produkt\/wasserstoffperoxid-50-cas-7722-84-1\/"]}]},{"@type":"ImageObject","inLanguage":"de-DE","@id":"https:\/\/masterchem.es\/de\/produkt\/wasserstoffperoxid-50-cas-7722-84-1\/#primaryimage","url":"https:\/\/masterchem.es\/wp-content\/uploads\/2023\/03\/Peroxido-de-hidrogeno-al-50-CAS-7722-84-1-1000l-MasterChem.jpg","contentUrl":"https:\/\/masterchem.es\/wp-content\/uploads\/2023\/03\/Peroxido-de-hidrogeno-al-50-CAS-7722-84-1-1000l-MasterChem.jpg","width":1000,"height":1000},{"@type":"BreadcrumbList","@id":"https:\/\/masterchem.es\/de\/produkt\/wasserstoffperoxid-50-cas-7722-84-1\/#breadcrumb","itemListElement":[{"@type":"ListItem","position":1,"name":"Home","item":"https:\/\/masterchem.es\/de\/"},{"@type":"ListItem","position":2,"name":"Tienda","item":"https:\/\/masterchem.es\/tienda\/"},{"@type":"ListItem","position":3,"name":"Wasserstoffperoxid 50 % (CAS 7722-84-1)"}]},{"@type":"WebSite","@id":"https:\/\/masterchem.es\/de\/#website","url":"https:\/\/masterchem.es\/de\/","name":"MasterChem","description":"proveedor de productos qu&iacute;micos","potentialAction":[{"@type":"SearchAction","target":{"@type":"EntryPoint","urlTemplate":"https:\/\/masterchem.es\/de\/?s={search_term_string}"},"query-input":{"@type":"PropertyValueSpecification","valueRequired":true,"valueName":"search_term_string"}}],"inLanguage":"de-DE"}]}},"_links":{"self":[{"href":"https:\/\/masterchem.es\/de\/wp-json\/wp\/v2\/product\/4989","targetHints":{"allow":["GET"]}}],"collection":[{"href":"https:\/\/masterchem.es\/de\/wp-json\/wp\/v2\/product"}],"about":[{"href":"https:\/\/masterchem.es\/de\/wp-json\/wp\/v2\/types\/product"}],"wp:featuredmedia":[{"embeddable":true,"href":"https:\/\/masterchem.es\/de\/wp-json\/wp\/v2\/media\/5022"}],"wp:attachment":[{"href":"https:\/\/masterchem.es\/de\/wp-json\/wp\/v2\/media?parent=4989"}],"wp:term":[{"taxonomy":"product_brand","embeddable":true,"href":"https:\/\/masterchem.es\/de\/wp-json\/wp\/v2\/product_brand?post=4989"},{"taxonomy":"product_cat","embeddable":true,"href":"https:\/\/masterchem.es\/de\/wp-json\/wp\/v2\/product_cat?post=4989"},{"taxonomy":"product_tag","embeddable":true,"href":"https:\/\/masterchem.es\/de\/wp-json\/wp\/v2\/product_tag?post=4989"}],"curies":[{"name":"wp","href":"https:\/\/api.w.org\/{rel}","templated":true}]}}