{"id":5045,"date":"2023-03-02T11:52:40","date_gmt":"2023-03-02T11:52:40","guid":{"rendered":"https:\/\/masterchem.es\/?post_type=product&#038;p=5045"},"modified":"2023-03-02T12:11:03","modified_gmt":"2023-03-02T12:11:03","slug":"verdunner-a-5010-cas-1330-20-7","status":"publish","type":"product","link":"https:\/\/masterchem.es\/de\/produkt\/verdunner-a-5010-cas-1330-20-7\/","title":{"rendered":"Verd\u00fcnner A-5010 (CAS 1330-20-7)"},"content":{"rendered":"<p><strong>Anwendung und Verwendung:<\/strong><br \/>\n* Verwendet als Verd\u00fcnner und L\u00f6sungsmittel f\u00fcr Alkydand-Epoxy-Farben, Grundierungen, Lacke, Tinten, Lacke, Epoxidharze.<br \/>\n* Wird als L\u00f6sungsmittel zum Entfernen von Flecken aus getrockneten Alkydfarben und Klebstoffen auf verschiedenen Oberfl\u00e4chen verwendet, darunter Fliesen, Laminate, Kunststoffe, PVC und andere. Oberfl\u00e4chen.<br \/>\n* Zur Reinigung von Arbeitswerkzeugen und Ger\u00e4ten.<\/p>\n<p><strong>Physikalische Eigenschaften:<\/strong><br \/>\nDichte und Phase: 0,864 g\/ml, fl\u00fcssig<br \/>\nThermische Eigenschaften<br \/>\nTemperatur<br \/>\nSchmelzpunkt: \u201347,4 \u00b0C<br \/>\nSiedepunkt: 138,5 \u00b0C<br \/>\nFlammpunkt: 30 \u00b0C<\/p>\n<p>CAS-Nr.: 1330-20-7<br \/>\nEG-\/Listen-Nr.: 215-535-7<\/p>\n","protected":false},"excerpt":{"rendered":"<p>Verd\u00fcnnung A-5010 \u2013 L\u00f6sungsmittel f\u00fcr Farben, Grundierungen, Lacke und Beschichtungen auf Alkyd- und Epoxidbasis. Es ist ein speziell aufbereitetes Mehrkomponentengemisch aus organischen L\u00f6semitteln auf Basis von Xylol.<br \/>\nDer Verd\u00fcnner A-5010 wird bei der Synthese von Farbstoffen sowie einer Fl\u00fcssigkeit verwendet, die zum Aufl\u00f6sen von Epoxidharz, Farben auf Basis von Glythalharzen und Bitumenlacken geeignet ist. Farbe mit Verd\u00fcnnung A-5010 trocknet l\u00e4nger, gl\u00e4nzt aber besser.<br \/>\nVerd\u00fcnner A-5010 ist ein garantiert bestes Ergebnis, bewiesen durch langj\u00e4hrige Berufserfahrung.<br \/>\nDer Verd\u00fcnner A-5010 eignet sich am besten zum Verd\u00fcnnen aller Arten von Alkydfarben, Lacken und Grundierungen auf Arbeitsviskosit\u00e4t, zum Entfetten der Oberfl\u00e4che vor dem Lackieren und zum Reinigen von Werkzeugen nach der Arbeit.<\/p>\n","protected":false},"featured_media":5081,"template":"","meta":[],"product_brand":[],"product_cat":[78,84,126,86],"product_tag":[],"class_list":{"0":"post-5045","1":"product","2":"type-product","3":"status-publish","4":"has-post-thumbnail","6":"product_cat-automobilchemie","7":"product_cat-bausektor","8":"product_cat-industrielle-chemikalien","9":"product_cat-nicht-kategorisiert","11":"first","12":"instock","13":"taxable","14":"shipping-taxable","15":"purchasable","16":"product-type-variable","17":"has-default-attributes"},"yoast_head":"<!-- This site is optimized with the Yoast SEO plugin v27.5 - https:\/\/yoast.com\/product\/yoast-seo-wordpress\/ -->\n<title>Verd\u00fcnner A-5010 (CAS 1330-20-7) - MasterChem<\/title>\n<meta name=\"description\" content=\"Verd\u00fcnnung A-5010 \u2013 L\u00f6sungsmittel f\u00fcr Farben, Grundierungen, Lacke und Beschichtungen auf Alkyd- und Epoxidbasis. Es ist ein speziell aufbereitetes Mehrkomponentengemisch aus organischen L\u00f6semitteln auf Basis von Xylol.\" \/>\n<meta name=\"robots\" content=\"index, follow, max-snippet:-1, max-image-preview:large, max-video-preview:-1\" \/>\n<link rel=\"canonical\" href=\"https:\/\/masterchem.es\/de\/produkt\/verdunner-a-5010-cas-1330-20-7\/\" \/>\n<meta property=\"og:locale\" content=\"de_DE\" \/>\n<meta property=\"og:type\" content=\"article\" \/>\n<meta property=\"og:title\" content=\"Verd\u00fcnner A-5010 (CAS 1330-20-7) - MasterChem\" \/>\n<meta property=\"og:description\" content=\"Verd\u00fcnnung A-5010 \u2013 L\u00f6sungsmittel f\u00fcr Farben, Grundierungen, Lacke und Beschichtungen auf Alkyd- und Epoxidbasis. Es ist ein speziell aufbereitetes Mehrkomponentengemisch aus organischen L\u00f6semitteln auf Basis von Xylol.\" \/>\n<meta property=\"og:url\" content=\"https:\/\/masterchem.es\/de\/produkt\/verdunner-a-5010-cas-1330-20-7\/\" \/>\n<meta property=\"og:site_name\" content=\"MasterChem\" \/>\n<meta property=\"article:modified_time\" content=\"2023-03-02T12:11:03+00:00\" \/>\n<meta property=\"og:image\" content=\"https:\/\/masterchem.es\/wp-content\/uploads\/2023\/03\/Disolvente-A-5010-CAS-1330-20-7-1000l-MaterChem.jpg\" \/>\n\t<meta property=\"og:image:width\" content=\"1000\" \/>\n\t<meta property=\"og:image:height\" content=\"1000\" \/>\n\t<meta property=\"og:image:type\" content=\"image\/jpeg\" \/>\n<meta name=\"twitter:card\" content=\"summary_large_image\" \/>\n<script type=\"application\/ld+json\" class=\"yoast-schema-graph\">{\"@context\":\"https:\\\/\\\/schema.org\",\"@graph\":[{\"@type\":\"WebPage\",\"@id\":\"https:\\\/\\\/masterchem.es\\\/de\\\/produkt\\\/verdunner-a-5010-cas-1330-20-7\\\/\",\"url\":\"https:\\\/\\\/masterchem.es\\\/de\\\/produkt\\\/verdunner-a-5010-cas-1330-20-7\\\/\",\"name\":\"Verd\u00fcnner A-5010 (CAS 1330-20-7) - MasterChem\",\"isPartOf\":{\"@id\":\"https:\\\/\\\/masterchem.es\\\/de\\\/#website\"},\"primaryImageOfPage\":{\"@id\":\"https:\\\/\\\/masterchem.es\\\/de\\\/produkt\\\/verdunner-a-5010-cas-1330-20-7\\\/#primaryimage\"},\"image\":{\"@id\":\"https:\\\/\\\/masterchem.es\\\/de\\\/produkt\\\/verdunner-a-5010-cas-1330-20-7\\\/#primaryimage\"},\"thumbnailUrl\":\"https:\\\/\\\/masterchem.es\\\/wp-content\\\/uploads\\\/2023\\\/03\\\/Disolvente-A-5010-CAS-1330-20-7-1000l-MaterChem.jpg\",\"datePublished\":\"2023-03-02T11:52:40+00:00\",\"dateModified\":\"2023-03-02T12:11:03+00:00\",\"description\":\"Verd\u00fcnnung A-5010 \u2013 L\u00f6sungsmittel f\u00fcr Farben, Grundierungen, Lacke und Beschichtungen auf Alkyd- und Epoxidbasis. Es ist ein speziell aufbereitetes Mehrkomponentengemisch aus organischen L\u00f6semitteln auf Basis von Xylol.\",\"breadcrumb\":{\"@id\":\"https:\\\/\\\/masterchem.es\\\/de\\\/produkt\\\/verdunner-a-5010-cas-1330-20-7\\\/#breadcrumb\"},\"inLanguage\":\"de-DE\",\"potentialAction\":[{\"@type\":\"ReadAction\",\"target\":[\"https:\\\/\\\/masterchem.es\\\/de\\\/produkt\\\/verdunner-a-5010-cas-1330-20-7\\\/\"]}]},{\"@type\":\"ImageObject\",\"inLanguage\":\"de-DE\",\"@id\":\"https:\\\/\\\/masterchem.es\\\/de\\\/produkt\\\/verdunner-a-5010-cas-1330-20-7\\\/#primaryimage\",\"url\":\"https:\\\/\\\/masterchem.es\\\/wp-content\\\/uploads\\\/2023\\\/03\\\/Disolvente-A-5010-CAS-1330-20-7-1000l-MaterChem.jpg\",\"contentUrl\":\"https:\\\/\\\/masterchem.es\\\/wp-content\\\/uploads\\\/2023\\\/03\\\/Disolvente-A-5010-CAS-1330-20-7-1000l-MaterChem.jpg\",\"width\":1000,\"height\":1000},{\"@type\":\"BreadcrumbList\",\"@id\":\"https:\\\/\\\/masterchem.es\\\/de\\\/produkt\\\/verdunner-a-5010-cas-1330-20-7\\\/#breadcrumb\",\"itemListElement\":[{\"@type\":\"ListItem\",\"position\":1,\"name\":\"Home\",\"item\":\"https:\\\/\\\/masterchem.es\\\/de\\\/\"},{\"@type\":\"ListItem\",\"position\":2,\"name\":\"Tienda\",\"item\":\"https:\\\/\\\/masterchem.es\\\/tienda\\\/\"},{\"@type\":\"ListItem\",\"position\":3,\"name\":\"Verd\u00fcnner A-5010 (CAS 1330-20-7)\"}]},{\"@type\":\"WebSite\",\"@id\":\"https:\\\/\\\/masterchem.es\\\/de\\\/#website\",\"url\":\"https:\\\/\\\/masterchem.es\\\/de\\\/\",\"name\":\"MasterChem\",\"description\":\"proveedor de productos qu&iacute;micos\",\"potentialAction\":[{\"@type\":\"SearchAction\",\"target\":{\"@type\":\"EntryPoint\",\"urlTemplate\":\"https:\\\/\\\/masterchem.es\\\/de\\\/?s={search_term_string}\"},\"query-input\":{\"@type\":\"PropertyValueSpecification\",\"valueRequired\":true,\"valueName\":\"search_term_string\"}}],\"inLanguage\":\"de-DE\"}]}<\/script>\n<!-- \/ Yoast SEO plugin. -->","yoast_head_json":{"title":"Verd\u00fcnner A-5010 (CAS 1330-20-7) - MasterChem","description":"Verd\u00fcnnung A-5010 \u2013 L\u00f6sungsmittel f\u00fcr Farben, Grundierungen, Lacke und Beschichtungen auf Alkyd- und Epoxidbasis. Es ist ein speziell aufbereitetes Mehrkomponentengemisch aus organischen L\u00f6semitteln auf Basis von Xylol.","robots":{"index":"index","follow":"follow","max-snippet":"max-snippet:-1","max-image-preview":"max-image-preview:large","max-video-preview":"max-video-preview:-1"},"canonical":"https:\/\/masterchem.es\/de\/produkt\/verdunner-a-5010-cas-1330-20-7\/","og_locale":"de_DE","og_type":"article","og_title":"Verd\u00fcnner A-5010 (CAS 1330-20-7) - MasterChem","og_description":"Verd\u00fcnnung A-5010 \u2013 L\u00f6sungsmittel f\u00fcr Farben, Grundierungen, Lacke und Beschichtungen auf Alkyd- und Epoxidbasis. Es ist ein speziell aufbereitetes Mehrkomponentengemisch aus organischen L\u00f6semitteln auf Basis von Xylol.","og_url":"https:\/\/masterchem.es\/de\/produkt\/verdunner-a-5010-cas-1330-20-7\/","og_site_name":"MasterChem","article_modified_time":"2023-03-02T12:11:03+00:00","og_image":[{"width":1000,"height":1000,"url":"https:\/\/masterchem.es\/wp-content\/uploads\/2023\/03\/Disolvente-A-5010-CAS-1330-20-7-1000l-MaterChem.jpg","type":"image\/jpeg"}],"twitter_card":"summary_large_image","schema":{"@context":"https:\/\/schema.org","@graph":[{"@type":"WebPage","@id":"https:\/\/masterchem.es\/de\/produkt\/verdunner-a-5010-cas-1330-20-7\/","url":"https:\/\/masterchem.es\/de\/produkt\/verdunner-a-5010-cas-1330-20-7\/","name":"Verd\u00fcnner A-5010 (CAS 1330-20-7) - MasterChem","isPartOf":{"@id":"https:\/\/masterchem.es\/de\/#website"},"primaryImageOfPage":{"@id":"https:\/\/masterchem.es\/de\/produkt\/verdunner-a-5010-cas-1330-20-7\/#primaryimage"},"image":{"@id":"https:\/\/masterchem.es\/de\/produkt\/verdunner-a-5010-cas-1330-20-7\/#primaryimage"},"thumbnailUrl":"https:\/\/masterchem.es\/wp-content\/uploads\/2023\/03\/Disolvente-A-5010-CAS-1330-20-7-1000l-MaterChem.jpg","datePublished":"2023-03-02T11:52:40+00:00","dateModified":"2023-03-02T12:11:03+00:00","description":"Verd\u00fcnnung A-5010 \u2013 L\u00f6sungsmittel f\u00fcr Farben, Grundierungen, Lacke und Beschichtungen auf Alkyd- und Epoxidbasis. Es ist ein speziell aufbereitetes Mehrkomponentengemisch aus organischen L\u00f6semitteln auf Basis von Xylol.","breadcrumb":{"@id":"https:\/\/masterchem.es\/de\/produkt\/verdunner-a-5010-cas-1330-20-7\/#breadcrumb"},"inLanguage":"de-DE","potentialAction":[{"@type":"ReadAction","target":["https:\/\/masterchem.es\/de\/produkt\/verdunner-a-5010-cas-1330-20-7\/"]}]},{"@type":"ImageObject","inLanguage":"de-DE","@id":"https:\/\/masterchem.es\/de\/produkt\/verdunner-a-5010-cas-1330-20-7\/#primaryimage","url":"https:\/\/masterchem.es\/wp-content\/uploads\/2023\/03\/Disolvente-A-5010-CAS-1330-20-7-1000l-MaterChem.jpg","contentUrl":"https:\/\/masterchem.es\/wp-content\/uploads\/2023\/03\/Disolvente-A-5010-CAS-1330-20-7-1000l-MaterChem.jpg","width":1000,"height":1000},{"@type":"BreadcrumbList","@id":"https:\/\/masterchem.es\/de\/produkt\/verdunner-a-5010-cas-1330-20-7\/#breadcrumb","itemListElement":[{"@type":"ListItem","position":1,"name":"Home","item":"https:\/\/masterchem.es\/de\/"},{"@type":"ListItem","position":2,"name":"Tienda","item":"https:\/\/masterchem.es\/tienda\/"},{"@type":"ListItem","position":3,"name":"Verd\u00fcnner A-5010 (CAS 1330-20-7)"}]},{"@type":"WebSite","@id":"https:\/\/masterchem.es\/de\/#website","url":"https:\/\/masterchem.es\/de\/","name":"MasterChem","description":"proveedor de productos qu&iacute;micos","potentialAction":[{"@type":"SearchAction","target":{"@type":"EntryPoint","urlTemplate":"https:\/\/masterchem.es\/de\/?s={search_term_string}"},"query-input":{"@type":"PropertyValueSpecification","valueRequired":true,"valueName":"search_term_string"}}],"inLanguage":"de-DE"}]}},"_links":{"self":[{"href":"https:\/\/masterchem.es\/de\/wp-json\/wp\/v2\/product\/5045","targetHints":{"allow":["GET"]}}],"collection":[{"href":"https:\/\/masterchem.es\/de\/wp-json\/wp\/v2\/product"}],"about":[{"href":"https:\/\/masterchem.es\/de\/wp-json\/wp\/v2\/types\/product"}],"wp:featuredmedia":[{"embeddable":true,"href":"https:\/\/masterchem.es\/de\/wp-json\/wp\/v2\/media\/5081"}],"wp:attachment":[{"href":"https:\/\/masterchem.es\/de\/wp-json\/wp\/v2\/media?parent=5045"}],"wp:term":[{"taxonomy":"product_brand","embeddable":true,"href":"https:\/\/masterchem.es\/de\/wp-json\/wp\/v2\/product_brand?post=5045"},{"taxonomy":"product_cat","embeddable":true,"href":"https:\/\/masterchem.es\/de\/wp-json\/wp\/v2\/product_cat?post=5045"},{"taxonomy":"product_tag","embeddable":true,"href":"https:\/\/masterchem.es\/de\/wp-json\/wp\/v2\/product_tag?post=5045"}],"curies":[{"name":"wp","href":"https:\/\/api.w.org\/{rel}","templated":true}]}}