{"id":5163,"date":"2023-03-02T13:51:16","date_gmt":"2023-03-02T13:51:16","guid":{"rendered":"https:\/\/masterchem.es\/?post_type=product&#038;p=5163"},"modified":"2023-03-02T14:12:31","modified_gmt":"2023-03-02T14:12:31","slug":"losungsmittel-rt-6006-losungsmittel-fur-die-herstellung-von-gummiprodukten","status":"publish","type":"product","link":"https:\/\/masterchem.es\/de\/produkt\/losungsmittel-rt-6006-losungsmittel-fur-die-herstellung-von-gummiprodukten\/","title":{"rendered":"L\u00f6sungsmittel RT-6006: L\u00f6sungsmittel f\u00fcr die Herstellung von Gummiprodukten"},"content":{"rendered":"<p><strong>Lagerung:<\/strong><br \/>\nStrikt im Beh\u00e4lter des Herstellers aufbewahren, Deckel auf.<\/p>\n<p><strong>Physikalische Eigenschaften:<\/strong><br \/>\nDichte: 0,76 g \/ m3<br \/>\nVerdampfungstemperatur: 80-120 \u00b0C<br \/>\nBlitztemperatur: -17 \u00b0 C<br \/>\nSelbstentz\u00fcndungstemperatur \u2013 270 \u00b0 C.<\/p>\n","protected":false},"excerpt":{"rendered":"<p>Solvent RT-6006 \u2013 is a solvent for the production of rubber products. Produced on the basis of light fractions of dearomatized straight distillation gasoline of low-sulfur petroleum products.<br \/>\nSolvent RT-6006 belongs to the 4th hazard class (low hazard).<br \/>\nApplication and usage:<br \/>\nTHINNER RT-6006 is used in the rubber industry, for the production of pipes and belts; for the preparation of rubber adhesives, and various mastics, printing inks.<br \/>\nFor dissolving and bringing paints and varnishes to a working consistency.<br \/>\nSolvent RT-6006 is also used to degrease fabrics and leather, degrease electrical equipment, surfaces (before painting and not only), washing bearings, fittings before conservation, making special quick-drying oil paints, electrical insulating varnishes, diluting oil, bitumen and ethylene paints and varnishes, epoxy resins, removing small grease and oil stains from all types of fabric; Recommended as fuel for gasoline blowtorches. In addition, it is possible to use this type of gasoline as a fuel for catalytic heating pads, it also finds application in organic chemistry and is most often used in the repair of automatic transmissions, engines and other aggregate units. Indispensable in the optical industry<br \/>\nSolvent RT-6006 Also used for washing parts and fittings before conservation, in the production of artificial furs; in the production of paints and varnishes; for extracting rosin from wood<\/p>\n","protected":false},"featured_media":5199,"template":"","meta":[],"product_brand":[],"product_cat":[78,86],"product_tag":[],"class_list":{"0":"post-5163","1":"product","2":"type-product","3":"status-publish","4":"has-post-thumbnail","6":"product_cat-automobilchemie","7":"product_cat-nicht-kategorisiert","9":"first","10":"instock","11":"taxable","12":"shipping-taxable","13":"purchasable","14":"product-type-variable","15":"has-default-attributes"},"yoast_head":"<!-- This site is optimized with the Yoast SEO plugin v27.5 - https:\/\/yoast.com\/product\/yoast-seo-wordpress\/ -->\n<title>L\u00f6sungsmittel RT-6006: L\u00f6sungsmittel f\u00fcr die Herstellung von Gummiprodukten - MasterChem<\/title>\n<meta name=\"description\" content=\"Solvent RT-6006 \u2013 is a solvent for the production of rubber products. Produced on the basis of light fractions of dearomatized straight distillation gasoline of low-sulfur petroleum products.\" \/>\n<meta name=\"robots\" content=\"index, follow, max-snippet:-1, max-image-preview:large, max-video-preview:-1\" \/>\n<link rel=\"canonical\" href=\"https:\/\/masterchem.es\/de\/produkt\/losungsmittel-rt-6006-losungsmittel-fur-die-herstellung-von-gummiprodukten\/\" \/>\n<meta property=\"og:locale\" content=\"de_DE\" \/>\n<meta property=\"og:type\" content=\"article\" \/>\n<meta property=\"og:title\" content=\"L\u00f6sungsmittel RT-6006: L\u00f6sungsmittel f\u00fcr die Herstellung von Gummiprodukten - MasterChem\" \/>\n<meta property=\"og:description\" content=\"Solvent RT-6006 \u2013 is a solvent for the production of rubber products. Produced on the basis of light fractions of dearomatized straight distillation gasoline of low-sulfur petroleum products.\" \/>\n<meta property=\"og:url\" content=\"https:\/\/masterchem.es\/de\/produkt\/losungsmittel-rt-6006-losungsmittel-fur-die-herstellung-von-gummiprodukten\/\" \/>\n<meta property=\"og:site_name\" content=\"MasterChem\" \/>\n<meta property=\"article:modified_time\" content=\"2023-03-02T14:12:31+00:00\" \/>\n<meta property=\"og:image\" content=\"https:\/\/masterchem.es\/wp-content\/uploads\/2023\/03\/Disolvente-RT-6006-1000l-MasterChem.jpg\" \/>\n\t<meta property=\"og:image:width\" content=\"1000\" \/>\n\t<meta property=\"og:image:height\" content=\"1000\" \/>\n\t<meta property=\"og:image:type\" content=\"image\/jpeg\" \/>\n<meta name=\"twitter:card\" content=\"summary_large_image\" \/>\n<script type=\"application\/ld+json\" class=\"yoast-schema-graph\">{\"@context\":\"https:\\\/\\\/schema.org\",\"@graph\":[{\"@type\":\"WebPage\",\"@id\":\"https:\\\/\\\/masterchem.es\\\/de\\\/produkt\\\/losungsmittel-rt-6006-losungsmittel-fur-die-herstellung-von-gummiprodukten\\\/\",\"url\":\"https:\\\/\\\/masterchem.es\\\/de\\\/produkt\\\/losungsmittel-rt-6006-losungsmittel-fur-die-herstellung-von-gummiprodukten\\\/\",\"name\":\"L\u00f6sungsmittel RT-6006: L\u00f6sungsmittel f\u00fcr die Herstellung von Gummiprodukten - MasterChem\",\"isPartOf\":{\"@id\":\"https:\\\/\\\/masterchem.es\\\/de\\\/#website\"},\"primaryImageOfPage\":{\"@id\":\"https:\\\/\\\/masterchem.es\\\/de\\\/produkt\\\/losungsmittel-rt-6006-losungsmittel-fur-die-herstellung-von-gummiprodukten\\\/#primaryimage\"},\"image\":{\"@id\":\"https:\\\/\\\/masterchem.es\\\/de\\\/produkt\\\/losungsmittel-rt-6006-losungsmittel-fur-die-herstellung-von-gummiprodukten\\\/#primaryimage\"},\"thumbnailUrl\":\"https:\\\/\\\/masterchem.es\\\/wp-content\\\/uploads\\\/2023\\\/03\\\/Disolvente-RT-6006-1000l-MasterChem.jpg\",\"datePublished\":\"2023-03-02T13:51:16+00:00\",\"dateModified\":\"2023-03-02T14:12:31+00:00\",\"description\":\"Solvent RT-6006 \u2013 is a solvent for the production of rubber products. Produced on the basis of light fractions of dearomatized straight distillation gasoline of low-sulfur petroleum products.\",\"breadcrumb\":{\"@id\":\"https:\\\/\\\/masterchem.es\\\/de\\\/produkt\\\/losungsmittel-rt-6006-losungsmittel-fur-die-herstellung-von-gummiprodukten\\\/#breadcrumb\"},\"inLanguage\":\"de-DE\",\"potentialAction\":[{\"@type\":\"ReadAction\",\"target\":[\"https:\\\/\\\/masterchem.es\\\/de\\\/produkt\\\/losungsmittel-rt-6006-losungsmittel-fur-die-herstellung-von-gummiprodukten\\\/\"]}]},{\"@type\":\"ImageObject\",\"inLanguage\":\"de-DE\",\"@id\":\"https:\\\/\\\/masterchem.es\\\/de\\\/produkt\\\/losungsmittel-rt-6006-losungsmittel-fur-die-herstellung-von-gummiprodukten\\\/#primaryimage\",\"url\":\"https:\\\/\\\/masterchem.es\\\/wp-content\\\/uploads\\\/2023\\\/03\\\/Disolvente-RT-6006-1000l-MasterChem.jpg\",\"contentUrl\":\"https:\\\/\\\/masterchem.es\\\/wp-content\\\/uploads\\\/2023\\\/03\\\/Disolvente-RT-6006-1000l-MasterChem.jpg\",\"width\":1000,\"height\":1000},{\"@type\":\"BreadcrumbList\",\"@id\":\"https:\\\/\\\/masterchem.es\\\/de\\\/produkt\\\/losungsmittel-rt-6006-losungsmittel-fur-die-herstellung-von-gummiprodukten\\\/#breadcrumb\",\"itemListElement\":[{\"@type\":\"ListItem\",\"position\":1,\"name\":\"Home\",\"item\":\"https:\\\/\\\/masterchem.es\\\/de\\\/\"},{\"@type\":\"ListItem\",\"position\":2,\"name\":\"Tienda\",\"item\":\"https:\\\/\\\/masterchem.es\\\/tienda\\\/\"},{\"@type\":\"ListItem\",\"position\":3,\"name\":\"L\u00f6sungsmittel RT-6006: L\u00f6sungsmittel f\u00fcr die Herstellung von Gummiprodukten\"}]},{\"@type\":\"WebSite\",\"@id\":\"https:\\\/\\\/masterchem.es\\\/de\\\/#website\",\"url\":\"https:\\\/\\\/masterchem.es\\\/de\\\/\",\"name\":\"MasterChem\",\"description\":\"proveedor de productos qu&iacute;micos\",\"potentialAction\":[{\"@type\":\"SearchAction\",\"target\":{\"@type\":\"EntryPoint\",\"urlTemplate\":\"https:\\\/\\\/masterchem.es\\\/de\\\/?s={search_term_string}\"},\"query-input\":{\"@type\":\"PropertyValueSpecification\",\"valueRequired\":true,\"valueName\":\"search_term_string\"}}],\"inLanguage\":\"de-DE\"}]}<\/script>\n<!-- \/ Yoast SEO plugin. -->","yoast_head_json":{"title":"L\u00f6sungsmittel RT-6006: L\u00f6sungsmittel f\u00fcr die Herstellung von Gummiprodukten - MasterChem","description":"Solvent RT-6006 \u2013 is a solvent for the production of rubber products. Produced on the basis of light fractions of dearomatized straight distillation gasoline of low-sulfur petroleum products.","robots":{"index":"index","follow":"follow","max-snippet":"max-snippet:-1","max-image-preview":"max-image-preview:large","max-video-preview":"max-video-preview:-1"},"canonical":"https:\/\/masterchem.es\/de\/produkt\/losungsmittel-rt-6006-losungsmittel-fur-die-herstellung-von-gummiprodukten\/","og_locale":"de_DE","og_type":"article","og_title":"L\u00f6sungsmittel RT-6006: L\u00f6sungsmittel f\u00fcr die Herstellung von Gummiprodukten - MasterChem","og_description":"Solvent RT-6006 \u2013 is a solvent for the production of rubber products. Produced on the basis of light fractions of dearomatized straight distillation gasoline of low-sulfur petroleum products.","og_url":"https:\/\/masterchem.es\/de\/produkt\/losungsmittel-rt-6006-losungsmittel-fur-die-herstellung-von-gummiprodukten\/","og_site_name":"MasterChem","article_modified_time":"2023-03-02T14:12:31+00:00","og_image":[{"width":1000,"height":1000,"url":"https:\/\/masterchem.es\/wp-content\/uploads\/2023\/03\/Disolvente-RT-6006-1000l-MasterChem.jpg","type":"image\/jpeg"}],"twitter_card":"summary_large_image","schema":{"@context":"https:\/\/schema.org","@graph":[{"@type":"WebPage","@id":"https:\/\/masterchem.es\/de\/produkt\/losungsmittel-rt-6006-losungsmittel-fur-die-herstellung-von-gummiprodukten\/","url":"https:\/\/masterchem.es\/de\/produkt\/losungsmittel-rt-6006-losungsmittel-fur-die-herstellung-von-gummiprodukten\/","name":"L\u00f6sungsmittel RT-6006: L\u00f6sungsmittel f\u00fcr die Herstellung von Gummiprodukten - MasterChem","isPartOf":{"@id":"https:\/\/masterchem.es\/de\/#website"},"primaryImageOfPage":{"@id":"https:\/\/masterchem.es\/de\/produkt\/losungsmittel-rt-6006-losungsmittel-fur-die-herstellung-von-gummiprodukten\/#primaryimage"},"image":{"@id":"https:\/\/masterchem.es\/de\/produkt\/losungsmittel-rt-6006-losungsmittel-fur-die-herstellung-von-gummiprodukten\/#primaryimage"},"thumbnailUrl":"https:\/\/masterchem.es\/wp-content\/uploads\/2023\/03\/Disolvente-RT-6006-1000l-MasterChem.jpg","datePublished":"2023-03-02T13:51:16+00:00","dateModified":"2023-03-02T14:12:31+00:00","description":"Solvent RT-6006 \u2013 is a solvent for the production of rubber products. Produced on the basis of light fractions of dearomatized straight distillation gasoline of low-sulfur petroleum products.","breadcrumb":{"@id":"https:\/\/masterchem.es\/de\/produkt\/losungsmittel-rt-6006-losungsmittel-fur-die-herstellung-von-gummiprodukten\/#breadcrumb"},"inLanguage":"de-DE","potentialAction":[{"@type":"ReadAction","target":["https:\/\/masterchem.es\/de\/produkt\/losungsmittel-rt-6006-losungsmittel-fur-die-herstellung-von-gummiprodukten\/"]}]},{"@type":"ImageObject","inLanguage":"de-DE","@id":"https:\/\/masterchem.es\/de\/produkt\/losungsmittel-rt-6006-losungsmittel-fur-die-herstellung-von-gummiprodukten\/#primaryimage","url":"https:\/\/masterchem.es\/wp-content\/uploads\/2023\/03\/Disolvente-RT-6006-1000l-MasterChem.jpg","contentUrl":"https:\/\/masterchem.es\/wp-content\/uploads\/2023\/03\/Disolvente-RT-6006-1000l-MasterChem.jpg","width":1000,"height":1000},{"@type":"BreadcrumbList","@id":"https:\/\/masterchem.es\/de\/produkt\/losungsmittel-rt-6006-losungsmittel-fur-die-herstellung-von-gummiprodukten\/#breadcrumb","itemListElement":[{"@type":"ListItem","position":1,"name":"Home","item":"https:\/\/masterchem.es\/de\/"},{"@type":"ListItem","position":2,"name":"Tienda","item":"https:\/\/masterchem.es\/tienda\/"},{"@type":"ListItem","position":3,"name":"L\u00f6sungsmittel RT-6006: L\u00f6sungsmittel f\u00fcr die Herstellung von Gummiprodukten"}]},{"@type":"WebSite","@id":"https:\/\/masterchem.es\/de\/#website","url":"https:\/\/masterchem.es\/de\/","name":"MasterChem","description":"proveedor de productos qu&iacute;micos","potentialAction":[{"@type":"SearchAction","target":{"@type":"EntryPoint","urlTemplate":"https:\/\/masterchem.es\/de\/?s={search_term_string}"},"query-input":{"@type":"PropertyValueSpecification","valueRequired":true,"valueName":"search_term_string"}}],"inLanguage":"de-DE"}]}},"_links":{"self":[{"href":"https:\/\/masterchem.es\/de\/wp-json\/wp\/v2\/product\/5163","targetHints":{"allow":["GET"]}}],"collection":[{"href":"https:\/\/masterchem.es\/de\/wp-json\/wp\/v2\/product"}],"about":[{"href":"https:\/\/masterchem.es\/de\/wp-json\/wp\/v2\/types\/product"}],"wp:featuredmedia":[{"embeddable":true,"href":"https:\/\/masterchem.es\/de\/wp-json\/wp\/v2\/media\/5199"}],"wp:attachment":[{"href":"https:\/\/masterchem.es\/de\/wp-json\/wp\/v2\/media?parent=5163"}],"wp:term":[{"taxonomy":"product_brand","embeddable":true,"href":"https:\/\/masterchem.es\/de\/wp-json\/wp\/v2\/product_brand?post=5163"},{"taxonomy":"product_cat","embeddable":true,"href":"https:\/\/masterchem.es\/de\/wp-json\/wp\/v2\/product_cat?post=5163"},{"taxonomy":"product_tag","embeddable":true,"href":"https:\/\/masterchem.es\/de\/wp-json\/wp\/v2\/product_tag?post=5163"}],"curies":[{"name":"wp","href":"https:\/\/api.w.org\/{rel}","templated":true}]}}