{"id":5217,"date":"2023-03-02T14:21:13","date_gmt":"2023-03-02T14:21:13","guid":{"rendered":"https:\/\/masterchem.es\/?post_type=product&#038;p=5217"},"modified":"2023-03-02T14:29:26","modified_gmt":"2023-03-02T14:29:26","slug":"kaliumhydroxid-flocken-cas-1310-58-3","status":"publish","type":"product","link":"https:\/\/masterchem.es\/de\/produkt\/kaliumhydroxid-flocken-cas-1310-58-3\/","title":{"rendered":"Kaliumhydroxid (Flocken) (CAS 1310-58-3)"},"content":{"rendered":"<p><strong>Anwendung und Verwendung:<\/strong><br \/>\nVorl\u00e4ufer anderer Kaliumverbindungen<br \/>\nViele Kaliumsalze werden durch Neutralisationsreaktionen mit KOH hergestellt. Die Kaliumsalze von Carbonat, Cyanid, Permanganat, Phosphat und verschiedenen Silicaten werden hergestellt, indem entweder die Oxide oder die S\u00e4uren mit KOH behandelt werden. Die hohe L\u00f6slichkeit von Kaliumphosphat ist in D\u00fcngemitteln w\u00fcnschenswert.<br \/>\nHerstellung von Schmierseifen<br \/>\nDurch die Verseifung von Fetten mit KOH werden die entsprechenden \u201eKaliumseifen\u201c hergestellt, die weicher sind als die gebr\u00e4uchlicheren Seifen aus Natronlauge. Aufgrund ihrer Weichheit und besseren L\u00f6slichkeit ben\u00f6tigen Kaliseifen weniger Wasser zum Verfl\u00fcssigen und k\u00f6nnen daher mehr Reinigungsmittel enthalten als verfl\u00fcssigte Natriumseifen.<br \/>\nNahrungsmittelindustrie<br \/>\nIn Lebensmittelprodukten wirkt Kaliumhydroxid als Lebensmittelverdickungsmittel, pH-Kontrollmittel und Lebensmittelstabilisator. Die FDA betrachtet es (als direkten Lebensmittelbestandteil f\u00fcr den Menschen) als im Allgemeinen sicher, wenn es mit \u201eguten\u201c Anwendungsbedingungen f\u00fcr die Herstellungspraxis kombiniert wird. Es ist im E-Nummernsystem als E525 bekannt.<br \/>\nNischenanwendungen<br \/>\nWie Natriumhydroxid zieht Kaliumhydroxid zahlreiche spezialisierte Anwendungen an, die praktisch alle auf seinen Eigenschaften als starke chemische Base mit der daraus resultierenden F\u00e4higkeit zum Abbau vieler Materialien beruhen. Beispielsweise beschleunigt Kaliumhydroxid in einem Prozess, der allgemein als \u201echemische Ein\u00e4scherung\u201c oder \u201eResomation\u201c bezeichnet wird, die Zersetzung von Weichgeweben, sowohl von Tieren als auch von Menschen, sodass nur die Knochen und andere harte Gewebe zur\u00fcckbleiben. Entomologen, die die Feinstruktur der Insektenanatomie untersuchen m\u00f6chten, k\u00f6nnen eine 10%ige w\u00e4ssrige L\u00f6sung von KOH verwenden, um dieses Verfahren anzuwenden.<br \/>\nBei der chemischen Synthese richtet sich die Wahl zwischen der Verwendung von KOH und der Verwendung von NaOH nach der L\u00f6slichkeit oder der Beibehaltung der Qualit\u00e4t des resultierenden Salzes.<br \/>\nDie korrosiven Eigenschaften von Kaliumhydroxid machen es zu einem n\u00fctzlichen Inhaltsstoff in Mitteln und Pr\u00e4paraten, die Oberfl\u00e4chen und Materialien reinigen und desinfizieren, die selbst der Korrosion durch KOH widerstehen k\u00f6nnen.<br \/>\nKOH wird auch f\u00fcr die Herstellung von Halbleiterchips verwendet. Siehe auch: anisotropes Nass\u00e4tzen.<br \/>\nKaliumhydroxid ist oft der Hauptwirkstoff in chemischen \u201eNagelhautentfernern\u201c, die bei Manik\u00fcrebehandlungen verwendet werden.<br \/>\nDa aggressive Basen wie KOH die Kutikula des Haarschafts sch\u00e4digen, wird Kaliumhydroxid verwendet, um die Entfernung von Haaren aus Tierh\u00e4uten chemisch zu unterst\u00fctzen. Die H\u00e4ute werden mehrere Stunden in einer L\u00f6sung aus KOH und Wasser eingeweicht, um sie f\u00fcr die Enthaarungsstufe des Gerbprozesses vorzubereiten. Derselbe Effekt wird auch verwendet, um menschliches Haar in Vorbereitung auf die Rasur zu schw\u00e4chen. Preshave-Produkte und einige Rasiercremes enthalten Kaliumhydroxid, um die Haarkutikula aufzubrechen und als hygroskopisches Mittel zu wirken, um Wasser anzuziehen und in den Haarschaft zu dr\u00fccken, wodurch das Haar weiter gesch\u00e4digt wird. In diesem geschw\u00e4chten Zustand l\u00e4sst sich das Haar leichter mit einer Rasierklinge schneiden.<br \/>\nKaliumhydroxid wird verwendet, um einige Pilzarten zu identifizieren. Eine 3- bis 5-prozentige w\u00e4ssrige L\u00f6sung von KOH wird auf das Fruchtfleisch eines Pilzes aufgetragen und der Forscher stellt fest, ob sich die Farbe des Fruchtfleischs \u00e4ndert oder nicht. Bestimmte Arten von Kiemenpilzen, Steinpilzen, Polyporen und Flechten sind anhand dieser Farb\u00e4nderungsreaktion identifizierbar.<\/p>\n<p><strong>Verpackung:<\/strong><br \/>\n25 kg Sack<br \/>\nLagerung:<br \/>\nTrocken lagern.<\/p>\n<p><strong>Physikalische Eigenschaften:<\/strong><br \/>\nForm: Flocken<br \/>\nSchmelzpunkt: 360 \u00b0C<br \/>\nSiedepunkt: 1327 \u00b0C<\/p>\n<p>CAS: 1310-58-3<br \/>\nEG: 215-181-3<br \/>\nUN: 1813<\/p>\n","protected":false},"excerpt":{"rendered":"<p><strong>Kaliumhydroxid, Lauge, Kalilauge, KOH<\/strong><\/p>\n<p>Kaliumhydroxid, auch Lauge genannt, ist eine anorganische Verbindung mit der chemischen Formel KOH. Auch allgemein als Kalilauge bezeichnet. Es wird in verschiedenen chemischen, industriellen und Fertigungsanwendungen eingesetzt. Kaliumhydroxid ist auch ein Vorl\u00e4ufer f\u00fcr andere Kaliumverbindungen. Kaliumhydroxid wird in Lebensmitteln zur Einstellung des pH-Wertes, als Stabilisator und als Verdickungsmittel verwendet.<br \/>\nZus\u00e4tzlich zu den oben genannten Verwendungen wird Kaliumhydroxid auch bei der Herstellung von Seife, als Elektrolyt in Alkalibatterien und in der Galvanik, Lithographie und als Farb- und Lackentferner verwendet. Fl\u00fcssige Abflussreiniger enthalten 25 bis 36 % Kaliumhydroxid.<\/p>\n","protected":false},"featured_media":5225,"template":"","meta":[],"product_brand":[],"product_cat":[126,101,113,86,89],"product_tag":[],"class_list":{"0":"post-5217","1":"product","2":"type-product","3":"status-publish","4":"has-post-thumbnail","6":"product_cat-industrielle-chemikalien","7":"product_cat-kosmetikindustrie","8":"product_cat-kunststoff-polyurethane","9":"product_cat-nicht-kategorisiert","10":"product_cat-pharmazeutische-produkte","12":"first","13":"instock","14":"taxable","15":"shipping-taxable","16":"purchasable","17":"product-type-variable","18":"has-default-attributes"},"yoast_head":"<!-- This site is optimized with the Yoast SEO plugin v27.5 - https:\/\/yoast.com\/product\/yoast-seo-wordpress\/ -->\n<title>Kaliumhydroxid (Flocken) (CAS 1310-58-3) - MasterChem<\/title>\n<meta name=\"description\" content=\"Kaliumhydroxid, auch Lauge genannt, ist eine anorganische Verbindung mit der chemischen Formel KOH. Auch allgemein als Kalilauge bezeichnet. Es wird in verschiedenen chemischen, industriellen und Fertigungsanwendungen eingesetzt.\" \/>\n<meta name=\"robots\" content=\"index, follow, max-snippet:-1, max-image-preview:large, max-video-preview:-1\" \/>\n<link rel=\"canonical\" href=\"https:\/\/masterchem.es\/de\/produkt\/kaliumhydroxid-flocken-cas-1310-58-3\/\" \/>\n<meta property=\"og:locale\" content=\"de_DE\" \/>\n<meta property=\"og:type\" content=\"article\" \/>\n<meta property=\"og:title\" content=\"Kaliumhydroxid (Flocken) (CAS 1310-58-3) - MasterChem\" \/>\n<meta property=\"og:description\" content=\"Kaliumhydroxid, auch Lauge genannt, ist eine anorganische Verbindung mit der chemischen Formel KOH. Auch allgemein als Kalilauge bezeichnet. Es wird in verschiedenen chemischen, industriellen und Fertigungsanwendungen eingesetzt.\" \/>\n<meta property=\"og:url\" content=\"https:\/\/masterchem.es\/de\/produkt\/kaliumhydroxid-flocken-cas-1310-58-3\/\" \/>\n<meta property=\"og:site_name\" content=\"MasterChem\" \/>\n<meta property=\"article:modified_time\" content=\"2023-03-02T14:29:26+00:00\" \/>\n<meta property=\"og:image\" content=\"https:\/\/masterchem.es\/wp-content\/uploads\/2023\/03\/Hidroxido-de-potasio-copos-CAS-1310-58-3.jpg\" \/>\n\t<meta property=\"og:image:width\" content=\"1000\" \/>\n\t<meta property=\"og:image:height\" content=\"1000\" \/>\n\t<meta property=\"og:image:type\" content=\"image\/jpeg\" \/>\n<meta name=\"twitter:card\" content=\"summary_large_image\" \/>\n<meta name=\"twitter:label1\" content=\"Gesch\u00e4tzte Lesezeit\" \/>\n\t<meta name=\"twitter:data1\" content=\"3 Minuten\" \/>\n<script type=\"application\/ld+json\" class=\"yoast-schema-graph\">{\"@context\":\"https:\\\/\\\/schema.org\",\"@graph\":[{\"@type\":\"WebPage\",\"@id\":\"https:\\\/\\\/masterchem.es\\\/de\\\/produkt\\\/kaliumhydroxid-flocken-cas-1310-58-3\\\/\",\"url\":\"https:\\\/\\\/masterchem.es\\\/de\\\/produkt\\\/kaliumhydroxid-flocken-cas-1310-58-3\\\/\",\"name\":\"Kaliumhydroxid (Flocken) (CAS 1310-58-3) - MasterChem\",\"isPartOf\":{\"@id\":\"https:\\\/\\\/masterchem.es\\\/de\\\/#website\"},\"primaryImageOfPage\":{\"@id\":\"https:\\\/\\\/masterchem.es\\\/de\\\/produkt\\\/kaliumhydroxid-flocken-cas-1310-58-3\\\/#primaryimage\"},\"image\":{\"@id\":\"https:\\\/\\\/masterchem.es\\\/de\\\/produkt\\\/kaliumhydroxid-flocken-cas-1310-58-3\\\/#primaryimage\"},\"thumbnailUrl\":\"https:\\\/\\\/masterchem.es\\\/wp-content\\\/uploads\\\/2023\\\/03\\\/Hidroxido-de-potasio-copos-CAS-1310-58-3.jpg\",\"datePublished\":\"2023-03-02T14:21:13+00:00\",\"dateModified\":\"2023-03-02T14:29:26+00:00\",\"description\":\"Kaliumhydroxid, auch Lauge genannt, ist eine anorganische Verbindung mit der chemischen Formel KOH. Auch allgemein als Kalilauge bezeichnet. Es wird in verschiedenen chemischen, industriellen und Fertigungsanwendungen eingesetzt.\",\"breadcrumb\":{\"@id\":\"https:\\\/\\\/masterchem.es\\\/de\\\/produkt\\\/kaliumhydroxid-flocken-cas-1310-58-3\\\/#breadcrumb\"},\"inLanguage\":\"de-DE\",\"potentialAction\":[{\"@type\":\"ReadAction\",\"target\":[\"https:\\\/\\\/masterchem.es\\\/de\\\/produkt\\\/kaliumhydroxid-flocken-cas-1310-58-3\\\/\"]}]},{\"@type\":\"ImageObject\",\"inLanguage\":\"de-DE\",\"@id\":\"https:\\\/\\\/masterchem.es\\\/de\\\/produkt\\\/kaliumhydroxid-flocken-cas-1310-58-3\\\/#primaryimage\",\"url\":\"https:\\\/\\\/masterchem.es\\\/wp-content\\\/uploads\\\/2023\\\/03\\\/Hidroxido-de-potasio-copos-CAS-1310-58-3.jpg\",\"contentUrl\":\"https:\\\/\\\/masterchem.es\\\/wp-content\\\/uploads\\\/2023\\\/03\\\/Hidroxido-de-potasio-copos-CAS-1310-58-3.jpg\",\"width\":1000,\"height\":1000},{\"@type\":\"BreadcrumbList\",\"@id\":\"https:\\\/\\\/masterchem.es\\\/de\\\/produkt\\\/kaliumhydroxid-flocken-cas-1310-58-3\\\/#breadcrumb\",\"itemListElement\":[{\"@type\":\"ListItem\",\"position\":1,\"name\":\"Home\",\"item\":\"https:\\\/\\\/masterchem.es\\\/de\\\/\"},{\"@type\":\"ListItem\",\"position\":2,\"name\":\"Tienda\",\"item\":\"https:\\\/\\\/masterchem.es\\\/tienda\\\/\"},{\"@type\":\"ListItem\",\"position\":3,\"name\":\"Kaliumhydroxid (Flocken) (CAS 1310-58-3)\"}]},{\"@type\":\"WebSite\",\"@id\":\"https:\\\/\\\/masterchem.es\\\/de\\\/#website\",\"url\":\"https:\\\/\\\/masterchem.es\\\/de\\\/\",\"name\":\"MasterChem\",\"description\":\"proveedor de productos qu&iacute;micos\",\"potentialAction\":[{\"@type\":\"SearchAction\",\"target\":{\"@type\":\"EntryPoint\",\"urlTemplate\":\"https:\\\/\\\/masterchem.es\\\/de\\\/?s={search_term_string}\"},\"query-input\":{\"@type\":\"PropertyValueSpecification\",\"valueRequired\":true,\"valueName\":\"search_term_string\"}}],\"inLanguage\":\"de-DE\"}]}<\/script>\n<!-- \/ Yoast SEO plugin. -->","yoast_head_json":{"title":"Kaliumhydroxid (Flocken) (CAS 1310-58-3) - MasterChem","description":"Kaliumhydroxid, auch Lauge genannt, ist eine anorganische Verbindung mit der chemischen Formel KOH. Auch allgemein als Kalilauge bezeichnet. Es wird in verschiedenen chemischen, industriellen und Fertigungsanwendungen eingesetzt.","robots":{"index":"index","follow":"follow","max-snippet":"max-snippet:-1","max-image-preview":"max-image-preview:large","max-video-preview":"max-video-preview:-1"},"canonical":"https:\/\/masterchem.es\/de\/produkt\/kaliumhydroxid-flocken-cas-1310-58-3\/","og_locale":"de_DE","og_type":"article","og_title":"Kaliumhydroxid (Flocken) (CAS 1310-58-3) - MasterChem","og_description":"Kaliumhydroxid, auch Lauge genannt, ist eine anorganische Verbindung mit der chemischen Formel KOH. Auch allgemein als Kalilauge bezeichnet. Es wird in verschiedenen chemischen, industriellen und Fertigungsanwendungen eingesetzt.","og_url":"https:\/\/masterchem.es\/de\/produkt\/kaliumhydroxid-flocken-cas-1310-58-3\/","og_site_name":"MasterChem","article_modified_time":"2023-03-02T14:29:26+00:00","og_image":[{"width":1000,"height":1000,"url":"https:\/\/masterchem.es\/wp-content\/uploads\/2023\/03\/Hidroxido-de-potasio-copos-CAS-1310-58-3.jpg","type":"image\/jpeg"}],"twitter_card":"summary_large_image","twitter_misc":{"Gesch\u00e4tzte Lesezeit":"3 Minuten"},"schema":{"@context":"https:\/\/schema.org","@graph":[{"@type":"WebPage","@id":"https:\/\/masterchem.es\/de\/produkt\/kaliumhydroxid-flocken-cas-1310-58-3\/","url":"https:\/\/masterchem.es\/de\/produkt\/kaliumhydroxid-flocken-cas-1310-58-3\/","name":"Kaliumhydroxid (Flocken) (CAS 1310-58-3) - MasterChem","isPartOf":{"@id":"https:\/\/masterchem.es\/de\/#website"},"primaryImageOfPage":{"@id":"https:\/\/masterchem.es\/de\/produkt\/kaliumhydroxid-flocken-cas-1310-58-3\/#primaryimage"},"image":{"@id":"https:\/\/masterchem.es\/de\/produkt\/kaliumhydroxid-flocken-cas-1310-58-3\/#primaryimage"},"thumbnailUrl":"https:\/\/masterchem.es\/wp-content\/uploads\/2023\/03\/Hidroxido-de-potasio-copos-CAS-1310-58-3.jpg","datePublished":"2023-03-02T14:21:13+00:00","dateModified":"2023-03-02T14:29:26+00:00","description":"Kaliumhydroxid, auch Lauge genannt, ist eine anorganische Verbindung mit der chemischen Formel KOH. Auch allgemein als Kalilauge bezeichnet. Es wird in verschiedenen chemischen, industriellen und Fertigungsanwendungen eingesetzt.","breadcrumb":{"@id":"https:\/\/masterchem.es\/de\/produkt\/kaliumhydroxid-flocken-cas-1310-58-3\/#breadcrumb"},"inLanguage":"de-DE","potentialAction":[{"@type":"ReadAction","target":["https:\/\/masterchem.es\/de\/produkt\/kaliumhydroxid-flocken-cas-1310-58-3\/"]}]},{"@type":"ImageObject","inLanguage":"de-DE","@id":"https:\/\/masterchem.es\/de\/produkt\/kaliumhydroxid-flocken-cas-1310-58-3\/#primaryimage","url":"https:\/\/masterchem.es\/wp-content\/uploads\/2023\/03\/Hidroxido-de-potasio-copos-CAS-1310-58-3.jpg","contentUrl":"https:\/\/masterchem.es\/wp-content\/uploads\/2023\/03\/Hidroxido-de-potasio-copos-CAS-1310-58-3.jpg","width":1000,"height":1000},{"@type":"BreadcrumbList","@id":"https:\/\/masterchem.es\/de\/produkt\/kaliumhydroxid-flocken-cas-1310-58-3\/#breadcrumb","itemListElement":[{"@type":"ListItem","position":1,"name":"Home","item":"https:\/\/masterchem.es\/de\/"},{"@type":"ListItem","position":2,"name":"Tienda","item":"https:\/\/masterchem.es\/tienda\/"},{"@type":"ListItem","position":3,"name":"Kaliumhydroxid (Flocken) (CAS 1310-58-3)"}]},{"@type":"WebSite","@id":"https:\/\/masterchem.es\/de\/#website","url":"https:\/\/masterchem.es\/de\/","name":"MasterChem","description":"proveedor de productos qu&iacute;micos","potentialAction":[{"@type":"SearchAction","target":{"@type":"EntryPoint","urlTemplate":"https:\/\/masterchem.es\/de\/?s={search_term_string}"},"query-input":{"@type":"PropertyValueSpecification","valueRequired":true,"valueName":"search_term_string"}}],"inLanguage":"de-DE"}]}},"_links":{"self":[{"href":"https:\/\/masterchem.es\/de\/wp-json\/wp\/v2\/product\/5217","targetHints":{"allow":["GET"]}}],"collection":[{"href":"https:\/\/masterchem.es\/de\/wp-json\/wp\/v2\/product"}],"about":[{"href":"https:\/\/masterchem.es\/de\/wp-json\/wp\/v2\/types\/product"}],"wp:featuredmedia":[{"embeddable":true,"href":"https:\/\/masterchem.es\/de\/wp-json\/wp\/v2\/media\/5225"}],"wp:attachment":[{"href":"https:\/\/masterchem.es\/de\/wp-json\/wp\/v2\/media?parent=5217"}],"wp:term":[{"taxonomy":"product_brand","embeddable":true,"href":"https:\/\/masterchem.es\/de\/wp-json\/wp\/v2\/product_brand?post=5217"},{"taxonomy":"product_cat","embeddable":true,"href":"https:\/\/masterchem.es\/de\/wp-json\/wp\/v2\/product_cat?post=5217"},{"taxonomy":"product_tag","embeddable":true,"href":"https:\/\/masterchem.es\/de\/wp-json\/wp\/v2\/product_tag?post=5217"}],"curies":[{"name":"wp","href":"https:\/\/api.w.org\/{rel}","templated":true}]}}