{"id":5247,"date":"2023-05-11T07:58:56","date_gmt":"2023-05-11T07:58:56","guid":{"rendered":"https:\/\/masterchem.es\/?post_type=product&#038;p=5247"},"modified":"2024-11-20T19:37:11","modified_gmt":"2024-11-20T19:37:11","slug":"salpetersaure-56-58-cas-7697-37-2","status":"publish","type":"product","link":"https:\/\/masterchem.es\/de\/produkt\/salpetersaure-56-58-cas-7697-37-2\/","title":{"rendered":"Salpeters\u00e4ure 56-58 % (CAS 7697-37-2)"},"content":{"rendered":"<p>Die reine Verbindung ist farblos, \u00e4ltere Proben neigen jedoch aufgrund der Zersetzung in Stickstoff- und Wasseroxide zu einem Gelbstich. Die meiste im Handel erh\u00e4ltliche Salpeters\u00e4ure hat eine Konzentration von 68 % in Wasser. Wenn die L\u00f6sung mehr als 86 % HNO3 enth\u00e4lt, spricht man von rauchender Salpeters\u00e4ure. Abh\u00e4ngig von der Menge des vorhandenen Stickstoffdioxids wird rauchende Salpeters\u00e4ure bei Konzentrationen \u00fcber 86 % weiter als rot rauchende Salpeters\u00e4ure und bei Konzentrationen \u00fcber 95 % als wei\u00df rauchende Salpeters\u00e4ure charakterisiert.<\/p>\n<p>Salpeters\u00e4ure ist das Hauptreagenz f\u00fcr die Nitrierung \u2013 das Hinzuf\u00fcgen einer Nitrogruppe, typischerweise an ein organisches Molek\u00fcl. W\u00e4hrend einige der resultierenden Nitroverbindungen sto\u00df- und temperaturempfindliche Sprengstoffe sind, sind einige stabil genug, um in Munition und Abbrucharbeiten verwendet zu werden, w\u00e4hrend andere noch stabiler sind und als Pigmente in Tinten und Farbstoffen verwendet werden. Salpeters\u00e4ure wird h\u00e4ufig auch als starkes Oxidationsmittel verwendet.<\/p>\n<p>CAS: 7697-37-2<\/p>\n<p><strong>Physikalische und chemische Eigenschaften<\/strong><\/p>\n<p>Handels\u00fcbliche Salpeters\u00e4ure bildet mit Wasser ein Azeotrop mit einer Konzentration von 68 % HNO3. Diese L\u00f6sung hat eine Siedetemperatur von 120,5 \u00b0C bei 1 atm. Sie ist als \u201ekonzentrierte Salpeters\u00e4ure\u201c bekannt. Reine konzentrierte Salpeters\u00e4ure ist bei Raumtemperatur eine farblose Fl\u00fcssigkeit.<\/p>\n<p>Es sind zwei feste Hydrate bekannt: das Monohydrat (HNO3\u00b7H2O oder [H3O]NO3) und das Trihydrat (HNO3\u00b73H2O).<\/p>\n<p>Gelegentlich ist eine \u00e4ltere Dichteskala zu sehen, bei der konzentrierte Salpeters\u00e4ure als 42\u00b0 Baum\u00e9 angegeben ist.<\/p>\n<p><strong>Verwendung als Oxidationsmittel<\/strong><br \/>\nDer Vorl\u00e4ufer von Nylon, Adipins\u00e4ure, wird in gro\u00dfem Ma\u00dfstab durch Oxidation von \u201eKA-\u00d6l\u201c \u2013 einer Mischung aus Cyclohexanon und Cyclohexanol \u2013 mit Salpeters\u00e4ure hergestellt.<\/p>\n<p><strong>Metallverarbeitung<\/strong><br \/>\nSalpeters\u00e4ure kann verwendet werden, um Metalle in oxidierte Formen umzuwandeln, beispielsweise um Kupfermetall in Kupfernitrat umzuwandeln. Es kann auch in Kombination mit Salzs\u00e4ure als K\u00f6nigswasser zum Aufl\u00f6sen von Edelmetallen wie Gold (als Chlorogolds\u00e4ure) verwendet werden. Diese Salze k\u00f6nnen zur Reinigung von Gold und anderen Metallen mit einer Reinheit von mehr als 99,9 % durch Rekristallisations- und selektive F\u00e4llungsprozesse verwendet werden.<\/p>\n<p><strong>Analytisches Reagenz<\/strong><br \/>\nBei der Elementaranalyse mittels ICP-MS, ICP-AES, GFAA und Flame AA wird verd\u00fcnnte Salpeters\u00e4ure (0,5\u20135,0 %) als Matrixverbindung zur Bestimmung von Metallspuren in L\u00f6sungen verwendet. F\u00fcr eine solche Bestimmung ist hochreine S\u00e4ure in Spurenmetallqualit\u00e4t erforderlich, da geringe Mengen an Metallionen das Ergebnis der Analyse beeinflussen k\u00f6nnen.<\/p>\n<p>Es wird typischerweise auch im Aufschlussprozess von tr\u00fcben Wasserproben, Schlammproben, Feststoffproben sowie anderen Arten einzigartiger Proben verwendet, die eine Elementaranalyse mittels ICP-MS, ICP-OES, ICP-AES, GFAA und Flammenatomabsorptionsspektroskopie erfordern . Typischerweise wird bei diesen Aufschl\u00fcssen eine 50-prozentige L\u00f6sung des gekauften HNO verwendet<br \/>\n3 gemischt mit Typ 1 DI-Wasser.<\/p>\n<p>In der Elektrochemie wird Salpeters\u00e4ure als chemisches Dotierungsmittel f\u00fcr organische Halbleiter und in Reinigungsprozessen f\u00fcr rohe Kohlenstoff-Nanor\u00f6hrchen verwendet.<\/p>\n<p><strong>Holzbearbeitung<\/strong><br \/>\nIn geringer Konzentration (ca. 10 %) wird Salpeters\u00e4ure h\u00e4ufig zur k\u00fcnstlichen Alterung von Kiefern und Ahorn verwendet. Die erzeugte Farbe ist ein Graugold, das sehr an sehr altes, mit Wachs oder \u00d6l behandeltes Holz (Holzveredelung) erinnert.<\/p>\n<p><strong>\u00c4tzmittel und Reinigungsmittel<\/strong><br \/>\nDie korrosive Wirkung von Salpeters\u00e4ure wird f\u00fcr einige Spezialanwendungen ausgenutzt, beispielsweise zum \u00c4tzen in der Drucktechnik, zum Beizen von Edelstahl oder zum Reinigen von Siliziumwafern in der Elektronik.<\/p>\n<p>Zum \u00c4tzen von Metallen wird eine L\u00f6sung aus Salpeters\u00e4ure, Wasser und Alkohol, Nital, verwendet, um die Mikrostruktur freizulegen. ISO 14104 ist einer der Standards, die dieses bekannte Verfahren detailliert beschreiben.<\/p>\n<p>Salpeters\u00e4ure wird entweder in Kombination mit Salzs\u00e4ure oder allein zur Reinigung von Glasdeckgl\u00e4sern und Glasobjekttr\u00e4gern f\u00fcr High-End-Mikroskopieanwendungen verwendet. Es wird auch zum Reinigen von Glas vor dem Versilbern bei der Herstellung von Silberspiegeln verwendet.<\/p>\n<p>Im Handel erh\u00e4ltliche w\u00e4ssrige Mischungen aus 5\u201330 % Salpeters\u00e4ure und 15\u201340 % Phosphors\u00e4ure werden \u00fcblicherweise zur Reinigung von Lebensmittel- und Molkereiger\u00e4ten verwendet, haupts\u00e4chlich um ausgef\u00e4llte Kalzium- und Magnesiumverbindungen zu entfernen (entweder aus dem Prozessstrom abgelagert oder durch die Verwendung von hartem Wasser entstanden). w\u00e4hrend der Produktion und Reinigung). Der Phosphors\u00e4uregehalt tr\u00e4gt dazu bei, Eisenlegierungen gegen Korrosion durch verd\u00fcnnte Salpeters\u00e4ure zu passivieren.<br \/>\nSalpeters\u00e4ure kann als Stichprobentest f\u00fcr Alkaloide wie LSD verwendet werden und ergibt je nach Alkaloid unterschiedliche Farben.<\/p>\n<p><strong>Sicherheit<\/strong><br \/>\nSalpeters\u00e4ure ist eine \u00e4tzende S\u00e4ure und ein starkes Oxidationsmittel. Die gr\u00f6\u00dfte Gefahr, die von ihm ausgeht, sind Ver\u00e4tzungen, da es eine saure Hydrolyse mit Proteinen (Amid) und Fetten (Ester) durchf\u00fchrt, wodurch lebendes Gewebe (z. B. Haut und Fleisch) zersetzt wird. Konzentrierte Salpeters\u00e4ure f\u00e4rbt die menschliche Haut aufgrund ihrer Reaktion mit dem Keratin gelb. Diese gelben Flecken werden orange, wenn sie neutralisiert werden. Systemische Wirkungen sind jedoch unwahrscheinlich und die Substanz gilt nicht als krebserregend oder erbgutver\u00e4ndernd.<\/p>\n<p>Die Standard-Erste-Hilfe-Behandlung bei versch\u00fctteten S\u00e4uren auf der Haut ist wie bei anderen \u00e4tzenden Stoffen das Sp\u00fclen mit gro\u00dfen Mengen Wasser. Das Waschen wird mindestens 10\u201315 Minuten lang fortgesetzt, um das die S\u00e4ureverbrennung umgebende Gewebe abzuk\u00fchlen und Sekund\u00e4rsch\u00e4den zu verhindern. Kontaminierte Kleidung wird sofort ausgezogen und die darunter liegende Haut gr\u00fcndlich gewaschen.<\/p>\n<p>Als starkes Oxidationsmittel kann Salpeters\u00e4ure mit Verbindungen wie Cyaniden, Karbiden oder Metallpulvern explosionsartig und mit vielen organischen Verbindungen wie Terpentin heftig und hypergolisch (d. h. selbstentz\u00fcndlich) reagieren. Daher sollte es fern von Basen und organischen Stoffen gelagert werden.<\/p>\n","protected":false},"excerpt":{"rendered":"<p><a class=\"download-doc-button-danger\" href=\"https:\/\/masterchem.ee\/wp-content\/uploads\/2024\/11\/Nouded-kliendiandmetele-lohkeainete-ostmisel-ee.docx\"><img decoding=\"async\" src=\"https:\/\/masterchem.ee\/wp-content\/uploads\/2024\/11\/doc-icon.png\">N\u00f5uded kliendiandmetele l\u00f5hkeainete ostmisel (doc)<\/a><br \/>\n<label class=\"buy-buttton-guard-label\"><input type=\"checkbox\" class=\"buy-buttton-guard\" data-default=\"In den Warenkorb\" data-notificaion=\"Das Formular muss ausgef\u00fcllt werden\"> &#8211; Ich habe das Formular ausgef\u00fcllt und an <\/label> <a href=\"mailto:info@masterchem.ee\">info@masterchem.ee<\/a><\/p>\n","protected":false},"featured_media":5274,"template":"","meta":[],"product_brand":[],"product_cat":[78,110,132,86,89],"product_tag":[],"class_list":{"0":"post-5247","1":"product","2":"type-product","3":"status-publish","4":"has-post-thumbnail","6":"product_cat-automobilchemie","7":"product_cat-chemie-der-metallbearbeitung","8":"product_cat-dungemittel","9":"product_cat-nicht-kategorisiert","10":"product_cat-pharmazeutische-produkte","12":"first","13":"instock","14":"taxable","15":"shipping-taxable","16":"purchasable","17":"product-type-variable","18":"has-default-attributes"},"yoast_head":"<!-- This site is optimized with the Yoast SEO plugin v27.5 - https:\/\/yoast.com\/product\/yoast-seo-wordpress\/ -->\n<title>Salpeters\u00e4ure 56-58 % (CAS 7697-37-2) - MasterChem<\/title>\n<meta name=\"description\" content=\"Die reine Verbindung ist farblos, \u00e4ltere Proben neigen jedoch aufgrund der Zersetzung in Stickstoff- und Wasseroxide zu einem Gelbstich. CAS: 7697-37-2\" \/>\n<meta name=\"robots\" content=\"index, follow, max-snippet:-1, max-image-preview:large, max-video-preview:-1\" \/>\n<link rel=\"canonical\" href=\"https:\/\/masterchem.es\/de\/produkt\/salpetersaure-56-58-cas-7697-37-2\/\" \/>\n<meta property=\"og:locale\" content=\"de_DE\" \/>\n<meta property=\"og:type\" content=\"article\" \/>\n<meta property=\"og:title\" content=\"Salpeters\u00e4ure 56-58 % (CAS 7697-37-2) - MasterChem\" \/>\n<meta property=\"og:description\" content=\"Die reine Verbindung ist farblos, \u00e4ltere Proben neigen jedoch aufgrund der Zersetzung in Stickstoff- und Wasseroxide zu einem Gelbstich. CAS: 7697-37-2\" \/>\n<meta property=\"og:url\" content=\"https:\/\/masterchem.es\/de\/produkt\/salpetersaure-56-58-cas-7697-37-2\/\" \/>\n<meta property=\"og:site_name\" content=\"MasterChem\" \/>\n<meta property=\"article:modified_time\" content=\"2024-11-20T19:37:11+00:00\" \/>\n<meta property=\"og:image\" content=\"https:\/\/masterchem.es\/wp-content\/uploads\/2023\/05\/Acido-nitrico-56-58-CAS-7697-37-2-1000l.jpg\" \/>\n\t<meta property=\"og:image:width\" content=\"1000\" \/>\n\t<meta property=\"og:image:height\" content=\"1000\" \/>\n\t<meta property=\"og:image:type\" content=\"image\/jpeg\" \/>\n<meta name=\"twitter:card\" content=\"summary_large_image\" \/>\n<meta name=\"twitter:label1\" content=\"Gesch\u00e4tzte Lesezeit\" \/>\n\t<meta name=\"twitter:data1\" content=\"4 Minuten\" \/>\n<script type=\"application\/ld+json\" class=\"yoast-schema-graph\">{\"@context\":\"https:\\\/\\\/schema.org\",\"@graph\":[{\"@type\":\"WebPage\",\"@id\":\"https:\\\/\\\/masterchem.es\\\/de\\\/produkt\\\/salpetersaure-56-58-cas-7697-37-2\\\/\",\"url\":\"https:\\\/\\\/masterchem.es\\\/de\\\/produkt\\\/salpetersaure-56-58-cas-7697-37-2\\\/\",\"name\":\"Salpeters\u00e4ure 56-58 % (CAS 7697-37-2) - MasterChem\",\"isPartOf\":{\"@id\":\"https:\\\/\\\/masterchem.es\\\/de\\\/#website\"},\"primaryImageOfPage\":{\"@id\":\"https:\\\/\\\/masterchem.es\\\/de\\\/produkt\\\/salpetersaure-56-58-cas-7697-37-2\\\/#primaryimage\"},\"image\":{\"@id\":\"https:\\\/\\\/masterchem.es\\\/de\\\/produkt\\\/salpetersaure-56-58-cas-7697-37-2\\\/#primaryimage\"},\"thumbnailUrl\":\"https:\\\/\\\/masterchem.es\\\/wp-content\\\/uploads\\\/2023\\\/05\\\/Acido-nitrico-56-58-CAS-7697-37-2-1000l.jpg\",\"datePublished\":\"2023-05-11T07:58:56+00:00\",\"dateModified\":\"2024-11-20T19:37:11+00:00\",\"description\":\"Die reine Verbindung ist farblos, \u00e4ltere Proben neigen jedoch aufgrund der Zersetzung in Stickstoff- und Wasseroxide zu einem Gelbstich. CAS: 7697-37-2\",\"breadcrumb\":{\"@id\":\"https:\\\/\\\/masterchem.es\\\/de\\\/produkt\\\/salpetersaure-56-58-cas-7697-37-2\\\/#breadcrumb\"},\"inLanguage\":\"de-DE\",\"potentialAction\":[{\"@type\":\"ReadAction\",\"target\":[\"https:\\\/\\\/masterchem.es\\\/de\\\/produkt\\\/salpetersaure-56-58-cas-7697-37-2\\\/\"]}]},{\"@type\":\"ImageObject\",\"inLanguage\":\"de-DE\",\"@id\":\"https:\\\/\\\/masterchem.es\\\/de\\\/produkt\\\/salpetersaure-56-58-cas-7697-37-2\\\/#primaryimage\",\"url\":\"https:\\\/\\\/masterchem.es\\\/wp-content\\\/uploads\\\/2023\\\/05\\\/Acido-nitrico-56-58-CAS-7697-37-2-1000l.jpg\",\"contentUrl\":\"https:\\\/\\\/masterchem.es\\\/wp-content\\\/uploads\\\/2023\\\/05\\\/Acido-nitrico-56-58-CAS-7697-37-2-1000l.jpg\",\"width\":1000,\"height\":1000},{\"@type\":\"BreadcrumbList\",\"@id\":\"https:\\\/\\\/masterchem.es\\\/de\\\/produkt\\\/salpetersaure-56-58-cas-7697-37-2\\\/#breadcrumb\",\"itemListElement\":[{\"@type\":\"ListItem\",\"position\":1,\"name\":\"Home\",\"item\":\"https:\\\/\\\/masterchem.es\\\/de\\\/\"},{\"@type\":\"ListItem\",\"position\":2,\"name\":\"Tienda\",\"item\":\"https:\\\/\\\/masterchem.es\\\/tienda\\\/\"},{\"@type\":\"ListItem\",\"position\":3,\"name\":\"Salpeters\u00e4ure 56-58 % (CAS 7697-37-2)\"}]},{\"@type\":\"WebSite\",\"@id\":\"https:\\\/\\\/masterchem.es\\\/de\\\/#website\",\"url\":\"https:\\\/\\\/masterchem.es\\\/de\\\/\",\"name\":\"MasterChem\",\"description\":\"proveedor de productos qu&iacute;micos\",\"potentialAction\":[{\"@type\":\"SearchAction\",\"target\":{\"@type\":\"EntryPoint\",\"urlTemplate\":\"https:\\\/\\\/masterchem.es\\\/de\\\/?s={search_term_string}\"},\"query-input\":{\"@type\":\"PropertyValueSpecification\",\"valueRequired\":true,\"valueName\":\"search_term_string\"}}],\"inLanguage\":\"de-DE\"}]}<\/script>\n<!-- \/ Yoast SEO plugin. -->","yoast_head_json":{"title":"Salpeters\u00e4ure 56-58 % (CAS 7697-37-2) - MasterChem","description":"Die reine Verbindung ist farblos, \u00e4ltere Proben neigen jedoch aufgrund der Zersetzung in Stickstoff- und Wasseroxide zu einem Gelbstich. CAS: 7697-37-2","robots":{"index":"index","follow":"follow","max-snippet":"max-snippet:-1","max-image-preview":"max-image-preview:large","max-video-preview":"max-video-preview:-1"},"canonical":"https:\/\/masterchem.es\/de\/produkt\/salpetersaure-56-58-cas-7697-37-2\/","og_locale":"de_DE","og_type":"article","og_title":"Salpeters\u00e4ure 56-58 % (CAS 7697-37-2) - MasterChem","og_description":"Die reine Verbindung ist farblos, \u00e4ltere Proben neigen jedoch aufgrund der Zersetzung in Stickstoff- und Wasseroxide zu einem Gelbstich. CAS: 7697-37-2","og_url":"https:\/\/masterchem.es\/de\/produkt\/salpetersaure-56-58-cas-7697-37-2\/","og_site_name":"MasterChem","article_modified_time":"2024-11-20T19:37:11+00:00","og_image":[{"width":1000,"height":1000,"url":"https:\/\/masterchem.es\/wp-content\/uploads\/2023\/05\/Acido-nitrico-56-58-CAS-7697-37-2-1000l.jpg","type":"image\/jpeg"}],"twitter_card":"summary_large_image","twitter_misc":{"Gesch\u00e4tzte Lesezeit":"4 Minuten"},"schema":{"@context":"https:\/\/schema.org","@graph":[{"@type":"WebPage","@id":"https:\/\/masterchem.es\/de\/produkt\/salpetersaure-56-58-cas-7697-37-2\/","url":"https:\/\/masterchem.es\/de\/produkt\/salpetersaure-56-58-cas-7697-37-2\/","name":"Salpeters\u00e4ure 56-58 % (CAS 7697-37-2) - MasterChem","isPartOf":{"@id":"https:\/\/masterchem.es\/de\/#website"},"primaryImageOfPage":{"@id":"https:\/\/masterchem.es\/de\/produkt\/salpetersaure-56-58-cas-7697-37-2\/#primaryimage"},"image":{"@id":"https:\/\/masterchem.es\/de\/produkt\/salpetersaure-56-58-cas-7697-37-2\/#primaryimage"},"thumbnailUrl":"https:\/\/masterchem.es\/wp-content\/uploads\/2023\/05\/Acido-nitrico-56-58-CAS-7697-37-2-1000l.jpg","datePublished":"2023-05-11T07:58:56+00:00","dateModified":"2024-11-20T19:37:11+00:00","description":"Die reine Verbindung ist farblos, \u00e4ltere Proben neigen jedoch aufgrund der Zersetzung in Stickstoff- und Wasseroxide zu einem Gelbstich. CAS: 7697-37-2","breadcrumb":{"@id":"https:\/\/masterchem.es\/de\/produkt\/salpetersaure-56-58-cas-7697-37-2\/#breadcrumb"},"inLanguage":"de-DE","potentialAction":[{"@type":"ReadAction","target":["https:\/\/masterchem.es\/de\/produkt\/salpetersaure-56-58-cas-7697-37-2\/"]}]},{"@type":"ImageObject","inLanguage":"de-DE","@id":"https:\/\/masterchem.es\/de\/produkt\/salpetersaure-56-58-cas-7697-37-2\/#primaryimage","url":"https:\/\/masterchem.es\/wp-content\/uploads\/2023\/05\/Acido-nitrico-56-58-CAS-7697-37-2-1000l.jpg","contentUrl":"https:\/\/masterchem.es\/wp-content\/uploads\/2023\/05\/Acido-nitrico-56-58-CAS-7697-37-2-1000l.jpg","width":1000,"height":1000},{"@type":"BreadcrumbList","@id":"https:\/\/masterchem.es\/de\/produkt\/salpetersaure-56-58-cas-7697-37-2\/#breadcrumb","itemListElement":[{"@type":"ListItem","position":1,"name":"Home","item":"https:\/\/masterchem.es\/de\/"},{"@type":"ListItem","position":2,"name":"Tienda","item":"https:\/\/masterchem.es\/tienda\/"},{"@type":"ListItem","position":3,"name":"Salpeters\u00e4ure 56-58 % (CAS 7697-37-2)"}]},{"@type":"WebSite","@id":"https:\/\/masterchem.es\/de\/#website","url":"https:\/\/masterchem.es\/de\/","name":"MasterChem","description":"proveedor de productos qu&iacute;micos","potentialAction":[{"@type":"SearchAction","target":{"@type":"EntryPoint","urlTemplate":"https:\/\/masterchem.es\/de\/?s={search_term_string}"},"query-input":{"@type":"PropertyValueSpecification","valueRequired":true,"valueName":"search_term_string"}}],"inLanguage":"de-DE"}]}},"_links":{"self":[{"href":"https:\/\/masterchem.es\/de\/wp-json\/wp\/v2\/product\/5247","targetHints":{"allow":["GET"]}}],"collection":[{"href":"https:\/\/masterchem.es\/de\/wp-json\/wp\/v2\/product"}],"about":[{"href":"https:\/\/masterchem.es\/de\/wp-json\/wp\/v2\/types\/product"}],"wp:featuredmedia":[{"embeddable":true,"href":"https:\/\/masterchem.es\/de\/wp-json\/wp\/v2\/media\/5274"}],"wp:attachment":[{"href":"https:\/\/masterchem.es\/de\/wp-json\/wp\/v2\/media?parent=5247"}],"wp:term":[{"taxonomy":"product_brand","embeddable":true,"href":"https:\/\/masterchem.es\/de\/wp-json\/wp\/v2\/product_brand?post=5247"},{"taxonomy":"product_cat","embeddable":true,"href":"https:\/\/masterchem.es\/de\/wp-json\/wp\/v2\/product_cat?post=5247"},{"taxonomy":"product_tag","embeddable":true,"href":"https:\/\/masterchem.es\/de\/wp-json\/wp\/v2\/product_tag?post=5247"}],"curies":[{"name":"wp","href":"https:\/\/api.w.org\/{rel}","templated":true}]}}