{"id":5281,"date":"2023-05-11T08:15:51","date_gmt":"2023-05-11T08:15:51","guid":{"rendered":"https:\/\/masterchem.es\/?post_type=product&#038;p=5281"},"modified":"2023-05-11T08:29:57","modified_gmt":"2023-05-11T08:29:57","slug":"orthophosphorsaure-85-cas-7664-38-2","status":"publish","type":"product","link":"https:\/\/masterchem.es\/de\/produkt\/orthophosphorsaure-85-cas-7664-38-2\/","title":{"rendered":"Orthophosphors\u00e4ure 85 % (CAS 7664-38-2)"},"content":{"rendered":"<p><strong>Verwendungen<\/strong><\/p>\n<p>Phosphors\u00e4ure in Lebensmittelqualit\u00e4t (Zusatzstoff E338) wird verwendet, um Lebensmittel und Getr\u00e4nke wie verschiedene Colasorten und Marmeladen anzus\u00e4uern und ihnen einen w\u00fcrzigen oder sauren Geschmack zu verleihen. Erfrischungsgetr\u00e4nke, die Phosphors\u00e4ure enthalten, zu denen auch Coca-Cola geh\u00f6rt, werden manchmal als Phosphatlimonaden oder Phosphate bezeichnet. Phosphors\u00e4ure in Erfrischungsgetr\u00e4nken kann Zahnerosion verursachen. Phosphors\u00e4ure kann auch zur Bildung von Nierensteinen beitragen, insbesondere bei Personen, die schon einmal Nierensteine hatten.<\/p>\n<p><strong>Spezifische Anwendungen von Phosphors\u00e4ure umfassen:<\/strong><\/p>\n<ul>\n<li>Bei der Rostschutzbehandlung durch Phosphatumwandlungsbeschichtung oder Passivierung<\/li>\n<li>Als externer Standard f\u00fcr die Phosphor-31-Kernspinresonanz.<\/li>\n<li>In Phosphors\u00e4ure-Brennstoffzellen.<\/li>\n<li>In der Aktivkohleproduktion.<\/li>\n<li>Bei der Verarbeitung von Verbindungshalbleitern zum selektiven \u00c4tzen von Indiumgalliumarsenid gegen\u00fcber Indiumphosphid.<\/li>\n<li>In der Mikrofabrikation, um Siliziumnitrid selektiv gegen\u00fcber Siliziumdioxid zu \u00e4tzen.<\/li>\n<li>Als pH-Regler in Kosmetika und Hautpflegeprodukten.<\/li>\n<li>Als Desinfektionsmittel in der Milch-, Lebensmittel- und Brauindustrie.<\/li>\n<\/ul>\n<p><strong>Sicherheit<\/strong><br \/>\nEs wurde ein Zusammenhang zwischen langfristigem regelm\u00e4\u00dfigen Cola-Konsum und Osteoporose im sp\u00e4teren mittleren Alter bei Frauen (jedoch nicht bei M\u00e4nnern) nachgewiesen. Es wurde angenommen, dass dies auf das Vorhandensein von Phosphors\u00e4ure zur\u00fcckzuf\u00fchren ist, und es wurde festgestellt, dass das Risiko f\u00fcr Frauen bei gezuckerten und koffeinhaltigen Cola-Varianten gr\u00f6\u00dfer ist als bei Di\u00e4t- und entkoffeinierten Varianten, wobei ein h\u00f6herer Cola-Konsum mit einer geringeren Knochendichte korreliert.<\/p>\n<p>In m\u00e4\u00dfigen Konzentrationen wirken Phosphors\u00e4urel\u00f6sungen reizend auf die Haut. Der Kontakt mit konzentrierten L\u00f6sungen kann zu schweren Hautverbrennungen und bleibenden Augensch\u00e4den f\u00fchren.<\/p>\n","protected":false},"excerpt":{"rendered":"<p><strong>Summenformel der Orthophosphors\u00e4ure: H3PO4<\/strong><br \/>\nINDEX: 015-011-00-6<br \/>\nCAS: 7664-38-2<br \/>\nEC: 231-633-2<\/p>\n<p><strong>IUPAC-Name<\/strong><br \/>\nPhosphors\u00e4ure<\/p>\n<p>Anwendungen von Orthophosphors\u00e4ure: als Zwischenprodukt in der chemischen Synthese, als Bestandteil in Mischungen, als Metalloberfl\u00e4chenbehandlungsmittel, als Wasch- und Reinigungsmittel, als Zusatzstoff in der chemischen Industrie, als D\u00fcngemittel, als Hilfsstoff beim L\u00f6ten, in Polier- und Wachsmischungen, in Entkalkungsmitteln.<br \/>\nPhosphors\u00e4ure wird in Lebensmitteln als Zusatzstoff (Zusatzstoff E338), in Kosmetika und in Futtermitteln verwendet.<\/p>\n","protected":false},"featured_media":5293,"template":"","meta":[],"product_brand":[],"product_cat":[78,110,132,86,89],"product_tag":[],"class_list":{"0":"post-5281","1":"product","2":"type-product","3":"status-publish","4":"has-post-thumbnail","6":"product_cat-automobilchemie","7":"product_cat-chemie-der-metallbearbeitung","8":"product_cat-dungemittel","9":"product_cat-nicht-kategorisiert","10":"product_cat-pharmazeutische-produkte","12":"first","13":"instock","14":"taxable","15":"shipping-taxable","16":"purchasable","17":"product-type-variable","18":"has-default-attributes"},"yoast_head":"<!-- This site is optimized with the Yoast SEO plugin v27.5 - https:\/\/yoast.com\/product\/yoast-seo-wordpress\/ -->\n<title>Orthophosphors\u00e4ure 85 % (CAS 7664-38-2) - MasterChem<\/title>\n<meta name=\"description\" content=\"Phosphors\u00e4ure, auch Orthophosphors\u00e4ure oder Phosphor(V)s\u00e4ure genannt, ist eine schwache S\u00e4ure mit der chemischen Formel H3PO4. CAS: 7664-38-2. Normalerweise liegt es als farbloser Sirup mit einer Konzentration von 85 % in Wasser vor. Die reine Verbindung ist ein farbloser Feststoff.\" \/>\n<meta name=\"robots\" content=\"index, follow, max-snippet:-1, max-image-preview:large, max-video-preview:-1\" \/>\n<link rel=\"canonical\" href=\"https:\/\/masterchem.es\/de\/produkt\/orthophosphorsaure-85-cas-7664-38-2\/\" \/>\n<meta property=\"og:locale\" content=\"de_DE\" \/>\n<meta property=\"og:type\" content=\"article\" \/>\n<meta property=\"og:title\" content=\"Orthophosphors\u00e4ure 85 % (CAS 7664-38-2) - MasterChem\" \/>\n<meta property=\"og:description\" content=\"Phosphors\u00e4ure, auch Orthophosphors\u00e4ure oder Phosphor(V)s\u00e4ure genannt, ist eine schwache S\u00e4ure mit der chemischen Formel H3PO4. CAS: 7664-38-2. Normalerweise liegt es als farbloser Sirup mit einer Konzentration von 85 % in Wasser vor. Die reine Verbindung ist ein farbloser Feststoff.\" \/>\n<meta property=\"og:url\" content=\"https:\/\/masterchem.es\/de\/produkt\/orthophosphorsaure-85-cas-7664-38-2\/\" \/>\n<meta property=\"og:site_name\" content=\"MasterChem\" \/>\n<meta property=\"article:modified_time\" content=\"2023-05-11T08:29:57+00:00\" \/>\n<meta property=\"og:image\" content=\"https:\/\/masterchem.es\/wp-content\/uploads\/2023\/05\/Acido-ortofosforico-85-CAS-7664-38-2-1000l-MasterChem.jpg\" \/>\n\t<meta property=\"og:image:width\" content=\"1000\" \/>\n\t<meta property=\"og:image:height\" content=\"1000\" \/>\n\t<meta property=\"og:image:type\" content=\"image\/jpeg\" \/>\n<meta name=\"twitter:card\" content=\"summary_large_image\" \/>\n<meta name=\"twitter:label1\" content=\"Gesch\u00e4tzte Lesezeit\" \/>\n\t<meta name=\"twitter:data1\" content=\"1 Minute\" \/>\n<script type=\"application\/ld+json\" class=\"yoast-schema-graph\">{\"@context\":\"https:\\\/\\\/schema.org\",\"@graph\":[{\"@type\":\"WebPage\",\"@id\":\"https:\\\/\\\/masterchem.es\\\/de\\\/produkt\\\/orthophosphorsaure-85-cas-7664-38-2\\\/\",\"url\":\"https:\\\/\\\/masterchem.es\\\/de\\\/produkt\\\/orthophosphorsaure-85-cas-7664-38-2\\\/\",\"name\":\"Orthophosphors\u00e4ure 85 % (CAS 7664-38-2) - MasterChem\",\"isPartOf\":{\"@id\":\"https:\\\/\\\/masterchem.es\\\/de\\\/#website\"},\"primaryImageOfPage\":{\"@id\":\"https:\\\/\\\/masterchem.es\\\/de\\\/produkt\\\/orthophosphorsaure-85-cas-7664-38-2\\\/#primaryimage\"},\"image\":{\"@id\":\"https:\\\/\\\/masterchem.es\\\/de\\\/produkt\\\/orthophosphorsaure-85-cas-7664-38-2\\\/#primaryimage\"},\"thumbnailUrl\":\"https:\\\/\\\/masterchem.es\\\/wp-content\\\/uploads\\\/2023\\\/05\\\/Acido-ortofosforico-85-CAS-7664-38-2-1000l-MasterChem.jpg\",\"datePublished\":\"2023-05-11T08:15:51+00:00\",\"dateModified\":\"2023-05-11T08:29:57+00:00\",\"description\":\"Phosphors\u00e4ure, auch Orthophosphors\u00e4ure oder Phosphor(V)s\u00e4ure genannt, ist eine schwache S\u00e4ure mit der chemischen Formel H3PO4. CAS: 7664-38-2. Normalerweise liegt es als farbloser Sirup mit einer Konzentration von 85 % in Wasser vor. Die reine Verbindung ist ein farbloser Feststoff.\",\"breadcrumb\":{\"@id\":\"https:\\\/\\\/masterchem.es\\\/de\\\/produkt\\\/orthophosphorsaure-85-cas-7664-38-2\\\/#breadcrumb\"},\"inLanguage\":\"de-DE\",\"potentialAction\":[{\"@type\":\"ReadAction\",\"target\":[\"https:\\\/\\\/masterchem.es\\\/de\\\/produkt\\\/orthophosphorsaure-85-cas-7664-38-2\\\/\"]}]},{\"@type\":\"ImageObject\",\"inLanguage\":\"de-DE\",\"@id\":\"https:\\\/\\\/masterchem.es\\\/de\\\/produkt\\\/orthophosphorsaure-85-cas-7664-38-2\\\/#primaryimage\",\"url\":\"https:\\\/\\\/masterchem.es\\\/wp-content\\\/uploads\\\/2023\\\/05\\\/Acido-ortofosforico-85-CAS-7664-38-2-1000l-MasterChem.jpg\",\"contentUrl\":\"https:\\\/\\\/masterchem.es\\\/wp-content\\\/uploads\\\/2023\\\/05\\\/Acido-ortofosforico-85-CAS-7664-38-2-1000l-MasterChem.jpg\",\"width\":1000,\"height\":1000},{\"@type\":\"BreadcrumbList\",\"@id\":\"https:\\\/\\\/masterchem.es\\\/de\\\/produkt\\\/orthophosphorsaure-85-cas-7664-38-2\\\/#breadcrumb\",\"itemListElement\":[{\"@type\":\"ListItem\",\"position\":1,\"name\":\"Home\",\"item\":\"https:\\\/\\\/masterchem.es\\\/de\\\/\"},{\"@type\":\"ListItem\",\"position\":2,\"name\":\"Tienda\",\"item\":\"https:\\\/\\\/masterchem.es\\\/tienda\\\/\"},{\"@type\":\"ListItem\",\"position\":3,\"name\":\"Orthophosphors\u00e4ure 85 % (CAS 7664-38-2)\"}]},{\"@type\":\"WebSite\",\"@id\":\"https:\\\/\\\/masterchem.es\\\/de\\\/#website\",\"url\":\"https:\\\/\\\/masterchem.es\\\/de\\\/\",\"name\":\"MasterChem\",\"description\":\"proveedor de productos qu&iacute;micos\",\"potentialAction\":[{\"@type\":\"SearchAction\",\"target\":{\"@type\":\"EntryPoint\",\"urlTemplate\":\"https:\\\/\\\/masterchem.es\\\/de\\\/?s={search_term_string}\"},\"query-input\":{\"@type\":\"PropertyValueSpecification\",\"valueRequired\":true,\"valueName\":\"search_term_string\"}}],\"inLanguage\":\"de-DE\"}]}<\/script>\n<!-- \/ Yoast SEO plugin. -->","yoast_head_json":{"title":"Orthophosphors\u00e4ure 85 % (CAS 7664-38-2) - MasterChem","description":"Phosphors\u00e4ure, auch Orthophosphors\u00e4ure oder Phosphor(V)s\u00e4ure genannt, ist eine schwache S\u00e4ure mit der chemischen Formel H3PO4. CAS: 7664-38-2. Normalerweise liegt es als farbloser Sirup mit einer Konzentration von 85 % in Wasser vor. Die reine Verbindung ist ein farbloser Feststoff.","robots":{"index":"index","follow":"follow","max-snippet":"max-snippet:-1","max-image-preview":"max-image-preview:large","max-video-preview":"max-video-preview:-1"},"canonical":"https:\/\/masterchem.es\/de\/produkt\/orthophosphorsaure-85-cas-7664-38-2\/","og_locale":"de_DE","og_type":"article","og_title":"Orthophosphors\u00e4ure 85 % (CAS 7664-38-2) - MasterChem","og_description":"Phosphors\u00e4ure, auch Orthophosphors\u00e4ure oder Phosphor(V)s\u00e4ure genannt, ist eine schwache S\u00e4ure mit der chemischen Formel H3PO4. CAS: 7664-38-2. Normalerweise liegt es als farbloser Sirup mit einer Konzentration von 85 % in Wasser vor. Die reine Verbindung ist ein farbloser Feststoff.","og_url":"https:\/\/masterchem.es\/de\/produkt\/orthophosphorsaure-85-cas-7664-38-2\/","og_site_name":"MasterChem","article_modified_time":"2023-05-11T08:29:57+00:00","og_image":[{"width":1000,"height":1000,"url":"https:\/\/masterchem.es\/wp-content\/uploads\/2023\/05\/Acido-ortofosforico-85-CAS-7664-38-2-1000l-MasterChem.jpg","type":"image\/jpeg"}],"twitter_card":"summary_large_image","twitter_misc":{"Gesch\u00e4tzte Lesezeit":"1 Minute"},"schema":{"@context":"https:\/\/schema.org","@graph":[{"@type":"WebPage","@id":"https:\/\/masterchem.es\/de\/produkt\/orthophosphorsaure-85-cas-7664-38-2\/","url":"https:\/\/masterchem.es\/de\/produkt\/orthophosphorsaure-85-cas-7664-38-2\/","name":"Orthophosphors\u00e4ure 85 % (CAS 7664-38-2) - MasterChem","isPartOf":{"@id":"https:\/\/masterchem.es\/de\/#website"},"primaryImageOfPage":{"@id":"https:\/\/masterchem.es\/de\/produkt\/orthophosphorsaure-85-cas-7664-38-2\/#primaryimage"},"image":{"@id":"https:\/\/masterchem.es\/de\/produkt\/orthophosphorsaure-85-cas-7664-38-2\/#primaryimage"},"thumbnailUrl":"https:\/\/masterchem.es\/wp-content\/uploads\/2023\/05\/Acido-ortofosforico-85-CAS-7664-38-2-1000l-MasterChem.jpg","datePublished":"2023-05-11T08:15:51+00:00","dateModified":"2023-05-11T08:29:57+00:00","description":"Phosphors\u00e4ure, auch Orthophosphors\u00e4ure oder Phosphor(V)s\u00e4ure genannt, ist eine schwache S\u00e4ure mit der chemischen Formel H3PO4. CAS: 7664-38-2. Normalerweise liegt es als farbloser Sirup mit einer Konzentration von 85 % in Wasser vor. Die reine Verbindung ist ein farbloser Feststoff.","breadcrumb":{"@id":"https:\/\/masterchem.es\/de\/produkt\/orthophosphorsaure-85-cas-7664-38-2\/#breadcrumb"},"inLanguage":"de-DE","potentialAction":[{"@type":"ReadAction","target":["https:\/\/masterchem.es\/de\/produkt\/orthophosphorsaure-85-cas-7664-38-2\/"]}]},{"@type":"ImageObject","inLanguage":"de-DE","@id":"https:\/\/masterchem.es\/de\/produkt\/orthophosphorsaure-85-cas-7664-38-2\/#primaryimage","url":"https:\/\/masterchem.es\/wp-content\/uploads\/2023\/05\/Acido-ortofosforico-85-CAS-7664-38-2-1000l-MasterChem.jpg","contentUrl":"https:\/\/masterchem.es\/wp-content\/uploads\/2023\/05\/Acido-ortofosforico-85-CAS-7664-38-2-1000l-MasterChem.jpg","width":1000,"height":1000},{"@type":"BreadcrumbList","@id":"https:\/\/masterchem.es\/de\/produkt\/orthophosphorsaure-85-cas-7664-38-2\/#breadcrumb","itemListElement":[{"@type":"ListItem","position":1,"name":"Home","item":"https:\/\/masterchem.es\/de\/"},{"@type":"ListItem","position":2,"name":"Tienda","item":"https:\/\/masterchem.es\/tienda\/"},{"@type":"ListItem","position":3,"name":"Orthophosphors\u00e4ure 85 % (CAS 7664-38-2)"}]},{"@type":"WebSite","@id":"https:\/\/masterchem.es\/de\/#website","url":"https:\/\/masterchem.es\/de\/","name":"MasterChem","description":"proveedor de productos qu&iacute;micos","potentialAction":[{"@type":"SearchAction","target":{"@type":"EntryPoint","urlTemplate":"https:\/\/masterchem.es\/de\/?s={search_term_string}"},"query-input":{"@type":"PropertyValueSpecification","valueRequired":true,"valueName":"search_term_string"}}],"inLanguage":"de-DE"}]}},"_links":{"self":[{"href":"https:\/\/masterchem.es\/de\/wp-json\/wp\/v2\/product\/5281","targetHints":{"allow":["GET"]}}],"collection":[{"href":"https:\/\/masterchem.es\/de\/wp-json\/wp\/v2\/product"}],"about":[{"href":"https:\/\/masterchem.es\/de\/wp-json\/wp\/v2\/types\/product"}],"wp:featuredmedia":[{"embeddable":true,"href":"https:\/\/masterchem.es\/de\/wp-json\/wp\/v2\/media\/5293"}],"wp:attachment":[{"href":"https:\/\/masterchem.es\/de\/wp-json\/wp\/v2\/media?parent=5281"}],"wp:term":[{"taxonomy":"product_brand","embeddable":true,"href":"https:\/\/masterchem.es\/de\/wp-json\/wp\/v2\/product_brand?post=5281"},{"taxonomy":"product_cat","embeddable":true,"href":"https:\/\/masterchem.es\/de\/wp-json\/wp\/v2\/product_cat?post=5281"},{"taxonomy":"product_tag","embeddable":true,"href":"https:\/\/masterchem.es\/de\/wp-json\/wp\/v2\/product_tag?post=5281"}],"curies":[{"name":"wp","href":"https:\/\/api.w.org\/{rel}","templated":true}]}}