{"id":5302,"date":"2023-05-11T08:52:50","date_gmt":"2023-05-11T08:52:50","guid":{"rendered":"https:\/\/masterchem.es\/?post_type=product&#038;p=5302"},"modified":"2023-05-11T09:34:16","modified_gmt":"2023-05-11T09:34:16","slug":"flussigkeit-fur-kamine-bioethanol","status":"publish","type":"product","link":"https:\/\/masterchem.es\/de\/produkt\/flussigkeit-fur-kamine-bioethanol\/","title":{"rendered":"Fl\u00fcssigkeit f\u00fcr Kamine (Bioethanol)"},"content":{"rendered":"<p><strong>Beschreibung: <\/strong><\/p>\n<p>Ethanol (auch Ethylalkohol, Getreidealkohol oder einfach Alkohol genannt) ist eine chemische Verbindung, ein einfacher Alkohol mit der chemischen Formel C2H6O. Seine Formel kann auch als CH3-CH2-OH oder C2H5OH (eine an eine Hydroxylgruppe gebundene Ethylgruppe) geschrieben werden und wird oft als EtOH abgek\u00fcrzt. Ethanol ist eine fl\u00fcchtige, brennbare, farblose Fl\u00fcssigkeit mit leicht charakteristischem Geruch.<br \/>\nWir bieten ausschlie\u00dflich verg\u00e4lltes Ethanol an.<\/p>\n<p><strong>CAS-Nummer 64-17-5<\/strong><\/p>\n<p><strong>EG-Nummer 200-578-6<\/strong><\/p>\n","protected":false},"excerpt":{"rendered":"<p>&#8211; Sicherster Fl\u00fcssigbrennstoff f\u00fcr die Verwendung von Bio-Ethanol-Kaminen ohne Abzug in Innenr\u00e4umen. Speziell f\u00fcr den Innenbereich entwickelt, eignet sich aber auch hervorragend f\u00fcr den Au\u00dfenbereich<\/p>\n<p>Keine Emission gef\u00e4hrlicher D\u00e4mpfe oder Giftstoffe \u2013 reiner Bio-Ethanol-Kraftstoff<\/p>\n<p>Saubere Verbrennung, kein Ru\u00df oder Asche<\/p>\n<p>Brenndauer bis zu 5 Stunden, abh\u00e4ngig vom Kaminmodell und Brennerdesign.<\/p>\n","protected":false},"featured_media":5355,"template":"","meta":[],"product_brand":[],"product_cat":[84,86],"product_tag":[],"class_list":{"0":"post-5302","1":"product","2":"type-product","3":"status-publish","4":"has-post-thumbnail","6":"product_cat-bausektor","7":"product_cat-nicht-kategorisiert","9":"first","10":"instock","11":"taxable","12":"shipping-taxable","13":"purchasable","14":"product-type-variable","15":"has-default-attributes"},"yoast_head":"<!-- This site is optimized with the Yoast SEO plugin v27.5 - https:\/\/yoast.com\/product\/yoast-seo-wordpress\/ -->\n<title>Fl\u00fcssigkeit f\u00fcr Kamine (Bioethanol) - MasterChem<\/title>\n<meta name=\"description\" content=\"Sicherster Fl\u00fcssigbrennstoff f\u00fcr die Verwendung von Bio-Ethanol-Kaminen ohne Abzug in Innenr\u00e4umen. Speziell f\u00fcr den Innenbereich entwickelt, eignet sich aber auch hervorragend f\u00fcr den Au\u00dfenbereich. Saubere Verbrennung, kein Ru\u00df oder Asche.\" \/>\n<meta name=\"robots\" content=\"index, follow, max-snippet:-1, max-image-preview:large, max-video-preview:-1\" \/>\n<link rel=\"canonical\" href=\"https:\/\/masterchem.es\/de\/produkt\/flussigkeit-fur-kamine-bioethanol\/\" \/>\n<meta property=\"og:locale\" content=\"de_DE\" \/>\n<meta property=\"og:type\" content=\"article\" \/>\n<meta property=\"og:title\" content=\"Fl\u00fcssigkeit f\u00fcr Kamine (Bioethanol) - MasterChem\" \/>\n<meta property=\"og:description\" content=\"Sicherster Fl\u00fcssigbrennstoff f\u00fcr die Verwendung von Bio-Ethanol-Kaminen ohne Abzug in Innenr\u00e4umen. Speziell f\u00fcr den Innenbereich entwickelt, eignet sich aber auch hervorragend f\u00fcr den Au\u00dfenbereich. Saubere Verbrennung, kein Ru\u00df oder Asche.\" \/>\n<meta property=\"og:url\" content=\"https:\/\/masterchem.es\/de\/produkt\/flussigkeit-fur-kamine-bioethanol\/\" \/>\n<meta property=\"og:site_name\" content=\"MasterChem\" \/>\n<meta property=\"article:modified_time\" content=\"2023-05-11T09:34:16+00:00\" \/>\n<meta property=\"og:image\" content=\"https:\/\/masterchem.es\/wp-content\/uploads\/2023\/05\/Liquido-para-chimeneas-bioetanol-1000l-MasterChem.jpg\" \/>\n\t<meta property=\"og:image:width\" content=\"1000\" \/>\n\t<meta property=\"og:image:height\" content=\"1000\" \/>\n\t<meta property=\"og:image:type\" content=\"image\/jpeg\" \/>\n<meta name=\"twitter:card\" content=\"summary_large_image\" \/>\n<script type=\"application\/ld+json\" class=\"yoast-schema-graph\">{\"@context\":\"https:\\\/\\\/schema.org\",\"@graph\":[{\"@type\":\"WebPage\",\"@id\":\"https:\\\/\\\/masterchem.es\\\/de\\\/produkt\\\/flussigkeit-fur-kamine-bioethanol\\\/\",\"url\":\"https:\\\/\\\/masterchem.es\\\/de\\\/produkt\\\/flussigkeit-fur-kamine-bioethanol\\\/\",\"name\":\"Fl\u00fcssigkeit f\u00fcr Kamine (Bioethanol) - MasterChem\",\"isPartOf\":{\"@id\":\"https:\\\/\\\/masterchem.es\\\/de\\\/#website\"},\"primaryImageOfPage\":{\"@id\":\"https:\\\/\\\/masterchem.es\\\/de\\\/produkt\\\/flussigkeit-fur-kamine-bioethanol\\\/#primaryimage\"},\"image\":{\"@id\":\"https:\\\/\\\/masterchem.es\\\/de\\\/produkt\\\/flussigkeit-fur-kamine-bioethanol\\\/#primaryimage\"},\"thumbnailUrl\":\"https:\\\/\\\/masterchem.es\\\/wp-content\\\/uploads\\\/2023\\\/05\\\/Liquido-para-chimeneas-bioetanol-1000l-MasterChem.jpg\",\"datePublished\":\"2023-05-11T08:52:50+00:00\",\"dateModified\":\"2023-05-11T09:34:16+00:00\",\"description\":\"Sicherster Fl\u00fcssigbrennstoff f\u00fcr die Verwendung von Bio-Ethanol-Kaminen ohne Abzug in Innenr\u00e4umen. Speziell f\u00fcr den Innenbereich entwickelt, eignet sich aber auch hervorragend f\u00fcr den Au\u00dfenbereich. Saubere Verbrennung, kein Ru\u00df oder Asche.\",\"breadcrumb\":{\"@id\":\"https:\\\/\\\/masterchem.es\\\/de\\\/produkt\\\/flussigkeit-fur-kamine-bioethanol\\\/#breadcrumb\"},\"inLanguage\":\"de-DE\",\"potentialAction\":[{\"@type\":\"ReadAction\",\"target\":[\"https:\\\/\\\/masterchem.es\\\/de\\\/produkt\\\/flussigkeit-fur-kamine-bioethanol\\\/\"]}]},{\"@type\":\"ImageObject\",\"inLanguage\":\"de-DE\",\"@id\":\"https:\\\/\\\/masterchem.es\\\/de\\\/produkt\\\/flussigkeit-fur-kamine-bioethanol\\\/#primaryimage\",\"url\":\"https:\\\/\\\/masterchem.es\\\/wp-content\\\/uploads\\\/2023\\\/05\\\/Liquido-para-chimeneas-bioetanol-1000l-MasterChem.jpg\",\"contentUrl\":\"https:\\\/\\\/masterchem.es\\\/wp-content\\\/uploads\\\/2023\\\/05\\\/Liquido-para-chimeneas-bioetanol-1000l-MasterChem.jpg\",\"width\":1000,\"height\":1000},{\"@type\":\"BreadcrumbList\",\"@id\":\"https:\\\/\\\/masterchem.es\\\/de\\\/produkt\\\/flussigkeit-fur-kamine-bioethanol\\\/#breadcrumb\",\"itemListElement\":[{\"@type\":\"ListItem\",\"position\":1,\"name\":\"Home\",\"item\":\"https:\\\/\\\/masterchem.es\\\/de\\\/\"},{\"@type\":\"ListItem\",\"position\":2,\"name\":\"Tienda\",\"item\":\"https:\\\/\\\/masterchem.es\\\/tienda\\\/\"},{\"@type\":\"ListItem\",\"position\":3,\"name\":\"Fl\u00fcssigkeit f\u00fcr Kamine (Bioethanol)\"}]},{\"@type\":\"WebSite\",\"@id\":\"https:\\\/\\\/masterchem.es\\\/de\\\/#website\",\"url\":\"https:\\\/\\\/masterchem.es\\\/de\\\/\",\"name\":\"MasterChem\",\"description\":\"proveedor de productos qu&iacute;micos\",\"potentialAction\":[{\"@type\":\"SearchAction\",\"target\":{\"@type\":\"EntryPoint\",\"urlTemplate\":\"https:\\\/\\\/masterchem.es\\\/de\\\/?s={search_term_string}\"},\"query-input\":{\"@type\":\"PropertyValueSpecification\",\"valueRequired\":true,\"valueName\":\"search_term_string\"}}],\"inLanguage\":\"de-DE\"}]}<\/script>\n<!-- \/ Yoast SEO plugin. -->","yoast_head_json":{"title":"Fl\u00fcssigkeit f\u00fcr Kamine (Bioethanol) - MasterChem","description":"Sicherster Fl\u00fcssigbrennstoff f\u00fcr die Verwendung von Bio-Ethanol-Kaminen ohne Abzug in Innenr\u00e4umen. Speziell f\u00fcr den Innenbereich entwickelt, eignet sich aber auch hervorragend f\u00fcr den Au\u00dfenbereich. Saubere Verbrennung, kein Ru\u00df oder Asche.","robots":{"index":"index","follow":"follow","max-snippet":"max-snippet:-1","max-image-preview":"max-image-preview:large","max-video-preview":"max-video-preview:-1"},"canonical":"https:\/\/masterchem.es\/de\/produkt\/flussigkeit-fur-kamine-bioethanol\/","og_locale":"de_DE","og_type":"article","og_title":"Fl\u00fcssigkeit f\u00fcr Kamine (Bioethanol) - MasterChem","og_description":"Sicherster Fl\u00fcssigbrennstoff f\u00fcr die Verwendung von Bio-Ethanol-Kaminen ohne Abzug in Innenr\u00e4umen. Speziell f\u00fcr den Innenbereich entwickelt, eignet sich aber auch hervorragend f\u00fcr den Au\u00dfenbereich. Saubere Verbrennung, kein Ru\u00df oder Asche.","og_url":"https:\/\/masterchem.es\/de\/produkt\/flussigkeit-fur-kamine-bioethanol\/","og_site_name":"MasterChem","article_modified_time":"2023-05-11T09:34:16+00:00","og_image":[{"width":1000,"height":1000,"url":"https:\/\/masterchem.es\/wp-content\/uploads\/2023\/05\/Liquido-para-chimeneas-bioetanol-1000l-MasterChem.jpg","type":"image\/jpeg"}],"twitter_card":"summary_large_image","schema":{"@context":"https:\/\/schema.org","@graph":[{"@type":"WebPage","@id":"https:\/\/masterchem.es\/de\/produkt\/flussigkeit-fur-kamine-bioethanol\/","url":"https:\/\/masterchem.es\/de\/produkt\/flussigkeit-fur-kamine-bioethanol\/","name":"Fl\u00fcssigkeit f\u00fcr Kamine (Bioethanol) - MasterChem","isPartOf":{"@id":"https:\/\/masterchem.es\/de\/#website"},"primaryImageOfPage":{"@id":"https:\/\/masterchem.es\/de\/produkt\/flussigkeit-fur-kamine-bioethanol\/#primaryimage"},"image":{"@id":"https:\/\/masterchem.es\/de\/produkt\/flussigkeit-fur-kamine-bioethanol\/#primaryimage"},"thumbnailUrl":"https:\/\/masterchem.es\/wp-content\/uploads\/2023\/05\/Liquido-para-chimeneas-bioetanol-1000l-MasterChem.jpg","datePublished":"2023-05-11T08:52:50+00:00","dateModified":"2023-05-11T09:34:16+00:00","description":"Sicherster Fl\u00fcssigbrennstoff f\u00fcr die Verwendung von Bio-Ethanol-Kaminen ohne Abzug in Innenr\u00e4umen. Speziell f\u00fcr den Innenbereich entwickelt, eignet sich aber auch hervorragend f\u00fcr den Au\u00dfenbereich. Saubere Verbrennung, kein Ru\u00df oder Asche.","breadcrumb":{"@id":"https:\/\/masterchem.es\/de\/produkt\/flussigkeit-fur-kamine-bioethanol\/#breadcrumb"},"inLanguage":"de-DE","potentialAction":[{"@type":"ReadAction","target":["https:\/\/masterchem.es\/de\/produkt\/flussigkeit-fur-kamine-bioethanol\/"]}]},{"@type":"ImageObject","inLanguage":"de-DE","@id":"https:\/\/masterchem.es\/de\/produkt\/flussigkeit-fur-kamine-bioethanol\/#primaryimage","url":"https:\/\/masterchem.es\/wp-content\/uploads\/2023\/05\/Liquido-para-chimeneas-bioetanol-1000l-MasterChem.jpg","contentUrl":"https:\/\/masterchem.es\/wp-content\/uploads\/2023\/05\/Liquido-para-chimeneas-bioetanol-1000l-MasterChem.jpg","width":1000,"height":1000},{"@type":"BreadcrumbList","@id":"https:\/\/masterchem.es\/de\/produkt\/flussigkeit-fur-kamine-bioethanol\/#breadcrumb","itemListElement":[{"@type":"ListItem","position":1,"name":"Home","item":"https:\/\/masterchem.es\/de\/"},{"@type":"ListItem","position":2,"name":"Tienda","item":"https:\/\/masterchem.es\/tienda\/"},{"@type":"ListItem","position":3,"name":"Fl\u00fcssigkeit f\u00fcr Kamine (Bioethanol)"}]},{"@type":"WebSite","@id":"https:\/\/masterchem.es\/de\/#website","url":"https:\/\/masterchem.es\/de\/","name":"MasterChem","description":"proveedor de productos qu&iacute;micos","potentialAction":[{"@type":"SearchAction","target":{"@type":"EntryPoint","urlTemplate":"https:\/\/masterchem.es\/de\/?s={search_term_string}"},"query-input":{"@type":"PropertyValueSpecification","valueRequired":true,"valueName":"search_term_string"}}],"inLanguage":"de-DE"}]}},"_links":{"self":[{"href":"https:\/\/masterchem.es\/de\/wp-json\/wp\/v2\/product\/5302","targetHints":{"allow":["GET"]}}],"collection":[{"href":"https:\/\/masterchem.es\/de\/wp-json\/wp\/v2\/product"}],"about":[{"href":"https:\/\/masterchem.es\/de\/wp-json\/wp\/v2\/types\/product"}],"wp:featuredmedia":[{"embeddable":true,"href":"https:\/\/masterchem.es\/de\/wp-json\/wp\/v2\/media\/5355"}],"wp:attachment":[{"href":"https:\/\/masterchem.es\/de\/wp-json\/wp\/v2\/media?parent=5302"}],"wp:term":[{"taxonomy":"product_brand","embeddable":true,"href":"https:\/\/masterchem.es\/de\/wp-json\/wp\/v2\/product_brand?post=5302"},{"taxonomy":"product_cat","embeddable":true,"href":"https:\/\/masterchem.es\/de\/wp-json\/wp\/v2\/product_cat?post=5302"},{"taxonomy":"product_tag","embeddable":true,"href":"https:\/\/masterchem.es\/de\/wp-json\/wp\/v2\/product_tag?post=5302"}],"curies":[{"name":"wp","href":"https:\/\/api.w.org\/{rel}","templated":true}]}}