{"id":5368,"date":"2023-05-11T11:39:03","date_gmt":"2023-05-11T11:39:03","guid":{"rendered":"https:\/\/masterchem.es\/?post_type=product&#038;p=5368"},"modified":"2023-05-11T11:50:38","modified_gmt":"2023-05-11T11:50:38","slug":"verdunner-bc06-3019","status":"publish","type":"product","link":"https:\/\/masterchem.es\/de\/produkt\/verdunner-bc06-3019\/","title":{"rendered":"Verd\u00fcnner BC06-3019"},"content":{"rendered":"<p>H226 Fl\u00fcssigkeit und Dampf entz\u00fcndbar; <br \/>\nH332 \u2013 Gesundheitssch\u00e4dlich bei Einatmen; <br \/>\nH312 Gesundheitssch\u00e4dlich bei Hautkontakt; <br \/>\nH315 \u2013 Verursacht Hautreizungen; <br \/>\nH304 \u2013 Kann bei Verschlucken und Eindringen t\u00f6dlich sein; <br \/>\nP201 \u2013 Vor Gebrauch besondere Anweisungen einholen; <br \/>\nP280 \u2013 Schutzhandschuhe\/Schutzkleidung\/Augenschutz\/Gesichtsschutz tragen; <br \/>\nP261 \u2013 Einatmen von Staub\/Rauch\/Gas\/meistens\/D\u00e4mpfen\/Aerosol vermeiden; <br \/>\nP301+P310 \u2013 BEI VERSCHLUCKEN: Sofort GIFTINFORMATIONSZENTRUM oder Arzt anrufen; <br \/>\nP302+P352 \u2013 BEI BER\u00dcHRUNG MIT DER HAUT: Mit Wasser und Seife waschen; <br \/>\nP305+P351+P338 \u2013 BEI KONTAKT MIT DEN AUGEN: Einige Minuten lang vorsichtig mit Wasser sp\u00fclen. Entfernen Sie Kontaktlinsen, falls vorhanden und einfach m\u00f6glich. Sp\u00fclen Sie weiter; <br \/>\nP331 \u2013 KEIN Erbrechen herbeif\u00fchren; <br \/>\nP403+P235+P233 \u2013 An einem gut bel\u00fcfteten Ort aufbewahren. Beh\u00e4lter k\u00fchl und fest verschlossen halten; <br \/>\nNur f\u00fcr professionelle Anwendung. Warnung! Vermeiden Sie es, die Anweisungen vor der Verwendung zu lesen!<\/p>\n","protected":false},"excerpt":{"rendered":"<p>L\u00f6sungsmittel BC06-3019 \u2013 Bremsenreiniger, der Schmutz effektiv entfernt.<br \/>\nEin sehr schnell verdunstendes Reinigungsmittel, das kleinste \u00d6lpartikel von der Oberfl\u00e4che entfernt.<br \/>\nDas Besondere an unserem Produkt ist, dass es vollst\u00e4ndig fl\u00fcchtig ist und keine R\u00fcckst\u00e4nde hinterl\u00e4sst. Enth\u00e4lt kein Aceton oder Acetate. Verursacht keine Korrosion. Kann mit verschiedenen Kunststoffarten verwendet werden. Kann Gummiprodukte besch\u00e4digen.<br \/>\nZum Entfernen von Fett, \u00d6l, Ru\u00df, Bremsstaub und Fl\u00fcssigkeit. Aufgrund seiner schnellen Trocknungszeit ist es m\u00f6glich, die gereinigten Teile nahezu sofort zu verwenden und mit der Arbeit fortzufahren.<br \/>\nEs eignet sich auch als universeller technischer Reiniger f\u00fcr alle mechanischen Teile zur Reinigung von \u00d6l und anderen Verunreinigungen.<br \/>\nDas L\u00f6sungsmittel BC06-3019 kann auch zum Reinigen elektrischer Kontakte und Verbindungen verwendet werden<\/p>\n<p>Physikalische und chemische Eigenschaften:<br \/>\nFarbe: transparent, farblos.<br \/>\nGeruch: leichter Spezialgeruch<\/p>\n","protected":false},"featured_media":5416,"template":"","meta":[],"product_brand":[],"product_cat":[84,86],"product_tag":[],"class_list":{"0":"post-5368","1":"product","2":"type-product","3":"status-publish","4":"has-post-thumbnail","6":"product_cat-bausektor","7":"product_cat-nicht-kategorisiert","9":"first","10":"instock","11":"taxable","12":"shipping-taxable","13":"purchasable","14":"product-type-variable","15":"has-default-attributes"},"yoast_head":"<!-- This site is optimized with the Yoast SEO plugin v27.5 - https:\/\/yoast.com\/product\/yoast-seo-wordpress\/ -->\n<title>Verd\u00fcnner BC06-3019 - MasterChem<\/title>\n<meta name=\"description\" content=\"L\u00f6sungsmittel BC06-3019 \u2013 Bremsenreiniger, der Schmutz effektiv entfernt. Ein sehr schnell verdunstendes Reinigungsmittel, das kleinste \u00d6lpartikel von der Oberfl\u00e4che entfernt.\" \/>\n<meta name=\"robots\" content=\"index, follow, max-snippet:-1, max-image-preview:large, max-video-preview:-1\" \/>\n<link rel=\"canonical\" href=\"https:\/\/masterchem.es\/de\/produkt\/verdunner-bc06-3019\/\" \/>\n<meta property=\"og:locale\" content=\"de_DE\" \/>\n<meta property=\"og:type\" content=\"article\" \/>\n<meta property=\"og:title\" content=\"Verd\u00fcnner BC06-3019 - MasterChem\" \/>\n<meta property=\"og:description\" content=\"L\u00f6sungsmittel BC06-3019 \u2013 Bremsenreiniger, der Schmutz effektiv entfernt. Ein sehr schnell verdunstendes Reinigungsmittel, das kleinste \u00d6lpartikel von der Oberfl\u00e4che entfernt.\" \/>\n<meta property=\"og:url\" content=\"https:\/\/masterchem.es\/de\/produkt\/verdunner-bc06-3019\/\" \/>\n<meta property=\"og:site_name\" content=\"MasterChem\" \/>\n<meta property=\"article:modified_time\" content=\"2023-05-11T11:50:38+00:00\" \/>\n<meta property=\"og:image\" content=\"https:\/\/masterchem.es\/wp-content\/uploads\/2023\/05\/Diluyente-BC06-3019-1000l-MaterChem.jpg\" \/>\n\t<meta property=\"og:image:width\" content=\"1000\" \/>\n\t<meta property=\"og:image:height\" content=\"1000\" \/>\n\t<meta property=\"og:image:type\" content=\"image\/jpeg\" \/>\n<meta name=\"twitter:card\" content=\"summary_large_image\" \/>\n<meta name=\"twitter:label1\" content=\"Gesch\u00e4tzte Lesezeit\" \/>\n\t<meta name=\"twitter:data1\" content=\"1 Minute\" \/>\n<script type=\"application\/ld+json\" class=\"yoast-schema-graph\">{\"@context\":\"https:\\\/\\\/schema.org\",\"@graph\":[{\"@type\":\"WebPage\",\"@id\":\"https:\\\/\\\/masterchem.es\\\/de\\\/produkt\\\/verdunner-bc06-3019\\\/\",\"url\":\"https:\\\/\\\/masterchem.es\\\/de\\\/produkt\\\/verdunner-bc06-3019\\\/\",\"name\":\"Verd\u00fcnner BC06-3019 - MasterChem\",\"isPartOf\":{\"@id\":\"https:\\\/\\\/masterchem.es\\\/de\\\/#website\"},\"primaryImageOfPage\":{\"@id\":\"https:\\\/\\\/masterchem.es\\\/de\\\/produkt\\\/verdunner-bc06-3019\\\/#primaryimage\"},\"image\":{\"@id\":\"https:\\\/\\\/masterchem.es\\\/de\\\/produkt\\\/verdunner-bc06-3019\\\/#primaryimage\"},\"thumbnailUrl\":\"https:\\\/\\\/masterchem.es\\\/wp-content\\\/uploads\\\/2023\\\/05\\\/Diluyente-BC06-3019-1000l-MaterChem.jpg\",\"datePublished\":\"2023-05-11T11:39:03+00:00\",\"dateModified\":\"2023-05-11T11:50:38+00:00\",\"description\":\"L\u00f6sungsmittel BC06-3019 \u2013 Bremsenreiniger, der Schmutz effektiv entfernt. Ein sehr schnell verdunstendes Reinigungsmittel, das kleinste \u00d6lpartikel von der Oberfl\u00e4che entfernt.\",\"breadcrumb\":{\"@id\":\"https:\\\/\\\/masterchem.es\\\/de\\\/produkt\\\/verdunner-bc06-3019\\\/#breadcrumb\"},\"inLanguage\":\"de-DE\",\"potentialAction\":[{\"@type\":\"ReadAction\",\"target\":[\"https:\\\/\\\/masterchem.es\\\/de\\\/produkt\\\/verdunner-bc06-3019\\\/\"]}]},{\"@type\":\"ImageObject\",\"inLanguage\":\"de-DE\",\"@id\":\"https:\\\/\\\/masterchem.es\\\/de\\\/produkt\\\/verdunner-bc06-3019\\\/#primaryimage\",\"url\":\"https:\\\/\\\/masterchem.es\\\/wp-content\\\/uploads\\\/2023\\\/05\\\/Diluyente-BC06-3019-1000l-MaterChem.jpg\",\"contentUrl\":\"https:\\\/\\\/masterchem.es\\\/wp-content\\\/uploads\\\/2023\\\/05\\\/Diluyente-BC06-3019-1000l-MaterChem.jpg\",\"width\":1000,\"height\":1000},{\"@type\":\"BreadcrumbList\",\"@id\":\"https:\\\/\\\/masterchem.es\\\/de\\\/produkt\\\/verdunner-bc06-3019\\\/#breadcrumb\",\"itemListElement\":[{\"@type\":\"ListItem\",\"position\":1,\"name\":\"Home\",\"item\":\"https:\\\/\\\/masterchem.es\\\/de\\\/\"},{\"@type\":\"ListItem\",\"position\":2,\"name\":\"Tienda\",\"item\":\"https:\\\/\\\/masterchem.es\\\/tienda\\\/\"},{\"@type\":\"ListItem\",\"position\":3,\"name\":\"Verd\u00fcnner BC06-3019\"}]},{\"@type\":\"WebSite\",\"@id\":\"https:\\\/\\\/masterchem.es\\\/de\\\/#website\",\"url\":\"https:\\\/\\\/masterchem.es\\\/de\\\/\",\"name\":\"MasterChem\",\"description\":\"proveedor de productos qu&iacute;micos\",\"potentialAction\":[{\"@type\":\"SearchAction\",\"target\":{\"@type\":\"EntryPoint\",\"urlTemplate\":\"https:\\\/\\\/masterchem.es\\\/de\\\/?s={search_term_string}\"},\"query-input\":{\"@type\":\"PropertyValueSpecification\",\"valueRequired\":true,\"valueName\":\"search_term_string\"}}],\"inLanguage\":\"de-DE\"}]}<\/script>\n<!-- \/ Yoast SEO plugin. -->","yoast_head_json":{"title":"Verd\u00fcnner BC06-3019 - MasterChem","description":"L\u00f6sungsmittel BC06-3019 \u2013 Bremsenreiniger, der Schmutz effektiv entfernt. Ein sehr schnell verdunstendes Reinigungsmittel, das kleinste \u00d6lpartikel von der Oberfl\u00e4che entfernt.","robots":{"index":"index","follow":"follow","max-snippet":"max-snippet:-1","max-image-preview":"max-image-preview:large","max-video-preview":"max-video-preview:-1"},"canonical":"https:\/\/masterchem.es\/de\/produkt\/verdunner-bc06-3019\/","og_locale":"de_DE","og_type":"article","og_title":"Verd\u00fcnner BC06-3019 - MasterChem","og_description":"L\u00f6sungsmittel BC06-3019 \u2013 Bremsenreiniger, der Schmutz effektiv entfernt. Ein sehr schnell verdunstendes Reinigungsmittel, das kleinste \u00d6lpartikel von der Oberfl\u00e4che entfernt.","og_url":"https:\/\/masterchem.es\/de\/produkt\/verdunner-bc06-3019\/","og_site_name":"MasterChem","article_modified_time":"2023-05-11T11:50:38+00:00","og_image":[{"width":1000,"height":1000,"url":"https:\/\/masterchem.es\/wp-content\/uploads\/2023\/05\/Diluyente-BC06-3019-1000l-MaterChem.jpg","type":"image\/jpeg"}],"twitter_card":"summary_large_image","twitter_misc":{"Gesch\u00e4tzte Lesezeit":"1 Minute"},"schema":{"@context":"https:\/\/schema.org","@graph":[{"@type":"WebPage","@id":"https:\/\/masterchem.es\/de\/produkt\/verdunner-bc06-3019\/","url":"https:\/\/masterchem.es\/de\/produkt\/verdunner-bc06-3019\/","name":"Verd\u00fcnner BC06-3019 - MasterChem","isPartOf":{"@id":"https:\/\/masterchem.es\/de\/#website"},"primaryImageOfPage":{"@id":"https:\/\/masterchem.es\/de\/produkt\/verdunner-bc06-3019\/#primaryimage"},"image":{"@id":"https:\/\/masterchem.es\/de\/produkt\/verdunner-bc06-3019\/#primaryimage"},"thumbnailUrl":"https:\/\/masterchem.es\/wp-content\/uploads\/2023\/05\/Diluyente-BC06-3019-1000l-MaterChem.jpg","datePublished":"2023-05-11T11:39:03+00:00","dateModified":"2023-05-11T11:50:38+00:00","description":"L\u00f6sungsmittel BC06-3019 \u2013 Bremsenreiniger, der Schmutz effektiv entfernt. Ein sehr schnell verdunstendes Reinigungsmittel, das kleinste \u00d6lpartikel von der Oberfl\u00e4che entfernt.","breadcrumb":{"@id":"https:\/\/masterchem.es\/de\/produkt\/verdunner-bc06-3019\/#breadcrumb"},"inLanguage":"de-DE","potentialAction":[{"@type":"ReadAction","target":["https:\/\/masterchem.es\/de\/produkt\/verdunner-bc06-3019\/"]}]},{"@type":"ImageObject","inLanguage":"de-DE","@id":"https:\/\/masterchem.es\/de\/produkt\/verdunner-bc06-3019\/#primaryimage","url":"https:\/\/masterchem.es\/wp-content\/uploads\/2023\/05\/Diluyente-BC06-3019-1000l-MaterChem.jpg","contentUrl":"https:\/\/masterchem.es\/wp-content\/uploads\/2023\/05\/Diluyente-BC06-3019-1000l-MaterChem.jpg","width":1000,"height":1000},{"@type":"BreadcrumbList","@id":"https:\/\/masterchem.es\/de\/produkt\/verdunner-bc06-3019\/#breadcrumb","itemListElement":[{"@type":"ListItem","position":1,"name":"Home","item":"https:\/\/masterchem.es\/de\/"},{"@type":"ListItem","position":2,"name":"Tienda","item":"https:\/\/masterchem.es\/tienda\/"},{"@type":"ListItem","position":3,"name":"Verd\u00fcnner BC06-3019"}]},{"@type":"WebSite","@id":"https:\/\/masterchem.es\/de\/#website","url":"https:\/\/masterchem.es\/de\/","name":"MasterChem","description":"proveedor de productos qu&iacute;micos","potentialAction":[{"@type":"SearchAction","target":{"@type":"EntryPoint","urlTemplate":"https:\/\/masterchem.es\/de\/?s={search_term_string}"},"query-input":{"@type":"PropertyValueSpecification","valueRequired":true,"valueName":"search_term_string"}}],"inLanguage":"de-DE"}]}},"_links":{"self":[{"href":"https:\/\/masterchem.es\/de\/wp-json\/wp\/v2\/product\/5368","targetHints":{"allow":["GET"]}}],"collection":[{"href":"https:\/\/masterchem.es\/de\/wp-json\/wp\/v2\/product"}],"about":[{"href":"https:\/\/masterchem.es\/de\/wp-json\/wp\/v2\/types\/product"}],"wp:featuredmedia":[{"embeddable":true,"href":"https:\/\/masterchem.es\/de\/wp-json\/wp\/v2\/media\/5416"}],"wp:attachment":[{"href":"https:\/\/masterchem.es\/de\/wp-json\/wp\/v2\/media?parent=5368"}],"wp:term":[{"taxonomy":"product_brand","embeddable":true,"href":"https:\/\/masterchem.es\/de\/wp-json\/wp\/v2\/product_brand?post=5368"},{"taxonomy":"product_cat","embeddable":true,"href":"https:\/\/masterchem.es\/de\/wp-json\/wp\/v2\/product_cat?post=5368"},{"taxonomy":"product_tag","embeddable":true,"href":"https:\/\/masterchem.es\/de\/wp-json\/wp\/v2\/product_tag?post=5368"}],"curies":[{"name":"wp","href":"https:\/\/api.w.org\/{rel}","templated":true}]}}