{"id":5434,"date":"2023-05-11T11:56:43","date_gmt":"2023-05-11T11:56:43","guid":{"rendered":"https:\/\/masterchem.es\/?post_type=product&#038;p=5434"},"modified":"2023-05-11T12:07:03","modified_gmt":"2023-05-11T12:07:03","slug":"master-cleaner-hit-11","status":"publish","type":"product","link":"https:\/\/masterchem.es\/de\/produkt\/master-cleaner-hit-11\/","title":{"rendered":"Master Cleaner Hit 11"},"content":{"rendered":"<p><strong>Gebrauchsanweisung.<\/strong><br \/>\n1. Arbeitsl\u00f6sung vorbereiten. Achtung: Um starke Schaumbildung bei der Zubereitung der Reinigungsl\u00f6sung zu vermeiden, m\u00fcssen Sie<br \/>\nSie sollten das Produkt dem Wasser hinzuf\u00fcgen und nicht umgekehrt. Es wird empfohlen, neutrales Wasser zu verwenden. Jedes Wasser kann sein<br \/>\nWird zum Entfernen von Schmutz von kontaminierten Oberfl\u00e4chen und zum Sp\u00fclen verwendet.<br \/>\n2. Tragen Sie die Arbeitsl\u00f6sung mit einem Spr\u00fchger\u00e4t, einem Tuch oder einem Schwamm auf die kontaminierte Oberfl\u00e4che auf (bei Verwendung eines Kerchers).<br \/>\nGer\u00e4t: Schlie\u00dfen Sie das Ger\u00e4t an neutrales Wasser an. Tragen Sie die resultierende L\u00f6sung auf und bew\u00e4ssern Sie die kontaminierte Oberfl\u00e4che<br \/>\nunten nach oben.)<br \/>\n3. Eine Weile einwirken lassen, ohne zu trocknen<br \/>\n\u2022 Um bestimmte Verunreinigungen zu entfernen, ist deren mechanische Entfernung zul\u00e4ssig. Zur Reinigung von extremen Verunreinigungen<br \/>\n(einschlie\u00dflich \u00d6len) wird empfohlen, eine Arbeitsl\u00f6sung aus 40 % Produkt und 60 % Wasser zu verwenden;<br \/>\n\u2022 Bei starker Verschmutzung: 30 % Produkt, 70 % Wasser<br \/>\n\u2022 Eine Erh\u00f6hung der Waschmittelkonzentration \u00fcber 50 % verbessert die Waschmitteleigenschaften nicht. Unverd\u00fcnnt mit Wasser<br \/>\nProdukt funktioniert \u00fcberhaupt nicht<br \/>\n\u2022 Bei der Reinigung herk\u00f6mmlicher Verunreinigungen kann die Produktkonzentration von 5 % auf 0,1 % reduziert werden<br \/>\n(Je nach Art und Grad der Verschmutzung).<br \/>\n\u2022 4. Am Ende der Behandlung waschen Sie die Arbeitsfl\u00e4che mit Wasser (unter Druck oder manuell).<br \/>\n\u2022 Lagerbedingungen: In der Originalverpackung bei einer Temperatur von nicht weniger als 4 \u00b0C lagern.<\/p>\n<p>H225 \u2013 Leicht entz\u00fcndliche Fl\u00fcssigkeit und Dampf; H304 \u2013 Kann bei Verschlucken und Eindringen in die Atemwege t\u00f6dlich sein; H315 \u2013 Verursacht Hautreizungen; H335 \u2013 Kann die Atemwege reizen; H336 \u2013 Kann Schl\u00e4frigkeit und Benommenheit verursachen; H361d \u2013 Kann vermutlich das ungeborene Kind sch\u00e4digen; H373 \u2013 Kann bei l\u00e4ngerer oder wiederholter Exposition Organsch\u00e4den verursachen; P201 \u2013 Vor Gebrauch besondere Anweisungen einholen; P210 \u2013 Von Hitze\/Funken\/offener Flamme\/hei\u00dfen Oberfl\u00e4chen fernhalten. Rauchen verboten; P260 \u2013 Staub\/Rauch\/Gas\/Nebel\/Dampf\/Aerosol nicht einatmen; P280 \u2013 Schutzhandschuhe\/Schutzkleidung\/Augenschutz\/Gesichtsschutz tragen; P314 \u2013 Bei Unwohlsein \u00e4rztlichen Rat einholen\/\u00e4rztliche Hilfe hinzuziehen; P403+P235 \u2013 An einem gut bel\u00fcfteten Ort aufbewahren. Bleib ruhig.<br \/>\nNur f\u00fcr professionelle Anwendung. Warnung! Vermeiden Sie es, die Anweisungen vor der Verwendung zu lesen!<\/p>\n","protected":false},"excerpt":{"rendered":"<p><strong>Konzentrat eines universellen Reinigungsmittels mit alkalischen Eigenschaften auf Wasserbasis.<\/strong><br \/>\nMaster Cleaner Hit 11 MasterChem \u2013 ist ein konzentriertes Universalreinigungsmittel mit alkalischen Eigenschaften auf Wasserbasis. (pH-Konzentrat 12). Entfernt problemlos \u00d6l- und Fettverschmutzungen, Spuren von Klebeband, Farbe, Markierungen usw. Es kann auf verschiedenen Oberfl\u00e4chen verwendet werden, aber bei der Arbeit mit Nichteisenmetallen ist Vorsicht geboten!<\/p>\n<p>Hat extreme Reinigungs- und Entfettungseigenschaften und erm\u00f6glicht so eine Zeitersparnis von bis zu 70 %.<br \/>\nErzeugt eine antistatische Wirkung, kann in Dampferzeugern und Hei\u00dfnebelanlagen verwendet werden, reinigt gr\u00fcndlich und schnell \u2013 spart bis zu 70 % der normalerweise aufgewendeten Zeit. Entfernt problemlos alle Verunreinigungen, einschlie\u00dflich \u00d6l, von verschiedenen Oberfl\u00e4chen. Entfernt unangenehme Ger\u00fcche, sicher f\u00fcr Leder und Kleidung enthalten Phosphate, biologisch abbaubar, nicht brennbar, nicht fl\u00fcchtig, kosteng\u00fcnstig in der Anwendung. Empfohlene Temperatur in der Arbeitsl\u00f6sung 30\u201360 \u00b0C. \u2013 bei steigender Temperatur erh\u00f6ht sich die Produkteffizienz<\/p>\n","protected":false},"featured_media":5470,"template":"","meta":[],"product_brand":[],"product_cat":[78,84,110,86],"product_tag":[],"class_list":{"0":"post-5434","1":"product","2":"type-product","3":"status-publish","4":"has-post-thumbnail","6":"product_cat-automobilchemie","7":"product_cat-bausektor","8":"product_cat-chemie-der-metallbearbeitung","9":"product_cat-nicht-kategorisiert","11":"first","12":"instock","13":"taxable","14":"shipping-taxable","15":"purchasable","16":"product-type-variable","17":"has-default-attributes"},"yoast_head":"<!-- This site is optimized with the Yoast SEO plugin v27.5 - https:\/\/yoast.com\/product\/yoast-seo-wordpress\/ -->\n<title>Master Cleaner Hit 11 - MasterChem<\/title>\n<meta name=\"description\" content=\"Master Cleaner Hit 11 MasterChem \u2013 ist ein konzentriertes Universalreinigungsmittel mit alkalischen Eigenschaften auf Wasserbasis.\" \/>\n<meta name=\"robots\" content=\"index, follow, max-snippet:-1, max-image-preview:large, max-video-preview:-1\" \/>\n<link rel=\"canonical\" href=\"https:\/\/masterchem.es\/de\/produkt\/master-cleaner-hit-11\/\" \/>\n<meta property=\"og:locale\" content=\"de_DE\" \/>\n<meta property=\"og:type\" content=\"article\" \/>\n<meta property=\"og:title\" content=\"Master Cleaner Hit 11 - MasterChem\" \/>\n<meta property=\"og:description\" content=\"Master Cleaner Hit 11 MasterChem \u2013 ist ein konzentriertes Universalreinigungsmittel mit alkalischen Eigenschaften auf Wasserbasis.\" \/>\n<meta property=\"og:url\" content=\"https:\/\/masterchem.es\/de\/produkt\/master-cleaner-hit-11\/\" \/>\n<meta property=\"og:site_name\" content=\"MasterChem\" \/>\n<meta property=\"article:modified_time\" content=\"2023-05-11T12:07:03+00:00\" \/>\n<meta property=\"og:image\" content=\"https:\/\/masterchem.es\/wp-content\/uploads\/2023\/05\/Master-Cleaner-Hit-11-1000l-MaterChem.jpg\" \/>\n\t<meta property=\"og:image:width\" content=\"1000\" \/>\n\t<meta property=\"og:image:height\" content=\"1000\" \/>\n\t<meta property=\"og:image:type\" content=\"image\/jpeg\" \/>\n<meta name=\"twitter:card\" content=\"summary_large_image\" \/>\n<meta name=\"twitter:label1\" content=\"Gesch\u00e4tzte Lesezeit\" \/>\n\t<meta name=\"twitter:data1\" content=\"2 Minuten\" \/>\n<script type=\"application\/ld+json\" class=\"yoast-schema-graph\">{\"@context\":\"https:\\\/\\\/schema.org\",\"@graph\":[{\"@type\":\"WebPage\",\"@id\":\"https:\\\/\\\/masterchem.es\\\/de\\\/produkt\\\/master-cleaner-hit-11\\\/\",\"url\":\"https:\\\/\\\/masterchem.es\\\/de\\\/produkt\\\/master-cleaner-hit-11\\\/\",\"name\":\"Master Cleaner Hit 11 - MasterChem\",\"isPartOf\":{\"@id\":\"https:\\\/\\\/masterchem.es\\\/de\\\/#website\"},\"primaryImageOfPage\":{\"@id\":\"https:\\\/\\\/masterchem.es\\\/de\\\/produkt\\\/master-cleaner-hit-11\\\/#primaryimage\"},\"image\":{\"@id\":\"https:\\\/\\\/masterchem.es\\\/de\\\/produkt\\\/master-cleaner-hit-11\\\/#primaryimage\"},\"thumbnailUrl\":\"https:\\\/\\\/masterchem.es\\\/wp-content\\\/uploads\\\/2023\\\/05\\\/Master-Cleaner-Hit-11-1000l-MaterChem.jpg\",\"datePublished\":\"2023-05-11T11:56:43+00:00\",\"dateModified\":\"2023-05-11T12:07:03+00:00\",\"description\":\"Master Cleaner Hit 11 MasterChem \u2013 ist ein konzentriertes Universalreinigungsmittel mit alkalischen Eigenschaften auf Wasserbasis.\",\"breadcrumb\":{\"@id\":\"https:\\\/\\\/masterchem.es\\\/de\\\/produkt\\\/master-cleaner-hit-11\\\/#breadcrumb\"},\"inLanguage\":\"de-DE\",\"potentialAction\":[{\"@type\":\"ReadAction\",\"target\":[\"https:\\\/\\\/masterchem.es\\\/de\\\/produkt\\\/master-cleaner-hit-11\\\/\"]}]},{\"@type\":\"ImageObject\",\"inLanguage\":\"de-DE\",\"@id\":\"https:\\\/\\\/masterchem.es\\\/de\\\/produkt\\\/master-cleaner-hit-11\\\/#primaryimage\",\"url\":\"https:\\\/\\\/masterchem.es\\\/wp-content\\\/uploads\\\/2023\\\/05\\\/Master-Cleaner-Hit-11-1000l-MaterChem.jpg\",\"contentUrl\":\"https:\\\/\\\/masterchem.es\\\/wp-content\\\/uploads\\\/2023\\\/05\\\/Master-Cleaner-Hit-11-1000l-MaterChem.jpg\",\"width\":1000,\"height\":1000},{\"@type\":\"BreadcrumbList\",\"@id\":\"https:\\\/\\\/masterchem.es\\\/de\\\/produkt\\\/master-cleaner-hit-11\\\/#breadcrumb\",\"itemListElement\":[{\"@type\":\"ListItem\",\"position\":1,\"name\":\"Home\",\"item\":\"https:\\\/\\\/masterchem.es\\\/de\\\/\"},{\"@type\":\"ListItem\",\"position\":2,\"name\":\"Tienda\",\"item\":\"https:\\\/\\\/masterchem.es\\\/tienda\\\/\"},{\"@type\":\"ListItem\",\"position\":3,\"name\":\"Master Cleaner Hit 11\"}]},{\"@type\":\"WebSite\",\"@id\":\"https:\\\/\\\/masterchem.es\\\/de\\\/#website\",\"url\":\"https:\\\/\\\/masterchem.es\\\/de\\\/\",\"name\":\"MasterChem\",\"description\":\"proveedor de productos qu&iacute;micos\",\"potentialAction\":[{\"@type\":\"SearchAction\",\"target\":{\"@type\":\"EntryPoint\",\"urlTemplate\":\"https:\\\/\\\/masterchem.es\\\/de\\\/?s={search_term_string}\"},\"query-input\":{\"@type\":\"PropertyValueSpecification\",\"valueRequired\":true,\"valueName\":\"search_term_string\"}}],\"inLanguage\":\"de-DE\"}]}<\/script>\n<!-- \/ Yoast SEO plugin. -->","yoast_head_json":{"title":"Master Cleaner Hit 11 - MasterChem","description":"Master Cleaner Hit 11 MasterChem \u2013 ist ein konzentriertes Universalreinigungsmittel mit alkalischen Eigenschaften auf Wasserbasis.","robots":{"index":"index","follow":"follow","max-snippet":"max-snippet:-1","max-image-preview":"max-image-preview:large","max-video-preview":"max-video-preview:-1"},"canonical":"https:\/\/masterchem.es\/de\/produkt\/master-cleaner-hit-11\/","og_locale":"de_DE","og_type":"article","og_title":"Master Cleaner Hit 11 - MasterChem","og_description":"Master Cleaner Hit 11 MasterChem \u2013 ist ein konzentriertes Universalreinigungsmittel mit alkalischen Eigenschaften auf Wasserbasis.","og_url":"https:\/\/masterchem.es\/de\/produkt\/master-cleaner-hit-11\/","og_site_name":"MasterChem","article_modified_time":"2023-05-11T12:07:03+00:00","og_image":[{"width":1000,"height":1000,"url":"https:\/\/masterchem.es\/wp-content\/uploads\/2023\/05\/Master-Cleaner-Hit-11-1000l-MaterChem.jpg","type":"image\/jpeg"}],"twitter_card":"summary_large_image","twitter_misc":{"Gesch\u00e4tzte Lesezeit":"2 Minuten"},"schema":{"@context":"https:\/\/schema.org","@graph":[{"@type":"WebPage","@id":"https:\/\/masterchem.es\/de\/produkt\/master-cleaner-hit-11\/","url":"https:\/\/masterchem.es\/de\/produkt\/master-cleaner-hit-11\/","name":"Master Cleaner Hit 11 - MasterChem","isPartOf":{"@id":"https:\/\/masterchem.es\/de\/#website"},"primaryImageOfPage":{"@id":"https:\/\/masterchem.es\/de\/produkt\/master-cleaner-hit-11\/#primaryimage"},"image":{"@id":"https:\/\/masterchem.es\/de\/produkt\/master-cleaner-hit-11\/#primaryimage"},"thumbnailUrl":"https:\/\/masterchem.es\/wp-content\/uploads\/2023\/05\/Master-Cleaner-Hit-11-1000l-MaterChem.jpg","datePublished":"2023-05-11T11:56:43+00:00","dateModified":"2023-05-11T12:07:03+00:00","description":"Master Cleaner Hit 11 MasterChem \u2013 ist ein konzentriertes Universalreinigungsmittel mit alkalischen Eigenschaften auf Wasserbasis.","breadcrumb":{"@id":"https:\/\/masterchem.es\/de\/produkt\/master-cleaner-hit-11\/#breadcrumb"},"inLanguage":"de-DE","potentialAction":[{"@type":"ReadAction","target":["https:\/\/masterchem.es\/de\/produkt\/master-cleaner-hit-11\/"]}]},{"@type":"ImageObject","inLanguage":"de-DE","@id":"https:\/\/masterchem.es\/de\/produkt\/master-cleaner-hit-11\/#primaryimage","url":"https:\/\/masterchem.es\/wp-content\/uploads\/2023\/05\/Master-Cleaner-Hit-11-1000l-MaterChem.jpg","contentUrl":"https:\/\/masterchem.es\/wp-content\/uploads\/2023\/05\/Master-Cleaner-Hit-11-1000l-MaterChem.jpg","width":1000,"height":1000},{"@type":"BreadcrumbList","@id":"https:\/\/masterchem.es\/de\/produkt\/master-cleaner-hit-11\/#breadcrumb","itemListElement":[{"@type":"ListItem","position":1,"name":"Home","item":"https:\/\/masterchem.es\/de\/"},{"@type":"ListItem","position":2,"name":"Tienda","item":"https:\/\/masterchem.es\/tienda\/"},{"@type":"ListItem","position":3,"name":"Master Cleaner Hit 11"}]},{"@type":"WebSite","@id":"https:\/\/masterchem.es\/de\/#website","url":"https:\/\/masterchem.es\/de\/","name":"MasterChem","description":"proveedor de productos qu&iacute;micos","potentialAction":[{"@type":"SearchAction","target":{"@type":"EntryPoint","urlTemplate":"https:\/\/masterchem.es\/de\/?s={search_term_string}"},"query-input":{"@type":"PropertyValueSpecification","valueRequired":true,"valueName":"search_term_string"}}],"inLanguage":"de-DE"}]}},"_links":{"self":[{"href":"https:\/\/masterchem.es\/de\/wp-json\/wp\/v2\/product\/5434","targetHints":{"allow":["GET"]}}],"collection":[{"href":"https:\/\/masterchem.es\/de\/wp-json\/wp\/v2\/product"}],"about":[{"href":"https:\/\/masterchem.es\/de\/wp-json\/wp\/v2\/types\/product"}],"wp:featuredmedia":[{"embeddable":true,"href":"https:\/\/masterchem.es\/de\/wp-json\/wp\/v2\/media\/5470"}],"wp:attachment":[{"href":"https:\/\/masterchem.es\/de\/wp-json\/wp\/v2\/media?parent=5434"}],"wp:term":[{"taxonomy":"product_brand","embeddable":true,"href":"https:\/\/masterchem.es\/de\/wp-json\/wp\/v2\/product_brand?post=5434"},{"taxonomy":"product_cat","embeddable":true,"href":"https:\/\/masterchem.es\/de\/wp-json\/wp\/v2\/product_cat?post=5434"},{"taxonomy":"product_tag","embeddable":true,"href":"https:\/\/masterchem.es\/de\/wp-json\/wp\/v2\/product_tag?post=5434"}],"curies":[{"name":"wp","href":"https:\/\/api.w.org\/{rel}","templated":true}]}}