{"id":5488,"date":"2023-05-11T13:01:14","date_gmt":"2023-05-11T13:01:14","guid":{"rendered":"https:\/\/masterchem.es\/?post_type=product&#038;p=5488"},"modified":"2023-05-11T13:07:03","modified_gmt":"2023-05-11T13:07:03","slug":"zinknitrat-hexahydrat-cas-10196-18-6","status":"publish","type":"product","link":"https:\/\/masterchem.es\/de\/produkt\/zinknitrat-hexahydrat-cas-10196-18-6\/","title":{"rendered":"Zinknitrat-Hexahydrat (CAS 10196-18-6)"},"content":{"rendered":"<p><strong>Verwendungen<\/strong><br \/>\nDie Verbindung wird als Beizmittel beim F\u00e4rben und als Latexkoagulans verwendet. Es wird auch als S\u00e4urekatalysator und als analytischer Standard f\u00fcr Zink verwendet.<br \/>\n<strong>Vorbereitung<\/strong><br \/>\nZinknitrat wird durch Reaktion von Zinkmetall, Zinkoxid oder Zinkhydroxid mit Salpeters\u00e4ure und anschlie\u00dfende Kristallisation hergestellt. Das Salz wird als Hexahydrat gewonnen:<br \/>\nZn + 2HNO3 \u2192 Zn(NO3)2 + H2<br \/>\nZnO + 2HNO3 \u2192 Zn(NO3)2 + H2O<br \/>\nZn(OH)2 + 2HNO3 \u2192 Zn(NO3)2 + 2H2O<br \/>\nDas Salz wird im Handel auch in Form von geschmolzenen St\u00fccken und technischen Flocken verkauft, die etwa 20 % bzw. 25,6 % Wasser enthalten.<\/p>\n<p><strong>Branchen<\/strong><\/p>\n<p>Farben und Lacke, Haushaltschemikalien, Kosmetikindustrie, A-Z-Katalog, Klebstoffe, \u00d6le, Fette, Pharmazeutische Industrie, Bauchemie, Harze, Kunststoffe, Polyurethane<\/p>\n<p>WE-Nummer: 231-943-8<br \/>\nChemische Formel: Zn(NO3)2\u00b76H2O<br \/>\nMolmasse: 189,36 g\/mol<br \/>\nADR: UN1514<\/p>\n<p><strong>Andere physikalische Eigenschaften<\/strong><\/p>\n<p>pH-Wert: 5,1 (50 g\/l H2O, 20\u00b0C)<br \/>\nSchmelz-\/Gefrierpunkt: 36\u00b0C<br \/>\nRelative Dichte: 2,06 g\/cm3 (20\u00b0C)<br \/>\nL\u00f6slichkeit in Wasser: 1800 g\/l (20\u00b0C)<\/p>\n","protected":false},"excerpt":{"rendered":"<p><strong>Zinknitrat-Hexahydrat (CAS 10196-18-6)<\/strong><\/p>\n<p>Zinknitrat-Hexahydrat ist eine gut wasserl\u00f6sliche kristalline Zinkquelle f\u00fcr Anwendungen, die mit Nitraten und einem niedrigeren (sauren) pH-Wert kompatibel sind. Nitratverbindungen sind im Allgemeinen wasserl\u00f6slich. Nitratmaterialien sind ebenfalls Oxidationsmittel. Beim Mischen mit Kohlenwasserstoffen k\u00f6nnen Nitratverbindungen ein brennbares Gemisch bilden. Nitrate sind ausgezeichnete Vorl\u00e4ufer f\u00fcr die Herstellung ultrahochreiner Verbindungen und bestimmter Katalysatoren sowie nanoskaliger Materialien (Nanopartikel und Nanopulver). Alle metallischen Nitrate sind anorganische Salze eines bestimmten Metallkations und des Nitratanions. Das Nitrat-Anion ist ein einwertiges (-1 Ladung) mehratomiges Ion, das aus einem einzelnen Stickstoffatom besteht, das ionisch an drei Sauerstoffatome gebunden ist (Symbol: NO3), f\u00fcr ein Gesamtformelgewicht von 62,05.<\/p>\n","protected":false},"featured_media":5496,"template":"","meta":[],"product_brand":[],"product_cat":[126,101,113,86,89],"product_tag":[],"class_list":{"0":"post-5488","1":"product","2":"type-product","3":"status-publish","4":"has-post-thumbnail","6":"product_cat-industrielle-chemikalien","7":"product_cat-kosmetikindustrie","8":"product_cat-kunststoff-polyurethane","9":"product_cat-nicht-kategorisiert","10":"product_cat-pharmazeutische-produkte","12":"first","13":"instock","14":"taxable","15":"shipping-taxable","16":"purchasable","17":"product-type-variable","18":"has-default-attributes"},"yoast_head":"<!-- This site is optimized with the Yoast SEO plugin v27.5 - https:\/\/yoast.com\/product\/yoast-seo-wordpress\/ -->\n<title>Zinknitrat-Hexahydrat (CAS 10196-18-6) - MasterChem<\/title>\n<meta name=\"description\" content=\"Zinknitrat-Hexahydrat ist eine gut wasserl\u00f6sliche kristalline Zinkquelle f\u00fcr Anwendungen, die mit Nitraten und einem niedrigeren (sauren) pH-Wert kompatibel sind. Nitratverbindungen sind im Allgemeinen wasserl\u00f6slich.\" \/>\n<meta name=\"robots\" content=\"index, follow, max-snippet:-1, max-image-preview:large, max-video-preview:-1\" \/>\n<link rel=\"canonical\" href=\"https:\/\/masterchem.es\/de\/produkt\/zinknitrat-hexahydrat-cas-10196-18-6\/\" \/>\n<meta property=\"og:locale\" content=\"de_DE\" \/>\n<meta property=\"og:type\" content=\"article\" \/>\n<meta property=\"og:title\" content=\"Zinknitrat-Hexahydrat (CAS 10196-18-6) - MasterChem\" \/>\n<meta property=\"og:description\" content=\"Zinknitrat-Hexahydrat ist eine gut wasserl\u00f6sliche kristalline Zinkquelle f\u00fcr Anwendungen, die mit Nitraten und einem niedrigeren (sauren) pH-Wert kompatibel sind. Nitratverbindungen sind im Allgemeinen wasserl\u00f6slich.\" \/>\n<meta property=\"og:url\" content=\"https:\/\/masterchem.es\/de\/produkt\/zinknitrat-hexahydrat-cas-10196-18-6\/\" \/>\n<meta property=\"og:site_name\" content=\"MasterChem\" \/>\n<meta property=\"article:modified_time\" content=\"2023-05-11T13:07:03+00:00\" \/>\n<meta property=\"og:image\" content=\"https:\/\/masterchem.es\/wp-content\/uploads\/2023\/05\/Hexahidrato-de-nitrato-de-zinc-CAS-10196-18-6-25kg-MasterChem.jpg\" \/>\n\t<meta property=\"og:image:width\" content=\"1000\" \/>\n\t<meta property=\"og:image:height\" content=\"1000\" \/>\n\t<meta property=\"og:image:type\" content=\"image\/jpeg\" \/>\n<meta name=\"twitter:card\" content=\"summary_large_image\" \/>\n<meta name=\"twitter:label1\" content=\"Gesch\u00e4tzte Lesezeit\" \/>\n\t<meta name=\"twitter:data1\" content=\"1 Minute\" \/>\n<script type=\"application\/ld+json\" class=\"yoast-schema-graph\">{\"@context\":\"https:\\\/\\\/schema.org\",\"@graph\":[{\"@type\":\"WebPage\",\"@id\":\"https:\\\/\\\/masterchem.es\\\/de\\\/produkt\\\/zinknitrat-hexahydrat-cas-10196-18-6\\\/\",\"url\":\"https:\\\/\\\/masterchem.es\\\/de\\\/produkt\\\/zinknitrat-hexahydrat-cas-10196-18-6\\\/\",\"name\":\"Zinknitrat-Hexahydrat (CAS 10196-18-6) - MasterChem\",\"isPartOf\":{\"@id\":\"https:\\\/\\\/masterchem.es\\\/de\\\/#website\"},\"primaryImageOfPage\":{\"@id\":\"https:\\\/\\\/masterchem.es\\\/de\\\/produkt\\\/zinknitrat-hexahydrat-cas-10196-18-6\\\/#primaryimage\"},\"image\":{\"@id\":\"https:\\\/\\\/masterchem.es\\\/de\\\/produkt\\\/zinknitrat-hexahydrat-cas-10196-18-6\\\/#primaryimage\"},\"thumbnailUrl\":\"https:\\\/\\\/masterchem.es\\\/wp-content\\\/uploads\\\/2023\\\/05\\\/Hexahidrato-de-nitrato-de-zinc-CAS-10196-18-6-25kg-MasterChem.jpg\",\"datePublished\":\"2023-05-11T13:01:14+00:00\",\"dateModified\":\"2023-05-11T13:07:03+00:00\",\"description\":\"Zinknitrat-Hexahydrat ist eine gut wasserl\u00f6sliche kristalline Zinkquelle f\u00fcr Anwendungen, die mit Nitraten und einem niedrigeren (sauren) pH-Wert kompatibel sind. Nitratverbindungen sind im Allgemeinen wasserl\u00f6slich.\",\"breadcrumb\":{\"@id\":\"https:\\\/\\\/masterchem.es\\\/de\\\/produkt\\\/zinknitrat-hexahydrat-cas-10196-18-6\\\/#breadcrumb\"},\"inLanguage\":\"de-DE\",\"potentialAction\":[{\"@type\":\"ReadAction\",\"target\":[\"https:\\\/\\\/masterchem.es\\\/de\\\/produkt\\\/zinknitrat-hexahydrat-cas-10196-18-6\\\/\"]}]},{\"@type\":\"ImageObject\",\"inLanguage\":\"de-DE\",\"@id\":\"https:\\\/\\\/masterchem.es\\\/de\\\/produkt\\\/zinknitrat-hexahydrat-cas-10196-18-6\\\/#primaryimage\",\"url\":\"https:\\\/\\\/masterchem.es\\\/wp-content\\\/uploads\\\/2023\\\/05\\\/Hexahidrato-de-nitrato-de-zinc-CAS-10196-18-6-25kg-MasterChem.jpg\",\"contentUrl\":\"https:\\\/\\\/masterchem.es\\\/wp-content\\\/uploads\\\/2023\\\/05\\\/Hexahidrato-de-nitrato-de-zinc-CAS-10196-18-6-25kg-MasterChem.jpg\",\"width\":1000,\"height\":1000},{\"@type\":\"BreadcrumbList\",\"@id\":\"https:\\\/\\\/masterchem.es\\\/de\\\/produkt\\\/zinknitrat-hexahydrat-cas-10196-18-6\\\/#breadcrumb\",\"itemListElement\":[{\"@type\":\"ListItem\",\"position\":1,\"name\":\"Home\",\"item\":\"https:\\\/\\\/masterchem.es\\\/de\\\/\"},{\"@type\":\"ListItem\",\"position\":2,\"name\":\"Tienda\",\"item\":\"https:\\\/\\\/masterchem.es\\\/tienda\\\/\"},{\"@type\":\"ListItem\",\"position\":3,\"name\":\"Zinknitrat-Hexahydrat (CAS 10196-18-6)\"}]},{\"@type\":\"WebSite\",\"@id\":\"https:\\\/\\\/masterchem.es\\\/de\\\/#website\",\"url\":\"https:\\\/\\\/masterchem.es\\\/de\\\/\",\"name\":\"MasterChem\",\"description\":\"proveedor de productos qu&iacute;micos\",\"potentialAction\":[{\"@type\":\"SearchAction\",\"target\":{\"@type\":\"EntryPoint\",\"urlTemplate\":\"https:\\\/\\\/masterchem.es\\\/de\\\/?s={search_term_string}\"},\"query-input\":{\"@type\":\"PropertyValueSpecification\",\"valueRequired\":true,\"valueName\":\"search_term_string\"}}],\"inLanguage\":\"de-DE\"}]}<\/script>\n<!-- \/ Yoast SEO plugin. -->","yoast_head_json":{"title":"Zinknitrat-Hexahydrat (CAS 10196-18-6) - MasterChem","description":"Zinknitrat-Hexahydrat ist eine gut wasserl\u00f6sliche kristalline Zinkquelle f\u00fcr Anwendungen, die mit Nitraten und einem niedrigeren (sauren) pH-Wert kompatibel sind. Nitratverbindungen sind im Allgemeinen wasserl\u00f6slich.","robots":{"index":"index","follow":"follow","max-snippet":"max-snippet:-1","max-image-preview":"max-image-preview:large","max-video-preview":"max-video-preview:-1"},"canonical":"https:\/\/masterchem.es\/de\/produkt\/zinknitrat-hexahydrat-cas-10196-18-6\/","og_locale":"de_DE","og_type":"article","og_title":"Zinknitrat-Hexahydrat (CAS 10196-18-6) - MasterChem","og_description":"Zinknitrat-Hexahydrat ist eine gut wasserl\u00f6sliche kristalline Zinkquelle f\u00fcr Anwendungen, die mit Nitraten und einem niedrigeren (sauren) pH-Wert kompatibel sind. Nitratverbindungen sind im Allgemeinen wasserl\u00f6slich.","og_url":"https:\/\/masterchem.es\/de\/produkt\/zinknitrat-hexahydrat-cas-10196-18-6\/","og_site_name":"MasterChem","article_modified_time":"2023-05-11T13:07:03+00:00","og_image":[{"width":1000,"height":1000,"url":"https:\/\/masterchem.es\/wp-content\/uploads\/2023\/05\/Hexahidrato-de-nitrato-de-zinc-CAS-10196-18-6-25kg-MasterChem.jpg","type":"image\/jpeg"}],"twitter_card":"summary_large_image","twitter_misc":{"Gesch\u00e4tzte Lesezeit":"1 Minute"},"schema":{"@context":"https:\/\/schema.org","@graph":[{"@type":"WebPage","@id":"https:\/\/masterchem.es\/de\/produkt\/zinknitrat-hexahydrat-cas-10196-18-6\/","url":"https:\/\/masterchem.es\/de\/produkt\/zinknitrat-hexahydrat-cas-10196-18-6\/","name":"Zinknitrat-Hexahydrat (CAS 10196-18-6) - MasterChem","isPartOf":{"@id":"https:\/\/masterchem.es\/de\/#website"},"primaryImageOfPage":{"@id":"https:\/\/masterchem.es\/de\/produkt\/zinknitrat-hexahydrat-cas-10196-18-6\/#primaryimage"},"image":{"@id":"https:\/\/masterchem.es\/de\/produkt\/zinknitrat-hexahydrat-cas-10196-18-6\/#primaryimage"},"thumbnailUrl":"https:\/\/masterchem.es\/wp-content\/uploads\/2023\/05\/Hexahidrato-de-nitrato-de-zinc-CAS-10196-18-6-25kg-MasterChem.jpg","datePublished":"2023-05-11T13:01:14+00:00","dateModified":"2023-05-11T13:07:03+00:00","description":"Zinknitrat-Hexahydrat ist eine gut wasserl\u00f6sliche kristalline Zinkquelle f\u00fcr Anwendungen, die mit Nitraten und einem niedrigeren (sauren) pH-Wert kompatibel sind. Nitratverbindungen sind im Allgemeinen wasserl\u00f6slich.","breadcrumb":{"@id":"https:\/\/masterchem.es\/de\/produkt\/zinknitrat-hexahydrat-cas-10196-18-6\/#breadcrumb"},"inLanguage":"de-DE","potentialAction":[{"@type":"ReadAction","target":["https:\/\/masterchem.es\/de\/produkt\/zinknitrat-hexahydrat-cas-10196-18-6\/"]}]},{"@type":"ImageObject","inLanguage":"de-DE","@id":"https:\/\/masterchem.es\/de\/produkt\/zinknitrat-hexahydrat-cas-10196-18-6\/#primaryimage","url":"https:\/\/masterchem.es\/wp-content\/uploads\/2023\/05\/Hexahidrato-de-nitrato-de-zinc-CAS-10196-18-6-25kg-MasterChem.jpg","contentUrl":"https:\/\/masterchem.es\/wp-content\/uploads\/2023\/05\/Hexahidrato-de-nitrato-de-zinc-CAS-10196-18-6-25kg-MasterChem.jpg","width":1000,"height":1000},{"@type":"BreadcrumbList","@id":"https:\/\/masterchem.es\/de\/produkt\/zinknitrat-hexahydrat-cas-10196-18-6\/#breadcrumb","itemListElement":[{"@type":"ListItem","position":1,"name":"Home","item":"https:\/\/masterchem.es\/de\/"},{"@type":"ListItem","position":2,"name":"Tienda","item":"https:\/\/masterchem.es\/tienda\/"},{"@type":"ListItem","position":3,"name":"Zinknitrat-Hexahydrat (CAS 10196-18-6)"}]},{"@type":"WebSite","@id":"https:\/\/masterchem.es\/de\/#website","url":"https:\/\/masterchem.es\/de\/","name":"MasterChem","description":"proveedor de productos qu&iacute;micos","potentialAction":[{"@type":"SearchAction","target":{"@type":"EntryPoint","urlTemplate":"https:\/\/masterchem.es\/de\/?s={search_term_string}"},"query-input":{"@type":"PropertyValueSpecification","valueRequired":true,"valueName":"search_term_string"}}],"inLanguage":"de-DE"}]}},"_links":{"self":[{"href":"https:\/\/masterchem.es\/de\/wp-json\/wp\/v2\/product\/5488","targetHints":{"allow":["GET"]}}],"collection":[{"href":"https:\/\/masterchem.es\/de\/wp-json\/wp\/v2\/product"}],"about":[{"href":"https:\/\/masterchem.es\/de\/wp-json\/wp\/v2\/types\/product"}],"wp:featuredmedia":[{"embeddable":true,"href":"https:\/\/masterchem.es\/de\/wp-json\/wp\/v2\/media\/5496"}],"wp:attachment":[{"href":"https:\/\/masterchem.es\/de\/wp-json\/wp\/v2\/media?parent=5488"}],"wp:term":[{"taxonomy":"product_brand","embeddable":true,"href":"https:\/\/masterchem.es\/de\/wp-json\/wp\/v2\/product_brand?post=5488"},{"taxonomy":"product_cat","embeddable":true,"href":"https:\/\/masterchem.es\/de\/wp-json\/wp\/v2\/product_cat?post=5488"},{"taxonomy":"product_tag","embeddable":true,"href":"https:\/\/masterchem.es\/de\/wp-json\/wp\/v2\/product_tag?post=5488"}],"curies":[{"name":"wp","href":"https:\/\/api.w.org\/{rel}","templated":true}]}}