{"id":5505,"date":"2023-05-17T07:52:41","date_gmt":"2023-05-17T07:52:41","guid":{"rendered":"https:\/\/masterchem.es\/?post_type=product&#038;p=5505"},"modified":"2023-05-17T08:43:08","modified_gmt":"2023-05-17T08:43:08","slug":"kaliumnitrat-cas-7757-79-1","status":"publish","type":"product","link":"https:\/\/masterchem.es\/de\/produkt\/kaliumnitrat-cas-7757-79-1\/","title":{"rendered":"Kaliumnitrat (CAS 7757-79-1)"},"content":{"rendered":"<p><strong>Informationen<\/strong><br \/>\nBranchen: Haushaltschemikalien, D\u00fcngemittel, A-Z-Katalog, Gartenbau, Lebensmittelindustrie<br \/>\nZusammensetzung: Produkte A-Z, Salpeters\u00e4uresalze &#8211; Nitrate, Kaliumverbindungen, Stickstoffverbindungen<br \/>\nCAS-Nummer: 7757-79-1<br \/>\nWE-Nummer: 231-818-8<br \/>\nChemische Formel: KNO3<br \/>\nMolmasse: 101,10 g\/mol<br \/>\nADR: UN1486<\/p>\n<p><strong>Andere physikalische Eigenschaften<\/strong><\/p>\n<p>pH-Wert: 3 \u2013 11 (1 % Roztw\u00f3r)<br \/>\nSchmelz-\/Gefrierpunkt: 334\u00b0C<br \/>\nRelative Dichte: 2,1 g\/cm3<br \/>\nL\u00f6slichkeit in Wasser: 32 g\/100 ml<\/p>\n","protected":false},"excerpt":{"rendered":"<p><strong>Kaliumnitrat (CAS 7757-79-1)<\/strong><\/p>\n<p>Kaliumnitrat ist eine chemische Verbindung mit der chemischen Formel KNO3. Es ist ein ionisches Salz aus Kaliumionen K+ und Nitrationen NO3\u2212 und daher ein Alkalimetallnitrat. Es kommt in der Natur als Mineral Salpeter (im Vereinigten K\u00f6nigreich auch Salpeter) vor. Es ist eine Stickstoffquelle und Stickstoff wurde nach Salpeter benannt. Kaliumnitrat ist eine von mehreren stickstoffhaltigen Verbindungen, die zusammen als Salpeter (oder in Nordamerika Salpeter) bezeichnet werden.<\/p>\n<p>Die wichtigsten Einsatzgebiete von Kaliumnitrat sind D\u00fcngemittel, die Entfernung von Baumst\u00fcmpfen, Raketentreibstoffe und Feuerwerksk\u00f6rper. Es ist einer der Hauptbestandteile von Schie\u00dfpulver (Schwarzpulver). In verarbeitetem Fleisch reagiert Kaliumnitrat mit H\u00e4moglobin und Myoglobin und erzeugt eine blaue Farbe.<\/p>\n","protected":false},"featured_media":5513,"template":"","meta":[],"product_brand":[],"product_cat":[132,86],"product_tag":[],"class_list":{"0":"post-5505","1":"product","2":"type-product","3":"status-publish","4":"has-post-thumbnail","6":"product_cat-dungemittel","7":"product_cat-nicht-kategorisiert","9":"first","10":"instock","11":"taxable","12":"shipping-taxable","13":"purchasable","14":"product-type-variable","15":"has-default-attributes"},"yoast_head":"<!-- This site is optimized with the Yoast SEO plugin v27.5 - https:\/\/yoast.com\/product\/yoast-seo-wordpress\/ -->\n<title>Kaliumnitrat (CAS 7757-79-1) - MasterChem<\/title>\n<meta name=\"description\" content=\"Kaliumnitrat ist eine chemische Verbindung mit der chemischen Formel KNO3. Es ist ein ionisches Salz aus Kaliumionen K+ und Nitrationen NO3\u2212 und daher ein Alkalimetallnitrat.\" \/>\n<meta name=\"robots\" content=\"index, follow, max-snippet:-1, max-image-preview:large, max-video-preview:-1\" \/>\n<link rel=\"canonical\" href=\"https:\/\/masterchem.es\/de\/produkt\/kaliumnitrat-cas-7757-79-1\/\" \/>\n<meta property=\"og:locale\" content=\"de_DE\" \/>\n<meta property=\"og:type\" content=\"article\" \/>\n<meta property=\"og:title\" content=\"Kaliumnitrat (CAS 7757-79-1) - MasterChem\" \/>\n<meta property=\"og:description\" content=\"Kaliumnitrat ist eine chemische Verbindung mit der chemischen Formel KNO3. Es ist ein ionisches Salz aus Kaliumionen K+ und Nitrationen NO3\u2212 und daher ein Alkalimetallnitrat.\" \/>\n<meta property=\"og:url\" content=\"https:\/\/masterchem.es\/de\/produkt\/kaliumnitrat-cas-7757-79-1\/\" \/>\n<meta property=\"og:site_name\" content=\"MasterChem\" \/>\n<meta property=\"article:modified_time\" content=\"2023-05-17T08:43:08+00:00\" \/>\n<meta property=\"og:image\" content=\"https:\/\/masterchem.es\/wp-content\/uploads\/2023\/05\/Nitrato-de-potasio-CAS-7757-79-1-25kg-MasterChem.jpg\" \/>\n\t<meta property=\"og:image:width\" content=\"1000\" \/>\n\t<meta property=\"og:image:height\" content=\"1000\" \/>\n\t<meta property=\"og:image:type\" content=\"image\/jpeg\" \/>\n<meta name=\"twitter:card\" content=\"summary_large_image\" \/>\n<script type=\"application\/ld+json\" class=\"yoast-schema-graph\">{\"@context\":\"https:\\\/\\\/schema.org\",\"@graph\":[{\"@type\":\"WebPage\",\"@id\":\"https:\\\/\\\/masterchem.es\\\/de\\\/produkt\\\/kaliumnitrat-cas-7757-79-1\\\/\",\"url\":\"https:\\\/\\\/masterchem.es\\\/de\\\/produkt\\\/kaliumnitrat-cas-7757-79-1\\\/\",\"name\":\"Kaliumnitrat (CAS 7757-79-1) - MasterChem\",\"isPartOf\":{\"@id\":\"https:\\\/\\\/masterchem.es\\\/de\\\/#website\"},\"primaryImageOfPage\":{\"@id\":\"https:\\\/\\\/masterchem.es\\\/de\\\/produkt\\\/kaliumnitrat-cas-7757-79-1\\\/#primaryimage\"},\"image\":{\"@id\":\"https:\\\/\\\/masterchem.es\\\/de\\\/produkt\\\/kaliumnitrat-cas-7757-79-1\\\/#primaryimage\"},\"thumbnailUrl\":\"https:\\\/\\\/masterchem.es\\\/wp-content\\\/uploads\\\/2023\\\/05\\\/Nitrato-de-potasio-CAS-7757-79-1-25kg-MasterChem.jpg\",\"datePublished\":\"2023-05-17T07:52:41+00:00\",\"dateModified\":\"2023-05-17T08:43:08+00:00\",\"description\":\"Kaliumnitrat ist eine chemische Verbindung mit der chemischen Formel KNO3. Es ist ein ionisches Salz aus Kaliumionen K+ und Nitrationen NO3\u2212 und daher ein Alkalimetallnitrat.\",\"breadcrumb\":{\"@id\":\"https:\\\/\\\/masterchem.es\\\/de\\\/produkt\\\/kaliumnitrat-cas-7757-79-1\\\/#breadcrumb\"},\"inLanguage\":\"de-DE\",\"potentialAction\":[{\"@type\":\"ReadAction\",\"target\":[\"https:\\\/\\\/masterchem.es\\\/de\\\/produkt\\\/kaliumnitrat-cas-7757-79-1\\\/\"]}]},{\"@type\":\"ImageObject\",\"inLanguage\":\"de-DE\",\"@id\":\"https:\\\/\\\/masterchem.es\\\/de\\\/produkt\\\/kaliumnitrat-cas-7757-79-1\\\/#primaryimage\",\"url\":\"https:\\\/\\\/masterchem.es\\\/wp-content\\\/uploads\\\/2023\\\/05\\\/Nitrato-de-potasio-CAS-7757-79-1-25kg-MasterChem.jpg\",\"contentUrl\":\"https:\\\/\\\/masterchem.es\\\/wp-content\\\/uploads\\\/2023\\\/05\\\/Nitrato-de-potasio-CAS-7757-79-1-25kg-MasterChem.jpg\",\"width\":1000,\"height\":1000},{\"@type\":\"BreadcrumbList\",\"@id\":\"https:\\\/\\\/masterchem.es\\\/de\\\/produkt\\\/kaliumnitrat-cas-7757-79-1\\\/#breadcrumb\",\"itemListElement\":[{\"@type\":\"ListItem\",\"position\":1,\"name\":\"Home\",\"item\":\"https:\\\/\\\/masterchem.es\\\/de\\\/\"},{\"@type\":\"ListItem\",\"position\":2,\"name\":\"Tienda\",\"item\":\"https:\\\/\\\/masterchem.es\\\/tienda\\\/\"},{\"@type\":\"ListItem\",\"position\":3,\"name\":\"Kaliumnitrat (CAS 7757-79-1)\"}]},{\"@type\":\"WebSite\",\"@id\":\"https:\\\/\\\/masterchem.es\\\/de\\\/#website\",\"url\":\"https:\\\/\\\/masterchem.es\\\/de\\\/\",\"name\":\"MasterChem\",\"description\":\"proveedor de productos qu&iacute;micos\",\"potentialAction\":[{\"@type\":\"SearchAction\",\"target\":{\"@type\":\"EntryPoint\",\"urlTemplate\":\"https:\\\/\\\/masterchem.es\\\/de\\\/?s={search_term_string}\"},\"query-input\":{\"@type\":\"PropertyValueSpecification\",\"valueRequired\":true,\"valueName\":\"search_term_string\"}}],\"inLanguage\":\"de-DE\"}]}<\/script>\n<!-- \/ Yoast SEO plugin. -->","yoast_head_json":{"title":"Kaliumnitrat (CAS 7757-79-1) - MasterChem","description":"Kaliumnitrat ist eine chemische Verbindung mit der chemischen Formel KNO3. Es ist ein ionisches Salz aus Kaliumionen K+ und Nitrationen NO3\u2212 und daher ein Alkalimetallnitrat.","robots":{"index":"index","follow":"follow","max-snippet":"max-snippet:-1","max-image-preview":"max-image-preview:large","max-video-preview":"max-video-preview:-1"},"canonical":"https:\/\/masterchem.es\/de\/produkt\/kaliumnitrat-cas-7757-79-1\/","og_locale":"de_DE","og_type":"article","og_title":"Kaliumnitrat (CAS 7757-79-1) - MasterChem","og_description":"Kaliumnitrat ist eine chemische Verbindung mit der chemischen Formel KNO3. Es ist ein ionisches Salz aus Kaliumionen K+ und Nitrationen NO3\u2212 und daher ein Alkalimetallnitrat.","og_url":"https:\/\/masterchem.es\/de\/produkt\/kaliumnitrat-cas-7757-79-1\/","og_site_name":"MasterChem","article_modified_time":"2023-05-17T08:43:08+00:00","og_image":[{"width":1000,"height":1000,"url":"https:\/\/masterchem.es\/wp-content\/uploads\/2023\/05\/Nitrato-de-potasio-CAS-7757-79-1-25kg-MasterChem.jpg","type":"image\/jpeg"}],"twitter_card":"summary_large_image","schema":{"@context":"https:\/\/schema.org","@graph":[{"@type":"WebPage","@id":"https:\/\/masterchem.es\/de\/produkt\/kaliumnitrat-cas-7757-79-1\/","url":"https:\/\/masterchem.es\/de\/produkt\/kaliumnitrat-cas-7757-79-1\/","name":"Kaliumnitrat (CAS 7757-79-1) - MasterChem","isPartOf":{"@id":"https:\/\/masterchem.es\/de\/#website"},"primaryImageOfPage":{"@id":"https:\/\/masterchem.es\/de\/produkt\/kaliumnitrat-cas-7757-79-1\/#primaryimage"},"image":{"@id":"https:\/\/masterchem.es\/de\/produkt\/kaliumnitrat-cas-7757-79-1\/#primaryimage"},"thumbnailUrl":"https:\/\/masterchem.es\/wp-content\/uploads\/2023\/05\/Nitrato-de-potasio-CAS-7757-79-1-25kg-MasterChem.jpg","datePublished":"2023-05-17T07:52:41+00:00","dateModified":"2023-05-17T08:43:08+00:00","description":"Kaliumnitrat ist eine chemische Verbindung mit der chemischen Formel KNO3. Es ist ein ionisches Salz aus Kaliumionen K+ und Nitrationen NO3\u2212 und daher ein Alkalimetallnitrat.","breadcrumb":{"@id":"https:\/\/masterchem.es\/de\/produkt\/kaliumnitrat-cas-7757-79-1\/#breadcrumb"},"inLanguage":"de-DE","potentialAction":[{"@type":"ReadAction","target":["https:\/\/masterchem.es\/de\/produkt\/kaliumnitrat-cas-7757-79-1\/"]}]},{"@type":"ImageObject","inLanguage":"de-DE","@id":"https:\/\/masterchem.es\/de\/produkt\/kaliumnitrat-cas-7757-79-1\/#primaryimage","url":"https:\/\/masterchem.es\/wp-content\/uploads\/2023\/05\/Nitrato-de-potasio-CAS-7757-79-1-25kg-MasterChem.jpg","contentUrl":"https:\/\/masterchem.es\/wp-content\/uploads\/2023\/05\/Nitrato-de-potasio-CAS-7757-79-1-25kg-MasterChem.jpg","width":1000,"height":1000},{"@type":"BreadcrumbList","@id":"https:\/\/masterchem.es\/de\/produkt\/kaliumnitrat-cas-7757-79-1\/#breadcrumb","itemListElement":[{"@type":"ListItem","position":1,"name":"Home","item":"https:\/\/masterchem.es\/de\/"},{"@type":"ListItem","position":2,"name":"Tienda","item":"https:\/\/masterchem.es\/tienda\/"},{"@type":"ListItem","position":3,"name":"Kaliumnitrat (CAS 7757-79-1)"}]},{"@type":"WebSite","@id":"https:\/\/masterchem.es\/de\/#website","url":"https:\/\/masterchem.es\/de\/","name":"MasterChem","description":"proveedor de productos qu&iacute;micos","potentialAction":[{"@type":"SearchAction","target":{"@type":"EntryPoint","urlTemplate":"https:\/\/masterchem.es\/de\/?s={search_term_string}"},"query-input":{"@type":"PropertyValueSpecification","valueRequired":true,"valueName":"search_term_string"}}],"inLanguage":"de-DE"}]}},"_links":{"self":[{"href":"https:\/\/masterchem.es\/de\/wp-json\/wp\/v2\/product\/5505","targetHints":{"allow":["GET"]}}],"collection":[{"href":"https:\/\/masterchem.es\/de\/wp-json\/wp\/v2\/product"}],"about":[{"href":"https:\/\/masterchem.es\/de\/wp-json\/wp\/v2\/types\/product"}],"wp:featuredmedia":[{"embeddable":true,"href":"https:\/\/masterchem.es\/de\/wp-json\/wp\/v2\/media\/5513"}],"wp:attachment":[{"href":"https:\/\/masterchem.es\/de\/wp-json\/wp\/v2\/media?parent=5505"}],"wp:term":[{"taxonomy":"product_brand","embeddable":true,"href":"https:\/\/masterchem.es\/de\/wp-json\/wp\/v2\/product_brand?post=5505"},{"taxonomy":"product_cat","embeddable":true,"href":"https:\/\/masterchem.es\/de\/wp-json\/wp\/v2\/product_cat?post=5505"},{"taxonomy":"product_tag","embeddable":true,"href":"https:\/\/masterchem.es\/de\/wp-json\/wp\/v2\/product_tag?post=5505"}],"curies":[{"name":"wp","href":"https:\/\/api.w.org\/{rel}","templated":true}]}}