{"id":5524,"date":"2023-05-17T09:01:28","date_gmt":"2023-05-17T09:01:28","guid":{"rendered":"https:\/\/masterchem.es\/?post_type=product&#038;p=5524"},"modified":"2023-05-17T09:19:23","modified_gmt":"2023-05-17T09:19:23","slug":"natriumnitrat-cas-7631-99-4","status":"publish","type":"product","link":"https:\/\/masterchem.es\/de\/produkt\/natriumnitrat-cas-7631-99-4\/","title":{"rendered":"Natriumnitrat (CAS 7631-99-4)"},"content":{"rendered":"<p><strong>Informationen<\/strong><br \/>\nBranchen: Haushaltschemikalien, D\u00fcngemittel, A-Z-Katalog, Glas und Keramik, Gartenbau, Lebensmittelindustrie<br \/>\nZusammensetzung: Produkte A-Z, Salpeters\u00e4uresalze &#8211; Nitrate, Natriumverbindungen, Stickstoffverbindungen<br \/>\nCAS-Nummer: 7631-99-4<br \/>\nWE-Nummer: 231-554-3<br \/>\nIndexnummer: 007-010-00-4<br \/>\nChemische Formel: NaNO3<br \/>\nMolmasse: 84,99 g\/mol<br \/>\nADR: UN1498<\/p>\n<p><strong>Andere physikalische Eigenschaften<\/strong><\/p>\n<p>pH-Wert: Ok. 5-9 W Temp. 25\u00b0C 10% r-r<br \/>\nSchmelz-\/Gefrierpunkt: 307\u00b0C bei 1013 hPa<br \/>\nRelative Dichte: 2,26 g\/cm3 bei Temp. 20\u00b0C<br \/>\nL\u00f6slichkeit in Wasser: > 100 g\/l bei 20\u00b0C<\/p>\n","protected":false},"excerpt":{"rendered":"<p><strong>Natriumnitrat (CAS 7631-99-4)<\/strong><\/p>\n<p>Natriumnitrat ist die chemische Verbindung mit der Formel NaNO3. Dieses Alkalimetallnitratsalz ist auch als Chilesalpeter bekannt (gro\u00dfe Vorkommen davon wurden in der Vergangenheit in Chile abgebaut), um es vom gew\u00f6hnlichen Salpeter, dem Kaliumnitrat, zu unterscheiden. Die Mineralform ist auch als Nitratin, Nitratit oder Soda-Salpeter bekannt.<\/p>\n<p>Natriumnitrat ist ein wei\u00dfer, zerflie\u00dfender Feststoff, der sehr gut wasserl\u00f6slich ist. Es ist eine leicht verf\u00fcgbare Quelle des Nitrat-Anions (NO3\u2212), das in mehreren Reaktionen im industriellen Ma\u00dfstab zur Herstellung von D\u00fcngemitteln, Pyrotechnik und Rauchbomben, Glas- und T\u00f6pferemails, Lebensmittelkonservierungsmitteln (insbesondere Fleisch) n\u00fctzlich ist. und Feststoffraketentreibstoff. Zu diesem Zweck wurde es in gro\u00dfem Umfang abgebaut.<\/p>\n","protected":false},"featured_media":5529,"template":"","meta":[],"product_brand":[],"product_cat":[132,95,123,86],"product_tag":[],"class_list":{"0":"post-5524","1":"product","2":"type-product","3":"status-publish","4":"has-post-thumbnail","6":"product_cat-dungemittel","7":"product_cat-glas-und-keramik","8":"product_cat-nahrungsmittelindustrie","9":"product_cat-nicht-kategorisiert","11":"first","12":"instock","13":"taxable","14":"shipping-taxable","15":"purchasable","16":"product-type-variable","17":"has-default-attributes"},"yoast_head":"<!-- This site is optimized with the Yoast SEO plugin v27.5 - https:\/\/yoast.com\/product\/yoast-seo-wordpress\/ -->\n<title>Natriumnitrat (CAS 7631-99-4) - MasterChem<\/title>\n<meta name=\"description\" content=\"Natriumnitrat ist die chemische Verbindung mit der Formel NaNO3. Dieses Alkalimetallnitratsalz ist auch als Chilesalpeter bekannt, um es vom gew\u00f6hnlichen Salpeter, dem Kaliumnitrat, zu unterscheiden.\" \/>\n<meta name=\"robots\" content=\"index, follow, max-snippet:-1, max-image-preview:large, max-video-preview:-1\" \/>\n<link rel=\"canonical\" href=\"https:\/\/masterchem.es\/de\/produkt\/natriumnitrat-cas-7631-99-4\/\" \/>\n<meta property=\"og:locale\" content=\"de_DE\" \/>\n<meta property=\"og:type\" content=\"article\" \/>\n<meta property=\"og:title\" content=\"Natriumnitrat (CAS 7631-99-4) - MasterChem\" \/>\n<meta property=\"og:description\" content=\"Natriumnitrat ist die chemische Verbindung mit der Formel NaNO3. Dieses Alkalimetallnitratsalz ist auch als Chilesalpeter bekannt, um es vom gew\u00f6hnlichen Salpeter, dem Kaliumnitrat, zu unterscheiden.\" \/>\n<meta property=\"og:url\" content=\"https:\/\/masterchem.es\/de\/produkt\/natriumnitrat-cas-7631-99-4\/\" \/>\n<meta property=\"og:site_name\" content=\"MasterChem\" \/>\n<meta property=\"article:modified_time\" content=\"2023-05-17T09:19:23+00:00\" \/>\n<meta property=\"og:image\" content=\"https:\/\/masterchem.es\/wp-content\/uploads\/2023\/05\/Nitrato-de-sodio-CAS-7631-99-4-25kg-MasterChem.jpg\" \/>\n\t<meta property=\"og:image:width\" content=\"1000\" \/>\n\t<meta property=\"og:image:height\" content=\"1000\" \/>\n\t<meta property=\"og:image:type\" content=\"image\/jpeg\" \/>\n<meta name=\"twitter:card\" content=\"summary_large_image\" \/>\n<script type=\"application\/ld+json\" class=\"yoast-schema-graph\">{\"@context\":\"https:\\\/\\\/schema.org\",\"@graph\":[{\"@type\":\"WebPage\",\"@id\":\"https:\\\/\\\/masterchem.es\\\/de\\\/produkt\\\/natriumnitrat-cas-7631-99-4\\\/\",\"url\":\"https:\\\/\\\/masterchem.es\\\/de\\\/produkt\\\/natriumnitrat-cas-7631-99-4\\\/\",\"name\":\"Natriumnitrat (CAS 7631-99-4) - MasterChem\",\"isPartOf\":{\"@id\":\"https:\\\/\\\/masterchem.es\\\/de\\\/#website\"},\"primaryImageOfPage\":{\"@id\":\"https:\\\/\\\/masterchem.es\\\/de\\\/produkt\\\/natriumnitrat-cas-7631-99-4\\\/#primaryimage\"},\"image\":{\"@id\":\"https:\\\/\\\/masterchem.es\\\/de\\\/produkt\\\/natriumnitrat-cas-7631-99-4\\\/#primaryimage\"},\"thumbnailUrl\":\"https:\\\/\\\/masterchem.es\\\/wp-content\\\/uploads\\\/2023\\\/05\\\/Nitrato-de-sodio-CAS-7631-99-4-25kg-MasterChem.jpg\",\"datePublished\":\"2023-05-17T09:01:28+00:00\",\"dateModified\":\"2023-05-17T09:19:23+00:00\",\"description\":\"Natriumnitrat ist die chemische Verbindung mit der Formel NaNO3. Dieses Alkalimetallnitratsalz ist auch als Chilesalpeter bekannt, um es vom gew\u00f6hnlichen Salpeter, dem Kaliumnitrat, zu unterscheiden.\",\"breadcrumb\":{\"@id\":\"https:\\\/\\\/masterchem.es\\\/de\\\/produkt\\\/natriumnitrat-cas-7631-99-4\\\/#breadcrumb\"},\"inLanguage\":\"de-DE\",\"potentialAction\":[{\"@type\":\"ReadAction\",\"target\":[\"https:\\\/\\\/masterchem.es\\\/de\\\/produkt\\\/natriumnitrat-cas-7631-99-4\\\/\"]}]},{\"@type\":\"ImageObject\",\"inLanguage\":\"de-DE\",\"@id\":\"https:\\\/\\\/masterchem.es\\\/de\\\/produkt\\\/natriumnitrat-cas-7631-99-4\\\/#primaryimage\",\"url\":\"https:\\\/\\\/masterchem.es\\\/wp-content\\\/uploads\\\/2023\\\/05\\\/Nitrato-de-sodio-CAS-7631-99-4-25kg-MasterChem.jpg\",\"contentUrl\":\"https:\\\/\\\/masterchem.es\\\/wp-content\\\/uploads\\\/2023\\\/05\\\/Nitrato-de-sodio-CAS-7631-99-4-25kg-MasterChem.jpg\",\"width\":1000,\"height\":1000},{\"@type\":\"BreadcrumbList\",\"@id\":\"https:\\\/\\\/masterchem.es\\\/de\\\/produkt\\\/natriumnitrat-cas-7631-99-4\\\/#breadcrumb\",\"itemListElement\":[{\"@type\":\"ListItem\",\"position\":1,\"name\":\"Home\",\"item\":\"https:\\\/\\\/masterchem.es\\\/de\\\/\"},{\"@type\":\"ListItem\",\"position\":2,\"name\":\"Tienda\",\"item\":\"https:\\\/\\\/masterchem.es\\\/tienda\\\/\"},{\"@type\":\"ListItem\",\"position\":3,\"name\":\"Natriumnitrat (CAS 7631-99-4)\"}]},{\"@type\":\"WebSite\",\"@id\":\"https:\\\/\\\/masterchem.es\\\/de\\\/#website\",\"url\":\"https:\\\/\\\/masterchem.es\\\/de\\\/\",\"name\":\"MasterChem\",\"description\":\"proveedor de productos qu&iacute;micos\",\"potentialAction\":[{\"@type\":\"SearchAction\",\"target\":{\"@type\":\"EntryPoint\",\"urlTemplate\":\"https:\\\/\\\/masterchem.es\\\/de\\\/?s={search_term_string}\"},\"query-input\":{\"@type\":\"PropertyValueSpecification\",\"valueRequired\":true,\"valueName\":\"search_term_string\"}}],\"inLanguage\":\"de-DE\"}]}<\/script>\n<!-- \/ Yoast SEO plugin. -->","yoast_head_json":{"title":"Natriumnitrat (CAS 7631-99-4) - MasterChem","description":"Natriumnitrat ist die chemische Verbindung mit der Formel NaNO3. Dieses Alkalimetallnitratsalz ist auch als Chilesalpeter bekannt, um es vom gew\u00f6hnlichen Salpeter, dem Kaliumnitrat, zu unterscheiden.","robots":{"index":"index","follow":"follow","max-snippet":"max-snippet:-1","max-image-preview":"max-image-preview:large","max-video-preview":"max-video-preview:-1"},"canonical":"https:\/\/masterchem.es\/de\/produkt\/natriumnitrat-cas-7631-99-4\/","og_locale":"de_DE","og_type":"article","og_title":"Natriumnitrat (CAS 7631-99-4) - MasterChem","og_description":"Natriumnitrat ist die chemische Verbindung mit der Formel NaNO3. Dieses Alkalimetallnitratsalz ist auch als Chilesalpeter bekannt, um es vom gew\u00f6hnlichen Salpeter, dem Kaliumnitrat, zu unterscheiden.","og_url":"https:\/\/masterchem.es\/de\/produkt\/natriumnitrat-cas-7631-99-4\/","og_site_name":"MasterChem","article_modified_time":"2023-05-17T09:19:23+00:00","og_image":[{"width":1000,"height":1000,"url":"https:\/\/masterchem.es\/wp-content\/uploads\/2023\/05\/Nitrato-de-sodio-CAS-7631-99-4-25kg-MasterChem.jpg","type":"image\/jpeg"}],"twitter_card":"summary_large_image","schema":{"@context":"https:\/\/schema.org","@graph":[{"@type":"WebPage","@id":"https:\/\/masterchem.es\/de\/produkt\/natriumnitrat-cas-7631-99-4\/","url":"https:\/\/masterchem.es\/de\/produkt\/natriumnitrat-cas-7631-99-4\/","name":"Natriumnitrat (CAS 7631-99-4) - MasterChem","isPartOf":{"@id":"https:\/\/masterchem.es\/de\/#website"},"primaryImageOfPage":{"@id":"https:\/\/masterchem.es\/de\/produkt\/natriumnitrat-cas-7631-99-4\/#primaryimage"},"image":{"@id":"https:\/\/masterchem.es\/de\/produkt\/natriumnitrat-cas-7631-99-4\/#primaryimage"},"thumbnailUrl":"https:\/\/masterchem.es\/wp-content\/uploads\/2023\/05\/Nitrato-de-sodio-CAS-7631-99-4-25kg-MasterChem.jpg","datePublished":"2023-05-17T09:01:28+00:00","dateModified":"2023-05-17T09:19:23+00:00","description":"Natriumnitrat ist die chemische Verbindung mit der Formel NaNO3. Dieses Alkalimetallnitratsalz ist auch als Chilesalpeter bekannt, um es vom gew\u00f6hnlichen Salpeter, dem Kaliumnitrat, zu unterscheiden.","breadcrumb":{"@id":"https:\/\/masterchem.es\/de\/produkt\/natriumnitrat-cas-7631-99-4\/#breadcrumb"},"inLanguage":"de-DE","potentialAction":[{"@type":"ReadAction","target":["https:\/\/masterchem.es\/de\/produkt\/natriumnitrat-cas-7631-99-4\/"]}]},{"@type":"ImageObject","inLanguage":"de-DE","@id":"https:\/\/masterchem.es\/de\/produkt\/natriumnitrat-cas-7631-99-4\/#primaryimage","url":"https:\/\/masterchem.es\/wp-content\/uploads\/2023\/05\/Nitrato-de-sodio-CAS-7631-99-4-25kg-MasterChem.jpg","contentUrl":"https:\/\/masterchem.es\/wp-content\/uploads\/2023\/05\/Nitrato-de-sodio-CAS-7631-99-4-25kg-MasterChem.jpg","width":1000,"height":1000},{"@type":"BreadcrumbList","@id":"https:\/\/masterchem.es\/de\/produkt\/natriumnitrat-cas-7631-99-4\/#breadcrumb","itemListElement":[{"@type":"ListItem","position":1,"name":"Home","item":"https:\/\/masterchem.es\/de\/"},{"@type":"ListItem","position":2,"name":"Tienda","item":"https:\/\/masterchem.es\/tienda\/"},{"@type":"ListItem","position":3,"name":"Natriumnitrat (CAS 7631-99-4)"}]},{"@type":"WebSite","@id":"https:\/\/masterchem.es\/de\/#website","url":"https:\/\/masterchem.es\/de\/","name":"MasterChem","description":"proveedor de productos qu&iacute;micos","potentialAction":[{"@type":"SearchAction","target":{"@type":"EntryPoint","urlTemplate":"https:\/\/masterchem.es\/de\/?s={search_term_string}"},"query-input":{"@type":"PropertyValueSpecification","valueRequired":true,"valueName":"search_term_string"}}],"inLanguage":"de-DE"}]}},"_links":{"self":[{"href":"https:\/\/masterchem.es\/de\/wp-json\/wp\/v2\/product\/5524","targetHints":{"allow":["GET"]}}],"collection":[{"href":"https:\/\/masterchem.es\/de\/wp-json\/wp\/v2\/product"}],"about":[{"href":"https:\/\/masterchem.es\/de\/wp-json\/wp\/v2\/types\/product"}],"wp:featuredmedia":[{"embeddable":true,"href":"https:\/\/masterchem.es\/de\/wp-json\/wp\/v2\/media\/5529"}],"wp:attachment":[{"href":"https:\/\/masterchem.es\/de\/wp-json\/wp\/v2\/media?parent=5524"}],"wp:term":[{"taxonomy":"product_brand","embeddable":true,"href":"https:\/\/masterchem.es\/de\/wp-json\/wp\/v2\/product_brand?post=5524"},{"taxonomy":"product_cat","embeddable":true,"href":"https:\/\/masterchem.es\/de\/wp-json\/wp\/v2\/product_cat?post=5524"},{"taxonomy":"product_tag","embeddable":true,"href":"https:\/\/masterchem.es\/de\/wp-json\/wp\/v2\/product_tag?post=5524"}],"curies":[{"name":"wp","href":"https:\/\/api.w.org\/{rel}","templated":true}]}}