{"id":5540,"date":"2023-05-17T11:09:58","date_gmt":"2023-05-17T11:09:58","guid":{"rendered":"https:\/\/masterchem.es\/?post_type=product&#038;p=5540"},"modified":"2023-05-17T11:22:01","modified_gmt":"2023-05-17T11:22:01","slug":"natriumbenzoat-cas-532-32-1","status":"publish","type":"product","link":"https:\/\/masterchem.es\/de\/produkt\/natriumbenzoat-cas-532-32-1\/","title":{"rendered":"Natriumbenzoat (CAS 532-32-1)"},"content":{"rendered":"<p><strong>Informationen<\/strong><br \/>\nBranchen: Haushaltschemikalien, Kosmetikindustrie, A-Z-Katalog, Lebensmittelindustrie, Futtermittelindustrie<\/p>\n<p>CAS-Nummer: 532-32-1<br \/>\nWE-Nummer: 208-543-8<br \/>\nChemische Formel: C6H5COONa<br \/>\nMolmasse: 144,11 g\/mol<\/p>\n<p><strong>Andere physikalische Eigenschaften<\/strong><\/p>\n<p>pH-Wert: 9 (100 g\/l H2O bei 20 \u00b0C)<br \/>\nSchmelz-\/Gefrierpunkt: 410 \u2013 430\u00b0C<br \/>\nRelative Dichte: 1,44 g\/cm3 (20\u00b0C)<br \/>\nL\u00f6slichkeit in Wasser: 556 g\/l (20\u00b0C)<\/p>\n","protected":false},"excerpt":{"rendered":"<p><strong>Natriumbenzoat (CAS 532-32-1)<\/strong><\/p>\n<p>Natriumbenzoat ist das Natriumsalz der Benzoes\u00e4ure, das h\u00e4ufig als Konservierungs- und Beizmittel f\u00fcr Lebensmittel verwendet wird. Es handelt sich um eine wei\u00dfe kristalline Chemikalie mit der Formel C6H5COONa und der E-Nummer E211. Es kann durch Reaktion von Natriumhydroxid mit Benzoes\u00e4ure hergestellt werden.<\/p>\n<p>Natriumbenzoat wird durch Neutralisation von Benzoes\u00e4ure hergestellt, die ihrerseits kommerziell durch partielle Oxidation von Toluol mit Sauerstoff hergestellt wird.<\/p>\n<p>Viele Lebensmittel sind nat\u00fcrliche Quellen f\u00fcr Benzoes\u00e4ure, ihre Salze (wie Natriumbenzoat) und ihre Ester. Obst und Gem\u00fcse k\u00f6nnen reichhaltige Quellen sein, insbesondere Beeren wie Preiselbeeren und Heidelbeeren. Weitere Quellen sind Meeresfr\u00fcchte wie Garnelen und Milchprodukte.<\/p>\n","protected":false},"featured_media":5545,"template":"","meta":[],"product_brand":[],"product_cat":[119,101,123,86],"product_tag":[],"class_list":{"0":"post-5540","1":"product","2":"type-product","3":"status-publish","4":"has-post-thumbnail","6":"product_cat-futtermittelindustrie","7":"product_cat-kosmetikindustrie","8":"product_cat-nahrungsmittelindustrie","9":"product_cat-nicht-kategorisiert","11":"first","12":"instock","13":"taxable","14":"shipping-taxable","15":"purchasable","16":"product-type-variable","17":"has-default-attributes"},"yoast_head":"<!-- This site is optimized with the Yoast SEO plugin v27.5 - https:\/\/yoast.com\/product\/yoast-seo-wordpress\/ -->\n<title>Natriumbenzoat (CAS 532-32-1) - MasterChem<\/title>\n<meta name=\"description\" content=\"Natriumbenzoat ist das Natriumsalz der Benzoes\u00e4ure, das h\u00e4ufig als Konservierungs- und Beizmittel f\u00fcr Lebensmittel verwendet wird. Es handelt sich um eine wei\u00dfe kristalline Chemikalie mit der Formel C6H5COONa und der E-Nummer E211.\" \/>\n<meta name=\"robots\" content=\"index, follow, max-snippet:-1, max-image-preview:large, max-video-preview:-1\" \/>\n<link rel=\"canonical\" href=\"https:\/\/masterchem.es\/de\/produkt\/natriumbenzoat-cas-532-32-1\/\" \/>\n<meta property=\"og:locale\" content=\"de_DE\" \/>\n<meta property=\"og:type\" content=\"article\" \/>\n<meta property=\"og:title\" content=\"Natriumbenzoat (CAS 532-32-1) - MasterChem\" \/>\n<meta property=\"og:description\" content=\"Natriumbenzoat ist das Natriumsalz der Benzoes\u00e4ure, das h\u00e4ufig als Konservierungs- und Beizmittel f\u00fcr Lebensmittel verwendet wird. Es handelt sich um eine wei\u00dfe kristalline Chemikalie mit der Formel C6H5COONa und der E-Nummer E211.\" \/>\n<meta property=\"og:url\" content=\"https:\/\/masterchem.es\/de\/produkt\/natriumbenzoat-cas-532-32-1\/\" \/>\n<meta property=\"og:site_name\" content=\"MasterChem\" \/>\n<meta property=\"article:modified_time\" content=\"2023-05-17T11:22:01+00:00\" \/>\n<meta property=\"og:image\" content=\"https:\/\/masterchem.es\/wp-content\/uploads\/2023\/05\/Benzoato-de-sodio-CAS-532-32-1-25kg-MasterChem.jpg\" \/>\n\t<meta property=\"og:image:width\" content=\"1000\" \/>\n\t<meta property=\"og:image:height\" content=\"1000\" \/>\n\t<meta property=\"og:image:type\" content=\"image\/jpeg\" \/>\n<meta name=\"twitter:card\" content=\"summary_large_image\" \/>\n<script type=\"application\/ld+json\" class=\"yoast-schema-graph\">{\"@context\":\"https:\\\/\\\/schema.org\",\"@graph\":[{\"@type\":\"WebPage\",\"@id\":\"https:\\\/\\\/masterchem.es\\\/de\\\/produkt\\\/natriumbenzoat-cas-532-32-1\\\/\",\"url\":\"https:\\\/\\\/masterchem.es\\\/de\\\/produkt\\\/natriumbenzoat-cas-532-32-1\\\/\",\"name\":\"Natriumbenzoat (CAS 532-32-1) - MasterChem\",\"isPartOf\":{\"@id\":\"https:\\\/\\\/masterchem.es\\\/de\\\/#website\"},\"primaryImageOfPage\":{\"@id\":\"https:\\\/\\\/masterchem.es\\\/de\\\/produkt\\\/natriumbenzoat-cas-532-32-1\\\/#primaryimage\"},\"image\":{\"@id\":\"https:\\\/\\\/masterchem.es\\\/de\\\/produkt\\\/natriumbenzoat-cas-532-32-1\\\/#primaryimage\"},\"thumbnailUrl\":\"https:\\\/\\\/masterchem.es\\\/wp-content\\\/uploads\\\/2023\\\/05\\\/Benzoato-de-sodio-CAS-532-32-1-25kg-MasterChem.jpg\",\"datePublished\":\"2023-05-17T11:09:58+00:00\",\"dateModified\":\"2023-05-17T11:22:01+00:00\",\"description\":\"Natriumbenzoat ist das Natriumsalz der Benzoes\u00e4ure, das h\u00e4ufig als Konservierungs- und Beizmittel f\u00fcr Lebensmittel verwendet wird. Es handelt sich um eine wei\u00dfe kristalline Chemikalie mit der Formel C6H5COONa und der E-Nummer E211.\",\"breadcrumb\":{\"@id\":\"https:\\\/\\\/masterchem.es\\\/de\\\/produkt\\\/natriumbenzoat-cas-532-32-1\\\/#breadcrumb\"},\"inLanguage\":\"de-DE\",\"potentialAction\":[{\"@type\":\"ReadAction\",\"target\":[\"https:\\\/\\\/masterchem.es\\\/de\\\/produkt\\\/natriumbenzoat-cas-532-32-1\\\/\"]}]},{\"@type\":\"ImageObject\",\"inLanguage\":\"de-DE\",\"@id\":\"https:\\\/\\\/masterchem.es\\\/de\\\/produkt\\\/natriumbenzoat-cas-532-32-1\\\/#primaryimage\",\"url\":\"https:\\\/\\\/masterchem.es\\\/wp-content\\\/uploads\\\/2023\\\/05\\\/Benzoato-de-sodio-CAS-532-32-1-25kg-MasterChem.jpg\",\"contentUrl\":\"https:\\\/\\\/masterchem.es\\\/wp-content\\\/uploads\\\/2023\\\/05\\\/Benzoato-de-sodio-CAS-532-32-1-25kg-MasterChem.jpg\",\"width\":1000,\"height\":1000},{\"@type\":\"BreadcrumbList\",\"@id\":\"https:\\\/\\\/masterchem.es\\\/de\\\/produkt\\\/natriumbenzoat-cas-532-32-1\\\/#breadcrumb\",\"itemListElement\":[{\"@type\":\"ListItem\",\"position\":1,\"name\":\"Home\",\"item\":\"https:\\\/\\\/masterchem.es\\\/de\\\/\"},{\"@type\":\"ListItem\",\"position\":2,\"name\":\"Tienda\",\"item\":\"https:\\\/\\\/masterchem.es\\\/tienda\\\/\"},{\"@type\":\"ListItem\",\"position\":3,\"name\":\"Natriumbenzoat (CAS 532-32-1)\"}]},{\"@type\":\"WebSite\",\"@id\":\"https:\\\/\\\/masterchem.es\\\/de\\\/#website\",\"url\":\"https:\\\/\\\/masterchem.es\\\/de\\\/\",\"name\":\"MasterChem\",\"description\":\"proveedor de productos qu&iacute;micos\",\"potentialAction\":[{\"@type\":\"SearchAction\",\"target\":{\"@type\":\"EntryPoint\",\"urlTemplate\":\"https:\\\/\\\/masterchem.es\\\/de\\\/?s={search_term_string}\"},\"query-input\":{\"@type\":\"PropertyValueSpecification\",\"valueRequired\":true,\"valueName\":\"search_term_string\"}}],\"inLanguage\":\"de-DE\"}]}<\/script>\n<!-- \/ Yoast SEO plugin. -->","yoast_head_json":{"title":"Natriumbenzoat (CAS 532-32-1) - MasterChem","description":"Natriumbenzoat ist das Natriumsalz der Benzoes\u00e4ure, das h\u00e4ufig als Konservierungs- und Beizmittel f\u00fcr Lebensmittel verwendet wird. Es handelt sich um eine wei\u00dfe kristalline Chemikalie mit der Formel C6H5COONa und der E-Nummer E211.","robots":{"index":"index","follow":"follow","max-snippet":"max-snippet:-1","max-image-preview":"max-image-preview:large","max-video-preview":"max-video-preview:-1"},"canonical":"https:\/\/masterchem.es\/de\/produkt\/natriumbenzoat-cas-532-32-1\/","og_locale":"de_DE","og_type":"article","og_title":"Natriumbenzoat (CAS 532-32-1) - MasterChem","og_description":"Natriumbenzoat ist das Natriumsalz der Benzoes\u00e4ure, das h\u00e4ufig als Konservierungs- und Beizmittel f\u00fcr Lebensmittel verwendet wird. Es handelt sich um eine wei\u00dfe kristalline Chemikalie mit der Formel C6H5COONa und der E-Nummer E211.","og_url":"https:\/\/masterchem.es\/de\/produkt\/natriumbenzoat-cas-532-32-1\/","og_site_name":"MasterChem","article_modified_time":"2023-05-17T11:22:01+00:00","og_image":[{"width":1000,"height":1000,"url":"https:\/\/masterchem.es\/wp-content\/uploads\/2023\/05\/Benzoato-de-sodio-CAS-532-32-1-25kg-MasterChem.jpg","type":"image\/jpeg"}],"twitter_card":"summary_large_image","schema":{"@context":"https:\/\/schema.org","@graph":[{"@type":"WebPage","@id":"https:\/\/masterchem.es\/de\/produkt\/natriumbenzoat-cas-532-32-1\/","url":"https:\/\/masterchem.es\/de\/produkt\/natriumbenzoat-cas-532-32-1\/","name":"Natriumbenzoat (CAS 532-32-1) - MasterChem","isPartOf":{"@id":"https:\/\/masterchem.es\/de\/#website"},"primaryImageOfPage":{"@id":"https:\/\/masterchem.es\/de\/produkt\/natriumbenzoat-cas-532-32-1\/#primaryimage"},"image":{"@id":"https:\/\/masterchem.es\/de\/produkt\/natriumbenzoat-cas-532-32-1\/#primaryimage"},"thumbnailUrl":"https:\/\/masterchem.es\/wp-content\/uploads\/2023\/05\/Benzoato-de-sodio-CAS-532-32-1-25kg-MasterChem.jpg","datePublished":"2023-05-17T11:09:58+00:00","dateModified":"2023-05-17T11:22:01+00:00","description":"Natriumbenzoat ist das Natriumsalz der Benzoes\u00e4ure, das h\u00e4ufig als Konservierungs- und Beizmittel f\u00fcr Lebensmittel verwendet wird. Es handelt sich um eine wei\u00dfe kristalline Chemikalie mit der Formel C6H5COONa und der E-Nummer E211.","breadcrumb":{"@id":"https:\/\/masterchem.es\/de\/produkt\/natriumbenzoat-cas-532-32-1\/#breadcrumb"},"inLanguage":"de-DE","potentialAction":[{"@type":"ReadAction","target":["https:\/\/masterchem.es\/de\/produkt\/natriumbenzoat-cas-532-32-1\/"]}]},{"@type":"ImageObject","inLanguage":"de-DE","@id":"https:\/\/masterchem.es\/de\/produkt\/natriumbenzoat-cas-532-32-1\/#primaryimage","url":"https:\/\/masterchem.es\/wp-content\/uploads\/2023\/05\/Benzoato-de-sodio-CAS-532-32-1-25kg-MasterChem.jpg","contentUrl":"https:\/\/masterchem.es\/wp-content\/uploads\/2023\/05\/Benzoato-de-sodio-CAS-532-32-1-25kg-MasterChem.jpg","width":1000,"height":1000},{"@type":"BreadcrumbList","@id":"https:\/\/masterchem.es\/de\/produkt\/natriumbenzoat-cas-532-32-1\/#breadcrumb","itemListElement":[{"@type":"ListItem","position":1,"name":"Home","item":"https:\/\/masterchem.es\/de\/"},{"@type":"ListItem","position":2,"name":"Tienda","item":"https:\/\/masterchem.es\/tienda\/"},{"@type":"ListItem","position":3,"name":"Natriumbenzoat (CAS 532-32-1)"}]},{"@type":"WebSite","@id":"https:\/\/masterchem.es\/de\/#website","url":"https:\/\/masterchem.es\/de\/","name":"MasterChem","description":"proveedor de productos qu&iacute;micos","potentialAction":[{"@type":"SearchAction","target":{"@type":"EntryPoint","urlTemplate":"https:\/\/masterchem.es\/de\/?s={search_term_string}"},"query-input":{"@type":"PropertyValueSpecification","valueRequired":true,"valueName":"search_term_string"}}],"inLanguage":"de-DE"}]}},"_links":{"self":[{"href":"https:\/\/masterchem.es\/de\/wp-json\/wp\/v2\/product\/5540","targetHints":{"allow":["GET"]}}],"collection":[{"href":"https:\/\/masterchem.es\/de\/wp-json\/wp\/v2\/product"}],"about":[{"href":"https:\/\/masterchem.es\/de\/wp-json\/wp\/v2\/types\/product"}],"wp:featuredmedia":[{"embeddable":true,"href":"https:\/\/masterchem.es\/de\/wp-json\/wp\/v2\/media\/5545"}],"wp:attachment":[{"href":"https:\/\/masterchem.es\/de\/wp-json\/wp\/v2\/media?parent=5540"}],"wp:term":[{"taxonomy":"product_brand","embeddable":true,"href":"https:\/\/masterchem.es\/de\/wp-json\/wp\/v2\/product_brand?post=5540"},{"taxonomy":"product_cat","embeddable":true,"href":"https:\/\/masterchem.es\/de\/wp-json\/wp\/v2\/product_cat?post=5540"},{"taxonomy":"product_tag","embeddable":true,"href":"https:\/\/masterchem.es\/de\/wp-json\/wp\/v2\/product_tag?post=5540"}],"curies":[{"name":"wp","href":"https:\/\/api.w.org\/{rel}","templated":true}]}}