{"id":5556,"date":"2023-05-17T11:38:42","date_gmt":"2023-05-17T11:38:42","guid":{"rendered":"https:\/\/masterchem.es\/?post_type=product&#038;p=5556"},"modified":"2023-05-17T11:54:16","modified_gmt":"2023-05-17T11:54:16","slug":"magnesiumchlorid-cas-7791-18-6","status":"publish","type":"product","link":"https:\/\/masterchem.es\/de\/produkt\/magnesiumchlorid-cas-7791-18-6\/","title":{"rendered":"Magnesiumchlorid (CAS 7791-18-6)"},"content":{"rendered":"<p><strong>Informationen<\/strong><br \/>\nBranchen: Haushaltschemikalien, D\u00fcngemittel, Pharmaindustrie<\/p>\n<p>CAS-Nummer: 7791-18-6<br \/>\nWE-Nummer: 232-094-6<br \/>\nChemische Formel: MgCl2\u00b76H2O<br \/>\nMolmasse: 203,3 g\/mol<\/p>\n<p><strong>Andere physikalische Eigenschaften<\/strong><\/p>\n<p>pH-Wert: 8,9 (50 g\/l H2O bei 20 \u00b0C)<br \/>\nSchmelz-\/Gefrierpunkt: 708 \u00b0C<br \/>\nSiedepunkt\/-bereich: 1412 \u00b0C<br \/>\nRelative Dichte: 1,57 g\/cm3 (20 \u00b0C)<br \/>\nL\u00f6slichkeit in Wasser: 1670 g\/l (20 \u00b0C)<\/p>\n","protected":false},"excerpt":{"rendered":"<p><strong>Magnesiumchlorid (CAS 7791-18-6)<\/strong><\/p>\n<p>Magnesiumchlorid ist die Bezeichnung f\u00fcr die chemische Verbindung mit der Formel MgCl2 und ihren verschiedenen Hydraten MgCl2(H2O)x. Wasserfreies MgCl2 enth\u00e4lt 25,5 Masse-% elementares Magnesium. Diese Salze sind typische ionische Halogenide und gut wasserl\u00f6slich. Das hydratisierte Magnesiumchlorid kann aus Salzlake oder Meerwasser gewonnen werden. In Nordamerika wird Magnesiumchlorid haupts\u00e4chlich aus der Sole des Gro\u00dfen Salzsees hergestellt. Es wird in einem \u00e4hnlichen Verfahren aus dem Toten Meer im Jordantal gewonnen. Magnesiumchlorid wird als nat\u00fcrliches Mineral Bischofit auch aus alten Meeresb\u00f6den gewonnen (durch L\u00f6sungsbergbau), beispielsweise aus dem Zechstein-Meeresboden in Nordwesteuropa. Ein Teil des Magnesiumchlorids wird durch solare Verdunstung von Meerwasser hergestellt. Wasserfreies Magnesiumchlorid ist der Hauptvorl\u00e4ufer von Magnesiummetall, das in gro\u00dfem Ma\u00dfstab hergestellt wird. Hydratisiertes Magnesiumchlorid ist die am leichtesten verf\u00fcgbare Form.<\/p>\n","protected":false},"featured_media":5561,"template":"","meta":[],"product_brand":[],"product_cat":[132,86,89],"product_tag":[],"class_list":{"0":"post-5556","1":"product","2":"type-product","3":"status-publish","4":"has-post-thumbnail","6":"product_cat-dungemittel","7":"product_cat-nicht-kategorisiert","8":"product_cat-pharmazeutische-produkte","10":"first","11":"instock","12":"taxable","13":"shipping-taxable","14":"purchasable","15":"product-type-variable","16":"has-default-attributes"},"yoast_head":"<!-- This site is optimized with the Yoast SEO plugin v27.4 - https:\/\/yoast.com\/product\/yoast-seo-wordpress\/ -->\n<title>Magnesiumchlorid (CAS 7791-18-6) - MasterChem<\/title>\n<meta name=\"description\" content=\"Magnesiumchlorid ist die Bezeichnung f\u00fcr die chemische Verbindung mit der Formel MgCl2 und ihren verschiedenen Hydraten MgCl2(H2O)x. Wasserfreies MgCl2 enth\u00e4lt 25,5 Masse-% elementares Magnesium. Diese Salze sind typische ionische Halogenide und gut wasserl\u00f6slich.\" \/>\n<meta name=\"robots\" content=\"index, follow, max-snippet:-1, max-image-preview:large, max-video-preview:-1\" \/>\n<link rel=\"canonical\" href=\"https:\/\/masterchem.es\/de\/produkt\/magnesiumchlorid-cas-7791-18-6\/\" \/>\n<meta property=\"og:locale\" content=\"de_DE\" \/>\n<meta property=\"og:type\" content=\"article\" \/>\n<meta property=\"og:title\" content=\"Magnesiumchlorid (CAS 7791-18-6) - MasterChem\" \/>\n<meta property=\"og:description\" content=\"Magnesiumchlorid ist die Bezeichnung f\u00fcr die chemische Verbindung mit der Formel MgCl2 und ihren verschiedenen Hydraten MgCl2(H2O)x. Wasserfreies MgCl2 enth\u00e4lt 25,5 Masse-% elementares Magnesium. Diese Salze sind typische ionische Halogenide und gut wasserl\u00f6slich.\" \/>\n<meta property=\"og:url\" content=\"https:\/\/masterchem.es\/de\/produkt\/magnesiumchlorid-cas-7791-18-6\/\" \/>\n<meta property=\"og:site_name\" content=\"MasterChem\" \/>\n<meta property=\"article:modified_time\" content=\"2023-05-17T11:54:16+00:00\" \/>\n<meta property=\"og:image\" content=\"https:\/\/masterchem.es\/wp-content\/uploads\/2023\/05\/Cloruro-de-magnesio-CAS-7791-18-6-25kg-MasterChem.jpg\" \/>\n\t<meta property=\"og:image:width\" content=\"1000\" \/>\n\t<meta property=\"og:image:height\" content=\"1000\" \/>\n\t<meta property=\"og:image:type\" content=\"image\/jpeg\" \/>\n<meta name=\"twitter:card\" content=\"summary_large_image\" \/>\n<script type=\"application\/ld+json\" class=\"yoast-schema-graph\">{\"@context\":\"https:\\\/\\\/schema.org\",\"@graph\":[{\"@type\":\"WebPage\",\"@id\":\"https:\\\/\\\/masterchem.es\\\/de\\\/produkt\\\/magnesiumchlorid-cas-7791-18-6\\\/\",\"url\":\"https:\\\/\\\/masterchem.es\\\/de\\\/produkt\\\/magnesiumchlorid-cas-7791-18-6\\\/\",\"name\":\"Magnesiumchlorid (CAS 7791-18-6) - MasterChem\",\"isPartOf\":{\"@id\":\"https:\\\/\\\/masterchem.es\\\/de\\\/#website\"},\"primaryImageOfPage\":{\"@id\":\"https:\\\/\\\/masterchem.es\\\/de\\\/produkt\\\/magnesiumchlorid-cas-7791-18-6\\\/#primaryimage\"},\"image\":{\"@id\":\"https:\\\/\\\/masterchem.es\\\/de\\\/produkt\\\/magnesiumchlorid-cas-7791-18-6\\\/#primaryimage\"},\"thumbnailUrl\":\"https:\\\/\\\/masterchem.es\\\/wp-content\\\/uploads\\\/2023\\\/05\\\/Cloruro-de-magnesio-CAS-7791-18-6-25kg-MasterChem.jpg\",\"datePublished\":\"2023-05-17T11:38:42+00:00\",\"dateModified\":\"2023-05-17T11:54:16+00:00\",\"description\":\"Magnesiumchlorid ist die Bezeichnung f\u00fcr die chemische Verbindung mit der Formel MgCl2 und ihren verschiedenen Hydraten MgCl2(H2O)x. Wasserfreies MgCl2 enth\u00e4lt 25,5 Masse-% elementares Magnesium. Diese Salze sind typische ionische Halogenide und gut wasserl\u00f6slich.\",\"breadcrumb\":{\"@id\":\"https:\\\/\\\/masterchem.es\\\/de\\\/produkt\\\/magnesiumchlorid-cas-7791-18-6\\\/#breadcrumb\"},\"inLanguage\":\"de-DE\",\"potentialAction\":[{\"@type\":\"ReadAction\",\"target\":[\"https:\\\/\\\/masterchem.es\\\/de\\\/produkt\\\/magnesiumchlorid-cas-7791-18-6\\\/\"]}]},{\"@type\":\"ImageObject\",\"inLanguage\":\"de-DE\",\"@id\":\"https:\\\/\\\/masterchem.es\\\/de\\\/produkt\\\/magnesiumchlorid-cas-7791-18-6\\\/#primaryimage\",\"url\":\"https:\\\/\\\/masterchem.es\\\/wp-content\\\/uploads\\\/2023\\\/05\\\/Cloruro-de-magnesio-CAS-7791-18-6-25kg-MasterChem.jpg\",\"contentUrl\":\"https:\\\/\\\/masterchem.es\\\/wp-content\\\/uploads\\\/2023\\\/05\\\/Cloruro-de-magnesio-CAS-7791-18-6-25kg-MasterChem.jpg\",\"width\":1000,\"height\":1000},{\"@type\":\"BreadcrumbList\",\"@id\":\"https:\\\/\\\/masterchem.es\\\/de\\\/produkt\\\/magnesiumchlorid-cas-7791-18-6\\\/#breadcrumb\",\"itemListElement\":[{\"@type\":\"ListItem\",\"position\":1,\"name\":\"Home\",\"item\":\"https:\\\/\\\/masterchem.es\\\/de\\\/\"},{\"@type\":\"ListItem\",\"position\":2,\"name\":\"Tienda\",\"item\":\"https:\\\/\\\/masterchem.es\\\/tienda\\\/\"},{\"@type\":\"ListItem\",\"position\":3,\"name\":\"Magnesiumchlorid (CAS 7791-18-6)\"}]},{\"@type\":\"WebSite\",\"@id\":\"https:\\\/\\\/masterchem.es\\\/de\\\/#website\",\"url\":\"https:\\\/\\\/masterchem.es\\\/de\\\/\",\"name\":\"MasterChem\",\"description\":\"proveedor de productos qu&iacute;micos\",\"potentialAction\":[{\"@type\":\"SearchAction\",\"target\":{\"@type\":\"EntryPoint\",\"urlTemplate\":\"https:\\\/\\\/masterchem.es\\\/de\\\/?s={search_term_string}\"},\"query-input\":{\"@type\":\"PropertyValueSpecification\",\"valueRequired\":true,\"valueName\":\"search_term_string\"}}],\"inLanguage\":\"de-DE\"}]}<\/script>\n<!-- \/ Yoast SEO plugin. -->","yoast_head_json":{"title":"Magnesiumchlorid (CAS 7791-18-6) - MasterChem","description":"Magnesiumchlorid ist die Bezeichnung f\u00fcr die chemische Verbindung mit der Formel MgCl2 und ihren verschiedenen Hydraten MgCl2(H2O)x. Wasserfreies MgCl2 enth\u00e4lt 25,5 Masse-% elementares Magnesium. Diese Salze sind typische ionische Halogenide und gut wasserl\u00f6slich.","robots":{"index":"index","follow":"follow","max-snippet":"max-snippet:-1","max-image-preview":"max-image-preview:large","max-video-preview":"max-video-preview:-1"},"canonical":"https:\/\/masterchem.es\/de\/produkt\/magnesiumchlorid-cas-7791-18-6\/","og_locale":"de_DE","og_type":"article","og_title":"Magnesiumchlorid (CAS 7791-18-6) - MasterChem","og_description":"Magnesiumchlorid ist die Bezeichnung f\u00fcr die chemische Verbindung mit der Formel MgCl2 und ihren verschiedenen Hydraten MgCl2(H2O)x. Wasserfreies MgCl2 enth\u00e4lt 25,5 Masse-% elementares Magnesium. Diese Salze sind typische ionische Halogenide und gut wasserl\u00f6slich.","og_url":"https:\/\/masterchem.es\/de\/produkt\/magnesiumchlorid-cas-7791-18-6\/","og_site_name":"MasterChem","article_modified_time":"2023-05-17T11:54:16+00:00","og_image":[{"width":1000,"height":1000,"url":"https:\/\/masterchem.es\/wp-content\/uploads\/2023\/05\/Cloruro-de-magnesio-CAS-7791-18-6-25kg-MasterChem.jpg","type":"image\/jpeg"}],"twitter_card":"summary_large_image","schema":{"@context":"https:\/\/schema.org","@graph":[{"@type":"WebPage","@id":"https:\/\/masterchem.es\/de\/produkt\/magnesiumchlorid-cas-7791-18-6\/","url":"https:\/\/masterchem.es\/de\/produkt\/magnesiumchlorid-cas-7791-18-6\/","name":"Magnesiumchlorid (CAS 7791-18-6) - MasterChem","isPartOf":{"@id":"https:\/\/masterchem.es\/de\/#website"},"primaryImageOfPage":{"@id":"https:\/\/masterchem.es\/de\/produkt\/magnesiumchlorid-cas-7791-18-6\/#primaryimage"},"image":{"@id":"https:\/\/masterchem.es\/de\/produkt\/magnesiumchlorid-cas-7791-18-6\/#primaryimage"},"thumbnailUrl":"https:\/\/masterchem.es\/wp-content\/uploads\/2023\/05\/Cloruro-de-magnesio-CAS-7791-18-6-25kg-MasterChem.jpg","datePublished":"2023-05-17T11:38:42+00:00","dateModified":"2023-05-17T11:54:16+00:00","description":"Magnesiumchlorid ist die Bezeichnung f\u00fcr die chemische Verbindung mit der Formel MgCl2 und ihren verschiedenen Hydraten MgCl2(H2O)x. Wasserfreies MgCl2 enth\u00e4lt 25,5 Masse-% elementares Magnesium. Diese Salze sind typische ionische Halogenide und gut wasserl\u00f6slich.","breadcrumb":{"@id":"https:\/\/masterchem.es\/de\/produkt\/magnesiumchlorid-cas-7791-18-6\/#breadcrumb"},"inLanguage":"de-DE","potentialAction":[{"@type":"ReadAction","target":["https:\/\/masterchem.es\/de\/produkt\/magnesiumchlorid-cas-7791-18-6\/"]}]},{"@type":"ImageObject","inLanguage":"de-DE","@id":"https:\/\/masterchem.es\/de\/produkt\/magnesiumchlorid-cas-7791-18-6\/#primaryimage","url":"https:\/\/masterchem.es\/wp-content\/uploads\/2023\/05\/Cloruro-de-magnesio-CAS-7791-18-6-25kg-MasterChem.jpg","contentUrl":"https:\/\/masterchem.es\/wp-content\/uploads\/2023\/05\/Cloruro-de-magnesio-CAS-7791-18-6-25kg-MasterChem.jpg","width":1000,"height":1000},{"@type":"BreadcrumbList","@id":"https:\/\/masterchem.es\/de\/produkt\/magnesiumchlorid-cas-7791-18-6\/#breadcrumb","itemListElement":[{"@type":"ListItem","position":1,"name":"Home","item":"https:\/\/masterchem.es\/de\/"},{"@type":"ListItem","position":2,"name":"Tienda","item":"https:\/\/masterchem.es\/tienda\/"},{"@type":"ListItem","position":3,"name":"Magnesiumchlorid (CAS 7791-18-6)"}]},{"@type":"WebSite","@id":"https:\/\/masterchem.es\/de\/#website","url":"https:\/\/masterchem.es\/de\/","name":"MasterChem","description":"proveedor de productos qu&iacute;micos","potentialAction":[{"@type":"SearchAction","target":{"@type":"EntryPoint","urlTemplate":"https:\/\/masterchem.es\/de\/?s={search_term_string}"},"query-input":{"@type":"PropertyValueSpecification","valueRequired":true,"valueName":"search_term_string"}}],"inLanguage":"de-DE"}]}},"_links":{"self":[{"href":"https:\/\/masterchem.es\/de\/wp-json\/wp\/v2\/product\/5556","targetHints":{"allow":["GET"]}}],"collection":[{"href":"https:\/\/masterchem.es\/de\/wp-json\/wp\/v2\/product"}],"about":[{"href":"https:\/\/masterchem.es\/de\/wp-json\/wp\/v2\/types\/product"}],"wp:featuredmedia":[{"embeddable":true,"href":"https:\/\/masterchem.es\/de\/wp-json\/wp\/v2\/media\/5561"}],"wp:attachment":[{"href":"https:\/\/masterchem.es\/de\/wp-json\/wp\/v2\/media?parent=5556"}],"wp:term":[{"taxonomy":"product_brand","embeddable":true,"href":"https:\/\/masterchem.es\/de\/wp-json\/wp\/v2\/product_brand?post=5556"},{"taxonomy":"product_cat","embeddable":true,"href":"https:\/\/masterchem.es\/de\/wp-json\/wp\/v2\/product_cat?post=5556"},{"taxonomy":"product_tag","embeddable":true,"href":"https:\/\/masterchem.es\/de\/wp-json\/wp\/v2\/product_tag?post=5556"}],"curies":[{"name":"wp","href":"https:\/\/api.w.org\/{rel}","templated":true}]}}