{"id":5572,"date":"2023-05-17T12:02:38","date_gmt":"2023-05-17T12:02:38","guid":{"rendered":"https:\/\/masterchem.es\/?post_type=product&#038;p=5572"},"modified":"2023-05-17T13:02:20","modified_gmt":"2023-05-17T13:02:20","slug":"kaliumchlorid-cas-7447-40-7","status":"publish","type":"product","link":"https:\/\/masterchem.es\/de\/produkt\/kaliumchlorid-cas-7447-40-7\/","title":{"rendered":"Kaliumchlorid (CAS 7447-40-7)"},"content":{"rendered":"<p><strong>Informationen<\/strong><br \/>\nBranchen: Haushaltschemikalien, D\u00fcngemittel, Gartenbau, Lebensmittelindustrie, Futtermittelindustrie<\/p>\n<p>CAS-Nummer: 7447-40-7<br \/>\nWE-Nummer: 231-211-8<br \/>\nChemische Formel: KCl<br \/>\nMolmasse: 74,55 g\/mol<br \/>\nZolltarifcode: 310420<\/p>\n<p><strong>Andere physikalische Eigenschaften<\/strong><\/p>\n<p>pH-Wert: 8,0 &#8211; 10,0 (1 % Roztw\u00f3r)<br \/>\nSchmelz-\/Gefrierpunkt: 770\u00b0C<br \/>\nRelative Dichte: 1.989 g\/cm3<br \/>\nL\u00f6slichkeit in Wasser: 300 g\/l (20\u00b0C)<\/p>\n","protected":false},"excerpt":{"rendered":"<p><strong>Kaliumchlorid (CAS 7447-40-7)<\/strong><\/p>\n<p>Kaliumchlorid (KCl oder Kaliumsalz) ist ein Metallhalogenidsalz bestehend aus Kalium und Chlor. Es ist geruchlos und hat das Aussehen wei\u00dfer oder farbloser Glaskristalle. Der Feststoff l\u00f6st sich leicht in Wasser und seine L\u00f6sungen haben einen salzartigen Geschmack. Kaliumchlorid kann aus alten ausgetrockneten Seeablagerungen gewonnen werden. KCl wird als D\u00fcngemittel, in der Medizin, in wissenschaftlichen Anwendungen und in der Lebensmittelverarbeitung verwendet, wo es m\u00f6glicherweise als E-Nummern-Zusatzstoff E508 bekannt ist.<\/p>\n<p>Als chemischer Rohstoff wird es zur Herstellung von Kaliumhydroxid und Kaliummetall verwendet. Es wird auch in der Medizin, bei t\u00f6dlichen Injektionen, bei wissenschaftlichen Anwendungen, in der Lebensmittelverarbeitung, in Seifen und als natriumfreier Ersatz f\u00fcr Speisesalz f\u00fcr Menschen verwendet, die \u00fcber die gesundheitlichen Auswirkungen von Natrium besorgt sind.<\/p>\n<p>Es wird als Erg\u00e4nzung zu Tierfutter verwendet, um den Kaliumgehalt im Futter zu erh\u00f6hen. Als zus\u00e4tzlicher Vorteil ist bekannt, dass es die Milchproduktion steigert.<\/p>\n<p>Es wird manchmal in L\u00f6sung als Komplettierungsfl\u00fcssigkeit in Erd\u00f6l- und Erdgasbetrieben verwendet und ist eine Alternative zu Natriumchlorid in Wasserenth\u00e4rteranlagen f\u00fcr Privathaushalte.<\/p>\n","protected":false},"featured_media":5577,"template":"","meta":[],"product_brand":[],"product_cat":[132,119,123,86,89],"product_tag":[],"class_list":{"0":"post-5572","1":"product","2":"type-product","3":"status-publish","4":"has-post-thumbnail","6":"product_cat-dungemittel","7":"product_cat-futtermittelindustrie","8":"product_cat-nahrungsmittelindustrie","9":"product_cat-nicht-kategorisiert","10":"product_cat-pharmazeutische-produkte","12":"first","13":"instock","14":"taxable","15":"shipping-taxable","16":"purchasable","17":"product-type-variable","18":"has-default-attributes"},"yoast_head":"<!-- This site is optimized with the Yoast SEO plugin v27.5 - https:\/\/yoast.com\/product\/yoast-seo-wordpress\/ -->\n<title>Kaliumchlorid (CAS 7447-40-7) - MasterChem<\/title>\n<meta name=\"description\" content=\"Kaliumchlorid (KCl oder Kaliumsalz) ist ein Metallhalogenidsalz bestehend aus Kalium und Chlor. Es ist geruchlos und hat das Aussehen wei\u00dfer oder farbloser Glaskristalle.\" \/>\n<meta name=\"robots\" content=\"index, follow, max-snippet:-1, max-image-preview:large, max-video-preview:-1\" \/>\n<link rel=\"canonical\" href=\"https:\/\/masterchem.es\/de\/produkt\/kaliumchlorid-cas-7447-40-7\/\" \/>\n<meta property=\"og:locale\" content=\"de_DE\" \/>\n<meta property=\"og:type\" content=\"article\" \/>\n<meta property=\"og:title\" content=\"Kaliumchlorid (CAS 7447-40-7) - MasterChem\" \/>\n<meta property=\"og:description\" content=\"Kaliumchlorid (KCl oder Kaliumsalz) ist ein Metallhalogenidsalz bestehend aus Kalium und Chlor. Es ist geruchlos und hat das Aussehen wei\u00dfer oder farbloser Glaskristalle.\" \/>\n<meta property=\"og:url\" content=\"https:\/\/masterchem.es\/de\/produkt\/kaliumchlorid-cas-7447-40-7\/\" \/>\n<meta property=\"og:site_name\" content=\"MasterChem\" \/>\n<meta property=\"article:modified_time\" content=\"2023-05-17T13:02:20+00:00\" \/>\n<meta property=\"og:image\" content=\"https:\/\/masterchem.es\/wp-content\/uploads\/2023\/05\/Cloruro-de-potasio-CAS-7447-40-7-25kg-MasterChem.jpg\" \/>\n\t<meta property=\"og:image:width\" content=\"1000\" \/>\n\t<meta property=\"og:image:height\" content=\"1000\" \/>\n\t<meta property=\"og:image:type\" content=\"image\/jpeg\" \/>\n<meta name=\"twitter:card\" content=\"summary_large_image\" \/>\n<script type=\"application\/ld+json\" class=\"yoast-schema-graph\">{\"@context\":\"https:\\\/\\\/schema.org\",\"@graph\":[{\"@type\":\"WebPage\",\"@id\":\"https:\\\/\\\/masterchem.es\\\/de\\\/produkt\\\/kaliumchlorid-cas-7447-40-7\\\/\",\"url\":\"https:\\\/\\\/masterchem.es\\\/de\\\/produkt\\\/kaliumchlorid-cas-7447-40-7\\\/\",\"name\":\"Kaliumchlorid (CAS 7447-40-7) - MasterChem\",\"isPartOf\":{\"@id\":\"https:\\\/\\\/masterchem.es\\\/de\\\/#website\"},\"primaryImageOfPage\":{\"@id\":\"https:\\\/\\\/masterchem.es\\\/de\\\/produkt\\\/kaliumchlorid-cas-7447-40-7\\\/#primaryimage\"},\"image\":{\"@id\":\"https:\\\/\\\/masterchem.es\\\/de\\\/produkt\\\/kaliumchlorid-cas-7447-40-7\\\/#primaryimage\"},\"thumbnailUrl\":\"https:\\\/\\\/masterchem.es\\\/wp-content\\\/uploads\\\/2023\\\/05\\\/Cloruro-de-potasio-CAS-7447-40-7-25kg-MasterChem.jpg\",\"datePublished\":\"2023-05-17T12:02:38+00:00\",\"dateModified\":\"2023-05-17T13:02:20+00:00\",\"description\":\"Kaliumchlorid (KCl oder Kaliumsalz) ist ein Metallhalogenidsalz bestehend aus Kalium und Chlor. Es ist geruchlos und hat das Aussehen wei\u00dfer oder farbloser Glaskristalle.\",\"breadcrumb\":{\"@id\":\"https:\\\/\\\/masterchem.es\\\/de\\\/produkt\\\/kaliumchlorid-cas-7447-40-7\\\/#breadcrumb\"},\"inLanguage\":\"de-DE\",\"potentialAction\":[{\"@type\":\"ReadAction\",\"target\":[\"https:\\\/\\\/masterchem.es\\\/de\\\/produkt\\\/kaliumchlorid-cas-7447-40-7\\\/\"]}]},{\"@type\":\"ImageObject\",\"inLanguage\":\"de-DE\",\"@id\":\"https:\\\/\\\/masterchem.es\\\/de\\\/produkt\\\/kaliumchlorid-cas-7447-40-7\\\/#primaryimage\",\"url\":\"https:\\\/\\\/masterchem.es\\\/wp-content\\\/uploads\\\/2023\\\/05\\\/Cloruro-de-potasio-CAS-7447-40-7-25kg-MasterChem.jpg\",\"contentUrl\":\"https:\\\/\\\/masterchem.es\\\/wp-content\\\/uploads\\\/2023\\\/05\\\/Cloruro-de-potasio-CAS-7447-40-7-25kg-MasterChem.jpg\",\"width\":1000,\"height\":1000},{\"@type\":\"BreadcrumbList\",\"@id\":\"https:\\\/\\\/masterchem.es\\\/de\\\/produkt\\\/kaliumchlorid-cas-7447-40-7\\\/#breadcrumb\",\"itemListElement\":[{\"@type\":\"ListItem\",\"position\":1,\"name\":\"Home\",\"item\":\"https:\\\/\\\/masterchem.es\\\/de\\\/\"},{\"@type\":\"ListItem\",\"position\":2,\"name\":\"Tienda\",\"item\":\"https:\\\/\\\/masterchem.es\\\/tienda\\\/\"},{\"@type\":\"ListItem\",\"position\":3,\"name\":\"Kaliumchlorid (CAS 7447-40-7)\"}]},{\"@type\":\"WebSite\",\"@id\":\"https:\\\/\\\/masterchem.es\\\/de\\\/#website\",\"url\":\"https:\\\/\\\/masterchem.es\\\/de\\\/\",\"name\":\"MasterChem\",\"description\":\"proveedor de productos qu&iacute;micos\",\"potentialAction\":[{\"@type\":\"SearchAction\",\"target\":{\"@type\":\"EntryPoint\",\"urlTemplate\":\"https:\\\/\\\/masterchem.es\\\/de\\\/?s={search_term_string}\"},\"query-input\":{\"@type\":\"PropertyValueSpecification\",\"valueRequired\":true,\"valueName\":\"search_term_string\"}}],\"inLanguage\":\"de-DE\"}]}<\/script>\n<!-- \/ Yoast SEO plugin. -->","yoast_head_json":{"title":"Kaliumchlorid (CAS 7447-40-7) - MasterChem","description":"Kaliumchlorid (KCl oder Kaliumsalz) ist ein Metallhalogenidsalz bestehend aus Kalium und Chlor. Es ist geruchlos und hat das Aussehen wei\u00dfer oder farbloser Glaskristalle.","robots":{"index":"index","follow":"follow","max-snippet":"max-snippet:-1","max-image-preview":"max-image-preview:large","max-video-preview":"max-video-preview:-1"},"canonical":"https:\/\/masterchem.es\/de\/produkt\/kaliumchlorid-cas-7447-40-7\/","og_locale":"de_DE","og_type":"article","og_title":"Kaliumchlorid (CAS 7447-40-7) - MasterChem","og_description":"Kaliumchlorid (KCl oder Kaliumsalz) ist ein Metallhalogenidsalz bestehend aus Kalium und Chlor. Es ist geruchlos und hat das Aussehen wei\u00dfer oder farbloser Glaskristalle.","og_url":"https:\/\/masterchem.es\/de\/produkt\/kaliumchlorid-cas-7447-40-7\/","og_site_name":"MasterChem","article_modified_time":"2023-05-17T13:02:20+00:00","og_image":[{"width":1000,"height":1000,"url":"https:\/\/masterchem.es\/wp-content\/uploads\/2023\/05\/Cloruro-de-potasio-CAS-7447-40-7-25kg-MasterChem.jpg","type":"image\/jpeg"}],"twitter_card":"summary_large_image","schema":{"@context":"https:\/\/schema.org","@graph":[{"@type":"WebPage","@id":"https:\/\/masterchem.es\/de\/produkt\/kaliumchlorid-cas-7447-40-7\/","url":"https:\/\/masterchem.es\/de\/produkt\/kaliumchlorid-cas-7447-40-7\/","name":"Kaliumchlorid (CAS 7447-40-7) - MasterChem","isPartOf":{"@id":"https:\/\/masterchem.es\/de\/#website"},"primaryImageOfPage":{"@id":"https:\/\/masterchem.es\/de\/produkt\/kaliumchlorid-cas-7447-40-7\/#primaryimage"},"image":{"@id":"https:\/\/masterchem.es\/de\/produkt\/kaliumchlorid-cas-7447-40-7\/#primaryimage"},"thumbnailUrl":"https:\/\/masterchem.es\/wp-content\/uploads\/2023\/05\/Cloruro-de-potasio-CAS-7447-40-7-25kg-MasterChem.jpg","datePublished":"2023-05-17T12:02:38+00:00","dateModified":"2023-05-17T13:02:20+00:00","description":"Kaliumchlorid (KCl oder Kaliumsalz) ist ein Metallhalogenidsalz bestehend aus Kalium und Chlor. Es ist geruchlos und hat das Aussehen wei\u00dfer oder farbloser Glaskristalle.","breadcrumb":{"@id":"https:\/\/masterchem.es\/de\/produkt\/kaliumchlorid-cas-7447-40-7\/#breadcrumb"},"inLanguage":"de-DE","potentialAction":[{"@type":"ReadAction","target":["https:\/\/masterchem.es\/de\/produkt\/kaliumchlorid-cas-7447-40-7\/"]}]},{"@type":"ImageObject","inLanguage":"de-DE","@id":"https:\/\/masterchem.es\/de\/produkt\/kaliumchlorid-cas-7447-40-7\/#primaryimage","url":"https:\/\/masterchem.es\/wp-content\/uploads\/2023\/05\/Cloruro-de-potasio-CAS-7447-40-7-25kg-MasterChem.jpg","contentUrl":"https:\/\/masterchem.es\/wp-content\/uploads\/2023\/05\/Cloruro-de-potasio-CAS-7447-40-7-25kg-MasterChem.jpg","width":1000,"height":1000},{"@type":"BreadcrumbList","@id":"https:\/\/masterchem.es\/de\/produkt\/kaliumchlorid-cas-7447-40-7\/#breadcrumb","itemListElement":[{"@type":"ListItem","position":1,"name":"Home","item":"https:\/\/masterchem.es\/de\/"},{"@type":"ListItem","position":2,"name":"Tienda","item":"https:\/\/masterchem.es\/tienda\/"},{"@type":"ListItem","position":3,"name":"Kaliumchlorid (CAS 7447-40-7)"}]},{"@type":"WebSite","@id":"https:\/\/masterchem.es\/de\/#website","url":"https:\/\/masterchem.es\/de\/","name":"MasterChem","description":"proveedor de productos qu&iacute;micos","potentialAction":[{"@type":"SearchAction","target":{"@type":"EntryPoint","urlTemplate":"https:\/\/masterchem.es\/de\/?s={search_term_string}"},"query-input":{"@type":"PropertyValueSpecification","valueRequired":true,"valueName":"search_term_string"}}],"inLanguage":"de-DE"}]}},"_links":{"self":[{"href":"https:\/\/masterchem.es\/de\/wp-json\/wp\/v2\/product\/5572","targetHints":{"allow":["GET"]}}],"collection":[{"href":"https:\/\/masterchem.es\/de\/wp-json\/wp\/v2\/product"}],"about":[{"href":"https:\/\/masterchem.es\/de\/wp-json\/wp\/v2\/types\/product"}],"wp:featuredmedia":[{"embeddable":true,"href":"https:\/\/masterchem.es\/de\/wp-json\/wp\/v2\/media\/5577"}],"wp:attachment":[{"href":"https:\/\/masterchem.es\/de\/wp-json\/wp\/v2\/media?parent=5572"}],"wp:term":[{"taxonomy":"product_brand","embeddable":true,"href":"https:\/\/masterchem.es\/de\/wp-json\/wp\/v2\/product_brand?post=5572"},{"taxonomy":"product_cat","embeddable":true,"href":"https:\/\/masterchem.es\/de\/wp-json\/wp\/v2\/product_cat?post=5572"},{"taxonomy":"product_tag","embeddable":true,"href":"https:\/\/masterchem.es\/de\/wp-json\/wp\/v2\/product_tag?post=5572"}],"curies":[{"name":"wp","href":"https:\/\/api.w.org\/{rel}","templated":true}]}}