{"id":5589,"date":"2023-05-17T13:06:02","date_gmt":"2023-05-17T13:06:02","guid":{"rendered":"https:\/\/masterchem.es\/?post_type=product&#038;p=5589"},"modified":"2023-05-17T13:12:42","modified_gmt":"2023-05-17T13:12:42","slug":"natriumchlorid-steinsalz-cas-7647-14-5","status":"publish","type":"product","link":"https:\/\/masterchem.es\/de\/produkt\/natriumchlorid-steinsalz-cas-7647-14-5\/","title":{"rendered":"Natriumchlorid [Steinsalz] (CAS 7647-14-5)"},"content":{"rendered":"<p><strong>Informationen<\/strong><br \/>\nBranchen: Haushaltschemikalien, Pharmaindustrie, Lebensmittelindustrie, Futtermittelindustrie<\/p>\n<p>CAS-Nummer: 7647-14-5<br \/>\nWE-Nummer: 231-598-3<br \/>\nChemische Formel: NaCl<br \/>\nMolmasse: 58,44 g\/mol<br \/>\nZolltarifcode: 25010099<\/p>\n<p><strong>Andere physikalische Eigenschaften<\/strong><\/p>\n<p>pH-Wert: ~7 (1 % Holzkohle bei einer Temperatur von 25 \u00b0C), 8-9 (5 % Holzkohle bei einer Temperatur von 25 \u00b0C))<br \/>\nSchmelz-\/Gefrierpunkt: 801\u00b0C<br \/>\nL\u00f6slichkeit in Wasser: 358 g\/l (20\u00b0C)<\/p>\n","protected":false},"excerpt":{"rendered":"<p><strong>Natriumchlorid [Steinsalz] (CAS 7647-14-5)<\/strong><\/p>\n<p>Natriumchlorid \/\u02ccso\u028adi\u0259m \u02c8kl\u0254\u02d0ra\u026ad\/, allgemein bekannt als Salz (obwohl Meersalz auch andere chemische Salze enth\u00e4lt), ist eine ionische Verbindung mit der chemischen Formel NaCl, die ein Verh\u00e4ltnis von Natrium- und Chloridionen von 1:1 darstellt. Bei Molmassen von 22,99 bzw. 35,45 g\/mol enthalten 100 g NaCl 39,34 g Na und 60,66 g Cl. Natriumchlorid ist das Salz, das am meisten f\u00fcr den Salzgehalt des Meerwassers und der extrazellul\u00e4ren Fl\u00fcssigkeit vieler vielzelliger Organismen verantwortlich ist. In seiner essbaren Form als Speisesalz wird es h\u00e4ufig als Gew\u00fcrz und Lebensmittelkonservierungsmittel verwendet. In vielen industriellen Prozessen werden gro\u00dfe Mengen Natriumchlorid verwendet und es ist eine Hauptquelle f\u00fcr Natrium- und Chlorverbindungen, die als Ausgangsstoffe f\u00fcr weitere chemische Synthesen dienen. Eine zweite wichtige Anwendung von Natriumchlorid ist die Enteisung von Stra\u00dfen bei Temperaturen unter dem Gefrierpunkt.<\/p>\n","protected":false},"featured_media":5594,"template":"","meta":[],"product_brand":[],"product_cat":[119,123,86,89],"product_tag":[],"class_list":{"0":"post-5589","1":"product","2":"type-product","3":"status-publish","4":"has-post-thumbnail","6":"product_cat-futtermittelindustrie","7":"product_cat-nahrungsmittelindustrie","8":"product_cat-nicht-kategorisiert","9":"product_cat-pharmazeutische-produkte","11":"first","12":"instock","13":"taxable","14":"shipping-taxable","15":"purchasable","16":"product-type-variable","17":"has-default-attributes"},"yoast_head":"<!-- This site is optimized with the Yoast SEO plugin v27.5 - https:\/\/yoast.com\/product\/yoast-seo-wordpress\/ -->\n<title>Natriumchlorid [Steinsalz] (CAS 7647-14-5) - MasterChem<\/title>\n<meta name=\"description\" content=\"Natriumchlorid, allgemein bekannt als Salz (obwohl Meersalz auch andere chemische Salze enth\u00e4lt), ist eine ionische Verbindung mit der chemischen Formel NaCl, die ein Verh\u00e4ltnis von Natrium- und Chloridionen von 1:1 darstellt.\" \/>\n<meta name=\"robots\" content=\"index, follow, max-snippet:-1, max-image-preview:large, max-video-preview:-1\" \/>\n<link rel=\"canonical\" href=\"https:\/\/masterchem.es\/de\/produkt\/natriumchlorid-steinsalz-cas-7647-14-5\/\" \/>\n<meta property=\"og:locale\" content=\"de_DE\" \/>\n<meta property=\"og:type\" content=\"article\" \/>\n<meta property=\"og:title\" content=\"Natriumchlorid [Steinsalz] (CAS 7647-14-5) - MasterChem\" \/>\n<meta property=\"og:description\" content=\"Natriumchlorid, allgemein bekannt als Salz (obwohl Meersalz auch andere chemische Salze enth\u00e4lt), ist eine ionische Verbindung mit der chemischen Formel NaCl, die ein Verh\u00e4ltnis von Natrium- und Chloridionen von 1:1 darstellt.\" \/>\n<meta property=\"og:url\" content=\"https:\/\/masterchem.es\/de\/produkt\/natriumchlorid-steinsalz-cas-7647-14-5\/\" \/>\n<meta property=\"og:site_name\" content=\"MasterChem\" \/>\n<meta property=\"article:modified_time\" content=\"2023-05-17T13:12:42+00:00\" \/>\n<meta property=\"og:image\" content=\"https:\/\/masterchem.es\/wp-content\/uploads\/2023\/05\/Cloruro-de-sodio-CAS-7647-14-5-25kg-MasterChem.jpg\" \/>\n\t<meta property=\"og:image:width\" content=\"1000\" \/>\n\t<meta property=\"og:image:height\" content=\"1000\" \/>\n\t<meta property=\"og:image:type\" content=\"image\/jpeg\" \/>\n<meta name=\"twitter:card\" content=\"summary_large_image\" \/>\n<script type=\"application\/ld+json\" class=\"yoast-schema-graph\">{\"@context\":\"https:\\\/\\\/schema.org\",\"@graph\":[{\"@type\":\"WebPage\",\"@id\":\"https:\\\/\\\/masterchem.es\\\/de\\\/produkt\\\/natriumchlorid-steinsalz-cas-7647-14-5\\\/\",\"url\":\"https:\\\/\\\/masterchem.es\\\/de\\\/produkt\\\/natriumchlorid-steinsalz-cas-7647-14-5\\\/\",\"name\":\"Natriumchlorid [Steinsalz] (CAS 7647-14-5) - MasterChem\",\"isPartOf\":{\"@id\":\"https:\\\/\\\/masterchem.es\\\/de\\\/#website\"},\"primaryImageOfPage\":{\"@id\":\"https:\\\/\\\/masterchem.es\\\/de\\\/produkt\\\/natriumchlorid-steinsalz-cas-7647-14-5\\\/#primaryimage\"},\"image\":{\"@id\":\"https:\\\/\\\/masterchem.es\\\/de\\\/produkt\\\/natriumchlorid-steinsalz-cas-7647-14-5\\\/#primaryimage\"},\"thumbnailUrl\":\"https:\\\/\\\/masterchem.es\\\/wp-content\\\/uploads\\\/2023\\\/05\\\/Cloruro-de-sodio-CAS-7647-14-5-25kg-MasterChem.jpg\",\"datePublished\":\"2023-05-17T13:06:02+00:00\",\"dateModified\":\"2023-05-17T13:12:42+00:00\",\"description\":\"Natriumchlorid, allgemein bekannt als Salz (obwohl Meersalz auch andere chemische Salze enth\u00e4lt), ist eine ionische Verbindung mit der chemischen Formel NaCl, die ein Verh\u00e4ltnis von Natrium- und Chloridionen von 1:1 darstellt.\",\"breadcrumb\":{\"@id\":\"https:\\\/\\\/masterchem.es\\\/de\\\/produkt\\\/natriumchlorid-steinsalz-cas-7647-14-5\\\/#breadcrumb\"},\"inLanguage\":\"de-DE\",\"potentialAction\":[{\"@type\":\"ReadAction\",\"target\":[\"https:\\\/\\\/masterchem.es\\\/de\\\/produkt\\\/natriumchlorid-steinsalz-cas-7647-14-5\\\/\"]}]},{\"@type\":\"ImageObject\",\"inLanguage\":\"de-DE\",\"@id\":\"https:\\\/\\\/masterchem.es\\\/de\\\/produkt\\\/natriumchlorid-steinsalz-cas-7647-14-5\\\/#primaryimage\",\"url\":\"https:\\\/\\\/masterchem.es\\\/wp-content\\\/uploads\\\/2023\\\/05\\\/Cloruro-de-sodio-CAS-7647-14-5-25kg-MasterChem.jpg\",\"contentUrl\":\"https:\\\/\\\/masterchem.es\\\/wp-content\\\/uploads\\\/2023\\\/05\\\/Cloruro-de-sodio-CAS-7647-14-5-25kg-MasterChem.jpg\",\"width\":1000,\"height\":1000},{\"@type\":\"BreadcrumbList\",\"@id\":\"https:\\\/\\\/masterchem.es\\\/de\\\/produkt\\\/natriumchlorid-steinsalz-cas-7647-14-5\\\/#breadcrumb\",\"itemListElement\":[{\"@type\":\"ListItem\",\"position\":1,\"name\":\"Home\",\"item\":\"https:\\\/\\\/masterchem.es\\\/de\\\/\"},{\"@type\":\"ListItem\",\"position\":2,\"name\":\"Tienda\",\"item\":\"https:\\\/\\\/masterchem.es\\\/tienda\\\/\"},{\"@type\":\"ListItem\",\"position\":3,\"name\":\"Natriumchlorid [Steinsalz] (CAS 7647-14-5)\"}]},{\"@type\":\"WebSite\",\"@id\":\"https:\\\/\\\/masterchem.es\\\/de\\\/#website\",\"url\":\"https:\\\/\\\/masterchem.es\\\/de\\\/\",\"name\":\"MasterChem\",\"description\":\"proveedor de productos qu&iacute;micos\",\"potentialAction\":[{\"@type\":\"SearchAction\",\"target\":{\"@type\":\"EntryPoint\",\"urlTemplate\":\"https:\\\/\\\/masterchem.es\\\/de\\\/?s={search_term_string}\"},\"query-input\":{\"@type\":\"PropertyValueSpecification\",\"valueRequired\":true,\"valueName\":\"search_term_string\"}}],\"inLanguage\":\"de-DE\"}]}<\/script>\n<!-- \/ Yoast SEO plugin. -->","yoast_head_json":{"title":"Natriumchlorid [Steinsalz] (CAS 7647-14-5) - MasterChem","description":"Natriumchlorid, allgemein bekannt als Salz (obwohl Meersalz auch andere chemische Salze enth\u00e4lt), ist eine ionische Verbindung mit der chemischen Formel NaCl, die ein Verh\u00e4ltnis von Natrium- und Chloridionen von 1:1 darstellt.","robots":{"index":"index","follow":"follow","max-snippet":"max-snippet:-1","max-image-preview":"max-image-preview:large","max-video-preview":"max-video-preview:-1"},"canonical":"https:\/\/masterchem.es\/de\/produkt\/natriumchlorid-steinsalz-cas-7647-14-5\/","og_locale":"de_DE","og_type":"article","og_title":"Natriumchlorid [Steinsalz] (CAS 7647-14-5) - MasterChem","og_description":"Natriumchlorid, allgemein bekannt als Salz (obwohl Meersalz auch andere chemische Salze enth\u00e4lt), ist eine ionische Verbindung mit der chemischen Formel NaCl, die ein Verh\u00e4ltnis von Natrium- und Chloridionen von 1:1 darstellt.","og_url":"https:\/\/masterchem.es\/de\/produkt\/natriumchlorid-steinsalz-cas-7647-14-5\/","og_site_name":"MasterChem","article_modified_time":"2023-05-17T13:12:42+00:00","og_image":[{"width":1000,"height":1000,"url":"https:\/\/masterchem.es\/wp-content\/uploads\/2023\/05\/Cloruro-de-sodio-CAS-7647-14-5-25kg-MasterChem.jpg","type":"image\/jpeg"}],"twitter_card":"summary_large_image","schema":{"@context":"https:\/\/schema.org","@graph":[{"@type":"WebPage","@id":"https:\/\/masterchem.es\/de\/produkt\/natriumchlorid-steinsalz-cas-7647-14-5\/","url":"https:\/\/masterchem.es\/de\/produkt\/natriumchlorid-steinsalz-cas-7647-14-5\/","name":"Natriumchlorid [Steinsalz] (CAS 7647-14-5) - MasterChem","isPartOf":{"@id":"https:\/\/masterchem.es\/de\/#website"},"primaryImageOfPage":{"@id":"https:\/\/masterchem.es\/de\/produkt\/natriumchlorid-steinsalz-cas-7647-14-5\/#primaryimage"},"image":{"@id":"https:\/\/masterchem.es\/de\/produkt\/natriumchlorid-steinsalz-cas-7647-14-5\/#primaryimage"},"thumbnailUrl":"https:\/\/masterchem.es\/wp-content\/uploads\/2023\/05\/Cloruro-de-sodio-CAS-7647-14-5-25kg-MasterChem.jpg","datePublished":"2023-05-17T13:06:02+00:00","dateModified":"2023-05-17T13:12:42+00:00","description":"Natriumchlorid, allgemein bekannt als Salz (obwohl Meersalz auch andere chemische Salze enth\u00e4lt), ist eine ionische Verbindung mit der chemischen Formel NaCl, die ein Verh\u00e4ltnis von Natrium- und Chloridionen von 1:1 darstellt.","breadcrumb":{"@id":"https:\/\/masterchem.es\/de\/produkt\/natriumchlorid-steinsalz-cas-7647-14-5\/#breadcrumb"},"inLanguage":"de-DE","potentialAction":[{"@type":"ReadAction","target":["https:\/\/masterchem.es\/de\/produkt\/natriumchlorid-steinsalz-cas-7647-14-5\/"]}]},{"@type":"ImageObject","inLanguage":"de-DE","@id":"https:\/\/masterchem.es\/de\/produkt\/natriumchlorid-steinsalz-cas-7647-14-5\/#primaryimage","url":"https:\/\/masterchem.es\/wp-content\/uploads\/2023\/05\/Cloruro-de-sodio-CAS-7647-14-5-25kg-MasterChem.jpg","contentUrl":"https:\/\/masterchem.es\/wp-content\/uploads\/2023\/05\/Cloruro-de-sodio-CAS-7647-14-5-25kg-MasterChem.jpg","width":1000,"height":1000},{"@type":"BreadcrumbList","@id":"https:\/\/masterchem.es\/de\/produkt\/natriumchlorid-steinsalz-cas-7647-14-5\/#breadcrumb","itemListElement":[{"@type":"ListItem","position":1,"name":"Home","item":"https:\/\/masterchem.es\/de\/"},{"@type":"ListItem","position":2,"name":"Tienda","item":"https:\/\/masterchem.es\/tienda\/"},{"@type":"ListItem","position":3,"name":"Natriumchlorid [Steinsalz] (CAS 7647-14-5)"}]},{"@type":"WebSite","@id":"https:\/\/masterchem.es\/de\/#website","url":"https:\/\/masterchem.es\/de\/","name":"MasterChem","description":"proveedor de productos qu&iacute;micos","potentialAction":[{"@type":"SearchAction","target":{"@type":"EntryPoint","urlTemplate":"https:\/\/masterchem.es\/de\/?s={search_term_string}"},"query-input":{"@type":"PropertyValueSpecification","valueRequired":true,"valueName":"search_term_string"}}],"inLanguage":"de-DE"}]}},"_links":{"self":[{"href":"https:\/\/masterchem.es\/de\/wp-json\/wp\/v2\/product\/5589","targetHints":{"allow":["GET"]}}],"collection":[{"href":"https:\/\/masterchem.es\/de\/wp-json\/wp\/v2\/product"}],"about":[{"href":"https:\/\/masterchem.es\/de\/wp-json\/wp\/v2\/types\/product"}],"wp:featuredmedia":[{"embeddable":true,"href":"https:\/\/masterchem.es\/de\/wp-json\/wp\/v2\/media\/5594"}],"wp:attachment":[{"href":"https:\/\/masterchem.es\/de\/wp-json\/wp\/v2\/media?parent=5589"}],"wp:term":[{"taxonomy":"product_brand","embeddable":true,"href":"https:\/\/masterchem.es\/de\/wp-json\/wp\/v2\/product_brand?post=5589"},{"taxonomy":"product_cat","embeddable":true,"href":"https:\/\/masterchem.es\/de\/wp-json\/wp\/v2\/product_cat?post=5589"},{"taxonomy":"product_tag","embeddable":true,"href":"https:\/\/masterchem.es\/de\/wp-json\/wp\/v2\/product_tag?post=5589"}],"curies":[{"name":"wp","href":"https:\/\/api.w.org\/{rel}","templated":true}]}}