{"id":5618,"date":"2023-05-17T13:29:03","date_gmt":"2023-05-17T13:29:03","guid":{"rendered":"https:\/\/masterchem.es\/?post_type=product&#038;p=5618"},"modified":"2023-06-07T07:04:59","modified_gmt":"2023-06-07T07:04:59","slug":"calciumchlorid-cas-10043-52-4","status":"publish","type":"product","link":"https:\/\/masterchem.es\/de\/produkt\/calciumchlorid-cas-10043-52-4\/","title":{"rendered":"Calciumchlorid (CAS 10043-52-4)"},"content":{"rendered":"<p><strong>Informationen<\/strong><br \/>\nBranchen: Haushaltschemikalien, D\u00fcngemittel, Gartenbau, Bauchemie<\/p>\n<p>CAS-Nummer: 10043-52-4<br \/>\nWE-Nummer: 233-140-8<br \/>\nChemische Formel: CaCl2<br \/>\nMolmasse: 110,99 g\/mol<br \/>\nZolltarifcode: 28272000<\/p>\n<p><strong>Anleitungen, die die Technologie zur Herstellung einer 32 %igen Calciumchloridl\u00f6sung durch Aufl\u00f6sen trockener Ausgangssalze in Wasser in der Aufl\u00f6sungseinheit beschreiben.<\/strong><\/p>\n<p>Als Ausgangsmaterial werden einzelne feste Salze von Calciumchlorid &#8211; CaCl2 verwendet.<\/p>\n<p>1. Gie\u00dfen Sie Wasser gem\u00e4\u00df den in Tabelle 1 angegebenen Daten in den Beh\u00e4lter.<\/p>\n<p><strong>Tabelle 1. Herstellung einer 32 %igen Calciumchloridl\u00f6sung<\/strong><\/p>\n<p>&nbsp;<\/p>\n<table>\n<tbody>\n<tr>\n<td rowspan=\"2\"><strong>Konzentration der CaCl2-L\u00f6sung <\/strong><\/td>\n<td colspan=\"3\"><strong>Gehalt an wasserfreiem CaCl2, 94-97 %, kg<\/strong><\/td>\n<\/tr>\n<tr>\n<td><strong>in 1 Liter L\u00f6sung<\/strong><\/td>\n<td><strong>in 1 kg L\u00f6sung<\/strong><\/td>\n<td><strong>f\u00fcr 1 Liter Wasser<\/strong><\/td>\n<\/tr>\n<tr>\n<td>32 %<\/td>\n<td>0,417<\/td>\n<td>0,32<\/td>\n<td>0,47<\/td>\n<\/tr>\n<\/tbody>\n<\/table>\n<p>2. Schalten Sie die Wasserzirkulation in der Anlage ein.<br \/>\n3. \u00d6ffnen Sie den Boden des Beutels mit einem Messer und gie\u00dfen Sie den Beutelinhalt nach M\u00f6glichkeit langsam in einen Beh\u00e4lter mit Wasser.<br \/>\n4. Stauben Sie das Produkt nicht ab. Beim Verf\u00fcllen ist zum Schutz der Atemwege ein Atemschutzger\u00e4t zu verwenden.<br \/>\n5. Lassen Sie die L\u00f6sung zirkulieren, bis sich die festen Salze vollst\u00e4ndig aufgel\u00f6st haben. Je intensiver die Zirkulation der L\u00f6sung im Tank ist, desto k\u00fcrzer ist die Zeit f\u00fcr die Aufl\u00f6sung der Salze.<br \/>\n6. Die Aufl\u00f6sung von trockenem Calciumchlorid geht mit einer intensiven Erhitzung der L\u00f6sung einher (bis zu 60 \u00b0C), das Salz l\u00f6st sich schnell auf. Zur Vermeidung thermischer Verbrennungen sind entsprechende Sicherheitsvorkehrungen zu beachten. Aus diesem Grund ist es w\u00fcnschenswert, trockenes Calciumchlorid portionsweise in einen Beh\u00e4lter mit Wasser zu f\u00fcllen.<br \/>\n7. Nach vollst\u00e4ndiger Aufl\u00f6sung der Salze wird eine Probe der L\u00f6sung in einen Glaszylinder gegeben und mit einem Ar\u00e4ometer der Dichtewert auf die dritte Dezimalstelle genau gemessen.<br \/>\n8. Vergleichen Sie unter Ber\u00fccksichtigung der mit einem Thermometer ermittelten Temperatur der L\u00f6sung den erhaltenen Dichtewert mit dem in Tabelle 2 angegebenen Wert.<br \/>\nTabelle 2 zeigt die Dichtewerte einer 32 %igen L\u00f6sung bei verschiedenen Temperaturen.<br \/>\nEine Abweichung des Konzentrationswertes der zubereiteten L\u00f6sung im Bereich von 31-33 % ist zul\u00e4ssig. Eine Abweichung des Werts der L\u00f6sungskonzentration von \u00b11 % entspricht einer Abweichung des Werts der Dichte der L\u00f6sung von etwa \u00b10,007 g\/cm3.<\/p>\n<p><strong>Tabelle 2. Dichte einer 32 %igen Calciumchloridl\u00f6sung bei verschiedenen Temperaturen<\/strong><\/p>\n<table>\n<tbody>\n<tr>\n<td><strong>Temperatur, \u00b0\u0421 <\/strong><\/td>\n<td><strong>Dichte, g\/cm3 <\/strong><\/td>\n<\/tr>\n<tr>\n<td>10<\/td>\n<td>1,3536<\/td>\n<\/tr>\n<tr>\n<td>15<\/td>\n<td>1,3286<\/td>\n<\/tr>\n<tr>\n<td>20<\/td>\n<td>1.3036<\/td>\n<\/tr>\n<tr>\n<td>25<\/td>\n<td>1,2786<\/td>\n<\/tr>\n<tr>\n<td>30<\/td>\n<td>1,2536<\/td>\n<\/tr>\n<tr>\n<td>35<\/td>\n<td>1,2286<\/td>\n<\/tr>\n<tr>\n<td>40<\/td>\n<td>1.2036<\/td>\n<\/tr>\n<tr>\n<td>45<\/td>\n<td>1.1786<\/td>\n<\/tr>\n<tr>\n<td>50<\/td>\n<td>1.1536<\/td>\n<\/tr>\n<\/tbody>\n<\/table>\n<p>9. Die fertige L\u00f6sung wird in einen Lagertank gepumpt.<\/p>\n","protected":false},"excerpt":{"rendered":"<p><strong>Calciumchlorid (CAS 10043-52-4)<\/strong><\/p>\n<p>Calciumchlorid ist eine anorganische Verbindung, ein Salz mit der chemischen Formel CaCl2. Es ist bei Raumtemperatur ein wei\u00df gef\u00e4rbter kristalliner Feststoff und in Wasser gut l\u00f6slich. Es kann durch Neutralisierung von Salzs\u00e4ure mit Calciumhydroxid hergestellt werden.<\/p>\n<p>Calciumchlorid kommt \u00fcblicherweise als hydratisierter Feststoff mit der allgemeinen Formel CaCl2(H2O)x vor, wobei x = 0, 1, 2, 4 und 6. Diese Verbindungen werden haupts\u00e4chlich zur Enteisung und Staubbek\u00e4mpfung verwendet. Da das wasserfreie Salz hygroskopisch ist, wird es als Trockenmittel verwendet.<\/p>\n","protected":false},"featured_media":5623,"template":"","meta":[],"product_brand":[],"product_cat":[84,132,86],"product_tag":[],"class_list":{"0":"post-5618","1":"product","2":"type-product","3":"status-publish","4":"has-post-thumbnail","6":"product_cat-bausektor","7":"product_cat-dungemittel","8":"product_cat-nicht-kategorisiert","10":"first","11":"instock","12":"taxable","13":"shipping-taxable","14":"purchasable","15":"product-type-variable","16":"has-default-attributes"},"yoast_head":"<!-- This site is optimized with the Yoast SEO plugin v27.5 - https:\/\/yoast.com\/product\/yoast-seo-wordpress\/ -->\n<title>Calciumchlorid (CAS 10043-52-4) - MasterChem<\/title>\n<meta name=\"description\" content=\"Calciumchlorid ist eine anorganische Verbindung, ein Salz mit der chemischen Formel CaCl2. Es ist bei Raumtemperatur ein wei\u00df gef\u00e4rbter kristalliner Feststoff und in Wasser gut l\u00f6slich. Es kann durch Neutralisierung von Salzs\u00e4ure mit Calciumhydroxid hergestellt werden.\" \/>\n<meta name=\"robots\" content=\"index, follow, max-snippet:-1, max-image-preview:large, max-video-preview:-1\" \/>\n<link rel=\"canonical\" href=\"https:\/\/masterchem.es\/de\/produkt\/calciumchlorid-cas-10043-52-4\/\" \/>\n<meta property=\"og:locale\" content=\"de_DE\" \/>\n<meta property=\"og:type\" content=\"article\" \/>\n<meta property=\"og:title\" content=\"Calciumchlorid (CAS 10043-52-4) - MasterChem\" \/>\n<meta property=\"og:description\" content=\"Calciumchlorid ist eine anorganische Verbindung, ein Salz mit der chemischen Formel CaCl2. Es ist bei Raumtemperatur ein wei\u00df gef\u00e4rbter kristalliner Feststoff und in Wasser gut l\u00f6slich. Es kann durch Neutralisierung von Salzs\u00e4ure mit Calciumhydroxid hergestellt werden.\" \/>\n<meta property=\"og:url\" content=\"https:\/\/masterchem.es\/de\/produkt\/calciumchlorid-cas-10043-52-4\/\" \/>\n<meta property=\"og:site_name\" content=\"MasterChem\" \/>\n<meta property=\"article:modified_time\" content=\"2023-06-07T07:04:59+00:00\" \/>\n<meta property=\"og:image\" content=\"https:\/\/masterchem.es\/wp-content\/uploads\/2023\/05\/Calciumchlorid-CAS-10043-52-4-25kg-MasterChem.jpg\" \/>\n\t<meta property=\"og:image:width\" content=\"1000\" \/>\n\t<meta property=\"og:image:height\" content=\"1000\" \/>\n\t<meta property=\"og:image:type\" content=\"image\/jpeg\" \/>\n<meta name=\"twitter:card\" content=\"summary_large_image\" \/>\n<meta name=\"twitter:label1\" content=\"Gesch\u00e4tzte Lesezeit\" \/>\n\t<meta name=\"twitter:data1\" content=\"2 Minuten\" \/>\n<script type=\"application\/ld+json\" class=\"yoast-schema-graph\">{\"@context\":\"https:\\\/\\\/schema.org\",\"@graph\":[{\"@type\":\"WebPage\",\"@id\":\"https:\\\/\\\/masterchem.es\\\/de\\\/produkt\\\/calciumchlorid-cas-10043-52-4\\\/\",\"url\":\"https:\\\/\\\/masterchem.es\\\/de\\\/produkt\\\/calciumchlorid-cas-10043-52-4\\\/\",\"name\":\"Calciumchlorid (CAS 10043-52-4) - MasterChem\",\"isPartOf\":{\"@id\":\"https:\\\/\\\/masterchem.es\\\/de\\\/#website\"},\"primaryImageOfPage\":{\"@id\":\"https:\\\/\\\/masterchem.es\\\/de\\\/produkt\\\/calciumchlorid-cas-10043-52-4\\\/#primaryimage\"},\"image\":{\"@id\":\"https:\\\/\\\/masterchem.es\\\/de\\\/produkt\\\/calciumchlorid-cas-10043-52-4\\\/#primaryimage\"},\"thumbnailUrl\":\"https:\\\/\\\/masterchem.es\\\/wp-content\\\/uploads\\\/2023\\\/05\\\/Calciumchlorid-CAS-10043-52-4-25kg-MasterChem.jpg\",\"datePublished\":\"2023-05-17T13:29:03+00:00\",\"dateModified\":\"2023-06-07T07:04:59+00:00\",\"description\":\"Calciumchlorid ist eine anorganische Verbindung, ein Salz mit der chemischen Formel CaCl2. Es ist bei Raumtemperatur ein wei\u00df gef\u00e4rbter kristalliner Feststoff und in Wasser gut l\u00f6slich. Es kann durch Neutralisierung von Salzs\u00e4ure mit Calciumhydroxid hergestellt werden.\",\"breadcrumb\":{\"@id\":\"https:\\\/\\\/masterchem.es\\\/de\\\/produkt\\\/calciumchlorid-cas-10043-52-4\\\/#breadcrumb\"},\"inLanguage\":\"de-DE\",\"potentialAction\":[{\"@type\":\"ReadAction\",\"target\":[\"https:\\\/\\\/masterchem.es\\\/de\\\/produkt\\\/calciumchlorid-cas-10043-52-4\\\/\"]}]},{\"@type\":\"ImageObject\",\"inLanguage\":\"de-DE\",\"@id\":\"https:\\\/\\\/masterchem.es\\\/de\\\/produkt\\\/calciumchlorid-cas-10043-52-4\\\/#primaryimage\",\"url\":\"https:\\\/\\\/masterchem.es\\\/wp-content\\\/uploads\\\/2023\\\/05\\\/Calciumchlorid-CAS-10043-52-4-25kg-MasterChem.jpg\",\"contentUrl\":\"https:\\\/\\\/masterchem.es\\\/wp-content\\\/uploads\\\/2023\\\/05\\\/Calciumchlorid-CAS-10043-52-4-25kg-MasterChem.jpg\",\"width\":1000,\"height\":1000},{\"@type\":\"BreadcrumbList\",\"@id\":\"https:\\\/\\\/masterchem.es\\\/de\\\/produkt\\\/calciumchlorid-cas-10043-52-4\\\/#breadcrumb\",\"itemListElement\":[{\"@type\":\"ListItem\",\"position\":1,\"name\":\"Home\",\"item\":\"https:\\\/\\\/masterchem.es\\\/de\\\/\"},{\"@type\":\"ListItem\",\"position\":2,\"name\":\"Tienda\",\"item\":\"https:\\\/\\\/masterchem.es\\\/tienda\\\/\"},{\"@type\":\"ListItem\",\"position\":3,\"name\":\"Calciumchlorid (CAS 10043-52-4)\"}]},{\"@type\":\"WebSite\",\"@id\":\"https:\\\/\\\/masterchem.es\\\/de\\\/#website\",\"url\":\"https:\\\/\\\/masterchem.es\\\/de\\\/\",\"name\":\"MasterChem\",\"description\":\"proveedor de productos qu&iacute;micos\",\"potentialAction\":[{\"@type\":\"SearchAction\",\"target\":{\"@type\":\"EntryPoint\",\"urlTemplate\":\"https:\\\/\\\/masterchem.es\\\/de\\\/?s={search_term_string}\"},\"query-input\":{\"@type\":\"PropertyValueSpecification\",\"valueRequired\":true,\"valueName\":\"search_term_string\"}}],\"inLanguage\":\"de-DE\"}]}<\/script>\n<!-- \/ Yoast SEO plugin. -->","yoast_head_json":{"title":"Calciumchlorid (CAS 10043-52-4) - MasterChem","description":"Calciumchlorid ist eine anorganische Verbindung, ein Salz mit der chemischen Formel CaCl2. Es ist bei Raumtemperatur ein wei\u00df gef\u00e4rbter kristalliner Feststoff und in Wasser gut l\u00f6slich. Es kann durch Neutralisierung von Salzs\u00e4ure mit Calciumhydroxid hergestellt werden.","robots":{"index":"index","follow":"follow","max-snippet":"max-snippet:-1","max-image-preview":"max-image-preview:large","max-video-preview":"max-video-preview:-1"},"canonical":"https:\/\/masterchem.es\/de\/produkt\/calciumchlorid-cas-10043-52-4\/","og_locale":"de_DE","og_type":"article","og_title":"Calciumchlorid (CAS 10043-52-4) - MasterChem","og_description":"Calciumchlorid ist eine anorganische Verbindung, ein Salz mit der chemischen Formel CaCl2. Es ist bei Raumtemperatur ein wei\u00df gef\u00e4rbter kristalliner Feststoff und in Wasser gut l\u00f6slich. Es kann durch Neutralisierung von Salzs\u00e4ure mit Calciumhydroxid hergestellt werden.","og_url":"https:\/\/masterchem.es\/de\/produkt\/calciumchlorid-cas-10043-52-4\/","og_site_name":"MasterChem","article_modified_time":"2023-06-07T07:04:59+00:00","og_image":[{"width":1000,"height":1000,"url":"https:\/\/masterchem.es\/wp-content\/uploads\/2023\/05\/Calciumchlorid-CAS-10043-52-4-25kg-MasterChem.jpg","type":"image\/jpeg"}],"twitter_card":"summary_large_image","twitter_misc":{"Gesch\u00e4tzte Lesezeit":"2 Minuten"},"schema":{"@context":"https:\/\/schema.org","@graph":[{"@type":"WebPage","@id":"https:\/\/masterchem.es\/de\/produkt\/calciumchlorid-cas-10043-52-4\/","url":"https:\/\/masterchem.es\/de\/produkt\/calciumchlorid-cas-10043-52-4\/","name":"Calciumchlorid (CAS 10043-52-4) - MasterChem","isPartOf":{"@id":"https:\/\/masterchem.es\/de\/#website"},"primaryImageOfPage":{"@id":"https:\/\/masterchem.es\/de\/produkt\/calciumchlorid-cas-10043-52-4\/#primaryimage"},"image":{"@id":"https:\/\/masterchem.es\/de\/produkt\/calciumchlorid-cas-10043-52-4\/#primaryimage"},"thumbnailUrl":"https:\/\/masterchem.es\/wp-content\/uploads\/2023\/05\/Calciumchlorid-CAS-10043-52-4-25kg-MasterChem.jpg","datePublished":"2023-05-17T13:29:03+00:00","dateModified":"2023-06-07T07:04:59+00:00","description":"Calciumchlorid ist eine anorganische Verbindung, ein Salz mit der chemischen Formel CaCl2. Es ist bei Raumtemperatur ein wei\u00df gef\u00e4rbter kristalliner Feststoff und in Wasser gut l\u00f6slich. Es kann durch Neutralisierung von Salzs\u00e4ure mit Calciumhydroxid hergestellt werden.","breadcrumb":{"@id":"https:\/\/masterchem.es\/de\/produkt\/calciumchlorid-cas-10043-52-4\/#breadcrumb"},"inLanguage":"de-DE","potentialAction":[{"@type":"ReadAction","target":["https:\/\/masterchem.es\/de\/produkt\/calciumchlorid-cas-10043-52-4\/"]}]},{"@type":"ImageObject","inLanguage":"de-DE","@id":"https:\/\/masterchem.es\/de\/produkt\/calciumchlorid-cas-10043-52-4\/#primaryimage","url":"https:\/\/masterchem.es\/wp-content\/uploads\/2023\/05\/Calciumchlorid-CAS-10043-52-4-25kg-MasterChem.jpg","contentUrl":"https:\/\/masterchem.es\/wp-content\/uploads\/2023\/05\/Calciumchlorid-CAS-10043-52-4-25kg-MasterChem.jpg","width":1000,"height":1000},{"@type":"BreadcrumbList","@id":"https:\/\/masterchem.es\/de\/produkt\/calciumchlorid-cas-10043-52-4\/#breadcrumb","itemListElement":[{"@type":"ListItem","position":1,"name":"Home","item":"https:\/\/masterchem.es\/de\/"},{"@type":"ListItem","position":2,"name":"Tienda","item":"https:\/\/masterchem.es\/tienda\/"},{"@type":"ListItem","position":3,"name":"Calciumchlorid (CAS 10043-52-4)"}]},{"@type":"WebSite","@id":"https:\/\/masterchem.es\/de\/#website","url":"https:\/\/masterchem.es\/de\/","name":"MasterChem","description":"proveedor de productos qu&iacute;micos","potentialAction":[{"@type":"SearchAction","target":{"@type":"EntryPoint","urlTemplate":"https:\/\/masterchem.es\/de\/?s={search_term_string}"},"query-input":{"@type":"PropertyValueSpecification","valueRequired":true,"valueName":"search_term_string"}}],"inLanguage":"de-DE"}]}},"_links":{"self":[{"href":"https:\/\/masterchem.es\/de\/wp-json\/wp\/v2\/product\/5618","targetHints":{"allow":["GET"]}}],"collection":[{"href":"https:\/\/masterchem.es\/de\/wp-json\/wp\/v2\/product"}],"about":[{"href":"https:\/\/masterchem.es\/de\/wp-json\/wp\/v2\/types\/product"}],"wp:featuredmedia":[{"embeddable":true,"href":"https:\/\/masterchem.es\/de\/wp-json\/wp\/v2\/media\/5623"}],"wp:attachment":[{"href":"https:\/\/masterchem.es\/de\/wp-json\/wp\/v2\/media?parent=5618"}],"wp:term":[{"taxonomy":"product_brand","embeddable":true,"href":"https:\/\/masterchem.es\/de\/wp-json\/wp\/v2\/product_brand?post=5618"},{"taxonomy":"product_cat","embeddable":true,"href":"https:\/\/masterchem.es\/de\/wp-json\/wp\/v2\/product_cat?post=5618"},{"taxonomy":"product_tag","embeddable":true,"href":"https:\/\/masterchem.es\/de\/wp-json\/wp\/v2\/product_tag?post=5618"}],"curies":[{"name":"wp","href":"https:\/\/api.w.org\/{rel}","templated":true}]}}