{"id":5666,"date":"2023-05-18T08:56:54","date_gmt":"2023-05-18T08:56:54","guid":{"rendered":"https:\/\/masterchem.es\/?post_type=product&#038;p=5666"},"modified":"2023-05-18T09:10:59","modified_gmt":"2023-05-18T09:10:59","slug":"borax-cas-12179-04-3","status":"publish","type":"product","link":"https:\/\/masterchem.es\/de\/produkt\/borax-cas-12179-04-3\/","title":{"rendered":"Borax (CAS 12179-04-3)"},"content":{"rendered":"<p><strong>Informationen<\/strong><br \/>\nBranchen: Farben und Lacke, Haushaltschemikalien, D\u00fcngemittel, Glas und Keramik, Klebstoffe, \u00d6le, Fette, Gartenbau, Harze, Kunststoffe, Polyurethane<br \/>\n<br \/>\nCAS-Nummer: 12179-04-3<br \/>\nIndexnummer: 005-011-00-5<br \/>\nChemische Formel: Na2B4O7<br \/>\nMolmasse: 201,22 g\/mol<br \/>\nZolltarifcode: 28401100<\/p>\n<p><strong>Andere physikalische Eigenschaften<\/strong><br \/>\n<br \/>\npH-Wert: 9,2 (Roztw\u00f3r 1 %, 20 \u00b0C)<br \/>\nSchmelz-\/Gefrierpunkt: 741\u00b0C<br \/>\nSiedepunkt\/-bereich: 1575\u00b0C<br \/>\nRelative Dichte: 2,37 g\/cm3 (20\u00b0C)<br \/>\nL\u00f6slichkeit in Wasser: 2,48 % (20\u00b0C)<\/p>\n","protected":false},"excerpt":{"rendered":"<p><strong>Borax (CAS 12179-04-3)<\/strong><\/p>\n<p>Borax, auch bekannt als Natriumborat, Natriumtetraborat oder Dinatriumtetraborat, ist eine wichtige Borverbindung, ein Mineral und ein Salz der Bors\u00e4ure. Boraxpulver ist wei\u00df und besteht aus weichen, farblosen Kristallen, die sich in Wasser aufl\u00f6sen. Eine Reihe eng verwandter Mineralien oder chemischer Verbindungen, die sich in ihrem Kristallwassergehalt unterscheiden, werden als Borax bezeichnet, wobei das Wort \u00fcblicherweise f\u00fcr das Oktahydrat verwendet wird. Im Handel erh\u00e4ltliches Borax ist teilweise dehydriert.<\/p>\n<p>Borax ist Bestandteil vieler Waschmittel, Kosmetika und Emailleglasuren. Es wird zur Herstellung von Pufferl\u00f6sungen in der Biochemie, als feuerhemmendes Mittel, als antimykotische Verbindung, bei der Herstellung von Glasfasern, als Flussmittel in der Metallurgie, als Neutroneneinfangschild f\u00fcr radioaktive Quellen, als Texturierungsmittel beim Kochen und als \u2026 verwendet Vernetzungsmittel in Slime, als Alkali in fotografischen Entwicklern, als Vorstufe f\u00fcr andere Borverbindungen und zusammen mit seinem Gegenst\u00fcck Bors\u00e4ure als Insektizid n\u00fctzlich.<\/p>\n<p>Im handwerklichen Goldabbau wird Borax manchmal als Teil eines Prozesses (als Flussmittel) verwendet, der den Bedarf an giftigem Quecksilber bei der Goldgewinnung eliminieren soll, obwohl es Quecksilber nicht direkt ersetzen kann. Berichten zufolge wurde Borax im 20. Jahrhundert von Goldgr\u00e4bern in Teilen der Philippinen verwendet.<\/p>\n<p>Borax wurde erstmals in ausgetrockneten Seeb\u00f6den in Tibet entdeckt und im 8. Jahrhundert n. Chr. \u00fcber die Seidenstra\u00dfe auf die Arabische Halbinsel importiert. Borax wurde erstmals im sp\u00e4ten 19. Jahrhundert allgemein verwendet, als Francis Marion Smiths Pacific Coast Borax Company begann, eine Vielzahl von Anwendungen unter der Marke 20 Mule Team Borax zu vermarkten und bekannt zu machen, benannt nach der Methode, mit der Borax urspr\u00fcnglich aus dem Meer gef\u00f6rdert wurde W\u00fcsten in Kalifornien und Nevada.<\/p>\n","protected":false},"featured_media":5671,"template":"","meta":[],"product_brand":[],"product_cat":[113,86],"product_tag":[],"class_list":{"0":"post-5666","1":"product","2":"type-product","3":"status-publish","4":"has-post-thumbnail","6":"product_cat-kunststoff-polyurethane","7":"product_cat-nicht-kategorisiert","9":"first","10":"instock","11":"taxable","12":"shipping-taxable","13":"purchasable","14":"product-type-variable","15":"has-default-attributes"},"yoast_head":"<!-- This site is optimized with the Yoast SEO plugin v27.5 - https:\/\/yoast.com\/product\/yoast-seo-wordpress\/ -->\n<title>Borax (CAS 12179-04-3) - MasterChem<\/title>\n<meta name=\"description\" content=\"Borax, auch bekannt als Natriumborat, Natriumtetraborat oder Dinatriumtetraborat, ist eine wichtige Borverbindung, ein Mineral und ein Salz der Bors\u00e4ure.\" \/>\n<meta name=\"robots\" content=\"index, follow, max-snippet:-1, max-image-preview:large, max-video-preview:-1\" \/>\n<link rel=\"canonical\" href=\"https:\/\/masterchem.es\/de\/produkt\/borax-cas-12179-04-3\/\" \/>\n<meta property=\"og:locale\" content=\"de_DE\" \/>\n<meta property=\"og:type\" content=\"article\" \/>\n<meta property=\"og:title\" content=\"Borax (CAS 12179-04-3) - MasterChem\" \/>\n<meta property=\"og:description\" content=\"Borax, auch bekannt als Natriumborat, Natriumtetraborat oder Dinatriumtetraborat, ist eine wichtige Borverbindung, ein Mineral und ein Salz der Bors\u00e4ure.\" \/>\n<meta property=\"og:url\" content=\"https:\/\/masterchem.es\/de\/produkt\/borax-cas-12179-04-3\/\" \/>\n<meta property=\"og:site_name\" content=\"MasterChem\" \/>\n<meta property=\"article:modified_time\" content=\"2023-05-18T09:10:59+00:00\" \/>\n<meta property=\"og:image\" content=\"https:\/\/masterchem.es\/wp-content\/uploads\/2023\/05\/Borax-CAS-12179-04-3-25kg-MasterChem.jpg\" \/>\n\t<meta property=\"og:image:width\" content=\"1000\" \/>\n\t<meta property=\"og:image:height\" content=\"1000\" \/>\n\t<meta property=\"og:image:type\" content=\"image\/jpeg\" \/>\n<meta name=\"twitter:card\" content=\"summary_large_image\" \/>\n<script type=\"application\/ld+json\" class=\"yoast-schema-graph\">{\"@context\":\"https:\\\/\\\/schema.org\",\"@graph\":[{\"@type\":\"WebPage\",\"@id\":\"https:\\\/\\\/masterchem.es\\\/de\\\/produkt\\\/borax-cas-12179-04-3\\\/\",\"url\":\"https:\\\/\\\/masterchem.es\\\/de\\\/produkt\\\/borax-cas-12179-04-3\\\/\",\"name\":\"Borax (CAS 12179-04-3) - MasterChem\",\"isPartOf\":{\"@id\":\"https:\\\/\\\/masterchem.es\\\/de\\\/#website\"},\"primaryImageOfPage\":{\"@id\":\"https:\\\/\\\/masterchem.es\\\/de\\\/produkt\\\/borax-cas-12179-04-3\\\/#primaryimage\"},\"image\":{\"@id\":\"https:\\\/\\\/masterchem.es\\\/de\\\/produkt\\\/borax-cas-12179-04-3\\\/#primaryimage\"},\"thumbnailUrl\":\"https:\\\/\\\/masterchem.es\\\/wp-content\\\/uploads\\\/2023\\\/05\\\/Borax-CAS-12179-04-3-25kg-MasterChem.jpg\",\"datePublished\":\"2023-05-18T08:56:54+00:00\",\"dateModified\":\"2023-05-18T09:10:59+00:00\",\"description\":\"Borax, auch bekannt als Natriumborat, Natriumtetraborat oder Dinatriumtetraborat, ist eine wichtige Borverbindung, ein Mineral und ein Salz der Bors\u00e4ure.\",\"breadcrumb\":{\"@id\":\"https:\\\/\\\/masterchem.es\\\/de\\\/produkt\\\/borax-cas-12179-04-3\\\/#breadcrumb\"},\"inLanguage\":\"de-DE\",\"potentialAction\":[{\"@type\":\"ReadAction\",\"target\":[\"https:\\\/\\\/masterchem.es\\\/de\\\/produkt\\\/borax-cas-12179-04-3\\\/\"]}]},{\"@type\":\"ImageObject\",\"inLanguage\":\"de-DE\",\"@id\":\"https:\\\/\\\/masterchem.es\\\/de\\\/produkt\\\/borax-cas-12179-04-3\\\/#primaryimage\",\"url\":\"https:\\\/\\\/masterchem.es\\\/wp-content\\\/uploads\\\/2023\\\/05\\\/Borax-CAS-12179-04-3-25kg-MasterChem.jpg\",\"contentUrl\":\"https:\\\/\\\/masterchem.es\\\/wp-content\\\/uploads\\\/2023\\\/05\\\/Borax-CAS-12179-04-3-25kg-MasterChem.jpg\",\"width\":1000,\"height\":1000},{\"@type\":\"BreadcrumbList\",\"@id\":\"https:\\\/\\\/masterchem.es\\\/de\\\/produkt\\\/borax-cas-12179-04-3\\\/#breadcrumb\",\"itemListElement\":[{\"@type\":\"ListItem\",\"position\":1,\"name\":\"Home\",\"item\":\"https:\\\/\\\/masterchem.es\\\/de\\\/\"},{\"@type\":\"ListItem\",\"position\":2,\"name\":\"Tienda\",\"item\":\"https:\\\/\\\/masterchem.es\\\/tienda\\\/\"},{\"@type\":\"ListItem\",\"position\":3,\"name\":\"Borax (CAS 12179-04-3)\"}]},{\"@type\":\"WebSite\",\"@id\":\"https:\\\/\\\/masterchem.es\\\/de\\\/#website\",\"url\":\"https:\\\/\\\/masterchem.es\\\/de\\\/\",\"name\":\"MasterChem\",\"description\":\"proveedor de productos qu&iacute;micos\",\"potentialAction\":[{\"@type\":\"SearchAction\",\"target\":{\"@type\":\"EntryPoint\",\"urlTemplate\":\"https:\\\/\\\/masterchem.es\\\/de\\\/?s={search_term_string}\"},\"query-input\":{\"@type\":\"PropertyValueSpecification\",\"valueRequired\":true,\"valueName\":\"search_term_string\"}}],\"inLanguage\":\"de-DE\"}]}<\/script>\n<!-- \/ Yoast SEO plugin. -->","yoast_head_json":{"title":"Borax (CAS 12179-04-3) - MasterChem","description":"Borax, auch bekannt als Natriumborat, Natriumtetraborat oder Dinatriumtetraborat, ist eine wichtige Borverbindung, ein Mineral und ein Salz der Bors\u00e4ure.","robots":{"index":"index","follow":"follow","max-snippet":"max-snippet:-1","max-image-preview":"max-image-preview:large","max-video-preview":"max-video-preview:-1"},"canonical":"https:\/\/masterchem.es\/de\/produkt\/borax-cas-12179-04-3\/","og_locale":"de_DE","og_type":"article","og_title":"Borax (CAS 12179-04-3) - MasterChem","og_description":"Borax, auch bekannt als Natriumborat, Natriumtetraborat oder Dinatriumtetraborat, ist eine wichtige Borverbindung, ein Mineral und ein Salz der Bors\u00e4ure.","og_url":"https:\/\/masterchem.es\/de\/produkt\/borax-cas-12179-04-3\/","og_site_name":"MasterChem","article_modified_time":"2023-05-18T09:10:59+00:00","og_image":[{"width":1000,"height":1000,"url":"https:\/\/masterchem.es\/wp-content\/uploads\/2023\/05\/Borax-CAS-12179-04-3-25kg-MasterChem.jpg","type":"image\/jpeg"}],"twitter_card":"summary_large_image","schema":{"@context":"https:\/\/schema.org","@graph":[{"@type":"WebPage","@id":"https:\/\/masterchem.es\/de\/produkt\/borax-cas-12179-04-3\/","url":"https:\/\/masterchem.es\/de\/produkt\/borax-cas-12179-04-3\/","name":"Borax (CAS 12179-04-3) - MasterChem","isPartOf":{"@id":"https:\/\/masterchem.es\/de\/#website"},"primaryImageOfPage":{"@id":"https:\/\/masterchem.es\/de\/produkt\/borax-cas-12179-04-3\/#primaryimage"},"image":{"@id":"https:\/\/masterchem.es\/de\/produkt\/borax-cas-12179-04-3\/#primaryimage"},"thumbnailUrl":"https:\/\/masterchem.es\/wp-content\/uploads\/2023\/05\/Borax-CAS-12179-04-3-25kg-MasterChem.jpg","datePublished":"2023-05-18T08:56:54+00:00","dateModified":"2023-05-18T09:10:59+00:00","description":"Borax, auch bekannt als Natriumborat, Natriumtetraborat oder Dinatriumtetraborat, ist eine wichtige Borverbindung, ein Mineral und ein Salz der Bors\u00e4ure.","breadcrumb":{"@id":"https:\/\/masterchem.es\/de\/produkt\/borax-cas-12179-04-3\/#breadcrumb"},"inLanguage":"de-DE","potentialAction":[{"@type":"ReadAction","target":["https:\/\/masterchem.es\/de\/produkt\/borax-cas-12179-04-3\/"]}]},{"@type":"ImageObject","inLanguage":"de-DE","@id":"https:\/\/masterchem.es\/de\/produkt\/borax-cas-12179-04-3\/#primaryimage","url":"https:\/\/masterchem.es\/wp-content\/uploads\/2023\/05\/Borax-CAS-12179-04-3-25kg-MasterChem.jpg","contentUrl":"https:\/\/masterchem.es\/wp-content\/uploads\/2023\/05\/Borax-CAS-12179-04-3-25kg-MasterChem.jpg","width":1000,"height":1000},{"@type":"BreadcrumbList","@id":"https:\/\/masterchem.es\/de\/produkt\/borax-cas-12179-04-3\/#breadcrumb","itemListElement":[{"@type":"ListItem","position":1,"name":"Home","item":"https:\/\/masterchem.es\/de\/"},{"@type":"ListItem","position":2,"name":"Tienda","item":"https:\/\/masterchem.es\/tienda\/"},{"@type":"ListItem","position":3,"name":"Borax (CAS 12179-04-3)"}]},{"@type":"WebSite","@id":"https:\/\/masterchem.es\/de\/#website","url":"https:\/\/masterchem.es\/de\/","name":"MasterChem","description":"proveedor de productos qu&iacute;micos","potentialAction":[{"@type":"SearchAction","target":{"@type":"EntryPoint","urlTemplate":"https:\/\/masterchem.es\/de\/?s={search_term_string}"},"query-input":{"@type":"PropertyValueSpecification","valueRequired":true,"valueName":"search_term_string"}}],"inLanguage":"de-DE"}]}},"_links":{"self":[{"href":"https:\/\/masterchem.es\/de\/wp-json\/wp\/v2\/product\/5666","targetHints":{"allow":["GET"]}}],"collection":[{"href":"https:\/\/masterchem.es\/de\/wp-json\/wp\/v2\/product"}],"about":[{"href":"https:\/\/masterchem.es\/de\/wp-json\/wp\/v2\/types\/product"}],"wp:featuredmedia":[{"embeddable":true,"href":"https:\/\/masterchem.es\/de\/wp-json\/wp\/v2\/media\/5671"}],"wp:attachment":[{"href":"https:\/\/masterchem.es\/de\/wp-json\/wp\/v2\/media?parent=5666"}],"wp:term":[{"taxonomy":"product_brand","embeddable":true,"href":"https:\/\/masterchem.es\/de\/wp-json\/wp\/v2\/product_brand?post=5666"},{"taxonomy":"product_cat","embeddable":true,"href":"https:\/\/masterchem.es\/de\/wp-json\/wp\/v2\/product_cat?post=5666"},{"taxonomy":"product_tag","embeddable":true,"href":"https:\/\/masterchem.es\/de\/wp-json\/wp\/v2\/product_tag?post=5666"}],"curies":[{"name":"wp","href":"https:\/\/api.w.org\/{rel}","templated":true}]}}