{"id":5682,"date":"2023-05-18T10:42:54","date_gmt":"2023-05-18T10:42:54","guid":{"rendered":"https:\/\/masterchem.es\/?post_type=product&#038;p=5682"},"modified":"2023-05-18T10:51:38","modified_gmt":"2023-05-18T10:51:38","slug":"ethanolamin-cas-141-43-5","status":"publish","type":"product","link":"https:\/\/masterchem.es\/de\/produkt\/ethanolamin-cas-141-43-5\/","title":{"rendered":"Ethanolamin (CAS 141-43-5)"},"content":{"rendered":"<p><strong>Informationen<\/strong><br \/>\nBranchen: Farben und Lacke, Haushaltschemikalien, D\u00fcngemittel, Kosmetikindustrie, Klebstoffe, \u00d6le, Fette, Bauchemie, Harze, Kunststoffe, Polyurethane<br \/>\n<br \/>\nCAS-Nummer: 141-43-5<br \/>\nWE-Nummer: 205-483-3<br \/>\nIndexnummer: 603-030-00-8<br \/>\nChemische Formel: C2H7NO<br \/>\nMolmasse: 61,08 g\/mol<br \/>\nZolltarifcode: 29221100<br \/>\nADR: UN2491<\/p>\n<p><strong>Andere physikalische Eigenschaften<\/strong><\/p>\n<p>Schmelz-\/Gefrierpunkt: 10,5\u00b0C<br \/>\nSiedepunkt\/-bereich: 170,3\u00b0C (1013,25 gPa)<br \/>\nRelative Dichte: 1,02 g\/cm3 (20\u00b0C)<br \/>\nL\u00f6slichkeit in Wasser: > 1000 g\/l bei 20\u00b0C (pH 12,1)<\/p>\n","protected":false},"excerpt":{"rendered":"<p><strong>Ethanolamin (CAS 141-43-5)<\/strong><\/p>\n<p>Ethanolamin (2-Aminoethanol, Monoethanolamin, ETA oder MEA) ist eine organische chemische Verbindung mit der Formel HOCH2CH2NH2 (C2H7NO). Das Molek\u00fcl ist bifunktionell und enth\u00e4lt sowohl ein prim\u00e4res Amin als auch einen prim\u00e4ren Alkohol. Ethanolamin ist eine farblose, viskose Fl\u00fcssigkeit mit einem an Ammoniak erinnernden Geruch. Seine Derivate sind in der Natur weit verbreitet; z. B. Lipide als Vorl\u00e4ufer einer Vielzahl von N-Acylethanolaminen (NAEs), die mehrere physiologische Prozesse bei Tieren und Pflanzen wie Samenkeimung, Wechselwirkungen zwischen Pflanzen und Krankheitserregern, Entwicklung und Bl\u00fcte von Chloroplasten modulieren, sowie als Vorl\u00e4ufer in Kombination mit Arachidons\u00e4ure ( C20H32O2; 20:4, \u03c9-6), um das Endocannabinoid Anandamid (AEA: C22H37NO2; 20:4, \u03c9-6) zu bilden.<\/p>\n<p>Die Ethanolamine umfassen eine Gruppe von Aminoalkoholen. Eine Klasse von Antihistaminika wird als Ethanolamine identifiziert, zu der Carbinoxamin, Clemastin, Dimenhydrinat, Chlorphenoxamin, Diphenhydramin und Doxylamin geh\u00f6ren.<\/p>\n","protected":false},"featured_media":5687,"template":"","meta":[],"product_brand":[],"product_cat":[84,132,101,113,86,89],"product_tag":[],"class_list":{"0":"post-5682","1":"product","2":"type-product","3":"status-publish","4":"has-post-thumbnail","6":"product_cat-bausektor","7":"product_cat-dungemittel","8":"product_cat-kosmetikindustrie","9":"product_cat-kunststoff-polyurethane","10":"product_cat-nicht-kategorisiert","11":"product_cat-pharmazeutische-produkte","13":"first","14":"instock","15":"taxable","16":"shipping-taxable","17":"purchasable","18":"product-type-variable","19":"has-default-attributes"},"yoast_head":"<!-- This site is optimized with the Yoast SEO plugin v27.5 - https:\/\/yoast.com\/product\/yoast-seo-wordpress\/ -->\n<title>Ethanolamin (CAS 141-43-5) - MasterChem<\/title>\n<meta name=\"description\" content=\"Ethanolamin (2-Aminoethanol, Monoethanolamin, ETA oder MEA) ist eine organische chemische Verbindung mit der Formel HOCH2CH2NH2 (C2H7NO).\" \/>\n<meta name=\"robots\" content=\"index, follow, max-snippet:-1, max-image-preview:large, max-video-preview:-1\" \/>\n<link rel=\"canonical\" href=\"https:\/\/masterchem.es\/de\/produkt\/ethanolamin-cas-141-43-5\/\" \/>\n<meta property=\"og:locale\" content=\"de_DE\" \/>\n<meta property=\"og:type\" content=\"article\" \/>\n<meta property=\"og:title\" content=\"Ethanolamin (CAS 141-43-5) - MasterChem\" \/>\n<meta property=\"og:description\" content=\"Ethanolamin (2-Aminoethanol, Monoethanolamin, ETA oder MEA) ist eine organische chemische Verbindung mit der Formel HOCH2CH2NH2 (C2H7NO).\" \/>\n<meta property=\"og:url\" content=\"https:\/\/masterchem.es\/de\/produkt\/ethanolamin-cas-141-43-5\/\" \/>\n<meta property=\"og:site_name\" content=\"MasterChem\" \/>\n<meta property=\"article:modified_time\" content=\"2023-05-18T10:51:38+00:00\" \/>\n<meta property=\"og:image\" content=\"https:\/\/masterchem.es\/wp-content\/uploads\/2023\/05\/Etanolamina-CAS-141-43-5-25kg-MasterChem.jpg\" \/>\n\t<meta property=\"og:image:width\" content=\"1000\" \/>\n\t<meta property=\"og:image:height\" content=\"1000\" \/>\n\t<meta property=\"og:image:type\" content=\"image\/jpeg\" \/>\n<meta name=\"twitter:card\" content=\"summary_large_image\" \/>\n<script type=\"application\/ld+json\" class=\"yoast-schema-graph\">{\"@context\":\"https:\\\/\\\/schema.org\",\"@graph\":[{\"@type\":\"WebPage\",\"@id\":\"https:\\\/\\\/masterchem.es\\\/de\\\/produkt\\\/ethanolamin-cas-141-43-5\\\/\",\"url\":\"https:\\\/\\\/masterchem.es\\\/de\\\/produkt\\\/ethanolamin-cas-141-43-5\\\/\",\"name\":\"Ethanolamin (CAS 141-43-5) - MasterChem\",\"isPartOf\":{\"@id\":\"https:\\\/\\\/masterchem.es\\\/de\\\/#website\"},\"primaryImageOfPage\":{\"@id\":\"https:\\\/\\\/masterchem.es\\\/de\\\/produkt\\\/ethanolamin-cas-141-43-5\\\/#primaryimage\"},\"image\":{\"@id\":\"https:\\\/\\\/masterchem.es\\\/de\\\/produkt\\\/ethanolamin-cas-141-43-5\\\/#primaryimage\"},\"thumbnailUrl\":\"https:\\\/\\\/masterchem.es\\\/wp-content\\\/uploads\\\/2023\\\/05\\\/Etanolamina-CAS-141-43-5-25kg-MasterChem.jpg\",\"datePublished\":\"2023-05-18T10:42:54+00:00\",\"dateModified\":\"2023-05-18T10:51:38+00:00\",\"description\":\"Ethanolamin (2-Aminoethanol, Monoethanolamin, ETA oder MEA) ist eine organische chemische Verbindung mit der Formel HOCH2CH2NH2 (C2H7NO).\",\"breadcrumb\":{\"@id\":\"https:\\\/\\\/masterchem.es\\\/de\\\/produkt\\\/ethanolamin-cas-141-43-5\\\/#breadcrumb\"},\"inLanguage\":\"de-DE\",\"potentialAction\":[{\"@type\":\"ReadAction\",\"target\":[\"https:\\\/\\\/masterchem.es\\\/de\\\/produkt\\\/ethanolamin-cas-141-43-5\\\/\"]}]},{\"@type\":\"ImageObject\",\"inLanguage\":\"de-DE\",\"@id\":\"https:\\\/\\\/masterchem.es\\\/de\\\/produkt\\\/ethanolamin-cas-141-43-5\\\/#primaryimage\",\"url\":\"https:\\\/\\\/masterchem.es\\\/wp-content\\\/uploads\\\/2023\\\/05\\\/Etanolamina-CAS-141-43-5-25kg-MasterChem.jpg\",\"contentUrl\":\"https:\\\/\\\/masterchem.es\\\/wp-content\\\/uploads\\\/2023\\\/05\\\/Etanolamina-CAS-141-43-5-25kg-MasterChem.jpg\",\"width\":1000,\"height\":1000},{\"@type\":\"BreadcrumbList\",\"@id\":\"https:\\\/\\\/masterchem.es\\\/de\\\/produkt\\\/ethanolamin-cas-141-43-5\\\/#breadcrumb\",\"itemListElement\":[{\"@type\":\"ListItem\",\"position\":1,\"name\":\"Home\",\"item\":\"https:\\\/\\\/masterchem.es\\\/de\\\/\"},{\"@type\":\"ListItem\",\"position\":2,\"name\":\"Tienda\",\"item\":\"https:\\\/\\\/masterchem.es\\\/tienda\\\/\"},{\"@type\":\"ListItem\",\"position\":3,\"name\":\"Ethanolamin (CAS 141-43-5)\"}]},{\"@type\":\"WebSite\",\"@id\":\"https:\\\/\\\/masterchem.es\\\/de\\\/#website\",\"url\":\"https:\\\/\\\/masterchem.es\\\/de\\\/\",\"name\":\"MasterChem\",\"description\":\"proveedor de productos qu&iacute;micos\",\"potentialAction\":[{\"@type\":\"SearchAction\",\"target\":{\"@type\":\"EntryPoint\",\"urlTemplate\":\"https:\\\/\\\/masterchem.es\\\/de\\\/?s={search_term_string}\"},\"query-input\":{\"@type\":\"PropertyValueSpecification\",\"valueRequired\":true,\"valueName\":\"search_term_string\"}}],\"inLanguage\":\"de-DE\"}]}<\/script>\n<!-- \/ Yoast SEO plugin. -->","yoast_head_json":{"title":"Ethanolamin (CAS 141-43-5) - MasterChem","description":"Ethanolamin (2-Aminoethanol, Monoethanolamin, ETA oder MEA) ist eine organische chemische Verbindung mit der Formel HOCH2CH2NH2 (C2H7NO).","robots":{"index":"index","follow":"follow","max-snippet":"max-snippet:-1","max-image-preview":"max-image-preview:large","max-video-preview":"max-video-preview:-1"},"canonical":"https:\/\/masterchem.es\/de\/produkt\/ethanolamin-cas-141-43-5\/","og_locale":"de_DE","og_type":"article","og_title":"Ethanolamin (CAS 141-43-5) - MasterChem","og_description":"Ethanolamin (2-Aminoethanol, Monoethanolamin, ETA oder MEA) ist eine organische chemische Verbindung mit der Formel HOCH2CH2NH2 (C2H7NO).","og_url":"https:\/\/masterchem.es\/de\/produkt\/ethanolamin-cas-141-43-5\/","og_site_name":"MasterChem","article_modified_time":"2023-05-18T10:51:38+00:00","og_image":[{"width":1000,"height":1000,"url":"https:\/\/masterchem.es\/wp-content\/uploads\/2023\/05\/Etanolamina-CAS-141-43-5-25kg-MasterChem.jpg","type":"image\/jpeg"}],"twitter_card":"summary_large_image","schema":{"@context":"https:\/\/schema.org","@graph":[{"@type":"WebPage","@id":"https:\/\/masterchem.es\/de\/produkt\/ethanolamin-cas-141-43-5\/","url":"https:\/\/masterchem.es\/de\/produkt\/ethanolamin-cas-141-43-5\/","name":"Ethanolamin (CAS 141-43-5) - MasterChem","isPartOf":{"@id":"https:\/\/masterchem.es\/de\/#website"},"primaryImageOfPage":{"@id":"https:\/\/masterchem.es\/de\/produkt\/ethanolamin-cas-141-43-5\/#primaryimage"},"image":{"@id":"https:\/\/masterchem.es\/de\/produkt\/ethanolamin-cas-141-43-5\/#primaryimage"},"thumbnailUrl":"https:\/\/masterchem.es\/wp-content\/uploads\/2023\/05\/Etanolamina-CAS-141-43-5-25kg-MasterChem.jpg","datePublished":"2023-05-18T10:42:54+00:00","dateModified":"2023-05-18T10:51:38+00:00","description":"Ethanolamin (2-Aminoethanol, Monoethanolamin, ETA oder MEA) ist eine organische chemische Verbindung mit der Formel HOCH2CH2NH2 (C2H7NO).","breadcrumb":{"@id":"https:\/\/masterchem.es\/de\/produkt\/ethanolamin-cas-141-43-5\/#breadcrumb"},"inLanguage":"de-DE","potentialAction":[{"@type":"ReadAction","target":["https:\/\/masterchem.es\/de\/produkt\/ethanolamin-cas-141-43-5\/"]}]},{"@type":"ImageObject","inLanguage":"de-DE","@id":"https:\/\/masterchem.es\/de\/produkt\/ethanolamin-cas-141-43-5\/#primaryimage","url":"https:\/\/masterchem.es\/wp-content\/uploads\/2023\/05\/Etanolamina-CAS-141-43-5-25kg-MasterChem.jpg","contentUrl":"https:\/\/masterchem.es\/wp-content\/uploads\/2023\/05\/Etanolamina-CAS-141-43-5-25kg-MasterChem.jpg","width":1000,"height":1000},{"@type":"BreadcrumbList","@id":"https:\/\/masterchem.es\/de\/produkt\/ethanolamin-cas-141-43-5\/#breadcrumb","itemListElement":[{"@type":"ListItem","position":1,"name":"Home","item":"https:\/\/masterchem.es\/de\/"},{"@type":"ListItem","position":2,"name":"Tienda","item":"https:\/\/masterchem.es\/tienda\/"},{"@type":"ListItem","position":3,"name":"Ethanolamin (CAS 141-43-5)"}]},{"@type":"WebSite","@id":"https:\/\/masterchem.es\/de\/#website","url":"https:\/\/masterchem.es\/de\/","name":"MasterChem","description":"proveedor de productos qu&iacute;micos","potentialAction":[{"@type":"SearchAction","target":{"@type":"EntryPoint","urlTemplate":"https:\/\/masterchem.es\/de\/?s={search_term_string}"},"query-input":{"@type":"PropertyValueSpecification","valueRequired":true,"valueName":"search_term_string"}}],"inLanguage":"de-DE"}]}},"_links":{"self":[{"href":"https:\/\/masterchem.es\/de\/wp-json\/wp\/v2\/product\/5682","targetHints":{"allow":["GET"]}}],"collection":[{"href":"https:\/\/masterchem.es\/de\/wp-json\/wp\/v2\/product"}],"about":[{"href":"https:\/\/masterchem.es\/de\/wp-json\/wp\/v2\/types\/product"}],"wp:featuredmedia":[{"embeddable":true,"href":"https:\/\/masterchem.es\/de\/wp-json\/wp\/v2\/media\/5687"}],"wp:attachment":[{"href":"https:\/\/masterchem.es\/de\/wp-json\/wp\/v2\/media?parent=5682"}],"wp:term":[{"taxonomy":"product_brand","embeddable":true,"href":"https:\/\/masterchem.es\/de\/wp-json\/wp\/v2\/product_brand?post=5682"},{"taxonomy":"product_cat","embeddable":true,"href":"https:\/\/masterchem.es\/de\/wp-json\/wp\/v2\/product_cat?post=5682"},{"taxonomy":"product_tag","embeddable":true,"href":"https:\/\/masterchem.es\/de\/wp-json\/wp\/v2\/product_tag?post=5682"}],"curies":[{"name":"wp","href":"https:\/\/api.w.org\/{rel}","templated":true}]}}