{"id":5700,"date":"2023-05-18T10:58:15","date_gmt":"2023-05-18T10:58:15","guid":{"rendered":"https:\/\/masterchem.es\/?post_type=product&#038;p=5700"},"modified":"2023-05-18T11:16:01","modified_gmt":"2023-05-18T11:16:01","slug":"triethylenglykol-cas-112-27-6","status":"publish","type":"product","link":"https:\/\/masterchem.es\/de\/produkt\/triethylenglykol-cas-112-27-6\/","title":{"rendered":"Triethylenglykol (CAS 112-27-6)"},"content":{"rendered":"<p><strong>Informationen<\/strong><br \/>\nBranchen: Farben und Lacke, Haushaltschemikalien, D\u00fcngemittel, Kosmetikindustrie, Klebstoffe, \u00d6le, Fette, Harze, Kunststoffe, Polyurethane<br \/>\n<br \/>\nCAS-Nummer: 112-27-6<br \/>\nWE-Nummer: 203-953-2<br \/>\nChemische Formel: C6H14O4<br \/>\nMolmasse: 150,17 g\/mol<br \/>\nZolltarifcode: 29094980<\/p>\n<p><strong>Andere physikalische Eigenschaften<\/strong><\/p>\n<p>pH-Wert: 8<br \/>\nSchmelz-\/Gefrierpunkt: < -7\u00b0C<br \/>\nSiedepunkt\/-bereich: 286,5\u00b0C (760 mmHg)<br \/>\nRelative Dichte: 1,13 g\/cm3 (15\u00b0C)<\/p>\n","protected":false},"excerpt":{"rendered":"<p><strong>Triethylenglykol (CAS 112-27-6)<\/strong><\/p>\n<p>Triethylenglykol, TEG oder Triglykol ist eine farblose, geruchlose, viskose Fl\u00fcssigkeit mit der Summenformel HOCH2CH2OCH2CH2OCH2CH2OH. Es wird als Weichmacher f\u00fcr Vinylpolymere verwendet. Es wird auch in Luftdesinfektionsprodukten wie \u201eOust\u201c oder \u201eClean and Pure\u201c verwendet. In Aerosolform wirkt es desinfizierend. Glykole werden auch als fl\u00fcssige Trockenmittel f\u00fcr Erdgas und in Klimaanlagen verwendet. Es ist ein Zusatz f\u00fcr Hydraulikfl\u00fcssigkeiten und Bremsfl\u00fcssigkeiten und wird als Basis f\u00fcr \u201eRauchmaschinenfl\u00fcssigkeit\u201c in der Unterhaltungsindustrie verwendet.<\/p>\n<p>Triethylenglykol geh\u00f6rt zu einer homologen Reihe von Dihydroxyalkoholen. Es ist eine farblose, geruchlose und stabile Fl\u00fcssigkeit mit hoher Viskosit\u00e4t und hohem Siedepunkt. Neben seiner Verwendung als Rohstoff bei der Herstellung und Synthese anderer Produkte ist TEG f\u00fcr seine hygroskopische Qualit\u00e4t und seine F\u00e4higkeit zur Entfeuchtung von Fl\u00fcssigkeiten bekannt. Diese Fl\u00fcssigkeit ist mit Wasser mischbar und hat bei normalem Atmosph\u00e4rendruck (101,325 kPa) einen Siedepunkt von 286,5 \u00b0C und einen Gefrierpunkt von -7 \u00b0C. Es ist auch in Ethanol, Aceton, Essigs\u00e4ure, Glycerin, Pyridin und Aldehyden l\u00f6slich; schwer l\u00f6slich in Diethylether; und unl\u00f6slich in \u00d6l, Fett und den meisten Kohlenwasserstoffen.<\/p>\n","protected":false},"featured_media":5736,"template":"","meta":[],"product_brand":[],"product_cat":[132,101,113,86],"product_tag":[],"class_list":{"0":"post-5700","1":"product","2":"type-product","3":"status-publish","4":"has-post-thumbnail","6":"product_cat-dungemittel","7":"product_cat-kosmetikindustrie","8":"product_cat-kunststoff-polyurethane","9":"product_cat-nicht-kategorisiert","11":"first","12":"instock","13":"taxable","14":"shipping-taxable","15":"purchasable","16":"product-type-variable","17":"has-default-attributes"},"yoast_head":"<!-- This site is optimized with the Yoast SEO plugin v27.5 - https:\/\/yoast.com\/product\/yoast-seo-wordpress\/ -->\n<title>Triethylenglykol (CAS 112-27-6) - MasterChem<\/title>\n<meta name=\"description\" content=\"Triethylenglykol, TEG oder Triglykol ist eine farblose, geruchlose, viskose Fl\u00fcssigkeit mit der Summenformel HOCH2CH2OCH2CH2OCH2CH2OH. Es wird als Weichmacher f\u00fcr Vinylpolymere verwendet.\" \/>\n<meta name=\"robots\" content=\"index, follow, max-snippet:-1, max-image-preview:large, max-video-preview:-1\" \/>\n<link rel=\"canonical\" href=\"https:\/\/masterchem.es\/de\/produkt\/triethylenglykol-cas-112-27-6\/\" \/>\n<meta property=\"og:locale\" content=\"de_DE\" \/>\n<meta property=\"og:type\" content=\"article\" \/>\n<meta property=\"og:title\" content=\"Triethylenglykol (CAS 112-27-6) - MasterChem\" \/>\n<meta property=\"og:description\" content=\"Triethylenglykol, TEG oder Triglykol ist eine farblose, geruchlose, viskose Fl\u00fcssigkeit mit der Summenformel HOCH2CH2OCH2CH2OCH2CH2OH. Es wird als Weichmacher f\u00fcr Vinylpolymere verwendet.\" \/>\n<meta property=\"og:url\" content=\"https:\/\/masterchem.es\/de\/produkt\/triethylenglykol-cas-112-27-6\/\" \/>\n<meta property=\"og:site_name\" content=\"MasterChem\" \/>\n<meta property=\"article:modified_time\" content=\"2023-05-18T11:16:01+00:00\" \/>\n<meta property=\"og:image\" content=\"https:\/\/masterchem.es\/wp-content\/uploads\/2023\/05\/Trietilenglicol-CAS-112-27-6-1000l-MasterChem.jpg\" \/>\n\t<meta property=\"og:image:width\" content=\"1000\" \/>\n\t<meta property=\"og:image:height\" content=\"1000\" \/>\n\t<meta property=\"og:image:type\" content=\"image\/jpeg\" \/>\n<meta name=\"twitter:card\" content=\"summary_large_image\" \/>\n<script type=\"application\/ld+json\" class=\"yoast-schema-graph\">{\"@context\":\"https:\\\/\\\/schema.org\",\"@graph\":[{\"@type\":\"WebPage\",\"@id\":\"https:\\\/\\\/masterchem.es\\\/de\\\/produkt\\\/triethylenglykol-cas-112-27-6\\\/\",\"url\":\"https:\\\/\\\/masterchem.es\\\/de\\\/produkt\\\/triethylenglykol-cas-112-27-6\\\/\",\"name\":\"Triethylenglykol (CAS 112-27-6) - MasterChem\",\"isPartOf\":{\"@id\":\"https:\\\/\\\/masterchem.es\\\/de\\\/#website\"},\"primaryImageOfPage\":{\"@id\":\"https:\\\/\\\/masterchem.es\\\/de\\\/produkt\\\/triethylenglykol-cas-112-27-6\\\/#primaryimage\"},\"image\":{\"@id\":\"https:\\\/\\\/masterchem.es\\\/de\\\/produkt\\\/triethylenglykol-cas-112-27-6\\\/#primaryimage\"},\"thumbnailUrl\":\"https:\\\/\\\/masterchem.es\\\/wp-content\\\/uploads\\\/2023\\\/05\\\/Trietilenglicol-CAS-112-27-6-1000l-MasterChem.jpg\",\"datePublished\":\"2023-05-18T10:58:15+00:00\",\"dateModified\":\"2023-05-18T11:16:01+00:00\",\"description\":\"Triethylenglykol, TEG oder Triglykol ist eine farblose, geruchlose, viskose Fl\u00fcssigkeit mit der Summenformel HOCH2CH2OCH2CH2OCH2CH2OH. Es wird als Weichmacher f\u00fcr Vinylpolymere verwendet.\",\"breadcrumb\":{\"@id\":\"https:\\\/\\\/masterchem.es\\\/de\\\/produkt\\\/triethylenglykol-cas-112-27-6\\\/#breadcrumb\"},\"inLanguage\":\"de-DE\",\"potentialAction\":[{\"@type\":\"ReadAction\",\"target\":[\"https:\\\/\\\/masterchem.es\\\/de\\\/produkt\\\/triethylenglykol-cas-112-27-6\\\/\"]}]},{\"@type\":\"ImageObject\",\"inLanguage\":\"de-DE\",\"@id\":\"https:\\\/\\\/masterchem.es\\\/de\\\/produkt\\\/triethylenglykol-cas-112-27-6\\\/#primaryimage\",\"url\":\"https:\\\/\\\/masterchem.es\\\/wp-content\\\/uploads\\\/2023\\\/05\\\/Trietilenglicol-CAS-112-27-6-1000l-MasterChem.jpg\",\"contentUrl\":\"https:\\\/\\\/masterchem.es\\\/wp-content\\\/uploads\\\/2023\\\/05\\\/Trietilenglicol-CAS-112-27-6-1000l-MasterChem.jpg\",\"width\":1000,\"height\":1000},{\"@type\":\"BreadcrumbList\",\"@id\":\"https:\\\/\\\/masterchem.es\\\/de\\\/produkt\\\/triethylenglykol-cas-112-27-6\\\/#breadcrumb\",\"itemListElement\":[{\"@type\":\"ListItem\",\"position\":1,\"name\":\"Home\",\"item\":\"https:\\\/\\\/masterchem.es\\\/de\\\/\"},{\"@type\":\"ListItem\",\"position\":2,\"name\":\"Tienda\",\"item\":\"https:\\\/\\\/masterchem.es\\\/tienda\\\/\"},{\"@type\":\"ListItem\",\"position\":3,\"name\":\"Triethylenglykol (CAS 112-27-6)\"}]},{\"@type\":\"WebSite\",\"@id\":\"https:\\\/\\\/masterchem.es\\\/de\\\/#website\",\"url\":\"https:\\\/\\\/masterchem.es\\\/de\\\/\",\"name\":\"MasterChem\",\"description\":\"proveedor de productos qu&iacute;micos\",\"potentialAction\":[{\"@type\":\"SearchAction\",\"target\":{\"@type\":\"EntryPoint\",\"urlTemplate\":\"https:\\\/\\\/masterchem.es\\\/de\\\/?s={search_term_string}\"},\"query-input\":{\"@type\":\"PropertyValueSpecification\",\"valueRequired\":true,\"valueName\":\"search_term_string\"}}],\"inLanguage\":\"de-DE\"}]}<\/script>\n<!-- \/ Yoast SEO plugin. -->","yoast_head_json":{"title":"Triethylenglykol (CAS 112-27-6) - MasterChem","description":"Triethylenglykol, TEG oder Triglykol ist eine farblose, geruchlose, viskose Fl\u00fcssigkeit mit der Summenformel HOCH2CH2OCH2CH2OCH2CH2OH. Es wird als Weichmacher f\u00fcr Vinylpolymere verwendet.","robots":{"index":"index","follow":"follow","max-snippet":"max-snippet:-1","max-image-preview":"max-image-preview:large","max-video-preview":"max-video-preview:-1"},"canonical":"https:\/\/masterchem.es\/de\/produkt\/triethylenglykol-cas-112-27-6\/","og_locale":"de_DE","og_type":"article","og_title":"Triethylenglykol (CAS 112-27-6) - MasterChem","og_description":"Triethylenglykol, TEG oder Triglykol ist eine farblose, geruchlose, viskose Fl\u00fcssigkeit mit der Summenformel HOCH2CH2OCH2CH2OCH2CH2OH. Es wird als Weichmacher f\u00fcr Vinylpolymere verwendet.","og_url":"https:\/\/masterchem.es\/de\/produkt\/triethylenglykol-cas-112-27-6\/","og_site_name":"MasterChem","article_modified_time":"2023-05-18T11:16:01+00:00","og_image":[{"width":1000,"height":1000,"url":"https:\/\/masterchem.es\/wp-content\/uploads\/2023\/05\/Trietilenglicol-CAS-112-27-6-1000l-MasterChem.jpg","type":"image\/jpeg"}],"twitter_card":"summary_large_image","schema":{"@context":"https:\/\/schema.org","@graph":[{"@type":"WebPage","@id":"https:\/\/masterchem.es\/de\/produkt\/triethylenglykol-cas-112-27-6\/","url":"https:\/\/masterchem.es\/de\/produkt\/triethylenglykol-cas-112-27-6\/","name":"Triethylenglykol (CAS 112-27-6) - MasterChem","isPartOf":{"@id":"https:\/\/masterchem.es\/de\/#website"},"primaryImageOfPage":{"@id":"https:\/\/masterchem.es\/de\/produkt\/triethylenglykol-cas-112-27-6\/#primaryimage"},"image":{"@id":"https:\/\/masterchem.es\/de\/produkt\/triethylenglykol-cas-112-27-6\/#primaryimage"},"thumbnailUrl":"https:\/\/masterchem.es\/wp-content\/uploads\/2023\/05\/Trietilenglicol-CAS-112-27-6-1000l-MasterChem.jpg","datePublished":"2023-05-18T10:58:15+00:00","dateModified":"2023-05-18T11:16:01+00:00","description":"Triethylenglykol, TEG oder Triglykol ist eine farblose, geruchlose, viskose Fl\u00fcssigkeit mit der Summenformel HOCH2CH2OCH2CH2OCH2CH2OH. Es wird als Weichmacher f\u00fcr Vinylpolymere verwendet.","breadcrumb":{"@id":"https:\/\/masterchem.es\/de\/produkt\/triethylenglykol-cas-112-27-6\/#breadcrumb"},"inLanguage":"de-DE","potentialAction":[{"@type":"ReadAction","target":["https:\/\/masterchem.es\/de\/produkt\/triethylenglykol-cas-112-27-6\/"]}]},{"@type":"ImageObject","inLanguage":"de-DE","@id":"https:\/\/masterchem.es\/de\/produkt\/triethylenglykol-cas-112-27-6\/#primaryimage","url":"https:\/\/masterchem.es\/wp-content\/uploads\/2023\/05\/Trietilenglicol-CAS-112-27-6-1000l-MasterChem.jpg","contentUrl":"https:\/\/masterchem.es\/wp-content\/uploads\/2023\/05\/Trietilenglicol-CAS-112-27-6-1000l-MasterChem.jpg","width":1000,"height":1000},{"@type":"BreadcrumbList","@id":"https:\/\/masterchem.es\/de\/produkt\/triethylenglykol-cas-112-27-6\/#breadcrumb","itemListElement":[{"@type":"ListItem","position":1,"name":"Home","item":"https:\/\/masterchem.es\/de\/"},{"@type":"ListItem","position":2,"name":"Tienda","item":"https:\/\/masterchem.es\/tienda\/"},{"@type":"ListItem","position":3,"name":"Triethylenglykol (CAS 112-27-6)"}]},{"@type":"WebSite","@id":"https:\/\/masterchem.es\/de\/#website","url":"https:\/\/masterchem.es\/de\/","name":"MasterChem","description":"proveedor de productos qu&iacute;micos","potentialAction":[{"@type":"SearchAction","target":{"@type":"EntryPoint","urlTemplate":"https:\/\/masterchem.es\/de\/?s={search_term_string}"},"query-input":{"@type":"PropertyValueSpecification","valueRequired":true,"valueName":"search_term_string"}}],"inLanguage":"de-DE"}]}},"_links":{"self":[{"href":"https:\/\/masterchem.es\/de\/wp-json\/wp\/v2\/product\/5700","targetHints":{"allow":["GET"]}}],"collection":[{"href":"https:\/\/masterchem.es\/de\/wp-json\/wp\/v2\/product"}],"about":[{"href":"https:\/\/masterchem.es\/de\/wp-json\/wp\/v2\/types\/product"}],"wp:featuredmedia":[{"embeddable":true,"href":"https:\/\/masterchem.es\/de\/wp-json\/wp\/v2\/media\/5736"}],"wp:attachment":[{"href":"https:\/\/masterchem.es\/de\/wp-json\/wp\/v2\/media?parent=5700"}],"wp:term":[{"taxonomy":"product_brand","embeddable":true,"href":"https:\/\/masterchem.es\/de\/wp-json\/wp\/v2\/product_brand?post=5700"},{"taxonomy":"product_cat","embeddable":true,"href":"https:\/\/masterchem.es\/de\/wp-json\/wp\/v2\/product_cat?post=5700"},{"taxonomy":"product_tag","embeddable":true,"href":"https:\/\/masterchem.es\/de\/wp-json\/wp\/v2\/product_tag?post=5700"}],"curies":[{"name":"wp","href":"https:\/\/api.w.org\/{rel}","templated":true}]}}