{"id":5757,"date":"2023-05-18T11:19:58","date_gmt":"2023-05-18T11:19:58","guid":{"rendered":"https:\/\/masterchem.es\/?post_type=product&#038;p=5757"},"modified":"2023-05-18T11:27:38","modified_gmt":"2023-05-18T11:27:38","slug":"natriumgluconat-cas-527-07-1","status":"publish","type":"product","link":"https:\/\/masterchem.es\/de\/produkt\/natriumgluconat-cas-527-07-1\/","title":{"rendered":"Natriumgluconat (CAS 527-07-1)"},"content":{"rendered":"<p><strong>Informationen<\/strong><br \/>\nBranchen: Haushaltschemikalien, Lebensmittelindustrie<br \/>\nCAS-Nummer: 527-07-1<br \/>\nWE-Nummer: 208-407-7<br \/>\nChemische Formel: C6H11NaO7<br \/>\nMolmasse: 218,14 g\/mol<br \/>\nZolltarifcode: 29181600<\/p>\n<p><strong>Andere physikalische Eigenschaften<\/strong><\/p>\n<p>pH-Wert: 7,0 \u2013 8,0 (100 g\/l H20, 20\u00b0C)<br \/>\nSiedepunkt\/-bereich: 613,1\u00b0C<br \/>\nRelative Dichte: 1.789 g\/cm3 (20\u00b0C)<br \/>\nL\u00f6slichkeit in Wasser: 590 g\/l (25\u00b0C)<\/p>\n","protected":false},"excerpt":{"rendered":"<p><strong>Natriumgluconat (CAS 527-07-1)<\/strong><\/p>\n<p>Natriumgluconat ist eine Verbindung mit der Formel NaC6H11O7. Es ist das Natriumsalz der Glucons\u00e4ure. Seine E-Nummer ist E576. Natriumgluconat wird h\u00e4ufig beim F\u00e4rben und Drucken von Textilien und bei der Wasseraufbereitung von Metalloberfl\u00e4chen verwendet. Es wird auch als Chelatbildner, Reinigungsmittel f\u00fcr Stahloberfl\u00e4chen, Reinigungsmittel f\u00fcr Glasflaschen und als Chelatbildner f\u00fcr die Zement-, Galvanisierungs- und Aluminiumoxidf\u00e4rbeindustrie verwendet. Es ist ein wei\u00dfes Pulver, das in Wasser sehr gut l\u00f6slich ist.<\/p>\n","protected":false},"featured_media":5762,"template":"","meta":[],"product_brand":[],"product_cat":[123,86],"product_tag":[],"class_list":{"0":"post-5757","1":"product","2":"type-product","3":"status-publish","4":"has-post-thumbnail","6":"product_cat-nahrungsmittelindustrie","7":"product_cat-nicht-kategorisiert","9":"first","10":"instock","11":"taxable","12":"shipping-taxable","13":"purchasable","14":"product-type-variable","15":"has-default-attributes"},"yoast_head":"<!-- This site is optimized with the Yoast SEO plugin v27.5 - https:\/\/yoast.com\/product\/yoast-seo-wordpress\/ -->\n<title>Natriumgluconat (CAS 527-07-1) - MasterChem<\/title>\n<meta name=\"description\" content=\"Natriumgluconat ist eine Verbindung mit der Formel NaC6H11O7. Es ist das Natriumsalz der Glucons\u00e4ure. Seine E-Nummer ist E576.\" \/>\n<meta name=\"robots\" content=\"index, follow, max-snippet:-1, max-image-preview:large, max-video-preview:-1\" \/>\n<link rel=\"canonical\" href=\"https:\/\/masterchem.es\/de\/produkt\/natriumgluconat-cas-527-07-1\/\" \/>\n<meta property=\"og:locale\" content=\"de_DE\" \/>\n<meta property=\"og:type\" content=\"article\" \/>\n<meta property=\"og:title\" content=\"Natriumgluconat (CAS 527-07-1) - MasterChem\" \/>\n<meta property=\"og:description\" content=\"Natriumgluconat ist eine Verbindung mit der Formel NaC6H11O7. Es ist das Natriumsalz der Glucons\u00e4ure. Seine E-Nummer ist E576.\" \/>\n<meta property=\"og:url\" content=\"https:\/\/masterchem.es\/de\/produkt\/natriumgluconat-cas-527-07-1\/\" \/>\n<meta property=\"og:site_name\" content=\"MasterChem\" \/>\n<meta property=\"article:modified_time\" content=\"2023-05-18T11:27:38+00:00\" \/>\n<meta property=\"og:image\" content=\"https:\/\/masterchem.es\/wp-content\/uploads\/2023\/05\/Gluconato-de-sodio-CAS-527-07-1-25kg-MasterChem.jpg\" \/>\n\t<meta property=\"og:image:width\" content=\"1000\" \/>\n\t<meta property=\"og:image:height\" content=\"1000\" \/>\n\t<meta property=\"og:image:type\" content=\"image\/jpeg\" \/>\n<meta name=\"twitter:card\" content=\"summary_large_image\" \/>\n<script type=\"application\/ld+json\" class=\"yoast-schema-graph\">{\"@context\":\"https:\\\/\\\/schema.org\",\"@graph\":[{\"@type\":\"WebPage\",\"@id\":\"https:\\\/\\\/masterchem.es\\\/de\\\/produkt\\\/natriumgluconat-cas-527-07-1\\\/\",\"url\":\"https:\\\/\\\/masterchem.es\\\/de\\\/produkt\\\/natriumgluconat-cas-527-07-1\\\/\",\"name\":\"Natriumgluconat (CAS 527-07-1) - MasterChem\",\"isPartOf\":{\"@id\":\"https:\\\/\\\/masterchem.es\\\/de\\\/#website\"},\"primaryImageOfPage\":{\"@id\":\"https:\\\/\\\/masterchem.es\\\/de\\\/produkt\\\/natriumgluconat-cas-527-07-1\\\/#primaryimage\"},\"image\":{\"@id\":\"https:\\\/\\\/masterchem.es\\\/de\\\/produkt\\\/natriumgluconat-cas-527-07-1\\\/#primaryimage\"},\"thumbnailUrl\":\"https:\\\/\\\/masterchem.es\\\/wp-content\\\/uploads\\\/2023\\\/05\\\/Gluconato-de-sodio-CAS-527-07-1-25kg-MasterChem.jpg\",\"datePublished\":\"2023-05-18T11:19:58+00:00\",\"dateModified\":\"2023-05-18T11:27:38+00:00\",\"description\":\"Natriumgluconat ist eine Verbindung mit der Formel NaC6H11O7. Es ist das Natriumsalz der Glucons\u00e4ure. Seine E-Nummer ist E576.\",\"breadcrumb\":{\"@id\":\"https:\\\/\\\/masterchem.es\\\/de\\\/produkt\\\/natriumgluconat-cas-527-07-1\\\/#breadcrumb\"},\"inLanguage\":\"de-DE\",\"potentialAction\":[{\"@type\":\"ReadAction\",\"target\":[\"https:\\\/\\\/masterchem.es\\\/de\\\/produkt\\\/natriumgluconat-cas-527-07-1\\\/\"]}]},{\"@type\":\"ImageObject\",\"inLanguage\":\"de-DE\",\"@id\":\"https:\\\/\\\/masterchem.es\\\/de\\\/produkt\\\/natriumgluconat-cas-527-07-1\\\/#primaryimage\",\"url\":\"https:\\\/\\\/masterchem.es\\\/wp-content\\\/uploads\\\/2023\\\/05\\\/Gluconato-de-sodio-CAS-527-07-1-25kg-MasterChem.jpg\",\"contentUrl\":\"https:\\\/\\\/masterchem.es\\\/wp-content\\\/uploads\\\/2023\\\/05\\\/Gluconato-de-sodio-CAS-527-07-1-25kg-MasterChem.jpg\",\"width\":1000,\"height\":1000},{\"@type\":\"BreadcrumbList\",\"@id\":\"https:\\\/\\\/masterchem.es\\\/de\\\/produkt\\\/natriumgluconat-cas-527-07-1\\\/#breadcrumb\",\"itemListElement\":[{\"@type\":\"ListItem\",\"position\":1,\"name\":\"Home\",\"item\":\"https:\\\/\\\/masterchem.es\\\/de\\\/\"},{\"@type\":\"ListItem\",\"position\":2,\"name\":\"Tienda\",\"item\":\"https:\\\/\\\/masterchem.es\\\/tienda\\\/\"},{\"@type\":\"ListItem\",\"position\":3,\"name\":\"Natriumgluconat (CAS 527-07-1)\"}]},{\"@type\":\"WebSite\",\"@id\":\"https:\\\/\\\/masterchem.es\\\/de\\\/#website\",\"url\":\"https:\\\/\\\/masterchem.es\\\/de\\\/\",\"name\":\"MasterChem\",\"description\":\"proveedor de productos qu&iacute;micos\",\"potentialAction\":[{\"@type\":\"SearchAction\",\"target\":{\"@type\":\"EntryPoint\",\"urlTemplate\":\"https:\\\/\\\/masterchem.es\\\/de\\\/?s={search_term_string}\"},\"query-input\":{\"@type\":\"PropertyValueSpecification\",\"valueRequired\":true,\"valueName\":\"search_term_string\"}}],\"inLanguage\":\"de-DE\"}]}<\/script>\n<!-- \/ Yoast SEO plugin. -->","yoast_head_json":{"title":"Natriumgluconat (CAS 527-07-1) - MasterChem","description":"Natriumgluconat ist eine Verbindung mit der Formel NaC6H11O7. Es ist das Natriumsalz der Glucons\u00e4ure. Seine E-Nummer ist E576.","robots":{"index":"index","follow":"follow","max-snippet":"max-snippet:-1","max-image-preview":"max-image-preview:large","max-video-preview":"max-video-preview:-1"},"canonical":"https:\/\/masterchem.es\/de\/produkt\/natriumgluconat-cas-527-07-1\/","og_locale":"de_DE","og_type":"article","og_title":"Natriumgluconat (CAS 527-07-1) - MasterChem","og_description":"Natriumgluconat ist eine Verbindung mit der Formel NaC6H11O7. Es ist das Natriumsalz der Glucons\u00e4ure. Seine E-Nummer ist E576.","og_url":"https:\/\/masterchem.es\/de\/produkt\/natriumgluconat-cas-527-07-1\/","og_site_name":"MasterChem","article_modified_time":"2023-05-18T11:27:38+00:00","og_image":[{"width":1000,"height":1000,"url":"https:\/\/masterchem.es\/wp-content\/uploads\/2023\/05\/Gluconato-de-sodio-CAS-527-07-1-25kg-MasterChem.jpg","type":"image\/jpeg"}],"twitter_card":"summary_large_image","schema":{"@context":"https:\/\/schema.org","@graph":[{"@type":"WebPage","@id":"https:\/\/masterchem.es\/de\/produkt\/natriumgluconat-cas-527-07-1\/","url":"https:\/\/masterchem.es\/de\/produkt\/natriumgluconat-cas-527-07-1\/","name":"Natriumgluconat (CAS 527-07-1) - MasterChem","isPartOf":{"@id":"https:\/\/masterchem.es\/de\/#website"},"primaryImageOfPage":{"@id":"https:\/\/masterchem.es\/de\/produkt\/natriumgluconat-cas-527-07-1\/#primaryimage"},"image":{"@id":"https:\/\/masterchem.es\/de\/produkt\/natriumgluconat-cas-527-07-1\/#primaryimage"},"thumbnailUrl":"https:\/\/masterchem.es\/wp-content\/uploads\/2023\/05\/Gluconato-de-sodio-CAS-527-07-1-25kg-MasterChem.jpg","datePublished":"2023-05-18T11:19:58+00:00","dateModified":"2023-05-18T11:27:38+00:00","description":"Natriumgluconat ist eine Verbindung mit der Formel NaC6H11O7. Es ist das Natriumsalz der Glucons\u00e4ure. Seine E-Nummer ist E576.","breadcrumb":{"@id":"https:\/\/masterchem.es\/de\/produkt\/natriumgluconat-cas-527-07-1\/#breadcrumb"},"inLanguage":"de-DE","potentialAction":[{"@type":"ReadAction","target":["https:\/\/masterchem.es\/de\/produkt\/natriumgluconat-cas-527-07-1\/"]}]},{"@type":"ImageObject","inLanguage":"de-DE","@id":"https:\/\/masterchem.es\/de\/produkt\/natriumgluconat-cas-527-07-1\/#primaryimage","url":"https:\/\/masterchem.es\/wp-content\/uploads\/2023\/05\/Gluconato-de-sodio-CAS-527-07-1-25kg-MasterChem.jpg","contentUrl":"https:\/\/masterchem.es\/wp-content\/uploads\/2023\/05\/Gluconato-de-sodio-CAS-527-07-1-25kg-MasterChem.jpg","width":1000,"height":1000},{"@type":"BreadcrumbList","@id":"https:\/\/masterchem.es\/de\/produkt\/natriumgluconat-cas-527-07-1\/#breadcrumb","itemListElement":[{"@type":"ListItem","position":1,"name":"Home","item":"https:\/\/masterchem.es\/de\/"},{"@type":"ListItem","position":2,"name":"Tienda","item":"https:\/\/masterchem.es\/tienda\/"},{"@type":"ListItem","position":3,"name":"Natriumgluconat (CAS 527-07-1)"}]},{"@type":"WebSite","@id":"https:\/\/masterchem.es\/de\/#website","url":"https:\/\/masterchem.es\/de\/","name":"MasterChem","description":"proveedor de productos qu&iacute;micos","potentialAction":[{"@type":"SearchAction","target":{"@type":"EntryPoint","urlTemplate":"https:\/\/masterchem.es\/de\/?s={search_term_string}"},"query-input":{"@type":"PropertyValueSpecification","valueRequired":true,"valueName":"search_term_string"}}],"inLanguage":"de-DE"}]}},"_links":{"self":[{"href":"https:\/\/masterchem.es\/de\/wp-json\/wp\/v2\/product\/5757","targetHints":{"allow":["GET"]}}],"collection":[{"href":"https:\/\/masterchem.es\/de\/wp-json\/wp\/v2\/product"}],"about":[{"href":"https:\/\/masterchem.es\/de\/wp-json\/wp\/v2\/types\/product"}],"wp:featuredmedia":[{"embeddable":true,"href":"https:\/\/masterchem.es\/de\/wp-json\/wp\/v2\/media\/5762"}],"wp:attachment":[{"href":"https:\/\/masterchem.es\/de\/wp-json\/wp\/v2\/media?parent=5757"}],"wp:term":[{"taxonomy":"product_brand","embeddable":true,"href":"https:\/\/masterchem.es\/de\/wp-json\/wp\/v2\/product_brand?post=5757"},{"taxonomy":"product_cat","embeddable":true,"href":"https:\/\/masterchem.es\/de\/wp-json\/wp\/v2\/product_cat?post=5757"},{"taxonomy":"product_tag","embeddable":true,"href":"https:\/\/masterchem.es\/de\/wp-json\/wp\/v2\/product_tag?post=5757"}],"curies":[{"name":"wp","href":"https:\/\/api.w.org\/{rel}","templated":true}]}}