{"id":5773,"date":"2023-05-18T11:30:33","date_gmt":"2023-05-18T11:30:33","guid":{"rendered":"https:\/\/masterchem.es\/?post_type=product&#038;p=5773"},"modified":"2023-05-18T11:36:45","modified_gmt":"2023-05-18T11:36:45","slug":"guarkernmehl-cas-9000-30-0","status":"publish","type":"product","link":"https:\/\/masterchem.es\/de\/produkt\/guarkernmehl-cas-9000-30-0\/","title":{"rendered":"Guarkernmehl (CAS 9000-30-0)"},"content":{"rendered":"<p><strong>Informationen<\/strong><br \/>\nBranchen: Haushaltschemikalien, Kosmetikindustrie, Lebensmittelindustrie<br \/>\nCAS-Nummer: 9000-30-0<br \/>\nWE-Nummer: 232-536-8<\/p>\n<p><strong>Andere physikalische Eigenschaften<\/strong><\/p>\n<p>pH-Wert: 5,5 \u2013 6,2 (1 %)<br \/>\nSchmelz-\/Gefrierpunkt: 72 &#8211; 77\u00b0C<br \/>\nRelative Dichte: 0,95 g\/cm3 (25\u00b0C)<\/p>\n","protected":false},"excerpt":{"rendered":"<p><strong>Guarkernmehl (CAS 9000-30-0)<\/strong><\/p>\n<p>Guarkernmehl, auch Guaran genannt, ist ein aus Guarbohnen gewonnenes Galactomannan-Polysaccharid mit verdickenden und stabilisierenden Eigenschaften, die in Lebensmitteln, Futtermitteln und industriellen Anwendungen n\u00fctzlich sind. Die Guarkerne werden je nach Anwendung mechanisch gesch\u00e4lt, hydratisiert, gemahlen und gesiebt. Es wird typischerweise als frei flie\u00dfendes, cremefarbenes Pulver hergestellt.<\/p>\n<p>Die Guarbohne wird haupts\u00e4chlich in Indien, Pakistan, den USA, Australien und Afrika angebaut. Indien produziert j\u00e4hrlich etwa 2,5 bis 3 Millionen Tonnen Guar und ist damit mit etwa 65 % der Weltproduktion der gr\u00f6\u00dfte Produzent. In Indien sind Rajasthan, Gujarat und Haryana die wichtigsten Produktionsregionen, und Jodhpur, Sri Ganganagar und Hanumangarh in Rajasthan und Pakistan sind mit 25 % der Guarkernmehlproduktion der zweitgr\u00f6\u00dfte Produzent. In Pakistan ist der wichtigste Guar-Handelsmarkt. Die USA haben in den letzten f\u00fcnf Jahren 4.600 bis 14.000 Tonnen Guar produziert. Die Anbaufl\u00e4che in Texas schwankt seit 1999 zwischen etwa 7.000 und 50.000 Acres. Die weltweite Produktion von Guarkernmehl und seinen Derivaten betr\u00e4gt etwa 1,0 Millionen Tonnen. Ungef\u00e4hr 40 % des Gesamtbedarfs entfallen auf Non-Food-Guarkernmehl.<\/p>\n","protected":false},"featured_media":5778,"template":"","meta":[],"product_brand":[],"product_cat":[101,86],"product_tag":[],"class_list":{"0":"post-5773","1":"product","2":"type-product","3":"status-publish","4":"has-post-thumbnail","6":"product_cat-kosmetikindustrie","7":"product_cat-nicht-kategorisiert","9":"first","10":"instock","11":"taxable","12":"shipping-taxable","13":"purchasable","14":"product-type-variable","15":"has-default-attributes"},"yoast_head":"<!-- This site is optimized with the Yoast SEO plugin v27.5 - https:\/\/yoast.com\/product\/yoast-seo-wordpress\/ -->\n<title>Guarkernmehl (CAS 9000-30-0) - MasterChem<\/title>\n<meta name=\"description\" content=\"Guarkernmehl, auch Guaran genannt, ist ein aus Guarbohnen gewonnenes Galactomannan-Polysaccharid mit verdickenden und stabilisierenden Eigenschaften, die in Lebensmitteln, Futtermitteln und industriellen Anwendungen n\u00fctzlich sind.\" \/>\n<meta name=\"robots\" content=\"index, follow, max-snippet:-1, max-image-preview:large, max-video-preview:-1\" \/>\n<link rel=\"canonical\" href=\"https:\/\/masterchem.es\/de\/produkt\/guarkernmehl-cas-9000-30-0\/\" \/>\n<meta property=\"og:locale\" content=\"de_DE\" \/>\n<meta property=\"og:type\" content=\"article\" \/>\n<meta property=\"og:title\" content=\"Guarkernmehl (CAS 9000-30-0) - MasterChem\" \/>\n<meta property=\"og:description\" content=\"Guarkernmehl, auch Guaran genannt, ist ein aus Guarbohnen gewonnenes Galactomannan-Polysaccharid mit verdickenden und stabilisierenden Eigenschaften, die in Lebensmitteln, Futtermitteln und industriellen Anwendungen n\u00fctzlich sind.\" \/>\n<meta property=\"og:url\" content=\"https:\/\/masterchem.es\/de\/produkt\/guarkernmehl-cas-9000-30-0\/\" \/>\n<meta property=\"og:site_name\" content=\"MasterChem\" \/>\n<meta property=\"article:modified_time\" content=\"2023-05-18T11:36:45+00:00\" \/>\n<meta property=\"og:image\" content=\"https:\/\/masterchem.es\/wp-content\/uploads\/2023\/05\/Goma-guar-CAS-9000-30-0-25kg-MasterChem.jpg\" \/>\n\t<meta property=\"og:image:width\" content=\"1000\" \/>\n\t<meta property=\"og:image:height\" content=\"1000\" \/>\n\t<meta property=\"og:image:type\" content=\"image\/jpeg\" \/>\n<meta name=\"twitter:card\" content=\"summary_large_image\" \/>\n<script type=\"application\/ld+json\" class=\"yoast-schema-graph\">{\"@context\":\"https:\\\/\\\/schema.org\",\"@graph\":[{\"@type\":\"WebPage\",\"@id\":\"https:\\\/\\\/masterchem.es\\\/de\\\/produkt\\\/guarkernmehl-cas-9000-30-0\\\/\",\"url\":\"https:\\\/\\\/masterchem.es\\\/de\\\/produkt\\\/guarkernmehl-cas-9000-30-0\\\/\",\"name\":\"Guarkernmehl (CAS 9000-30-0) - MasterChem\",\"isPartOf\":{\"@id\":\"https:\\\/\\\/masterchem.es\\\/de\\\/#website\"},\"primaryImageOfPage\":{\"@id\":\"https:\\\/\\\/masterchem.es\\\/de\\\/produkt\\\/guarkernmehl-cas-9000-30-0\\\/#primaryimage\"},\"image\":{\"@id\":\"https:\\\/\\\/masterchem.es\\\/de\\\/produkt\\\/guarkernmehl-cas-9000-30-0\\\/#primaryimage\"},\"thumbnailUrl\":\"https:\\\/\\\/masterchem.es\\\/wp-content\\\/uploads\\\/2023\\\/05\\\/Goma-guar-CAS-9000-30-0-25kg-MasterChem.jpg\",\"datePublished\":\"2023-05-18T11:30:33+00:00\",\"dateModified\":\"2023-05-18T11:36:45+00:00\",\"description\":\"Guarkernmehl, auch Guaran genannt, ist ein aus Guarbohnen gewonnenes Galactomannan-Polysaccharid mit verdickenden und stabilisierenden Eigenschaften, die in Lebensmitteln, Futtermitteln und industriellen Anwendungen n\u00fctzlich sind.\",\"breadcrumb\":{\"@id\":\"https:\\\/\\\/masterchem.es\\\/de\\\/produkt\\\/guarkernmehl-cas-9000-30-0\\\/#breadcrumb\"},\"inLanguage\":\"de-DE\",\"potentialAction\":[{\"@type\":\"ReadAction\",\"target\":[\"https:\\\/\\\/masterchem.es\\\/de\\\/produkt\\\/guarkernmehl-cas-9000-30-0\\\/\"]}]},{\"@type\":\"ImageObject\",\"inLanguage\":\"de-DE\",\"@id\":\"https:\\\/\\\/masterchem.es\\\/de\\\/produkt\\\/guarkernmehl-cas-9000-30-0\\\/#primaryimage\",\"url\":\"https:\\\/\\\/masterchem.es\\\/wp-content\\\/uploads\\\/2023\\\/05\\\/Goma-guar-CAS-9000-30-0-25kg-MasterChem.jpg\",\"contentUrl\":\"https:\\\/\\\/masterchem.es\\\/wp-content\\\/uploads\\\/2023\\\/05\\\/Goma-guar-CAS-9000-30-0-25kg-MasterChem.jpg\",\"width\":1000,\"height\":1000},{\"@type\":\"BreadcrumbList\",\"@id\":\"https:\\\/\\\/masterchem.es\\\/de\\\/produkt\\\/guarkernmehl-cas-9000-30-0\\\/#breadcrumb\",\"itemListElement\":[{\"@type\":\"ListItem\",\"position\":1,\"name\":\"Home\",\"item\":\"https:\\\/\\\/masterchem.es\\\/de\\\/\"},{\"@type\":\"ListItem\",\"position\":2,\"name\":\"Tienda\",\"item\":\"https:\\\/\\\/masterchem.es\\\/tienda\\\/\"},{\"@type\":\"ListItem\",\"position\":3,\"name\":\"Guarkernmehl (CAS 9000-30-0)\"}]},{\"@type\":\"WebSite\",\"@id\":\"https:\\\/\\\/masterchem.es\\\/de\\\/#website\",\"url\":\"https:\\\/\\\/masterchem.es\\\/de\\\/\",\"name\":\"MasterChem\",\"description\":\"proveedor de productos qu&iacute;micos\",\"potentialAction\":[{\"@type\":\"SearchAction\",\"target\":{\"@type\":\"EntryPoint\",\"urlTemplate\":\"https:\\\/\\\/masterchem.es\\\/de\\\/?s={search_term_string}\"},\"query-input\":{\"@type\":\"PropertyValueSpecification\",\"valueRequired\":true,\"valueName\":\"search_term_string\"}}],\"inLanguage\":\"de-DE\"}]}<\/script>\n<!-- \/ Yoast SEO plugin. -->","yoast_head_json":{"title":"Guarkernmehl (CAS 9000-30-0) - MasterChem","description":"Guarkernmehl, auch Guaran genannt, ist ein aus Guarbohnen gewonnenes Galactomannan-Polysaccharid mit verdickenden und stabilisierenden Eigenschaften, die in Lebensmitteln, Futtermitteln und industriellen Anwendungen n\u00fctzlich sind.","robots":{"index":"index","follow":"follow","max-snippet":"max-snippet:-1","max-image-preview":"max-image-preview:large","max-video-preview":"max-video-preview:-1"},"canonical":"https:\/\/masterchem.es\/de\/produkt\/guarkernmehl-cas-9000-30-0\/","og_locale":"de_DE","og_type":"article","og_title":"Guarkernmehl (CAS 9000-30-0) - MasterChem","og_description":"Guarkernmehl, auch Guaran genannt, ist ein aus Guarbohnen gewonnenes Galactomannan-Polysaccharid mit verdickenden und stabilisierenden Eigenschaften, die in Lebensmitteln, Futtermitteln und industriellen Anwendungen n\u00fctzlich sind.","og_url":"https:\/\/masterchem.es\/de\/produkt\/guarkernmehl-cas-9000-30-0\/","og_site_name":"MasterChem","article_modified_time":"2023-05-18T11:36:45+00:00","og_image":[{"width":1000,"height":1000,"url":"https:\/\/masterchem.es\/wp-content\/uploads\/2023\/05\/Goma-guar-CAS-9000-30-0-25kg-MasterChem.jpg","type":"image\/jpeg"}],"twitter_card":"summary_large_image","schema":{"@context":"https:\/\/schema.org","@graph":[{"@type":"WebPage","@id":"https:\/\/masterchem.es\/de\/produkt\/guarkernmehl-cas-9000-30-0\/","url":"https:\/\/masterchem.es\/de\/produkt\/guarkernmehl-cas-9000-30-0\/","name":"Guarkernmehl (CAS 9000-30-0) - MasterChem","isPartOf":{"@id":"https:\/\/masterchem.es\/de\/#website"},"primaryImageOfPage":{"@id":"https:\/\/masterchem.es\/de\/produkt\/guarkernmehl-cas-9000-30-0\/#primaryimage"},"image":{"@id":"https:\/\/masterchem.es\/de\/produkt\/guarkernmehl-cas-9000-30-0\/#primaryimage"},"thumbnailUrl":"https:\/\/masterchem.es\/wp-content\/uploads\/2023\/05\/Goma-guar-CAS-9000-30-0-25kg-MasterChem.jpg","datePublished":"2023-05-18T11:30:33+00:00","dateModified":"2023-05-18T11:36:45+00:00","description":"Guarkernmehl, auch Guaran genannt, ist ein aus Guarbohnen gewonnenes Galactomannan-Polysaccharid mit verdickenden und stabilisierenden Eigenschaften, die in Lebensmitteln, Futtermitteln und industriellen Anwendungen n\u00fctzlich sind.","breadcrumb":{"@id":"https:\/\/masterchem.es\/de\/produkt\/guarkernmehl-cas-9000-30-0\/#breadcrumb"},"inLanguage":"de-DE","potentialAction":[{"@type":"ReadAction","target":["https:\/\/masterchem.es\/de\/produkt\/guarkernmehl-cas-9000-30-0\/"]}]},{"@type":"ImageObject","inLanguage":"de-DE","@id":"https:\/\/masterchem.es\/de\/produkt\/guarkernmehl-cas-9000-30-0\/#primaryimage","url":"https:\/\/masterchem.es\/wp-content\/uploads\/2023\/05\/Goma-guar-CAS-9000-30-0-25kg-MasterChem.jpg","contentUrl":"https:\/\/masterchem.es\/wp-content\/uploads\/2023\/05\/Goma-guar-CAS-9000-30-0-25kg-MasterChem.jpg","width":1000,"height":1000},{"@type":"BreadcrumbList","@id":"https:\/\/masterchem.es\/de\/produkt\/guarkernmehl-cas-9000-30-0\/#breadcrumb","itemListElement":[{"@type":"ListItem","position":1,"name":"Home","item":"https:\/\/masterchem.es\/de\/"},{"@type":"ListItem","position":2,"name":"Tienda","item":"https:\/\/masterchem.es\/tienda\/"},{"@type":"ListItem","position":3,"name":"Guarkernmehl (CAS 9000-30-0)"}]},{"@type":"WebSite","@id":"https:\/\/masterchem.es\/de\/#website","url":"https:\/\/masterchem.es\/de\/","name":"MasterChem","description":"proveedor de productos qu&iacute;micos","potentialAction":[{"@type":"SearchAction","target":{"@type":"EntryPoint","urlTemplate":"https:\/\/masterchem.es\/de\/?s={search_term_string}"},"query-input":{"@type":"PropertyValueSpecification","valueRequired":true,"valueName":"search_term_string"}}],"inLanguage":"de-DE"}]}},"_links":{"self":[{"href":"https:\/\/masterchem.es\/de\/wp-json\/wp\/v2\/product\/5773","targetHints":{"allow":["GET"]}}],"collection":[{"href":"https:\/\/masterchem.es\/de\/wp-json\/wp\/v2\/product"}],"about":[{"href":"https:\/\/masterchem.es\/de\/wp-json\/wp\/v2\/types\/product"}],"wp:featuredmedia":[{"embeddable":true,"href":"https:\/\/masterchem.es\/de\/wp-json\/wp\/v2\/media\/5778"}],"wp:attachment":[{"href":"https:\/\/masterchem.es\/de\/wp-json\/wp\/v2\/media?parent=5773"}],"wp:term":[{"taxonomy":"product_brand","embeddable":true,"href":"https:\/\/masterchem.es\/de\/wp-json\/wp\/v2\/product_brand?post=5773"},{"taxonomy":"product_cat","embeddable":true,"href":"https:\/\/masterchem.es\/de\/wp-json\/wp\/v2\/product_cat?post=5773"},{"taxonomy":"product_tag","embeddable":true,"href":"https:\/\/masterchem.es\/de\/wp-json\/wp\/v2\/product_tag?post=5773"}],"curies":[{"name":"wp","href":"https:\/\/api.w.org\/{rel}","templated":true}]}}