{"id":5823,"date":"2023-05-23T06:06:40","date_gmt":"2023-05-23T06:06:40","guid":{"rendered":"https:\/\/masterchem.es\/?post_type=product&#038;p=5823"},"modified":"2023-05-23T06:20:10","modified_gmt":"2023-05-23T06:20:10","slug":"jod-cas-7553-56-2","status":"publish","type":"product","link":"https:\/\/masterchem.es\/de\/produkt\/jod-cas-7553-56-2\/","title":{"rendered":"Jod (CAS 7553-56-2)"},"content":{"rendered":"<p><strong>Informationen<\/strong><\/p>\n<p>Branchen: Haushaltschemikalien, Pharmaindustrie, Lebensmittelindustrie<br \/>\nCAS-Nummer: 7553-56-2<br \/>\nWE-Nummer: 231-442-4<br \/>\nChemische Formel: I<br \/>\nMolmasse: 126,9 g\/mol<br \/>\nZolltarifcode: 28012000<\/p>\n<p><strong>Andere physikalische Eigenschaften<\/strong> <\/p>\n<p>Schmelz-\/Gefrierpunkt: 113,6\u00b0C bei 1013 hPa<br \/>\nSiedepunkt\/-bereich: 184,4\u00b0C bei 1013 hPa<br \/>\nRelative Dichte: 4,93 g\/cm3 bei 20\u00b0C<br \/>\nL\u00f6slichkeit in Wasser: 330 mg\/l bei 25\u00b0C<\/p>\n","protected":false},"excerpt":{"rendered":"<p><strong>Jod (CAS 7553-56-2)<\/strong><\/p>\n<p>Jod ist ein chemisches Element mit dem Symbol I und der Ordnungszahl 53. Es ist das schwerste der stabilen Halogene und liegt bei Standardbedingungen als halbgl\u00e4nzender, nichtmetallischer Feststoff vor, der bei 114 Grad Celsius zu einer tiefvioletten Fl\u00fcssigkeit schmilzt siedet bei 184 Grad Celsius zu einem violetten Gas. Das Element wurde 1811 vom franz\u00f6sischen Chemiker Bernard Courtois entdeckt und zwei Jahre sp\u00e4ter von Joseph Louis Gay-Lussac nach dem griechischen \u1f30\u03ce\u03b4\u03b7\u03c2 \u201eviolett gef\u00e4rbt\u201c benannt.<\/p>\n<p>Jod kommt in vielen Oxidationsstufen vor, darunter Jodid (I\u2212), Jodat (IO\u2212).<br \/>\n3) und die verschiedenen Periodat-Anionen. Es ist das am wenigsten h\u00e4ufig vorkommende stabile Halogen und das einundsechzigste Element. Es ist der schwerste essentielle Mineralstoff. Jod ist f\u00fcr die Synthese von Schilddr\u00fcsenhormonen unerl\u00e4sslich. Jodmangel betrifft etwa zwei Milliarden Menschen und ist die h\u00e4ufigste vermeidbare Ursache f\u00fcr geistige Behinderungen.<\/p>\n<p>Die wichtigsten Jodproduzenten sind heute Chile und Japan. Jod und seine Verbindungen werden haupts\u00e4chlich in der Ern\u00e4hrung verwendet. Aufgrund seiner hohen Ordnungszahl und der einfachen Anbindung an organische Verbindungen hat es sich auch als ungiftiges R\u00f6ntgenkontrastmaterial durchgesetzt. Aufgrund der Spezifit\u00e4t seiner Aufnahme durch den menschlichen K\u00f6rper k\u00f6nnen radioaktive Jodisotope auch zur Behandlung von Schilddr\u00fcsenkrebs eingesetzt werden. Jod wird auch als Katalysator bei der industriellen Herstellung von Essigs\u00e4ure und einigen Polymeren verwendet.<\/p>\n","protected":false},"featured_media":5828,"template":"","meta":[],"product_brand":[],"product_cat":[123,86,89],"product_tag":[],"class_list":{"0":"post-5823","1":"product","2":"type-product","3":"status-publish","4":"has-post-thumbnail","6":"product_cat-nahrungsmittelindustrie","7":"product_cat-nicht-kategorisiert","8":"product_cat-pharmazeutische-produkte","10":"first","11":"instock","12":"taxable","13":"shipping-taxable","14":"purchasable","15":"product-type-variable","16":"has-default-attributes"},"yoast_head":"<!-- This site is optimized with the Yoast SEO plugin v27.5 - https:\/\/yoast.com\/product\/yoast-seo-wordpress\/ -->\n<title>Jod (CAS 7553-56-2) - MasterChem<\/title>\n<meta name=\"description\" content=\"Jod ist ein chemisches Element mit dem Symbol I und der Ordnungszahl 53. Es ist das schwerste der stabilen Halogene und liegt bei Standardbedingungen als halbgl\u00e4nzender, nichtmetallischer Feststoff vor, der bei 114 Grad Celsius zu einer tiefvioletten Fl\u00fcssigkeit schmilzt siedet bei 184 Grad Celsius zu einem violetten Gas.\" \/>\n<meta name=\"robots\" content=\"index, follow, max-snippet:-1, max-image-preview:large, max-video-preview:-1\" \/>\n<link rel=\"canonical\" href=\"https:\/\/masterchem.es\/de\/produkt\/jod-cas-7553-56-2\/\" \/>\n<meta property=\"og:locale\" content=\"de_DE\" \/>\n<meta property=\"og:type\" content=\"article\" \/>\n<meta property=\"og:title\" content=\"Jod (CAS 7553-56-2) - MasterChem\" \/>\n<meta property=\"og:description\" content=\"Jod ist ein chemisches Element mit dem Symbol I und der Ordnungszahl 53. Es ist das schwerste der stabilen Halogene und liegt bei Standardbedingungen als halbgl\u00e4nzender, nichtmetallischer Feststoff vor, der bei 114 Grad Celsius zu einer tiefvioletten Fl\u00fcssigkeit schmilzt siedet bei 184 Grad Celsius zu einem violetten Gas.\" \/>\n<meta property=\"og:url\" content=\"https:\/\/masterchem.es\/de\/produkt\/jod-cas-7553-56-2\/\" \/>\n<meta property=\"og:site_name\" content=\"MasterChem\" \/>\n<meta property=\"article:modified_time\" content=\"2023-05-23T06:20:10+00:00\" \/>\n<meta property=\"og:image\" content=\"https:\/\/masterchem.es\/wp-content\/uploads\/2023\/05\/Natrija-heksametafosfats-CAS-10124-56-8-25kg-MasterChem.jpg\" \/>\n\t<meta property=\"og:image:width\" content=\"1000\" \/>\n\t<meta property=\"og:image:height\" content=\"1000\" \/>\n\t<meta property=\"og:image:type\" content=\"image\/jpeg\" \/>\n<meta name=\"twitter:card\" content=\"summary_large_image\" \/>\n<script type=\"application\/ld+json\" class=\"yoast-schema-graph\">{\"@context\":\"https:\\\/\\\/schema.org\",\"@graph\":[{\"@type\":\"WebPage\",\"@id\":\"https:\\\/\\\/masterchem.es\\\/de\\\/produkt\\\/jod-cas-7553-56-2\\\/\",\"url\":\"https:\\\/\\\/masterchem.es\\\/de\\\/produkt\\\/jod-cas-7553-56-2\\\/\",\"name\":\"Jod (CAS 7553-56-2) - MasterChem\",\"isPartOf\":{\"@id\":\"https:\\\/\\\/masterchem.es\\\/de\\\/#website\"},\"primaryImageOfPage\":{\"@id\":\"https:\\\/\\\/masterchem.es\\\/de\\\/produkt\\\/jod-cas-7553-56-2\\\/#primaryimage\"},\"image\":{\"@id\":\"https:\\\/\\\/masterchem.es\\\/de\\\/produkt\\\/jod-cas-7553-56-2\\\/#primaryimage\"},\"thumbnailUrl\":\"https:\\\/\\\/masterchem.es\\\/wp-content\\\/uploads\\\/2023\\\/05\\\/Natrija-heksametafosfats-CAS-10124-56-8-25kg-MasterChem.jpg\",\"datePublished\":\"2023-05-23T06:06:40+00:00\",\"dateModified\":\"2023-05-23T06:20:10+00:00\",\"description\":\"Jod ist ein chemisches Element mit dem Symbol I und der Ordnungszahl 53. Es ist das schwerste der stabilen Halogene und liegt bei Standardbedingungen als halbgl\u00e4nzender, nichtmetallischer Feststoff vor, der bei 114 Grad Celsius zu einer tiefvioletten Fl\u00fcssigkeit schmilzt siedet bei 184 Grad Celsius zu einem violetten Gas.\",\"breadcrumb\":{\"@id\":\"https:\\\/\\\/masterchem.es\\\/de\\\/produkt\\\/jod-cas-7553-56-2\\\/#breadcrumb\"},\"inLanguage\":\"de-DE\",\"potentialAction\":[{\"@type\":\"ReadAction\",\"target\":[\"https:\\\/\\\/masterchem.es\\\/de\\\/produkt\\\/jod-cas-7553-56-2\\\/\"]}]},{\"@type\":\"ImageObject\",\"inLanguage\":\"de-DE\",\"@id\":\"https:\\\/\\\/masterchem.es\\\/de\\\/produkt\\\/jod-cas-7553-56-2\\\/#primaryimage\",\"url\":\"https:\\\/\\\/masterchem.es\\\/wp-content\\\/uploads\\\/2023\\\/05\\\/Natrija-heksametafosfats-CAS-10124-56-8-25kg-MasterChem.jpg\",\"contentUrl\":\"https:\\\/\\\/masterchem.es\\\/wp-content\\\/uploads\\\/2023\\\/05\\\/Natrija-heksametafosfats-CAS-10124-56-8-25kg-MasterChem.jpg\",\"width\":1000,\"height\":1000},{\"@type\":\"BreadcrumbList\",\"@id\":\"https:\\\/\\\/masterchem.es\\\/de\\\/produkt\\\/jod-cas-7553-56-2\\\/#breadcrumb\",\"itemListElement\":[{\"@type\":\"ListItem\",\"position\":1,\"name\":\"Home\",\"item\":\"https:\\\/\\\/masterchem.es\\\/de\\\/\"},{\"@type\":\"ListItem\",\"position\":2,\"name\":\"Tienda\",\"item\":\"https:\\\/\\\/masterchem.es\\\/tienda\\\/\"},{\"@type\":\"ListItem\",\"position\":3,\"name\":\"Jod (CAS 7553-56-2)\"}]},{\"@type\":\"WebSite\",\"@id\":\"https:\\\/\\\/masterchem.es\\\/de\\\/#website\",\"url\":\"https:\\\/\\\/masterchem.es\\\/de\\\/\",\"name\":\"MasterChem\",\"description\":\"proveedor de productos qu&iacute;micos\",\"potentialAction\":[{\"@type\":\"SearchAction\",\"target\":{\"@type\":\"EntryPoint\",\"urlTemplate\":\"https:\\\/\\\/masterchem.es\\\/de\\\/?s={search_term_string}\"},\"query-input\":{\"@type\":\"PropertyValueSpecification\",\"valueRequired\":true,\"valueName\":\"search_term_string\"}}],\"inLanguage\":\"de-DE\"}]}<\/script>\n<!-- \/ Yoast SEO plugin. -->","yoast_head_json":{"title":"Jod (CAS 7553-56-2) - MasterChem","description":"Jod ist ein chemisches Element mit dem Symbol I und der Ordnungszahl 53. Es ist das schwerste der stabilen Halogene und liegt bei Standardbedingungen als halbgl\u00e4nzender, nichtmetallischer Feststoff vor, der bei 114 Grad Celsius zu einer tiefvioletten Fl\u00fcssigkeit schmilzt siedet bei 184 Grad Celsius zu einem violetten Gas.","robots":{"index":"index","follow":"follow","max-snippet":"max-snippet:-1","max-image-preview":"max-image-preview:large","max-video-preview":"max-video-preview:-1"},"canonical":"https:\/\/masterchem.es\/de\/produkt\/jod-cas-7553-56-2\/","og_locale":"de_DE","og_type":"article","og_title":"Jod (CAS 7553-56-2) - MasterChem","og_description":"Jod ist ein chemisches Element mit dem Symbol I und der Ordnungszahl 53. Es ist das schwerste der stabilen Halogene und liegt bei Standardbedingungen als halbgl\u00e4nzender, nichtmetallischer Feststoff vor, der bei 114 Grad Celsius zu einer tiefvioletten Fl\u00fcssigkeit schmilzt siedet bei 184 Grad Celsius zu einem violetten Gas.","og_url":"https:\/\/masterchem.es\/de\/produkt\/jod-cas-7553-56-2\/","og_site_name":"MasterChem","article_modified_time":"2023-05-23T06:20:10+00:00","og_image":[{"width":1000,"height":1000,"url":"https:\/\/masterchem.es\/wp-content\/uploads\/2023\/05\/Natrija-heksametafosfats-CAS-10124-56-8-25kg-MasterChem.jpg","type":"image\/jpeg"}],"twitter_card":"summary_large_image","schema":{"@context":"https:\/\/schema.org","@graph":[{"@type":"WebPage","@id":"https:\/\/masterchem.es\/de\/produkt\/jod-cas-7553-56-2\/","url":"https:\/\/masterchem.es\/de\/produkt\/jod-cas-7553-56-2\/","name":"Jod (CAS 7553-56-2) - MasterChem","isPartOf":{"@id":"https:\/\/masterchem.es\/de\/#website"},"primaryImageOfPage":{"@id":"https:\/\/masterchem.es\/de\/produkt\/jod-cas-7553-56-2\/#primaryimage"},"image":{"@id":"https:\/\/masterchem.es\/de\/produkt\/jod-cas-7553-56-2\/#primaryimage"},"thumbnailUrl":"https:\/\/masterchem.es\/wp-content\/uploads\/2023\/05\/Natrija-heksametafosfats-CAS-10124-56-8-25kg-MasterChem.jpg","datePublished":"2023-05-23T06:06:40+00:00","dateModified":"2023-05-23T06:20:10+00:00","description":"Jod ist ein chemisches Element mit dem Symbol I und der Ordnungszahl 53. Es ist das schwerste der stabilen Halogene und liegt bei Standardbedingungen als halbgl\u00e4nzender, nichtmetallischer Feststoff vor, der bei 114 Grad Celsius zu einer tiefvioletten Fl\u00fcssigkeit schmilzt siedet bei 184 Grad Celsius zu einem violetten Gas.","breadcrumb":{"@id":"https:\/\/masterchem.es\/de\/produkt\/jod-cas-7553-56-2\/#breadcrumb"},"inLanguage":"de-DE","potentialAction":[{"@type":"ReadAction","target":["https:\/\/masterchem.es\/de\/produkt\/jod-cas-7553-56-2\/"]}]},{"@type":"ImageObject","inLanguage":"de-DE","@id":"https:\/\/masterchem.es\/de\/produkt\/jod-cas-7553-56-2\/#primaryimage","url":"https:\/\/masterchem.es\/wp-content\/uploads\/2023\/05\/Natrija-heksametafosfats-CAS-10124-56-8-25kg-MasterChem.jpg","contentUrl":"https:\/\/masterchem.es\/wp-content\/uploads\/2023\/05\/Natrija-heksametafosfats-CAS-10124-56-8-25kg-MasterChem.jpg","width":1000,"height":1000},{"@type":"BreadcrumbList","@id":"https:\/\/masterchem.es\/de\/produkt\/jod-cas-7553-56-2\/#breadcrumb","itemListElement":[{"@type":"ListItem","position":1,"name":"Home","item":"https:\/\/masterchem.es\/de\/"},{"@type":"ListItem","position":2,"name":"Tienda","item":"https:\/\/masterchem.es\/tienda\/"},{"@type":"ListItem","position":3,"name":"Jod (CAS 7553-56-2)"}]},{"@type":"WebSite","@id":"https:\/\/masterchem.es\/de\/#website","url":"https:\/\/masterchem.es\/de\/","name":"MasterChem","description":"proveedor de productos qu&iacute;micos","potentialAction":[{"@type":"SearchAction","target":{"@type":"EntryPoint","urlTemplate":"https:\/\/masterchem.es\/de\/?s={search_term_string}"},"query-input":{"@type":"PropertyValueSpecification","valueRequired":true,"valueName":"search_term_string"}}],"inLanguage":"de-DE"}]}},"_links":{"self":[{"href":"https:\/\/masterchem.es\/de\/wp-json\/wp\/v2\/product\/5823","targetHints":{"allow":["GET"]}}],"collection":[{"href":"https:\/\/masterchem.es\/de\/wp-json\/wp\/v2\/product"}],"about":[{"href":"https:\/\/masterchem.es\/de\/wp-json\/wp\/v2\/types\/product"}],"wp:featuredmedia":[{"embeddable":true,"href":"https:\/\/masterchem.es\/de\/wp-json\/wp\/v2\/media\/5828"}],"wp:attachment":[{"href":"https:\/\/masterchem.es\/de\/wp-json\/wp\/v2\/media?parent=5823"}],"wp:term":[{"taxonomy":"product_brand","embeddable":true,"href":"https:\/\/masterchem.es\/de\/wp-json\/wp\/v2\/product_brand?post=5823"},{"taxonomy":"product_cat","embeddable":true,"href":"https:\/\/masterchem.es\/de\/wp-json\/wp\/v2\/product_cat?post=5823"},{"taxonomy":"product_tag","embeddable":true,"href":"https:\/\/masterchem.es\/de\/wp-json\/wp\/v2\/product_tag?post=5823"}],"curies":[{"name":"wp","href":"https:\/\/api.w.org\/{rel}","templated":true}]}}