{"id":5840,"date":"2023-05-23T06:30:23","date_gmt":"2023-05-23T06:30:23","guid":{"rendered":"https:\/\/masterchem.es\/?post_type=product&#038;p=5840"},"modified":"2023-05-23T06:35:30","modified_gmt":"2023-05-23T06:35:30","slug":"kolophonium-cas-8050-09-7","status":"publish","type":"product","link":"https:\/\/masterchem.es\/de\/produkt\/kolophonium-cas-8050-09-7\/","title":{"rendered":"Kolophonium (CAS 8050-09-7)"},"content":{"rendered":"<p><strong>Informationen<\/strong><\/p>\n<p>Branchen: Farben und Lacke, Haushaltschemikalien, Klebstoffe, \u00d6le, Fette, Harze, Kunststoffe, Polyurethane<\/p>\n<p>CAS-Nummer: 8050-09-7<br \/>\nWE-Nummer: 232-475-7<br \/>\nIndexnummer: 650-015-00-7<br \/>\nZolltarifcode: 38061000<\/p>\n<p><strong>Andere physikalische Eigenschaften<\/strong> <\/p>\n<p>Schmelz-\/Gefrierpunkt: 65-95\u00b0C<br \/>\nRelative Dichte: 1.034 g\/cm\u00b3<\/p>\n","protected":false},"excerpt":{"rendered":"<p><strong>Kolophonium (CAS 8050-09-7)<\/strong><\/p>\n<p>Kolophonium, auch Kolophonium oder griechisches Pech (lateinisch: pix graeca) genannt, ist eine feste Form von Harz, das aus Kiefern und einigen anderen Pflanzen, haupts\u00e4chlich Nadelb\u00e4umen, gewonnen wird und durch Erhitzen von frischem fl\u00fcssigem Harz entsteht, um die fl\u00fcchtigen fl\u00fcssigen Terpenkomponenten zu verdampfen. Es ist halbtransparent und variiert in der Farbe von Gelb bis Schwarz. Bei Zimmertemperatur ist Kolophonium spr\u00f6de, bei Herdtemperatur schmilzt es jedoch. Es besteht haupts\u00e4chlich aus verschiedenen Harzs\u00e4uren, insbesondere Abietins\u00e4ure. Der Begriff \u201eKolophonie\u201c kommt von colophonia resina, lateinisch f\u00fcr \u201eHarz aus Kolophon\u201c, einer antiken ionischen Stadt.<\/p>\n","protected":false},"featured_media":5845,"template":"","meta":[],"product_brand":[],"product_cat":[135,113,86],"product_tag":[],"class_list":{"0":"post-5840","1":"product","2":"type-product","3":"status-publish","4":"has-post-thumbnail","6":"product_cat-farben-und-lacke","7":"product_cat-kunststoff-polyurethane","8":"product_cat-nicht-kategorisiert","10":"first","11":"instock","12":"taxable","13":"shipping-taxable","14":"purchasable","15":"product-type-variable","16":"has-default-attributes"},"yoast_head":"<!-- This site is optimized with the Yoast SEO plugin v27.5 - https:\/\/yoast.com\/product\/yoast-seo-wordpress\/ -->\n<title>Kolophonium (CAS 8050-09-7) - MasterChem<\/title>\n<meta name=\"description\" content=\"Kolophonium, auch Kolophonium oder griechisches Pech (lateinisch: pix graeca) genannt, ist eine feste Form von Harz, das aus Kiefern und einigen anderen Pflanzen, haupts\u00e4chlich Nadelb\u00e4umen, gewonnen wird und durch Erhitzen von frischem fl\u00fcssigem Harz entsteht, um die fl\u00fcchtigen fl\u00fcssigen Terpenkomponenten zu verdampfen.\" \/>\n<meta name=\"robots\" content=\"index, follow, max-snippet:-1, max-image-preview:large, max-video-preview:-1\" \/>\n<link rel=\"canonical\" href=\"https:\/\/masterchem.es\/de\/produkt\/kolophonium-cas-8050-09-7\/\" \/>\n<meta property=\"og:locale\" content=\"de_DE\" \/>\n<meta property=\"og:type\" content=\"article\" \/>\n<meta property=\"og:title\" content=\"Kolophonium (CAS 8050-09-7) - MasterChem\" \/>\n<meta property=\"og:description\" content=\"Kolophonium, auch Kolophonium oder griechisches Pech (lateinisch: pix graeca) genannt, ist eine feste Form von Harz, das aus Kiefern und einigen anderen Pflanzen, haupts\u00e4chlich Nadelb\u00e4umen, gewonnen wird und durch Erhitzen von frischem fl\u00fcssigem Harz entsteht, um die fl\u00fcchtigen fl\u00fcssigen Terpenkomponenten zu verdampfen.\" \/>\n<meta property=\"og:url\" content=\"https:\/\/masterchem.es\/de\/produkt\/kolophonium-cas-8050-09-7\/\" \/>\n<meta property=\"og:site_name\" content=\"MasterChem\" \/>\n<meta property=\"article:modified_time\" content=\"2023-05-23T06:35:30+00:00\" \/>\n<meta property=\"og:image\" content=\"https:\/\/masterchem.es\/wp-content\/uploads\/2023\/05\/Colofonia-CAS-8050-09-7-25kg-MasterChem.jpg\" \/>\n\t<meta property=\"og:image:width\" content=\"1000\" \/>\n\t<meta property=\"og:image:height\" content=\"1000\" \/>\n\t<meta property=\"og:image:type\" content=\"image\/jpeg\" \/>\n<meta name=\"twitter:card\" content=\"summary_large_image\" \/>\n<script type=\"application\/ld+json\" class=\"yoast-schema-graph\">{\"@context\":\"https:\\\/\\\/schema.org\",\"@graph\":[{\"@type\":\"WebPage\",\"@id\":\"https:\\\/\\\/masterchem.es\\\/de\\\/produkt\\\/kolophonium-cas-8050-09-7\\\/\",\"url\":\"https:\\\/\\\/masterchem.es\\\/de\\\/produkt\\\/kolophonium-cas-8050-09-7\\\/\",\"name\":\"Kolophonium (CAS 8050-09-7) - MasterChem\",\"isPartOf\":{\"@id\":\"https:\\\/\\\/masterchem.es\\\/de\\\/#website\"},\"primaryImageOfPage\":{\"@id\":\"https:\\\/\\\/masterchem.es\\\/de\\\/produkt\\\/kolophonium-cas-8050-09-7\\\/#primaryimage\"},\"image\":{\"@id\":\"https:\\\/\\\/masterchem.es\\\/de\\\/produkt\\\/kolophonium-cas-8050-09-7\\\/#primaryimage\"},\"thumbnailUrl\":\"https:\\\/\\\/masterchem.es\\\/wp-content\\\/uploads\\\/2023\\\/05\\\/Colofonia-CAS-8050-09-7-25kg-MasterChem.jpg\",\"datePublished\":\"2023-05-23T06:30:23+00:00\",\"dateModified\":\"2023-05-23T06:35:30+00:00\",\"description\":\"Kolophonium, auch Kolophonium oder griechisches Pech (lateinisch: pix graeca) genannt, ist eine feste Form von Harz, das aus Kiefern und einigen anderen Pflanzen, haupts\u00e4chlich Nadelb\u00e4umen, gewonnen wird und durch Erhitzen von frischem fl\u00fcssigem Harz entsteht, um die fl\u00fcchtigen fl\u00fcssigen Terpenkomponenten zu verdampfen.\",\"breadcrumb\":{\"@id\":\"https:\\\/\\\/masterchem.es\\\/de\\\/produkt\\\/kolophonium-cas-8050-09-7\\\/#breadcrumb\"},\"inLanguage\":\"de-DE\",\"potentialAction\":[{\"@type\":\"ReadAction\",\"target\":[\"https:\\\/\\\/masterchem.es\\\/de\\\/produkt\\\/kolophonium-cas-8050-09-7\\\/\"]}]},{\"@type\":\"ImageObject\",\"inLanguage\":\"de-DE\",\"@id\":\"https:\\\/\\\/masterchem.es\\\/de\\\/produkt\\\/kolophonium-cas-8050-09-7\\\/#primaryimage\",\"url\":\"https:\\\/\\\/masterchem.es\\\/wp-content\\\/uploads\\\/2023\\\/05\\\/Colofonia-CAS-8050-09-7-25kg-MasterChem.jpg\",\"contentUrl\":\"https:\\\/\\\/masterchem.es\\\/wp-content\\\/uploads\\\/2023\\\/05\\\/Colofonia-CAS-8050-09-7-25kg-MasterChem.jpg\",\"width\":1000,\"height\":1000},{\"@type\":\"BreadcrumbList\",\"@id\":\"https:\\\/\\\/masterchem.es\\\/de\\\/produkt\\\/kolophonium-cas-8050-09-7\\\/#breadcrumb\",\"itemListElement\":[{\"@type\":\"ListItem\",\"position\":1,\"name\":\"Home\",\"item\":\"https:\\\/\\\/masterchem.es\\\/de\\\/\"},{\"@type\":\"ListItem\",\"position\":2,\"name\":\"Tienda\",\"item\":\"https:\\\/\\\/masterchem.es\\\/tienda\\\/\"},{\"@type\":\"ListItem\",\"position\":3,\"name\":\"Kolophonium (CAS 8050-09-7)\"}]},{\"@type\":\"WebSite\",\"@id\":\"https:\\\/\\\/masterchem.es\\\/de\\\/#website\",\"url\":\"https:\\\/\\\/masterchem.es\\\/de\\\/\",\"name\":\"MasterChem\",\"description\":\"proveedor de productos qu&iacute;micos\",\"potentialAction\":[{\"@type\":\"SearchAction\",\"target\":{\"@type\":\"EntryPoint\",\"urlTemplate\":\"https:\\\/\\\/masterchem.es\\\/de\\\/?s={search_term_string}\"},\"query-input\":{\"@type\":\"PropertyValueSpecification\",\"valueRequired\":true,\"valueName\":\"search_term_string\"}}],\"inLanguage\":\"de-DE\"}]}<\/script>\n<!-- \/ Yoast SEO plugin. -->","yoast_head_json":{"title":"Kolophonium (CAS 8050-09-7) - MasterChem","description":"Kolophonium, auch Kolophonium oder griechisches Pech (lateinisch: pix graeca) genannt, ist eine feste Form von Harz, das aus Kiefern und einigen anderen Pflanzen, haupts\u00e4chlich Nadelb\u00e4umen, gewonnen wird und durch Erhitzen von frischem fl\u00fcssigem Harz entsteht, um die fl\u00fcchtigen fl\u00fcssigen Terpenkomponenten zu verdampfen.","robots":{"index":"index","follow":"follow","max-snippet":"max-snippet:-1","max-image-preview":"max-image-preview:large","max-video-preview":"max-video-preview:-1"},"canonical":"https:\/\/masterchem.es\/de\/produkt\/kolophonium-cas-8050-09-7\/","og_locale":"de_DE","og_type":"article","og_title":"Kolophonium (CAS 8050-09-7) - MasterChem","og_description":"Kolophonium, auch Kolophonium oder griechisches Pech (lateinisch: pix graeca) genannt, ist eine feste Form von Harz, das aus Kiefern und einigen anderen Pflanzen, haupts\u00e4chlich Nadelb\u00e4umen, gewonnen wird und durch Erhitzen von frischem fl\u00fcssigem Harz entsteht, um die fl\u00fcchtigen fl\u00fcssigen Terpenkomponenten zu verdampfen.","og_url":"https:\/\/masterchem.es\/de\/produkt\/kolophonium-cas-8050-09-7\/","og_site_name":"MasterChem","article_modified_time":"2023-05-23T06:35:30+00:00","og_image":[{"width":1000,"height":1000,"url":"https:\/\/masterchem.es\/wp-content\/uploads\/2023\/05\/Colofonia-CAS-8050-09-7-25kg-MasterChem.jpg","type":"image\/jpeg"}],"twitter_card":"summary_large_image","schema":{"@context":"https:\/\/schema.org","@graph":[{"@type":"WebPage","@id":"https:\/\/masterchem.es\/de\/produkt\/kolophonium-cas-8050-09-7\/","url":"https:\/\/masterchem.es\/de\/produkt\/kolophonium-cas-8050-09-7\/","name":"Kolophonium (CAS 8050-09-7) - MasterChem","isPartOf":{"@id":"https:\/\/masterchem.es\/de\/#website"},"primaryImageOfPage":{"@id":"https:\/\/masterchem.es\/de\/produkt\/kolophonium-cas-8050-09-7\/#primaryimage"},"image":{"@id":"https:\/\/masterchem.es\/de\/produkt\/kolophonium-cas-8050-09-7\/#primaryimage"},"thumbnailUrl":"https:\/\/masterchem.es\/wp-content\/uploads\/2023\/05\/Colofonia-CAS-8050-09-7-25kg-MasterChem.jpg","datePublished":"2023-05-23T06:30:23+00:00","dateModified":"2023-05-23T06:35:30+00:00","description":"Kolophonium, auch Kolophonium oder griechisches Pech (lateinisch: pix graeca) genannt, ist eine feste Form von Harz, das aus Kiefern und einigen anderen Pflanzen, haupts\u00e4chlich Nadelb\u00e4umen, gewonnen wird und durch Erhitzen von frischem fl\u00fcssigem Harz entsteht, um die fl\u00fcchtigen fl\u00fcssigen Terpenkomponenten zu verdampfen.","breadcrumb":{"@id":"https:\/\/masterchem.es\/de\/produkt\/kolophonium-cas-8050-09-7\/#breadcrumb"},"inLanguage":"de-DE","potentialAction":[{"@type":"ReadAction","target":["https:\/\/masterchem.es\/de\/produkt\/kolophonium-cas-8050-09-7\/"]}]},{"@type":"ImageObject","inLanguage":"de-DE","@id":"https:\/\/masterchem.es\/de\/produkt\/kolophonium-cas-8050-09-7\/#primaryimage","url":"https:\/\/masterchem.es\/wp-content\/uploads\/2023\/05\/Colofonia-CAS-8050-09-7-25kg-MasterChem.jpg","contentUrl":"https:\/\/masterchem.es\/wp-content\/uploads\/2023\/05\/Colofonia-CAS-8050-09-7-25kg-MasterChem.jpg","width":1000,"height":1000},{"@type":"BreadcrumbList","@id":"https:\/\/masterchem.es\/de\/produkt\/kolophonium-cas-8050-09-7\/#breadcrumb","itemListElement":[{"@type":"ListItem","position":1,"name":"Home","item":"https:\/\/masterchem.es\/de\/"},{"@type":"ListItem","position":2,"name":"Tienda","item":"https:\/\/masterchem.es\/tienda\/"},{"@type":"ListItem","position":3,"name":"Kolophonium (CAS 8050-09-7)"}]},{"@type":"WebSite","@id":"https:\/\/masterchem.es\/de\/#website","url":"https:\/\/masterchem.es\/de\/","name":"MasterChem","description":"proveedor de productos qu&iacute;micos","potentialAction":[{"@type":"SearchAction","target":{"@type":"EntryPoint","urlTemplate":"https:\/\/masterchem.es\/de\/?s={search_term_string}"},"query-input":{"@type":"PropertyValueSpecification","valueRequired":true,"valueName":"search_term_string"}}],"inLanguage":"de-DE"}]}},"_links":{"self":[{"href":"https:\/\/masterchem.es\/de\/wp-json\/wp\/v2\/product\/5840","targetHints":{"allow":["GET"]}}],"collection":[{"href":"https:\/\/masterchem.es\/de\/wp-json\/wp\/v2\/product"}],"about":[{"href":"https:\/\/masterchem.es\/de\/wp-json\/wp\/v2\/types\/product"}],"wp:featuredmedia":[{"embeddable":true,"href":"https:\/\/masterchem.es\/de\/wp-json\/wp\/v2\/media\/5845"}],"wp:attachment":[{"href":"https:\/\/masterchem.es\/de\/wp-json\/wp\/v2\/media?parent=5840"}],"wp:term":[{"taxonomy":"product_brand","embeddable":true,"href":"https:\/\/masterchem.es\/de\/wp-json\/wp\/v2\/product_brand?post=5840"},{"taxonomy":"product_cat","embeddable":true,"href":"https:\/\/masterchem.es\/de\/wp-json\/wp\/v2\/product_cat?post=5840"},{"taxonomy":"product_tag","embeddable":true,"href":"https:\/\/masterchem.es\/de\/wp-json\/wp\/v2\/product_tag?post=5840"}],"curies":[{"name":"wp","href":"https:\/\/api.w.org\/{rel}","templated":true}]}}