{"id":5889,"date":"2023-05-23T07:10:02","date_gmt":"2023-05-23T07:10:02","guid":{"rendered":"https:\/\/masterchem.es\/?post_type=product&#038;p=5889"},"modified":"2023-05-23T07:20:32","modified_gmt":"2023-05-23T07:20:32","slug":"natriumphosphat-anhydrat-cas-7558-80-7calciumphosphat-monohydrat-cas-7758-23-8-copia","status":"publish","type":"product","link":"https:\/\/masterchem.es\/de\/produkt\/natriumphosphat-anhydrat-cas-7558-80-7calciumphosphat-monohydrat-cas-7758-23-8-copia\/","title":{"rendered":"Natriumphosphat-Anhydrat (CAS 7558-80-7)"},"content":{"rendered":"<p><strong>Informationen<\/strong><\/p>\n<p>Branchen: Farben und Lacke, Haushaltschemikalien, D\u00fcngemittel, Klebstoffe, \u00d6le, Fette, Bauchemie<\/p>\n<p>CAS-Nummer: 7558-80-7<br \/>\nWE-Nummer: 231-449-2<br \/>\nChemische Formel: H2NaO4P \u00b7 H2O<br \/>\nMolmasse: 137,99 g\/mol<br \/>\nZolltarifcode: 28352200<\/p>\n<p><strong>Andere physikalische Eigenschaften<\/strong><\/p>\n<p>pH-Wert: 4,4-4,6 (10 g\/l)<br \/>\nSchmelz-\/Gefrierpunkt: 650\u00b0C<\/p>\n","protected":false},"excerpt":{"rendered":"<p><strong>Natriumphosphat-Anhydrat (CAS 7558-80-7)<\/strong><\/p>\n<p>Mononatriumphosphat (MSP), auch bekannt als monobasisches Natriumphosphat und Natriumdihydrogenphosphat, ist eine anorganische Verbindung von Natrium mit einem Dihydrogenphosphat (H2PO4\u2212)-Anion. Als eines von vielen Natriumphosphaten ist es eine g\u00e4ngige Industriechemikalie. Das Salz liegt in wasserfreier Form sowie in Mono- und Dihydraten vor.<\/p>\n<p>Phosphate werden h\u00e4ufig in Lebensmitteln und bei der Wasseraufbereitung eingesetzt. Der pH-Wert solcher Formulierungen wird im Allgemeinen durch Mischungen verschiedener Natriumphosphate wie dieses Salz eingestellt. Der Natriumchlorid-\u00c4quivalentwert oder E-Wert betr\u00e4gt 0,49. Es ist in 4,5 Teilen Wasser l\u00f6slich.<\/p>\n","protected":false},"featured_media":5894,"template":"","meta":[],"product_brand":[],"product_cat":[84,132,86],"product_tag":[],"class_list":{"0":"post-5889","1":"product","2":"type-product","3":"status-publish","4":"has-post-thumbnail","6":"product_cat-bausektor","7":"product_cat-dungemittel","8":"product_cat-nicht-kategorisiert","10":"first","11":"instock","12":"taxable","13":"shipping-taxable","14":"purchasable","15":"product-type-variable","16":"has-default-attributes"},"yoast_head":"<!-- This site is optimized with the Yoast SEO plugin v27.5 - https:\/\/yoast.com\/product\/yoast-seo-wordpress\/ -->\n<title>Natriumphosphat-Anhydrat (CAS 7558-80-7) - MasterChem<\/title>\n<meta name=\"description\" content=\"Mononatriumphosphat (MSP), auch bekannt als monobasisches Natriumphosphat und Natriumdihydrogenphosphat, ist eine anorganische Verbindung von Natrium mit einem Dihydrogenphosphat (H2PO4\u2212)-Anion.\" \/>\n<meta name=\"robots\" content=\"index, follow, max-snippet:-1, max-image-preview:large, max-video-preview:-1\" \/>\n<link rel=\"canonical\" href=\"https:\/\/masterchem.es\/de\/produkt\/natriumphosphat-anhydrat-cas-7558-80-7calciumphosphat-monohydrat-cas-7758-23-8-copia\/\" \/>\n<meta property=\"og:locale\" content=\"de_DE\" \/>\n<meta property=\"og:type\" content=\"article\" \/>\n<meta property=\"og:title\" content=\"Natriumphosphat-Anhydrat (CAS 7558-80-7) - MasterChem\" \/>\n<meta property=\"og:description\" content=\"Mononatriumphosphat (MSP), auch bekannt als monobasisches Natriumphosphat und Natriumdihydrogenphosphat, ist eine anorganische Verbindung von Natrium mit einem Dihydrogenphosphat (H2PO4\u2212)-Anion.\" \/>\n<meta property=\"og:url\" content=\"https:\/\/masterchem.es\/de\/produkt\/natriumphosphat-anhydrat-cas-7558-80-7calciumphosphat-monohydrat-cas-7758-23-8-copia\/\" \/>\n<meta property=\"og:site_name\" content=\"MasterChem\" \/>\n<meta property=\"article:modified_time\" content=\"2023-05-23T07:20:32+00:00\" \/>\n<meta property=\"og:image\" content=\"https:\/\/masterchem.es\/wp-content\/uploads\/2023\/05\/Anhidrato-de-fosfato-de-sodio-CAS-7558-80-7-25kg-MasterChem.jpg\" \/>\n\t<meta property=\"og:image:width\" content=\"1000\" \/>\n\t<meta property=\"og:image:height\" content=\"1000\" \/>\n\t<meta property=\"og:image:type\" content=\"image\/jpeg\" \/>\n<meta name=\"twitter:card\" content=\"summary_large_image\" \/>\n<script type=\"application\/ld+json\" class=\"yoast-schema-graph\">{\"@context\":\"https:\\\/\\\/schema.org\",\"@graph\":[{\"@type\":\"WebPage\",\"@id\":\"https:\\\/\\\/masterchem.es\\\/de\\\/produkt\\\/natriumphosphat-anhydrat-cas-7558-80-7calciumphosphat-monohydrat-cas-7758-23-8-copia\\\/\",\"url\":\"https:\\\/\\\/masterchem.es\\\/de\\\/produkt\\\/natriumphosphat-anhydrat-cas-7558-80-7calciumphosphat-monohydrat-cas-7758-23-8-copia\\\/\",\"name\":\"Natriumphosphat-Anhydrat (CAS 7558-80-7) - MasterChem\",\"isPartOf\":{\"@id\":\"https:\\\/\\\/masterchem.es\\\/de\\\/#website\"},\"primaryImageOfPage\":{\"@id\":\"https:\\\/\\\/masterchem.es\\\/de\\\/produkt\\\/natriumphosphat-anhydrat-cas-7558-80-7calciumphosphat-monohydrat-cas-7758-23-8-copia\\\/#primaryimage\"},\"image\":{\"@id\":\"https:\\\/\\\/masterchem.es\\\/de\\\/produkt\\\/natriumphosphat-anhydrat-cas-7558-80-7calciumphosphat-monohydrat-cas-7758-23-8-copia\\\/#primaryimage\"},\"thumbnailUrl\":\"https:\\\/\\\/masterchem.es\\\/wp-content\\\/uploads\\\/2023\\\/05\\\/Anhidrato-de-fosfato-de-sodio-CAS-7558-80-7-25kg-MasterChem.jpg\",\"datePublished\":\"2023-05-23T07:10:02+00:00\",\"dateModified\":\"2023-05-23T07:20:32+00:00\",\"description\":\"Mononatriumphosphat (MSP), auch bekannt als monobasisches Natriumphosphat und Natriumdihydrogenphosphat, ist eine anorganische Verbindung von Natrium mit einem Dihydrogenphosphat (H2PO4\u2212)-Anion.\",\"breadcrumb\":{\"@id\":\"https:\\\/\\\/masterchem.es\\\/de\\\/produkt\\\/natriumphosphat-anhydrat-cas-7558-80-7calciumphosphat-monohydrat-cas-7758-23-8-copia\\\/#breadcrumb\"},\"inLanguage\":\"de-DE\",\"potentialAction\":[{\"@type\":\"ReadAction\",\"target\":[\"https:\\\/\\\/masterchem.es\\\/de\\\/produkt\\\/natriumphosphat-anhydrat-cas-7558-80-7calciumphosphat-monohydrat-cas-7758-23-8-copia\\\/\"]}]},{\"@type\":\"ImageObject\",\"inLanguage\":\"de-DE\",\"@id\":\"https:\\\/\\\/masterchem.es\\\/de\\\/produkt\\\/natriumphosphat-anhydrat-cas-7558-80-7calciumphosphat-monohydrat-cas-7758-23-8-copia\\\/#primaryimage\",\"url\":\"https:\\\/\\\/masterchem.es\\\/wp-content\\\/uploads\\\/2023\\\/05\\\/Anhidrato-de-fosfato-de-sodio-CAS-7558-80-7-25kg-MasterChem.jpg\",\"contentUrl\":\"https:\\\/\\\/masterchem.es\\\/wp-content\\\/uploads\\\/2023\\\/05\\\/Anhidrato-de-fosfato-de-sodio-CAS-7558-80-7-25kg-MasterChem.jpg\",\"width\":1000,\"height\":1000},{\"@type\":\"BreadcrumbList\",\"@id\":\"https:\\\/\\\/masterchem.es\\\/de\\\/produkt\\\/natriumphosphat-anhydrat-cas-7558-80-7calciumphosphat-monohydrat-cas-7758-23-8-copia\\\/#breadcrumb\",\"itemListElement\":[{\"@type\":\"ListItem\",\"position\":1,\"name\":\"Home\",\"item\":\"https:\\\/\\\/masterchem.es\\\/de\\\/\"},{\"@type\":\"ListItem\",\"position\":2,\"name\":\"Tienda\",\"item\":\"https:\\\/\\\/masterchem.es\\\/tienda\\\/\"},{\"@type\":\"ListItem\",\"position\":3,\"name\":\"Natriumphosphat-Anhydrat (CAS 7558-80-7)\"}]},{\"@type\":\"WebSite\",\"@id\":\"https:\\\/\\\/masterchem.es\\\/de\\\/#website\",\"url\":\"https:\\\/\\\/masterchem.es\\\/de\\\/\",\"name\":\"MasterChem\",\"description\":\"proveedor de productos qu&iacute;micos\",\"potentialAction\":[{\"@type\":\"SearchAction\",\"target\":{\"@type\":\"EntryPoint\",\"urlTemplate\":\"https:\\\/\\\/masterchem.es\\\/de\\\/?s={search_term_string}\"},\"query-input\":{\"@type\":\"PropertyValueSpecification\",\"valueRequired\":true,\"valueName\":\"search_term_string\"}}],\"inLanguage\":\"de-DE\"}]}<\/script>\n<!-- \/ Yoast SEO plugin. -->","yoast_head_json":{"title":"Natriumphosphat-Anhydrat (CAS 7558-80-7) - MasterChem","description":"Mononatriumphosphat (MSP), auch bekannt als monobasisches Natriumphosphat und Natriumdihydrogenphosphat, ist eine anorganische Verbindung von Natrium mit einem Dihydrogenphosphat (H2PO4\u2212)-Anion.","robots":{"index":"index","follow":"follow","max-snippet":"max-snippet:-1","max-image-preview":"max-image-preview:large","max-video-preview":"max-video-preview:-1"},"canonical":"https:\/\/masterchem.es\/de\/produkt\/natriumphosphat-anhydrat-cas-7558-80-7calciumphosphat-monohydrat-cas-7758-23-8-copia\/","og_locale":"de_DE","og_type":"article","og_title":"Natriumphosphat-Anhydrat (CAS 7558-80-7) - MasterChem","og_description":"Mononatriumphosphat (MSP), auch bekannt als monobasisches Natriumphosphat und Natriumdihydrogenphosphat, ist eine anorganische Verbindung von Natrium mit einem Dihydrogenphosphat (H2PO4\u2212)-Anion.","og_url":"https:\/\/masterchem.es\/de\/produkt\/natriumphosphat-anhydrat-cas-7558-80-7calciumphosphat-monohydrat-cas-7758-23-8-copia\/","og_site_name":"MasterChem","article_modified_time":"2023-05-23T07:20:32+00:00","og_image":[{"width":1000,"height":1000,"url":"https:\/\/masterchem.es\/wp-content\/uploads\/2023\/05\/Anhidrato-de-fosfato-de-sodio-CAS-7558-80-7-25kg-MasterChem.jpg","type":"image\/jpeg"}],"twitter_card":"summary_large_image","schema":{"@context":"https:\/\/schema.org","@graph":[{"@type":"WebPage","@id":"https:\/\/masterchem.es\/de\/produkt\/natriumphosphat-anhydrat-cas-7558-80-7calciumphosphat-monohydrat-cas-7758-23-8-copia\/","url":"https:\/\/masterchem.es\/de\/produkt\/natriumphosphat-anhydrat-cas-7558-80-7calciumphosphat-monohydrat-cas-7758-23-8-copia\/","name":"Natriumphosphat-Anhydrat (CAS 7558-80-7) - MasterChem","isPartOf":{"@id":"https:\/\/masterchem.es\/de\/#website"},"primaryImageOfPage":{"@id":"https:\/\/masterchem.es\/de\/produkt\/natriumphosphat-anhydrat-cas-7558-80-7calciumphosphat-monohydrat-cas-7758-23-8-copia\/#primaryimage"},"image":{"@id":"https:\/\/masterchem.es\/de\/produkt\/natriumphosphat-anhydrat-cas-7558-80-7calciumphosphat-monohydrat-cas-7758-23-8-copia\/#primaryimage"},"thumbnailUrl":"https:\/\/masterchem.es\/wp-content\/uploads\/2023\/05\/Anhidrato-de-fosfato-de-sodio-CAS-7558-80-7-25kg-MasterChem.jpg","datePublished":"2023-05-23T07:10:02+00:00","dateModified":"2023-05-23T07:20:32+00:00","description":"Mononatriumphosphat (MSP), auch bekannt als monobasisches Natriumphosphat und Natriumdihydrogenphosphat, ist eine anorganische Verbindung von Natrium mit einem Dihydrogenphosphat (H2PO4\u2212)-Anion.","breadcrumb":{"@id":"https:\/\/masterchem.es\/de\/produkt\/natriumphosphat-anhydrat-cas-7558-80-7calciumphosphat-monohydrat-cas-7758-23-8-copia\/#breadcrumb"},"inLanguage":"de-DE","potentialAction":[{"@type":"ReadAction","target":["https:\/\/masterchem.es\/de\/produkt\/natriumphosphat-anhydrat-cas-7558-80-7calciumphosphat-monohydrat-cas-7758-23-8-copia\/"]}]},{"@type":"ImageObject","inLanguage":"de-DE","@id":"https:\/\/masterchem.es\/de\/produkt\/natriumphosphat-anhydrat-cas-7558-80-7calciumphosphat-monohydrat-cas-7758-23-8-copia\/#primaryimage","url":"https:\/\/masterchem.es\/wp-content\/uploads\/2023\/05\/Anhidrato-de-fosfato-de-sodio-CAS-7558-80-7-25kg-MasterChem.jpg","contentUrl":"https:\/\/masterchem.es\/wp-content\/uploads\/2023\/05\/Anhidrato-de-fosfato-de-sodio-CAS-7558-80-7-25kg-MasterChem.jpg","width":1000,"height":1000},{"@type":"BreadcrumbList","@id":"https:\/\/masterchem.es\/de\/produkt\/natriumphosphat-anhydrat-cas-7558-80-7calciumphosphat-monohydrat-cas-7758-23-8-copia\/#breadcrumb","itemListElement":[{"@type":"ListItem","position":1,"name":"Home","item":"https:\/\/masterchem.es\/de\/"},{"@type":"ListItem","position":2,"name":"Tienda","item":"https:\/\/masterchem.es\/tienda\/"},{"@type":"ListItem","position":3,"name":"Natriumphosphat-Anhydrat (CAS 7558-80-7)"}]},{"@type":"WebSite","@id":"https:\/\/masterchem.es\/de\/#website","url":"https:\/\/masterchem.es\/de\/","name":"MasterChem","description":"proveedor de productos qu&iacute;micos","potentialAction":[{"@type":"SearchAction","target":{"@type":"EntryPoint","urlTemplate":"https:\/\/masterchem.es\/de\/?s={search_term_string}"},"query-input":{"@type":"PropertyValueSpecification","valueRequired":true,"valueName":"search_term_string"}}],"inLanguage":"de-DE"}]}},"_links":{"self":[{"href":"https:\/\/masterchem.es\/de\/wp-json\/wp\/v2\/product\/5889","targetHints":{"allow":["GET"]}}],"collection":[{"href":"https:\/\/masterchem.es\/de\/wp-json\/wp\/v2\/product"}],"about":[{"href":"https:\/\/masterchem.es\/de\/wp-json\/wp\/v2\/types\/product"}],"wp:featuredmedia":[{"embeddable":true,"href":"https:\/\/masterchem.es\/de\/wp-json\/wp\/v2\/media\/5894"}],"wp:attachment":[{"href":"https:\/\/masterchem.es\/de\/wp-json\/wp\/v2\/media?parent=5889"}],"wp:term":[{"taxonomy":"product_brand","embeddable":true,"href":"https:\/\/masterchem.es\/de\/wp-json\/wp\/v2\/product_brand?post=5889"},{"taxonomy":"product_cat","embeddable":true,"href":"https:\/\/masterchem.es\/de\/wp-json\/wp\/v2\/product_cat?post=5889"},{"taxonomy":"product_tag","embeddable":true,"href":"https:\/\/masterchem.es\/de\/wp-json\/wp\/v2\/product_tag?post=5889"}],"curies":[{"name":"wp","href":"https:\/\/api.w.org\/{rel}","templated":true}]}}