{"id":5921,"date":"2023-05-23T10:45:27","date_gmt":"2023-05-23T10:45:27","guid":{"rendered":"https:\/\/masterchem.es\/?post_type=product&#038;p=5921"},"modified":"2023-05-23T10:50:10","modified_gmt":"2023-05-23T10:50:10","slug":"trinatriumphosphat-dodecahydrat-cas-10101-89-0","status":"publish","type":"product","link":"https:\/\/masterchem.es\/de\/produkt\/trinatriumphosphat-dodecahydrat-cas-10101-89-0\/","title":{"rendered":"Trinatriumphosphat-Dodecahydrat (CAS 10101-89-0)"},"content":{"rendered":"<p><strong>Informationen<\/strong><\/p>\n<p>Branchen: Farben und Lacke, Haushaltschemikalien, D\u00fcngemittel, Klebstoffe, \u00d6le, Fette, Bauchemie<br \/>\nCAS-Nummer: 10101-89-0<br \/>\nWE-Nummer: 600-151-8<br \/>\nChemische Formel: Na3PO4\u00b712H2O<br \/>\nMolmasse: 380,18 g\/mol<br \/>\nZolltarifcode: 28352930<\/p>\n<p><strong>Andere physikalische Eigenschaften<\/strong><\/p>\n<p>pH-Wert: ~ 12 (10 g\/l H2O bei 20\u00b0C)<br \/>\nSchmelz-\/Gefrierpunkt: 450\u00b0C (1013 hPa)<br \/>\nRelative Dichte: 1,62 g\/cm3 (20\u00b0C)<\/p>\n","protected":false},"excerpt":{"rendered":"<p><strong>Trinatriumphosphat-Dodecahydrat (CAS 10101-89-0)<\/strong><\/p>\n<p>Tribasisches Natriumphosphatdodecahydrat wird auch als Trinatriumphosphat oder TSP bezeichnet. Es ist gut wasserl\u00f6slich und wird h\u00e4ufig als Reinigungsmittel verwendet. Der pH-Wert einer 1 %igen L\u00f6sung liegt typischerweise bei etwa 12, wodurch dieses Reagenz ausreichend alkalisch f\u00fcr die Verseifung von Fetten und \u00d6len ist. In Kombination mit Tensiden ist TSP ein hervorragendes Mittel zur Reinigung von W\u00e4schest\u00fccken bis hin zu Betoneinfahrten. Diese Vielseitigkeit und der niedrige Herstellungspreis machten TSP zur Grundlage f\u00fcr eine Vielzahl von Reinigungsprodukten, die Mitte des 20. Jahrhunderts verkauft wurden. Trinatriumphosphat wird zur Isolierung von Mykobakterien, einschlie\u00dflich der Kultivierung von Tuberkelbakterien, verwendet. Wird in bestimmten Anwendungen als Proteinf\u00e4llungsmittel sowie bei der Kopr\u00e4zipitation und Fraktionierung von Nukleotiden verwendet. Kann zur Konservierung biologisch aktiver Bodenproben verwendet werden. Aufgrund des alkalischen pH-Werts st\u00f6rt TSP das Zytoplasma und die \u00e4u\u00dferen Membranen von Salmonella enterica-Zellen und ist daher hilfreich bei der Verhinderung der Ausbreitung von Bakterien. Es wird bei der fotografischen Entwicklung, der Zuckerkl\u00e4rung, der Kesselsteinentfernung, der Wasserenth\u00e4rtung und der Papierherstellung verwendet. Sie werden vielen Lebensmitteln als Emulgator zugesetzt, um die \u00d6labscheidung zu verhindern. Es kann als Treibmittel verwendet werden. Zu diesen Lebensmitteln z\u00e4hlen beispielsweise der Teig\u00fcberzug auf paniertem Fisch oder H\u00fchnchen sowie kommerziell gebackene Kuchen. Durch die Zugabe dieses Artikels zu Lebensmitteln wird die Haltbarkeitsdauer des Lebensmittels verl\u00e4ngert, wobei die Textur und das optische Erscheinungsbild des Lebensmittels erhalten bleiben.<\/p>\n","protected":false},"featured_media":5926,"template":"","meta":[],"product_brand":[],"product_cat":[84,132,86],"product_tag":[],"class_list":{"0":"post-5921","1":"product","2":"type-product","3":"status-publish","4":"has-post-thumbnail","6":"product_cat-bausektor","7":"product_cat-dungemittel","8":"product_cat-nicht-kategorisiert","10":"first","11":"instock","12":"taxable","13":"shipping-taxable","14":"purchasable","15":"product-type-variable","16":"has-default-attributes"},"yoast_head":"<!-- This site is optimized with the Yoast SEO plugin v27.5 - https:\/\/yoast.com\/product\/yoast-seo-wordpress\/ -->\n<title>Trinatriumphosphat-Dodecahydrat (CAS 10101-89-0) - MasterChem<\/title>\n<meta name=\"description\" content=\"Tribasisches Natriumphosphatdodecahydrat wird auch als Trinatriumphosphat oder TSP bezeichnet. Es ist gut wasserl\u00f6slich und wird h\u00e4ufig als Reinigungsmittel verwendet.\" \/>\n<meta name=\"robots\" content=\"index, follow, max-snippet:-1, max-image-preview:large, max-video-preview:-1\" \/>\n<link rel=\"canonical\" href=\"https:\/\/masterchem.es\/de\/produkt\/trinatriumphosphat-dodecahydrat-cas-10101-89-0\/\" \/>\n<meta property=\"og:locale\" content=\"de_DE\" \/>\n<meta property=\"og:type\" content=\"article\" \/>\n<meta property=\"og:title\" content=\"Trinatriumphosphat-Dodecahydrat (CAS 10101-89-0) - MasterChem\" \/>\n<meta property=\"og:description\" content=\"Tribasisches Natriumphosphatdodecahydrat wird auch als Trinatriumphosphat oder TSP bezeichnet. Es ist gut wasserl\u00f6slich und wird h\u00e4ufig als Reinigungsmittel verwendet.\" \/>\n<meta property=\"og:url\" content=\"https:\/\/masterchem.es\/de\/produkt\/trinatriumphosphat-dodecahydrat-cas-10101-89-0\/\" \/>\n<meta property=\"og:site_name\" content=\"MasterChem\" \/>\n<meta property=\"article:modified_time\" content=\"2023-05-23T10:50:10+00:00\" \/>\n<meta property=\"og:image\" content=\"https:\/\/masterchem.es\/wp-content\/uploads\/2023\/05\/Fosfato-trisodico-dodecahidrato-CAS-10101-89-0-25kg-MasterChem.jpg\" \/>\n\t<meta property=\"og:image:width\" content=\"1000\" \/>\n\t<meta property=\"og:image:height\" content=\"1000\" \/>\n\t<meta property=\"og:image:type\" content=\"image\/jpeg\" \/>\n<meta name=\"twitter:card\" content=\"summary_large_image\" \/>\n<script type=\"application\/ld+json\" class=\"yoast-schema-graph\">{\"@context\":\"https:\\\/\\\/schema.org\",\"@graph\":[{\"@type\":\"WebPage\",\"@id\":\"https:\\\/\\\/masterchem.es\\\/de\\\/produkt\\\/trinatriumphosphat-dodecahydrat-cas-10101-89-0\\\/\",\"url\":\"https:\\\/\\\/masterchem.es\\\/de\\\/produkt\\\/trinatriumphosphat-dodecahydrat-cas-10101-89-0\\\/\",\"name\":\"Trinatriumphosphat-Dodecahydrat (CAS 10101-89-0) - MasterChem\",\"isPartOf\":{\"@id\":\"https:\\\/\\\/masterchem.es\\\/de\\\/#website\"},\"primaryImageOfPage\":{\"@id\":\"https:\\\/\\\/masterchem.es\\\/de\\\/produkt\\\/trinatriumphosphat-dodecahydrat-cas-10101-89-0\\\/#primaryimage\"},\"image\":{\"@id\":\"https:\\\/\\\/masterchem.es\\\/de\\\/produkt\\\/trinatriumphosphat-dodecahydrat-cas-10101-89-0\\\/#primaryimage\"},\"thumbnailUrl\":\"https:\\\/\\\/masterchem.es\\\/wp-content\\\/uploads\\\/2023\\\/05\\\/Fosfato-trisodico-dodecahidrato-CAS-10101-89-0-25kg-MasterChem.jpg\",\"datePublished\":\"2023-05-23T10:45:27+00:00\",\"dateModified\":\"2023-05-23T10:50:10+00:00\",\"description\":\"Tribasisches Natriumphosphatdodecahydrat wird auch als Trinatriumphosphat oder TSP bezeichnet. Es ist gut wasserl\u00f6slich und wird h\u00e4ufig als Reinigungsmittel verwendet.\",\"breadcrumb\":{\"@id\":\"https:\\\/\\\/masterchem.es\\\/de\\\/produkt\\\/trinatriumphosphat-dodecahydrat-cas-10101-89-0\\\/#breadcrumb\"},\"inLanguage\":\"de-DE\",\"potentialAction\":[{\"@type\":\"ReadAction\",\"target\":[\"https:\\\/\\\/masterchem.es\\\/de\\\/produkt\\\/trinatriumphosphat-dodecahydrat-cas-10101-89-0\\\/\"]}]},{\"@type\":\"ImageObject\",\"inLanguage\":\"de-DE\",\"@id\":\"https:\\\/\\\/masterchem.es\\\/de\\\/produkt\\\/trinatriumphosphat-dodecahydrat-cas-10101-89-0\\\/#primaryimage\",\"url\":\"https:\\\/\\\/masterchem.es\\\/wp-content\\\/uploads\\\/2023\\\/05\\\/Fosfato-trisodico-dodecahidrato-CAS-10101-89-0-25kg-MasterChem.jpg\",\"contentUrl\":\"https:\\\/\\\/masterchem.es\\\/wp-content\\\/uploads\\\/2023\\\/05\\\/Fosfato-trisodico-dodecahidrato-CAS-10101-89-0-25kg-MasterChem.jpg\",\"width\":1000,\"height\":1000},{\"@type\":\"BreadcrumbList\",\"@id\":\"https:\\\/\\\/masterchem.es\\\/de\\\/produkt\\\/trinatriumphosphat-dodecahydrat-cas-10101-89-0\\\/#breadcrumb\",\"itemListElement\":[{\"@type\":\"ListItem\",\"position\":1,\"name\":\"Home\",\"item\":\"https:\\\/\\\/masterchem.es\\\/de\\\/\"},{\"@type\":\"ListItem\",\"position\":2,\"name\":\"Tienda\",\"item\":\"https:\\\/\\\/masterchem.es\\\/tienda\\\/\"},{\"@type\":\"ListItem\",\"position\":3,\"name\":\"Trinatriumphosphat-Dodecahydrat (CAS 10101-89-0)\"}]},{\"@type\":\"WebSite\",\"@id\":\"https:\\\/\\\/masterchem.es\\\/de\\\/#website\",\"url\":\"https:\\\/\\\/masterchem.es\\\/de\\\/\",\"name\":\"MasterChem\",\"description\":\"proveedor de productos qu&iacute;micos\",\"potentialAction\":[{\"@type\":\"SearchAction\",\"target\":{\"@type\":\"EntryPoint\",\"urlTemplate\":\"https:\\\/\\\/masterchem.es\\\/de\\\/?s={search_term_string}\"},\"query-input\":{\"@type\":\"PropertyValueSpecification\",\"valueRequired\":true,\"valueName\":\"search_term_string\"}}],\"inLanguage\":\"de-DE\"}]}<\/script>\n<!-- \/ Yoast SEO plugin. -->","yoast_head_json":{"title":"Trinatriumphosphat-Dodecahydrat (CAS 10101-89-0) - MasterChem","description":"Tribasisches Natriumphosphatdodecahydrat wird auch als Trinatriumphosphat oder TSP bezeichnet. Es ist gut wasserl\u00f6slich und wird h\u00e4ufig als Reinigungsmittel verwendet.","robots":{"index":"index","follow":"follow","max-snippet":"max-snippet:-1","max-image-preview":"max-image-preview:large","max-video-preview":"max-video-preview:-1"},"canonical":"https:\/\/masterchem.es\/de\/produkt\/trinatriumphosphat-dodecahydrat-cas-10101-89-0\/","og_locale":"de_DE","og_type":"article","og_title":"Trinatriumphosphat-Dodecahydrat (CAS 10101-89-0) - MasterChem","og_description":"Tribasisches Natriumphosphatdodecahydrat wird auch als Trinatriumphosphat oder TSP bezeichnet. Es ist gut wasserl\u00f6slich und wird h\u00e4ufig als Reinigungsmittel verwendet.","og_url":"https:\/\/masterchem.es\/de\/produkt\/trinatriumphosphat-dodecahydrat-cas-10101-89-0\/","og_site_name":"MasterChem","article_modified_time":"2023-05-23T10:50:10+00:00","og_image":[{"width":1000,"height":1000,"url":"https:\/\/masterchem.es\/wp-content\/uploads\/2023\/05\/Fosfato-trisodico-dodecahidrato-CAS-10101-89-0-25kg-MasterChem.jpg","type":"image\/jpeg"}],"twitter_card":"summary_large_image","schema":{"@context":"https:\/\/schema.org","@graph":[{"@type":"WebPage","@id":"https:\/\/masterchem.es\/de\/produkt\/trinatriumphosphat-dodecahydrat-cas-10101-89-0\/","url":"https:\/\/masterchem.es\/de\/produkt\/trinatriumphosphat-dodecahydrat-cas-10101-89-0\/","name":"Trinatriumphosphat-Dodecahydrat (CAS 10101-89-0) - MasterChem","isPartOf":{"@id":"https:\/\/masterchem.es\/de\/#website"},"primaryImageOfPage":{"@id":"https:\/\/masterchem.es\/de\/produkt\/trinatriumphosphat-dodecahydrat-cas-10101-89-0\/#primaryimage"},"image":{"@id":"https:\/\/masterchem.es\/de\/produkt\/trinatriumphosphat-dodecahydrat-cas-10101-89-0\/#primaryimage"},"thumbnailUrl":"https:\/\/masterchem.es\/wp-content\/uploads\/2023\/05\/Fosfato-trisodico-dodecahidrato-CAS-10101-89-0-25kg-MasterChem.jpg","datePublished":"2023-05-23T10:45:27+00:00","dateModified":"2023-05-23T10:50:10+00:00","description":"Tribasisches Natriumphosphatdodecahydrat wird auch als Trinatriumphosphat oder TSP bezeichnet. Es ist gut wasserl\u00f6slich und wird h\u00e4ufig als Reinigungsmittel verwendet.","breadcrumb":{"@id":"https:\/\/masterchem.es\/de\/produkt\/trinatriumphosphat-dodecahydrat-cas-10101-89-0\/#breadcrumb"},"inLanguage":"de-DE","potentialAction":[{"@type":"ReadAction","target":["https:\/\/masterchem.es\/de\/produkt\/trinatriumphosphat-dodecahydrat-cas-10101-89-0\/"]}]},{"@type":"ImageObject","inLanguage":"de-DE","@id":"https:\/\/masterchem.es\/de\/produkt\/trinatriumphosphat-dodecahydrat-cas-10101-89-0\/#primaryimage","url":"https:\/\/masterchem.es\/wp-content\/uploads\/2023\/05\/Fosfato-trisodico-dodecahidrato-CAS-10101-89-0-25kg-MasterChem.jpg","contentUrl":"https:\/\/masterchem.es\/wp-content\/uploads\/2023\/05\/Fosfato-trisodico-dodecahidrato-CAS-10101-89-0-25kg-MasterChem.jpg","width":1000,"height":1000},{"@type":"BreadcrumbList","@id":"https:\/\/masterchem.es\/de\/produkt\/trinatriumphosphat-dodecahydrat-cas-10101-89-0\/#breadcrumb","itemListElement":[{"@type":"ListItem","position":1,"name":"Home","item":"https:\/\/masterchem.es\/de\/"},{"@type":"ListItem","position":2,"name":"Tienda","item":"https:\/\/masterchem.es\/tienda\/"},{"@type":"ListItem","position":3,"name":"Trinatriumphosphat-Dodecahydrat (CAS 10101-89-0)"}]},{"@type":"WebSite","@id":"https:\/\/masterchem.es\/de\/#website","url":"https:\/\/masterchem.es\/de\/","name":"MasterChem","description":"proveedor de productos qu&iacute;micos","potentialAction":[{"@type":"SearchAction","target":{"@type":"EntryPoint","urlTemplate":"https:\/\/masterchem.es\/de\/?s={search_term_string}"},"query-input":{"@type":"PropertyValueSpecification","valueRequired":true,"valueName":"search_term_string"}}],"inLanguage":"de-DE"}]}},"_links":{"self":[{"href":"https:\/\/masterchem.es\/de\/wp-json\/wp\/v2\/product\/5921","targetHints":{"allow":["GET"]}}],"collection":[{"href":"https:\/\/masterchem.es\/de\/wp-json\/wp\/v2\/product"}],"about":[{"href":"https:\/\/masterchem.es\/de\/wp-json\/wp\/v2\/types\/product"}],"wp:featuredmedia":[{"embeddable":true,"href":"https:\/\/masterchem.es\/de\/wp-json\/wp\/v2\/media\/5926"}],"wp:attachment":[{"href":"https:\/\/masterchem.es\/de\/wp-json\/wp\/v2\/media?parent=5921"}],"wp:term":[{"taxonomy":"product_brand","embeddable":true,"href":"https:\/\/masterchem.es\/de\/wp-json\/wp\/v2\/product_brand?post=5921"},{"taxonomy":"product_cat","embeddable":true,"href":"https:\/\/masterchem.es\/de\/wp-json\/wp\/v2\/product_cat?post=5921"},{"taxonomy":"product_tag","embeddable":true,"href":"https:\/\/masterchem.es\/de\/wp-json\/wp\/v2\/product_tag?post=5921"}],"curies":[{"name":"wp","href":"https:\/\/api.w.org\/{rel}","templated":true}]}}