{"id":5996,"date":"2024-02-20T07:30:47","date_gmt":"2024-02-20T07:30:47","guid":{"rendered":"https:\/\/masterchem.es\/product\/coolant-master-eco-30pro-waermeuebertragungsfluessigkeit\/"},"modified":"2024-02-20T07:30:47","modified_gmt":"2024-02-20T07:30:47","slug":"coolant-master-eco-30pro-waermeuebertragungsfluessigkeit","status":"publish","type":"product","link":"https:\/\/masterchem.es\/de\/produkt\/coolant-master-eco-30pro-waermeuebertragungsfluessigkeit\/","title":{"rendered":"Coolant Master ECO-30PRO\u2122 W\u00e4rme\u00fcbertragungsfl\u00fcssigkeit"},"content":{"rendered":"<p><strong>Produkteigenschaften:<\/strong><br \/>\nProdukttyp: Gebrauchsfertig<br \/>\nGefrierpunkt: -30\u00b0C<br \/>\nHauptbestandteil: Propylenglykol, mindestens 45 Gew.-%<br \/>\nInhibitor: Ja, ASTM D3306-Standard<br \/>\nSiedepunkt: (\u00b0C): 105\u00b0C<br \/>\nDichte bei 20 \u00b0C: 1,042 g\/cm3<br \/>\nEmpfohlene Lagertemperatur: Minimum: 0 C, Maximum: 30 C<br \/>\nHerkunftsland: Estland<br \/>\nLebensdauer: mindestens 7 Jahre und abh\u00e4ngig von den Betriebsvorschriften<br \/>\nHaltbarkeit: 36 Monate.<br \/>\nVerpackung: 5 Liter, 25 Liter, 200 Liter, 1000 Liter<br \/>\nArtikel: ECO-30PRO57-55-6<br \/>\nEAN \t4742668000065 5-Liter-Kunststoffdose<br \/>\n\t4742668000379 20-Liter-Kunststoffdose<br \/>\n\t4742668000423 Kunststofffass mit 200 Litern<br \/>\n\t4742668000478 1000-Liter-IBC-Container<\/p>\n<p><strong>Beschreibung:<\/strong><br \/>\nMaster ECO\u2122 K\u00fchlmittel zum Heizen und W\u00e4rmeaustausch auf Basis von Propylenglykol zeichnen sich durch folgende positive Eigenschaften aus:<br \/>\n\u25cf\tsind umweltfreundlich und ungiftig;<br \/>\n\u25cf\tDie Markenzeichen von Master ECO\u2122 halten hohen Temperaturen stand;<br \/>\n\u25cf\tsch\u00fctzen Sie die Heizungsanlage im Winter bei niedrigen Umgebungstemperaturen zuverl\u00e4ssig vor dem Einfrieren;<br \/>\n\u25cf\thaben schmierende und bakterizide Eigenschaften;<br \/>\n\u25cf\thaben gute thermophysikalische Eigenschaften, wodurch der Raum gleichm\u00e4\u00dfig erw\u00e4rmt wird;<br \/>\n\u25cf\tfeuer- und explosionsgesch\u00fctzt;<br \/>\n\u25cf\tkeine Skala bilden.<br \/>\n\u25cf\tEs werden Neonfarbstoffe verwendet, die bei einem Leck im System helfen, das Leck leichter zu erkennen (die Notwendigkeit eines solchen Zusatzes wird bei der Bestellung angegeben)<\/p>\n<p><strong>Benutzerhandbuch:<\/strong><br \/>\nVor der Verwendung von Master ECO\u2122 K\u00fchlmitteln muss das Heizsystem vollst\u00e4ndig von Abfallfl\u00fcssigkeit gereinigt werden. Au\u00dferdem sollten Sie alte Ablagerungen und Zunder aus dem Kreislauf entfernen, Korrosionsspuren beseitigen und darauf achten, dass keine zinkhaltigen Teile vorhanden sind.<\/p>\n<p>Die Bef\u00fcllung des Heizsystems erfolgt durch Schwerkraft, entweder manuell oder unter Druck. Die manuelle Bef\u00fcllung gilt f\u00fcr offene Kreisl\u00e4ufe. Mithilfe von Pumpen wird K\u00fchlmittel unter Druck in geschlossene Heizsysteme gepumpt.<\/p>\n<p>Es ist wichtig, auf eine gute Abdichtung zu achten, da w\u00e4ssrige Propylenglykoll\u00f6sungen mit hoher Benetzungswirkung dort auslaufen k\u00f6nnen, wo kein Wasser flie\u00dft. Bei einer Undichtigkeit sinkt die Effizienz der gesamten Heizungsanlage. Wenn sie erkannt werden, ist es notwendig, den Betrieb des gesamten Systems anzuhalten und die St\u00f6rung zu beheben.<br \/>\nVorgehensweise bei Notabschaltung der Heizungsanlage.<br \/>\nL\u00f6sungen von Propylen und Wasser weisen bei Temperaturen von Null und darunter eine hohe Viskosit\u00e4t auf. Wenn das System abgek\u00fchlt ist, wird daher empfohlen, zuerst die Heizelemente selbst einzuschalten und dann mit der Zirkulation zu beginnen. Dadurch wird die Belastung der Pumpen verringert.<\/p>\n<p>Die Lebensdauer der Master ECO\u2122 K\u00fchlmittel betr\u00e4gt mindestens 7 Jahre. Der Preis des K\u00fchlmittels h\u00e4ngt von der Konzentration der Hauptgrundkomponente ab. Bei der Bestellung und dem Kauf muss der Propylenglykolanteil in der K\u00fchlmittelmarke ber\u00fccksichtigt werden. Von diesem Indikator h\u00e4ngt der Temperaturbereich ab, in dem das Ganzjahresk\u00fchlmittel mit niedrigem Gefrierpunkt funktionsf\u00e4hig ist.<\/p>\n<p><strong>Master ECO-30PRO\u2122 Thermophysikalische Eigenschaften einer 45 %igen w\u00e4ssrigen L\u00f6sung von Propylenglykol, Kristallisationstemperatur minus &#8211; 30 <\/strong><\/p>\n<table border=\"1\" cellspacing=\"0\" cellpadding=\"0\" id=\"isPasted\">\n<tbody>\n<tr>\n<td>L\u00f6sungstemperatur, t\u00b0C<\/td>\n<td>Dichte, kg\/m**3<\/td>\n<td>W\u00e4rmekapazit\u00e4t, Durchschnitt, kJ\/(kg*K)<\/td>\n<td>W\u00e4rmeleitf\u00e4higkeit, W\/(m*K)<\/td>\n<td>Dynamische Viskosit\u00e4t, *10-3[N*s\/m**2]<\/td>\n<td>Kinematische Viskosit\u00e4t, *10-6[(m**2\/s]<\/td>\n<\/tr>\n<tr>\n<td>\n<p>\t\t\t\t\t\t\t\t-30&deg;C\n\t\t\t\t\t\t\t<\/td>\n<td>\n<p>\t\t\t\t\t\t\t\t1066\n\t\t\t\t\t\t\t<\/td>\n<td>\n<p>\t\t\t\t\t\t\t\t3.45\n\t\t\t\t\t\t\t<\/td>\n<td>\n<p>\t\t\t\t\t\t\t\t0.397\n\t\t\t\t\t\t\t<\/td>\n<td>\n<p>\t\t\t\t\t\t\t\t160.2\n\t\t\t\t\t\t\t<\/td>\n<td>\n<p>\t\t\t\t\t\t\t\t150\n\t\t\t\t\t\t\t<\/td>\n<\/tr>\n<tr>\n<td>\n<p>\t\t\t\t\t\t\t\t-20&deg;C\n\t\t\t\t\t\t\t<\/td>\n<td>\n<p>\t\t\t\t\t\t\t\t1062\n\t\t\t\t\t\t\t<\/td>\n<td>\n<p>\t\t\t\t\t\t\t\t3.49\n\t\t\t\t\t\t\t<\/td>\n<td>\n<p>\t\t\t\t\t\t\t\t0.396\n\t\t\t\t\t\t\t<\/td>\n<td>\n<p>\t\t\t\t\t\t\t\t74.3\n\t\t\t\t\t\t\t<\/td>\n<td>\n<p>\t\t\t\t\t\t\t\t70\n\t\t\t\t\t\t\t<\/td>\n<\/tr>\n<tr>\n<td>\n<p>\t\t\t\t\t\t\t\t-10&deg;C\n\t\t\t\t\t\t\t<\/td>\n<td>\n<p>\t\t\t\t\t\t\t\t1058\n\t\t\t\t\t\t\t<\/td>\n<td>\n<p>\t\t\t\t\t\t\t\t3.52\n\t\t\t\t\t\t\t<\/td>\n<td>\n<p>\t\t\t\t\t\t\t\t0.395\n\t\t\t\t\t\t\t<\/td>\n<td>\n<p>\t\t\t\t\t\t\t\t31.74\n\t\t\t\t\t\t\t<\/td>\n<td>\n<p>\t\t\t\t\t\t\t\t30\n\t\t\t\t\t\t\t<\/td>\n<\/tr>\n<tr>\n<td>\n<p>\t\t\t\t\t\t\t\t0&deg;C\n\t\t\t\t\t\t\t<\/td>\n<td>\n<p>\t\t\t\t\t\t\t\t1054\n\t\t\t\t\t\t\t<\/td>\n<td>\n<p>\t\t\t\t\t\t\t\t3.56\n\t\t\t\t\t\t\t<\/td>\n<td>\n<p>\t\t\t\t\t\t\t\t0.395\n\t\t\t\t\t\t\t<\/td>\n<td>\n<p>\t\t\t\t\t\t\t\t18.97\n\t\t\t\t\t\t\t<\/td>\n<td>\n<p>\t\t\t\t\t\t\t\t18\n\t\t\t\t\t\t\t<\/td>\n<\/tr>\n<tr>\n<td>\n<p>\t\t\t\t\t\t\t\t20&deg;C\n\t\t\t\t\t\t\t<\/td>\n<td>\n<p>\t\t\t\t\t\t\t\t1042\n\t\t\t\t\t\t\t<\/td>\n<td>\n<p>\t\t\t\t\t\t\t\t3.62\n\t\t\t\t\t\t\t<\/td>\n<td>\n<p>\t\t\t\t\t\t\t\t0.394\n\t\t\t\t\t\t\t<\/td>\n<td>\n<p>\t\t\t\t\t\t\t\t6,264\n\t\t\t\t\t\t\t<\/td>\n<td>\n<p>\t\t\t\t\t\t\t\t6\n\t\t\t\t\t\t\t<\/td>\n<\/tr>\n<tr>\n<td>\n<p>\t\t\t\t\t\t\t\t40&deg;C\n\t\t\t\t\t\t\t<\/td>\n<td>\n<p>\t\t\t\t\t\t\t\t1033\n\t\t\t\t\t\t\t<\/td>\n<td>\n<p>\t\t\t\t\t\t\t\t3.69\n\t\t\t\t\t\t\t<\/td>\n<td>\n<p>\t\t\t\t\t\t\t\t0.393\n\t\t\t\t\t\t\t<\/td>\n<td>\n<p>\t\t\t\t\t\t\t\t2,978\n\t\t\t\t\t\t\t<\/td>\n<td>\n<p>\t\t\t\t\t\t\t\t2.9\n\t\t\t\t\t\t\t<\/td>\n<\/tr>\n<tr>\n<td>\n<p>\t\t\t\t\t\t\t\t60&deg;C\n\t\t\t\t\t\t\t<\/td>\n<td>\n<p>\t\t\t\t\t\t\t\t1015\n\t\t\t\t\t\t\t<\/td>\n<td>\n<p>\t\t\t\t\t\t\t\t3.76\n\t\t\t\t\t\t\t<\/td>\n<td>\n<p>\t\t\t\t\t\t\t\t0.391\n\t\t\t\t\t\t\t<\/td>\n<td>\n<p>\t\t\t\t\t\t\t\t1.624\n\t\t\t\t\t\t\t<\/td>\n<td>\n<p>\t\t\t\t\t\t\t\t1.6\n\t\t\t\t\t\t\t<\/td>\n<\/tr>\n<tr>\n<td>\n<p>\t\t\t\t\t\t\t\t80&deg;C\n\t\t\t\t\t\t\t<\/td>\n<td>\n<p>\t\t\t\t\t\t\t\t999\n\t\t\t\t\t\t\t<\/td>\n<td>\n<p>\t\t\t\t\t\t\t\t3.82\n\t\t\t\t\t\t\t<\/td>\n<td>\n<p>\t\t\t\t\t\t\t\t0.391\n\t\t\t\t\t\t\t<\/td>\n<td>\n<p>\t\t\t\t\t\t\t\t1.10\n\t\t\t\t\t\t\t<\/td>\n<td>\n<p>\t\t\t\t\t\t\t\t1.1\n\t\t\t\t\t\t\t<\/td>\n<\/tr>\n<tr>\n<td>\n<p>\t\t\t\t\t\t\t\t100&deg;C\n\t\t\t\t\t\t\t<\/td>\n<td>\n<p>\t\t\t\t\t\t\t\t984\n\t\t\t\t\t\t\t<\/td>\n<td>\n<p>\t\t\t\t\t\t\t\t3.89\n\t\t\t\t\t\t\t<\/td>\n<td>\n<p>\t\t\t\t\t\t\t\t0.390\n\t\t\t\t\t\t\t<\/td>\n<td>\n<p>\t\t\t\t\t\t\t\t0.807\n\t\t\t\t\t\t\t<\/td>\n<td>\n<p>\t\t\t\t\t\t\t\t0.82\n\t\t\t\t\t\t\t<\/td>\n<\/tr>\n<\/tbody>\n<\/table>\n","protected":false},"excerpt":{"rendered":"<p>Hochwertiges K\u00fchlmittel auf Basis von Propylenglykol mit Zusatz innovativer, ersch\u00f6pfungsbest\u00e4ndiger Korrosionsinhibitoren.<br \/>\nMaster ECO-30PRO\u2122 ist ungiftig und absolut umweltfreundlich; Es kann in Heizsystemen sowohl f\u00fcr \u00f6ffentliche Geb\u00e4ude als auch f\u00fcr Wohngeb\u00e4ude eingesetzt werden. Geeignet f\u00fcr den Einsatz in der Lebensmittel- und Pharmaindustrie.<br \/>\nUnser Produkt ist nicht aggressiv gegen\u00fcber Kunststoff, Textilien, Gummi und anderen Materialien.<br \/>\nDie vorbereitete Propylenglykoll\u00f6sung ist v\u00f6llig feuerfest und ihre Verwendung schlie\u00dft die M\u00f6glichkeit einer Explosion aus.<\/p>\n<p><a target=\"_blank\" href=\"https:\/\/masterchem.ee\/wp-content\/uploads\/2024\/02\/Master-ECO-30PRO-technical-data-sheet-ENG-2024.pdf\" class=\"pdf\" alt=\"Coolant Master ECO-30PRO\u2122 TDS\" title=\"Coolant Master ECO-30PRO\u2122 TDS\" rel=\"noopener\">Coolant Master ECO-30PRO\u2122 TDS<\/a><\/p>\n","protected":false},"featured_media":6059,"template":"","meta":[],"product_brand":[],"product_cat":[84,104,101,92],"product_tag":[],"class_list":{"0":"post-5996","1":"product","2":"type-product","3":"status-publish","4":"has-post-thumbnail","6":"product_cat-bausektor","7":"product_cat-frostschutzmittel","8":"product_cat-kosmetikindustrie","9":"product_cat-kuhlmittel","11":"first","12":"instock","13":"taxable","14":"shipping-taxable","15":"purchasable","16":"product-type-variable","17":"has-default-attributes"},"yoast_head":"<!-- This site is optimized with the Yoast SEO plugin v27.4 - https:\/\/yoast.com\/product\/yoast-seo-wordpress\/ -->\n<title>Coolant Master ECO-30PRO\u2122 W\u00e4rme\u00fcbertragungsfl\u00fcssigkeit - MasterChem<\/title>\n<meta name=\"description\" content=\"Hochwertiges K\u00fchlmittel auf Basis von Propylenglykol mit Zusatz innovativer, ersch\u00f6pfungsbest\u00e4ndiger Korrosionsinhibitoren.\" \/>\n<meta name=\"robots\" content=\"index, follow, max-snippet:-1, max-image-preview:large, max-video-preview:-1\" \/>\n<link rel=\"canonical\" href=\"https:\/\/masterchem.es\/de\/produkt\/coolant-master-eco-30pro-waermeuebertragungsfluessigkeit\/\" \/>\n<meta property=\"og:locale\" content=\"de_DE\" \/>\n<meta property=\"og:type\" content=\"article\" \/>\n<meta property=\"og:title\" content=\"Coolant Master ECO-30PRO\u2122 W\u00e4rme\u00fcbertragungsfl\u00fcssigkeit - MasterChem\" \/>\n<meta property=\"og:description\" content=\"Hochwertiges K\u00fchlmittel auf Basis von Propylenglykol mit Zusatz innovativer, ersch\u00f6pfungsbest\u00e4ndiger Korrosionsinhibitoren.\" \/>\n<meta property=\"og:url\" content=\"https:\/\/masterchem.es\/de\/produkt\/coolant-master-eco-30pro-waermeuebertragungsfluessigkeit\/\" \/>\n<meta property=\"og:site_name\" content=\"MasterChem\" \/>\n<meta property=\"og:image\" content=\"https:\/\/masterchem.es\/wp-content\/uploads\/2024\/02\/MasterChem_Coolant_Master_ECO-30PRO_1000L.jpg\" \/>\n\t<meta property=\"og:image:width\" content=\"1000\" \/>\n\t<meta property=\"og:image:height\" content=\"1000\" \/>\n\t<meta property=\"og:image:type\" content=\"image\/jpeg\" \/>\n<meta name=\"twitter:card\" content=\"summary_large_image\" \/>\n<meta name=\"twitter:label1\" content=\"Gesch\u00e4tzte Lesezeit\" \/>\n\t<meta name=\"twitter:data1\" content=\"2 Minuten\" \/>\n<script type=\"application\/ld+json\" class=\"yoast-schema-graph\">{\"@context\":\"https:\\\/\\\/schema.org\",\"@graph\":[{\"@type\":\"WebPage\",\"@id\":\"https:\\\/\\\/masterchem.es\\\/de\\\/produkt\\\/coolant-master-eco-30pro-waermeuebertragungsfluessigkeit\\\/\",\"url\":\"https:\\\/\\\/masterchem.es\\\/de\\\/produkt\\\/coolant-master-eco-30pro-waermeuebertragungsfluessigkeit\\\/\",\"name\":\"Coolant Master ECO-30PRO\u2122 W\u00e4rme\u00fcbertragungsfl\u00fcssigkeit - MasterChem\",\"isPartOf\":{\"@id\":\"https:\\\/\\\/masterchem.es\\\/de\\\/#website\"},\"primaryImageOfPage\":{\"@id\":\"https:\\\/\\\/masterchem.es\\\/de\\\/produkt\\\/coolant-master-eco-30pro-waermeuebertragungsfluessigkeit\\\/#primaryimage\"},\"image\":{\"@id\":\"https:\\\/\\\/masterchem.es\\\/de\\\/produkt\\\/coolant-master-eco-30pro-waermeuebertragungsfluessigkeit\\\/#primaryimage\"},\"thumbnailUrl\":\"https:\\\/\\\/masterchem.es\\\/wp-content\\\/uploads\\\/2024\\\/02\\\/MasterChem_Coolant-Master-ECO-30PRO_1000L.jpg\",\"datePublished\":\"2024-02-20T07:30:47+00:00\",\"description\":\"Hochwertiges K\u00fchlmittel auf Basis von Propylenglykol mit Zusatz innovativer, ersch\u00f6pfungsbest\u00e4ndiger Korrosionsinhibitoren.\",\"breadcrumb\":{\"@id\":\"https:\\\/\\\/masterchem.es\\\/de\\\/produkt\\\/coolant-master-eco-30pro-waermeuebertragungsfluessigkeit\\\/#breadcrumb\"},\"inLanguage\":\"de-DE\",\"potentialAction\":[{\"@type\":\"ReadAction\",\"target\":[\"https:\\\/\\\/masterchem.es\\\/de\\\/produkt\\\/coolant-master-eco-30pro-waermeuebertragungsfluessigkeit\\\/\"]}]},{\"@type\":\"ImageObject\",\"inLanguage\":\"de-DE\",\"@id\":\"https:\\\/\\\/masterchem.es\\\/de\\\/produkt\\\/coolant-master-eco-30pro-waermeuebertragungsfluessigkeit\\\/#primaryimage\",\"url\":\"https:\\\/\\\/masterchem.es\\\/wp-content\\\/uploads\\\/2024\\\/02\\\/MasterChem_Coolant-Master-ECO-30PRO_1000L.jpg\",\"contentUrl\":\"https:\\\/\\\/masterchem.es\\\/wp-content\\\/uploads\\\/2024\\\/02\\\/MasterChem_Coolant-Master-ECO-30PRO_1000L.jpg\",\"width\":1941,\"height\":2019,\"caption\":\"L\u00edquido de transferencia de calor Coolant Master ECO-30PRO\u2122 1000L\"},{\"@type\":\"BreadcrumbList\",\"@id\":\"https:\\\/\\\/masterchem.es\\\/de\\\/produkt\\\/coolant-master-eco-30pro-waermeuebertragungsfluessigkeit\\\/#breadcrumb\",\"itemListElement\":[{\"@type\":\"ListItem\",\"position\":1,\"name\":\"Home\",\"item\":\"https:\\\/\\\/masterchem.es\\\/de\\\/\"},{\"@type\":\"ListItem\",\"position\":2,\"name\":\"Tienda\",\"item\":\"https:\\\/\\\/masterchem.es\\\/tienda\\\/\"},{\"@type\":\"ListItem\",\"position\":3,\"name\":\"Coolant Master ECO-30PRO\u2122 W\u00e4rme\u00fcbertragungsfl\u00fcssigkeit\"}]},{\"@type\":\"WebSite\",\"@id\":\"https:\\\/\\\/masterchem.es\\\/de\\\/#website\",\"url\":\"https:\\\/\\\/masterchem.es\\\/de\\\/\",\"name\":\"MasterChem\",\"description\":\"proveedor de productos qu&iacute;micos\",\"potentialAction\":[{\"@type\":\"SearchAction\",\"target\":{\"@type\":\"EntryPoint\",\"urlTemplate\":\"https:\\\/\\\/masterchem.es\\\/de\\\/?s={search_term_string}\"},\"query-input\":{\"@type\":\"PropertyValueSpecification\",\"valueRequired\":true,\"valueName\":\"search_term_string\"}}],\"inLanguage\":\"de-DE\"}]}<\/script>\n<!-- \/ Yoast SEO plugin. -->","yoast_head_json":{"title":"Coolant Master ECO-30PRO\u2122 W\u00e4rme\u00fcbertragungsfl\u00fcssigkeit - MasterChem","description":"Hochwertiges K\u00fchlmittel auf Basis von Propylenglykol mit Zusatz innovativer, ersch\u00f6pfungsbest\u00e4ndiger Korrosionsinhibitoren.","robots":{"index":"index","follow":"follow","max-snippet":"max-snippet:-1","max-image-preview":"max-image-preview:large","max-video-preview":"max-video-preview:-1"},"canonical":"https:\/\/masterchem.es\/de\/produkt\/coolant-master-eco-30pro-waermeuebertragungsfluessigkeit\/","og_locale":"de_DE","og_type":"article","og_title":"Coolant Master ECO-30PRO\u2122 W\u00e4rme\u00fcbertragungsfl\u00fcssigkeit - MasterChem","og_description":"Hochwertiges K\u00fchlmittel auf Basis von Propylenglykol mit Zusatz innovativer, ersch\u00f6pfungsbest\u00e4ndiger Korrosionsinhibitoren.","og_url":"https:\/\/masterchem.es\/de\/produkt\/coolant-master-eco-30pro-waermeuebertragungsfluessigkeit\/","og_site_name":"MasterChem","og_image":[{"width":1000,"height":1000,"url":"https:\/\/masterchem.es\/wp-content\/uploads\/2024\/02\/MasterChem_Coolant_Master_ECO-30PRO_1000L.jpg","type":"image\/jpeg"}],"twitter_card":"summary_large_image","twitter_misc":{"Gesch\u00e4tzte Lesezeit":"2 Minuten"},"schema":{"@context":"https:\/\/schema.org","@graph":[{"@type":"WebPage","@id":"https:\/\/masterchem.es\/de\/produkt\/coolant-master-eco-30pro-waermeuebertragungsfluessigkeit\/","url":"https:\/\/masterchem.es\/de\/produkt\/coolant-master-eco-30pro-waermeuebertragungsfluessigkeit\/","name":"Coolant Master ECO-30PRO\u2122 W\u00e4rme\u00fcbertragungsfl\u00fcssigkeit - MasterChem","isPartOf":{"@id":"https:\/\/masterchem.es\/de\/#website"},"primaryImageOfPage":{"@id":"https:\/\/masterchem.es\/de\/produkt\/coolant-master-eco-30pro-waermeuebertragungsfluessigkeit\/#primaryimage"},"image":{"@id":"https:\/\/masterchem.es\/de\/produkt\/coolant-master-eco-30pro-waermeuebertragungsfluessigkeit\/#primaryimage"},"thumbnailUrl":"https:\/\/masterchem.es\/wp-content\/uploads\/2024\/02\/MasterChem_Coolant-Master-ECO-30PRO_1000L.jpg","datePublished":"2024-02-20T07:30:47+00:00","description":"Hochwertiges K\u00fchlmittel auf Basis von Propylenglykol mit Zusatz innovativer, ersch\u00f6pfungsbest\u00e4ndiger Korrosionsinhibitoren.","breadcrumb":{"@id":"https:\/\/masterchem.es\/de\/produkt\/coolant-master-eco-30pro-waermeuebertragungsfluessigkeit\/#breadcrumb"},"inLanguage":"de-DE","potentialAction":[{"@type":"ReadAction","target":["https:\/\/masterchem.es\/de\/produkt\/coolant-master-eco-30pro-waermeuebertragungsfluessigkeit\/"]}]},{"@type":"ImageObject","inLanguage":"de-DE","@id":"https:\/\/masterchem.es\/de\/produkt\/coolant-master-eco-30pro-waermeuebertragungsfluessigkeit\/#primaryimage","url":"https:\/\/masterchem.es\/wp-content\/uploads\/2024\/02\/MasterChem_Coolant-Master-ECO-30PRO_1000L.jpg","contentUrl":"https:\/\/masterchem.es\/wp-content\/uploads\/2024\/02\/MasterChem_Coolant-Master-ECO-30PRO_1000L.jpg","width":1941,"height":2019,"caption":"L\u00edquido de transferencia de calor Coolant Master ECO-30PRO\u2122 1000L"},{"@type":"BreadcrumbList","@id":"https:\/\/masterchem.es\/de\/produkt\/coolant-master-eco-30pro-waermeuebertragungsfluessigkeit\/#breadcrumb","itemListElement":[{"@type":"ListItem","position":1,"name":"Home","item":"https:\/\/masterchem.es\/de\/"},{"@type":"ListItem","position":2,"name":"Tienda","item":"https:\/\/masterchem.es\/tienda\/"},{"@type":"ListItem","position":3,"name":"Coolant Master ECO-30PRO\u2122 W\u00e4rme\u00fcbertragungsfl\u00fcssigkeit"}]},{"@type":"WebSite","@id":"https:\/\/masterchem.es\/de\/#website","url":"https:\/\/masterchem.es\/de\/","name":"MasterChem","description":"proveedor de productos qu&iacute;micos","potentialAction":[{"@type":"SearchAction","target":{"@type":"EntryPoint","urlTemplate":"https:\/\/masterchem.es\/de\/?s={search_term_string}"},"query-input":{"@type":"PropertyValueSpecification","valueRequired":true,"valueName":"search_term_string"}}],"inLanguage":"de-DE"}]}},"_links":{"self":[{"href":"https:\/\/masterchem.es\/de\/wp-json\/wp\/v2\/product\/5996","targetHints":{"allow":["GET"]}}],"collection":[{"href":"https:\/\/masterchem.es\/de\/wp-json\/wp\/v2\/product"}],"about":[{"href":"https:\/\/masterchem.es\/de\/wp-json\/wp\/v2\/types\/product"}],"wp:featuredmedia":[{"embeddable":true,"href":"https:\/\/masterchem.es\/de\/wp-json\/wp\/v2\/media\/6059"}],"wp:attachment":[{"href":"https:\/\/masterchem.es\/de\/wp-json\/wp\/v2\/media?parent=5996"}],"wp:term":[{"taxonomy":"product_brand","embeddable":true,"href":"https:\/\/masterchem.es\/de\/wp-json\/wp\/v2\/product_brand?post=5996"},{"taxonomy":"product_cat","embeddable":true,"href":"https:\/\/masterchem.es\/de\/wp-json\/wp\/v2\/product_cat?post=5996"},{"taxonomy":"product_tag","embeddable":true,"href":"https:\/\/masterchem.es\/de\/wp-json\/wp\/v2\/product_tag?post=5996"}],"curies":[{"name":"wp","href":"https:\/\/api.w.org\/{rel}","templated":true}]}}