{"id":6102,"date":"2024-03-07T07:04:30","date_gmt":"2024-03-07T07:04:30","guid":{"rendered":"https:\/\/masterchem.es\/?post_type=product&#038;p=6102"},"modified":"2024-03-07T07:14:28","modified_gmt":"2024-03-07T07:14:28","slug":"triethylenglykol-cas-112-27-6-copy","status":"publish","type":"product","link":"https:\/\/masterchem.es\/de\/produkt\/triethylenglykol-cas-112-27-6-copy\/","title":{"rendered":"Isophorondiamin (2855-13-2)"},"content":{"rendered":"<p>Wie andere Diamine oder Amine im Allgemeinen ist es ein H\u00e4rter f\u00fcr Epoxidharze. Beim Einsatz in Beschichtungsanwendungen sind die h\u00f6heren Kosten im Vergleich zu anderen Aminen durch die verbesserte UV-Stabilit\u00e4t und die damit geringere Vergilbungsneigung gerechtfertigt. Bei der Herstellung fortschrittlicher Verbundwerkstoffe (Technik) sind die h\u00f6heren Kosten im Vergleich zu anderen Aminen weniger kritisch, da die Leistung das Schl\u00fcsselkriterium ist. Cycloaliphatische Amine wie IPDA haben bekannterma\u00dfen auch eine geringere Vergilbungstendenz als andere Amine und werden daher in Beschichtungsanwendungen verwendet, bei denen diese Eigenschaft f\u00fcr die \u00c4sthetik wichtig ist. Obwohl es nicht das einzige cycloaliphatische Amin ist, das in Epoxid-Bodenbel\u00e4gen verwendet wird, hat es mengenm\u00e4\u00dfig den gr\u00f6\u00dften Einsatz. Weitere in Bodenbel\u00e4gen verwendete cycloaliphatische Amine sind 1,3-BAC, MXDA, PACM und DCH-99.<\/p>\n","protected":false},"excerpt":{"rendered":"<p>Isophorondiamin (normalerweise abgek\u00fcrzt als IPDA) ist eine chemische Verbindung und insbesondere ein Diamin mit der Formel (CH3)3C6H7(NH2)(CH2NH2). Es ist eine farblose Fl\u00fcssigkeit. Es ist ein Vorl\u00e4ufer f\u00fcr Polymere und Beschichtungen.<\/p>\n","protected":false},"featured_media":6129,"template":"","meta":[],"product_brand":[],"product_cat":[132,101,113,86],"product_tag":[],"class_list":{"0":"post-6102","1":"product","2":"type-product","3":"status-publish","4":"has-post-thumbnail","6":"product_cat-dungemittel","7":"product_cat-kosmetikindustrie","8":"product_cat-kunststoff-polyurethane","9":"product_cat-nicht-kategorisiert","11":"first","12":"instock","13":"taxable","14":"shipping-taxable","15":"purchasable","16":"product-type-variable","17":"has-default-attributes"},"yoast_head":"<!-- This site is optimized with the Yoast SEO plugin v27.5 - https:\/\/yoast.com\/product\/yoast-seo-wordpress\/ -->\n<title>Isophorondiamin (2855-13-2) - MasterChem<\/title>\n<meta name=\"description\" content=\"Isophorondiamin (normalerweise abgek\u00fcrzt als IPDA) ist eine chemische Verbindung und insbesondere ein Diamin mit der Formel (CH3)3C6H7(NH2)(CH2NH2).\" \/>\n<meta name=\"robots\" content=\"index, follow, max-snippet:-1, max-image-preview:large, max-video-preview:-1\" \/>\n<link rel=\"canonical\" href=\"https:\/\/masterchem.es\/de\/produkt\/triethylenglykol-cas-112-27-6-copy\/\" \/>\n<meta property=\"og:locale\" content=\"de_DE\" \/>\n<meta property=\"og:type\" content=\"article\" \/>\n<meta property=\"og:title\" content=\"Isophorondiamin (2855-13-2) - MasterChem\" \/>\n<meta property=\"og:description\" content=\"Isophorondiamin (normalerweise abgek\u00fcrzt als IPDA) ist eine chemische Verbindung und insbesondere ein Diamin mit der Formel (CH3)3C6H7(NH2)(CH2NH2).\" \/>\n<meta property=\"og:url\" content=\"https:\/\/masterchem.es\/de\/produkt\/triethylenglykol-cas-112-27-6-copy\/\" \/>\n<meta property=\"og:site_name\" content=\"MasterChem\" \/>\n<meta property=\"article:modified_time\" content=\"2024-03-07T07:14:28+00:00\" \/>\n<meta property=\"og:image\" content=\"https:\/\/masterchem.es\/wp-content\/uploads\/2024\/03\/Isoforondiamiin-2855-13-2-1000l-MaterChem.jpg\" \/>\n\t<meta property=\"og:image:width\" content=\"1000\" \/>\n\t<meta property=\"og:image:height\" content=\"1000\" \/>\n\t<meta property=\"og:image:type\" content=\"image\/jpeg\" \/>\n<meta name=\"twitter:card\" content=\"summary_large_image\" \/>\n<meta name=\"twitter:label1\" content=\"Gesch\u00e4tzte Lesezeit\" \/>\n\t<meta name=\"twitter:data1\" content=\"1 Minute\" \/>\n<script type=\"application\/ld+json\" class=\"yoast-schema-graph\">{\"@context\":\"https:\\\/\\\/schema.org\",\"@graph\":[{\"@type\":\"WebPage\",\"@id\":\"https:\\\/\\\/masterchem.es\\\/de\\\/produkt\\\/triethylenglykol-cas-112-27-6-copy\\\/\",\"url\":\"https:\\\/\\\/masterchem.es\\\/de\\\/produkt\\\/triethylenglykol-cas-112-27-6-copy\\\/\",\"name\":\"Isophorondiamin (2855-13-2) - MasterChem\",\"isPartOf\":{\"@id\":\"https:\\\/\\\/masterchem.es\\\/de\\\/#website\"},\"primaryImageOfPage\":{\"@id\":\"https:\\\/\\\/masterchem.es\\\/de\\\/produkt\\\/triethylenglykol-cas-112-27-6-copy\\\/#primaryimage\"},\"image\":{\"@id\":\"https:\\\/\\\/masterchem.es\\\/de\\\/produkt\\\/triethylenglykol-cas-112-27-6-copy\\\/#primaryimage\"},\"thumbnailUrl\":\"https:\\\/\\\/masterchem.es\\\/wp-content\\\/uploads\\\/2024\\\/03\\\/Isoforondiamiin-2855-13-2-1000l-MaterChem.jpg\",\"datePublished\":\"2024-03-07T07:04:30+00:00\",\"dateModified\":\"2024-03-07T07:14:28+00:00\",\"description\":\"Isophorondiamin (normalerweise abgek\u00fcrzt als IPDA) ist eine chemische Verbindung und insbesondere ein Diamin mit der Formel (CH3)3C6H7(NH2)(CH2NH2).\",\"breadcrumb\":{\"@id\":\"https:\\\/\\\/masterchem.es\\\/de\\\/produkt\\\/triethylenglykol-cas-112-27-6-copy\\\/#breadcrumb\"},\"inLanguage\":\"de-DE\",\"potentialAction\":[{\"@type\":\"ReadAction\",\"target\":[\"https:\\\/\\\/masterchem.es\\\/de\\\/produkt\\\/triethylenglykol-cas-112-27-6-copy\\\/\"]}]},{\"@type\":\"ImageObject\",\"inLanguage\":\"de-DE\",\"@id\":\"https:\\\/\\\/masterchem.es\\\/de\\\/produkt\\\/triethylenglykol-cas-112-27-6-copy\\\/#primaryimage\",\"url\":\"https:\\\/\\\/masterchem.es\\\/wp-content\\\/uploads\\\/2024\\\/03\\\/Isoforondiamiin-2855-13-2-1000l-MaterChem.jpg\",\"contentUrl\":\"https:\\\/\\\/masterchem.es\\\/wp-content\\\/uploads\\\/2024\\\/03\\\/Isoforondiamiin-2855-13-2-1000l-MaterChem.jpg\",\"width\":1000,\"height\":1000,\"caption\":\"Isophorondiamin (2855-13-2)-1000l-MaterChem\"},{\"@type\":\"BreadcrumbList\",\"@id\":\"https:\\\/\\\/masterchem.es\\\/de\\\/produkt\\\/triethylenglykol-cas-112-27-6-copy\\\/#breadcrumb\",\"itemListElement\":[{\"@type\":\"ListItem\",\"position\":1,\"name\":\"Home\",\"item\":\"https:\\\/\\\/masterchem.es\\\/de\\\/\"},{\"@type\":\"ListItem\",\"position\":2,\"name\":\"Tienda\",\"item\":\"https:\\\/\\\/masterchem.es\\\/tienda\\\/\"},{\"@type\":\"ListItem\",\"position\":3,\"name\":\"Isophorondiamin (2855-13-2)\"}]},{\"@type\":\"WebSite\",\"@id\":\"https:\\\/\\\/masterchem.es\\\/de\\\/#website\",\"url\":\"https:\\\/\\\/masterchem.es\\\/de\\\/\",\"name\":\"MasterChem\",\"description\":\"proveedor de productos qu&iacute;micos\",\"potentialAction\":[{\"@type\":\"SearchAction\",\"target\":{\"@type\":\"EntryPoint\",\"urlTemplate\":\"https:\\\/\\\/masterchem.es\\\/de\\\/?s={search_term_string}\"},\"query-input\":{\"@type\":\"PropertyValueSpecification\",\"valueRequired\":true,\"valueName\":\"search_term_string\"}}],\"inLanguage\":\"de-DE\"}]}<\/script>\n<!-- \/ Yoast SEO plugin. -->","yoast_head_json":{"title":"Isophorondiamin (2855-13-2) - MasterChem","description":"Isophorondiamin (normalerweise abgek\u00fcrzt als IPDA) ist eine chemische Verbindung und insbesondere ein Diamin mit der Formel (CH3)3C6H7(NH2)(CH2NH2).","robots":{"index":"index","follow":"follow","max-snippet":"max-snippet:-1","max-image-preview":"max-image-preview:large","max-video-preview":"max-video-preview:-1"},"canonical":"https:\/\/masterchem.es\/de\/produkt\/triethylenglykol-cas-112-27-6-copy\/","og_locale":"de_DE","og_type":"article","og_title":"Isophorondiamin (2855-13-2) - MasterChem","og_description":"Isophorondiamin (normalerweise abgek\u00fcrzt als IPDA) ist eine chemische Verbindung und insbesondere ein Diamin mit der Formel (CH3)3C6H7(NH2)(CH2NH2).","og_url":"https:\/\/masterchem.es\/de\/produkt\/triethylenglykol-cas-112-27-6-copy\/","og_site_name":"MasterChem","article_modified_time":"2024-03-07T07:14:28+00:00","og_image":[{"width":1000,"height":1000,"url":"https:\/\/masterchem.es\/wp-content\/uploads\/2024\/03\/Isoforondiamiin-2855-13-2-1000l-MaterChem.jpg","type":"image\/jpeg"}],"twitter_card":"summary_large_image","twitter_misc":{"Gesch\u00e4tzte Lesezeit":"1 Minute"},"schema":{"@context":"https:\/\/schema.org","@graph":[{"@type":"WebPage","@id":"https:\/\/masterchem.es\/de\/produkt\/triethylenglykol-cas-112-27-6-copy\/","url":"https:\/\/masterchem.es\/de\/produkt\/triethylenglykol-cas-112-27-6-copy\/","name":"Isophorondiamin (2855-13-2) - MasterChem","isPartOf":{"@id":"https:\/\/masterchem.es\/de\/#website"},"primaryImageOfPage":{"@id":"https:\/\/masterchem.es\/de\/produkt\/triethylenglykol-cas-112-27-6-copy\/#primaryimage"},"image":{"@id":"https:\/\/masterchem.es\/de\/produkt\/triethylenglykol-cas-112-27-6-copy\/#primaryimage"},"thumbnailUrl":"https:\/\/masterchem.es\/wp-content\/uploads\/2024\/03\/Isoforondiamiin-2855-13-2-1000l-MaterChem.jpg","datePublished":"2024-03-07T07:04:30+00:00","dateModified":"2024-03-07T07:14:28+00:00","description":"Isophorondiamin (normalerweise abgek\u00fcrzt als IPDA) ist eine chemische Verbindung und insbesondere ein Diamin mit der Formel (CH3)3C6H7(NH2)(CH2NH2).","breadcrumb":{"@id":"https:\/\/masterchem.es\/de\/produkt\/triethylenglykol-cas-112-27-6-copy\/#breadcrumb"},"inLanguage":"de-DE","potentialAction":[{"@type":"ReadAction","target":["https:\/\/masterchem.es\/de\/produkt\/triethylenglykol-cas-112-27-6-copy\/"]}]},{"@type":"ImageObject","inLanguage":"de-DE","@id":"https:\/\/masterchem.es\/de\/produkt\/triethylenglykol-cas-112-27-6-copy\/#primaryimage","url":"https:\/\/masterchem.es\/wp-content\/uploads\/2024\/03\/Isoforondiamiin-2855-13-2-1000l-MaterChem.jpg","contentUrl":"https:\/\/masterchem.es\/wp-content\/uploads\/2024\/03\/Isoforondiamiin-2855-13-2-1000l-MaterChem.jpg","width":1000,"height":1000,"caption":"Isophorondiamin (2855-13-2)-1000l-MaterChem"},{"@type":"BreadcrumbList","@id":"https:\/\/masterchem.es\/de\/produkt\/triethylenglykol-cas-112-27-6-copy\/#breadcrumb","itemListElement":[{"@type":"ListItem","position":1,"name":"Home","item":"https:\/\/masterchem.es\/de\/"},{"@type":"ListItem","position":2,"name":"Tienda","item":"https:\/\/masterchem.es\/tienda\/"},{"@type":"ListItem","position":3,"name":"Isophorondiamin (2855-13-2)"}]},{"@type":"WebSite","@id":"https:\/\/masterchem.es\/de\/#website","url":"https:\/\/masterchem.es\/de\/","name":"MasterChem","description":"proveedor de productos qu&iacute;micos","potentialAction":[{"@type":"SearchAction","target":{"@type":"EntryPoint","urlTemplate":"https:\/\/masterchem.es\/de\/?s={search_term_string}"},"query-input":{"@type":"PropertyValueSpecification","valueRequired":true,"valueName":"search_term_string"}}],"inLanguage":"de-DE"}]}},"_links":{"self":[{"href":"https:\/\/masterchem.es\/de\/wp-json\/wp\/v2\/product\/6102","targetHints":{"allow":["GET"]}}],"collection":[{"href":"https:\/\/masterchem.es\/de\/wp-json\/wp\/v2\/product"}],"about":[{"href":"https:\/\/masterchem.es\/de\/wp-json\/wp\/v2\/types\/product"}],"wp:featuredmedia":[{"embeddable":true,"href":"https:\/\/masterchem.es\/de\/wp-json\/wp\/v2\/media\/6129"}],"wp:attachment":[{"href":"https:\/\/masterchem.es\/de\/wp-json\/wp\/v2\/media?parent=6102"}],"wp:term":[{"taxonomy":"product_brand","embeddable":true,"href":"https:\/\/masterchem.es\/de\/wp-json\/wp\/v2\/product_brand?post=6102"},{"taxonomy":"product_cat","embeddable":true,"href":"https:\/\/masterchem.es\/de\/wp-json\/wp\/v2\/product_cat?post=6102"},{"taxonomy":"product_tag","embeddable":true,"href":"https:\/\/masterchem.es\/de\/wp-json\/wp\/v2\/product_tag?post=6102"}],"curies":[{"name":"wp","href":"https:\/\/api.w.org\/{rel}","templated":true}]}}