{"id":6161,"date":"2024-03-07T08:51:14","date_gmt":"2024-03-07T08:51:14","guid":{"rendered":"https:\/\/masterchem.es\/?post_type=product&#038;p=6161"},"modified":"2024-03-07T09:05:25","modified_gmt":"2024-03-07T09:05:25","slug":"isophorondiamin-2855-13-2-copia","status":"publish","type":"product","link":"https:\/\/masterchem.es\/de\/produkt\/isophorondiamin-2855-13-2-copia\/","title":{"rendered":"Mangan(II)-sulfat-Monohydrat CAS (10034-96-5) 32,5 % Ammoniakwasser"},"content":{"rendered":"<p>Anwendung: Mangan(II)sulfat-Monohydrat ist ein Manganpr\u00e4parat f\u00fcr Untersuchungen<br \/>\nCAS-Nummer: 10034-96-5<br \/>\nMolekulargewicht: 169,02<br \/>\nSummenformel: MnSO4\u00b7H2O<\/p>\n<p>Mangan(II)-sulfat-Monohydrat ist eines der am h\u00e4ufigsten vorkommenden Elemente in der Erdkruste. Mangan kommt in der Atmosph\u00e4re durch Staub, vulkanische Aktivit\u00e4t, Waldbr\u00e4nde und Industrieabgase vor und ist auch in Lebensmitteln und Trinkwasser vorhanden. Wird als Farbstoff in Farbstoffen verwendet.<\/p>\n<p>Mangan(II)-sulfat-Monohydrat kann mit verschiedenen Chromat-, Molybdat- und Wolframatsalzen in w\u00e4ssrigem Medium eine Metathesereaktion eingehen, um entsprechende hydratisierte Mangan-Metalloxide der Gruppe 6 zu bilden.<\/p>\n","protected":false},"excerpt":{"rendered":"<p>Gefahrenhinweis(e) H318: Verursacht schwere Augensch\u00e4den.<br \/>\nH373: Kann bei l\u00e4ngerer oder wiederholter Exposition durch Einatmen Organsch\u00e4den verursachen.<br \/>\nH411: Giftig f\u00fcr Wasserorganismen, mit langfristiger Wirkung.<br \/>\nSicherheitshinweise P260: Staub nicht einatmen.<br \/>\nP273: Freisetzung in die Umwelt vermeiden.<br \/>\nP280: Augenschutz\/Gesichtsschutz tragen.<br \/>\nP305 + P351 + P338: BEI KONTAKT MIT DEN AUGEN: Einige Minuten lang vorsichtig mit Wasser sp\u00fclen. Entfernen Sie Kontaktlinsen, falls vorhanden und einfach m\u00f6glich. Sp\u00fclen Sie weiter.<br \/>\nP314: Bei Unwohlsein \u00e4rztlichen Rat einholen\/\u00e4rztliche Hilfe hinzuziehen.<br \/>\nP391: Versch\u00fcttete Mengen auffangen.<\/p>\n","protected":false},"featured_media":6186,"template":"","meta":[],"product_brand":[],"product_cat":[86],"product_tag":[],"class_list":{"0":"post-6161","1":"product","2":"type-product","3":"status-publish","4":"has-post-thumbnail","6":"product_cat-nicht-kategorisiert","8":"first","9":"instock","10":"taxable","11":"shipping-taxable","12":"purchasable","13":"product-type-variable","14":"has-default-attributes"},"yoast_head":"<!-- This site is optimized with the Yoast SEO plugin v27.5 - https:\/\/yoast.com\/product\/yoast-seo-wordpress\/ -->\n<title>Mangan(II)-sulfat-Monohydrat CAS (10034-96-5) 32,5 % Ammoniakwasser - MasterChem<\/title>\n<meta name=\"description\" content=\"Mangan(II)-sulfat-Monohydrat ist eines der am h\u00e4ufigsten vorkommenden Elemente in der Erdkruste. Mangan kommt in der Atmosph\u00e4re durch Staub, vulkanische Aktivit\u00e4t, Waldbr\u00e4nde und Industrieabgase vor und ist auch in Lebensmitteln und Trinkwasser vorhanden. Wird als Farbstoff in Farbstoffen verwendet.\" \/>\n<meta name=\"robots\" content=\"index, follow, max-snippet:-1, max-image-preview:large, max-video-preview:-1\" \/>\n<link rel=\"canonical\" href=\"https:\/\/masterchem.es\/de\/produkt\/isophorondiamin-2855-13-2-copia\/\" \/>\n<meta property=\"og:locale\" content=\"de_DE\" \/>\n<meta property=\"og:type\" content=\"article\" \/>\n<meta property=\"og:title\" content=\"Mangan(II)-sulfat-Monohydrat CAS (10034-96-5) 32,5 % Ammoniakwasser - MasterChem\" \/>\n<meta property=\"og:description\" content=\"Mangan(II)-sulfat-Monohydrat ist eines der am h\u00e4ufigsten vorkommenden Elemente in der Erdkruste. Mangan kommt in der Atmosph\u00e4re durch Staub, vulkanische Aktivit\u00e4t, Waldbr\u00e4nde und Industrieabgase vor und ist auch in Lebensmitteln und Trinkwasser vorhanden. Wird als Farbstoff in Farbstoffen verwendet.\" \/>\n<meta property=\"og:url\" content=\"https:\/\/masterchem.es\/de\/produkt\/isophorondiamin-2855-13-2-copia\/\" \/>\n<meta property=\"og:site_name\" content=\"MasterChem\" \/>\n<meta property=\"article:modified_time\" content=\"2024-03-07T09:05:25+00:00\" \/>\n<meta property=\"og:image\" content=\"https:\/\/masterchem.es\/wp-content\/uploads\/2024\/03\/ManganeseII-sulfate-monohydrate-CAS-10034-96-5-325-list-ammoniaak-vesi-1000l-MaterChem.jpg\" \/>\n\t<meta property=\"og:image:width\" content=\"1000\" \/>\n\t<meta property=\"og:image:height\" content=\"1000\" \/>\n\t<meta property=\"og:image:type\" content=\"image\/jpeg\" \/>\n<meta name=\"twitter:card\" content=\"summary_large_image\" \/>\n<script type=\"application\/ld+json\" class=\"yoast-schema-graph\">{\"@context\":\"https:\\\/\\\/schema.org\",\"@graph\":[{\"@type\":\"WebPage\",\"@id\":\"https:\\\/\\\/masterchem.es\\\/de\\\/produkt\\\/isophorondiamin-2855-13-2-copia\\\/\",\"url\":\"https:\\\/\\\/masterchem.es\\\/de\\\/produkt\\\/isophorondiamin-2855-13-2-copia\\\/\",\"name\":\"Mangan(II)-sulfat-Monohydrat CAS (10034-96-5) 32,5 % Ammoniakwasser - MasterChem\",\"isPartOf\":{\"@id\":\"https:\\\/\\\/masterchem.es\\\/de\\\/#website\"},\"primaryImageOfPage\":{\"@id\":\"https:\\\/\\\/masterchem.es\\\/de\\\/produkt\\\/isophorondiamin-2855-13-2-copia\\\/#primaryimage\"},\"image\":{\"@id\":\"https:\\\/\\\/masterchem.es\\\/de\\\/produkt\\\/isophorondiamin-2855-13-2-copia\\\/#primaryimage\"},\"thumbnailUrl\":\"https:\\\/\\\/masterchem.es\\\/wp-content\\\/uploads\\\/2024\\\/03\\\/ManganeseII-sulfate-monohydrate-CAS-10034-96-5-325-list-ammoniaak-vesi-1000l-MaterChem.jpg\",\"datePublished\":\"2024-03-07T08:51:14+00:00\",\"dateModified\":\"2024-03-07T09:05:25+00:00\",\"description\":\"Mangan(II)-sulfat-Monohydrat ist eines der am h\u00e4ufigsten vorkommenden Elemente in der Erdkruste. Mangan kommt in der Atmosph\u00e4re durch Staub, vulkanische Aktivit\u00e4t, Waldbr\u00e4nde und Industrieabgase vor und ist auch in Lebensmitteln und Trinkwasser vorhanden. Wird als Farbstoff in Farbstoffen verwendet.\",\"breadcrumb\":{\"@id\":\"https:\\\/\\\/masterchem.es\\\/de\\\/produkt\\\/isophorondiamin-2855-13-2-copia\\\/#breadcrumb\"},\"inLanguage\":\"de-DE\",\"potentialAction\":[{\"@type\":\"ReadAction\",\"target\":[\"https:\\\/\\\/masterchem.es\\\/de\\\/produkt\\\/isophorondiamin-2855-13-2-copia\\\/\"]}]},{\"@type\":\"ImageObject\",\"inLanguage\":\"de-DE\",\"@id\":\"https:\\\/\\\/masterchem.es\\\/de\\\/produkt\\\/isophorondiamin-2855-13-2-copia\\\/#primaryimage\",\"url\":\"https:\\\/\\\/masterchem.es\\\/wp-content\\\/uploads\\\/2024\\\/03\\\/ManganeseII-sulfate-monohydrate-CAS-10034-96-5-325-list-ammoniaak-vesi-1000l-MaterChem.jpg\",\"contentUrl\":\"https:\\\/\\\/masterchem.es\\\/wp-content\\\/uploads\\\/2024\\\/03\\\/ManganeseII-sulfate-monohydrate-CAS-10034-96-5-325-list-ammoniaak-vesi-1000l-MaterChem.jpg\",\"width\":1000,\"height\":1000,\"caption\":\"Mangan(II)-sulfat-Monohydrat CAS (10034-96-5) 32,5 % Ammoniakwasser 1000l-MaterChem\"},{\"@type\":\"BreadcrumbList\",\"@id\":\"https:\\\/\\\/masterchem.es\\\/de\\\/produkt\\\/isophorondiamin-2855-13-2-copia\\\/#breadcrumb\",\"itemListElement\":[{\"@type\":\"ListItem\",\"position\":1,\"name\":\"Home\",\"item\":\"https:\\\/\\\/masterchem.es\\\/de\\\/\"},{\"@type\":\"ListItem\",\"position\":2,\"name\":\"Tienda\",\"item\":\"https:\\\/\\\/masterchem.es\\\/tienda\\\/\"},{\"@type\":\"ListItem\",\"position\":3,\"name\":\"Mangan(II)-sulfat-Monohydrat CAS (10034-96-5) 32,5 % Ammoniakwasser\"}]},{\"@type\":\"WebSite\",\"@id\":\"https:\\\/\\\/masterchem.es\\\/de\\\/#website\",\"url\":\"https:\\\/\\\/masterchem.es\\\/de\\\/\",\"name\":\"MasterChem\",\"description\":\"proveedor de productos qu&iacute;micos\",\"potentialAction\":[{\"@type\":\"SearchAction\",\"target\":{\"@type\":\"EntryPoint\",\"urlTemplate\":\"https:\\\/\\\/masterchem.es\\\/de\\\/?s={search_term_string}\"},\"query-input\":{\"@type\":\"PropertyValueSpecification\",\"valueRequired\":true,\"valueName\":\"search_term_string\"}}],\"inLanguage\":\"de-DE\"}]}<\/script>\n<!-- \/ Yoast SEO plugin. -->","yoast_head_json":{"title":"Mangan(II)-sulfat-Monohydrat CAS (10034-96-5) 32,5 % Ammoniakwasser - MasterChem","description":"Mangan(II)-sulfat-Monohydrat ist eines der am h\u00e4ufigsten vorkommenden Elemente in der Erdkruste. Mangan kommt in der Atmosph\u00e4re durch Staub, vulkanische Aktivit\u00e4t, Waldbr\u00e4nde und Industrieabgase vor und ist auch in Lebensmitteln und Trinkwasser vorhanden. Wird als Farbstoff in Farbstoffen verwendet.","robots":{"index":"index","follow":"follow","max-snippet":"max-snippet:-1","max-image-preview":"max-image-preview:large","max-video-preview":"max-video-preview:-1"},"canonical":"https:\/\/masterchem.es\/de\/produkt\/isophorondiamin-2855-13-2-copia\/","og_locale":"de_DE","og_type":"article","og_title":"Mangan(II)-sulfat-Monohydrat CAS (10034-96-5) 32,5 % Ammoniakwasser - MasterChem","og_description":"Mangan(II)-sulfat-Monohydrat ist eines der am h\u00e4ufigsten vorkommenden Elemente in der Erdkruste. Mangan kommt in der Atmosph\u00e4re durch Staub, vulkanische Aktivit\u00e4t, Waldbr\u00e4nde und Industrieabgase vor und ist auch in Lebensmitteln und Trinkwasser vorhanden. Wird als Farbstoff in Farbstoffen verwendet.","og_url":"https:\/\/masterchem.es\/de\/produkt\/isophorondiamin-2855-13-2-copia\/","og_site_name":"MasterChem","article_modified_time":"2024-03-07T09:05:25+00:00","og_image":[{"width":1000,"height":1000,"url":"https:\/\/masterchem.es\/wp-content\/uploads\/2024\/03\/ManganeseII-sulfate-monohydrate-CAS-10034-96-5-325-list-ammoniaak-vesi-1000l-MaterChem.jpg","type":"image\/jpeg"}],"twitter_card":"summary_large_image","schema":{"@context":"https:\/\/schema.org","@graph":[{"@type":"WebPage","@id":"https:\/\/masterchem.es\/de\/produkt\/isophorondiamin-2855-13-2-copia\/","url":"https:\/\/masterchem.es\/de\/produkt\/isophorondiamin-2855-13-2-copia\/","name":"Mangan(II)-sulfat-Monohydrat CAS (10034-96-5) 32,5 % Ammoniakwasser - MasterChem","isPartOf":{"@id":"https:\/\/masterchem.es\/de\/#website"},"primaryImageOfPage":{"@id":"https:\/\/masterchem.es\/de\/produkt\/isophorondiamin-2855-13-2-copia\/#primaryimage"},"image":{"@id":"https:\/\/masterchem.es\/de\/produkt\/isophorondiamin-2855-13-2-copia\/#primaryimage"},"thumbnailUrl":"https:\/\/masterchem.es\/wp-content\/uploads\/2024\/03\/ManganeseII-sulfate-monohydrate-CAS-10034-96-5-325-list-ammoniaak-vesi-1000l-MaterChem.jpg","datePublished":"2024-03-07T08:51:14+00:00","dateModified":"2024-03-07T09:05:25+00:00","description":"Mangan(II)-sulfat-Monohydrat ist eines der am h\u00e4ufigsten vorkommenden Elemente in der Erdkruste. Mangan kommt in der Atmosph\u00e4re durch Staub, vulkanische Aktivit\u00e4t, Waldbr\u00e4nde und Industrieabgase vor und ist auch in Lebensmitteln und Trinkwasser vorhanden. Wird als Farbstoff in Farbstoffen verwendet.","breadcrumb":{"@id":"https:\/\/masterchem.es\/de\/produkt\/isophorondiamin-2855-13-2-copia\/#breadcrumb"},"inLanguage":"de-DE","potentialAction":[{"@type":"ReadAction","target":["https:\/\/masterchem.es\/de\/produkt\/isophorondiamin-2855-13-2-copia\/"]}]},{"@type":"ImageObject","inLanguage":"de-DE","@id":"https:\/\/masterchem.es\/de\/produkt\/isophorondiamin-2855-13-2-copia\/#primaryimage","url":"https:\/\/masterchem.es\/wp-content\/uploads\/2024\/03\/ManganeseII-sulfate-monohydrate-CAS-10034-96-5-325-list-ammoniaak-vesi-1000l-MaterChem.jpg","contentUrl":"https:\/\/masterchem.es\/wp-content\/uploads\/2024\/03\/ManganeseII-sulfate-monohydrate-CAS-10034-96-5-325-list-ammoniaak-vesi-1000l-MaterChem.jpg","width":1000,"height":1000,"caption":"Mangan(II)-sulfat-Monohydrat CAS (10034-96-5) 32,5 % Ammoniakwasser 1000l-MaterChem"},{"@type":"BreadcrumbList","@id":"https:\/\/masterchem.es\/de\/produkt\/isophorondiamin-2855-13-2-copia\/#breadcrumb","itemListElement":[{"@type":"ListItem","position":1,"name":"Home","item":"https:\/\/masterchem.es\/de\/"},{"@type":"ListItem","position":2,"name":"Tienda","item":"https:\/\/masterchem.es\/tienda\/"},{"@type":"ListItem","position":3,"name":"Mangan(II)-sulfat-Monohydrat CAS (10034-96-5) 32,5 % Ammoniakwasser"}]},{"@type":"WebSite","@id":"https:\/\/masterchem.es\/de\/#website","url":"https:\/\/masterchem.es\/de\/","name":"MasterChem","description":"proveedor de productos qu&iacute;micos","potentialAction":[{"@type":"SearchAction","target":{"@type":"EntryPoint","urlTemplate":"https:\/\/masterchem.es\/de\/?s={search_term_string}"},"query-input":{"@type":"PropertyValueSpecification","valueRequired":true,"valueName":"search_term_string"}}],"inLanguage":"de-DE"}]}},"_links":{"self":[{"href":"https:\/\/masterchem.es\/de\/wp-json\/wp\/v2\/product\/6161","targetHints":{"allow":["GET"]}}],"collection":[{"href":"https:\/\/masterchem.es\/de\/wp-json\/wp\/v2\/product"}],"about":[{"href":"https:\/\/masterchem.es\/de\/wp-json\/wp\/v2\/types\/product"}],"wp:featuredmedia":[{"embeddable":true,"href":"https:\/\/masterchem.es\/de\/wp-json\/wp\/v2\/media\/6186"}],"wp:attachment":[{"href":"https:\/\/masterchem.es\/de\/wp-json\/wp\/v2\/media?parent=6161"}],"wp:term":[{"taxonomy":"product_brand","embeddable":true,"href":"https:\/\/masterchem.es\/de\/wp-json\/wp\/v2\/product_brand?post=6161"},{"taxonomy":"product_cat","embeddable":true,"href":"https:\/\/masterchem.es\/de\/wp-json\/wp\/v2\/product_cat?post=6161"},{"taxonomy":"product_tag","embeddable":true,"href":"https:\/\/masterchem.es\/de\/wp-json\/wp\/v2\/product_tag?post=6161"}],"curies":[{"name":"wp","href":"https:\/\/api.w.org\/{rel}","templated":true}]}}