{"id":6211,"date":"2024-03-07T17:57:36","date_gmt":"2024-03-07T17:57:36","guid":{"rendered":"https:\/\/masterchem.es\/?post_type=product&#038;p=6211"},"modified":"2024-03-07T18:04:45","modified_gmt":"2024-03-07T18:04:45","slug":"trinatriumphosphat-dodecahydrat-cas-10101-89-0-copia","status":"publish","type":"product","link":"https:\/\/masterchem.es\/de\/produkt\/trinatriumphosphat-dodecahydrat-cas-10101-89-0-copia\/","title":{"rendered":"Kupfersulfat-Pentahydrat (CAS 7758-99-8)"},"content":{"rendered":"<p><strong>Informationen<\/strong><\/p>\n<p>Branchen: Farben und Lacke, D\u00fcngemittel, Gartenbau, Pharmaindustrie, Futtermittelindustrie<br \/>\nCAS-Nummer: 7758-99-8<br \/>\nWE-Nummer: 231-847-6<br \/>\nIndexnummer: 029-004-00-0<br \/>\nChemische Formel: CuSO4\u00b75H2O<br \/>\nMolmasse: 249,68 g\/mol<br \/>\nZolltarifcode: 28332500<br \/>\nADR: UN3077<\/p>\n<p><strong>Andere physikalische Eigenschaften<\/strong><\/p>\n<p>pH-Wert: ~4 (50 g\/l H2O bei 20 \u00b0C)<br \/>\nSchmelz-\/Gefrierpunkt: 110\u00b0C<br \/>\nSiedepunkt\/-bereich: 150\u00b0C<br \/>\nRelative Dichte: 2.284 g\/cm3 (25\u00b0C)<br \/>\nL\u00f6slichkeit in Wasser: 423 g\/l (20\u00b0C) 2023 g\/l (100\u00b0C)<\/p>\n","protected":false},"excerpt":{"rendered":"<p><strong>Kupfersulfat-Pentahydrat (CAS 7758-99-8)<\/strong><\/p>\n<p>Kupfer(II)sulfat, auch Kupfersulfat genannt, sind anorganische Verbindungen mit der chemischen Formel CuSO4(H2O)x, wobei x zwischen 0 und 5 liegen kann. Das Pentahydrat (x = 5) ist die h\u00e4ufigste Form. \u00c4ltere Namen f\u00fcr diese Verbindung sind blaues Vitriol, Blaustein, Kupfervitriol und r\u00f6misches Vitriol.<\/p>\n<p>Das Pentahydrat (CuSO4\u00b75H2O), das am h\u00e4ufigsten vorkommende Salz, ist leuchtend blau. Es l\u00f6st sich exotherm in Wasser und ergibt den Aquo-Komplex [Cu(H2O)6]2+ mit oktaedrischer Molek\u00fclgeometrie. Die Struktur des festen Pentahydrats zeigt eine Polymerstruktur, in der Kupfer ebenfalls oktaedrisch, aber an vier Wasserliganden gebunden ist. Die Cu(II)(H2O)4-Zentren sind durch Sulfatanionen zu Ketten verbunden. Wasserfreies Kupfersulfat ist ein hellgraues Pulver.<\/p>\n","protected":false},"featured_media":6216,"template":"","meta":[],"product_brand":[],"product_cat":[84,132,135,119,86,89],"product_tag":[],"class_list":{"0":"post-6211","1":"product","2":"type-product","3":"status-publish","4":"has-post-thumbnail","6":"product_cat-bausektor","7":"product_cat-dungemittel","8":"product_cat-farben-und-lacke","9":"product_cat-futtermittelindustrie","10":"product_cat-nicht-kategorisiert","11":"product_cat-pharmazeutische-produkte","13":"first","14":"instock","15":"taxable","16":"shipping-taxable","17":"purchasable","18":"product-type-variable","19":"has-default-attributes"},"yoast_head":"<!-- This site is optimized with the Yoast SEO plugin v27.5 - https:\/\/yoast.com\/product\/yoast-seo-wordpress\/ -->\n<title>Kupfersulfat-Pentahydrat (CAS 7758-99-8) - MasterChem<\/title>\n<meta name=\"description\" content=\"Kupfer(II)sulfat, auch Kupfersulfat genannt, sind anorganische Verbindungen mit der chemischen Formel CuSO4(H2O)x, wobei x zwischen 0 und 5 liegen kann. Das Pentahydrat (x = 5) ist die h\u00e4ufigste Form.\" \/>\n<meta name=\"robots\" content=\"index, follow, max-snippet:-1, max-image-preview:large, max-video-preview:-1\" \/>\n<link rel=\"canonical\" href=\"https:\/\/masterchem.es\/de\/produkt\/trinatriumphosphat-dodecahydrat-cas-10101-89-0-copia\/\" \/>\n<meta property=\"og:locale\" content=\"de_DE\" \/>\n<meta property=\"og:type\" content=\"article\" \/>\n<meta property=\"og:title\" content=\"Kupfersulfat-Pentahydrat (CAS 7758-99-8) - MasterChem\" \/>\n<meta property=\"og:description\" content=\"Kupfer(II)sulfat, auch Kupfersulfat genannt, sind anorganische Verbindungen mit der chemischen Formel CuSO4(H2O)x, wobei x zwischen 0 und 5 liegen kann. Das Pentahydrat (x = 5) ist die h\u00e4ufigste Form.\" \/>\n<meta property=\"og:url\" content=\"https:\/\/masterchem.es\/de\/produkt\/trinatriumphosphat-dodecahydrat-cas-10101-89-0-copia\/\" \/>\n<meta property=\"og:site_name\" content=\"MasterChem\" \/>\n<meta property=\"article:modified_time\" content=\"2024-03-07T18:04:45+00:00\" \/>\n<meta property=\"og:image\" content=\"https:\/\/masterchem.es\/wp-content\/uploads\/2024\/03\/Vasksulfaadi-pentahudraat-25kg-MasterChem.jpg\" \/>\n\t<meta property=\"og:image:width\" content=\"1000\" \/>\n\t<meta property=\"og:image:height\" content=\"1000\" \/>\n\t<meta property=\"og:image:type\" content=\"image\/jpeg\" \/>\n<meta name=\"twitter:card\" content=\"summary_large_image\" \/>\n<script type=\"application\/ld+json\" class=\"yoast-schema-graph\">{\"@context\":\"https:\\\/\\\/schema.org\",\"@graph\":[{\"@type\":\"WebPage\",\"@id\":\"https:\\\/\\\/masterchem.es\\\/de\\\/produkt\\\/trinatriumphosphat-dodecahydrat-cas-10101-89-0-copia\\\/\",\"url\":\"https:\\\/\\\/masterchem.es\\\/de\\\/produkt\\\/trinatriumphosphat-dodecahydrat-cas-10101-89-0-copia\\\/\",\"name\":\"Kupfersulfat-Pentahydrat (CAS 7758-99-8) - MasterChem\",\"isPartOf\":{\"@id\":\"https:\\\/\\\/masterchem.es\\\/de\\\/#website\"},\"primaryImageOfPage\":{\"@id\":\"https:\\\/\\\/masterchem.es\\\/de\\\/produkt\\\/trinatriumphosphat-dodecahydrat-cas-10101-89-0-copia\\\/#primaryimage\"},\"image\":{\"@id\":\"https:\\\/\\\/masterchem.es\\\/de\\\/produkt\\\/trinatriumphosphat-dodecahydrat-cas-10101-89-0-copia\\\/#primaryimage\"},\"thumbnailUrl\":\"https:\\\/\\\/masterchem.es\\\/wp-content\\\/uploads\\\/2024\\\/03\\\/Vasksulfaadi-pentahudraat-25kg-MasterChem.jpg\",\"datePublished\":\"2024-03-07T17:57:36+00:00\",\"dateModified\":\"2024-03-07T18:04:45+00:00\",\"description\":\"Kupfer(II)sulfat, auch Kupfersulfat genannt, sind anorganische Verbindungen mit der chemischen Formel CuSO4(H2O)x, wobei x zwischen 0 und 5 liegen kann. Das Pentahydrat (x = 5) ist die h\u00e4ufigste Form.\",\"breadcrumb\":{\"@id\":\"https:\\\/\\\/masterchem.es\\\/de\\\/produkt\\\/trinatriumphosphat-dodecahydrat-cas-10101-89-0-copia\\\/#breadcrumb\"},\"inLanguage\":\"de-DE\",\"potentialAction\":[{\"@type\":\"ReadAction\",\"target\":[\"https:\\\/\\\/masterchem.es\\\/de\\\/produkt\\\/trinatriumphosphat-dodecahydrat-cas-10101-89-0-copia\\\/\"]}]},{\"@type\":\"ImageObject\",\"inLanguage\":\"de-DE\",\"@id\":\"https:\\\/\\\/masterchem.es\\\/de\\\/produkt\\\/trinatriumphosphat-dodecahydrat-cas-10101-89-0-copia\\\/#primaryimage\",\"url\":\"https:\\\/\\\/masterchem.es\\\/wp-content\\\/uploads\\\/2024\\\/03\\\/Vasksulfaadi-pentahudraat-25kg-MasterChem.jpg\",\"contentUrl\":\"https:\\\/\\\/masterchem.es\\\/wp-content\\\/uploads\\\/2024\\\/03\\\/Vasksulfaadi-pentahudraat-25kg-MasterChem.jpg\",\"width\":1000,\"height\":1000,\"caption\":\"Kupfersulfat-Pentahydrat (CAS 7758-99-8) 25kg-MasterChem\"},{\"@type\":\"BreadcrumbList\",\"@id\":\"https:\\\/\\\/masterchem.es\\\/de\\\/produkt\\\/trinatriumphosphat-dodecahydrat-cas-10101-89-0-copia\\\/#breadcrumb\",\"itemListElement\":[{\"@type\":\"ListItem\",\"position\":1,\"name\":\"Home\",\"item\":\"https:\\\/\\\/masterchem.es\\\/de\\\/\"},{\"@type\":\"ListItem\",\"position\":2,\"name\":\"Tienda\",\"item\":\"https:\\\/\\\/masterchem.es\\\/tienda\\\/\"},{\"@type\":\"ListItem\",\"position\":3,\"name\":\"Kupfersulfat-Pentahydrat (CAS 7758-99-8)\"}]},{\"@type\":\"WebSite\",\"@id\":\"https:\\\/\\\/masterchem.es\\\/de\\\/#website\",\"url\":\"https:\\\/\\\/masterchem.es\\\/de\\\/\",\"name\":\"MasterChem\",\"description\":\"proveedor de productos qu&iacute;micos\",\"potentialAction\":[{\"@type\":\"SearchAction\",\"target\":{\"@type\":\"EntryPoint\",\"urlTemplate\":\"https:\\\/\\\/masterchem.es\\\/de\\\/?s={search_term_string}\"},\"query-input\":{\"@type\":\"PropertyValueSpecification\",\"valueRequired\":true,\"valueName\":\"search_term_string\"}}],\"inLanguage\":\"de-DE\"}]}<\/script>\n<!-- \/ Yoast SEO plugin. -->","yoast_head_json":{"title":"Kupfersulfat-Pentahydrat (CAS 7758-99-8) - MasterChem","description":"Kupfer(II)sulfat, auch Kupfersulfat genannt, sind anorganische Verbindungen mit der chemischen Formel CuSO4(H2O)x, wobei x zwischen 0 und 5 liegen kann. Das Pentahydrat (x = 5) ist die h\u00e4ufigste Form.","robots":{"index":"index","follow":"follow","max-snippet":"max-snippet:-1","max-image-preview":"max-image-preview:large","max-video-preview":"max-video-preview:-1"},"canonical":"https:\/\/masterchem.es\/de\/produkt\/trinatriumphosphat-dodecahydrat-cas-10101-89-0-copia\/","og_locale":"de_DE","og_type":"article","og_title":"Kupfersulfat-Pentahydrat (CAS 7758-99-8) - MasterChem","og_description":"Kupfer(II)sulfat, auch Kupfersulfat genannt, sind anorganische Verbindungen mit der chemischen Formel CuSO4(H2O)x, wobei x zwischen 0 und 5 liegen kann. Das Pentahydrat (x = 5) ist die h\u00e4ufigste Form.","og_url":"https:\/\/masterchem.es\/de\/produkt\/trinatriumphosphat-dodecahydrat-cas-10101-89-0-copia\/","og_site_name":"MasterChem","article_modified_time":"2024-03-07T18:04:45+00:00","og_image":[{"width":1000,"height":1000,"url":"https:\/\/masterchem.es\/wp-content\/uploads\/2024\/03\/Vasksulfaadi-pentahudraat-25kg-MasterChem.jpg","type":"image\/jpeg"}],"twitter_card":"summary_large_image","schema":{"@context":"https:\/\/schema.org","@graph":[{"@type":"WebPage","@id":"https:\/\/masterchem.es\/de\/produkt\/trinatriumphosphat-dodecahydrat-cas-10101-89-0-copia\/","url":"https:\/\/masterchem.es\/de\/produkt\/trinatriumphosphat-dodecahydrat-cas-10101-89-0-copia\/","name":"Kupfersulfat-Pentahydrat (CAS 7758-99-8) - MasterChem","isPartOf":{"@id":"https:\/\/masterchem.es\/de\/#website"},"primaryImageOfPage":{"@id":"https:\/\/masterchem.es\/de\/produkt\/trinatriumphosphat-dodecahydrat-cas-10101-89-0-copia\/#primaryimage"},"image":{"@id":"https:\/\/masterchem.es\/de\/produkt\/trinatriumphosphat-dodecahydrat-cas-10101-89-0-copia\/#primaryimage"},"thumbnailUrl":"https:\/\/masterchem.es\/wp-content\/uploads\/2024\/03\/Vasksulfaadi-pentahudraat-25kg-MasterChem.jpg","datePublished":"2024-03-07T17:57:36+00:00","dateModified":"2024-03-07T18:04:45+00:00","description":"Kupfer(II)sulfat, auch Kupfersulfat genannt, sind anorganische Verbindungen mit der chemischen Formel CuSO4(H2O)x, wobei x zwischen 0 und 5 liegen kann. Das Pentahydrat (x = 5) ist die h\u00e4ufigste Form.","breadcrumb":{"@id":"https:\/\/masterchem.es\/de\/produkt\/trinatriumphosphat-dodecahydrat-cas-10101-89-0-copia\/#breadcrumb"},"inLanguage":"de-DE","potentialAction":[{"@type":"ReadAction","target":["https:\/\/masterchem.es\/de\/produkt\/trinatriumphosphat-dodecahydrat-cas-10101-89-0-copia\/"]}]},{"@type":"ImageObject","inLanguage":"de-DE","@id":"https:\/\/masterchem.es\/de\/produkt\/trinatriumphosphat-dodecahydrat-cas-10101-89-0-copia\/#primaryimage","url":"https:\/\/masterchem.es\/wp-content\/uploads\/2024\/03\/Vasksulfaadi-pentahudraat-25kg-MasterChem.jpg","contentUrl":"https:\/\/masterchem.es\/wp-content\/uploads\/2024\/03\/Vasksulfaadi-pentahudraat-25kg-MasterChem.jpg","width":1000,"height":1000,"caption":"Kupfersulfat-Pentahydrat (CAS 7758-99-8) 25kg-MasterChem"},{"@type":"BreadcrumbList","@id":"https:\/\/masterchem.es\/de\/produkt\/trinatriumphosphat-dodecahydrat-cas-10101-89-0-copia\/#breadcrumb","itemListElement":[{"@type":"ListItem","position":1,"name":"Home","item":"https:\/\/masterchem.es\/de\/"},{"@type":"ListItem","position":2,"name":"Tienda","item":"https:\/\/masterchem.es\/tienda\/"},{"@type":"ListItem","position":3,"name":"Kupfersulfat-Pentahydrat (CAS 7758-99-8)"}]},{"@type":"WebSite","@id":"https:\/\/masterchem.es\/de\/#website","url":"https:\/\/masterchem.es\/de\/","name":"MasterChem","description":"proveedor de productos qu&iacute;micos","potentialAction":[{"@type":"SearchAction","target":{"@type":"EntryPoint","urlTemplate":"https:\/\/masterchem.es\/de\/?s={search_term_string}"},"query-input":{"@type":"PropertyValueSpecification","valueRequired":true,"valueName":"search_term_string"}}],"inLanguage":"de-DE"}]}},"_links":{"self":[{"href":"https:\/\/masterchem.es\/de\/wp-json\/wp\/v2\/product\/6211","targetHints":{"allow":["GET"]}}],"collection":[{"href":"https:\/\/masterchem.es\/de\/wp-json\/wp\/v2\/product"}],"about":[{"href":"https:\/\/masterchem.es\/de\/wp-json\/wp\/v2\/types\/product"}],"wp:featuredmedia":[{"embeddable":true,"href":"https:\/\/masterchem.es\/de\/wp-json\/wp\/v2\/media\/6216"}],"wp:attachment":[{"href":"https:\/\/masterchem.es\/de\/wp-json\/wp\/v2\/media?parent=6211"}],"wp:term":[{"taxonomy":"product_brand","embeddable":true,"href":"https:\/\/masterchem.es\/de\/wp-json\/wp\/v2\/product_brand?post=6211"},{"taxonomy":"product_cat","embeddable":true,"href":"https:\/\/masterchem.es\/de\/wp-json\/wp\/v2\/product_cat?post=6211"},{"taxonomy":"product_tag","embeddable":true,"href":"https:\/\/masterchem.es\/de\/wp-json\/wp\/v2\/product_tag?post=6211"}],"curies":[{"name":"wp","href":"https:\/\/api.w.org\/{rel}","templated":true}]}}