{"id":6227,"date":"2024-03-07T18:20:12","date_gmt":"2024-03-07T18:20:12","guid":{"rendered":"https:\/\/masterchem.es\/?post_type=product&#038;p=6227"},"modified":"2024-03-07T18:24:59","modified_gmt":"2024-03-07T18:24:59","slug":"kupfersulfat-pentahydrat-cas-7758-99-8-copia","status":"publish","type":"product","link":"https:\/\/masterchem.es\/de\/produkt\/kupfersulfat-pentahydrat-cas-7758-99-8-copia\/","title":{"rendered":"Natriummolybdat (CAS 7631-95-0)"},"content":{"rendered":"<p><strong>Informationen<\/strong><br \/>\nBranchen: D\u00fcngemittel, Gartenbau<br \/>\nCAS-Nummer: 7631-95-0<br \/>\nWE-Nummer: 231-551-7<br \/>\nChemische Formel: Na2MoO4\u00b72H2O<br \/>\nMolmasse: 241,95 g\/mol<br \/>\nZolltarifcode: 28417000<\/p>\n<p><strong>Andere physikalische Eigenschaften<\/strong><br \/>\npH-Wert: 7,9 \u2013 10,3 (c=50 g\/l, 20\u00b0C)<br \/>\nSchmelz-\/Gefrierpunkt: 130\u00b0C<br \/>\nRelative Dichte: 3,6 g\/cm3<br \/>\nL\u00f6slichkeit in Wasser: 840 g\/l (20\u00b0C)<\/p>\n","protected":false},"excerpt":{"rendered":"<p><strong>Natriummolybdat (CAS 7631-95-0)<\/strong><\/p>\n<p>Natriummolybdat, Na2MoO4, ist als Molybd\u00e4nquelle n\u00fctzlich. Dieses wei\u00dfe, kristalline Salz wird oft als Dihydrat Na2MoO4\u00b72H2O gefunden.<\/p>\n<p>Das Molybdat(VI)-Anion ist tetraedrisch. An jedes Anion koordinieren zwei Natriumkationen.<\/p>\n<p>Es wird in der Industrie zur Korrosionshemmung eingesetzt, da es ein nicht oxidierender anodischer Inhibitor ist. Der Zusatz von Natriummolybdat reduziert den Nitritbedarf von mit Nitrit-Amin inhibierten Fl\u00fcssigkeiten deutlich und verbessert den Korrosionsschutz von Carboxylatsalzfl\u00fcssigkeiten. Bei industriellen Wasseraufbereitungsanwendungen, bei denen aufgrund der Bimetallkonstruktion galvanische Korrosion m\u00f6glich ist, wird die Verwendung von Natriummolybdat gegen\u00fcber Natriumnitrit bevorzugt. Natriummolybdat hat den Vorteil, dass die Dosierung von Molybdat mit niedrigeren ppm-Werten eine geringere Leitf\u00e4higkeit des zirkulierenden Wassers erm\u00f6glicht. Natriummolybdat bietet in Konzentrationen von 50\u2013100 ppm die gleiche Korrosionshemmung wie Natriumnitrit in Konzentrationen von 800+ ppm. Durch die Verwendung geringerer Natriummolybdatkonzentrationen wird die Leitf\u00e4higkeit auf einem Minimum gehalten und somit das Potenzial f\u00fcr galvanische Korrosion verringert.<\/p>\n","protected":false},"featured_media":6232,"template":"","meta":[],"product_brand":[],"product_cat":[132,86],"product_tag":[],"class_list":{"0":"post-6227","1":"product","2":"type-product","3":"status-publish","4":"has-post-thumbnail","6":"product_cat-dungemittel","7":"product_cat-nicht-kategorisiert","9":"first","10":"instock","11":"taxable","12":"shipping-taxable","13":"purchasable","14":"product-type-variable","15":"has-default-attributes"},"yoast_head":"<!-- This site is optimized with the Yoast SEO plugin v27.5 - https:\/\/yoast.com\/product\/yoast-seo-wordpress\/ -->\n<title>Natriummolybdat (CAS 7631-95-0) - MasterChem<\/title>\n<meta name=\"description\" content=\"Natriummolybdat, Na2MoO4, ist als Molybd\u00e4nquelle n\u00fctzlich. Dieses wei\u00dfe, kristalline Salz wird oft als Dihydrat Na2MoO4\u00b72H2O gefunden.\" \/>\n<meta name=\"robots\" content=\"index, follow, max-snippet:-1, max-image-preview:large, max-video-preview:-1\" \/>\n<link rel=\"canonical\" href=\"https:\/\/masterchem.es\/de\/produkt\/kupfersulfat-pentahydrat-cas-7758-99-8-copia\/\" \/>\n<meta property=\"og:locale\" content=\"de_DE\" \/>\n<meta property=\"og:type\" content=\"article\" \/>\n<meta property=\"og:title\" content=\"Natriummolybdat (CAS 7631-95-0) - MasterChem\" \/>\n<meta property=\"og:description\" content=\"Natriummolybdat, Na2MoO4, ist als Molybd\u00e4nquelle n\u00fctzlich. Dieses wei\u00dfe, kristalline Salz wird oft als Dihydrat Na2MoO4\u00b72H2O gefunden.\" \/>\n<meta property=\"og:url\" content=\"https:\/\/masterchem.es\/de\/produkt\/kupfersulfat-pentahydrat-cas-7758-99-8-copia\/\" \/>\n<meta property=\"og:site_name\" content=\"MasterChem\" \/>\n<meta property=\"article:modified_time\" content=\"2024-03-07T18:24:59+00:00\" \/>\n<meta property=\"og:image\" content=\"https:\/\/masterchem.es\/wp-content\/uploads\/2024\/03\/Naatriummolubdaat-25kg-MasterChem-1.jpg\" \/>\n\t<meta property=\"og:image:width\" content=\"1000\" \/>\n\t<meta property=\"og:image:height\" content=\"1000\" \/>\n\t<meta property=\"og:image:type\" content=\"image\/jpeg\" \/>\n<meta name=\"twitter:card\" content=\"summary_large_image\" \/>\n<script type=\"application\/ld+json\" class=\"yoast-schema-graph\">{\"@context\":\"https:\\\/\\\/schema.org\",\"@graph\":[{\"@type\":\"WebPage\",\"@id\":\"https:\\\/\\\/masterchem.es\\\/de\\\/produkt\\\/kupfersulfat-pentahydrat-cas-7758-99-8-copia\\\/\",\"url\":\"https:\\\/\\\/masterchem.es\\\/de\\\/produkt\\\/kupfersulfat-pentahydrat-cas-7758-99-8-copia\\\/\",\"name\":\"Natriummolybdat (CAS 7631-95-0) - MasterChem\",\"isPartOf\":{\"@id\":\"https:\\\/\\\/masterchem.es\\\/de\\\/#website\"},\"primaryImageOfPage\":{\"@id\":\"https:\\\/\\\/masterchem.es\\\/de\\\/produkt\\\/kupfersulfat-pentahydrat-cas-7758-99-8-copia\\\/#primaryimage\"},\"image\":{\"@id\":\"https:\\\/\\\/masterchem.es\\\/de\\\/produkt\\\/kupfersulfat-pentahydrat-cas-7758-99-8-copia\\\/#primaryimage\"},\"thumbnailUrl\":\"https:\\\/\\\/masterchem.es\\\/wp-content\\\/uploads\\\/2024\\\/03\\\/Naatriummolubdaat-25kg-MasterChem-1.jpg\",\"datePublished\":\"2024-03-07T18:20:12+00:00\",\"dateModified\":\"2024-03-07T18:24:59+00:00\",\"description\":\"Natriummolybdat, Na2MoO4, ist als Molybd\u00e4nquelle n\u00fctzlich. Dieses wei\u00dfe, kristalline Salz wird oft als Dihydrat Na2MoO4\u00b72H2O gefunden.\",\"breadcrumb\":{\"@id\":\"https:\\\/\\\/masterchem.es\\\/de\\\/produkt\\\/kupfersulfat-pentahydrat-cas-7758-99-8-copia\\\/#breadcrumb\"},\"inLanguage\":\"de-DE\",\"potentialAction\":[{\"@type\":\"ReadAction\",\"target\":[\"https:\\\/\\\/masterchem.es\\\/de\\\/produkt\\\/kupfersulfat-pentahydrat-cas-7758-99-8-copia\\\/\"]}]},{\"@type\":\"ImageObject\",\"inLanguage\":\"de-DE\",\"@id\":\"https:\\\/\\\/masterchem.es\\\/de\\\/produkt\\\/kupfersulfat-pentahydrat-cas-7758-99-8-copia\\\/#primaryimage\",\"url\":\"https:\\\/\\\/masterchem.es\\\/wp-content\\\/uploads\\\/2024\\\/03\\\/Naatriummolubdaat-25kg-MasterChem-1.jpg\",\"contentUrl\":\"https:\\\/\\\/masterchem.es\\\/wp-content\\\/uploads\\\/2024\\\/03\\\/Naatriummolubdaat-25kg-MasterChem-1.jpg\",\"width\":1000,\"height\":1000,\"caption\":\"Natriummolybdat (CAS 7631-95-0) 25kg-MasterChem-1\"},{\"@type\":\"BreadcrumbList\",\"@id\":\"https:\\\/\\\/masterchem.es\\\/de\\\/produkt\\\/kupfersulfat-pentahydrat-cas-7758-99-8-copia\\\/#breadcrumb\",\"itemListElement\":[{\"@type\":\"ListItem\",\"position\":1,\"name\":\"Home\",\"item\":\"https:\\\/\\\/masterchem.es\\\/de\\\/\"},{\"@type\":\"ListItem\",\"position\":2,\"name\":\"Tienda\",\"item\":\"https:\\\/\\\/masterchem.es\\\/tienda\\\/\"},{\"@type\":\"ListItem\",\"position\":3,\"name\":\"Natriummolybdat (CAS 7631-95-0)\"}]},{\"@type\":\"WebSite\",\"@id\":\"https:\\\/\\\/masterchem.es\\\/de\\\/#website\",\"url\":\"https:\\\/\\\/masterchem.es\\\/de\\\/\",\"name\":\"MasterChem\",\"description\":\"proveedor de productos qu&iacute;micos\",\"potentialAction\":[{\"@type\":\"SearchAction\",\"target\":{\"@type\":\"EntryPoint\",\"urlTemplate\":\"https:\\\/\\\/masterchem.es\\\/de\\\/?s={search_term_string}\"},\"query-input\":{\"@type\":\"PropertyValueSpecification\",\"valueRequired\":true,\"valueName\":\"search_term_string\"}}],\"inLanguage\":\"de-DE\"}]}<\/script>\n<!-- \/ Yoast SEO plugin. -->","yoast_head_json":{"title":"Natriummolybdat (CAS 7631-95-0) - MasterChem","description":"Natriummolybdat, Na2MoO4, ist als Molybd\u00e4nquelle n\u00fctzlich. Dieses wei\u00dfe, kristalline Salz wird oft als Dihydrat Na2MoO4\u00b72H2O gefunden.","robots":{"index":"index","follow":"follow","max-snippet":"max-snippet:-1","max-image-preview":"max-image-preview:large","max-video-preview":"max-video-preview:-1"},"canonical":"https:\/\/masterchem.es\/de\/produkt\/kupfersulfat-pentahydrat-cas-7758-99-8-copia\/","og_locale":"de_DE","og_type":"article","og_title":"Natriummolybdat (CAS 7631-95-0) - MasterChem","og_description":"Natriummolybdat, Na2MoO4, ist als Molybd\u00e4nquelle n\u00fctzlich. Dieses wei\u00dfe, kristalline Salz wird oft als Dihydrat Na2MoO4\u00b72H2O gefunden.","og_url":"https:\/\/masterchem.es\/de\/produkt\/kupfersulfat-pentahydrat-cas-7758-99-8-copia\/","og_site_name":"MasterChem","article_modified_time":"2024-03-07T18:24:59+00:00","og_image":[{"width":1000,"height":1000,"url":"https:\/\/masterchem.es\/wp-content\/uploads\/2024\/03\/Naatriummolubdaat-25kg-MasterChem-1.jpg","type":"image\/jpeg"}],"twitter_card":"summary_large_image","schema":{"@context":"https:\/\/schema.org","@graph":[{"@type":"WebPage","@id":"https:\/\/masterchem.es\/de\/produkt\/kupfersulfat-pentahydrat-cas-7758-99-8-copia\/","url":"https:\/\/masterchem.es\/de\/produkt\/kupfersulfat-pentahydrat-cas-7758-99-8-copia\/","name":"Natriummolybdat (CAS 7631-95-0) - MasterChem","isPartOf":{"@id":"https:\/\/masterchem.es\/de\/#website"},"primaryImageOfPage":{"@id":"https:\/\/masterchem.es\/de\/produkt\/kupfersulfat-pentahydrat-cas-7758-99-8-copia\/#primaryimage"},"image":{"@id":"https:\/\/masterchem.es\/de\/produkt\/kupfersulfat-pentahydrat-cas-7758-99-8-copia\/#primaryimage"},"thumbnailUrl":"https:\/\/masterchem.es\/wp-content\/uploads\/2024\/03\/Naatriummolubdaat-25kg-MasterChem-1.jpg","datePublished":"2024-03-07T18:20:12+00:00","dateModified":"2024-03-07T18:24:59+00:00","description":"Natriummolybdat, Na2MoO4, ist als Molybd\u00e4nquelle n\u00fctzlich. Dieses wei\u00dfe, kristalline Salz wird oft als Dihydrat Na2MoO4\u00b72H2O gefunden.","breadcrumb":{"@id":"https:\/\/masterchem.es\/de\/produkt\/kupfersulfat-pentahydrat-cas-7758-99-8-copia\/#breadcrumb"},"inLanguage":"de-DE","potentialAction":[{"@type":"ReadAction","target":["https:\/\/masterchem.es\/de\/produkt\/kupfersulfat-pentahydrat-cas-7758-99-8-copia\/"]}]},{"@type":"ImageObject","inLanguage":"de-DE","@id":"https:\/\/masterchem.es\/de\/produkt\/kupfersulfat-pentahydrat-cas-7758-99-8-copia\/#primaryimage","url":"https:\/\/masterchem.es\/wp-content\/uploads\/2024\/03\/Naatriummolubdaat-25kg-MasterChem-1.jpg","contentUrl":"https:\/\/masterchem.es\/wp-content\/uploads\/2024\/03\/Naatriummolubdaat-25kg-MasterChem-1.jpg","width":1000,"height":1000,"caption":"Natriummolybdat (CAS 7631-95-0) 25kg-MasterChem-1"},{"@type":"BreadcrumbList","@id":"https:\/\/masterchem.es\/de\/produkt\/kupfersulfat-pentahydrat-cas-7758-99-8-copia\/#breadcrumb","itemListElement":[{"@type":"ListItem","position":1,"name":"Home","item":"https:\/\/masterchem.es\/de\/"},{"@type":"ListItem","position":2,"name":"Tienda","item":"https:\/\/masterchem.es\/tienda\/"},{"@type":"ListItem","position":3,"name":"Natriummolybdat (CAS 7631-95-0)"}]},{"@type":"WebSite","@id":"https:\/\/masterchem.es\/de\/#website","url":"https:\/\/masterchem.es\/de\/","name":"MasterChem","description":"proveedor de productos qu&iacute;micos","potentialAction":[{"@type":"SearchAction","target":{"@type":"EntryPoint","urlTemplate":"https:\/\/masterchem.es\/de\/?s={search_term_string}"},"query-input":{"@type":"PropertyValueSpecification","valueRequired":true,"valueName":"search_term_string"}}],"inLanguage":"de-DE"}]}},"_links":{"self":[{"href":"https:\/\/masterchem.es\/de\/wp-json\/wp\/v2\/product\/6227","targetHints":{"allow":["GET"]}}],"collection":[{"href":"https:\/\/masterchem.es\/de\/wp-json\/wp\/v2\/product"}],"about":[{"href":"https:\/\/masterchem.es\/de\/wp-json\/wp\/v2\/types\/product"}],"wp:featuredmedia":[{"embeddable":true,"href":"https:\/\/masterchem.es\/de\/wp-json\/wp\/v2\/media\/6232"}],"wp:attachment":[{"href":"https:\/\/masterchem.es\/de\/wp-json\/wp\/v2\/media?parent=6227"}],"wp:term":[{"taxonomy":"product_brand","embeddable":true,"href":"https:\/\/masterchem.es\/de\/wp-json\/wp\/v2\/product_brand?post=6227"},{"taxonomy":"product_cat","embeddable":true,"href":"https:\/\/masterchem.es\/de\/wp-json\/wp\/v2\/product_cat?post=6227"},{"taxonomy":"product_tag","embeddable":true,"href":"https:\/\/masterchem.es\/de\/wp-json\/wp\/v2\/product_tag?post=6227"}],"curies":[{"name":"wp","href":"https:\/\/api.w.org\/{rel}","templated":true}]}}